{"id":41345,"date":"2025-10-13T10:27:05","date_gmt":"2025-10-13T08:27:05","guid":{"rendered":"https:\/\/www.striped-giraffe.com\/download-ecc-club-studie-channel-magie-copy\/"},"modified":"2025-10-13T16:55:14","modified_gmt":"2025-10-13T14:55:14","slug":"download-ecc-club-studie-social-assisted-agentic","status":"publish","type":"page","link":"https:\/\/www.striped-giraffe.com\/de\/download-ecc-club-studie-social-assisted-agentic\/","title":{"rendered":"Download ECC Club Studie \u201eSocial, assisted, agentic&#8220;"},"content":{"rendered":"<section class=\"wpb-content-wrapper\"><p>[vc_row full_width=&#8220;stretch_row&#8220; full_height=&#8220;yes&#8220; columns_placement=&#8220;bottom&#8220; bg_type=&#8220;image&#8220; parallax_style=&#8220;vcpb-default&#8220; bg_image_new=&#8220;id^41350|url^https:\/\/www.striped-giraffe.com\/wp-content\/uploads\/2025\/10\/Header_ECCCLUBStudie2025_SocialAssistedAgentic-KeyInsights_Cover-1.jpg|caption^ECC Studie 2025<br \/>\nSocial, assisted, agentic|alt^ECC Studie 2025<br \/>\nSocial, assisted, agentic|title^Header_ECCCLUBStudie2025_SocialAssistedAgentic-KeyInsights_Cover|description^ECC Studie 2025<br \/>\nSocial, assisted, agentic&#8220; css=&#8220;.vc_custom_1760349252704{margin-bottom: 50px !important;margin-left: 50px !important;padding-bottom: 50px !important;background-position: center !important;background-repeat: no-repeat !important;background-size: cover !important;}&#8220;][vc_column][vc_column_text][\/vc_column_text][\/vc_column][\/vc_row][vc_row gap=&#8220;35&#8243; css=&#8220;.vc_custom_1760349856490{margin-bottom: 100px !important;}&#8220;][vc_column width=&#8220;2\/3&#8243;][vc_btn title=&#8220;Download&#8220; color=&#8220;inverse&#8220; link=&#8220;url:%23downloadsectionstudie2&#8243;][vc_empty_space height=&#8220;100px&#8220;][vc_column_text]<\/p>\n<h2 class=\"headline_introduction\" data-start=\"187\" data-end=\"257\">Die Neuformierung des E-Commerce:<br \/>\nSocial. Assisted. Agentic.<\/h2>\n<p data-start=\"258\" data-end=\"564\">E-Commerce steht vor seinem gr\u00f6\u00dften Paradigmenwechsel seit der Einf\u00fchrung des Onlinehandels: Empfehlungen entstehen nicht mehr nur in sozialen Feeds, K\u00e4ufe werden nicht mehr allein durch klassische Shops gesteuert \u2013 sondern zunehmend durch <strong data-start=\"498\" data-end=\"561\">KI-gest\u00fctzte Interaktionen und automatisierte Transaktionen<\/strong>.<\/p>\n<p data-start=\"566\" data-end=\"817\">Die aktuelle Studie von <a href=\"https:\/\/www.ifhkoeln.de\/ecc-koeln\/\"><span class=\"hover:entity-accent entity-underline inline cursor-pointer align-baseline\"><span class=\"whitespace-normal\">ECC K\u00d6LN<\/span><\/span><\/a> zeigt, wie sich Social Commerce, Assisted Commerce und Agentic Commerce zu einem neuen \u00d6kosystem verweben \u2013 und wie H\u00e4ndler, Plattformen und Marken ihre Rolle darin neu definieren m\u00fcssen.<\/p>\n<p>[\/vc_column_text][\/vc_column][vc_column width=&#8220;1\/3&#8243; css=&#8220;.vc_custom_1677600860336{margin-left: 30px !important;}&#8220;][\/vc_column][\/vc_row][vc_row full_width=&#8220;stretch_row&#8220; gap=&#8220;35&#8243; bg_type=&#8220;bg_color&#8220; css=&#8220;.vc_custom_1760367312491{margin-bottom: 100px !important;margin-left: 50px !important;padding-top: 50px !important;padding-bottom: 50px !important;}&#8220; bg_color_value=&#8220;#000000&#8243;][vc_column width=&#8220;2\/3&#8243;][vc_column_text]<\/p>\n<h2 class=\"headline_introduction\" data-start=\"649\" data-end=\"680\"><span style=\"color: #ffffff;\">Key Insights der Studie<\/span><\/h2>\n<ul data-start=\"682\" data-end=\"1585\">\n<li data-start=\"682\" data-end=\"907\">\n<p data-start=\"684\" data-end=\"907\"><span style=\"color: #ffffff;\"><strong data-start=\"684\" data-end=\"725\">Social Commerce ist l\u00e4ngst Mainstream<\/strong><\/span><br data-start=\"725\" data-end=\"728\" \/><span style=\"color: #ffffff;\">41 % der Konsumenten lassen sich heute bereits \u00fcber Social Media inspirieren. Plattformen wie TikTok, Instagram &amp; Co. sind nicht mehr nur Touchpoints, sondern Umsatztreiber.<\/span><\/p>\n<\/li>\n<li data-start=\"909\" data-end=\"1166\">\n<p data-start=\"911\" data-end=\"1166\"><span style=\"color: #ffffff;\"><strong data-start=\"911\" data-end=\"952\">KI ver\u00e4ndert die Produktsuche radikal<\/strong><\/span><br data-start=\"952\" data-end=\"955\" \/><span style=\"color: #ffffff;\">31 % nutzen bereits KI-Chatbots wie <span class=\"hover:entity-accent entity-underline inline cursor-pointer align-baseline\"><span class=\"whitespace-normal\">ChatGPT<\/span><\/span> oder <span class=\"hover:entity-accent entity-underline inline cursor-pointer align-baseline\"><span class=\"whitespace-normal\">Google Gemini<\/span><\/span> zur Produktsuche \u2013 Tendenz steigend. Die Suche verlagert sich aus dem Shop in Dialogsysteme.<\/span><\/p>\n<\/li>\n<li data-start=\"1168\" data-end=\"1366\">\n<p data-start=\"1170\" data-end=\"1366\"><span style=\"color: #ffffff;\"><strong data-start=\"1170\" data-end=\"1205\">Agenten \u00fcbernehmen den Checkout<\/strong><\/span><br data-start=\"1205\" data-end=\"1208\" \/><span style=\"color: #ffffff;\">61 % k\u00f6nnen sich vorstellen, k\u00fcnftig KI-Shopping-Agenten einzusetzen. Preisoptimierung, Produktempfehlungen und Komfort sind die Treiber dieser Entwicklung.<\/span><\/p>\n<\/li>\n<li data-start=\"1368\" data-end=\"1585\">\n<p data-start=\"1370\" data-end=\"1585\"><span style=\"color: #ffffff;\"><strong data-start=\"1370\" data-end=\"1414\">Relevanz entsteht nicht mehr im Frontend<\/strong><\/span><br data-start=\"1414\" data-end=\"1417\" \/><span style=\"color: #ffffff;\">Sichtbarkeit wird k\u00fcnftig durch strukturierte Daten, KI-kompatible Feeds und intelligente Content-Strategien entschieden \u2013 nicht allein durch ein sch\u00f6nes Shop-Design.<\/span><\/p>\n<\/li>\n<\/ul>\n<p>[\/vc_column_text][\/vc_column][vc_column width=&#8220;1\/3&#8243; css=&#8220;.vc_custom_1677600860336{margin-left: 30px !important;}&#8220;][\/vc_column][\/vc_row][vc_row gap=&#8220;35&#8243; css=&#8220;.vc_custom_1760350477313{margin-bottom: 100px !important;}&#8220;][vc_column width=&#8220;2\/3&#8243;][vc_column_text]<\/p>\n<h2 class=\"headline_introduction\" data-start=\"1592\" data-end=\"1634\">Warum Sie die Studie lesen sollten<\/h2>\n<ul data-start=\"1636\" data-end=\"2078\">\n<li data-start=\"1636\" data-end=\"1741\">\n<p data-start=\"1638\" data-end=\"1741\">Erfahren Sie, <strong data-start=\"1652\" data-end=\"1706\">welche Rolle Social, Assisted und Agentic Commerce<\/strong> in den kommenden Jahren spielen.<\/p>\n<\/li>\n<li data-start=\"1742\" data-end=\"1844\">\n<p data-start=\"1744\" data-end=\"1844\">Erkennen Sie, wie <strong data-start=\"1762\" data-end=\"1841\">Konsumenten schon heute KI aktiv in ihre Kaufentscheidungen einbeziehen<\/strong>.<\/p>\n<\/li>\n<li data-start=\"1845\" data-end=\"1974\">\n<p data-start=\"1847\" data-end=\"1974\">Lernen Sie, welche <strong data-start=\"1866\" data-end=\"1893\">strategischen Ma\u00dfnahmen<\/strong> H\u00e4ndler und Marken jetzt ergreifen m\u00fcssen, um auch morgen sichtbar zu bleiben.<\/p>\n<\/li>\n<li data-start=\"1975\" data-end=\"2078\">\n<p data-start=\"1977\" data-end=\"2078\">Profitieren Sie von <strong data-start=\"1997\" data-end=\"2061\">Marktdaten, Experteneinsch\u00e4tzungen und Handlungsempfehlungen<\/strong> f\u00fcr B2C und B2B.<\/p>\n<\/li>\n<\/ul>\n<p data-start=\"1107\" data-end=\"1181\">\ud83d\udc49 <strong data-start=\"1110\" data-end=\"1181\">Jetzt lesen und verstehen, wie sich E-Commerce 2025 neu ordnet.<\/strong><\/p>\n<p>[\/vc_column_text][\/vc_column][vc_column width=&#8220;1\/3&#8243; css=&#8220;.vc_custom_1677600860336{margin-left: 30px !important;}&#8220;][\/vc_column][\/vc_row][vc_row el_id=&#8220;downloadsectionstudie2&#8243; css=&#8220;.vc_custom_1681714053344{margin-bottom: 50px !important;}&#8220;][vc_column][\/vc_column][\/vc_row][vc_row gap=&#8220;35&#8243; css=&#8220;.vc_custom_1724317649240{margin-bottom: 100px !important;}&#8220; el_id=&#8220;downloadsection&#8220;][vc_column width=&#8220;2\/3&#8243;][vc_column_text]<\/p>\n<h2 class=\"headline_superbig\">Download<\/h2>\n<p>[\/vc_column_text][vc_empty_space height=&#8220;50&#8243;][vc_column_text]Laden Sie sich die ECC CLUB-Studie &#8222;Social, Assisted, Agentic&#8220; mit Key-Insights kostenlos herunter.[\/vc_column_text][vc_empty_space][vc_column_text]<div class='_form_169'><\/div><script type='text\/javascript' src='https:\/\/striped-giraffe.activehosted.com\/f\/embed.php?static=0&id=169&69F734D65B9A5&nostyles=0&preview=0'><\/script>[\/vc_column_text][\/vc_column][vc_column width=&#8220;1\/3&#8243;][vc_single_image image=&#8220;41378&#8243; img_size=&#8220;full&#8220; alignment=&#8220;center&#8220;][\/vc_column][\/vc_row][vc_row full_width=&#8220;stretch_row&#8220; css=&#8220;.vc_custom_1706114273644{margin-top: 100px !important;margin-bottom: 50px !important;}&#8220;][vc_column][vc_row_inner][vc_column_inner width=&#8220;1\/3&#8243;][vc_column_text]<\/p>\n<h2>Let&#8217;s talk<\/h2>\n<p>[\/vc_column_text][\/vc_column_inner][\/vc_row_inner][\/vc_column][\/vc_row][vc_row css=&#8220;.vc_custom_1715164959042{margin-bottom: 100px !important;}&#8220;][vc_column width=&#8220;2\/3&#8243;][vc_column_text]<\/p>\n<h3>Brauchen Sie dar\u00fcber hinaus ein <strong>konkretes Angebot<\/strong> oder suchen Sie einen <strong>Sparringspartner<\/strong>, mit dem sie Ideen diskutieren und entwickeln k\u00f6nnen?<\/h3>\n<h3>Dann melden Sie sich:<\/h3>\n<ul>\n<li><a href=\"mailto:experts@striped-giraffe.com\">experts@striped-giraffe.com<\/a><\/li>\n<li><span style=\"color: #ef6c00;\">+49 (0)89-416 126-667<\/span><\/li>\n<\/ul>\n<p>[\/vc_column_text]<a class=\"calendly\" href=\"\" onclick=\"Calendly.initPopupWidget({url: 'https:\/\/calendly.com\/striped-giraffe\/30min'});return false;\">Termin vereinbaren<\/a>[vc_column_text css=&#8220;.vc_custom_1705936147633{margin-top: 32px !important;}&#8220;]<\/p>\n<h3>Wir unterst\u00fctzen Sie gerne.<\/h3>\n<p>[\/vc_column_text][\/vc_column][vc_column width=&#8220;1\/3&#8243;][\/vc_column][\/vc_row][vc_row full_width=&#8220;stretch_row&#8220; bg_type=&#8220;bg_color&#8220; bg_color_value=&#8220;#000000&#8243;][vc_column][vc_row_inner][vc_column_inner][vc_column_text css=&#8220;.vc_custom_1651048105246{margin-top: 100px !important;}&#8220;]<\/p>\n<h2 class=\"headline_introduction\"><span style=\"color: #ffffff;\">Weitere Insights<\/span><\/h2>\n<p>[\/vc_column_text][\/vc_column_inner][\/vc_row_inner][\/vc_column][\/vc_row][vc_row full_width=&#8220;stretch_row&#8220; gap=&#8220;35&#8243; bg_type=&#8220;bg_color&#8220; css=&#8220;.vc_custom_1609934688295{margin-top: 0px !important;margin-bottom: 0px !important;padding-top: 100px !important;padding-bottom: 100px !important;}&#8220; bg_color_value=&#8220;#000000&#8243;][vc_column][vc_row_inner][vc_column_inner width=&#8220;1\/3&#8243; css=&#8220;.vc_custom_1610013762619{padding-right: 25px !important;}&#8220;][vc_column_text]<\/p>\n<h2><span style=\"color: #ef6c00;\">Wir schaffen Mehrwerte<\/span> <span style=\"color: #ffffff;\">f\u00fcr unsere Kunden.<\/span><\/h2>\n<p><span style=\"color: #ffffff;\">Das f\u00fchrt zu einer langj\u00e4hrigen Zusammenarbeit mit unseren Kunden, die wir sehr sch\u00e4tzen. Noch mehr E-Books, Case Studies und co. finden Sie in unseren <a href=\"https:\/\/www.striped-giraffe.com\/insights\/\">Insights<\/a>.<\/span>[\/vc_column_text][\/vc_column_inner][vc_column_inner width=&#8220;1\/3&#8243;]<div class=\"templatera_shortcode\"><div class=\"vc_row wpb_row vc_row-fluid\"><div class=\"wpb_column vc_column_container vc_col-sm-12\"><div class=\"vc_column-inner\"><div class=\"wpb_wrapper\"><div id='' class='teaserbox  overlay'><div class='teaserbox_inner'><div class='teaserheadline'><h3 style='text-transform:uppercase;color:#ef6c00;font-family:DinWebPro Bold;'>Neues E-Book<\/h3><h2 style='text-transform:none;color:#ffffff;'>ESG - Es ist unsere Verantwortung<\/h2><\/div><div class='teasertext'><div class='wpb_wrapper'>Alles, was Sie jetzt \u00fcber ESG (Environmental, Social and Corporate Governance) wissen m\u00fcssen und wie Sie Ihrer Verantwortung entsprechen k\u00f6nnen.<\/div><\/div><div class='teaserlink'><a href='https:\/\/www.striped-giraffe.com\/de\/esg-ebook\/' style='color:#ffffff;'>Download<\/a><\/div><div class='wpb_single_image desktop_only'><img src='https:\/\/www.striped-giraffe.com\/wp-content\/uploads\/2024\/04\/E-book_ESG.jpg' \/><\/div><div class='wpb_single_image mobile_only'><img src='https:\/\/www.striped-giraffe.com\/wp-content\/uploads\/2024\/04\/E-book_ESG-600x700.jpg' \/><\/div><\/div><\/div><\/div><\/div><\/div><\/div><\/div>[\/vc_column_inner][vc_column_inner width=&#8220;1\/3&#8243;]<div class=\"templatera_shortcode\"><div class=\"vc_row wpb_row vc_row-fluid\"><div class=\"wpb_column vc_column_container vc_col-sm-12\"><div class=\"vc_column-inner\"><div class=\"wpb_wrapper\"><div id='' class='teaserbox  overlay'><div class='teaserbox_inner'><div class='teaserheadline'><h2 style='color:#ef6c00;font-family:DinWebPro Bold;'>B2B Commerce<\/h2><h3 style='color:#ffffff;'>Mehr als nur ein Onlineshop<\/h3><\/div><div class='teasertext'><div class='wpb_wrapper'>Um die Erwartungen der Gesch\u00e4ftskunden zu erf\u00fcllen, m\u00fcssen B2B-Plattformen eine Vielzahl von Funktionen und M\u00f6glichkeiten bieten, die in B2C-Onlineshops nicht zu finden sind.<\/div><\/div><div class='teaserlink'><a href='https:\/\/www.striped-giraffe.com\/de\/ebook-b2b-commerce\/' style='color:#ffffff;'>Download<\/a><\/div><div class='wpb_single_image desktop_only'><img src='https:\/\/www.striped-giraffe.com\/wp-content\/uploads\/2022\/03\/Teaser_E-Book_B2B-Commerce.jpg' \/><\/div><div class='wpb_single_image mobile_only'><img src='https:\/\/www.striped-giraffe.com\/wp-content\/uploads\/2022\/03\/Teaser_E-Book_B2B-Commerce-600x700.jpg' \/><\/div><\/div><\/div><\/div><\/div><\/div><\/div><\/div>[\/vc_column_inner][\/vc_row_inner][\/vc_column][\/vc_row]<\/p>\n<\/section>","protected":false},"excerpt":{"rendered":"Download Die Neuformierung des E-Commerce: Social. Assisted. Agentic. E-Commerce steht vor seinem gr\u00f6\u00dften Paradigmenwechsel seit der Einf\u00fchrung des Onlinehandels: Empfehlungen [...]","protected":false},"author":2,"featured_media":41378,"parent":0,"menu_order":0,"comment_status":"closed","ping_status":"closed","template":"page-sidebar.php","meta":{"footnotes":""},"acf":[],"yoast_head":"<!-- This site is optimized with the Yoast SEO Premium plugin v20.5 (Yoast SEO v20.5) - https:\/\/yoast.com\/wordpress\/plugins\/seo\/ -->\n<title>ECC CLUB-Studie \u00fcber die Neuformierung des E-Commerce<\/title>\n<meta name=\"description\" content=\"Neue ECC CLUB-Studie &quot;SOCIAL ASSISTED AGENTIC&quot; beleuchtet die neue \u00c4ra des E-Commerce, in der soziale Medien und KI eine entscheidende Rolle spielen.\" \/>\n<meta name=\"robots\" content=\"index, follow, max-snippet:-1, max-image-preview:large, max-video-preview:-1\" \/>\n<link rel=\"canonical\" href=\"https:\/\/www.striped-giraffe.com\/de\/download-ecc-club-studie-social-assisted-agentic\/\" \/>\n<meta property=\"og:locale\" content=\"de_DE\" \/>\n<meta property=\"og:type\" content=\"article\" \/>\n<meta property=\"og:title\" content=\"Download ECC Club Studie \u201eSocial, assisted, agentic&quot;\" \/>\n<meta property=\"og:description\" content=\"Neue ECC CLUB-Studie &quot;SOCIAL ASSISTED AGENTIC&quot; beleuchtet die neue \u00c4ra des E-Commerce, in der soziale Medien und KI eine entscheidende Rolle spielen.\" \/>\n<meta property=\"og:url\" content=\"https:\/\/www.striped-giraffe.com\/de\/download-ecc-club-studie-social-assisted-agentic\/\" \/>\n<meta property=\"og:site_name\" content=\"Striped Giraffe\" \/>\n<meta property=\"article:modified_time\" content=\"2025-10-13T14:55:14+00:00\" \/>\n<meta property=\"og:image\" content=\"https:\/\/www.striped-giraffe.com\/wp-content\/uploads\/2025\/10\/ecc-club-studie-2025-social-assisted-agentic-ebook-cover.jpg\" \/>\n\t<meta property=\"og:image:width\" content=\"1200\" \/>\n\t<meta property=\"og:image:height\" content=\"930\" \/>\n\t<meta property=\"og:image:type\" content=\"image\/jpeg\" \/>\n<meta name=\"twitter:card\" content=\"summary_large_image\" \/>\n<meta name=\"twitter:label1\" content=\"Gesch\u00e4tzte Lesezeit\" \/>\n\t<meta name=\"twitter:data1\" content=\"3\u00a0Minuten\" \/>\n<script type=\"application\/ld+json\" class=\"yoast-schema-graph\">{\"@context\":\"https:\/\/schema.org\",\"@graph\":[{\"@type\":\"WebPage\",\"@id\":\"https:\/\/www.striped-giraffe.com\/de\/download-ecc-club-studie-social-assisted-agentic\/\",\"url\":\"https:\/\/www.striped-giraffe.com\/de\/download-ecc-club-studie-social-assisted-agentic\/\",\"name\":\"ECC CLUB-Studie \u00fcber die Neuformierung des E-Commerce\",\"isPartOf\":{\"@id\":\"https:\/\/www.striped-giraffe.com\/de\/#website\"},\"datePublished\":\"2025-10-13T08:27:05+00:00\",\"dateModified\":\"2025-10-13T14:55:14+00:00\",\"description\":\"Neue ECC CLUB-Studie \\\"SOCIAL ASSISTED AGENTIC\\\" beleuchtet die neue \u00c4ra des E-Commerce, in der soziale Medien und KI eine entscheidende Rolle spielen.\",\"inLanguage\":\"de\",\"potentialAction\":[{\"@type\":\"ReadAction\",\"target\":[\"https:\/\/www.striped-giraffe.com\/de\/download-ecc-club-studie-social-assisted-agentic\/\"]}]},{\"@type\":\"WebSite\",\"@id\":\"https:\/\/www.striped-giraffe.com\/de\/#website\",\"url\":\"https:\/\/www.striped-giraffe.com\/de\/\",\"name\":\"Striped Giraffe\",\"description\":\"Ihr zuverl\u00e4ssiger Anbieter f\u00fcr digitale Enterprise-L\u00f6sungen\",\"publisher\":{\"@id\":\"https:\/\/www.striped-giraffe.com\/de\/#organization\"},\"potentialAction\":[{\"@type\":\"SearchAction\",\"target\":{\"@type\":\"EntryPoint\",\"urlTemplate\":\"https:\/\/www.striped-giraffe.com\/de\/?s={search_term_string}\"},\"query-input\":\"required name=search_term_string\"}],\"inLanguage\":\"de\"},{\"@type\":\"Organization\",\"@id\":\"https:\/\/www.striped-giraffe.com\/de\/#organization\",\"name\":\"Striped Giraffe\",\"url\":\"https:\/\/www.striped-giraffe.com\/de\/\",\"logo\":{\"@type\":\"ImageObject\",\"inLanguage\":\"de\",\"@id\":\"https:\/\/www.striped-giraffe.com\/de\/#\/schema\/logo\/image\/\",\"url\":\"https:\/\/www.striped-giraffe.com\/wp-content\/uploads\/2021\/01\/giraffe_white.svg\",\"contentUrl\":\"https:\/\/www.striped-giraffe.com\/wp-content\/uploads\/2021\/01\/giraffe_white.svg\",\"caption\":\"Striped Giraffe\"},\"image\":{\"@id\":\"https:\/\/www.striped-giraffe.com\/de\/#\/schema\/logo\/image\/\"}}]}<\/script>\n<!-- \/ Yoast SEO Premium plugin. -->","yoast_head_json":{"title":"ECC CLUB-Studie \u00fcber die Neuformierung des E-Commerce","description":"Neue ECC CLUB-Studie \"SOCIAL ASSISTED AGENTIC\" beleuchtet die neue \u00c4ra des E-Commerce, in der soziale Medien und KI eine entscheidende Rolle spielen.","robots":{"index":"index","follow":"follow","max-snippet":"max-snippet:-1","max-image-preview":"max-image-preview:large","max-video-preview":"max-video-preview:-1"},"canonical":"https:\/\/www.striped-giraffe.com\/de\/download-ecc-club-studie-social-assisted-agentic\/","og_locale":"de_DE","og_type":"article","og_title":"Download ECC Club Studie \u201eSocial, assisted, agentic\"","og_description":"Neue ECC CLUB-Studie \"SOCIAL ASSISTED AGENTIC\" beleuchtet die neue \u00c4ra des E-Commerce, in der soziale Medien und KI eine entscheidende Rolle spielen.","og_url":"https:\/\/www.striped-giraffe.com\/de\/download-ecc-club-studie-social-assisted-agentic\/","og_site_name":"Striped Giraffe","article_modified_time":"2025-10-13T14:55:14+00:00","og_image":[{"width":1200,"height":930,"url":"https:\/\/www.striped-giraffe.com\/wp-content\/uploads\/2025\/10\/ecc-club-studie-2025-social-assisted-agentic-ebook-cover.jpg","type":"image\/jpeg"}],"twitter_card":"summary_large_image","twitter_misc":{"Gesch\u00e4tzte Lesezeit":"3\u00a0Minuten"},"schema":{"@context":"https:\/\/schema.org","@graph":[{"@type":"WebPage","@id":"https:\/\/www.striped-giraffe.com\/de\/download-ecc-club-studie-social-assisted-agentic\/","url":"https:\/\/www.striped-giraffe.com\/de\/download-ecc-club-studie-social-assisted-agentic\/","name":"ECC CLUB-Studie \u00fcber die Neuformierung des E-Commerce","isPartOf":{"@id":"https:\/\/www.striped-giraffe.com\/de\/#website"},"datePublished":"2025-10-13T08:27:05+00:00","dateModified":"2025-10-13T14:55:14+00:00","description":"Neue ECC CLUB-Studie \"SOCIAL ASSISTED AGENTIC\" beleuchtet die neue \u00c4ra des E-Commerce, in der soziale Medien und KI eine entscheidende Rolle spielen.","inLanguage":"de","potentialAction":[{"@type":"ReadAction","target":["https:\/\/www.striped-giraffe.com\/de\/download-ecc-club-studie-social-assisted-agentic\/"]}]},{"@type":"WebSite","@id":"https:\/\/www.striped-giraffe.com\/de\/#website","url":"https:\/\/www.striped-giraffe.com\/de\/","name":"Striped Giraffe","description":"Ihr zuverl\u00e4ssiger Anbieter f\u00fcr digitale Enterprise-L\u00f6sungen","publisher":{"@id":"https:\/\/www.striped-giraffe.com\/de\/#organization"},"potentialAction":[{"@type":"SearchAction","target":{"@type":"EntryPoint","urlTemplate":"https:\/\/www.striped-giraffe.com\/de\/?s={search_term_string}"},"query-input":"required name=search_term_string"}],"inLanguage":"de"},{"@type":"Organization","@id":"https:\/\/www.striped-giraffe.com\/de\/#organization","name":"Striped Giraffe","url":"https:\/\/www.striped-giraffe.com\/de\/","logo":{"@type":"ImageObject","inLanguage":"de","@id":"https:\/\/www.striped-giraffe.com\/de\/#\/schema\/logo\/image\/","url":"https:\/\/www.striped-giraffe.com\/wp-content\/uploads\/2021\/01\/giraffe_white.svg","contentUrl":"https:\/\/www.striped-giraffe.com\/wp-content\/uploads\/2021\/01\/giraffe_white.svg","caption":"Striped Giraffe"},"image":{"@id":"https:\/\/www.striped-giraffe.com\/de\/#\/schema\/logo\/image\/"}}]}},"_links":{"self":[{"href":"https:\/\/www.striped-giraffe.com\/de\/wp-json\/wp\/v2\/pages\/41345"}],"collection":[{"href":"https:\/\/www.striped-giraffe.com\/de\/wp-json\/wp\/v2\/pages"}],"about":[{"href":"https:\/\/www.striped-giraffe.com\/de\/wp-json\/wp\/v2\/types\/page"}],"author":[{"embeddable":true,"href":"https:\/\/www.striped-giraffe.com\/de\/wp-json\/wp\/v2\/users\/2"}],"replies":[{"embeddable":true,"href":"https:\/\/www.striped-giraffe.com\/de\/wp-json\/wp\/v2\/comments?post=41345"}],"version-history":[{"count":29,"href":"https:\/\/www.striped-giraffe.com\/de\/wp-json\/wp\/v2\/pages\/41345\/revisions"}],"predecessor-version":[{"id":41346,"href":"https:\/\/www.striped-giraffe.com\/de\/wp-json\/wp\/v2\/pages\/41345\/revisions\/41346"}],"wp:featuredmedia":[{"embeddable":true,"href":"https:\/\/www.striped-giraffe.com\/de\/wp-json\/wp\/v2\/media\/41378"}],"wp:attachment":[{"href":"https:\/\/www.striped-giraffe.com\/de\/wp-json\/wp\/v2\/media?parent=41345"}],"curies":[{"name":"wp","href":"https:\/\/api.w.org\/{rel}","templated":true}]}}