{"id":42321,"date":"2026-01-22T11:08:20","date_gmt":"2026-01-22T10:08:20","guid":{"rendered":"https:\/\/www.striped-giraffe.com\/case-study-stripe-payment-sap-copy\/"},"modified":"2026-01-26T09:24:01","modified_gmt":"2026-01-26T08:24:01","slug":"booklet-intelligente-transformation-im-finanzwesen","status":"publish","type":"page","link":"https:\/\/www.striped-giraffe.com\/de\/booklet-intelligente-transformation-im-finanzwesen\/","title":{"rendered":"Booklet: Intelligente Transformationim Finanz- und Versicherungswesen"},"content":{"rendered":"<section class=\"wpb-content-wrapper\"><p>[vc_row full_width=&#8220;stretch_row&#8220; full_height=&#8220;yes&#8220; equal_height=&#8220;yes&#8220; bg_type=&#8220;image&#8220; parallax_style=&#8220;vcpb-default&#8220; bg_image_new=&#8220;id^42325|url^https:\/\/www.striped-giraffe.com\/wp-content\/uploads\/2026\/01\/Header_Booklet_Transformation_Finance-1.jpg|caption^Intelligent Transformation in Finance &amp; Insurance|alt^Intelligent Transformation in Finance &amp; Insurance|title^Intelligent Transformation in Finance &amp; Insurance|description^Intelligent Transformation in Finance &amp; Insurance&#8220; css=&#8220;.vc_custom_1769077080861{background-position: center !important;background-repeat: no-repeat !important;background-size: cover !important;}&#8220;][vc_column][vc_row_inner][vc_column_inner][vc_column_text]<\/p>\n<h2 class=\"headline_introduction\"><span style=\"color: #ef6c00;\">Use Cases<\/span><\/h2>\n<h1><span style=\"color: #ffffff;\"><strong><span style=\"color: #ffffff;\">Intelligente Transformation<\/span><br \/>\n<span style=\"color: #ef6c00;\">im Finanz- und Versicherungswesen<\/span><\/strong><\/span><\/h1>\n<p>[\/vc_column_text][\/vc_column_inner][\/vc_row_inner][\/vc_column][\/vc_row][vc_row gap=&#8220;35&#8243; el_class=&#8220;closetotop&#8220; css=&#8220;.vc_custom_1769077673623{padding-top: 50px !important;padding-bottom: 50px !important;background-color: #ffffff !important;}&#8220;][vc_column][vc_column_text]<\/p>\n<div class=\"flex flex-col text-sm pb-25\">\n<article class=\"text-token-text-primary w-full focus:outline-none [--shadow-height:45px] has-data-writing-block:pointer-events-none has-data-writing-block:-mt-(--shadow-height) has-data-writing-block:pt-(--shadow-height) [&amp;:has([data-writing-block])&gt;*]:pointer-events-auto scroll-mt-[calc(var(--header-height)+min(200px,max(70px,20svh)))]\" dir=\"auto\" data-turn-id=\"c7d503c9-f40e-46cb-bd1d-2d4750c5e3d4\" data-testid=\"conversation-turn-60\" data-scroll-anchor=\"true\" data-turn=\"assistant\">\n<div class=\"text-base my-auto mx-auto pb-10 [--thread-content-margin:--spacing(4)] @w-sm\/main:[--thread-content-margin:--spacing(6)] @w-lg\/main:[--thread-content-margin:--spacing(16)] px-(--thread-content-margin)\">\n<div class=\"[--thread-content-max-width:40rem] @w-lg\/main:[--thread-content-max-width:48rem] mx-auto max-w-(--thread-content-max-width) flex-1 group\/turn-messages focus-visible:outline-hidden relative flex w-full min-w-0 flex-col agent-turn\">\n<div class=\"flex max-w-full flex-col grow\">\n<div class=\"min-h-8 text-message relative flex w-full flex-col items-end gap-2 text-start break-words whitespace-normal [.text-message+&amp;]:mt-1\" dir=\"auto\" data-message-author-role=\"assistant\" data-message-id=\"781aae7c-9e65-494e-b155-e43af32e9497\" data-message-model-slug=\"gpt-5-2\">\n<div class=\"flex w-full flex-col gap-1 empty:hidden first:pt-[1px]\">\n<div class=\"markdown prose dark:prose-invert w-full break-words light markdown-new-styling\">\n<h2 class=\"headline_introduction\" style=\"text-align: center;\" data-start=\"0\" data-end=\"101\"><span style=\"color: #ef6c00;\">BOOKLET:<\/span> 12 datengetriebene Use Cases f\u00fcr mehr Effizienz,<br \/>\nCompliance und Kundenzentrierung<\/h2>\n<\/div>\n<\/div>\n<\/div>\n<\/div>\n<div class=\"z-0 flex min-h-[46px] justify-start\"><\/div>\n<div class=\"mt-3 w-full empty:hidden\">\n<div class=\"text-center\"><\/div>\n<\/div>\n<\/div>\n<\/div>\n<\/article>\n<\/div>\n<div class=\"pointer-events-none h-px w-px absolute bottom-0\" aria-hidden=\"true\" data-edge=\"true\"><\/div>\n<p>[\/vc_column_text][\/vc_column][\/vc_row][vc_row gap=&#8220;35&#8243; css=&#8220;.vc_custom_1768475441682{margin-bottom: 100px !important;}&#8220;][vc_column][vc_column_text]<\/p>\n<p data-start=\"362\" data-end=\"658\">Die Finanz- und Versicherungsbranche steht unter massivem Transformationsdruck: steigende regulatorische Anforderungen, wachsende Kundenerwartungen, hohe Prozesskosten und historisch gewachsene IT-Landschaften.<\/p>\n<p data-start=\"362\" data-end=\"658\">Gleichzeitig liegt der Schl\u00fcssel zur L\u00f6sung oft bereits vor \u2013 in den eigenen Daten.<\/p>\n<p data-start=\"660\" data-end=\"939\">Dieses Booklet zeigt anhand <strong data-start=\"688\" data-end=\"728\">konkreter, praxiserprobter Use Cases<\/strong>, wie Banken und Versicherungen ihre Daten strategisch nutzen k\u00f6nnen, um Prozesse zu automatisieren, Risiken besser zu steuern und digitale Services nachhaltig zu skalieren.<\/p>\n<p>[\/vc_column_text][\/vc_column][\/vc_row][vc_row gap=&#8220;35&#8243; css=&#8220;.vc_custom_1768475441682{margin-bottom: 100px !important;}&#8220;][vc_column width=&#8220;1\/3&#8243;][vc_column_text]<\/p>\n<h2 class=\"headline_introduction\">Was Sie in diesem<br \/>\nBooklet erwartet<\/h2>\n<p>[\/vc_column_text][\/vc_column][vc_column width=&#8220;2\/3&#8243;][vc_column_text]<\/p>\n<p data-start=\"985\" data-end=\"1204\">Der Use-Case-Katalog bietet einen strukturierten \u00dcberblick \u00fcber zentrale Anwendungsf\u00e4lle entlang der gesamten Wertsch\u00f6pfung \u2013 von Compliance \u00fcber Risiko und Vertrieb bis hin zu Customer Experience und IT-Modernisierung.<\/p>\n<h3 data-start=\"1206\" data-end=\"1241\"><strong data-start=\"1206\" data-end=\"1241\">Auswahl der enthaltenen Themen:<\/strong><\/h3>\n<ul data-start=\"1243\" data-end=\"1968\">\n<li data-start=\"1243\" data-end=\"1311\">\n<p data-start=\"1245\" data-end=\"1311\">Automatisierte Vorabpr\u00fcfung von Schaden- und Leistungsanspr\u00fcchen<\/p>\n<\/li>\n<li data-start=\"1312\" data-end=\"1379\">\n<p data-start=\"1314\" data-end=\"1379\">Echtzeit-Risikobewertung auf Basis kontinuierlicher Datenstr\u00f6me<\/p>\n<\/li>\n<li data-start=\"1380\" data-end=\"1437\">\n<p data-start=\"1382\" data-end=\"1437\">Automatisierte KYC- und AML-Pr\u00fcfungen mit Audit-Trail<\/p>\n<\/li>\n<li data-start=\"1438\" data-end=\"1491\">\n<p data-start=\"1440\" data-end=\"1491\">Kunden-360\u00b0-Datenhub zur Aufl\u00f6sung von Datensilos<\/p>\n<\/li>\n<li data-start=\"1492\" data-end=\"1549\">\n<p data-start=\"1494\" data-end=\"1549\">Datengetriebenes Lead-Matching und Vertriebssteuerung<\/p>\n<\/li>\n<li data-start=\"1550\" data-end=\"1608\">\n<p data-start=\"1552\" data-end=\"1608\">Personalisierte Customer Journeys in digitalen Kan\u00e4len<\/p>\n<\/li>\n<li data-start=\"1609\" data-end=\"1651\">\n<p data-start=\"1611\" data-end=\"1651\">Data Quality &amp; Governance Dashboarding<\/p>\n<\/li>\n<li data-start=\"1652\" data-end=\"1692\">\n<p data-start=\"1654\" data-end=\"1692\">Digitale Kunden-Self-Service-Portale<\/p>\n<\/li>\n<li data-start=\"1693\" data-end=\"1750\">\n<p data-start=\"1695\" data-end=\"1750\">Automatisierte Berichterstattung an Aufsichtsbeh\u00f6rden<\/p>\n<\/li>\n<li data-start=\"1751\" data-end=\"1813\">\n<p data-start=\"1753\" data-end=\"1813\">Underwriter-Workbench f\u00fcr effiziente Entscheidungsprozesse<\/p>\n<\/li>\n<li data-start=\"1814\" data-end=\"1864\">\n<p data-start=\"1816\" data-end=\"1864\">Performance-Analysen f\u00fcr Makler und Vermittler<\/p>\n<\/li>\n<li data-start=\"1865\" data-end=\"1968\">\n<p data-start=\"1867\" data-end=\"1968\">Schrittweise Modernisierung von Altsystemen durch Microservices<\/p>\n<\/li>\n<\/ul>\n<p data-start=\"1970\" data-end=\"2206\">Jeder Use Case beschreibt nicht nur das <strong data-start=\"2010\" data-end=\"2032\">fachliche Szenario<\/strong>, sondern auch den <strong data-start=\"2051\" data-end=\"2079\">konkreten Business Value<\/strong> \u2013 von Zeit- und Kosteneinsparungen bis hin zu h\u00f6herer Datenqualit\u00e4t, besserer Compliance und skalierbaren digitalen Prozessen.<\/p>\n<p>[\/vc_column_text][\/vc_column][\/vc_row][vc_row gap=&#8220;35&#8243; css=&#8220;.vc_custom_1768475441682{margin-bottom: 100px !important;}&#8220;][vc_column width=&#8220;1\/3&#8243;][vc_column_text]<\/p>\n<h2 class=\"headline_introduction\">F\u00fcr wen ist dieses<br \/>\nBooklet gedacht<\/h2>\n<p>[\/vc_column_text][\/vc_column][vc_column width=&#8220;2\/3&#8243;][vc_column_text]<\/p>\n<p data-start=\"2253\" data-end=\"2284\">Dieses Booklet richtet sich an:<\/p>\n<ul data-start=\"2286\" data-end=\"2476\">\n<li data-start=\"2286\" data-end=\"2347\">\n<p data-start=\"2288\" data-end=\"2347\">Vorst\u00e4nde und Bereichsleiter in Banken und Versicherungen<\/p>\n<\/li>\n<li data-start=\"2348\" data-end=\"2404\">\n<p data-start=\"2350\" data-end=\"2404\">Entscheider in IT, Digitalisierung, Data &amp; Analytics<\/p>\n<\/li>\n<li data-start=\"2405\" data-end=\"2476\">\n<p data-start=\"2407\" data-end=\"2476\">Fachverantwortliche f\u00fcr Risiko, Compliance, Vertrieb und Operations<\/p>\n<\/li>\n<\/ul>\n<p data-start=\"2478\" data-end=\"2582\">Kurz: an alle, die Transformation <strong data-start=\"2512\" data-end=\"2530\">nicht abstrakt<\/strong>, sondern <strong data-start=\"2540\" data-end=\"2574\">umsetzungsnah und datenbasiert<\/strong> denken.<\/p>\n<p>[\/vc_column_text][\/vc_column][\/vc_row][vc_row gap=&#8220;35&#8243; css=&#8220;.vc_custom_1768475441682{margin-bottom: 100px !important;}&#8220;][vc_column width=&#8220;1\/3&#8243;][vc_column_text]<\/p>\n<h2 class=\"headline_introduction\">Mehr als Theorie:<br \/>\nVom Use Case zur Umsetzung<\/h2>\n<p>[\/vc_column_text][\/vc_column][vc_column width=&#8220;2\/3&#8243;][vc_column_text]<\/p>\n<p data-start=\"2253\" data-end=\"2284\">Zu jedem Use Case skizzieren wir, <strong data-start=\"2672\" data-end=\"2748\">wie eine technische und organisatorische Umsetzung konkret aussehen kann<\/strong> \u2013 von Datenpipelines und Integrationsarchitekturen \u00fcber Governance-Modelle bis hin zu skalierbaren Plattformans\u00e4tzen.<\/p>\n<p data-start=\"2253\" data-end=\"2284\">Der Fokus liegt dabei bewusst auf <strong data-start=\"2903\" data-end=\"2969\">Realismus, Anschlussf\u00e4higkeit und schrittweiser Modernisierung<\/strong> statt auf disruptiven Gro\u00dfprojekten.<\/p>\n<p>[\/vc_column_text][\/vc_column][\/vc_row][vc_row gap=&#8220;35&#8243; css=&#8220;.vc_custom_1724317649240{margin-bottom: 100px !important;}&#8220; el_id=&#8220;downloadsection&#8220;][vc_column width=&#8220;1\/3&#8243;][vc_column_text]<\/p>\n<h2 class=\"headline_superbig\">Download<\/h2>\n<p>[\/vc_column_text][vc_empty_space][vc_single_image image=&#8220;42338&#8243; img_size=&#8220;medium&#8220;][\/vc_column][vc_column width=&#8220;2\/3&#8243;][vc_column_text]Laden Sie sich das Booklet &#8222;Intelligente Transformation im Finanz- und Versicherungswesen&#8220; kostenlos herunter.[\/vc_column_text][vc_empty_space][vc_column_text]<div class='_form_182'><\/div><script type='text\/javascript' src='https:\/\/striped-giraffe.activehosted.com\/f\/embed.php?static=0&id=182&69F00ABDEF5F3&nostyles=0&preview=0'><\/script>[\/vc_column_text][\/vc_column][\/vc_row][vc_row full_width=&#8220;stretch_row&#8220; css=&#8220;.vc_custom_1706183849370{margin-top: 50px !important;margin-bottom: 50px !important;}&#8220;][vc_column][vc_row_inner][vc_column_inner width=&#8220;1\/3&#8243;][vc_column_text]<\/p>\n<h2 class=\"headline_superbig\">Let&#8217;s talk<\/h2>\n<p>[\/vc_column_text][\/vc_column_inner][vc_column_inner width=&#8220;2\/3&#8243;][vc_column_text]<\/p>\n<h3>Interessieren Sie sich f\u00fcr die Details oder ben\u00f6tigen Sie Unterst\u00fctzung f\u00fcr Ihr Payment-Projekt?<\/h3>\n<h3>Dann melden Sie sich:<\/h3>\n<ul>\n<li><a href=\"mailto:experts@striped-giraffe.com\">experts@striped-giraffe.com<\/a><\/li>\n<li><span style=\"color: #ef6c00;\">+49 (0)89-416 126-667<\/span><\/li>\n<\/ul>\n<p>[\/vc_column_text]<a class=\"calendly\" href=\"\" onclick=\"Calendly.initPopupWidget({url: 'https:\/\/calendly.com\/striped-giraffe\/30min'});return false;\">Termin vereinbaren<\/a>[vc_column_text css=&#8220;.vc_custom_1705936147633{margin-top: 32px !important;}&#8220;]<\/p>\n<h3>Wir unterst\u00fctzen Sie gerne.<\/h3>\n<p>[\/vc_column_text][\/vc_column_inner][\/vc_row_inner][\/vc_column][\/vc_row][vc_row full_width=&#8220;stretch_row&#8220; gap=&#8220;35&#8243; bg_type=&#8220;bg_color&#8220; css=&#8220;.vc_custom_1609934688295{margin-top: 0px !important;margin-bottom: 0px !important;padding-top: 100px !important;padding-bottom: 100px !important;}&#8220; bg_color_value=&#8220;#000000&#8243;][vc_column][vc_row_inner][vc_column_inner width=&#8220;1\/3&#8243; css=&#8220;.vc_custom_1610013762619{padding-right: 25px !important;}&#8220;][vc_column_text]<\/p>\n<h2><span style=\"color: #ef6c00;\">Wir schaffen Mehrwerte<\/span> <span style=\"color: #ffffff;\">f\u00fcr unsere Kunden.<\/span><\/h2>\n<p><span style=\"color: #ffffff;\">Das f\u00fchrt zu einer langj\u00e4hrigen Zusammenarbeit mit unseren Kunden, die wir sehr sch\u00e4tzen. Noch mehr E-Books, Case Studies und co. finden Sie in unseren <a href=\"https:\/\/www.striped-giraffe.com\/insights\/\">Insights<\/a>.<\/span>[\/vc_column_text][\/vc_column_inner][vc_column_inner width=&#8220;1\/3&#8243;]<div class=\"templatera_shortcode\"><div class=\"vc_row wpb_row vc_row-fluid\"><div class=\"wpb_column vc_column_container vc_col-sm-12\"><div class=\"vc_column-inner\"><div class=\"wpb_wrapper\"><div id='' class='teaserbox  overlay'><div class='teaserbox_inner'><div class='teaserheadline'><h3 style='text-transform:uppercase;color:#ef6c00;font-family:DinWebPro Bold;'>E-Book<\/h3><h2 style='text-transform:none;color:#ffffff;'>B2B Commerce - Mehr als nur ein Onlineshop<\/h2><\/div><div class='teasertext'><div class='wpb_wrapper'>Unternehmen, die Commerce nicht mehr als Shop, sondern als Wertsch\u00f6pfungsplattform begreifen, verschaffen sich strategische Vorteile: h\u00f6here Effizienz, stabilere Margen, bessere Steuerbarkeit und eine Customer Experience, die Bindung schafft.<\/div><\/div><div class='teaserlink'><a href='https:\/\/www.striped-giraffe.com\/de\/ebook-b2b-commerce\/' style='color:#ffffff;'>Zum E-Book<\/a><\/div><div class='wpb_single_image desktop_only'><img src='https:\/\/www.striped-giraffe.com\/wp-content\/uploads\/2025\/12\/B2B-Commerce-Mehr-als-nur-ein-Onlineshop-teaser-2.jpg' \/><\/div><div class='wpb_single_image mobile_only'><img src='https:\/\/www.striped-giraffe.com\/wp-content\/uploads\/2025\/12\/B2B-Commerce-Mehr-als-nur-ein-Onlineshop-teaser-2-600x700.jpg' \/><\/div><\/div><\/div><\/div><\/div><\/div><\/div><\/div>[\/vc_column_inner][vc_column_inner width=&#8220;1\/3&#8243;]<div class=\"templatera_shortcode\"><div class=\"vc_row wpb_row vc_row-fluid\"><div class=\"wpb_column vc_column_container vc_col-sm-12\"><div class=\"vc_column-inner\"><div class=\"wpb_wrapper\"><div id='' class='teaserbox  overlay'><div class='teaserbox_inner'><div class='teaserheadline'><h3 style='text-transform:uppercase;color:#ef6c00;font-family:DinWebPro Bold;'>E-Book<\/h3><h2 style='text-transform:none;color:#000000;'>Intelligente Transformation im Finanzwesen<\/h2><\/div><div class='teasertext'><div class='wpb_wrapper'>Digitalisierung ist kein Instrument zur Rationalisierung mehr, sondern ein Motor f\u00fcr neue Gesch\u00e4ftsmodelle, datenbasierte Entscheidungen und regulatorische Transparenz.<\/div><\/div><div class='teaserlink'><a href='https:\/\/www.striped-giraffe.com\/de\/e-book-intelligente-transformation-der-finanz-und-versicherungsbranche\/' style='color:#000000;'>Zum E-Book<\/a><\/div><div class='wpb_single_image desktop_only'><img src='https:\/\/www.striped-giraffe.com\/wp-content\/uploads\/2025\/12\/Teaser_e-book_Intelligente-Transformation-der-Finanz-und-Versicherungsbranche.jpg' \/><\/div><div class='wpb_single_image mobile_only'><img src='https:\/\/www.striped-giraffe.com\/wp-content\/uploads\/2025\/12\/Teaser_e-book_Intelligente-Transformation-der-Finanz-und-Versicherungsbranche-600x700.jpg' \/><\/div><\/div><\/div><\/div><\/div><\/div><\/div><\/div>[\/vc_column_inner][\/vc_row_inner][\/vc_column][\/vc_row]<\/p>\n<\/section>","protected":false},"excerpt":{"rendered":"Use Cases Intelligente Transformation im Finanz- und Versicherungswesen BOOKLET: 12 datengetriebene Use Cases f\u00fcr mehr Effizienz, Compliance und Kundenzentrierung Die [...]","protected":false},"author":2,"featured_media":42323,"parent":0,"menu_order":0,"comment_status":"closed","ping_status":"closed","template":"","meta":{"footnotes":""},"acf":[],"yoast_head":"<!-- This site is optimized with the Yoast SEO Premium plugin v20.5 (Yoast SEO v20.5) - https:\/\/yoast.com\/wordpress\/plugins\/seo\/ -->\n<title>Booklet: Intelligente Transformationim Finanz- und Versicherungswesen - Striped Giraffe<\/title>\n<meta name=\"robots\" content=\"noindex, nofollow\" \/>\n<meta property=\"og:locale\" content=\"de_DE\" \/>\n<meta property=\"og:type\" content=\"article\" \/>\n<meta property=\"og:title\" content=\"Booklet: Intelligente Transformationim Finanz- und Versicherungswesen\" \/>\n<meta property=\"og:url\" content=\"https:\/\/www.striped-giraffe.com\/de\/booklet-intelligente-transformation-im-finanzwesen\/\" \/>\n<meta property=\"og:site_name\" content=\"Striped Giraffe\" \/>\n<meta property=\"article:modified_time\" content=\"2026-01-26T08:24:01+00:00\" \/>\n<meta property=\"og:image\" content=\"https:\/\/www.striped-giraffe.com\/wp-content\/uploads\/2026\/01\/Header_Booklet_Transformation_Finance.jpg\" \/>\n\t<meta property=\"og:image:width\" content=\"1400\" \/>\n\t<meta property=\"og:image:height\" content=\"900\" \/>\n\t<meta property=\"og:image:type\" content=\"image\/jpeg\" \/>\n<meta name=\"twitter:card\" content=\"summary_large_image\" \/>\n<meta name=\"twitter:label1\" content=\"Gesch\u00e4tzte Lesezeit\" \/>\n\t<meta name=\"twitter:data1\" content=\"3\u00a0Minuten\" \/>\n<script type=\"application\/ld+json\" class=\"yoast-schema-graph\">{\"@context\":\"https:\/\/schema.org\",\"@graph\":[{\"@type\":\"WebPage\",\"@id\":\"https:\/\/www.striped-giraffe.com\/de\/booklet-intelligente-transformation-im-finanzwesen\/\",\"url\":\"https:\/\/www.striped-giraffe.com\/de\/booklet-intelligente-transformation-im-finanzwesen\/\",\"name\":\"Booklet: Intelligente Transformationim Finanz- und Versicherungswesen - Striped Giraffe\",\"isPartOf\":{\"@id\":\"https:\/\/www.striped-giraffe.com\/de\/#website\"},\"datePublished\":\"2026-01-22T10:08:20+00:00\",\"dateModified\":\"2026-01-26T08:24:01+00:00\",\"inLanguage\":\"de\",\"potentialAction\":[{\"@type\":\"ReadAction\",\"target\":[\"https:\/\/www.striped-giraffe.com\/de\/booklet-intelligente-transformation-im-finanzwesen\/\"]}]},{\"@type\":\"WebSite\",\"@id\":\"https:\/\/www.striped-giraffe.com\/de\/#website\",\"url\":\"https:\/\/www.striped-giraffe.com\/de\/\",\"name\":\"Striped Giraffe\",\"description\":\"Ihr zuverl\u00e4ssiger Anbieter f\u00fcr digitale Enterprise-L\u00f6sungen\",\"publisher\":{\"@id\":\"https:\/\/www.striped-giraffe.com\/de\/#organization\"},\"potentialAction\":[{\"@type\":\"SearchAction\",\"target\":{\"@type\":\"EntryPoint\",\"urlTemplate\":\"https:\/\/www.striped-giraffe.com\/de\/?s={search_term_string}\"},\"query-input\":\"required name=search_term_string\"}],\"inLanguage\":\"de\"},{\"@type\":\"Organization\",\"@id\":\"https:\/\/www.striped-giraffe.com\/de\/#organization\",\"name\":\"Striped Giraffe\",\"url\":\"https:\/\/www.striped-giraffe.com\/de\/\",\"logo\":{\"@type\":\"ImageObject\",\"inLanguage\":\"de\",\"@id\":\"https:\/\/www.striped-giraffe.com\/de\/#\/schema\/logo\/image\/\",\"url\":\"https:\/\/www.striped-giraffe.com\/wp-content\/uploads\/2021\/01\/giraffe_white.svg\",\"contentUrl\":\"https:\/\/www.striped-giraffe.com\/wp-content\/uploads\/2021\/01\/giraffe_white.svg\",\"caption\":\"Striped Giraffe\"},\"image\":{\"@id\":\"https:\/\/www.striped-giraffe.com\/de\/#\/schema\/logo\/image\/\"}}]}<\/script>\n<!-- \/ Yoast SEO Premium plugin. -->","yoast_head_json":{"title":"Booklet: Intelligente Transformationim Finanz- und Versicherungswesen - Striped Giraffe","robots":{"index":"noindex","follow":"nofollow"},"og_locale":"de_DE","og_type":"article","og_title":"Booklet: Intelligente Transformationim Finanz- und Versicherungswesen","og_url":"https:\/\/www.striped-giraffe.com\/de\/booklet-intelligente-transformation-im-finanzwesen\/","og_site_name":"Striped Giraffe","article_modified_time":"2026-01-26T08:24:01+00:00","og_image":[{"width":1400,"height":900,"url":"https:\/\/www.striped-giraffe.com\/wp-content\/uploads\/2026\/01\/Header_Booklet_Transformation_Finance.jpg","type":"image\/jpeg"}],"twitter_card":"summary_large_image","twitter_misc":{"Gesch\u00e4tzte Lesezeit":"3\u00a0Minuten"},"schema":{"@context":"https:\/\/schema.org","@graph":[{"@type":"WebPage","@id":"https:\/\/www.striped-giraffe.com\/de\/booklet-intelligente-transformation-im-finanzwesen\/","url":"https:\/\/www.striped-giraffe.com\/de\/booklet-intelligente-transformation-im-finanzwesen\/","name":"Booklet: Intelligente Transformationim Finanz- und Versicherungswesen - Striped Giraffe","isPartOf":{"@id":"https:\/\/www.striped-giraffe.com\/de\/#website"},"datePublished":"2026-01-22T10:08:20+00:00","dateModified":"2026-01-26T08:24:01+00:00","inLanguage":"de","potentialAction":[{"@type":"ReadAction","target":["https:\/\/www.striped-giraffe.com\/de\/booklet-intelligente-transformation-im-finanzwesen\/"]}]},{"@type":"WebSite","@id":"https:\/\/www.striped-giraffe.com\/de\/#website","url":"https:\/\/www.striped-giraffe.com\/de\/","name":"Striped Giraffe","description":"Ihr zuverl\u00e4ssiger Anbieter f\u00fcr digitale Enterprise-L\u00f6sungen","publisher":{"@id":"https:\/\/www.striped-giraffe.com\/de\/#organization"},"potentialAction":[{"@type":"SearchAction","target":{"@type":"EntryPoint","urlTemplate":"https:\/\/www.striped-giraffe.com\/de\/?s={search_term_string}"},"query-input":"required name=search_term_string"}],"inLanguage":"de"},{"@type":"Organization","@id":"https:\/\/www.striped-giraffe.com\/de\/#organization","name":"Striped Giraffe","url":"https:\/\/www.striped-giraffe.com\/de\/","logo":{"@type":"ImageObject","inLanguage":"de","@id":"https:\/\/www.striped-giraffe.com\/de\/#\/schema\/logo\/image\/","url":"https:\/\/www.striped-giraffe.com\/wp-content\/uploads\/2021\/01\/giraffe_white.svg","contentUrl":"https:\/\/www.striped-giraffe.com\/wp-content\/uploads\/2021\/01\/giraffe_white.svg","caption":"Striped Giraffe"},"image":{"@id":"https:\/\/www.striped-giraffe.com\/de\/#\/schema\/logo\/image\/"}}]}},"_links":{"self":[{"href":"https:\/\/www.striped-giraffe.com\/de\/wp-json\/wp\/v2\/pages\/42321"}],"collection":[{"href":"https:\/\/www.striped-giraffe.com\/de\/wp-json\/wp\/v2\/pages"}],"about":[{"href":"https:\/\/www.striped-giraffe.com\/de\/wp-json\/wp\/v2\/types\/page"}],"author":[{"embeddable":true,"href":"https:\/\/www.striped-giraffe.com\/de\/wp-json\/wp\/v2\/users\/2"}],"replies":[{"embeddable":true,"href":"https:\/\/www.striped-giraffe.com\/de\/wp-json\/wp\/v2\/comments?post=42321"}],"version-history":[{"count":6,"href":"https:\/\/www.striped-giraffe.com\/de\/wp-json\/wp\/v2\/pages\/42321\/revisions"}],"predecessor-version":[{"id":42322,"href":"https:\/\/www.striped-giraffe.com\/de\/wp-json\/wp\/v2\/pages\/42321\/revisions\/42322"}],"wp:featuredmedia":[{"embeddable":true,"href":"https:\/\/www.striped-giraffe.com\/de\/wp-json\/wp\/v2\/media\/42323"}],"wp:attachment":[{"href":"https:\/\/www.striped-giraffe.com\/de\/wp-json\/wp\/v2\/media?parent=42321"}],"curies":[{"name":"wp","href":"https:\/\/api.w.org\/{rel}","templated":true}]}}