{"id":493,"date":"2021-01-05T16:25:55","date_gmt":"2021-01-05T15:25:55","guid":{"rendered":"https:\/\/relaunch.striped-giraffe.com\/e-commerce-copy\/"},"modified":"2025-06-18T15:28:41","modified_gmt":"2025-06-18T13:28:41","slug":"karriere","status":"publish","type":"page","link":"https:\/\/www.striped-giraffe.com\/de\/ueber-uns\/karriere\/","title":{"rendered":"Karriere"},"content":{"rendered":"<section class=\"wpb-content-wrapper\"><p>[vc_row full_width=&#8220;stretch_row&#8220; full_height=&#8220;yes&#8220; parallax=&#8220;content-moving&#8220; parallax_image=&#8220;495&#8243; css=&#8220;.vc_custom_1609860498031{background-position: center;background-repeat: no-repeat !important;background-size: cover !important;}&#8220;][vc_column css_animation=&#8220;slideInUp&#8220; css=&#8220;.vc_custom_1611152107540{padding-left: 50px !important;}&#8220;][vc_column_text]<\/p>\n<h1 class=\"headline_superbig\" style=\"text-align: left;\"><span style=\"color: #ef6c00;\"><span style=\"color: #ffffff;\">Dein Anspruch.<\/span><br \/>\nDein Job.<\/span><\/h1>\n<p>[\/vc_column_text][\/vc_column][\/vc_row][vc_row el_class=&#8220;closetotop&#8220; css=&#8220;.vc_custom_1609844996078{padding-top: 50px !important;background-color: #ffffff !important;}&#8220;][vc_column][vc_column_text]<\/p>\n<h2 class=\"headline_introduction\" style=\"text-align: center;\">Du bist Umdenker, Vordenker, Mitdenker. <span style=\"color: #ef6c00;\">Du willst mehr.<\/span><br \/>\nDann werde ein Striped Giraffe Team Member.<\/h2>\n<p>[\/vc_column_text][vc_separator color=&#8220;black&#8220; border_width=&#8220;5&#8243; el_width=&#8220;10&#8243; css=&#8220;.vc_custom_1609932438645{margin-top: 50px !important;}&#8220;][\/vc_column][\/vc_row][vc_row css=&#8220;.vc_custom_1675856951553{margin-bottom: 50px !important;background-color: #ffffff !important;}&#8220;][vc_column][vc_column_text]Unsere Mitarbeiterinnen und Mitarbeiter sind Fachleute auf ihrem Gebiet und haben Freude daran, Herausforderungen zu meistern. Au\u00dferdem lieben sie es, in einem aufgeschlossenen multikulturellen Team zu arbeiten.<\/p>\n<h3>Trifft das auf dich auch zu?<br \/>\nDann komm in unser Team.<\/h3>\n<p>Gemeinsam schaffen wir Gro\u00dfartiges. Wir geben jeder Mitarbeiterin und jedem Mitarbeiter die Chance, die individuellen F\u00e4higkeit einzubringen und auszubauen.[\/vc_column_text][\/vc_column][\/vc_row][vc_row full_width=&#8220;stretch_row&#8220; bg_type=&#8220;bg_color&#8220; css=&#8220;.vc_custom_1675857009610{margin-right: 50px !important;margin-bottom: 150px !important;margin-left: 50px !important;background-color: #ffffff !important;}&#8220; bg_color_value=&#8220;#ffffff&#8220; el_class=&#8220;newscontainer&#8220;][vc_column width=&#8220;1\/6&#8243;][\/vc_column][vc_column width=&#8220;2\/6&#8243;]<div class=\"templatera_shortcode\"><div class=\"vc_row wpb_row vc_row-fluid\"><div class=\"wpb_column vc_column_container vc_col-sm-12\"><div class=\"vc_column-inner\"><div class=\"wpb_wrapper\"><div id='' class='teaserbox  overlay'><div class='teaserbox_inner'><div class='teaserheadline'><h3 style='text-transform:uppercase;color:#ef6c00;font-family:DinWebPro Bold;'>Unsere offenen Stellen<\/h3><h2 style='text-transform:none;color:#ffffff;'>Komm in unser Team.<\/h2><\/div><div class='teasertext'><div class='wpb_wrapper'>Hier findest du unsere offenen Stellenangebote nach Locations aufgeteilt.<\/div><\/div><div class='teaserlink'><a href='https:\/\/www.striped-giraffe.com\/de\/ueber-uns\/karriere\/stellenanzeigen\/' style='color:#ef6c00;'>St\u00f6bern<\/a><\/div><div class='wpb_single_image desktop_only'><img src='https:\/\/www.striped-giraffe.com\/wp-content\/uploads\/2023\/02\/Teaser_Karriere_Stellenanzeigen2-1-600x960.jpg' \/><\/div><div class='wpb_single_image mobile_only'><img src='https:\/\/www.striped-giraffe.com\/wp-content\/uploads\/2023\/02\/Teaser_Karriere_Stellenanzeigen2-1-600x700.jpg' \/><\/div><\/div><\/div><\/div><\/div><\/div><\/div><\/div>[\/vc_column][vc_column width=&#8220;2\/6&#8243;]<div class=\"templatera_shortcode\"><div class=\"vc_row wpb_row vc_row-fluid\"><div class=\"wpb_column vc_column_container vc_col-sm-12\"><div class=\"vc_column-inner\"><div class=\"wpb_wrapper\"><div id='' class='teaserbox  overlay'><div class='teaserbox_inner'><div class='teaserheadline'><h3 style='text-transform:uppercase;color:#ffffff;font-family:DinWebPro Bold;'>Unsere Kultur &amp; Werte<\/h3><h2 style='text-transform:none;color:#ffffff;'>We care more.<\/h2><\/div><div class='teasertext'><div class='wpb_wrapper'>Gemessen an unseren Anspr\u00fcchen und denen unserer Kunden sind hochqualifizierte Mitarbeiter f\u00fcr den Erfolg unseres Unternehmens unerl\u00e4sslich. Deshalb sind sie uns sehr wichtig. Und das zeigen wir ihnen.<\/div><\/div><div class='teaserlink'><a href='https:\/\/www.striped-giraffe.com\/de\/ueber-uns\/kultur\/' style='color:#ffffff;'>Details<\/a><\/div><div class='wpb_single_image desktop_only'><img src='https:\/\/www.striped-giraffe.com\/wp-content\/uploads\/2023\/02\/Teaser_Karriere_Kultur-600x960.jpg' \/><\/div><div class='wpb_single_image mobile_only'><img src='https:\/\/www.striped-giraffe.com\/wp-content\/uploads\/2023\/02\/Teaser_Karriere_Kultur-600x700.jpg' \/><\/div><\/div><\/div><\/div><\/div><\/div><\/div><\/div>[\/vc_column][vc_column width=&#8220;1\/6&#8243;][\/vc_column][\/vc_row][vc_row gap=&#8220;35&#8243; css=&#8220;.vc_custom_1675856862486{margin-top: 0px !important;margin-bottom: 100px !important;}&#8220;][vc_column][vc_column_text]<\/p>\n<blockquote>\n<p style=\"text-align: center;\">Striped Giraffe schenkt seinen Mitarbeitern gro\u00dfes Vertrauen. Wenn einem eine Aufgabe oder Herausforderung gestellt wird, erh\u00e4lt man auch die Freiheit, sie zu erf\u00fcllen und kreativ zu gestalten.<\/p>\n<\/blockquote>\n<p style=\"text-align: center;\"><strong>Naveen Durga<\/strong>, E-Commerce Developer bei Striped Giraffe<\/p>\n<p>[\/vc_column_text][\/vc_column][\/vc_row][vc_row gap=&#8220;35&#8243; disable_element=&#8220;yes&#8220; css=&#8220;.vc_custom_1739185975144{margin-top: 0px !important;}&#8220;][vc_column width=&#8220;1\/3&#8243;][vc_single_image image=&#8220;33457&#8243; img_size=&#8220;medium&#8220;][\/vc_column][vc_column width=&#8220;2\/3&#8243;][vc_column_text]Wir haben nicht nur an unsere Mitarbeiter hohe Anspr\u00fcche, sondern auch an uns als Arbeitgeber. Deswegen befragen wir unser Team regelm\u00e4\u00dfig gemeinsam mit der zeag und der Universit\u00e4t St. Gallen im Rahmen der TOP JOB Arbeitgeberbewertung. Auf diese Weise ermitteln wir die Bereiche, in denen wir uns noch verbessern k\u00f6nnen.<\/p>\n<p>Aktuell freuen wir uns sehr \u00fcber den TOP JOB-Award, der uns auf Basis unseres Mitarbeiter-Feedbacks als einen der attraktivsten Arbeitgeber des deutschen Mittelstands auszeichnet.[\/vc_column_text][\/vc_column][\/vc_row][vc_row gap=&#8220;35&#8243; disable_element=&#8220;yes&#8220; css=&#8220;.vc_custom_1675861682916{margin-top: 100px !important;}&#8220;][vc_column][vc_single_image image=&#8220;1648&#8243; img_size=&#8220;full&#8220;][\/vc_column][\/vc_row][vc_row full_width=&#8220;stretch_row&#8220; gap=&#8220;35&#8243; bg_type=&#8220;bg_color&#8220; css=&#8220;.vc_custom_1675862151491{margin-top: 50px !important;padding-top: 50px !important;padding-bottom: 50px !important;}&#8220; bg_color_value=&#8220;#000000&#8243;][vc_column width=&#8220;1\/3&#8243;][vc_column_text]<\/p>\n<h2><span style=\"color: #ffffff;\">Unsere Mitarbeiter<\/span><\/h2>\n<p>[\/vc_column_text][\/vc_column][vc_column width=&#8220;2\/3&#8243; css=&#8220;.vc_custom_1609846990086{padding-left: 25px !important;}&#8220;][vc_column_text]<span style=\"color: #ffffff;\">Aktuell arbeiten bei uns \u00fcber 120 Mitarbeiter aus 21 Nationen in den Bereichen IT, Sales, Marketing, HR und Verwaltung. Wir sind europaweit aufgestellt mit Niederlassungen in Deutschland, Polen und Rum\u00e4nien.<\/span><\/p>\n<p><span style=\"color: #ffffff;\">Im Fachbereich IT verf\u00fcgen unsere Experten \u00fcber jahrzehntelange Erfahrung. Deshalb bilden wir unsere Mitarbeiter selbst aus und erm\u00f6glichen ihnen, eine Vielzahl von Zertifizierungen in unseren Partnerl\u00f6sungen und verschiedenen Fachbereichen zu erlangen.<\/span>[\/vc_column_text][\/vc_column][\/vc_row][vc_row full_width=&#8220;stretch_row_content_no_spaces&#8220; bg_type=&#8220;bg_color&#8220; bg_color_value=&#8220;#000000&#8243;][vc_column width=&#8220;1\/3&#8243;][vc_single_image image=&#8220;33460&#8243; img_size=&#8220;large&#8220;][\/vc_column][vc_column width=&#8220;1\/3&#8243;][vc_single_image image=&#8220;33464&#8243; img_size=&#8220;large&#8220;][\/vc_column][vc_column width=&#8220;1\/3&#8243;][vc_single_image image=&#8220;33462&#8243; img_size=&#8220;large&#8220;][\/vc_column][\/vc_row][vc_row full_width=&#8220;stretch_row&#8220; gap=&#8220;35&#8243; bg_type=&#8220;bg_color&#8220; css=&#8220;.vc_custom_1675862670957{padding-top: 50px !important;padding-bottom: 50px !important;}&#8220; bg_color_value=&#8220;#000000&#8243;][vc_column width=&#8220;1\/3&#8243;][vc_column_text]<\/p>\n<h2><span style=\"color: #ffffff;\">Unser Angebot<\/span><\/h2>\n<p>[\/vc_column_text][\/vc_column][vc_column width=&#8220;2\/3&#8243; css=&#8220;.vc_custom_1609846990086{padding-left: 25px !important;}&#8220;][vc_column_text]<span style=\"color: #ffffff;\">In unseren traumhaft sch\u00f6nen B\u00fcros bieten wir euch alles, was ihr braucht:<\/span><\/p>\n<ul>\n<li><span style=\"color: #ffffff;\">ruhige Arbeitsatmosph\u00e4re<\/span><\/li>\n<li><span style=\"color: #ffffff;\">zentrale Lage mit tollem Mittagsangebot<\/span><\/li>\n<li><span style=\"color: #ffffff;\">stylisches Ambiente<\/span><\/li>\n<li><span style=\"color: #ffffff;\">Ansprechpartner<\/span><\/li>\n<li><span style=\"color: #ffffff;\">Obst und Getr\u00e4nke verstehen sich von selbst<\/span><\/li>\n<\/ul>\n<p><span style=\"color: #ffffff;\">Zum Schutz der Gesundheit unserer Mitarbeiter haben wir in unseren B\u00fcros s\u00e4mtliche Hygienema\u00dfnahmen umgesetzt. Wer dennoch Bedenken hat, kann auch im Homeoffice arbeiten.<\/span><\/p>\n<p><span style=\"color: #ffffff;\">Einmal im Jahr treffen wir uns alle f\u00fcr ein mehrt\u00e4giges Firmenevent an einem unserer Standorte und feiern, tauschen uns aus und entwickeln uns gemeinsam. Wir wollen zusammen wachsen, Spa\u00df an der Arbeit haben und uns gegenseitig erg\u00e4nzen.<\/span>[\/vc_column_text][\/vc_column][\/vc_row][vc_row full_width=&#8220;stretch_row_content_no_spaces&#8220; css=&#8220;.vc_custom_1675862892318{margin-bottom: 50px !important;}&#8220;][vc_column width=&#8220;1\/3&#8243;][vc_single_image image=&#8220;33468&#8243; img_size=&#8220;large&#8220;][\/vc_column][vc_column width=&#8220;1\/3&#8243;][vc_single_image image=&#8220;33466&#8243; img_size=&#8220;large&#8220;][\/vc_column][vc_column width=&#8220;1\/3&#8243;][vc_single_image image=&#8220;33470&#8243; img_size=&#8220;large&#8220;][\/vc_column][\/vc_row][vc_row css=&#8220;.vc_custom_1611163853446{margin-bottom: 100px !important;padding-top: 50px !important;background-color: #ffffff !important;}&#8220;][vc_column width=&#8220;1\/4&#8243;][\/vc_column][vc_column width=&#8220;1\/2&#8243;][vc_column_text]<\/p>\n<h3 style=\"text-align: center;\"><strong>Hast du noch Fragen oder m\u00f6chtest du dich direkt bewerben?<\/strong><\/h3>\n<p style=\"text-align: center;\">Dann melde dich gerne bei uns oder sende deine ausf\u00fchrlichen Bewerbungsunterlagen mit Angabe des m\u00f6glichen Eintrittstermins und deiner Gehaltsvorstellung an:<\/p>\n<p style=\"text-align: center;\"><strong>Juliane Bauch<\/strong><\/p>\n<h2 style=\"text-align: center;\"><span style=\"color: #ef6c00;\"><a style=\"color: #ef6c00;\" href=\"mailto:career@striped-giraffe.com\">career@striped-giraffe.com<\/a><\/span><\/h2>\n<p>[\/vc_column_text][\/vc_column][vc_column width=&#8220;1\/4&#8243;][\/vc_column][\/vc_row][vc_row full_width=&#8220;stretch_row&#8220; bg_type=&#8220;bg_color&#8220; css=&#8220;.vc_custom_1610606835496{margin-top: 0px !important;padding-top: 100px !important;padding-bottom: 50px !important;}&#8220; bg_color_value=&#8220;#000000&#8243;][vc_column][vc_row_inner][vc_column_inner][vc_column_text]<\/p>\n<h2 class=\"headline_superbig\" style=\"text-align: left;\"><span style=\"color: #ffffff;\">Und hier findest du uns<\/span><\/h2>\n<p>[\/vc_column_text][\/vc_column_inner][\/vc_row_inner][vc_row_inner gap=&#8220;35&#8243; css=&#8220;.vc_custom_1610607224789{margin-top: 50px !important;}&#8220;][vc_column_inner width=&#8220;1\/3&#8243;][vc_column_text]<\/p>\n<h3><span style=\"color: #ef6c00;\">M\u00fcnchen<\/span><\/h3>\n<p><span style=\"color: #ffffff;\">Striped Giraffe<\/span><br \/>\n<span style=\"color: #ffffff;\">Innovation &amp; Strategy GmbH<\/span><br \/>\n<span style=\"color: #ffffff;\">Lenbachplatz 3<\/span><br \/>\n<span style=\"color: #ffffff;\">80333 M\u00fcnchen<\/span><\/p>\n<p><span style=\"color: #ffffff;\">+49-89-416126-660<\/span><br \/>\n<a href=\"mailto:info@striped-giraffe.com\">info@striped-giraffe.com<\/a>[\/vc_column_text][vc_single_image image=&#8220;1763&#8243; img_size=&#8220;large&#8220; css=&#8220;.vc_custom_1610607187436{margin-top: 25px !important;margin-bottom: 25px !important;}&#8220;][vc_column_text]<span style=\"color: #ffffff;\"><a class=\"gmap\" style=\"color: #ffffff;\" href=\"https:\/\/www.google.de\/maps\/dir\/\/Lenbachpl.+3,+80333+M%C3%BCnchen\/@48.141519,11.5672329,18z\/data=!4m8!4m7!1m0!1m5!1m1!1s0x479e75f1380a35f5:0x44594c017ddd4ce2!2m2!1d11.5683272!2d48.141519\" target=\"_blank\" rel=\"noopener noreferrer\">Anfahrt<\/a><\/span>[\/vc_column_text][\/vc_column_inner][vc_column_inner width=&#8220;1\/3&#8243;][vc_column_text]<\/p>\n<h3><span style=\"color: #ef6c00;\">Kattowitz<\/span><\/h3>\n<p><span style=\"color: #ffffff;\">Striped Giraffe<\/span><br \/>\n<span style=\"color: #ffffff;\">Innovation &amp; Strategy Polska sp. z o.o.<\/span><br \/>\n<span style=\"color: #ffffff;\">ul. Mariacka 33<\/span><br \/>\n<span style=\"color: #ffffff;\">40\u2011014 Katowice | Polen<\/span><\/p>\n<p><span style=\"color: #ffffff;\">+49-89-416126-660<\/span><br \/>\n<a href=\"mailto:info@striped-giraffe.com\">info@striped-giraffe.com<\/a>[\/vc_column_text][vc_single_image image=&#8220;1770&#8243; img_size=&#8220;large&#8220; css=&#8220;.vc_custom_1610607291184{margin-top: 25px !important;margin-bottom: 25px !important;}&#8220;][vc_column_text]<span style=\"color: #ffffff;\"><a class=\"gmap\" style=\"color: #ffffff;\" href=\"https:\/\/www.google.de\/maps\/dir\/\/Mariacka+33,+40-015+Katowice,+Polen\/@50.2571161,19.0264515,17z\/data=!4m8!4m7!1m0!1m5!1m1!1s0x4716ce4a0a8bcdb1:0x7152fce4f8450db2!2m2!1d19.0286402!2d50.2571161\" target=\"_blank\" rel=\"noopener noreferrer\">Anfahrt<\/a><\/span>[\/vc_column_text][\/vc_column_inner][vc_column_inner width=&#8220;1\/3&#8243;][vc_column_text]<\/p>\n<h3><span style=\"color: #ef6c00;\">Z\u00fcrich<\/span><\/h3>\n<p><span style=\"color: #ffffff;\">Striped Giraffe<\/span><br \/>\n<span style=\"color: #ffffff;\">Innovation &amp; Strategy GmbH<br \/>\nR\u00e4mistrasse 8<span class=\"ui-provider ed beb baq bec bed bee bef beg beh bei bej bek bel bem ben beo bep beq ber bes bet beu bev bew bex bey bez bfa bfb bfc bfd bfe bff bfg bfh\" dir=\"ltr\"><br \/>\n<\/span><\/span><span style=\"color: #ffffff;\">8001 Z\u00fcrich | Schweiz<\/span><\/p>\n<p><span style=\"color: #ffffff;\">+49-89-416126-660<\/span><br \/>\n<a href=\"mailto:info@striped-giraffe.com\">info@striped-giraffe.com<\/a>[\/vc_column_text][vc_single_image image=&#8220;1768&#8243; img_size=&#8220;large&#8220; css=&#8220;.vc_custom_1610607268491{margin-top: 25px !important;margin-bottom: 25px !important;}&#8220;][vc_column_text]<span style=\"color: #ffffff;\"><a class=\"gmap\" style=\"color: #ffffff;\" href=\"https:\/\/maps.app.goo.gl\/g7pmyugLYuW4yHCH7\" target=\"_blank\" rel=\"noopener noreferrer\">Anfahrt<\/a><\/span>[\/vc_column_text][\/vc_column_inner][\/vc_row_inner][\/vc_column][\/vc_row]<\/p>\n<\/section>","protected":false},"excerpt":{"rendered":"Dein Anspruch. Dein Job. Du bist Umdenker, Vordenker, Mitdenker. Du willst mehr. Dann werde ein Striped Giraffe Team Member. Unsere [...]","protected":false},"author":1,"featured_media":0,"parent":341,"menu_order":0,"comment_status":"closed","ping_status":"closed","template":"","meta":{"footnotes":""},"acf":[],"yoast_head":"<!-- This site is optimized with the Yoast SEO Premium plugin v20.5 (Yoast SEO v20.5) - https:\/\/yoast.com\/wordpress\/plugins\/seo\/ -->\n<title>Karriere - Striped Giraffe<\/title>\n<meta name=\"description\" content=\"Starte deine Karriere bei Striped Giraffe \u2013 innovatives IT-Unternehmen mit spannenden Projekten, agilem Team und attraktiven Entwicklungschancen.\" \/>\n<meta name=\"robots\" content=\"index, follow, max-snippet:-1, max-image-preview:large, max-video-preview:-1\" \/>\n<link rel=\"canonical\" href=\"https:\/\/www.striped-giraffe.com\/de\/ueber-uns\/karriere\/\" \/>\n<meta property=\"og:locale\" content=\"de_DE\" \/>\n<meta property=\"og:type\" content=\"article\" \/>\n<meta property=\"og:title\" content=\"Karriere\" \/>\n<meta property=\"og:description\" content=\"Starte deine Karriere bei Striped Giraffe \u2013 innovatives IT-Unternehmen mit spannenden Projekten, agilem Team und attraktiven Entwicklungschancen.\" \/>\n<meta property=\"og:url\" content=\"https:\/\/www.striped-giraffe.com\/de\/ueber-uns\/karriere\/\" \/>\n<meta property=\"og:site_name\" content=\"Striped Giraffe\" \/>\n<meta property=\"article:modified_time\" content=\"2025-06-18T13:28:41+00:00\" \/>\n<meta name=\"twitter:card\" content=\"summary_large_image\" \/>\n<meta name=\"twitter:label1\" content=\"Gesch\u00e4tzte Lesezeit\" \/>\n\t<meta name=\"twitter:data1\" content=\"4\u00a0Minuten\" \/>\n<script type=\"application\/ld+json\" class=\"yoast-schema-graph\">{\"@context\":\"https:\/\/schema.org\",\"@graph\":[{\"@type\":\"WebPage\",\"@id\":\"https:\/\/www.striped-giraffe.com\/de\/ueber-uns\/karriere\/\",\"url\":\"https:\/\/www.striped-giraffe.com\/de\/ueber-uns\/karriere\/\",\"name\":\"Karriere - Striped Giraffe\",\"isPartOf\":{\"@id\":\"https:\/\/www.striped-giraffe.com\/de\/#website\"},\"datePublished\":\"2021-01-05T15:25:55+00:00\",\"dateModified\":\"2025-06-18T13:28:41+00:00\",\"description\":\"Starte deine Karriere bei Striped Giraffe \u2013 innovatives IT-Unternehmen mit spannenden Projekten, agilem Team und attraktiven Entwicklungschancen.\",\"breadcrumb\":{\"@id\":\"https:\/\/www.striped-giraffe.com\/de\/ueber-uns\/karriere\/#breadcrumb\"},\"inLanguage\":\"de\",\"potentialAction\":[{\"@type\":\"ReadAction\",\"target\":[\"https:\/\/www.striped-giraffe.com\/de\/ueber-uns\/karriere\/\"]}]},{\"@type\":\"BreadcrumbList\",\"@id\":\"https:\/\/www.striped-giraffe.com\/de\/ueber-uns\/karriere\/#breadcrumb\",\"itemListElement\":[{\"@type\":\"ListItem\",\"position\":1,\"name\":\"\u00dcber uns\",\"item\":\"https:\/\/www.striped-giraffe.com\/de\/ueber-uns\/\"},{\"@type\":\"ListItem\",\"position\":2,\"name\":\"Karriere\"}]},{\"@type\":\"WebSite\",\"@id\":\"https:\/\/www.striped-giraffe.com\/de\/#website\",\"url\":\"https:\/\/www.striped-giraffe.com\/de\/\",\"name\":\"Striped Giraffe\",\"description\":\"Ihr zuverl\u00e4ssiger Anbieter f\u00fcr digitale Enterprise-L\u00f6sungen\",\"publisher\":{\"@id\":\"https:\/\/www.striped-giraffe.com\/de\/#organization\"},\"potentialAction\":[{\"@type\":\"SearchAction\",\"target\":{\"@type\":\"EntryPoint\",\"urlTemplate\":\"https:\/\/www.striped-giraffe.com\/de\/?s={search_term_string}\"},\"query-input\":\"required name=search_term_string\"}],\"inLanguage\":\"de\"},{\"@type\":\"Organization\",\"@id\":\"https:\/\/www.striped-giraffe.com\/de\/#organization\",\"name\":\"Striped Giraffe\",\"url\":\"https:\/\/www.striped-giraffe.com\/de\/\",\"logo\":{\"@type\":\"ImageObject\",\"inLanguage\":\"de\",\"@id\":\"https:\/\/www.striped-giraffe.com\/de\/#\/schema\/logo\/image\/\",\"url\":\"https:\/\/www.striped-giraffe.com\/wp-content\/uploads\/2021\/01\/giraffe_white.svg\",\"contentUrl\":\"https:\/\/www.striped-giraffe.com\/wp-content\/uploads\/2021\/01\/giraffe_white.svg\",\"caption\":\"Striped Giraffe\"},\"image\":{\"@id\":\"https:\/\/www.striped-giraffe.com\/de\/#\/schema\/logo\/image\/\"}}]}<\/script>\n<!-- \/ Yoast SEO Premium plugin. -->","yoast_head_json":{"title":"Karriere - Striped Giraffe","description":"Starte deine Karriere bei Striped Giraffe \u2013 innovatives IT-Unternehmen mit spannenden Projekten, agilem Team und attraktiven Entwicklungschancen.","robots":{"index":"index","follow":"follow","max-snippet":"max-snippet:-1","max-image-preview":"max-image-preview:large","max-video-preview":"max-video-preview:-1"},"canonical":"https:\/\/www.striped-giraffe.com\/de\/ueber-uns\/karriere\/","og_locale":"de_DE","og_type":"article","og_title":"Karriere","og_description":"Starte deine Karriere bei Striped Giraffe \u2013 innovatives IT-Unternehmen mit spannenden Projekten, agilem Team und attraktiven Entwicklungschancen.","og_url":"https:\/\/www.striped-giraffe.com\/de\/ueber-uns\/karriere\/","og_site_name":"Striped Giraffe","article_modified_time":"2025-06-18T13:28:41+00:00","twitter_card":"summary_large_image","twitter_misc":{"Gesch\u00e4tzte Lesezeit":"4\u00a0Minuten"},"schema":{"@context":"https:\/\/schema.org","@graph":[{"@type":"WebPage","@id":"https:\/\/www.striped-giraffe.com\/de\/ueber-uns\/karriere\/","url":"https:\/\/www.striped-giraffe.com\/de\/ueber-uns\/karriere\/","name":"Karriere - Striped Giraffe","isPartOf":{"@id":"https:\/\/www.striped-giraffe.com\/de\/#website"},"datePublished":"2021-01-05T15:25:55+00:00","dateModified":"2025-06-18T13:28:41+00:00","description":"Starte deine Karriere bei Striped Giraffe \u2013 innovatives IT-Unternehmen mit spannenden Projekten, agilem Team und attraktiven Entwicklungschancen.","breadcrumb":{"@id":"https:\/\/www.striped-giraffe.com\/de\/ueber-uns\/karriere\/#breadcrumb"},"inLanguage":"de","potentialAction":[{"@type":"ReadAction","target":["https:\/\/www.striped-giraffe.com\/de\/ueber-uns\/karriere\/"]}]},{"@type":"BreadcrumbList","@id":"https:\/\/www.striped-giraffe.com\/de\/ueber-uns\/karriere\/#breadcrumb","itemListElement":[{"@type":"ListItem","position":1,"name":"\u00dcber uns","item":"https:\/\/www.striped-giraffe.com\/de\/ueber-uns\/"},{"@type":"ListItem","position":2,"name":"Karriere"}]},{"@type":"WebSite","@id":"https:\/\/www.striped-giraffe.com\/de\/#website","url":"https:\/\/www.striped-giraffe.com\/de\/","name":"Striped Giraffe","description":"Ihr zuverl\u00e4ssiger Anbieter f\u00fcr digitale Enterprise-L\u00f6sungen","publisher":{"@id":"https:\/\/www.striped-giraffe.com\/de\/#organization"},"potentialAction":[{"@type":"SearchAction","target":{"@type":"EntryPoint","urlTemplate":"https:\/\/www.striped-giraffe.com\/de\/?s={search_term_string}"},"query-input":"required name=search_term_string"}],"inLanguage":"de"},{"@type":"Organization","@id":"https:\/\/www.striped-giraffe.com\/de\/#organization","name":"Striped Giraffe","url":"https:\/\/www.striped-giraffe.com\/de\/","logo":{"@type":"ImageObject","inLanguage":"de","@id":"https:\/\/www.striped-giraffe.com\/de\/#\/schema\/logo\/image\/","url":"https:\/\/www.striped-giraffe.com\/wp-content\/uploads\/2021\/01\/giraffe_white.svg","contentUrl":"https:\/\/www.striped-giraffe.com\/wp-content\/uploads\/2021\/01\/giraffe_white.svg","caption":"Striped Giraffe"},"image":{"@id":"https:\/\/www.striped-giraffe.com\/de\/#\/schema\/logo\/image\/"}}]}},"_links":{"self":[{"href":"https:\/\/www.striped-giraffe.com\/de\/wp-json\/wp\/v2\/pages\/493"}],"collection":[{"href":"https:\/\/www.striped-giraffe.com\/de\/wp-json\/wp\/v2\/pages"}],"about":[{"href":"https:\/\/www.striped-giraffe.com\/de\/wp-json\/wp\/v2\/types\/page"}],"author":[{"embeddable":true,"href":"https:\/\/www.striped-giraffe.com\/de\/wp-json\/wp\/v2\/users\/1"}],"replies":[{"embeddable":true,"href":"https:\/\/www.striped-giraffe.com\/de\/wp-json\/wp\/v2\/comments?post=493"}],"version-history":[{"count":75,"href":"https:\/\/www.striped-giraffe.com\/de\/wp-json\/wp\/v2\/pages\/493\/revisions"}],"predecessor-version":[{"id":39999,"href":"https:\/\/www.striped-giraffe.com\/de\/wp-json\/wp\/v2\/pages\/493\/revisions\/39999"}],"up":[{"embeddable":true,"href":"https:\/\/www.striped-giraffe.com\/de\/wp-json\/wp\/v2\/pages\/341"}],"wp:attachment":[{"href":"https:\/\/www.striped-giraffe.com\/de\/wp-json\/wp\/v2\/media?parent=493"}],"curies":[{"name":"wp","href":"https:\/\/api.w.org\/{rel}","templated":true}]}}