{"id":625,"date":"2021-01-06T15:54:56","date_gmt":"2021-01-06T14:54:56","guid":{"rendered":"https:\/\/relaunch.striped-giraffe.com\/?page_id=625"},"modified":"2024-01-24T17:38:41","modified_gmt":"2024-01-24T16:38:41","slug":"it-beratung","status":"publish","type":"page","link":"https:\/\/www.striped-giraffe.com\/de\/leistungen\/it-beratung\/","title":{"rendered":"IT-Beratung"},"content":{"rendered":"<section class=\"wpb-content-wrapper\"><p>[vc_row full_width=&#8220;stretch_row&#8220; full_height=&#8220;yes&#8220; bg_type=&#8220;image&#8220; parallax_style=&#8220;vcpb-default&#8220; bg_image_new=&#8220;id^35430|url^https:\/\/www.striped-giraffe.com\/wp-content\/uploads\/2023\/11\/Header_IT_Consulting.jpg|caption^IT consulting|alt^IT consulting|title^IT consulting|description^IT consulting&#8220; css=&#8220;.vc_custom_1700644795748{background-position: center !important;background-repeat: no-repeat !important;background-size: cover !important;}&#8220;][vc_column css_animation=&#8220;slideInUp&#8220;][vc_column_text]<\/p>\n<h1 style=\"text-align: left;\"><span style=\"color: #ffffff;\">IT-Beratung<\/span><\/h1>\n<p>[\/vc_column_text][\/vc_column][\/vc_row][vc_row el_class=&#8220;closetotop&#8220; css=&#8220;.vc_custom_1609844996078{padding-top: 50px !important;background-color: #ffffff !important;}&#8220;][vc_column][vc_column_text]<\/p>\n<h3 style=\"text-align: center;\">Die Herausforderungen, mit denen IT-Verantwortliche konfrontiert werden, steigen st\u00e4ndig. Hier k\u00f6nnen wir umfangreich unterst\u00fctzen.<\/h3>\n<p>[\/vc_column_text][vc_separator color=&#8220;black&#8220; border_width=&#8220;5&#8243; el_width=&#8220;10&#8243; css=&#8220;.vc_custom_1609845029454{margin-top: 50px !important;}&#8220;][\/vc_column][\/vc_row][vc_row gap=&#8220;35&#8243; css=&#8220;.vc_custom_1609846510016{margin-top: 100px !important;}&#8220;][vc_column width=&#8220;1\/3&#8243;][vc_column_text]<\/p>\n<h2 class=\"headline_superbig\">PARTNER F\u00dcR CIO, CTO, CDO,<br \/>\nIT-LEITER<\/h2>\n<p>[\/vc_column_text][\/vc_column][vc_column width=&#8220;2\/3&#8243; css=&#8220;.vc_custom_1610982712337{padding-left: 0px !important;}&#8220;][vc_column_text]Herausfordernde Zeit verlangen ad\u00e4quate und m\u00f6glichst flexible L\u00f6sungen. Die Bandbreite ist riesig. F\u00fcr jedes Unternehmen und jedes Problem l\u00e4sst sich die passende L\u00f6sung finden oder entwickeln.<\/p>\n<p>Um den richtigen Ansatz zu finden, sind wir Ihr erfahrener Sparringspartner. Sie nennen uns Ihre Aufgabenstellung, wir erarbeiten mit Ihnen mehrere L\u00f6sungsans\u00e4tze.<\/p>\n<p>Dabei ber\u00fccksichtigen wir grunds\u00e4tzlich die Anforderungen aus den Fachabteilungen, Ihre Systemlandschaft und die Fachkenntnisse Ihrer internen Teams. Auf dieser Basis erhalten Sie unsere Empfehlungen.[\/vc_column_text][\/vc_column][\/vc_row][vc_row gap=&#8220;35&#8243; css=&#8220;.vc_custom_1706114309769{margin-top: 50px !important;}&#8220;][vc_column width=&#8220;1\/3&#8243;][vc_column_text]<\/p>\n<h2 class=\"headline_superbig\">MASSNAHMEN F\u00dcR IHRE L\u00d6SUNG<\/h2>\n<p>[\/vc_column_text][\/vc_column][vc_column width=&#8220;2\/3&#8243; css=&#8220;.vc_custom_1610982712337{padding-left: 0px !important;}&#8220;][vc_column_text]Was bedeutet das konkret? Lassen Sie uns sprechen und gemeinsam herausfinden, in welchen Punkten wir unterst\u00fctzen k\u00f6nnen.<\/p>\n<h3>Das w\u00e4ren m\u00f6gliche Ans\u00e4tze:<\/h3>\n<p>[\/vc_column_text][vc_empty_space][vc_column_text]<\/p>\n<ul>\n<li><strong>System-Architektur\u00a0<\/strong><\/li>\n<\/ul>\n<p>Wir analysieren auf Wunsch Ihre System-Architektur hinsichtlich Flexibilit\u00e4t, Kompatibilit\u00e4t und Zukunftsf\u00e4higkeit.<\/p>\n<ul>\n<li><strong>Team-Zusammensetzung<\/strong><\/li>\n<\/ul>\n<p>Wissen Sie bereits, wie Ihre Teams f\u00fcr die einzelnen Projekte idealerweise aufgestellt sein sollten? Dabei k\u00f6nnen wir Sie gerne unterst\u00fctzen und bei Bedarf fehlende Ressourcen erg\u00e4nzen.<\/p>\n<ul>\n<li><strong>Agile Software-Entwicklung<\/strong><\/li>\n<\/ul>\n<p>Das Thema \u201eagile Software-Entwicklung\u201c ist sehr trendig. Tats\u00e4chlich f\u00fchrt das aber oft nicht zum gew\u00fcnschten Erfolg. Deswegen helfen wir Ihnen gerne bei der Wahl der richtigen Frameworks, Methoden und Tools sowie bei der Wahl der richtigen Messgr\u00f6\u00dfen.<\/p>\n<ul>\n<li><strong>Assessment<\/strong><\/li>\n<\/ul>\n<p>Bei diesem riesigen Angebot das richtige System zu finden ist ein gro\u00dfes Unterfangen. Hier ist eine entsprechende Evaluierung gleich zu Beginn entscheidend. Darum k\u00f6nnen wir Sie gerne unterst\u00fctzen.<\/p>\n<ul>\n<li><strong>Audits<\/strong><\/li>\n<\/ul>\n<p>Wir sind Ihr Partner f\u00fcr die \u00dcberpr\u00fcfung verschiedener Systeme und Programme.<\/p>\n<ul>\n<li><strong>Datenmanagement<\/strong><\/li>\n<\/ul>\n<p>Das ist ein unglaublich weites Feld, das die Basis f\u00fcr alles bietet \u2013 weit \u00fcber die IT hinaus. Aber in der IT legen Sie den Grundstein, dass am Ende alles reibungslos funktioniert und die Fachabteilungen die Daten erfolgreich nutzen k\u00f6nnen. Stimmt die Datenqualit\u00e4t? M\u00fcssen die Daten bereinigt werden (Data Cleaning)? Haben Sie eine Data Governance im Einsatz? F\u00fcr all das k\u00f6nnen wir Ihnen Spezialisten zur Verf\u00fcgung stellen.<\/p>\n<ul>\n<li><strong>IT-Prozesse<\/strong><\/li>\n<\/ul>\n<p>Von der Entwicklung \u00fcber die Implementierung und Delivery bis hin zu Genehmigungsprozessen stehen wir an Ihrer Seite. Wir finden mit Ihnen den schnellsten und besten, oft pragmatischsten Weg, um L\u00f6sungen zu bauen.<\/p>\n<ul>\n<li><strong>User Interfaces<\/strong><\/li>\n<\/ul>\n<p>Sind die Schnittstellen-Konzepte optimal gestaltet? Gibt es Redundanzen oder elegantere Wege? Gerne \u00fcberpr\u00fcfen wir das f\u00fcr Sie.[\/vc_column_text][\/vc_column][\/vc_row][vc_row full_width=&#8220;stretch_row&#8220; css=&#8220;.vc_custom_1706114273644{margin-top: 100px !important;margin-bottom: 50px !important;}&#8220;][vc_column][vc_row_inner][vc_column_inner width=&#8220;1\/3&#8243;][vc_column_text]<\/p>\n<h2 class=\"headline_superbig\">Let&#8217;s talk<\/h2>\n<p>[\/vc_column_text][\/vc_column_inner][vc_column_inner width=&#8220;2\/3&#8243;][vc_column_text]<\/p>\n<h3>Brauchen Sie ein <strong>konkretes Angebot<\/strong> oder suchen Sie einen <strong>Sparringspartner<\/strong>, mit dem sie Ideen diskutieren und entwickeln k\u00f6nnen?<\/h3>\n<h3>Dann melden Sie sich:<\/h3>\n<ul>\n<li><a href=\"mailto:experts@striped-giraffe.com\">experts@striped-giraffe.com<\/a><\/li>\n<li><span style=\"color: #ef6c00;\">+49 (0)89-416 126-667<\/span><\/li>\n<\/ul>\n<p>[\/vc_column_text]<a class=\"calendly\" href=\"\" onclick=\"Calendly.initPopupWidget({url: 'https:\/\/calendly.com\/striped-giraffe\/30min'});return false;\">Termin vereinbaren<\/a>[vc_column_text css=&#8220;.vc_custom_1705936147633{margin-top: 32px !important;}&#8220;]<\/p>\n<h3>Wir unterst\u00fctzen Sie gerne.<\/h3>\n<p>[\/vc_column_text][\/vc_column_inner][\/vc_row_inner][\/vc_column][\/vc_row][vc_row][vc_column][vc_empty_space height=&#8220;100px&#8220;][\/vc_column][\/vc_row]<\/p>\n<\/section>","protected":false},"excerpt":{"rendered":"<p>[vc_row full_width=&#8220;stretch_row&#8220; full_height=&#8220;yes&#8220; bg_type=&#8220;image&#8220; parallax_style=&#8220;vcpb-default&#8220; bg_image_new=&#8220;id^35430|url^https:\/\/www.striped-giraffe.com\/wp-content\/uploads\/2023\/11\/Header_IT_Consulting.jpg|caption^IT consulting|alt^IT consulting|title^IT consulting|description^IT consulting&#8220; css=&#8220;.vc_custom_1700644795748{background-position: center !important;background-repeat: no-repeat !important;background-size: cover !important;}&#8220;][vc_column css_animation=&#8220;slideInUp&#8220;][vc_column_text] IT-Beratung [\/vc_column_text][\/vc_column][\/vc_row][vc_row [&hellip;]<\/p>\n","protected":false},"author":2,"featured_media":35430,"parent":833,"menu_order":0,"comment_status":"closed","ping_status":"closed","template":"","meta":{"footnotes":""},"acf":[],"yoast_head":"<!-- This site is optimized with the Yoast SEO Premium plugin v20.5 (Yoast SEO v20.5) - https:\/\/yoast.com\/wordpress\/plugins\/seo\/ -->\n<title>IT-Beratung - Striped Giraffe<\/title>\n<meta name=\"description\" content=\"Die Herausforderungen, mit denen IT-Verantwortliche konfrontiert werden, steigen st\u00e4ndig. Hier k\u00f6nnen wir umfangreich unterst\u00fctzen.\" \/>\n<meta name=\"robots\" content=\"index, follow, max-snippet:-1, max-image-preview:large, max-video-preview:-1\" \/>\n<link rel=\"canonical\" href=\"https:\/\/www.striped-giraffe.com\/de\/leistungen\/it-beratung\/\" \/>\n<meta property=\"og:locale\" content=\"de_DE\" \/>\n<meta property=\"og:type\" content=\"article\" \/>\n<meta property=\"og:title\" content=\"IT-Beratung\" \/>\n<meta property=\"og:description\" content=\"Die Herausforderungen, mit denen IT-Verantwortliche konfrontiert werden, steigen st\u00e4ndig. Hier k\u00f6nnen wir umfangreich unterst\u00fctzen.\" \/>\n<meta property=\"og:url\" content=\"https:\/\/www.striped-giraffe.com\/de\/leistungen\/it-beratung\/\" \/>\n<meta property=\"og:site_name\" content=\"Striped Giraffe\" \/>\n<meta property=\"article:modified_time\" content=\"2024-01-24T16:38:41+00:00\" \/>\n<meta property=\"og:image\" content=\"https:\/\/www.striped-giraffe.com\/wp-content\/uploads\/2023\/11\/Header_IT_Consulting.jpg\" \/>\n\t<meta property=\"og:image:width\" content=\"1400\" \/>\n\t<meta property=\"og:image:height\" content=\"900\" \/>\n\t<meta property=\"og:image:type\" content=\"image\/jpeg\" \/>\n<meta name=\"twitter:card\" content=\"summary_large_image\" \/>\n<meta name=\"twitter:label1\" content=\"Gesch\u00e4tzte Lesezeit\" \/>\n\t<meta name=\"twitter:data1\" content=\"3\u00a0Minuten\" \/>\n<script type=\"application\/ld+json\" class=\"yoast-schema-graph\">{\"@context\":\"https:\/\/schema.org\",\"@graph\":[{\"@type\":\"WebPage\",\"@id\":\"https:\/\/www.striped-giraffe.com\/de\/leistungen\/it-beratung\/\",\"url\":\"https:\/\/www.striped-giraffe.com\/de\/leistungen\/it-beratung\/\",\"name\":\"IT-Beratung - Striped Giraffe\",\"isPartOf\":{\"@id\":\"https:\/\/www.striped-giraffe.com\/de\/#website\"},\"datePublished\":\"2021-01-06T14:54:56+00:00\",\"dateModified\":\"2024-01-24T16:38:41+00:00\",\"description\":\"Die Herausforderungen, mit denen IT-Verantwortliche konfrontiert werden, steigen st\u00e4ndig. Hier k\u00f6nnen wir umfangreich unterst\u00fctzen.\",\"breadcrumb\":{\"@id\":\"https:\/\/www.striped-giraffe.com\/de\/leistungen\/it-beratung\/#breadcrumb\"},\"inLanguage\":\"de\",\"potentialAction\":[{\"@type\":\"ReadAction\",\"target\":[\"https:\/\/www.striped-giraffe.com\/de\/leistungen\/it-beratung\/\"]}]},{\"@type\":\"BreadcrumbList\",\"@id\":\"https:\/\/www.striped-giraffe.com\/de\/leistungen\/it-beratung\/#breadcrumb\",\"itemListElement\":[{\"@type\":\"ListItem\",\"position\":1,\"name\":\"Leistungen\",\"item\":\"https:\/\/www.striped-giraffe.com\/de\/leistungen\/\"},{\"@type\":\"ListItem\",\"position\":2,\"name\":\"IT-Beratung\"}]},{\"@type\":\"WebSite\",\"@id\":\"https:\/\/www.striped-giraffe.com\/de\/#website\",\"url\":\"https:\/\/www.striped-giraffe.com\/de\/\",\"name\":\"Striped Giraffe\",\"description\":\"Ihr zuverl\u00e4ssiger Anbieter f\u00fcr digitale Enterprise-L\u00f6sungen\",\"publisher\":{\"@id\":\"https:\/\/www.striped-giraffe.com\/de\/#organization\"},\"potentialAction\":[{\"@type\":\"SearchAction\",\"target\":{\"@type\":\"EntryPoint\",\"urlTemplate\":\"https:\/\/www.striped-giraffe.com\/de\/?s={search_term_string}\"},\"query-input\":\"required name=search_term_string\"}],\"inLanguage\":\"de\"},{\"@type\":\"Organization\",\"@id\":\"https:\/\/www.striped-giraffe.com\/de\/#organization\",\"name\":\"Striped Giraffe\",\"url\":\"https:\/\/www.striped-giraffe.com\/de\/\",\"logo\":{\"@type\":\"ImageObject\",\"inLanguage\":\"de\",\"@id\":\"https:\/\/www.striped-giraffe.com\/de\/#\/schema\/logo\/image\/\",\"url\":\"https:\/\/www.striped-giraffe.com\/wp-content\/uploads\/2021\/01\/giraffe_white.svg\",\"contentUrl\":\"https:\/\/www.striped-giraffe.com\/wp-content\/uploads\/2021\/01\/giraffe_white.svg\",\"caption\":\"Striped Giraffe\"},\"image\":{\"@id\":\"https:\/\/www.striped-giraffe.com\/de\/#\/schema\/logo\/image\/\"}}]}<\/script>\n<!-- \/ Yoast SEO Premium plugin. -->","yoast_head_json":{"title":"IT-Beratung - Striped Giraffe","description":"Die Herausforderungen, mit denen IT-Verantwortliche konfrontiert werden, steigen st\u00e4ndig. Hier k\u00f6nnen wir umfangreich unterst\u00fctzen.","robots":{"index":"index","follow":"follow","max-snippet":"max-snippet:-1","max-image-preview":"max-image-preview:large","max-video-preview":"max-video-preview:-1"},"canonical":"https:\/\/www.striped-giraffe.com\/de\/leistungen\/it-beratung\/","og_locale":"de_DE","og_type":"article","og_title":"IT-Beratung","og_description":"Die Herausforderungen, mit denen IT-Verantwortliche konfrontiert werden, steigen st\u00e4ndig. Hier k\u00f6nnen wir umfangreich unterst\u00fctzen.","og_url":"https:\/\/www.striped-giraffe.com\/de\/leistungen\/it-beratung\/","og_site_name":"Striped Giraffe","article_modified_time":"2024-01-24T16:38:41+00:00","og_image":[{"width":1400,"height":900,"url":"https:\/\/www.striped-giraffe.com\/wp-content\/uploads\/2023\/11\/Header_IT_Consulting.jpg","type":"image\/jpeg"}],"twitter_card":"summary_large_image","twitter_misc":{"Gesch\u00e4tzte Lesezeit":"3\u00a0Minuten"},"schema":{"@context":"https:\/\/schema.org","@graph":[{"@type":"WebPage","@id":"https:\/\/www.striped-giraffe.com\/de\/leistungen\/it-beratung\/","url":"https:\/\/www.striped-giraffe.com\/de\/leistungen\/it-beratung\/","name":"IT-Beratung - Striped Giraffe","isPartOf":{"@id":"https:\/\/www.striped-giraffe.com\/de\/#website"},"datePublished":"2021-01-06T14:54:56+00:00","dateModified":"2024-01-24T16:38:41+00:00","description":"Die Herausforderungen, mit denen IT-Verantwortliche konfrontiert werden, steigen st\u00e4ndig. Hier k\u00f6nnen wir umfangreich unterst\u00fctzen.","breadcrumb":{"@id":"https:\/\/www.striped-giraffe.com\/de\/leistungen\/it-beratung\/#breadcrumb"},"inLanguage":"de","potentialAction":[{"@type":"ReadAction","target":["https:\/\/www.striped-giraffe.com\/de\/leistungen\/it-beratung\/"]}]},{"@type":"BreadcrumbList","@id":"https:\/\/www.striped-giraffe.com\/de\/leistungen\/it-beratung\/#breadcrumb","itemListElement":[{"@type":"ListItem","position":1,"name":"Leistungen","item":"https:\/\/www.striped-giraffe.com\/de\/leistungen\/"},{"@type":"ListItem","position":2,"name":"IT-Beratung"}]},{"@type":"WebSite","@id":"https:\/\/www.striped-giraffe.com\/de\/#website","url":"https:\/\/www.striped-giraffe.com\/de\/","name":"Striped Giraffe","description":"Ihr zuverl\u00e4ssiger Anbieter f\u00fcr digitale Enterprise-L\u00f6sungen","publisher":{"@id":"https:\/\/www.striped-giraffe.com\/de\/#organization"},"potentialAction":[{"@type":"SearchAction","target":{"@type":"EntryPoint","urlTemplate":"https:\/\/www.striped-giraffe.com\/de\/?s={search_term_string}"},"query-input":"required name=search_term_string"}],"inLanguage":"de"},{"@type":"Organization","@id":"https:\/\/www.striped-giraffe.com\/de\/#organization","name":"Striped Giraffe","url":"https:\/\/www.striped-giraffe.com\/de\/","logo":{"@type":"ImageObject","inLanguage":"de","@id":"https:\/\/www.striped-giraffe.com\/de\/#\/schema\/logo\/image\/","url":"https:\/\/www.striped-giraffe.com\/wp-content\/uploads\/2021\/01\/giraffe_white.svg","contentUrl":"https:\/\/www.striped-giraffe.com\/wp-content\/uploads\/2021\/01\/giraffe_white.svg","caption":"Striped Giraffe"},"image":{"@id":"https:\/\/www.striped-giraffe.com\/de\/#\/schema\/logo\/image\/"}}]}},"_links":{"self":[{"href":"https:\/\/www.striped-giraffe.com\/de\/wp-json\/wp\/v2\/pages\/625"}],"collection":[{"href":"https:\/\/www.striped-giraffe.com\/de\/wp-json\/wp\/v2\/pages"}],"about":[{"href":"https:\/\/www.striped-giraffe.com\/de\/wp-json\/wp\/v2\/types\/page"}],"author":[{"embeddable":true,"href":"https:\/\/www.striped-giraffe.com\/de\/wp-json\/wp\/v2\/users\/2"}],"replies":[{"embeddable":true,"href":"https:\/\/www.striped-giraffe.com\/de\/wp-json\/wp\/v2\/comments?post=625"}],"version-history":[{"count":29,"href":"https:\/\/www.striped-giraffe.com\/de\/wp-json\/wp\/v2\/pages\/625\/revisions"}],"predecessor-version":[{"id":35761,"href":"https:\/\/www.striped-giraffe.com\/de\/wp-json\/wp\/v2\/pages\/625\/revisions\/35761"}],"up":[{"embeddable":true,"href":"https:\/\/www.striped-giraffe.com\/de\/wp-json\/wp\/v2\/pages\/833"}],"wp:featuredmedia":[{"embeddable":true,"href":"https:\/\/www.striped-giraffe.com\/de\/wp-json\/wp\/v2\/media\/35430"}],"wp:attachment":[{"href":"https:\/\/www.striped-giraffe.com\/de\/wp-json\/wp\/v2\/media?parent=625"}],"curies":[{"name":"wp","href":"https:\/\/api.w.org\/{rel}","templated":true}]}}