{"id":631,"date":"2021-01-06T16:46:59","date_gmt":"2021-01-06T15:46:59","guid":{"rendered":"https:\/\/relaunch.striped-giraffe.com\/?page_id=631"},"modified":"2024-01-24T17:40:36","modified_gmt":"2024-01-24T16:40:36","slug":"projektmanagement","status":"publish","type":"page","link":"https:\/\/www.striped-giraffe.com\/de\/leistungen\/projektmanagement\/","title":{"rendered":"Projektmanagement"},"content":{"rendered":"<section class=\"wpb-content-wrapper\"><p>[vc_row full_width=&#8220;stretch_row&#8220; full_height=&#8220;yes&#8220; bg_type=&#8220;image&#8220; parallax_style=&#8220;vcpb-default&#8220; bg_image_new=&#8220;id^19797|url^https:\/\/www.striped-giraffe.com\/wp-content\/uploads\/2021\/01\/Projectmanagement-1.jpg|caption^Cogwheels and gears mechanism on digital business background|alt^null|title^Working mechanism|description^null&#8220; css=&#8220;.vc_custom_1610736246586{background-position: center !important;background-repeat: no-repeat !important;background-size: cover !important;}&#8220;][vc_column css_animation=&#8220;slideInUp&#8220;][vc_column_text]<\/p>\n<h1 style=\"text-align: left;\"><span style=\"color: #ffffff;\">Projektmanagement<\/span><\/h1>\n<p>[\/vc_column_text][\/vc_column][\/vc_row][vc_row el_class=&#8220;closetotop&#8220; css=&#8220;.vc_custom_1609844996078{padding-top: 50px !important;background-color: #ffffff !important;}&#8220;][vc_column][vc_column_text]<\/p>\n<h3>Erstklassige digitale L\u00f6sungen erfordern erstklassiges Projektmanagement. Daf\u00fcr setzen wir nur erfahrene Experten ein.<\/h3>\n<p>[\/vc_column_text][vc_separator color=&#8220;black&#8220; border_width=&#8220;5&#8243; el_width=&#8220;10&#8243; css=&#8220;.vc_custom_1609845029454{margin-top: 50px !important;}&#8220;][\/vc_column][\/vc_row][vc_row gap=&#8220;35&#8243; css=&#8220;.vc_custom_1615989948586{margin-top: 0px !important;margin-bottom: 50px !important;}&#8220;][vc_column width=&#8220;1\/3&#8243;][vc_column_text]<\/p>\n<h2 class=\"headline_superbig\">Digitale L\u00f6sungen, die alle Anforderungen erf\u00fcllen<\/h2>\n<p>[\/vc_column_text][\/vc_column][vc_column width=&#8220;2\/3&#8243; css=&#8220;.vc_custom_1612257454456{padding-left: 0px !important;}&#8220;][vc_column_text]Wir setzen nur Projektmanager ein, die neben einem tiefen IT-Verst\u00e4ndnis auch \u00fcber langj\u00e4hrige Erfahrung in unterschiedlichen Branchen und M\u00e4rkten verf\u00fcgen. Sie vereinen Methoden agiler und schlanker Produktentwicklung effektiv und effizient mit wesentlichen Aspekten des klassischen Projektmanagements.[\/vc_column_text][vc_column_text css=&#8220;.vc_custom_1610988864125{margin-top: 25px !important;}&#8220;]Projektmanager verantworten das Gesamtergebnis des Projekts: Sie stehen daf\u00fcr ein, dass die entwickelte L\u00f6sung die unterschiedlichen Anforderungen aus den Bereichen Business, Anwender und Technologie optimal erf\u00fcllt. Dies kann nur gelingen, wenn sie kompetent und erfahren sind, und so die Beitr\u00e4ge der Spezialisten optimal integrieren und aufeinander abstimmen k\u00f6nnen. In kleineren Projekten \u00fcbernehmen unsere Projektleiter oft das Anforderungsmanagement und das funktionale Design.[\/vc_column_text][\/vc_column][\/vc_row][vc_row gap=&#8220;35&#8243; css=&#8220;.vc_custom_1615989958206{margin-top: 0px !important;margin-bottom: 50px !important;}&#8220;][vc_column width=&#8220;1\/3&#8243;][vc_column_text]<\/p>\n<h2 class=\"headline_superbig\">Unsere Allrounder<\/h2>\n<p>[\/vc_column_text][\/vc_column][vc_column width=&#8220;2\/3&#8243;][vc_column_text]Nat\u00fcrlich verantworten unsere Projektmanager das klassische Quartett von Scope, Quality, Time &amp; Cost. Ebenso verantworten sie wirksames Issue, Risk und Change Management sowie die effektive Kommunikation mit Beteiligten innerhalb und au\u00dferhalb des Projekts. Unsere Projektmanager und Business Analysts unterst\u00fctzen Governance-Aktivit\u00e4ten aktiv sowohl bez\u00fcglich des Project Boards als auch hinsichtlich Qualit\u00e4tsmanagement, IT Sicherheit, Risk Management und Datenschutz. Ebenso f\u00f6rdern sie kontinuierliche Verbesserungsprozesse im Projekt.<\/p>\n<p>Wir sehen keinen Widerspruch zwischen agilen Vorgehensmodellen und klassischem Projektmanagement. Das Beste aus beiden Welten macht gem\u00e4\u00df unserer Erfahrung den Erfolg eines Projektes aus.[\/vc_column_text][\/vc_column][\/vc_row][vc_row gap=&#8220;35&#8243; css=&#8220;.vc_custom_1615989968217{margin-top: 0px !important;margin-bottom: 50px !important;}&#8220;][vc_column width=&#8220;1\/3&#8243;][vc_column_text]<\/p>\n<h2 class=\"headline_superbig\"><span style=\"color: #000000;\">Programm-Management<\/span><\/h2>\n<p>[\/vc_column_text][\/vc_column][vc_column width=&#8220;2\/3&#8243;][vc_column_text]<span style=\"color: #000000;\">Das Gleiche gilt nat\u00fcrlich auch f\u00fcr komplexe Programme, die von unseren Experten begleitet oder komplett umgesetzt werden k\u00f6nnen.<\/span>[\/vc_column_text][\/vc_column][\/vc_row][vc_row gap=&#8220;35&#8243; css=&#8220;.vc_custom_1615989811426{margin-top: 100px !important;margin-bottom: 100px !important;}&#8220;][vc_column width=&#8220;1\/3&#8243;][vc_column_text]<\/p>\n<h2 class=\"headline_superbig\">Wir bieten Ihnen mehr<\/h2>\n<p>[\/vc_column_text][\/vc_column][vc_column width=&#8220;2\/3&#8243; css=&#8220;.vc_custom_1610982702924{padding-left: 0px !important;}&#8220;][vc_column_text]Zus\u00e4tzlich zu unserem Projektmanagement bieten wir Ihnen Dienstleistungen im Bereich <a href=\"https:\/\/www.striped-giraffe.com\/de\/leistungen\/it-beratung\/\">IT-Beratung<\/a>, <a href=\"https:\/\/www.striped-giraffe.com\/de\/leistungen\/entwicklung\/\">Entwicklung<\/a>, <a href=\"https:\/\/www.striped-giraffe.com\/de\/leistungen\/delivery-management\/\">Delivery Management<\/a> und <a href=\"https:\/\/www.striped-giraffe.com\/de\/leistungen\/ux-ui\/\">User Experience<\/a> an. Sie erhalten von uns je nach Bedarf entweder <span style=\"color: #ef6c00;\">einzelne L\u00f6sungen<\/span> oder <span style=\"color: #ef6c00;\">alles aus einer Hand<\/span>.[\/vc_column_text][\/vc_column][\/vc_row][vc_row full_width=&#8220;stretch_row&#8220; css=&#8220;.vc_custom_1705587310854{margin-bottom: 50px !important;}&#8220;][vc_column][vc_row_inner][vc_column_inner width=&#8220;1\/3&#8243;][vc_column_text]<\/p>\n<h2 class=\"headline_superbig\">Let&#8217;s talk<\/h2>\n<p>[\/vc_column_text][\/vc_column_inner][vc_column_inner width=&#8220;2\/3&#8243;][vc_column_text]<\/p>\n<h3>Brauchen Sie ein <strong>konkretes Angebot<\/strong> oder suchen Sie einen <strong>Sparringspartner<\/strong>, mit dem sie Ideen diskutieren und entwickeln k\u00f6nnen?<\/h3>\n<h3>Dann melden Sie sich:<\/h3>\n<ul>\n<li><a href=\"mailto:experts@striped-giraffe.com\">experts@striped-giraffe.com<\/a><\/li>\n<li><span style=\"color: #ef6c00;\">+49 (0)89-416 126-667<\/span><\/li>\n<\/ul>\n<p>[\/vc_column_text]<a class=\"calendly\" href=\"\" onclick=\"Calendly.initPopupWidget({url: 'https:\/\/calendly.com\/striped-giraffe\/30min'});return false;\">Termin vereinbaren<\/a>[vc_column_text css=&#8220;.vc_custom_1705936147633{margin-top: 32px !important;}&#8220;]<\/p>\n<h3>Wir unterst\u00fctzen Sie gerne.<\/h3>\n<p>[\/vc_column_text][\/vc_column_inner][\/vc_row_inner][\/vc_column][\/vc_row][vc_row][vc_column][vc_empty_space height=&#8220;100px&#8220;][\/vc_column][\/vc_row]<\/p>\n<\/section>","protected":false},"excerpt":{"rendered":"<p>[vc_row full_width=&#8220;stretch_row&#8220; full_height=&#8220;yes&#8220; bg_type=&#8220;image&#8220; parallax_style=&#8220;vcpb-default&#8220; bg_image_new=&#8220;id^19797|url^https:\/\/www.striped-giraffe.com\/wp-content\/uploads\/2021\/01\/Projectmanagement-1.jpg|caption^Cogwheels and gears mechanism on digital business background|alt^null|title^Working mechanism|description^null&#8220; css=&#8220;.vc_custom_1610736246586{background-position: center !important;background-repeat: no-repeat !important;background-size: cover [&hellip;]<\/p>\n","protected":false},"author":2,"featured_media":19795,"parent":833,"menu_order":0,"comment_status":"closed","ping_status":"closed","template":"","meta":{"footnotes":""},"acf":[],"yoast_head":"<!-- This site is optimized with the Yoast SEO Premium plugin v20.5 (Yoast SEO v20.5) - https:\/\/yoast.com\/wordpress\/plugins\/seo\/ -->\n<title>Projektmanagement der Extraklasse danke erfahrener Teams<\/title>\n<meta name=\"description\" content=\"Wir setzen im Projektmanagement nur Mitarbeiter mit tiefem IT-Verst\u00e4ndnis und Erfahrung in unterschiedlichen Branchen und M\u00e4rkten ein.\" \/>\n<meta name=\"robots\" content=\"index, follow, max-snippet:-1, max-image-preview:large, max-video-preview:-1\" \/>\n<link rel=\"canonical\" href=\"https:\/\/www.striped-giraffe.com\/de\/leistungen\/projektmanagement\/\" \/>\n<meta property=\"og:locale\" content=\"de_DE\" \/>\n<meta property=\"og:type\" content=\"article\" \/>\n<meta property=\"og:title\" content=\"Projektmanagement\" \/>\n<meta property=\"og:description\" content=\"Wir setzen im Projektmanagement nur Mitarbeiter mit tiefem IT-Verst\u00e4ndnis und Erfahrung in unterschiedlichen Branchen und M\u00e4rkten ein.\" \/>\n<meta property=\"og:url\" content=\"https:\/\/www.striped-giraffe.com\/de\/leistungen\/projektmanagement\/\" \/>\n<meta property=\"og:site_name\" content=\"Striped Giraffe\" \/>\n<meta property=\"article:modified_time\" content=\"2024-01-24T16:40:36+00:00\" \/>\n<meta property=\"og:image\" content=\"https:\/\/www.striped-giraffe.com\/wp-content\/uploads\/2021\/01\/Projectmanagement_Teaser.jpg\" \/>\n\t<meta property=\"og:image:width\" content=\"845\" \/>\n\t<meta property=\"og:image:height\" content=\"960\" \/>\n\t<meta property=\"og:image:type\" content=\"image\/jpeg\" \/>\n<meta name=\"twitter:card\" content=\"summary_large_image\" \/>\n<meta name=\"twitter:label1\" content=\"Gesch\u00e4tzte Lesezeit\" \/>\n\t<meta name=\"twitter:data1\" content=\"3\u00a0Minuten\" \/>\n<script type=\"application\/ld+json\" class=\"yoast-schema-graph\">{\"@context\":\"https:\/\/schema.org\",\"@graph\":[{\"@type\":\"WebPage\",\"@id\":\"https:\/\/www.striped-giraffe.com\/de\/leistungen\/projektmanagement\/\",\"url\":\"https:\/\/www.striped-giraffe.com\/de\/leistungen\/projektmanagement\/\",\"name\":\"Projektmanagement der Extraklasse danke erfahrener Teams\",\"isPartOf\":{\"@id\":\"https:\/\/www.striped-giraffe.com\/de\/#website\"},\"datePublished\":\"2021-01-06T15:46:59+00:00\",\"dateModified\":\"2024-01-24T16:40:36+00:00\",\"description\":\"Wir setzen im Projektmanagement nur Mitarbeiter mit tiefem IT-Verst\u00e4ndnis und Erfahrung in unterschiedlichen Branchen und M\u00e4rkten ein.\",\"breadcrumb\":{\"@id\":\"https:\/\/www.striped-giraffe.com\/de\/leistungen\/projektmanagement\/#breadcrumb\"},\"inLanguage\":\"de\",\"potentialAction\":[{\"@type\":\"ReadAction\",\"target\":[\"https:\/\/www.striped-giraffe.com\/de\/leistungen\/projektmanagement\/\"]}]},{\"@type\":\"BreadcrumbList\",\"@id\":\"https:\/\/www.striped-giraffe.com\/de\/leistungen\/projektmanagement\/#breadcrumb\",\"itemListElement\":[{\"@type\":\"ListItem\",\"position\":1,\"name\":\"Leistungen\",\"item\":\"https:\/\/www.striped-giraffe.com\/de\/leistungen\/\"},{\"@type\":\"ListItem\",\"position\":2,\"name\":\"Projektmanagement\"}]},{\"@type\":\"WebSite\",\"@id\":\"https:\/\/www.striped-giraffe.com\/de\/#website\",\"url\":\"https:\/\/www.striped-giraffe.com\/de\/\",\"name\":\"Striped Giraffe\",\"description\":\"Ihr zuverl\u00e4ssiger Anbieter f\u00fcr digitale Enterprise-L\u00f6sungen\",\"publisher\":{\"@id\":\"https:\/\/www.striped-giraffe.com\/de\/#organization\"},\"potentialAction\":[{\"@type\":\"SearchAction\",\"target\":{\"@type\":\"EntryPoint\",\"urlTemplate\":\"https:\/\/www.striped-giraffe.com\/de\/?s={search_term_string}\"},\"query-input\":\"required name=search_term_string\"}],\"inLanguage\":\"de\"},{\"@type\":\"Organization\",\"@id\":\"https:\/\/www.striped-giraffe.com\/de\/#organization\",\"name\":\"Striped Giraffe\",\"url\":\"https:\/\/www.striped-giraffe.com\/de\/\",\"logo\":{\"@type\":\"ImageObject\",\"inLanguage\":\"de\",\"@id\":\"https:\/\/www.striped-giraffe.com\/de\/#\/schema\/logo\/image\/\",\"url\":\"https:\/\/www.striped-giraffe.com\/wp-content\/uploads\/2021\/01\/giraffe_white.svg\",\"contentUrl\":\"https:\/\/www.striped-giraffe.com\/wp-content\/uploads\/2021\/01\/giraffe_white.svg\",\"caption\":\"Striped Giraffe\"},\"image\":{\"@id\":\"https:\/\/www.striped-giraffe.com\/de\/#\/schema\/logo\/image\/\"}}]}<\/script>\n<!-- \/ Yoast SEO Premium plugin. -->","yoast_head_json":{"title":"Projektmanagement der Extraklasse danke erfahrener Teams","description":"Wir setzen im Projektmanagement nur Mitarbeiter mit tiefem IT-Verst\u00e4ndnis und Erfahrung in unterschiedlichen Branchen und M\u00e4rkten ein.","robots":{"index":"index","follow":"follow","max-snippet":"max-snippet:-1","max-image-preview":"max-image-preview:large","max-video-preview":"max-video-preview:-1"},"canonical":"https:\/\/www.striped-giraffe.com\/de\/leistungen\/projektmanagement\/","og_locale":"de_DE","og_type":"article","og_title":"Projektmanagement","og_description":"Wir setzen im Projektmanagement nur Mitarbeiter mit tiefem IT-Verst\u00e4ndnis und Erfahrung in unterschiedlichen Branchen und M\u00e4rkten ein.","og_url":"https:\/\/www.striped-giraffe.com\/de\/leistungen\/projektmanagement\/","og_site_name":"Striped Giraffe","article_modified_time":"2024-01-24T16:40:36+00:00","og_image":[{"width":845,"height":960,"url":"https:\/\/www.striped-giraffe.com\/wp-content\/uploads\/2021\/01\/Projectmanagement_Teaser.jpg","type":"image\/jpeg"}],"twitter_card":"summary_large_image","twitter_misc":{"Gesch\u00e4tzte Lesezeit":"3\u00a0Minuten"},"schema":{"@context":"https:\/\/schema.org","@graph":[{"@type":"WebPage","@id":"https:\/\/www.striped-giraffe.com\/de\/leistungen\/projektmanagement\/","url":"https:\/\/www.striped-giraffe.com\/de\/leistungen\/projektmanagement\/","name":"Projektmanagement der Extraklasse danke erfahrener Teams","isPartOf":{"@id":"https:\/\/www.striped-giraffe.com\/de\/#website"},"datePublished":"2021-01-06T15:46:59+00:00","dateModified":"2024-01-24T16:40:36+00:00","description":"Wir setzen im Projektmanagement nur Mitarbeiter mit tiefem IT-Verst\u00e4ndnis und Erfahrung in unterschiedlichen Branchen und M\u00e4rkten ein.","breadcrumb":{"@id":"https:\/\/www.striped-giraffe.com\/de\/leistungen\/projektmanagement\/#breadcrumb"},"inLanguage":"de","potentialAction":[{"@type":"ReadAction","target":["https:\/\/www.striped-giraffe.com\/de\/leistungen\/projektmanagement\/"]}]},{"@type":"BreadcrumbList","@id":"https:\/\/www.striped-giraffe.com\/de\/leistungen\/projektmanagement\/#breadcrumb","itemListElement":[{"@type":"ListItem","position":1,"name":"Leistungen","item":"https:\/\/www.striped-giraffe.com\/de\/leistungen\/"},{"@type":"ListItem","position":2,"name":"Projektmanagement"}]},{"@type":"WebSite","@id":"https:\/\/www.striped-giraffe.com\/de\/#website","url":"https:\/\/www.striped-giraffe.com\/de\/","name":"Striped Giraffe","description":"Ihr zuverl\u00e4ssiger Anbieter f\u00fcr digitale Enterprise-L\u00f6sungen","publisher":{"@id":"https:\/\/www.striped-giraffe.com\/de\/#organization"},"potentialAction":[{"@type":"SearchAction","target":{"@type":"EntryPoint","urlTemplate":"https:\/\/www.striped-giraffe.com\/de\/?s={search_term_string}"},"query-input":"required name=search_term_string"}],"inLanguage":"de"},{"@type":"Organization","@id":"https:\/\/www.striped-giraffe.com\/de\/#organization","name":"Striped Giraffe","url":"https:\/\/www.striped-giraffe.com\/de\/","logo":{"@type":"ImageObject","inLanguage":"de","@id":"https:\/\/www.striped-giraffe.com\/de\/#\/schema\/logo\/image\/","url":"https:\/\/www.striped-giraffe.com\/wp-content\/uploads\/2021\/01\/giraffe_white.svg","contentUrl":"https:\/\/www.striped-giraffe.com\/wp-content\/uploads\/2021\/01\/giraffe_white.svg","caption":"Striped Giraffe"},"image":{"@id":"https:\/\/www.striped-giraffe.com\/de\/#\/schema\/logo\/image\/"}}]}},"_links":{"self":[{"href":"https:\/\/www.striped-giraffe.com\/de\/wp-json\/wp\/v2\/pages\/631"}],"collection":[{"href":"https:\/\/www.striped-giraffe.com\/de\/wp-json\/wp\/v2\/pages"}],"about":[{"href":"https:\/\/www.striped-giraffe.com\/de\/wp-json\/wp\/v2\/types\/page"}],"author":[{"embeddable":true,"href":"https:\/\/www.striped-giraffe.com\/de\/wp-json\/wp\/v2\/users\/2"}],"replies":[{"embeddable":true,"href":"https:\/\/www.striped-giraffe.com\/de\/wp-json\/wp\/v2\/comments?post=631"}],"version-history":[{"count":28,"href":"https:\/\/www.striped-giraffe.com\/de\/wp-json\/wp\/v2\/pages\/631\/revisions"}],"predecessor-version":[{"id":35762,"href":"https:\/\/www.striped-giraffe.com\/de\/wp-json\/wp\/v2\/pages\/631\/revisions\/35762"}],"up":[{"embeddable":true,"href":"https:\/\/www.striped-giraffe.com\/de\/wp-json\/wp\/v2\/pages\/833"}],"wp:featuredmedia":[{"embeddable":true,"href":"https:\/\/www.striped-giraffe.com\/de\/wp-json\/wp\/v2\/media\/19795"}],"wp:attachment":[{"href":"https:\/\/www.striped-giraffe.com\/de\/wp-json\/wp\/v2\/media?parent=631"}],"curies":[{"name":"wp","href":"https:\/\/api.w.org\/{rel}","templated":true}]}}