{"id":640,"date":"2021-01-06T17:00:45","date_gmt":"2021-01-06T16:00:45","guid":{"rendered":"https:\/\/relaunch.striped-giraffe.com\/?page_id=640"},"modified":"2024-11-13T14:06:50","modified_gmt":"2024-11-13T13:06:50","slug":"entwicklung","status":"publish","type":"page","link":"https:\/\/www.striped-giraffe.com\/de\/leistungen\/entwicklung\/","title":{"rendered":"Entwicklung"},"content":{"rendered":"<section class=\"wpb-content-wrapper\"><p>[vc_row full_width=&#8220;stretch_row&#8220; full_height=&#8220;yes&#8220; bg_type=&#8220;image&#8220; parallax_style=&#8220;vcpb-default&#8220; bg_image_new=&#8220;id^38312|url^https:\/\/www.striped-giraffe.com\/wp-content\/uploads\/2024\/10\/Header_SW_development.jpg|caption^individual software development|alt^individual software development|title^Digital technology, software development concept. Coding program|description^individual software development&#8220; css=&#8220;.vc_custom_1730128084399{background-position: center !important;background-repeat: no-repeat !important;background-size: cover !important;}&#8220;][vc_column css_animation=&#8220;slideInUp&#8220;][vc_column_text]<\/p>\n<h1 style=\"text-align: left;\"><span style=\"color: #ffffff;\">Entwicklung<\/span><\/h1>\n<p>[\/vc_column_text][\/vc_column][\/vc_row][vc_row el_class=&#8220;closetotop&#8220; css=&#8220;.vc_custom_1609844996078{padding-top: 50px !important;background-color: #ffffff !important;}&#8220;][vc_column][vc_column_text]<\/p>\n<h2 class=\"headline_introduction\" style=\"text-align: center;\">Individuelle Software-Entwicklung mit Fokus auf Java und modernste<br \/>\nFrontend-Technologien<\/h2>\n<p>[\/vc_column_text][vc_separator color=&#8220;black&#8220; border_width=&#8220;5&#8243; el_width=&#8220;10&#8243; css=&#8220;.vc_custom_1609845029454{margin-top: 50px !important;}&#8220;][\/vc_column][\/vc_row][vc_row gap=&#8220;20&#8243; css=&#8220;.vc_custom_1706114597556{margin-top: 100px !important;margin-bottom: 50px !important;}&#8220;][vc_column width=&#8220;1\/3&#8243;][vc_column_text]<\/p>\n<h2 class=\"headline_superbig\">Wir entwickeln innovative L\u00f6sungen<\/h2>\n<p>[\/vc_column_text][\/vc_column][vc_column width=&#8220;2\/3&#8243;][vc_column_text]Als Experten f\u00fcr individuelle Software-Entwicklung bieten wir Ihnen ma\u00dfgeschneiderte L\u00f6sungen, die sowohl Backend- als auch Frontend-Kompetenzen umfassen. Dabei legen wir besonderen Wert auf die Java-basierte Software-Entwicklung.<\/p>\n<p>Selbstverst\u00e4ndlich werden sowohl bei der Konzeption als auch bei der Entwicklung und Implementierung s\u00e4mtliche Systeme und Prozesse in Ihrem Unternehmen ber\u00fccksichtigt.[\/vc_column_text][\/vc_column][\/vc_row][vc_row gap=&#8220;20&#8243; css=&#8220;.vc_custom_1706114597556{margin-top: 100px !important;margin-bottom: 50px !important;}&#8220;][vc_column width=&#8220;1\/3&#8243;][\/vc_column][vc_column width=&#8220;2\/3&#8243;][vc_column_text]<\/p>\n<blockquote>\n<p style=\"text-align: center;\">Unsere Leidenschaft f\u00fcr zielorientierte Software-L\u00f6sungen spiegelt sich in jedem unserer Entwickler wider.<\/p>\n<\/blockquote>\n<p>[\/vc_column_text][\/vc_column][\/vc_row][vc_row gap=&#8220;20&#8243; css=&#8220;.vc_custom_1730112876639{margin-top: 0px !important;}&#8220;][vc_column width=&#8220;1\/3&#8243;][vc_column_text]<\/p>\n<h2 class=\"headline_superbig\">Systemwahl<\/h2>\n<p>[\/vc_column_text][\/vc_column][vc_column width=&#8220;2\/3&#8243;][vc_column_text]<\/p>\n<h3>Java<\/h3>\n<p>Java ist seit Jahrzehnten bew\u00e4hrt und erm\u00f6glicht uns, hoch performante, skalierbare und sichere Anwendungen zu entwickeln, die f\u00fcr verschiedene Branchen und Anforderungen ma\u00dfgeschneidert sind. Ob Sie robuste Business-Anwendungen, komplexe Datenverarbeitungssysteme oder Microservices ben\u00f6tigen \u2013 mit unserer Expertise in Java realisieren wir zukunftssichere Softwarel\u00f6sungen, die Ihren spezifischen Anforderungen gerecht werden.[\/vc_column_text][vc_empty_space][vc_column_text]<\/p>\n<h3>JavaScript-Frameworks<\/h3>\n<p>Neben Java beherrschen wir eine breite Palette an modernen JavaScript-Frameworks f\u00fcr das <strong>Frontend<\/strong>, die eine entscheidende Rolle bei der Erstellung interaktiver und leistungsf\u00e4higer Benutzeroberfl\u00e4chen spielen.<\/p>\n<p>Wir setzen auf bew\u00e4hrte Technologien, um Anwendungen zu entwickeln, die nicht nur \u00e4sthetisch ansprechend, sondern auch intuitiv und effizient in der Nutzung sind.[\/vc_column_text][\/vc_column][\/vc_row][vc_row gap=&#8220;20&#8243; css=&#8220;.vc_custom_1731495146107{margin-top: 0px !important;margin-bottom: 50px !important;}&#8220;][vc_column width=&#8220;1\/6&#8243;][\/vc_column][vc_column width=&#8220;1\/6&#8243;][\/vc_column][vc_column width=&#8220;1\/6&#8243;][vc_single_image image=&#8220;38304&#8243; img_size=&#8220;medium&#8220; alignment=&#8220;center&#8220;][\/vc_column][vc_column width=&#8220;1\/6&#8243;][vc_single_image image=&#8220;38302&#8243; img_size=&#8220;medium&#8220; alignment=&#8220;center&#8220;][\/vc_column][vc_column width=&#8220;1\/6&#8243;][vc_single_image image=&#8220;38309&#8243; img_size=&#8220;medium&#8220; alignment=&#8220;center&#8220;][\/vc_column][vc_column width=&#8220;1\/6&#8243;][\/vc_column][\/vc_row][vc_row gap=&#8220;20&#8243;][vc_column width=&#8220;1\/3&#8243;][\/vc_column][vc_column width=&#8220;2\/3&#8243;][vc_column_text]F\u00fcr besonders anspruchsvolle Anwendungen bieten wir zus\u00e4tzlich tiefgehendes Know-how in <strong>Next.js<\/strong>, einem f\u00fchrenden Framework f\u00fcr serverseitig gerenderte Anwendungen, das sich durch hervorragende Performance und Flexibilit\u00e4t auszeichnet. In Kombination mit <strong>GraphQL<\/strong> schaffen wir Datenabfragen, die effizient und flexibel gestaltet sind, um Ihre Anwendungen noch schneller und nutzerfreundlicher zu machen.[\/vc_column_text][\/vc_column][\/vc_row][vc_row gap=&#8220;20&#8243;][vc_column width=&#8220;1\/3&#8243;][\/vc_column][vc_column width=&#8220;2\/3&#8243;][vc_column_text]<\/p>\n<h3>Frontend-as-a-Service<\/h3>\n<p>Wenn wir von Frontend sprechen, dann gibt es neben den JavaScript-Frameworks auch Frontend-as-a-Service (FEaaS). Ihre Architektur ist so konzipiert, dass sie Headless Commerce unterst\u00fctzen und Entwicklern die Flexibilit\u00e4t bieten, L\u00f6sungen \u00fcber mehrere Kan\u00e4le hinweg anzupassen und zu skalieren. Sie lassen sich nahtlose in verschiedene E-Commerce-Systeme und -Dienste integrieren.<\/p>\n<p>[\/vc_column_text][\/vc_column][\/vc_row][vc_row gap=&#8220;20&#8243; disable_element=&#8220;yes&#8220; css=&#8220;.vc_custom_1731503098451{margin-top: 0px !important;margin-bottom: 50px !important;}&#8220;][vc_column width=&#8220;1\/6&#8243;][\/vc_column][vc_column width=&#8220;1\/6&#8243;][\/vc_column][vc_column width=&#8220;1\/6&#8243;][vc_single_image image=&#8220;38304&#8243; img_size=&#8220;medium&#8220; alignment=&#8220;center&#8220;][\/vc_column][vc_column width=&#8220;1\/6&#8243;][\/vc_column][vc_column width=&#8220;1\/6&#8243;][\/vc_column][vc_column width=&#8220;1\/6&#8243;][\/vc_column][\/vc_row][vc_row gap=&#8220;20&#8243; css=&#8220;.vc_custom_1731503152707{margin-top: 50px !important;margin-bottom: 100px !important;}&#8220;][vc_column width=&#8220;1\/3&#8243;][vc_column_text]<\/p>\n<h2 class=\"headline_superbig\">Unser<br \/>\nAngebot<\/h2>\n<p>[\/vc_column_text][\/vc_column][vc_column width=&#8220;2\/3&#8243;][vc_column_text]Unser Ziel ist es, gemeinsam mit Ihnen ma\u00dfgeschneiderte Software zu entwickeln, die nicht nur Ihre Anforderungen erf\u00fcllt, sondern auch zukunftssicher und erweiterbar ist.<\/p>\n<p>Dabei entwickeln wir Ihre individuelle L\u00f6sung komplett eigenst\u00e4ndig mit unseren Experten oder erg\u00e4nzen Ihr bestehendes Team mit unserer Expertise.<\/p>\n<p>Wir bieten Ihnen in diesem Zusammenhang folgende Leistungen:<\/p>\n<ul>\n<li>Planung\/Konzeption<\/li>\n<li>Audits<\/li>\n<li>Software-Architektur<\/li>\n<li>Solution-Architektur<\/li>\n<li>Enterprise-Architektur<\/li>\n<li>JAVA-Programmierung<\/li>\n<li>Tests<\/li>\n<li>Anwender-Schulung<\/li>\n<\/ul>\n<p>[\/vc_column_text][vc_empty_space][vc_column_text]Selbstverst\u00e4ndlich werden sowohl bei der Konzeption als auch bei der Entwicklung und Implementierung s\u00e4mtliche Systeme und Prozesse in Ihrem Unternehmen ber\u00fccksichtigt.<\/p>\n<p>Zus\u00e4tzlich zu unserer individuellen Software-Entwicklung bieten wir Ihnen Dienstleistungen im Bereich\u00a0<a href=\"https:\/\/www.striped-giraffe.com\/de\/leistungen\/projektmanagement\/\">Projektmanagement<\/a>,\u00a0<a href=\"https:\/\/www.striped-giraffe.com\/de\/leistungen\/delivery-management\/\">Delivery Management<\/a>,\u00a0<a href=\"https:\/\/www.striped-giraffe.com\/de\/leistungen\/it-beratung\/\">IT-Beratung<\/a>, <a href=\"https:\/\/www.striped-giraffe.com\/de\/leistungen\/qualitaetssicherung\/\">Qualit\u00e4tssicherung<\/a> und\u00a0<a href=\"https:\/\/www.striped-giraffe.com\/de\/leistungen\/ux-ui\/\">User Experience<\/a>\u00a0an. Sie erhalten von uns je nach Bedarf entweder spezifische Einzelleistungen oder eine Gesamtl\u00f6sung.<\/p>\n<p>Kontaktieren Sie uns dazu unter <a href=\"mailto:experts@striped-giraffe.com\">experts@striped-giraffe.com<\/a>.[\/vc_column_text][\/vc_column][\/vc_row][vc_row full_width=&#8220;stretch_row&#8220; gap=&#8220;20&#8243; css=&#8220;.vc_custom_1706114637560{margin-bottom: 50px !important;}&#8220;][vc_column][vc_row_inner][vc_column_inner width=&#8220;1\/3&#8243;][vc_column_text]<\/p>\n<h2 class=\"headline_superbig\">Let&#8217;s talk<\/h2>\n<p>[\/vc_column_text][\/vc_column_inner][vc_column_inner width=&#8220;2\/3&#8243;][vc_column_text]<\/p>\n<h3>Brauchen Sie ein <strong>konkretes Angebot<\/strong> oder suchen Sie einen <strong>Sparringspartner<\/strong>, mit dem sie Ideen diskutieren und entwickeln k\u00f6nnen?<\/h3>\n<h3>Dann melden Sie sich:<\/h3>\n<ul>\n<li><a href=\"mailto:experts@striped-giraffe.com\">experts@striped-giraffe.com<\/a><\/li>\n<li><span style=\"color: #ef6c00;\">+49 (0)89-416 126-667<\/span><\/li>\n<\/ul>\n<p>[\/vc_column_text]<a class=\"calendly\" href=\"\" onclick=\"Calendly.initPopupWidget({url: 'https:\/\/calendly.com\/striped-giraffe\/30min'});return false;\">Termin vereinbaren<\/a>[vc_column_text css=&#8220;.vc_custom_1705936147633{margin-top: 32px !important;}&#8220;]<\/p>\n<h3>Wir unterst\u00fctzen Sie gerne.<\/h3>\n<p>[\/vc_column_text][\/vc_column_inner][\/vc_row_inner][\/vc_column][\/vc_row][vc_row][vc_column][vc_empty_space height=&#8220;100px&#8220;][\/vc_column][\/vc_row][vc_row full_width=&#8220;stretch_row&#8220; gap=&#8220;35&#8243; bg_type=&#8220;bg_color&#8220; css=&#8220;.vc_custom_1609934688295{margin-top: 0px !important;margin-bottom: 0px !important;padding-top: 100px !important;padding-bottom: 100px !important;}&#8220; bg_color_value=&#8220;#000000&#8243;][vc_column][vc_row_inner][vc_column_inner width=&#8220;1\/3&#8243; css=&#8220;.vc_custom_1610013762619{padding-right: 25px !important;}&#8220;][vc_column_text]<\/p>\n<h2><span style=\"color: #ef6c00;\">Wir schaffen Mehrwerte<\/span> <span style=\"color: #ffffff;\">f\u00fcr unsere Kunden.<\/span><\/h2>\n<p><span style=\"color: #ffffff;\">Das f\u00fchrt zu einer langj\u00e4hrigen Zusammenarbeit mit unseren Kunden, die wir sehr sch\u00e4tzen. Noch mehr E-Books, Case Studies und co. finden Sie in unseren <a href=\"https:\/\/www.striped-giraffe.com\/insights\/\">Insights<\/a>.<\/span>[\/vc_column_text][\/vc_column_inner][vc_column_inner width=&#8220;1\/3&#8243;]<div class=\"templatera_shortcode\"><div class=\"vc_row wpb_row vc_row-fluid\"><div class=\"wpb_column vc_column_container vc_col-sm-12\"><div class=\"vc_column-inner\"><div class=\"wpb_wrapper\"><div id='' class='teaserbox  nooverlay'><div class='teaserbox_inner'><div class='teaserheadline'><h2 style='color:#ef6c00;font-family:DinWebPro Bold;'>Technologie-\u00dcbersicht &amp; Evaluierungs-Prozess<\/h2><h3 style='color:#ffffff;'>Leitfaden zur Auswahl der richtige E-Commerce-L\u00f6sung 01<\/h3><\/div><div class='teaserlink'><a href='https:\/\/www.striped-giraffe.com\/de\/ecommerce-evaluationsleitfaden-01\/' style='color:#ffffff;'>Download<\/a><\/div><div class='wpb_single_image desktop_only'><img src='https:\/\/www.striped-giraffe.com\/wp-content\/uploads\/2022\/03\/Evaluation_Guide_01_Teaser_b-600x960.jpg' \/><\/div><div class='wpb_single_image mobile_only'><img src='https:\/\/www.striped-giraffe.com\/wp-content\/uploads\/2022\/03\/Evaluation_Guide_01_Teaser_b-600x700.jpg' \/><\/div><\/div><\/div><\/div><\/div><\/div><\/div><\/div>[\/vc_column_inner][vc_column_inner width=&#8220;1\/3&#8243;]<div class=\"templatera_shortcode\"><div class=\"vc_row wpb_row vc_row-fluid\"><div class=\"wpb_column vc_column_container vc_col-sm-12\"><div class=\"vc_column-inner\"><div class=\"wpb_wrapper\"><div id='' class='teaserbox  overlay'><div class='teaserbox_inner'><div class='teaserheadline'><h2 style='color:#ffffff;font-family:DinWebPro Bold;'>E-Book Personalisierung 02<\/h2><h3 style='color:#ffffff;'>E-Commerce Use Cases<\/h3><\/div><div class='teasertext'><div class='wpb_wrapper'>In diesem E-Book stellen wir viele praktische Beispiele vor und geben Tipps, wie einfach sich Personalisierungsma\u00dfnahmen umsetzen lassen.<\/div><\/div><div class='teaserlink'><a href='https:\/\/www.striped-giraffe.com\/ebook-personalisierung-02\/' style='color:#ffffff;'>Zum E-Book<\/a><\/div><div class='wpb_single_image desktop_only'><img src='https:\/\/www.striped-giraffe.com\/wp-content\/uploads\/2021\/01\/E-Book_Personalization02_Teaser-1-600x960.jpg' \/><\/div><div class='wpb_single_image mobile_only'><img src='https:\/\/www.striped-giraffe.com\/wp-content\/uploads\/2021\/01\/E-Book_Personalization02_Teaser-1-600x700.jpg' \/><\/div><\/div><\/div><\/div><\/div><\/div><\/div><\/div>[\/vc_column_inner][\/vc_row_inner][\/vc_column][\/vc_row]<\/p>\n<\/section>","protected":false},"excerpt":{"rendered":"Entwicklung Individuelle Software-Entwicklung mit Fokus auf Java und modernste Frontend-Technologien Wir entwickeln innovative L\u00f6sungen Als Experten f\u00fcr individuelle Software-Entwicklung bieten [...]","protected":false},"author":2,"featured_media":38312,"parent":833,"menu_order":0,"comment_status":"closed","ping_status":"closed","template":"","meta":{"footnotes":""},"acf":[],"yoast_head":"<!-- This site is optimized with the Yoast SEO Premium plugin v20.5 (Yoast SEO v20.5) - https:\/\/yoast.com\/wordpress\/plugins\/seo\/ -->\n<title>Professionelle Entwicklung innovativer L\u00f6sungen f\u00fcr Ihren Erfolg.<\/title>\n<meta name=\"description\" content=\"Wir stellen komplette Teams f\u00fcr die Entwicklung Ihrer L\u00f6sung in Eigenverantwortung oder erg\u00e4nzen Ihre Mannschaft mit unserer Expertise.\" \/>\n<meta name=\"robots\" content=\"index, follow, max-snippet:-1, max-image-preview:large, max-video-preview:-1\" \/>\n<link rel=\"canonical\" href=\"https:\/\/www.striped-giraffe.com\/de\/leistungen\/entwicklung\/\" \/>\n<meta property=\"og:locale\" content=\"de_DE\" \/>\n<meta property=\"og:type\" content=\"article\" \/>\n<meta property=\"og:title\" content=\"Entwicklung\" \/>\n<meta property=\"og:description\" content=\"Wir stellen komplette Teams f\u00fcr die Entwicklung Ihrer L\u00f6sung in Eigenverantwortung oder erg\u00e4nzen Ihre Mannschaft mit unserer Expertise.\" \/>\n<meta property=\"og:url\" content=\"https:\/\/www.striped-giraffe.com\/de\/leistungen\/entwicklung\/\" \/>\n<meta property=\"og:site_name\" content=\"Striped Giraffe\" \/>\n<meta property=\"article:modified_time\" content=\"2024-11-13T13:06:50+00:00\" \/>\n<meta property=\"og:image\" content=\"https:\/\/www.striped-giraffe.com\/wp-content\/uploads\/2024\/10\/Header_SW_development.jpg\" \/>\n\t<meta property=\"og:image:width\" content=\"1400\" \/>\n\t<meta property=\"og:image:height\" content=\"900\" \/>\n\t<meta property=\"og:image:type\" content=\"image\/jpeg\" \/>\n<meta name=\"twitter:card\" content=\"summary_large_image\" \/>\n<meta name=\"twitter:label1\" content=\"Gesch\u00e4tzte Lesezeit\" \/>\n\t<meta name=\"twitter:data1\" content=\"4\u00a0Minuten\" \/>\n<script type=\"application\/ld+json\" class=\"yoast-schema-graph\">{\"@context\":\"https:\/\/schema.org\",\"@graph\":[{\"@type\":\"WebPage\",\"@id\":\"https:\/\/www.striped-giraffe.com\/de\/leistungen\/entwicklung\/\",\"url\":\"https:\/\/www.striped-giraffe.com\/de\/leistungen\/entwicklung\/\",\"name\":\"Professionelle Entwicklung innovativer L\u00f6sungen f\u00fcr Ihren Erfolg.\",\"isPartOf\":{\"@id\":\"https:\/\/www.striped-giraffe.com\/de\/#website\"},\"datePublished\":\"2021-01-06T16:00:45+00:00\",\"dateModified\":\"2024-11-13T13:06:50+00:00\",\"description\":\"Wir stellen komplette Teams f\u00fcr die Entwicklung Ihrer L\u00f6sung in Eigenverantwortung oder erg\u00e4nzen Ihre Mannschaft mit unserer Expertise.\",\"breadcrumb\":{\"@id\":\"https:\/\/www.striped-giraffe.com\/de\/leistungen\/entwicklung\/#breadcrumb\"},\"inLanguage\":\"de\",\"potentialAction\":[{\"@type\":\"ReadAction\",\"target\":[\"https:\/\/www.striped-giraffe.com\/de\/leistungen\/entwicklung\/\"]}]},{\"@type\":\"BreadcrumbList\",\"@id\":\"https:\/\/www.striped-giraffe.com\/de\/leistungen\/entwicklung\/#breadcrumb\",\"itemListElement\":[{\"@type\":\"ListItem\",\"position\":1,\"name\":\"Leistungen\",\"item\":\"https:\/\/www.striped-giraffe.com\/de\/leistungen\/\"},{\"@type\":\"ListItem\",\"position\":2,\"name\":\"Entwicklung\"}]},{\"@type\":\"WebSite\",\"@id\":\"https:\/\/www.striped-giraffe.com\/de\/#website\",\"url\":\"https:\/\/www.striped-giraffe.com\/de\/\",\"name\":\"Striped Giraffe\",\"description\":\"Ihr zuverl\u00e4ssiger Anbieter f\u00fcr digitale Enterprise-L\u00f6sungen\",\"publisher\":{\"@id\":\"https:\/\/www.striped-giraffe.com\/de\/#organization\"},\"potentialAction\":[{\"@type\":\"SearchAction\",\"target\":{\"@type\":\"EntryPoint\",\"urlTemplate\":\"https:\/\/www.striped-giraffe.com\/de\/?s={search_term_string}\"},\"query-input\":\"required name=search_term_string\"}],\"inLanguage\":\"de\"},{\"@type\":\"Organization\",\"@id\":\"https:\/\/www.striped-giraffe.com\/de\/#organization\",\"name\":\"Striped Giraffe\",\"url\":\"https:\/\/www.striped-giraffe.com\/de\/\",\"logo\":{\"@type\":\"ImageObject\",\"inLanguage\":\"de\",\"@id\":\"https:\/\/www.striped-giraffe.com\/de\/#\/schema\/logo\/image\/\",\"url\":\"https:\/\/www.striped-giraffe.com\/wp-content\/uploads\/2021\/01\/giraffe_white.svg\",\"contentUrl\":\"https:\/\/www.striped-giraffe.com\/wp-content\/uploads\/2021\/01\/giraffe_white.svg\",\"caption\":\"Striped Giraffe\"},\"image\":{\"@id\":\"https:\/\/www.striped-giraffe.com\/de\/#\/schema\/logo\/image\/\"}}]}<\/script>\n<!-- \/ Yoast SEO Premium plugin. -->","yoast_head_json":{"title":"Professionelle Entwicklung innovativer L\u00f6sungen f\u00fcr Ihren Erfolg.","description":"Wir stellen komplette Teams f\u00fcr die Entwicklung Ihrer L\u00f6sung in Eigenverantwortung oder erg\u00e4nzen Ihre Mannschaft mit unserer Expertise.","robots":{"index":"index","follow":"follow","max-snippet":"max-snippet:-1","max-image-preview":"max-image-preview:large","max-video-preview":"max-video-preview:-1"},"canonical":"https:\/\/www.striped-giraffe.com\/de\/leistungen\/entwicklung\/","og_locale":"de_DE","og_type":"article","og_title":"Entwicklung","og_description":"Wir stellen komplette Teams f\u00fcr die Entwicklung Ihrer L\u00f6sung in Eigenverantwortung oder erg\u00e4nzen Ihre Mannschaft mit unserer Expertise.","og_url":"https:\/\/www.striped-giraffe.com\/de\/leistungen\/entwicklung\/","og_site_name":"Striped Giraffe","article_modified_time":"2024-11-13T13:06:50+00:00","og_image":[{"width":1400,"height":900,"url":"https:\/\/www.striped-giraffe.com\/wp-content\/uploads\/2024\/10\/Header_SW_development.jpg","type":"image\/jpeg"}],"twitter_card":"summary_large_image","twitter_misc":{"Gesch\u00e4tzte Lesezeit":"4\u00a0Minuten"},"schema":{"@context":"https:\/\/schema.org","@graph":[{"@type":"WebPage","@id":"https:\/\/www.striped-giraffe.com\/de\/leistungen\/entwicklung\/","url":"https:\/\/www.striped-giraffe.com\/de\/leistungen\/entwicklung\/","name":"Professionelle Entwicklung innovativer L\u00f6sungen f\u00fcr Ihren Erfolg.","isPartOf":{"@id":"https:\/\/www.striped-giraffe.com\/de\/#website"},"datePublished":"2021-01-06T16:00:45+00:00","dateModified":"2024-11-13T13:06:50+00:00","description":"Wir stellen komplette Teams f\u00fcr die Entwicklung Ihrer L\u00f6sung in Eigenverantwortung oder erg\u00e4nzen Ihre Mannschaft mit unserer Expertise.","breadcrumb":{"@id":"https:\/\/www.striped-giraffe.com\/de\/leistungen\/entwicklung\/#breadcrumb"},"inLanguage":"de","potentialAction":[{"@type":"ReadAction","target":["https:\/\/www.striped-giraffe.com\/de\/leistungen\/entwicklung\/"]}]},{"@type":"BreadcrumbList","@id":"https:\/\/www.striped-giraffe.com\/de\/leistungen\/entwicklung\/#breadcrumb","itemListElement":[{"@type":"ListItem","position":1,"name":"Leistungen","item":"https:\/\/www.striped-giraffe.com\/de\/leistungen\/"},{"@type":"ListItem","position":2,"name":"Entwicklung"}]},{"@type":"WebSite","@id":"https:\/\/www.striped-giraffe.com\/de\/#website","url":"https:\/\/www.striped-giraffe.com\/de\/","name":"Striped Giraffe","description":"Ihr zuverl\u00e4ssiger Anbieter f\u00fcr digitale Enterprise-L\u00f6sungen","publisher":{"@id":"https:\/\/www.striped-giraffe.com\/de\/#organization"},"potentialAction":[{"@type":"SearchAction","target":{"@type":"EntryPoint","urlTemplate":"https:\/\/www.striped-giraffe.com\/de\/?s={search_term_string}"},"query-input":"required name=search_term_string"}],"inLanguage":"de"},{"@type":"Organization","@id":"https:\/\/www.striped-giraffe.com\/de\/#organization","name":"Striped Giraffe","url":"https:\/\/www.striped-giraffe.com\/de\/","logo":{"@type":"ImageObject","inLanguage":"de","@id":"https:\/\/www.striped-giraffe.com\/de\/#\/schema\/logo\/image\/","url":"https:\/\/www.striped-giraffe.com\/wp-content\/uploads\/2021\/01\/giraffe_white.svg","contentUrl":"https:\/\/www.striped-giraffe.com\/wp-content\/uploads\/2021\/01\/giraffe_white.svg","caption":"Striped Giraffe"},"image":{"@id":"https:\/\/www.striped-giraffe.com\/de\/#\/schema\/logo\/image\/"}}]}},"_links":{"self":[{"href":"https:\/\/www.striped-giraffe.com\/de\/wp-json\/wp\/v2\/pages\/640"}],"collection":[{"href":"https:\/\/www.striped-giraffe.com\/de\/wp-json\/wp\/v2\/pages"}],"about":[{"href":"https:\/\/www.striped-giraffe.com\/de\/wp-json\/wp\/v2\/types\/page"}],"author":[{"embeddable":true,"href":"https:\/\/www.striped-giraffe.com\/de\/wp-json\/wp\/v2\/users\/2"}],"replies":[{"embeddable":true,"href":"https:\/\/www.striped-giraffe.com\/de\/wp-json\/wp\/v2\/comments?post=640"}],"version-history":[{"count":32,"href":"https:\/\/www.striped-giraffe.com\/de\/wp-json\/wp\/v2\/pages\/640\/revisions"}],"predecessor-version":[{"id":38631,"href":"https:\/\/www.striped-giraffe.com\/de\/wp-json\/wp\/v2\/pages\/640\/revisions\/38631"}],"up":[{"embeddable":true,"href":"https:\/\/www.striped-giraffe.com\/de\/wp-json\/wp\/v2\/pages\/833"}],"wp:featuredmedia":[{"embeddable":true,"href":"https:\/\/www.striped-giraffe.com\/de\/wp-json\/wp\/v2\/media\/38312"}],"wp:attachment":[{"href":"https:\/\/www.striped-giraffe.com\/de\/wp-json\/wp\/v2\/media?parent=640"}],"curies":[{"name":"wp","href":"https:\/\/api.w.org\/{rel}","templated":true}]}}