{"id":651,"date":"2021-01-06T17:22:25","date_gmt":"2021-01-06T16:22:25","guid":{"rendered":"https:\/\/relaunch.striped-giraffe.com\/?page_id=651"},"modified":"2024-01-24T17:46:28","modified_gmt":"2024-01-24T16:46:28","slug":"ux-ui","status":"publish","type":"page","link":"https:\/\/www.striped-giraffe.com\/de\/leistungen\/ux-ui\/","title":{"rendered":"UX\/UI"},"content":{"rendered":"<section class=\"wpb-content-wrapper\"><p>[vc_row full_width=&#8220;stretch_row&#8220; full_height=&#8220;yes&#8220; bg_type=&#8220;image&#8220; parallax_style=&#8220;vcpb-default&#8220; bg_image_new=&#8220;id^1708|url^https:\/\/www.striped-giraffe.com\/wp-content\/uploads\/2021\/01\/UX_UI-scaled.jpeg|caption^Paint brushes with a palette on a colored background.|alt^null|title^Paint brushes with a palette.|description^null&#8220; css=&#8220;.vc_custom_1610958774620{padding-top: 200px !important;padding-bottom: 200px !important;background-position: center !important;background-repeat: no-repeat !important;background-size: cover !important;}&#8220;][vc_column css_animation=&#8220;slideInUp&#8220;][vc_column_text]<\/p>\n<h1 style=\"text-align: left;\"><span style=\"color: #ffffff;\">UX \/ UI<\/span><\/h1>\n<p>[\/vc_column_text][\/vc_column][\/vc_row][vc_row el_class=&#8220;closetotop&#8220; css=&#8220;.vc_custom_1610120148436{padding-top: 50px !important;padding-bottom: 50px !important;background-color: #ffffff !important;}&#8220;][vc_column][vc_column_text]<\/p>\n<h2>Wir kreieren Erlebniswelten, die Kunden begeistern.<\/h2>\n<p>[\/vc_column_text][vc_separator color=&#8220;black&#8220; border_width=&#8220;5&#8243; el_width=&#8220;10&#8243; css=&#8220;.vc_custom_1609845029454{margin-top: 50px !important;}&#8220;][\/vc_column][\/vc_row][vc_row gap=&#8220;35&#8243; css=&#8220;.vc_custom_1659963333548{margin-top: 50px !important;}&#8220;][vc_column width=&#8220;1\/3&#8243;][vc_column_text]<\/p>\n<h2 class=\"headline_superbig\">Das sagt doch schon alles<\/h2>\n<p>[\/vc_column_text][\/vc_column][vc_column width=&#8220;2\/3&#8243;][vc_single_image image=&#8220;31815&#8243; img_size=&#8220;full&#8220; alignment=&#8220;center&#8220;][\/vc_column][\/vc_row][vc_row gap=&#8220;35&#8243; css=&#8220;.vc_custom_1659962892699{margin-top: 50px !important;}&#8220;][vc_column width=&#8220;1\/3&#8243;][vc_column_text]<\/p>\n<h2 class=\"headline_superbig\">Worauf es ankommt<\/h2>\n<p>[\/vc_column_text][\/vc_column][vc_column width=&#8220;2\/3&#8243;][vc_column_text]Um das zu definieren, setzen wir den Menschen in den Mittelpunkt. Unter Beachtung seiner Bed\u00fcrfnisse, Gewohnheiten und Erfahrungen &#8211; online und offline &#8211; definieren wir die Anforderungen an die User Experience. Die enge Verzahnung von Konzeption, Design und Programmierung gepaart mit jahrzehntelanger Erfahrung in der Entwicklung von Anwendungen garantiert Ihnen erstklassige Ergebnisse und gl\u00fcckliche User.[\/vc_column_text][\/vc_column][\/vc_row][vc_row gap=&#8220;35&#8243; css=&#8220;.vc_custom_1659962884241{margin-top: 50px !important;}&#8220;][vc_column width=&#8220;1\/3&#8243;][\/vc_column][vc_column width=&#8220;2\/3&#8243;][vc_column_text]<\/p>\n<h2>Die perfekte Anwendung&#8230;<\/h2>\n<p>&#8230;funktioniert auf jedem Ger\u00e4t.<\/p>\n<p>&#8230;sieht gut aus.<\/p>\n<p>&#8230;ist intuitiv.<\/p>\n<p>&#8230;bietet dem Nutzer den gr\u00f6\u00dftm\u00f6glichen Bedienkomfort.<\/p>\n<p>&#8230;macht Spa\u00df.[\/vc_column_text][\/vc_column][\/vc_row][vc_row gap=&#8220;35&#8243; css=&#8220;.vc_custom_1659962901686{margin-top: 50px !important;}&#8220;][vc_column width=&#8220;1\/3&#8243;][vc_column_text]<\/p>\n<h2 class=\"headline_superbig\">So arbeiten wir<\/h2>\n<p>[\/vc_column_text][\/vc_column][vc_column width=&#8220;2\/3&#8243;][vc_column_text]Gutes UX Design entsteht in einem fortw\u00e4hrenden Prozess. Basis f\u00fcr die Entwicklung ist das Erkennen aller Stakeholder und die Definition aller Bed\u00fcrfnisse und technischen Anforderungen. Daraus entwickeln wir Personas, User Stories und schlie\u00dflich das Design.<\/p>\n<p>In der Iteration flie\u00dfen alle Erkenntnisse und Feedbacks zusammen und werden solange mit dem Design synchronisiert bis das optimale Ergebnis erreicht ist. Bevor wir uns mit dem Design befassen, nehmen wir nat\u00fcrlich die funktionalen Anforderungen an die Anwendung auf. Geht es um E-Commerce, ein Unternehmensportal, eine App oder eine v\u00f6llig neuartige Entwicklung? Jede Applikation hat ihre eigenen Gesetze. Und jede erfordert ein hohes Ma\u00df an Wissen, Flexibilit\u00e4t und kreativer Erfahrung. Zur Gestaltung eines optimalen Workflows und zur Kontrolle aller Ergebnisse orientieren wir uns an den Empfehlungen der DIN.[\/vc_column_text][\/vc_column][\/vc_row][vc_row gap=&#8220;35&#8243; css=&#8220;.vc_custom_1706114761096{margin-top: 50px !important;margin-bottom: 50px !important;}&#8220;][vc_column width=&#8220;1\/3&#8243;][vc_column_text]<\/p>\n<h2 class=\"headline_superbig\">Unser Standard<\/h2>\n<p>[\/vc_column_text][\/vc_column][vc_column width=&#8220;2\/3&#8243;][vc_column_text]Durch die Einhaltung globaler Entwicklungsstandards garantieren wir lesbaren, verst\u00e4ndlichen, wohlstrukturierten und effizienten Code. Dazu geh\u00f6ren international anerkannte Standards wie<\/p>\n<ul>\n<li>CSS Nomenklatur (z.B. Klassennamen BEM)<\/li>\n<li>Bootstrap &#8211; Strukturierung HTML CSS<\/li>\n<li>Architekturstandards (z.B. Design Pattern)<\/li>\n<\/ul>\n<p>[\/vc_column_text][\/vc_column][\/vc_row][vc_row full_width=&#8220;stretch_row&#8220; css=&#8220;.vc_custom_1705587310854{margin-bottom: 50px !important;}&#8220;][vc_column][vc_row_inner][vc_column_inner width=&#8220;1\/3&#8243;][vc_column_text]<\/p>\n<h2 class=\"headline_superbig\">Let&#8217;s talk<\/h2>\n<p>[\/vc_column_text][\/vc_column_inner][vc_column_inner width=&#8220;2\/3&#8243;][vc_column_text]<\/p>\n<h3>Brauchen Sie ein <strong>konkretes Angebot<\/strong> oder suchen Sie einen <strong>Sparringspartner<\/strong>, mit dem sie Ideen diskutieren und entwickeln k\u00f6nnen?<\/h3>\n<h3>Dann melden Sie sich:<\/h3>\n<ul>\n<li><a href=\"mailto:experts@striped-giraffe.com\">experts@striped-giraffe.com<\/a><\/li>\n<li><span style=\"color: #ef6c00;\">+49 (0)89-416 126-667<\/span><\/li>\n<\/ul>\n<p>[\/vc_column_text]<a class=\"calendly\" href=\"\" onclick=\"Calendly.initPopupWidget({url: 'https:\/\/calendly.com\/striped-giraffe\/30min'});return false;\">Termin vereinbaren<\/a>[vc_column_text css=&#8220;.vc_custom_1705936147633{margin-top: 32px !important;}&#8220;]<\/p>\n<h3>Wir unterst\u00fctzen Sie gerne.<\/h3>\n<p>[\/vc_column_text][\/vc_column_inner][\/vc_row_inner][\/vc_column][\/vc_row][vc_row][vc_column][vc_empty_space height=&#8220;100px&#8220;][\/vc_column][\/vc_row]<\/p>\n<\/section>","protected":false},"excerpt":{"rendered":"<p>[vc_row full_width=&#8220;stretch_row&#8220; full_height=&#8220;yes&#8220; bg_type=&#8220;image&#8220; parallax_style=&#8220;vcpb-default&#8220; bg_image_new=&#8220;id^1708|url^https:\/\/www.striped-giraffe.com\/wp-content\/uploads\/2021\/01\/UX_UI-scaled.jpeg|caption^Paint brushes with a palette on a colored background.|alt^null|title^Paint brushes with a palette.|description^null&#8220; css=&#8220;.vc_custom_1610958774620{padding-top: 200px [&hellip;]<\/p>\n","protected":false},"author":2,"featured_media":0,"parent":833,"menu_order":0,"comment_status":"closed","ping_status":"closed","template":"","meta":{"footnotes":""},"acf":[],"yoast_head":"<!-- This site is optimized with the Yoast SEO Premium plugin v20.5 (Yoast SEO v20.5) - https:\/\/yoast.com\/wordpress\/plugins\/seo\/ -->\n<title>UX\/UI - Striped Giraffe<\/title>\n<meta name=\"robots\" content=\"index, follow, max-snippet:-1, max-image-preview:large, max-video-preview:-1\" \/>\n<link rel=\"canonical\" href=\"https:\/\/www.striped-giraffe.com\/de\/leistungen\/ux-ui\/\" \/>\n<meta property=\"og:locale\" content=\"de_DE\" \/>\n<meta property=\"og:type\" content=\"article\" \/>\n<meta property=\"og:title\" content=\"UX\/UI\" \/>\n<meta property=\"og:description\" content=\"[vc_row full_width=&#8220;stretch_row&#8220; full_height=&#8220;yes&#8220; bg_type=&#8220;image&#8220; parallax_style=&#8220;vcpb-default&#8220; bg_image_new=&#8220;id^1708|url^https:\/\/www.striped-giraffe.com\/wp-content\/uploads\/2021\/01\/UX_UI-scaled.jpeg|caption^Paint brushes with a palette on a colored background.|alt^null|title^Paint brushes with a palette.|description^null&#8220; css=&#8220;.vc_custom_1610958774620{padding-top: 200px [&hellip;]\" \/>\n<meta property=\"og:url\" content=\"https:\/\/www.striped-giraffe.com\/de\/leistungen\/ux-ui\/\" \/>\n<meta property=\"og:site_name\" content=\"Striped Giraffe\" \/>\n<meta property=\"article:modified_time\" content=\"2024-01-24T16:46:28+00:00\" \/>\n<meta name=\"twitter:card\" content=\"summary_large_image\" \/>\n<meta name=\"twitter:label1\" content=\"Gesch\u00e4tzte Lesezeit\" \/>\n\t<meta name=\"twitter:data1\" content=\"3\u00a0Minuten\" \/>\n<script type=\"application\/ld+json\" class=\"yoast-schema-graph\">{\"@context\":\"https:\/\/schema.org\",\"@graph\":[{\"@type\":\"WebPage\",\"@id\":\"https:\/\/www.striped-giraffe.com\/de\/leistungen\/ux-ui\/\",\"url\":\"https:\/\/www.striped-giraffe.com\/de\/leistungen\/ux-ui\/\",\"name\":\"UX\/UI - Striped Giraffe\",\"isPartOf\":{\"@id\":\"https:\/\/www.striped-giraffe.com\/de\/#website\"},\"datePublished\":\"2021-01-06T16:22:25+00:00\",\"dateModified\":\"2024-01-24T16:46:28+00:00\",\"breadcrumb\":{\"@id\":\"https:\/\/www.striped-giraffe.com\/de\/leistungen\/ux-ui\/#breadcrumb\"},\"inLanguage\":\"de\",\"potentialAction\":[{\"@type\":\"ReadAction\",\"target\":[\"https:\/\/www.striped-giraffe.com\/de\/leistungen\/ux-ui\/\"]}]},{\"@type\":\"BreadcrumbList\",\"@id\":\"https:\/\/www.striped-giraffe.com\/de\/leistungen\/ux-ui\/#breadcrumb\",\"itemListElement\":[{\"@type\":\"ListItem\",\"position\":1,\"name\":\"Leistungen\",\"item\":\"https:\/\/www.striped-giraffe.com\/de\/leistungen\/\"},{\"@type\":\"ListItem\",\"position\":2,\"name\":\"UX\/UI\"}]},{\"@type\":\"WebSite\",\"@id\":\"https:\/\/www.striped-giraffe.com\/de\/#website\",\"url\":\"https:\/\/www.striped-giraffe.com\/de\/\",\"name\":\"Striped Giraffe\",\"description\":\"Ihr zuverl\u00e4ssiger Anbieter f\u00fcr digitale Enterprise-L\u00f6sungen\",\"publisher\":{\"@id\":\"https:\/\/www.striped-giraffe.com\/de\/#organization\"},\"potentialAction\":[{\"@type\":\"SearchAction\",\"target\":{\"@type\":\"EntryPoint\",\"urlTemplate\":\"https:\/\/www.striped-giraffe.com\/de\/?s={search_term_string}\"},\"query-input\":\"required name=search_term_string\"}],\"inLanguage\":\"de\"},{\"@type\":\"Organization\",\"@id\":\"https:\/\/www.striped-giraffe.com\/de\/#organization\",\"name\":\"Striped Giraffe\",\"url\":\"https:\/\/www.striped-giraffe.com\/de\/\",\"logo\":{\"@type\":\"ImageObject\",\"inLanguage\":\"de\",\"@id\":\"https:\/\/www.striped-giraffe.com\/de\/#\/schema\/logo\/image\/\",\"url\":\"https:\/\/www.striped-giraffe.com\/wp-content\/uploads\/2021\/01\/giraffe_white.svg\",\"contentUrl\":\"https:\/\/www.striped-giraffe.com\/wp-content\/uploads\/2021\/01\/giraffe_white.svg\",\"caption\":\"Striped Giraffe\"},\"image\":{\"@id\":\"https:\/\/www.striped-giraffe.com\/de\/#\/schema\/logo\/image\/\"}}]}<\/script>\n<!-- \/ Yoast SEO Premium plugin. -->","yoast_head_json":{"title":"UX\/UI - Striped Giraffe","robots":{"index":"index","follow":"follow","max-snippet":"max-snippet:-1","max-image-preview":"max-image-preview:large","max-video-preview":"max-video-preview:-1"},"canonical":"https:\/\/www.striped-giraffe.com\/de\/leistungen\/ux-ui\/","og_locale":"de_DE","og_type":"article","og_title":"UX\/UI","og_description":"[vc_row full_width=&#8220;stretch_row&#8220; full_height=&#8220;yes&#8220; bg_type=&#8220;image&#8220; parallax_style=&#8220;vcpb-default&#8220; bg_image_new=&#8220;id^1708|url^https:\/\/www.striped-giraffe.com\/wp-content\/uploads\/2021\/01\/UX_UI-scaled.jpeg|caption^Paint brushes with a palette on a colored background.|alt^null|title^Paint brushes with a palette.|description^null&#8220; css=&#8220;.vc_custom_1610958774620{padding-top: 200px [&hellip;]","og_url":"https:\/\/www.striped-giraffe.com\/de\/leistungen\/ux-ui\/","og_site_name":"Striped Giraffe","article_modified_time":"2024-01-24T16:46:28+00:00","twitter_card":"summary_large_image","twitter_misc":{"Gesch\u00e4tzte Lesezeit":"3\u00a0Minuten"},"schema":{"@context":"https:\/\/schema.org","@graph":[{"@type":"WebPage","@id":"https:\/\/www.striped-giraffe.com\/de\/leistungen\/ux-ui\/","url":"https:\/\/www.striped-giraffe.com\/de\/leistungen\/ux-ui\/","name":"UX\/UI - Striped Giraffe","isPartOf":{"@id":"https:\/\/www.striped-giraffe.com\/de\/#website"},"datePublished":"2021-01-06T16:22:25+00:00","dateModified":"2024-01-24T16:46:28+00:00","breadcrumb":{"@id":"https:\/\/www.striped-giraffe.com\/de\/leistungen\/ux-ui\/#breadcrumb"},"inLanguage":"de","potentialAction":[{"@type":"ReadAction","target":["https:\/\/www.striped-giraffe.com\/de\/leistungen\/ux-ui\/"]}]},{"@type":"BreadcrumbList","@id":"https:\/\/www.striped-giraffe.com\/de\/leistungen\/ux-ui\/#breadcrumb","itemListElement":[{"@type":"ListItem","position":1,"name":"Leistungen","item":"https:\/\/www.striped-giraffe.com\/de\/leistungen\/"},{"@type":"ListItem","position":2,"name":"UX\/UI"}]},{"@type":"WebSite","@id":"https:\/\/www.striped-giraffe.com\/de\/#website","url":"https:\/\/www.striped-giraffe.com\/de\/","name":"Striped Giraffe","description":"Ihr zuverl\u00e4ssiger Anbieter f\u00fcr digitale Enterprise-L\u00f6sungen","publisher":{"@id":"https:\/\/www.striped-giraffe.com\/de\/#organization"},"potentialAction":[{"@type":"SearchAction","target":{"@type":"EntryPoint","urlTemplate":"https:\/\/www.striped-giraffe.com\/de\/?s={search_term_string}"},"query-input":"required name=search_term_string"}],"inLanguage":"de"},{"@type":"Organization","@id":"https:\/\/www.striped-giraffe.com\/de\/#organization","name":"Striped Giraffe","url":"https:\/\/www.striped-giraffe.com\/de\/","logo":{"@type":"ImageObject","inLanguage":"de","@id":"https:\/\/www.striped-giraffe.com\/de\/#\/schema\/logo\/image\/","url":"https:\/\/www.striped-giraffe.com\/wp-content\/uploads\/2021\/01\/giraffe_white.svg","contentUrl":"https:\/\/www.striped-giraffe.com\/wp-content\/uploads\/2021\/01\/giraffe_white.svg","caption":"Striped Giraffe"},"image":{"@id":"https:\/\/www.striped-giraffe.com\/de\/#\/schema\/logo\/image\/"}}]}},"_links":{"self":[{"href":"https:\/\/www.striped-giraffe.com\/de\/wp-json\/wp\/v2\/pages\/651"}],"collection":[{"href":"https:\/\/www.striped-giraffe.com\/de\/wp-json\/wp\/v2\/pages"}],"about":[{"href":"https:\/\/www.striped-giraffe.com\/de\/wp-json\/wp\/v2\/types\/page"}],"author":[{"embeddable":true,"href":"https:\/\/www.striped-giraffe.com\/de\/wp-json\/wp\/v2\/users\/2"}],"replies":[{"embeddable":true,"href":"https:\/\/www.striped-giraffe.com\/de\/wp-json\/wp\/v2\/comments?post=651"}],"version-history":[{"count":19,"href":"https:\/\/www.striped-giraffe.com\/de\/wp-json\/wp\/v2\/pages\/651\/revisions"}],"predecessor-version":[{"id":35765,"href":"https:\/\/www.striped-giraffe.com\/de\/wp-json\/wp\/v2\/pages\/651\/revisions\/35765"}],"up":[{"embeddable":true,"href":"https:\/\/www.striped-giraffe.com\/de\/wp-json\/wp\/v2\/pages\/833"}],"wp:attachment":[{"href":"https:\/\/www.striped-giraffe.com\/de\/wp-json\/wp\/v2\/media?parent=651"}],"curies":[{"name":"wp","href":"https:\/\/api.w.org\/{rel}","templated":true}]}}