{"id":744,"date":"2021-01-08T10:56:54","date_gmt":"2021-01-08T09:56:54","guid":{"rendered":"https:\/\/relaunch.striped-giraffe.com\/case-studys-copy\/"},"modified":"2024-09-11T14:10:01","modified_gmt":"2024-09-11T12:10:01","slug":"case-study-ratioform","status":"publish","type":"page","link":"https:\/\/www.striped-giraffe.com\/de\/case-study-ratioform\/","title":{"rendered":"Case Study ratioform"},"content":{"rendered":"<section class=\"wpb-content-wrapper\"><p>[vc_row full_width=&#8220;stretch_row&#8220; full_height=&#8220;yes&#8220; equal_height=&#8220;yes&#8220; bg_type=&#8220;image&#8220; parallax_style=&#8220;vcpb-default&#8220; bg_image_new=&#8220;id^28492|url^https:\/\/www.striped-giraffe.com\/wp-content\/uploads\/2021\/10\/Header_case_study_ratioform.jpg|caption^null|alt^null|title^Case Study ratioform|description^null&#8220; css=&#8220;.vc_custom_1635346124467{background-position: center !important;background-repeat: no-repeat !important;background-size: cover !important;}&#8220;][vc_column][vc_row_inner css=&#8220;.vc_custom_1610559808326{margin-bottom: 100px !important;padding-top: 100px !important;}&#8220;][vc_column_inner][vc_column_text]<\/p>\n<h1 style=\"text-align: center;\"><span style=\"color: #ffffff;\"><strong>Case Study kaiserkraft <\/strong><\/span><\/h1>\n<h1 class=\"headline_superbig\" style=\"text-align: center;\"><span style=\"color: #ffffff;\">(ehm. ratioform)<\/span><\/h1>\n<p>[\/vc_column_text][\/vc_column_inner][\/vc_row_inner][\/vc_column][\/vc_row][vc_row gap=&#8220;35&#8243; el_class=&#8220;closetotop&#8220; css=&#8220;.vc_custom_1610015116999{padding-top: 50px !important;background-color: #ffffff !important;}&#8220;][vc_column][vc_column_text]<\/p>\n<h2 class=\"headline_superbig\" style=\"text-align: center;\"><span style=\"color: #ef6c00;\">&#8222;OPTIMALES PRODUKTMANAGEMENT<\/span><br \/>\n<span style=\"color: #000000;\">MIT MACHINE LEARNING&#8220;<\/span><\/h2>\n<p>[\/vc_column_text][\/vc_column][\/vc_row][vc_row gap=&#8220;35&#8243; css=&#8220;.vc_custom_1610616508897{margin-bottom: 50px !important;}&#8220;][vc_column width=&#8220;1\/2&#8243;][vc_column_text]<\/p>\n<h2 class=\"headline_superbig\">Sie kennen das als Produktmanager, &#8230;<\/h2>\n<p>[\/vc_column_text][\/vc_column][vc_column width=&#8220;1\/2&#8243;][vc_column_text]&#8230; Sie betreuen eine un\u00fcberschaubare Anzahl an Produkten, bei welcher Sie die Performance nur schwer manuell \u00fcberwachen k\u00f6nnen.<\/p>\n<p>&#8230; bei Ihren Produkten gibt es Performance-Schwankungen, welche Sie erst managen k\u00f6nnen, nachdem sie bereits eingetreten sind.<\/p>\n<p>&#8230; Sie stehen vor der Herausforderung, die Leistungsf\u00e4higkeit Ihres Portfolios einsch\u00e4tzen zu k\u00f6nnen, da eine KPI-basierte Einordnung hinsichtlich der Positionierung im Produktlebenszyklus auf Grund der Heterogenit\u00e4t der Produkte mit einfachen Modellen nicht m\u00f6glich ist.[\/vc_column_text][\/vc_column][\/vc_row][vc_row css=&#8220;.vc_custom_1610032838226{margin-bottom: 0px !important;}&#8220;][vc_column width=&#8220;1\/2&#8243;][vc_column_text]<\/p>\n<h2 class=\"headline_superbig\">Ausgangslage bei kaiserkraft (ehemals ratioform)<\/h2>\n<p>[\/vc_column_text][\/vc_column][vc_column width=&#8220;1\/2&#8243;][vc_column_text]Bei unserem Kunden ratioform standen die Produktmanager vor \u00e4hnlichen Herausforderungen.<\/p>\n<p style=\"text-align: left;\">Aussagekr\u00e4ftige Informationen zu Produkten zu erhalten stellte eine komplexe Aufgabe dar, welche den Fokus von wertsch\u00f6pfenden T\u00e4tigkeiten eines Produktmanagers ablenkte.\u00a0Um dies zu \u00e4ndern, m\u00fcssten s\u00e4mtliche Daten aus allen Systemen des Unternehmens analysiert und ausgewertet werden.<\/p>\n<p>[\/vc_column_text][\/vc_column][\/vc_row][vc_row full_width=&#8220;stretch_row&#8220; bg_type=&#8220;bg_color&#8220; css=&#8220;.vc_custom_1645634924368{padding-top: 200px !important;padding-bottom: 150px !important;}&#8220; bg_color_value=&#8220;#ffffff&#8220;][vc_column width=&#8220;1\/5&#8243;][\/vc_column][vc_column width=&#8220;3\/5&#8243;][vc_column_text el_class=&#8220;small&#8220;]<\/p>\n<blockquote>\n<p style=\"text-align: center;\"><span style=\"color: #000000;\">Unser vielf\u00e4ltiges Produktportfolio hat uns vor die gro\u00dfe Herausforderung gestellt, alle darin enthaltenen Produkte effizient und zielgerichtet zu unterst\u00fctzen und zu verwalten. Was uns fehlte, war ein automatisierter, technologiebasierter Ansatz, um die gro\u00dfe Anzahl von Produkten in den verschiedenen Phasen ihres Lebenszyklus zu bewerten. Mit der Implementierung der ML-basierten L\u00f6sung durch unseren Partner Striped Giraffe konnten wir diese Herausforderung meistern. Sie erm\u00f6glicht es uns, unsere t\u00e4gliche Arbeit effizienter zu organisieren und unser Portfolio kontinuierlich mit zuverl\u00e4ssigen Daten zu optimieren.<\/span><\/p>\n<\/blockquote>\n<p style=\"text-align: center;\"><span style=\"color: #000000;\"><strong>Daniela Senkbeil<\/strong>, Vice President Category Management Industrial &amp; Packaging (a Division of TAKKT AG)<\/span><\/p>\n<p>[\/vc_column_text][\/vc_column][vc_column width=&#8220;1\/5&#8243;][\/vc_column][\/vc_row][vc_row css=&#8220;.vc_custom_1645634841093{margin-bottom: 50px !important;}&#8220;][vc_column width=&#8220;1\/2&#8243;][vc_column_text]<\/p>\n<h2 class=\"headline_superbig\">Pr\u00e4sentation des ratioform-Projekts<\/h2>\n<p>[\/vc_column_text][\/vc_column][vc_column width=&#8220;1\/2&#8243;][vc_column_text]In diesem Video pr\u00e4sentiert ratioform das Projekt auf der TDWI M\u00fcnchen digital.[\/vc_column_text][\/vc_column][\/vc_row][vc_row el_id=&#8220;showbar&#8220; css=&#8220;.vc_custom_1645634870058{margin-bottom: 150px !important;}&#8220;][vc_column width=&#8220;1\/2&#8243;][\/vc_column][vc_column width=&#8220;1\/2&#8243;][vc_column_text css=&#8220;.vc_custom_1645634644331{border-radius: 3px !important;}&#8220;]<\/p>\n<div style=\"width: 1200px;\" class=\"wp-video\"><!--[if lt IE 9]><script>document.createElement('video');<\/script><![endif]-->\n<video class=\"wp-video-shortcode\" id=\"video-744-1\" width=\"1200\" height=\"675\" poster=\"https:\/\/www.striped-giraffe.com\/wp-content\/uploads\/2022\/02\/Cover_video_ratioform.jpg\" preload=\"metadata\" controls=\"controls\"><source type=\"video\/mp4\" src=\"https:\/\/www.striped-giraffe.com\/wp-content\/uploads\/2022\/02\/Ratioform-Product-Lifecycle-Advisor_small.mp4?_=1\" \/><a href=\"https:\/\/www.striped-giraffe.com\/wp-content\/uploads\/2022\/02\/Ratioform-Product-Lifecycle-Advisor_small.mp4\">https:\/\/www.striped-giraffe.com\/wp-content\/uploads\/2022\/02\/Ratioform-Product-Lifecycle-Advisor_small.mp4<\/a><\/video><\/div>\n<p>[\/vc_column_text][\/vc_column][\/vc_row][vc_row gap=&#8220;35&#8243; css=&#8220;.vc_custom_1724317649240{margin-bottom: 100px !important;}&#8220; el_id=&#8220;downloadsection&#8220;][vc_column width=&#8220;1\/3&#8243;][vc_column_text]<\/p>\n<h2 class=\"headline_superbig\">Download<\/h2>\n<p>[\/vc_column_text][vc_empty_space height=&#8220;50&#8243;][vc_single_image image=&#8220;35262&#8243; img_size=&#8220;medium&#8220;][\/vc_column][vc_column width=&#8220;2\/3&#8243;][vc_column_text]Wir haben die Ausgangslage sowie die Herausforderungen von ratioform (kaiserkraft) mit einer ausf\u00fchrlichen Darstellung der L\u00f6sung in einer Case Study zusammengefasst. Diese k\u00f6nnen Sie hier kostenlos herunterladen.[\/vc_column_text][vc_empty_space height=&#8220;32&#8243;][vc_column_text]<div class='_form_28'><\/div><script type='text\/javascript' src='https:\/\/striped-giraffe.activehosted.com\/f\/embed.php?static=0&id=28&69D8D097D9FDD&nostyles=0&preview=0'><\/script>[\/vc_column_text][\/vc_column][\/vc_row][vc_row full_width=&#8220;stretch_row&#8220; css=&#8220;.vc_custom_1706183849370{margin-top: 50px !important;margin-bottom: 50px !important;}&#8220;][vc_column][vc_row_inner][vc_column_inner width=&#8220;1\/3&#8243;][vc_column_text]<\/p>\n<h2 class=\"headline_superbig\">Let&#8217;s talk<\/h2>\n<p>[\/vc_column_text][\/vc_column_inner][vc_column_inner width=&#8220;2\/3&#8243;][vc_column_text]<\/p>\n<h3>Brauchen Sie ein <strong>konkretes Angebot<\/strong> oder suchen Sie einen <strong>Sparringspartner<\/strong>, mit dem sie Ideen diskutieren und entwickeln k\u00f6nnen?<\/h3>\n<h3>Dann melden Sie sich:<\/h3>\n<ul>\n<li><a href=\"mailto:experts@striped-giraffe.com\">experts@striped-giraffe.com<\/a><\/li>\n<li><span style=\"color: #ef6c00;\">+49 (0)89-416 126-667<\/span><\/li>\n<\/ul>\n<p>[\/vc_column_text]<a class=\"calendly\" href=\"\" onclick=\"Calendly.initPopupWidget({url: 'https:\/\/calendly.com\/striped-giraffe\/30min'});return false;\">Termin vereinbaren<\/a>[vc_column_text css=&#8220;.vc_custom_1705936147633{margin-top: 32px !important;}&#8220;]<\/p>\n<h3>Wir unterst\u00fctzen Sie gerne.<\/h3>\n<p>[\/vc_column_text][\/vc_column_inner][\/vc_row_inner][\/vc_column][\/vc_row][vc_row full_width=&#8220;stretch_row&#8220; bg_type=&#8220;bg_color&#8220; bg_color_value=&#8220;#000000&#8243;][vc_column][vc_row_inner][vc_column_inner][vc_column_text css=&#8220;.vc_custom_1610013733894{margin-top: 100px !important;}&#8220;]<\/p>\n<h2 class=\"headline_introduction\"><span style=\"color: #ffffff;\">Weitere Case Studies<\/span><\/h2>\n<p>[\/vc_column_text][\/vc_column_inner][\/vc_row_inner][\/vc_column][\/vc_row][vc_row full_width=&#8220;stretch_row&#8220; gap=&#8220;35&#8243; bg_type=&#8220;bg_color&#8220; css=&#8220;.vc_custom_1609934688295{margin-top: 0px !important;margin-bottom: 0px !important;padding-top: 100px !important;padding-bottom: 100px !important;}&#8220; bg_color_value=&#8220;#000000&#8243;][vc_column][vc_row_inner][vc_column_inner width=&#8220;1\/3&#8243; css=&#8220;.vc_custom_1610013762619{padding-right: 25px !important;}&#8220;][vc_column_text]<\/p>\n<h2><span style=\"color: #ef6c00;\">Wir schaffen Mehrwerte<\/span> <span style=\"color: #ffffff;\">f\u00fcr unsere Kunden.<\/span><\/h2>\n<p><span style=\"color: #ffffff;\">Das f\u00fchrt zu einer langj\u00e4hrigen Zusammenarbeit mit unseren Kunden, die wir sehr sch\u00e4tzen. Noch mehr E-Books, Case Studies und co. finden Sie in unseren <a href=\"https:\/\/www.striped-giraffe.com\/insights\/\">Insights<\/a>.<\/span>[\/vc_column_text][\/vc_column_inner][vc_column_inner width=&#8220;1\/3&#8243;]<div class=\"templatera_shortcode\"><div class=\"vc_row wpb_row vc_row-fluid teaserbox\"><div class=\"wpb_column vc_column_container vc_col-sm-12\"><div class=\"vc_column-inner\"><div class=\"wpb_wrapper\">\n\t<div class=\"wpb_text_column wpb_content_element  teaserheadline\" >\n\t\t<div class=\"wpb_wrapper\">\n\t\t\t<p><strong><span style=\"color: #ffffff;\">Case Study Hilti<\/span><\/strong><\/p>\n<p><span style=\"color: #ffffff;\">Self-Service f\u00fcr die neue globale Plattform zur Vermietung von Werkzeugen<\/span><\/p>\n\n\t\t<\/div>\n\t<\/div>\n\n\t<div  class=\"wpb_single_image wpb_content_element vc_align_left   teaser_logo\">\n\t\t\n\t\t<figure class=\"wpb_wrapper vc_figure\">\n\t\t\t<div class=\"vc_single_image-wrapper   vc_box_border_grey\"><img decoding=\"async\" width=\"500\" height=\"103\" src=\"https:\/\/www.striped-giraffe.com\/wp-content\/uploads\/2021\/01\/Hilti_logo.svg.png\" class=\"vc_single_image-img attachment-full\" alt=\"\" title=\"Hilti_logo.svg\" srcset=\"https:\/\/www.striped-giraffe.com\/wp-content\/uploads\/2021\/01\/Hilti_logo.svg.png 500w, https:\/\/www.striped-giraffe.com\/wp-content\/uploads\/2021\/01\/Hilti_logo.svg-300x62.png 300w\" sizes=\"(max-width: 500px) 100vw, 500px\" \/><\/div>\n\t\t<\/figure>\n\t<\/div>\n\n\t<div class=\"wpb_text_column wpb_content_element  teaserlink\" >\n\t\t<div class=\"wpb_wrapper\">\n\t\t\t<p><span style=\"color: #ffffff;\"><a style=\"color: #ffffff;\" href=\"https:\/\/www.striped-giraffe.com\/hilti-case-study\/\">Zur Case Study<\/a><\/span><\/p>\n\n\t\t<\/div>\n\t<\/div>\n\n\t<div  class=\"wpb_single_image wpb_content_element vc_align_left\">\n\t\t\n\t\t<figure class=\"wpb_wrapper vc_figure\">\n\t\t\t<div class=\"vc_single_image-wrapper   vc_box_border_grey\"><img decoding=\"async\" class=\"vc_single_image-img \" src=\"https:\/\/www.striped-giraffe.com\/wp-content\/uploads\/2021\/01\/AdobeStock_194421060-scaled_v3-600x960.jpg\" width=\"600\" height=\"960\" alt=\"AdobeStock_194421060-scaled_v3\" title=\"AdobeStock_194421060-scaled_v3\" \/><\/div>\n\t\t<\/figure>\n\t<\/div>\n<\/div><\/div><\/div><\/div><\/div>[\/vc_column_inner][vc_column_inner width=&#8220;1\/3&#8243;]<div class=\"templatera_shortcode\"><div class=\"vc_row wpb_row vc_row-fluid\"><div class=\"wpb_column vc_column_container vc_col-sm-12\"><div class=\"vc_column-inner\"><div class=\"wpb_wrapper\"><div id='' class='teaserbox  overlay'><div class='teaserbox_inner'><div class='teaserheadline'><h3 style='text-transform:uppercase;color:#ef6c00;font-family:DinWebPro Bold;'>Case Study Keller &amp; Kalmbach<\/h3><h2 style='text-transform:none;color:#000000;'>Upgrade der SAP Commerce-Plattform und Migration auf Microsoft Azure in 2,5 Monaten<\/h2><\/div><div class='teasertext'><div class='wpb_wrapper'>Der richtige Dienstleister macht den Unterschied. Das kann auch Keller &amp; Kalmbach best\u00e4tigen. Alle Details zum Rekordzeit-Projekt finden Sie in dieser Case Study.<\/div><\/div><div class='teaserlink'><a href='https:\/\/www.striped-giraffe.com\/de\/case-study-keller-kalmbach\/' style='color:#000000;'>Zur Case Study<\/a><\/div><div class='wpb_single_image desktop_only'><img src='https:\/\/www.striped-giraffe.com\/wp-content\/uploads\/2021\/10\/News_teaser_Keller-and-Kalmbach-case-study-DE-cover-600x960.png' \/><\/div><div class='wpb_single_image mobile_only'><img src='https:\/\/www.striped-giraffe.com\/wp-content\/uploads\/2021\/10\/News_teaser_Keller-and-Kalmbach-case-study-DE-cover-600x700.png' \/><\/div><\/div><\/div><\/div><\/div><\/div><\/div><\/div>[\/vc_column_inner][\/vc_row_inner][\/vc_column][\/vc_row]<\/p>\n<\/section>","protected":false},"excerpt":{"rendered":"Case Study kaiserkraft (ehm. ratioform) \"OPTIMALES PRODUKTMANAGEMENT MIT MACHINE LEARNING\" Sie kennen das als Produktmanager, ... ... Sie betreuen eine [...]","protected":false},"author":1,"featured_media":22450,"parent":0,"menu_order":0,"comment_status":"closed","ping_status":"closed","template":"page-sidebar.php","meta":{"footnotes":""},"acf":[],"yoast_head":"<!-- This site is optimized with the Yoast SEO Premium plugin v20.5 (Yoast SEO v20.5) - https:\/\/yoast.com\/wordpress\/plugins\/seo\/ -->\n<title>Case Study kaiserkraft (ehemals ratioform)<\/title>\n<meta name=\"description\" content=\"Mit der entwickelten L\u00f6sung kann kaiserkraft die Leistung und Entwicklung eines Produkts w\u00e4hrend seines Lebenszyklus vorhersagen.\" \/>\n<meta name=\"robots\" content=\"index, follow, max-snippet:-1, max-image-preview:large, max-video-preview:-1\" \/>\n<link rel=\"canonical\" href=\"https:\/\/www.striped-giraffe.com\/de\/case-study-ratioform\/\" \/>\n<meta property=\"og:locale\" content=\"de_DE\" \/>\n<meta property=\"og:type\" content=\"article\" \/>\n<meta property=\"og:title\" content=\"Case Study ratioform\" \/>\n<meta property=\"og:description\" content=\"Mit der entwickelten L\u00f6sung kann kaiserkraft die Leistung und Entwicklung eines Produkts w\u00e4hrend seines Lebenszyklus vorhersagen.\" \/>\n<meta property=\"og:url\" content=\"https:\/\/www.striped-giraffe.com\/de\/case-study-ratioform\/\" \/>\n<meta property=\"og:site_name\" content=\"Striped Giraffe\" \/>\n<meta property=\"article:modified_time\" content=\"2024-09-11T12:10:01+00:00\" \/>\n<meta property=\"og:image\" content=\"https:\/\/www.striped-giraffe.com\/wp-content\/uploads\/2021\/02\/ratioform-case-study-e-book-banner-de-social-media.png\" \/>\n\t<meta property=\"og:image:width\" content=\"1200\" \/>\n\t<meta property=\"og:image:height\" content=\"628\" \/>\n\t<meta property=\"og:image:type\" content=\"image\/png\" \/>\n<meta name=\"twitter:card\" content=\"summary_large_image\" \/>\n<meta name=\"twitter:label1\" content=\"Gesch\u00e4tzte Lesezeit\" \/>\n\t<meta name=\"twitter:data1\" content=\"3\u00a0Minuten\" \/>\n<script type=\"application\/ld+json\" class=\"yoast-schema-graph\">{\"@context\":\"https:\/\/schema.org\",\"@graph\":[{\"@type\":\"WebPage\",\"@id\":\"https:\/\/www.striped-giraffe.com\/de\/case-study-ratioform\/\",\"url\":\"https:\/\/www.striped-giraffe.com\/de\/case-study-ratioform\/\",\"name\":\"Case Study kaiserkraft (ehemals ratioform)\",\"isPartOf\":{\"@id\":\"https:\/\/www.striped-giraffe.com\/de\/#website\"},\"datePublished\":\"2021-01-08T09:56:54+00:00\",\"dateModified\":\"2024-09-11T12:10:01+00:00\",\"description\":\"Mit der entwickelten L\u00f6sung kann kaiserkraft die Leistung und Entwicklung eines Produkts w\u00e4hrend seines Lebenszyklus vorhersagen.\",\"inLanguage\":\"de\",\"potentialAction\":[{\"@type\":\"ReadAction\",\"target\":[\"https:\/\/www.striped-giraffe.com\/de\/case-study-ratioform\/\"]}]},{\"@type\":\"WebSite\",\"@id\":\"https:\/\/www.striped-giraffe.com\/de\/#website\",\"url\":\"https:\/\/www.striped-giraffe.com\/de\/\",\"name\":\"Striped Giraffe\",\"description\":\"Ihr zuverl\u00e4ssiger Anbieter f\u00fcr digitale Enterprise-L\u00f6sungen\",\"publisher\":{\"@id\":\"https:\/\/www.striped-giraffe.com\/de\/#organization\"},\"potentialAction\":[{\"@type\":\"SearchAction\",\"target\":{\"@type\":\"EntryPoint\",\"urlTemplate\":\"https:\/\/www.striped-giraffe.com\/de\/?s={search_term_string}\"},\"query-input\":\"required name=search_term_string\"}],\"inLanguage\":\"de\"},{\"@type\":\"Organization\",\"@id\":\"https:\/\/www.striped-giraffe.com\/de\/#organization\",\"name\":\"Striped Giraffe\",\"url\":\"https:\/\/www.striped-giraffe.com\/de\/\",\"logo\":{\"@type\":\"ImageObject\",\"inLanguage\":\"de\",\"@id\":\"https:\/\/www.striped-giraffe.com\/de\/#\/schema\/logo\/image\/\",\"url\":\"https:\/\/www.striped-giraffe.com\/wp-content\/uploads\/2021\/01\/giraffe_white.svg\",\"contentUrl\":\"https:\/\/www.striped-giraffe.com\/wp-content\/uploads\/2021\/01\/giraffe_white.svg\",\"caption\":\"Striped Giraffe\"},\"image\":{\"@id\":\"https:\/\/www.striped-giraffe.com\/de\/#\/schema\/logo\/image\/\"}}]}<\/script>\n<!-- \/ Yoast SEO Premium plugin. -->","yoast_head_json":{"title":"Case Study kaiserkraft (ehemals ratioform)","description":"Mit der entwickelten L\u00f6sung kann kaiserkraft die Leistung und Entwicklung eines Produkts w\u00e4hrend seines Lebenszyklus vorhersagen.","robots":{"index":"index","follow":"follow","max-snippet":"max-snippet:-1","max-image-preview":"max-image-preview:large","max-video-preview":"max-video-preview:-1"},"canonical":"https:\/\/www.striped-giraffe.com\/de\/case-study-ratioform\/","og_locale":"de_DE","og_type":"article","og_title":"Case Study ratioform","og_description":"Mit der entwickelten L\u00f6sung kann kaiserkraft die Leistung und Entwicklung eines Produkts w\u00e4hrend seines Lebenszyklus vorhersagen.","og_url":"https:\/\/www.striped-giraffe.com\/de\/case-study-ratioform\/","og_site_name":"Striped Giraffe","article_modified_time":"2024-09-11T12:10:01+00:00","og_image":[{"width":1200,"height":628,"url":"https:\/\/www.striped-giraffe.com\/wp-content\/uploads\/2021\/02\/ratioform-case-study-e-book-banner-de-social-media.png","type":"image\/png"}],"twitter_card":"summary_large_image","twitter_misc":{"Gesch\u00e4tzte Lesezeit":"3\u00a0Minuten"},"schema":{"@context":"https:\/\/schema.org","@graph":[{"@type":"WebPage","@id":"https:\/\/www.striped-giraffe.com\/de\/case-study-ratioform\/","url":"https:\/\/www.striped-giraffe.com\/de\/case-study-ratioform\/","name":"Case Study kaiserkraft (ehemals ratioform)","isPartOf":{"@id":"https:\/\/www.striped-giraffe.com\/de\/#website"},"datePublished":"2021-01-08T09:56:54+00:00","dateModified":"2024-09-11T12:10:01+00:00","description":"Mit der entwickelten L\u00f6sung kann kaiserkraft die Leistung und Entwicklung eines Produkts w\u00e4hrend seines Lebenszyklus vorhersagen.","inLanguage":"de","potentialAction":[{"@type":"ReadAction","target":["https:\/\/www.striped-giraffe.com\/de\/case-study-ratioform\/"]}]},{"@type":"WebSite","@id":"https:\/\/www.striped-giraffe.com\/de\/#website","url":"https:\/\/www.striped-giraffe.com\/de\/","name":"Striped Giraffe","description":"Ihr zuverl\u00e4ssiger Anbieter f\u00fcr digitale Enterprise-L\u00f6sungen","publisher":{"@id":"https:\/\/www.striped-giraffe.com\/de\/#organization"},"potentialAction":[{"@type":"SearchAction","target":{"@type":"EntryPoint","urlTemplate":"https:\/\/www.striped-giraffe.com\/de\/?s={search_term_string}"},"query-input":"required name=search_term_string"}],"inLanguage":"de"},{"@type":"Organization","@id":"https:\/\/www.striped-giraffe.com\/de\/#organization","name":"Striped Giraffe","url":"https:\/\/www.striped-giraffe.com\/de\/","logo":{"@type":"ImageObject","inLanguage":"de","@id":"https:\/\/www.striped-giraffe.com\/de\/#\/schema\/logo\/image\/","url":"https:\/\/www.striped-giraffe.com\/wp-content\/uploads\/2021\/01\/giraffe_white.svg","contentUrl":"https:\/\/www.striped-giraffe.com\/wp-content\/uploads\/2021\/01\/giraffe_white.svg","caption":"Striped Giraffe"},"image":{"@id":"https:\/\/www.striped-giraffe.com\/de\/#\/schema\/logo\/image\/"}}]}},"_links":{"self":[{"href":"https:\/\/www.striped-giraffe.com\/de\/wp-json\/wp\/v2\/pages\/744"}],"collection":[{"href":"https:\/\/www.striped-giraffe.com\/de\/wp-json\/wp\/v2\/pages"}],"about":[{"href":"https:\/\/www.striped-giraffe.com\/de\/wp-json\/wp\/v2\/types\/page"}],"author":[{"embeddable":true,"href":"https:\/\/www.striped-giraffe.com\/de\/wp-json\/wp\/v2\/users\/1"}],"replies":[{"embeddable":true,"href":"https:\/\/www.striped-giraffe.com\/de\/wp-json\/wp\/v2\/comments?post=744"}],"version-history":[{"count":80,"href":"https:\/\/www.striped-giraffe.com\/de\/wp-json\/wp\/v2\/pages\/744\/revisions"}],"predecessor-version":[{"id":37687,"href":"https:\/\/www.striped-giraffe.com\/de\/wp-json\/wp\/v2\/pages\/744\/revisions\/37687"}],"wp:featuredmedia":[{"embeddable":true,"href":"https:\/\/www.striped-giraffe.com\/de\/wp-json\/wp\/v2\/media\/22450"}],"wp:attachment":[{"href":"https:\/\/www.striped-giraffe.com\/de\/wp-json\/wp\/v2\/media?parent=744"}],"curies":[{"name":"wp","href":"https:\/\/api.w.org\/{rel}","templated":true}]}}