{"id":773,"date":"2021-01-07T11:20:17","date_gmt":"2021-01-07T10:20:17","guid":{"rendered":"https:\/\/relaunch.striped-giraffe.com\/?page_id=773"},"modified":"2021-07-12T15:45:56","modified_gmt":"2021-07-12T13:45:56","slug":"sap-commerce-cloud","status":"publish","type":"page","link":"https:\/\/www.striped-giraffe.com\/de\/collaboration\/partner\/sap\/sap-commerce-cloud\/","title":{"rendered":"SAP Commerce Cloud"},"content":{"rendered":"<section class=\"wpb-content-wrapper\"><p>[vc_row full_width=&#8220;stretch_row&#8220; bg_type=&#8220;bg_color&#8220; css=&#8220;.vc_custom_1610011244398{padding-top: 200px !important;padding-bottom: 200px !important;background-position: center !important;background-repeat: no-repeat !important;background-size: cover !important;}&#8220; bg_color_value=&#8220;#000000&#8243;][vc_column][\/vc_column][\/vc_row][vc_row gap=&#8220;35&#8243; el_class=&#8220;closetotop&#8220; css=&#8220;.vc_custom_1609952195412{padding-top: 50px !important;background-color: #ffffff !important;}&#8220;][vc_column width=&#8220;1\/4&#8243;][vc_single_image image=&#8220;708&#8243; img_size=&#8220;full&#8220;][\/vc_column][vc_column width=&#8220;3\/4&#8243;][vc_column_text]Nach 20 Jahren E-Commerce-Erfahrung habe wir die unterschiedlichsten Softwarel\u00f6sungen in diesem Umfeld kennengelernt. Unsere besondere Wertsch\u00e4tzung genie\u00dft die <strong>hybris Software <\/strong>(jetzt SAP Commerce Cloud), die wir \u00fcber einen l\u00e4ngeren Zeitraum auf ihrem Entwicklungsweg begleitet haben. Mit der Akquisition durch SAP in 2013 ist SAP Commerce Cloud jetzt ein Bestandteil der SAP CX-L\u00f6sung . Damit ergeben sich f\u00fcr die E-Commerce-Software <strong>viele Synergieeffekte<\/strong>, die Nutzern zus\u00e4tzliche Funktionalit\u00e4ten bescheren und die Nachhaltigkeit auf lange Sicht festigen wird.[\/vc_column_text][\/vc_column][\/vc_row][vc_row css=&#8220;.vc_custom_1610015281015{margin-top: 100px !important;margin-bottom: 0px !important;background-color: #ffffff !important;}&#8220;][vc_column width=&#8220;1\/4&#8243;][vc_column_text]<\/p>\n<h2 class=\"headline_superbig\">\u00dcber SAP Commerce Cloud<\/h2>\n<p>[\/vc_column_text][\/vc_column][vc_column width=&#8220;3\/4&#8243;][vc_column_text]Mit der SAP Commerce Cloud bekommen unsere Kunden ein Framework an die Hand, mit dem Anforderungen im Vergleich zu anderen Anbietern in deutlich verk\u00fcrzter Zeit umgesetzt werden k\u00f6nnen. SAP Commerce Cloud bietet bereits viele starke Features <strong>\u201eout-of-the-box\u201c<\/strong> an, so dass unsere Kunden bereits ohne gro\u00dfe Anpassung ihre gesetzten Ziele erreichen k\u00f6nnen. Dar\u00fcber hinaus erm\u00f6glicht das Framework mit seinem generischen Ansatz, auch individuelle Anforderungen unproblematisch umzusetzen. Dabei gibt es keine Limitierungen, um eine Einbettung in die bestehende Unternehmens-IT zu gew\u00e4hrleisten.[\/vc_column_text][\/vc_column][\/vc_row][vc_row css=&#8220;.vc_custom_1610015291272{margin-top: 50px !important;margin-bottom: 100px !important;background-color: #ffffff !important;}&#8220;][vc_column width=&#8220;1\/4&#8243;][\/vc_column][vc_column width=&#8220;3\/4&#8243;][vc_column_text]Dabei haben wir verstanden, dass keine L\u00f6sung der anderen gleicht. Nat\u00fcrlich gibt es Bereiche, die man getrost als \u201eCommodities\u201c bezeichnen kann, also Merkmale, die jede Commerce-Anwendung aufweisen sollte, wie beispielsweise einen Katalog, den User-Bereich oder den Checkout mit seinen Bezahlm\u00f6glichkeiten. Dennoch unterscheiden sich die Gesch\u00e4ftsmodelle unserer Kunden am Ende deutlich und gerade hier zeigt die SAP Commerce Cloud ihre St\u00e4rken, weil sie individuelle Anpassungen ohne Einschr\u00e4nkungen m\u00f6glich macht.[\/vc_column_text][\/vc_column][\/vc_row][vc_row disable_element=&#8220;yes&#8220; css=&#8220;.vc_custom_1610014815286{margin-top: 100px !important;margin-bottom: 100px !important;background-color: #ffffff !important;}&#8220;][vc_column width=&#8220;1\/4&#8243;][\/vc_column][vc_column width=&#8220;3\/4&#8243;][vc_column_text]Speziell f\u00fcr SAP CX entwickeln wir seit Jahren Erweiterungen, sogenannte Extensions, die konkrete Kunden-Anforderungen im E-Commerce abdecken.<\/p>\n<p>MyChoice ist eine davon. Diese erlaubt die Personalisierung von Onlineshops und Portalen.[\/vc_column_text][\/vc_column][\/vc_row][vc_row css=&#8220;.vc_custom_1611142192163{margin-top: 100px !important;margin-bottom: 100px !important;}&#8220;][vc_column]<div class=\"templatera_shortcode\"><div class=\"vc_row wpb_row vc_row-fluid teaserbox wide vc_custom_1609846285947\"><div class=\"wpb_column vc_column_container vc_col-sm-12\"><div class=\"vc_column-inner\"><div class=\"wpb_wrapper\">\n\t<div class=\"wpb_text_column wpb_content_element  teaserheadline\" >\n\t\t<div class=\"wpb_wrapper\">\n\t\t\t<h2 class=\"headline_superbig\"><span style=\"color: #ef6c00;\">Personalisierung<\/span><\/h2>\n\n\t\t<\/div>\n\t<\/div>\n\n\t<div class=\"wpb_text_column wpb_content_element  teasertext\" >\n\t\t<div class=\"wpb_wrapper\">\n\t\t\t<p><span style=\"color: #ffffff;\">Personalisierung ist im E-Commerce eines der wichtigsten Themen unserer Zeit. Aufgrund der hohen Bedeutung haben wir das Thema \u201ePersonalisierung\u201c von allen Seiten beleuchtet und die Ergebnisse in einer E-Book-Reihe zusammengefasst.<\/span><\/p>\n\n\t\t<\/div>\n\t<\/div>\n\n\t<div class=\"wpb_text_column wpb_content_element  teaserlink\" >\n\t\t<div class=\"wpb_wrapper\">\n\t\t\t<p><span style=\"color: #ffffff;\"><a style=\"color: #ffffff;\" href=\"https:\/\/www.striped-giraffe.com\/personalisierung\/\">Mehr Details<\/a><\/span><\/p>\n\n\t\t<\/div>\n\t<\/div>\n\n\t<div  class=\"wpb_single_image wpb_content_element vc_align_left\">\n\t\t\n\t\t<figure class=\"wpb_wrapper vc_figure\">\n\t\t\t<div class=\"vc_single_image-wrapper   vc_box_border_grey\"><img decoding=\"async\" width=\"1455\" height=\"677\" src=\"https:\/\/www.striped-giraffe.com\/wp-content\/uploads\/2021\/01\/teaserbox_choise.jpg\" class=\"vc_single_image-img attachment-full\" alt=\"\" title=\"teaserbox_choise\" srcset=\"https:\/\/www.striped-giraffe.com\/wp-content\/uploads\/2021\/01\/teaserbox_choise.jpg 1455w, https:\/\/www.striped-giraffe.com\/wp-content\/uploads\/2021\/01\/teaserbox_choise-300x140.jpg 300w, https:\/\/www.striped-giraffe.com\/wp-content\/uploads\/2021\/01\/teaserbox_choise-1024x476.jpg 1024w, https:\/\/www.striped-giraffe.com\/wp-content\/uploads\/2021\/01\/teaserbox_choise-768x357.jpg 768w\" sizes=\"(max-width: 1455px) 100vw, 1455px\" \/><\/div>\n\t\t<\/figure>\n\t<\/div>\n<\/div><\/div><\/div><\/div><\/div>[\/vc_column][\/vc_row][vc_row css=&#8220;.vc_custom_1610006958559{margin-bottom: 100px !important;}&#8220;][vc_column width=&#8220;1\/4&#8243;][vc_column_text]<\/p>\n<h2 class=\"headline_superbig\">Interesse<\/h2>\n<p>[\/vc_column_text][\/vc_column][vc_column width=&#8220;3\/4&#8243;][vc_column_text]Wenn Sie mehr \u00fcber unsere Partner erfahren m\u00f6chten oder an einer Partnerschaft interessiert sind, wenden Sie sich bitte an unser Business Development Team.<\/p>\n<p><a href=\"mailto:sales@striped-giraffe.com\">sales@striped-giraffe.com<\/a><\/p>\n<p>+49 (0)89-416 126-667[\/vc_column_text][\/vc_column][\/vc_row][vc_row][vc_column width=&#8220;1\/4&#8243;][\/vc_column][vc_column width=&#8220;3\/4&#8243;][vc_btn title=&#8220;\u00dcBERSICHT ALLER PARTNER&#8220; align=&#8220;left&#8220; link=&#8220;url:https%3A%2F%2Fwww.striped-giraffe.com%2Fpartner%2F|title:Partner&#8220;][\/vc_column][\/vc_row][vc_row][vc_column][vc_empty_space height=&#8220;100px&#8220;][\/vc_column][\/vc_row]<\/p>\n<\/section>","protected":false},"excerpt":{"rendered":"Nach 20 Jahren E-Commerce-Erfahrung habe wir die unterschiedlichsten Softwarel\u00f6sungen in diesem Umfeld kennengelernt. Unsere besondere Wertsch\u00e4tzung genie\u00dft die hybris Software [...]","protected":false},"author":2,"featured_media":0,"parent":743,"menu_order":0,"comment_status":"closed","ping_status":"closed","template":"","meta":{"footnotes":""},"acf":[],"yoast_head":"<!-- This site is optimized with the Yoast SEO Premium plugin v20.5 (Yoast SEO v20.5) - https:\/\/yoast.com\/wordpress\/plugins\/seo\/ -->\n<title>SAP Commerce Cloud - Striped Giraffe<\/title>\n<meta name=\"robots\" content=\"index, follow, max-snippet:-1, max-image-preview:large, max-video-preview:-1\" \/>\n<link rel=\"canonical\" href=\"https:\/\/www.striped-giraffe.com\/de\/collaboration\/partner\/sap\/sap-commerce-cloud\/\" \/>\n<meta property=\"og:locale\" content=\"de_DE\" \/>\n<meta property=\"og:type\" content=\"article\" \/>\n<meta property=\"og:title\" content=\"SAP Commerce Cloud\" \/>\n<meta property=\"og:url\" content=\"https:\/\/www.striped-giraffe.com\/de\/collaboration\/partner\/sap\/sap-commerce-cloud\/\" \/>\n<meta property=\"og:site_name\" content=\"Striped Giraffe\" \/>\n<meta property=\"article:modified_time\" content=\"2021-07-12T13:45:56+00:00\" \/>\n<meta name=\"twitter:card\" content=\"summary_large_image\" \/>\n<meta name=\"twitter:label1\" content=\"Gesch\u00e4tzte Lesezeit\" \/>\n\t<meta name=\"twitter:data1\" content=\"2\u00a0Minuten\" \/>\n<script type=\"application\/ld+json\" class=\"yoast-schema-graph\">{\"@context\":\"https:\/\/schema.org\",\"@graph\":[{\"@type\":\"WebPage\",\"@id\":\"https:\/\/www.striped-giraffe.com\/de\/collaboration\/partner\/sap\/sap-commerce-cloud\/\",\"url\":\"https:\/\/www.striped-giraffe.com\/de\/collaboration\/partner\/sap\/sap-commerce-cloud\/\",\"name\":\"SAP Commerce Cloud - Striped Giraffe\",\"isPartOf\":{\"@id\":\"https:\/\/www.striped-giraffe.com\/de\/#website\"},\"datePublished\":\"2021-01-07T10:20:17+00:00\",\"dateModified\":\"2021-07-12T13:45:56+00:00\",\"breadcrumb\":{\"@id\":\"https:\/\/www.striped-giraffe.com\/de\/collaboration\/partner\/sap\/sap-commerce-cloud\/#breadcrumb\"},\"inLanguage\":\"de\",\"potentialAction\":[{\"@type\":\"ReadAction\",\"target\":[\"https:\/\/www.striped-giraffe.com\/de\/collaboration\/partner\/sap\/sap-commerce-cloud\/\"]}]},{\"@type\":\"BreadcrumbList\",\"@id\":\"https:\/\/www.striped-giraffe.com\/de\/collaboration\/partner\/sap\/sap-commerce-cloud\/#breadcrumb\",\"itemListElement\":[{\"@type\":\"ListItem\",\"position\":1,\"name\":\"Collaboration\",\"item\":\"https:\/\/www.striped-giraffe.com\/de\/collaboration\/\"},{\"@type\":\"ListItem\",\"position\":2,\"name\":\"Partner\",\"item\":\"https:\/\/www.striped-giraffe.com\/de\/collaboration\/partner\/\"},{\"@type\":\"ListItem\",\"position\":3,\"name\":\"SAP\",\"item\":\"https:\/\/www.striped-giraffe.com\/de\/collaboration\/partner\/sap\/\"},{\"@type\":\"ListItem\",\"position\":4,\"name\":\"SAP Commerce Cloud\"}]},{\"@type\":\"WebSite\",\"@id\":\"https:\/\/www.striped-giraffe.com\/de\/#website\",\"url\":\"https:\/\/www.striped-giraffe.com\/de\/\",\"name\":\"Striped Giraffe\",\"description\":\"Ihr zuverl\u00e4ssiger Anbieter f\u00fcr digitale Enterprise-L\u00f6sungen\",\"publisher\":{\"@id\":\"https:\/\/www.striped-giraffe.com\/de\/#organization\"},\"potentialAction\":[{\"@type\":\"SearchAction\",\"target\":{\"@type\":\"EntryPoint\",\"urlTemplate\":\"https:\/\/www.striped-giraffe.com\/de\/?s={search_term_string}\"},\"query-input\":\"required name=search_term_string\"}],\"inLanguage\":\"de\"},{\"@type\":\"Organization\",\"@id\":\"https:\/\/www.striped-giraffe.com\/de\/#organization\",\"name\":\"Striped Giraffe\",\"url\":\"https:\/\/www.striped-giraffe.com\/de\/\",\"logo\":{\"@type\":\"ImageObject\",\"inLanguage\":\"de\",\"@id\":\"https:\/\/www.striped-giraffe.com\/de\/#\/schema\/logo\/image\/\",\"url\":\"https:\/\/www.striped-giraffe.com\/wp-content\/uploads\/2021\/01\/giraffe_white.svg\",\"contentUrl\":\"https:\/\/www.striped-giraffe.com\/wp-content\/uploads\/2021\/01\/giraffe_white.svg\",\"caption\":\"Striped Giraffe\"},\"image\":{\"@id\":\"https:\/\/www.striped-giraffe.com\/de\/#\/schema\/logo\/image\/\"}}]}<\/script>\n<!-- \/ Yoast SEO Premium plugin. -->","yoast_head_json":{"title":"SAP Commerce Cloud - Striped Giraffe","robots":{"index":"index","follow":"follow","max-snippet":"max-snippet:-1","max-image-preview":"max-image-preview:large","max-video-preview":"max-video-preview:-1"},"canonical":"https:\/\/www.striped-giraffe.com\/de\/collaboration\/partner\/sap\/sap-commerce-cloud\/","og_locale":"de_DE","og_type":"article","og_title":"SAP Commerce Cloud","og_url":"https:\/\/www.striped-giraffe.com\/de\/collaboration\/partner\/sap\/sap-commerce-cloud\/","og_site_name":"Striped Giraffe","article_modified_time":"2021-07-12T13:45:56+00:00","twitter_card":"summary_large_image","twitter_misc":{"Gesch\u00e4tzte Lesezeit":"2\u00a0Minuten"},"schema":{"@context":"https:\/\/schema.org","@graph":[{"@type":"WebPage","@id":"https:\/\/www.striped-giraffe.com\/de\/collaboration\/partner\/sap\/sap-commerce-cloud\/","url":"https:\/\/www.striped-giraffe.com\/de\/collaboration\/partner\/sap\/sap-commerce-cloud\/","name":"SAP Commerce Cloud - Striped Giraffe","isPartOf":{"@id":"https:\/\/www.striped-giraffe.com\/de\/#website"},"datePublished":"2021-01-07T10:20:17+00:00","dateModified":"2021-07-12T13:45:56+00:00","breadcrumb":{"@id":"https:\/\/www.striped-giraffe.com\/de\/collaboration\/partner\/sap\/sap-commerce-cloud\/#breadcrumb"},"inLanguage":"de","potentialAction":[{"@type":"ReadAction","target":["https:\/\/www.striped-giraffe.com\/de\/collaboration\/partner\/sap\/sap-commerce-cloud\/"]}]},{"@type":"BreadcrumbList","@id":"https:\/\/www.striped-giraffe.com\/de\/collaboration\/partner\/sap\/sap-commerce-cloud\/#breadcrumb","itemListElement":[{"@type":"ListItem","position":1,"name":"Collaboration","item":"https:\/\/www.striped-giraffe.com\/de\/collaboration\/"},{"@type":"ListItem","position":2,"name":"Partner","item":"https:\/\/www.striped-giraffe.com\/de\/collaboration\/partner\/"},{"@type":"ListItem","position":3,"name":"SAP","item":"https:\/\/www.striped-giraffe.com\/de\/collaboration\/partner\/sap\/"},{"@type":"ListItem","position":4,"name":"SAP Commerce Cloud"}]},{"@type":"WebSite","@id":"https:\/\/www.striped-giraffe.com\/de\/#website","url":"https:\/\/www.striped-giraffe.com\/de\/","name":"Striped Giraffe","description":"Ihr zuverl\u00e4ssiger Anbieter f\u00fcr digitale Enterprise-L\u00f6sungen","publisher":{"@id":"https:\/\/www.striped-giraffe.com\/de\/#organization"},"potentialAction":[{"@type":"SearchAction","target":{"@type":"EntryPoint","urlTemplate":"https:\/\/www.striped-giraffe.com\/de\/?s={search_term_string}"},"query-input":"required name=search_term_string"}],"inLanguage":"de"},{"@type":"Organization","@id":"https:\/\/www.striped-giraffe.com\/de\/#organization","name":"Striped Giraffe","url":"https:\/\/www.striped-giraffe.com\/de\/","logo":{"@type":"ImageObject","inLanguage":"de","@id":"https:\/\/www.striped-giraffe.com\/de\/#\/schema\/logo\/image\/","url":"https:\/\/www.striped-giraffe.com\/wp-content\/uploads\/2021\/01\/giraffe_white.svg","contentUrl":"https:\/\/www.striped-giraffe.com\/wp-content\/uploads\/2021\/01\/giraffe_white.svg","caption":"Striped Giraffe"},"image":{"@id":"https:\/\/www.striped-giraffe.com\/de\/#\/schema\/logo\/image\/"}}]}},"_links":{"self":[{"href":"https:\/\/www.striped-giraffe.com\/de\/wp-json\/wp\/v2\/pages\/773"}],"collection":[{"href":"https:\/\/www.striped-giraffe.com\/de\/wp-json\/wp\/v2\/pages"}],"about":[{"href":"https:\/\/www.striped-giraffe.com\/de\/wp-json\/wp\/v2\/types\/page"}],"author":[{"embeddable":true,"href":"https:\/\/www.striped-giraffe.com\/de\/wp-json\/wp\/v2\/users\/2"}],"replies":[{"embeddable":true,"href":"https:\/\/www.striped-giraffe.com\/de\/wp-json\/wp\/v2\/comments?post=773"}],"version-history":[{"count":9,"href":"https:\/\/www.striped-giraffe.com\/de\/wp-json\/wp\/v2\/pages\/773\/revisions"}],"predecessor-version":[{"id":26860,"href":"https:\/\/www.striped-giraffe.com\/de\/wp-json\/wp\/v2\/pages\/773\/revisions\/26860"}],"up":[{"embeddable":true,"href":"https:\/\/www.striped-giraffe.com\/de\/wp-json\/wp\/v2\/pages\/743"}],"wp:attachment":[{"href":"https:\/\/www.striped-giraffe.com\/de\/wp-json\/wp\/v2\/media?parent=773"}],"curies":[{"name":"wp","href":"https:\/\/api.w.org\/{rel}","templated":true}]}}