{"id":1134,"date":"2021-01-08T15:24:03","date_gmt":"2021-01-08T14:24:03","guid":{"rendered":"https:\/\/relaunch.striped-giraffe.com\/beispiel-teaser-boxen-im-einsatz\/"},"modified":"2024-10-30T12:53:52","modified_gmt":"2024-10-30T11:53:52","slug":"insights","status":"publish","type":"page","link":"https:\/\/www.striped-giraffe.com\/en\/insights\/","title":{"rendered":"Insights"},"content":{"rendered":"<section class=\"wpb-content-wrapper\"><p>[vc_row full_width=&#8221;stretch_row&#8221; bg_type=&#8221;image&#8221; parallax_style=&#8221;vcpb-default&#8221; bg_image_new=&#8221;id^19766|url^https:\/\/www.striped-giraffe.com\/wp-content\/uploads\/2021\/01\/Insights-scaled.jpg|caption^Pensive pose, hand props his head. Monkey anthropoid gorilla female. a symbol of brooding rationality and heavy thoughts.isolated black background.|alt^null|title^hand props his head. Monkey anthropoid gorilla female. a symbol|description^null&#8221; css=&#8221;.vc_custom_1610872030428{margin-top: 0px !important;padding-top: 200px !important;padding-bottom: 200px !important;background-position: center !important;background-repeat: no-repeat !important;background-size: cover !important;}&#8221;][vc_column css_animation=&#8221;slideInUp&#8221;][vc_row_inner][vc_column_inner][vc_column_text]<\/p>\n<h1 style=\"text-align: left;\"><span style=\"color: #ffffff;\">Insights.<\/span><\/h1>\n<h2 class=\"headline_superbig\" style=\"text-align: left;\"><span style=\"color: #ffffff;\"><span style=\"color: #ef6c00;\">E-Books, Case Studies &amp; more<\/span><\/span><\/h2>\n<p>[\/vc_column_text][\/vc_column_inner][\/vc_row_inner][\/vc_column][\/vc_row][vc_row full_width=&#8221;stretch_row_content&#8221; equal_height=&#8221;yes&#8221; content_placement=&#8221;top&#8221; css=&#8221;.vc_custom_1611035197719{padding-top: 100px !important;}&#8221; el_id=&#8221;_ebooks&#8221;][vc_column width=&#8221;1\/5&#8243; css=&#8221;.vc_custom_1611034998287{background-image: url(https:\/\/www.striped-giraffe.com\/wp-content\/uploads\/2021\/01\/preview_ebooks-e1611034886176.jpg?id=20766) !important;background-position: center !important;background-repeat: no-repeat !important;background-size: cover !important;}&#8221; el_class=&#8221;insights_leftbox&#8221;][vc_column_text css=&#8221;.vc_custom_1610871392037{padding-top: 25px !important;padding-right: 25px !important;padding-bottom: 25px !important;padding-left: 25px !important;}&#8221;]<\/p>\n<h2 class=\"headline_superbig\" style=\"text-align: right;\"><span style=\"color: #ef6c00;\">E-BOOKS<\/span><\/h2>\n<p>[\/vc_column_text][\/vc_column][vc_column width=&#8221;4\/5&#8243; css=&#8221;.vc_custom_1610984912616{padding-left: 15px !important;}&#8221;][vc_column_text]<div class='insights'><div class='vc_gitem-zone' style='min-height:330px;padding:25px;float:left;width:25%;color:black'><h4 style='margin-bottom:0.25em;color:black;'>AI in E-Commerce<\/h4><p>The real impact of AI in e-commerce lies not in new features, but in the automation of core decision-making.<\/p>\n<a href='https:\/\/www.striped-giraffe.com\/en\/e-book-ai-in-ecommerce\/' class='vc_general vc_btn3 vc_btn3-size-md vc_btn3-shape-rounded vc_btn3-style-modern vc_btn3-color-grey'>Open E-Book<\/a><\/div><div class='vc_gitem-zone' style='min-height:330px;padding:25px;float:left;width:25%;color:black'><h4 style='margin-bottom:0.25em;color:black;'>Rethinking Commerce<\/h4><p>This framework outlines how companies can design their commerce landscape as a controllable decision architecture \u2014 rather than a rigid shop system.<\/p>\n<a href='https:\/\/www.striped-giraffe.com\/en\/e-book-rethinking-commerce\/' class='vc_general vc_btn3 vc_btn3-size-md vc_btn3-shape-rounded vc_btn3-style-modern vc_btn3-color-grey'>Open E-Book<\/a><\/div><div class='vc_gitem-zone' style='min-height:330px;padding:25px;float:left;width:25%;color:black'><h4 style='margin-bottom:0.25em;color:black;'>Digital Self-service & automation in B2B e-commerce<\/h4><p>How to build a modern enterprise that delivers personalized experiences, efficient processes, and scalable automation<\/p>\n<a href='https:\/\/www.striped-giraffe.com\/en\/e-book-self-service-and-automation-in-b2b-ecommerce\/' class='vc_general vc_btn3 vc_btn3-size-md vc_btn3-shape-rounded vc_btn3-style-modern vc_btn3-color-grey'>Open E-Book<\/a><\/div><div class='vc_gitem-zone' style='min-height:330px;padding:25px;float:left;width:25%;color:black'><h4 style='margin-bottom:0.25em;color:black;'>Intelligent Transformation of the Finance and Insurance Industry<\/h4><p>Digitalization drives new business models, data-led decisions, and regulatory transparency.<\/p>\n<a href='https:\/\/www.striped-giraffe.com\/en\/e-book-intelligent-transformation-of-the-finance-and-insurance-industry\/' class='vc_general vc_btn3 vc_btn3-size-md vc_btn3-shape-rounded vc_btn3-style-modern vc_btn3-color-grey'>Open E-Book<\/a><\/div><div class='vc_gitem-zone' style='min-height:330px;padding:25px;float:left;width:25%;color:black'><h4 style='margin-bottom:0.25em;color:black;'>Data management in pharma & healthcare<\/h4><p>These technologies and trends will significantly shape the future of data management in the pharmaceutical industry.<\/p>\n<a href='https:\/\/www.striped-giraffe.com\/en\/e-book-data-management-in-pharma-healthcare\/' class='vc_general vc_btn3 vc_btn3-size-md vc_btn3-shape-rounded vc_btn3-style-modern vc_btn3-color-grey'>Open E-Book<\/a><\/div><div class='vc_gitem-zone' style='min-height:330px;padding:25px;float:left;width:25%;color:black'><h4 style='margin-bottom:0.25em;color:black;'>Personalization as Decision Architecture in E-Commerce \u2013 Part 1<\/h4><p>How relevance arises when systems understand what users really need<\/p>\n<a href='https:\/\/www.striped-giraffe.com\/en\/e-book-personalization-as-decision-architecture\/' class='vc_general vc_btn3 vc_btn3-size-md vc_btn3-shape-rounded vc_btn3-style-modern vc_btn3-color-grey'>Open E-Book<\/a><\/div><div class='vc_gitem-zone' style='min-height:330px;padding:25px;float:left;width:25%;color:black'><h4 style='margin-bottom:0.25em;color:black;'>Personalization in Practice - Part 2<\/h4><p class=\"p1\">How decision-driven logic shapes e-commerce decisions<\/p>\n<a href='https:\/\/www.striped-giraffe.com\/en\/e-book-personalization-in-practice\/' class='vc_general vc_btn3 vc_btn3-size-md vc_btn3-shape-rounded vc_btn3-style-modern vc_btn3-color-grey'>Open E-Book<\/a><\/div><div class='vc_gitem-zone' style='min-height:330px;padding:25px;float:left;width:25%;color:black'><h4 style='margin-bottom:0.25em;color:black;'>ESG - Rethinking Sustainability<\/h4><p>Everything you need to know now about ESG (Environmental, Social and Corporate Governance) and how you can meet your responsibilities.<\/p>\n<a href='https:\/\/www.striped-giraffe.com\/en\/esg-ebook\/' class='vc_general vc_btn3 vc_btn3-size-md vc_btn3-shape-rounded vc_btn3-style-modern vc_btn3-color-grey'>Open E-Book<\/a><\/div><div class='vc_gitem-zone' style='min-height:330px;padding:25px;float:left;width:25%;color:black'><h4 style='margin-bottom:0.25em;color:black;'>B2B Commerce<\/h4><p><strong>More than just an online shop<\/strong><\/p>\n<p class=\"p1\">To meet the expectations of business customers, B2B platforms should include multiple functionalities and capabilities that cannot be found in online retail stores.<\/p>\n<a href='https:\/\/www.striped-giraffe.com\/en\/ebook-b2b-commerce\/' class='vc_general vc_btn3 vc_btn3-size-md vc_btn3-shape-rounded vc_btn3-style-modern vc_btn3-color-grey'>Open E-Book<\/a><\/div><div class='vc_gitem-zone' style='min-height:330px;padding:25px;float:left;width:25%;color:black'><h4 style='margin-bottom:0.25em;color:black;'>Cloud Data Platforms<\/h4><p><strong>Next-Generation Data Management<\/strong><\/p>\n<p>What are the biggest challenges? What are the advantages of a cloud solution? And how do you migrate an on-premise DWH to the cloud?<\/p>\n<a href='https:\/\/www.striped-giraffe.com\/en\/ebook-cloud-dwh\/' class='vc_general vc_btn3 vc_btn3-size-md vc_btn3-shape-rounded vc_btn3-style-modern vc_btn3-color-grey'>Open E-Book<\/a><\/div><div class='clear'><\/div><\/div>[\/vc_column_text][\/vc_column][\/vc_row][vc_row full_width=&#8221;stretch_row_content&#8221; equal_height=&#8221;yes&#8221; content_placement=&#8221;top&#8221; bg_type=&#8221;bg_color&#8221; bg_color_value=&#8221;#000000&#8243; css=&#8221;.vc_custom_1611035204137{padding-top: 100px !important;padding-bottom: 100px !important;}&#8221; el_id=&#8221;_casestudys&#8221;][vc_column width=&#8221;1\/5&#8243; css=&#8221;.vc_custom_1611035011290{background-image: url(https:\/\/www.striped-giraffe.com\/wp-content\/uploads\/2021\/01\/preview_casestudys_v3-e1611034862454.jpg?id=20775) !important;background-position: center !important;background-repeat: no-repeat !important;background-size: cover !important;}&#8221; el_class=&#8221;insights_leftbox&#8221;][vc_column_text css=&#8221;.vc_custom_1610979681395{padding-top: 25px !important;padding-right: 25px !important;padding-bottom: 25px !important;padding-left: 25px !important;}&#8221;]<\/p>\n<h2 class=\"headline_superbig\" style=\"text-align: right;\"><span style=\"color: #ef6c00;\">CASE STUDIES<\/span><\/h2>\n<p>[\/vc_column_text][\/vc_column][vc_column width=&#8221;4\/5&#8243; css=&#8221;.vc_custom_1610984957946{padding-left: 15px !important;}&#8221;][vc_column_text]<div class='insights'><div class='vc_gitem-zone' style='min-height:330px;padding:25px;float:left;width:25%;color:white'><h4 style='margin-bottom:0.25em;color:white;'>KELLER & KALMBACH<\/h4><p><strong>SAP Commerce Cloud upgrade &amp; migration to Microsoft Azure.<\/strong><\/p>\n<p>After a necessary change of the service provider, the performance of the online store was improved in 2.5 months.<\/p>\n<a href='https:\/\/www.striped-giraffe.com\/en\/case-study-keller-kalmbach\/' class='vc_general vc_btn3 vc_btn3-size-md vc_btn3-shape-rounded vc_btn3-style-modern vc_btn3-color-grey'>Download<\/a><\/div><div class='vc_gitem-zone' style='min-height:330px;padding:25px;float:left;width:25%;color:white'><h4 style='margin-bottom:0.25em;color:white;'>KAISERKRAFT<\/h4><p><strong>Next Level Product Management with Machine Learning<\/strong><\/p>\n<p>The Product Lifecycle Advisor developed specifically for kaiserkraft (formerly ratioform) allows concrete measures to be implemented more quickly and in a more targeted manner.<\/p>\n<a href='https:\/\/www.striped-giraffe.com\/en\/case-study-ratioform\/' class='vc_general vc_btn3 vc_btn3-size-md vc_btn3-shape-rounded vc_btn3-style-modern vc_btn3-color-grey'>Download<\/a><\/div><div class='vc_gitem-zone' style='min-height:330px;padding:25px;float:left;width:25%;color:white'><h4 style='margin-bottom:0.25em;color:white;'>HILTI<\/h4><p><strong>Self-Service Platform<\/strong><\/p>\n<p>By installing simple, step-by-step self-service functions and comprehensive process automation, the workload of customer service staff has been significantly reduced.<\/p>\n<a href='https:\/\/www.striped-giraffe.com\/en\/hilti-case-study\/' class='vc_general vc_btn3 vc_btn3-size-md vc_btn3-shape-rounded vc_btn3-style-modern vc_btn3-color-grey'>Download<\/a><\/div><div class='clear'><\/div><\/div>[\/vc_column_text][\/vc_column][\/vc_row][vc_row full_width=&#8221;stretch_row_content&#8221; equal_height=&#8221;yes&#8221; disable_element=&#8221;yes&#8221; el_id=&#8221;_webinare&#8221;][vc_column width=&#8221;1\/5&#8243; css=&#8221;.vc_custom_1610871429855{background-image: url(https:\/\/www.striped-giraffe.com\/wp-content\/uploads\/2021\/01\/dame_insights.jpg?id=1332) !important;background-position: center !important;background-repeat: no-repeat !important;background-size: cover !important;}&#8221; el_class=&#8221;insights_leftbox&#8221;][vc_column_text css=&#8221;.vc_custom_1610989890793{padding-top: 25px !important;padding-right: 25px !important;padding-bottom: 25px !important;padding-left: 25px !important;}&#8221;]<\/p>\n<h2 class=\"headline_superbig\" style=\"text-align: right;\"><span style=\"color: #ef6c00;\">WEBINARS<\/span><\/h2>\n<p>[\/vc_column_text][\/vc_column][vc_column width=&#8221;4\/5&#8243; css=&#8221;.vc_custom_1610984969653{padding-left: 15px !important;}&#8221;][vc_column_text]<div class='insights'><div class='clear'><\/div><\/div>[\/vc_column_text][\/vc_column][\/vc_row][vc_row full_width=&#8221;stretch_row&#8221; bg_type=&#8221;bg_color&#8221; bg_color_value=&#8221;#ffffff&#8221; css=&#8221;.vc_custom_1610959632238{margin-top: 0px !important;margin-bottom: 0px !important;padding-top: 0px !important;padding-bottom: 0px !important;}&#8221;][vc_column][vc_row_inner css=&#8221;.vc_custom_1610895758134{margin-right: -25px !important;margin-left: -25px !important;padding-top: 100px !important;padding-bottom: 50px !important;background-color: #ffffff !important;}&#8221;][vc_column_inner][vc_column_text css=&#8221;.vc_custom_1626253952914{padding-top: 25px !important;padding-right: 25px !important;padding-bottom: 25px !important;padding-left: 25px !important;}&#8221;]<\/p>\n<h2 class=\"headline_superbig\">Tipps, Trends &amp; <span style=\"color: #ef6c00;\">Blog<\/span>.<\/h2>\n<p>[\/vc_column_text][vc_basic_grid post_type=&#8221;post&#8221; max_items=&#8221;3&#8243; gap=&#8221;35&#8243; item=&#8221;1593&#8243; grid_id=&#8221;vc_gid:1730289197794-39173cac-ff49-3&#8243; css=&#8221;.vc_custom_1706085971986{margin-right: 25px !important;margin-left: 25px !important;}&#8221;][vc_btn title=&#8221;VISIT OUR BLOG&#8221; align=&#8221;center&#8221; link=&#8221;url:https%3A%2F%2Fwww.striped-giraffe.com%2Fen%2Fblog%2F|title:Blog&#8221;][\/vc_column_inner][\/vc_row_inner][\/vc_column][\/vc_row][vc_row full_width=&#8221;stretch_row_content&#8221; equal_height=&#8221;yes&#8221; bg_type=&#8221;bg_color&#8221; el_id=&#8221;_studies&#8221; bg_color_value=&#8221;#000000&#8243; css=&#8221;.vc_custom_1730288991202{margin-bottom: 50px !important;padding-top: 50px !important;}&#8221;][vc_column width=&#8221;1\/5&#8243; css=&#8221;.vc_custom_1623858292460{background-image: url(https:\/\/www.striped-giraffe.com\/wp-content\/uploads\/2021\/06\/monk.jpg?id=26770) !important;background-position: center !important;background-repeat: no-repeat !important;background-size: cover !important;}&#8221; el_class=&#8221;insights_leftbox&#8221;][vc_column_text css=&#8221;.vc_custom_1681721467294{padding-top: 25px !important;padding-right: 25px !important;padding-bottom: 25px !important;padding-left: 25px !important;}&#8221;]<\/p>\n<h2 class=\"headline_superbig\" style=\"text-align: right;\"><span style=\"color: #ef6c00;\">STUDIES<\/span><\/h2>\n<p>[\/vc_column_text][\/vc_column][vc_column width=&#8221;4\/5&#8243; css=&#8221;.vc_custom_1610985016820{padding-left: 15px !important;}&#8221;][vc_column_text]<div class='insights'><div class='vc_gitem-zone' style='min-height:330px;padding:25px;float:left;width:25%;color:white'><h4 style='margin-bottom:0.25em;color:white;'>THE AGILE REPORT<\/h4><p>Agile experts report on their experiences, views, and the effects of agile software development on the organization.<\/p>\n<a href='https:\/\/www.striped-giraffe.com\/en\/the-agile-report\/' class='vc_general vc_btn3 vc_btn3-size-md vc_btn3-shape-rounded vc_btn3-style-modern vc_btn3-color-grey'>Download<\/a><\/div><div class='vc_gitem-zone' style='min-height:330px;padding:25px;float:left;width:25%;color:white'><h4 style='margin-bottom:0.25em;color:white;'>IT Report<\/h4><p class=\"p1\">Digitization projects \u2014 6 key findings on challenges and experiences with recommendations<\/p>\n<a href='https:\/\/www.striped-giraffe.com\/en\/it-report-digitization-projects\/' class='vc_general vc_btn3 vc_btn3-size-md vc_btn3-shape-rounded vc_btn3-style-modern vc_btn3-color-grey'>Download<\/a><\/div><div class='vc_gitem-zone' style='min-height:330px;padding:25px;float:left;width:25%;color:white'><h4 style='margin-bottom:0.25em;color:white;'>B2B Commerce - Part 2<\/h4><p>B2B Commerce 2023 -The Right Approach to Digitization<\/p>\n<a href='https:\/\/www.striped-giraffe.com\/en\/download-study-b2b-commerce-2\/' class='vc_general vc_btn3 vc_btn3-size-md vc_btn3-shape-rounded vc_btn3-style-modern vc_btn3-color-grey'>Download<\/a><\/div><div class='vc_gitem-zone' style='min-height:330px;padding:25px;float:left;width:25%;color:white'><h4 style='margin-bottom:0.25em;color:white;'>B2B Commerce - Part 1<\/h4><p>Economic challenges and countermeasures for B2B companies, e-commerce, and price developments.<\/p>\n<a href='https:\/\/www.striped-giraffe.com\/en\/download-study-b2b-commerce-1\/' class='vc_general vc_btn3 vc_btn3-size-md vc_btn3-shape-rounded vc_btn3-style-modern vc_btn3-color-grey'>Download<\/a><\/div><div class='clear'><\/div><\/div>[\/vc_column_text][\/vc_column][\/vc_row][vc_row full_height=&#8221;yes&#8221; equal_height=&#8221;yes&#8221; css=&#8221;.vc_custom_1730289228531{margin-bottom: 100px !important;}&#8221; el_id=&#8221;_news&#8221;][vc_column][vc_column_text css=&#8221;.vc_custom_1730288499791{padding-top: 25px !important;padding-right: 25px !important;padding-bottom: 25px !important;padding-left: 25px !important;}&#8221;]<\/p>\n<h2 class=\"headline_superbig\">News<\/h2>\n<p>[\/vc_column_text][vc_raw_html]JTNDcnNzYXBwLXdhbGwlMjBpZCUzRCUyMlZ0S2NseFVCaTdZeVhoZXYlMjIlM0UlM0MlMkZyc3NhcHAtd2FsbCUzRSUzQ3NjcmlwdCUyMHNyYyUzRCUyMmh0dHBzJTNBJTJGJTJGd2lkZ2V0LnJzcy5hcHAlMkZ2MSUyRndhbGwuanMlMjIlMjBjbGFzcyUzRCUyMnJzcy1mb250JTIyJTIwdHlwZSUzRCUyMnRleHQlMkZqYXZhc2NyaXB0JTIyJTIwYXN5bmMlM0UlM0MlMkZzY3JpcHQlM0U=[\/vc_raw_html][vc_empty_space][vc_btn title=&#8221;More on LinkedIn&#8221; align=&#8221;center&#8221; link=&#8221;url:https%3A%2F%2Fwww.linkedin.com%2Fcompany%2Fstriped-giraffe-innovation-%26-strategy-gmbh%2F|title:LinkedIn|target:_blank&#8221;][\/vc_column][\/vc_row][vc_row full_width=&#8221;stretch_row&#8221; css=&#8221;.vc_custom_1729669002675{margin-bottom: 0px !important;padding-top: 0px !important;padding-bottom: 100px !important;background-color: #000000 !important;}&#8221; el_id=&#8221;downloadsection&#8221;][vc_column el_class=&#8221;footerform&#8221;][vc_column_text]<\/p>\n<h3 style=\"text-align: center;\"><span style=\"color: #ef6c00;\">newsletter subscription<\/span><\/h3>\n<h2 class=\"headline_superbig\" style=\"color: #fff; text-align: center;\">Stay tuned!<\/h2>\n<p>[\/vc_column_text][vc_empty_space][vc_row_inner el_id=&#8221;wpcf7_form&#8221;][vc_column_inner][vc_column_text el_id=&#8221;acnews&#8221;]<div class='_form_144'><\/div><script type='text\/javascript' src='https:\/\/striped-giraffe.activehosted.com\/f\/embed.php?static=0&id=144&69D450F4C3F05&nostyles=0&preview=0'><\/script>[\/vc_column_text][\/vc_column_inner][\/vc_row_inner][\/vc_column][\/vc_row]<\/p>\n<\/section>","protected":false},"excerpt":{"rendered":"<p>[vc_row full_width=&#8221;stretch_row&#8221; bg_type=&#8221;image&#8221; parallax_style=&#8221;vcpb-default&#8221; bg_image_new=&#8221;id^19766|url^https:\/\/www.striped-giraffe.com\/wp-content\/uploads\/2021\/01\/Insights-scaled.jpg|caption^Pensive pose, hand props his head. Monkey anthropoid gorilla female. a symbol of brooding rationality and [&hellip;]<\/p>\n","protected":false},"author":1,"featured_media":19767,"parent":0,"menu_order":0,"comment_status":"closed","ping_status":"closed","template":"","meta":{"footnotes":""},"acf":[],"yoast_head":"<!-- This site is optimized with the Yoast SEO Premium plugin v20.5 (Yoast SEO v20.5) - https:\/\/yoast.com\/wordpress\/plugins\/seo\/ -->\n<title>Insights - Striped Giraffe<\/title>\n<meta name=\"robots\" content=\"index, follow, max-snippet:-1, max-image-preview:large, max-video-preview:-1\" \/>\n<link rel=\"canonical\" href=\"https:\/\/www.striped-giraffe.com\/en\/insights\/\" \/>\n<meta property=\"og:locale\" content=\"en_US\" \/>\n<meta property=\"og:type\" content=\"article\" \/>\n<meta property=\"og:title\" content=\"Insights\" \/>\n<meta property=\"og:description\" content=\"[vc_row full_width=&#8221;stretch_row&#8221; bg_type=&#8221;image&#8221; parallax_style=&#8221;vcpb-default&#8221; bg_image_new=&#8221;id^19766|url^https:\/\/www.striped-giraffe.com\/wp-content\/uploads\/2021\/01\/Insights-scaled.jpg|caption^Pensive pose, hand props his head. Monkey anthropoid gorilla female. a symbol of brooding rationality and [&hellip;]\" \/>\n<meta property=\"og:url\" content=\"https:\/\/www.striped-giraffe.com\/en\/insights\/\" \/>\n<meta property=\"og:site_name\" content=\"Striped Giraffe\" \/>\n<meta property=\"article:modified_time\" content=\"2024-10-30T11:53:52+00:00\" \/>\n<meta property=\"og:image\" content=\"https:\/\/www.striped-giraffe.com\/wp-content\/uploads\/2021\/01\/Insights-scaled.jpg\" \/>\n\t<meta property=\"og:image:width\" content=\"2560\" \/>\n\t<meta property=\"og:image:height\" content=\"1792\" \/>\n\t<meta property=\"og:image:type\" content=\"image\/jpeg\" \/>\n<meta name=\"twitter:card\" content=\"summary_large_image\" \/>\n<meta name=\"twitter:label1\" content=\"Est. reading time\" \/>\n\t<meta name=\"twitter:data1\" content=\"2 minutes\" \/>\n<script type=\"application\/ld+json\" class=\"yoast-schema-graph\">{\"@context\":\"https:\/\/schema.org\",\"@graph\":[{\"@type\":\"WebPage\",\"@id\":\"https:\/\/www.striped-giraffe.com\/en\/insights\/\",\"url\":\"https:\/\/www.striped-giraffe.com\/en\/insights\/\",\"name\":\"Insights - Striped Giraffe\",\"isPartOf\":{\"@id\":\"https:\/\/www.striped-giraffe.com\/de\/#website\"},\"datePublished\":\"2021-01-08T14:24:03+00:00\",\"dateModified\":\"2024-10-30T11:53:52+00:00\",\"inLanguage\":\"en-US\",\"potentialAction\":[{\"@type\":\"ReadAction\",\"target\":[\"https:\/\/www.striped-giraffe.com\/en\/insights\/\"]}]},{\"@type\":\"WebSite\",\"@id\":\"https:\/\/www.striped-giraffe.com\/de\/#website\",\"url\":\"https:\/\/www.striped-giraffe.com\/de\/\",\"name\":\"Striped Giraffe\",\"description\":\"Ihr zuverl\u00e4ssiger Anbieter f\u00fcr digitale Enterprise-L\u00f6sungen\",\"publisher\":{\"@id\":\"https:\/\/www.striped-giraffe.com\/de\/#organization\"},\"potentialAction\":[{\"@type\":\"SearchAction\",\"target\":{\"@type\":\"EntryPoint\",\"urlTemplate\":\"https:\/\/www.striped-giraffe.com\/de\/?s={search_term_string}\"},\"query-input\":\"required name=search_term_string\"}],\"inLanguage\":\"en-US\"},{\"@type\":\"Organization\",\"@id\":\"https:\/\/www.striped-giraffe.com\/de\/#organization\",\"name\":\"Striped Giraffe\",\"url\":\"https:\/\/www.striped-giraffe.com\/de\/\",\"logo\":{\"@type\":\"ImageObject\",\"inLanguage\":\"en-US\",\"@id\":\"https:\/\/www.striped-giraffe.com\/de\/#\/schema\/logo\/image\/\",\"url\":\"https:\/\/www.striped-giraffe.com\/wp-content\/uploads\/2021\/01\/giraffe_white.svg\",\"contentUrl\":\"https:\/\/www.striped-giraffe.com\/wp-content\/uploads\/2021\/01\/giraffe_white.svg\",\"caption\":\"Striped Giraffe\"},\"image\":{\"@id\":\"https:\/\/www.striped-giraffe.com\/de\/#\/schema\/logo\/image\/\"}}]}<\/script>\n<!-- \/ Yoast SEO Premium plugin. -->","yoast_head_json":{"title":"Insights - Striped Giraffe","robots":{"index":"index","follow":"follow","max-snippet":"max-snippet:-1","max-image-preview":"max-image-preview:large","max-video-preview":"max-video-preview:-1"},"canonical":"https:\/\/www.striped-giraffe.com\/en\/insights\/","og_locale":"en_US","og_type":"article","og_title":"Insights","og_description":"[vc_row full_width=&#8221;stretch_row&#8221; bg_type=&#8221;image&#8221; parallax_style=&#8221;vcpb-default&#8221; bg_image_new=&#8221;id^19766|url^https:\/\/www.striped-giraffe.com\/wp-content\/uploads\/2021\/01\/Insights-scaled.jpg|caption^Pensive pose, hand props his head. Monkey anthropoid gorilla female. a symbol of brooding rationality and [&hellip;]","og_url":"https:\/\/www.striped-giraffe.com\/en\/insights\/","og_site_name":"Striped Giraffe","article_modified_time":"2024-10-30T11:53:52+00:00","og_image":[{"width":2560,"height":1792,"url":"https:\/\/www.striped-giraffe.com\/wp-content\/uploads\/2021\/01\/Insights-scaled.jpg","type":"image\/jpeg"}],"twitter_card":"summary_large_image","twitter_misc":{"Est. reading time":"2 minutes"},"schema":{"@context":"https:\/\/schema.org","@graph":[{"@type":"WebPage","@id":"https:\/\/www.striped-giraffe.com\/en\/insights\/","url":"https:\/\/www.striped-giraffe.com\/en\/insights\/","name":"Insights - Striped Giraffe","isPartOf":{"@id":"https:\/\/www.striped-giraffe.com\/de\/#website"},"datePublished":"2021-01-08T14:24:03+00:00","dateModified":"2024-10-30T11:53:52+00:00","inLanguage":"en-US","potentialAction":[{"@type":"ReadAction","target":["https:\/\/www.striped-giraffe.com\/en\/insights\/"]}]},{"@type":"WebSite","@id":"https:\/\/www.striped-giraffe.com\/de\/#website","url":"https:\/\/www.striped-giraffe.com\/de\/","name":"Striped Giraffe","description":"Ihr zuverl\u00e4ssiger Anbieter f\u00fcr digitale Enterprise-L\u00f6sungen","publisher":{"@id":"https:\/\/www.striped-giraffe.com\/de\/#organization"},"potentialAction":[{"@type":"SearchAction","target":{"@type":"EntryPoint","urlTemplate":"https:\/\/www.striped-giraffe.com\/de\/?s={search_term_string}"},"query-input":"required name=search_term_string"}],"inLanguage":"en-US"},{"@type":"Organization","@id":"https:\/\/www.striped-giraffe.com\/de\/#organization","name":"Striped Giraffe","url":"https:\/\/www.striped-giraffe.com\/de\/","logo":{"@type":"ImageObject","inLanguage":"en-US","@id":"https:\/\/www.striped-giraffe.com\/de\/#\/schema\/logo\/image\/","url":"https:\/\/www.striped-giraffe.com\/wp-content\/uploads\/2021\/01\/giraffe_white.svg","contentUrl":"https:\/\/www.striped-giraffe.com\/wp-content\/uploads\/2021\/01\/giraffe_white.svg","caption":"Striped Giraffe"},"image":{"@id":"https:\/\/www.striped-giraffe.com\/de\/#\/schema\/logo\/image\/"}}]}},"_links":{"self":[{"href":"https:\/\/www.striped-giraffe.com\/en\/wp-json\/wp\/v2\/pages\/1134"}],"collection":[{"href":"https:\/\/www.striped-giraffe.com\/en\/wp-json\/wp\/v2\/pages"}],"about":[{"href":"https:\/\/www.striped-giraffe.com\/en\/wp-json\/wp\/v2\/types\/page"}],"author":[{"embeddable":true,"href":"https:\/\/www.striped-giraffe.com\/en\/wp-json\/wp\/v2\/users\/1"}],"replies":[{"embeddable":true,"href":"https:\/\/www.striped-giraffe.com\/en\/wp-json\/wp\/v2\/comments?post=1134"}],"version-history":[{"count":46,"href":"https:\/\/www.striped-giraffe.com\/en\/wp-json\/wp\/v2\/pages\/1134\/revisions"}],"predecessor-version":[{"id":34095,"href":"https:\/\/www.striped-giraffe.com\/en\/wp-json\/wp\/v2\/pages\/1134\/revisions\/34095"}],"wp:featuredmedia":[{"embeddable":true,"href":"https:\/\/www.striped-giraffe.com\/en\/wp-json\/wp\/v2\/media\/19767"}],"wp:attachment":[{"href":"https:\/\/www.striped-giraffe.com\/en\/wp-json\/wp\/v2\/media?parent=1134"}],"curies":[{"name":"wp","href":"https:\/\/api.w.org\/{rel}","templated":true}]}}