{"id":1579,"date":"2021-01-12T18:22:03","date_gmt":"2021-01-12T17:22:03","guid":{"rendered":"https:\/\/relaunch.striped-giraffe.com\/impressum\/"},"modified":"2024-10-30T14:43:55","modified_gmt":"2024-10-30T13:43:55","slug":"legal-notice","status":"publish","type":"page","link":"https:\/\/www.striped-giraffe.com\/en\/legal-notice\/","title":{"rendered":"Imprint"},"content":{"rendered":"<section class=\"wpb-content-wrapper\"><p>[vc_row css=&#8221;.vc_custom_1610472954349{margin-bottom: 0px !important;}&#8221;][vc_column][vc_column_text]<\/p>\n<h1>Legal Notice<\/h1>\n<p>[\/vc_column_text][\/vc_column][\/vc_row][vc_row css=&#8221;.vc_custom_1610033353639{padding-top: 100px !important;padding-bottom: 100px !important;}&#8221;][vc_column][vc_column_text]<strong>Information according to \u00a7 5 TMG:<\/strong><\/p>\n<p>Striped Giraffe<br \/>\nInnovation &amp; Strategy GmbH<\/p>\n<p>Lenbachplatz 3<br \/>\n80333 Munich<br \/>\nGermany<\/p>\n<p>&nbsp;<\/p>\n<p><strong>VAT:<\/strong><\/p>\n<p>VAT identification number according to \u00a727 a of the German Value Added Tax Act:<br \/>\nDE 81 54 58 230<\/p>\n<p>&nbsp;<\/p>\n<p><strong>Contact:<\/strong><\/p>\n<p>Phone: +49 (0)89-416 12666-0<br \/>\nE-Mail: <a href=\"mailto:info@striped-giraffe.com\">info@striped-giraffe.com<\/a><br \/>\nWeb: <a href=\"http:\/\/www.striped-giraffe.com\/de\">www.striped-giraffe.com\/de<\/a><\/p>\n<p>&nbsp;<\/p>\n<p><strong>Commercial Register:<\/strong><\/p>\n<p>HRB M\u00fcnchen 207524<\/p>\n<p>&nbsp;<\/p>\n<p><strong>Managing Directors:<\/strong><\/p>\n<p>Gunnar Rohde<br \/>\nMartina Deffner<\/p>\n<p>&nbsp;<\/p>\n<p><strong>Dispute resolution<\/strong><\/p>\n<p>The European Commission provides a platform for online dispute resolution (OS): <a href=\"https:\/\/ec.europa.eu\/consumers\/odr\/main\/index.cfm?event=main.home2.show&amp;lng=EN\">https:\/\/ec.europa.eu\/consumers\/odr<\/a><\/p>\n<p>You can find our e-mail address at the top of the Legal Notice.<\/p>\n<p>We are not willing or obliged to participate in dispute resolution proceedings before a consumer arbitration board.<\/p>\n<p>&nbsp;<\/p>\n<p><strong>Responsible for content:<\/strong><\/p>\n<p>Gunnar Rohde, Martina Deffner<\/p>\n<p>&nbsp;<\/p>\n<p><strong>Concept:<\/strong><\/p>\n<p><a href=\"https:\/\/www.linkedin.com\/in\/danielle-rietsch\/\" target=\"_blank\" rel=\"noopener\">Danielle Rietsch<\/a>, <a href=\"https:\/\/www.marcess.de\/\">Marcess<\/a><\/p>\n<p>&nbsp;<\/p>\n<p><strong>Design:<\/strong><\/p>\n<p><a href=\"http:\/\/sweet-ink.de\/\">SWEET INK GmbH<\/a><\/p>\n<p>&nbsp;<\/p>\n<p><strong>Umsetzung:<\/strong><\/p>\n<p><a href=\"https:\/\/www.macmyday.de\/\">macmyday<\/a><\/p>\n<p>&nbsp;<\/p>\n<p><strong>Corporate:<\/strong><\/p>\n<p><a href=\"https:\/\/www.viazenetti.de\/de\/\">viazenetti GmbH<\/a>[\/vc_column_text][\/vc_column][\/vc_row][vc_row full_width=&#8221;stretch_row&#8221; el_class=&#8221;closetotop&#8221; css=&#8221;.vc_custom_1610456363340{margin-top: 100px !important;margin-bottom: 0px !important;padding-top: 260px !important;padding-bottom: 160px !important;background-image: url(https:\/\/www.striped-giraffe.com\/wp-content\/uploads\/2020\/12\/contact_bckgnd_dark.jpg?id=319) !important;background-position: center !important;background-repeat: no-repeat !important;background-size: cover !important;}&#8221;][vc_column][vc_column_text]<\/p>\n<h1 class=\"headline_superbig\" style=\"text-align: center;\"><span style=\"color: #ffffff;\">CONTACT US.<\/span><\/h1>\n<h3 style=\"text-align: center;\"><span style=\"color: #ffffff;\">Striped Giraffe Innovation &amp; Strategy<\/span><br \/>\n<span style=\"color: #ffffff;\">Lenbachplatz 3 | 80333 Munich | Germany<\/span><\/h3>\n<h3 style=\"text-align: center;\"><strong><span style=\"color: #ef6c00;\"><a style=\"color: #ef6c00;\" href=\"mailto:info@striped-giraffe.com\">info@striped-giraffe.com<\/a><\/span><\/strong><br \/>\n<strong><span style=\"color: #ffffff;\">T. +49 (0)89-416 126-660<\/span><\/strong><\/h3>\n<p>[\/vc_column_text][vc_row_inner gap=&#8221;35&#8243; css=&#8221;.vc_custom_1609932111067{margin-top: 100px !important;}&#8221;][vc_column_inner width=&#8221;1\/3&#8243;][vc_column_text]<\/p>\n<p style=\"text-align: center;\"><strong><span style=\"color: #ffffff;\">Our Business Development team<\/span><\/strong><br \/>\n<a href=\"mailto:sales@striped-giraffe.com\"><strong><span style=\"color: #ef6c00;\">sales@striped-giraffe.com<\/span><\/strong><\/a><\/p>\n<p>[\/vc_column_text][\/vc_column_inner][vc_column_inner width=&#8221;1\/3&#8243;][vc_column_text]<\/p>\n<p style=\"text-align: center;\"><strong><span style=\"color: #ffffff;\">Our Marketing team<\/span><\/strong><br \/>\n<a href=\"mailto:marketing@striped-giraffe.com\"><strong><span style=\"color: #ef6c00;\">marketing@striped-giraffe.com<\/span><\/strong><\/a><\/p>\n<p>[\/vc_column_text][\/vc_column_inner][vc_column_inner width=&#8221;1\/3&#8243;][vc_column_text]<\/p>\n<p style=\"text-align: center;\"><strong><span style=\"color: #ffffff;\">Our HR team<\/span><\/strong><br \/>\n<a href=\"mailto:career@striped-giraffe.com\"><strong><span style=\"color: #ef6c00;\">career@striped-giraffe.com<\/span><\/strong><\/a><\/p>\n<p>[\/vc_column_text][\/vc_column_inner][\/vc_row_inner][\/vc_column][\/vc_row][vc_row full_width=&#8221;stretch_row&#8221; css=&#8221;.vc_custom_1609932168584{padding-top: 200px !important;padding-bottom: 100px !important;background-color: #000000 !important;}&#8221;][vc_column][vc_column_text]<\/p>\n<h1 style=\"text-align: center;\"><span style=\"color: #ffffff;\">Folgen Sie uns.<\/span><\/h1>\n<p>[\/vc_column_text]<div class=\" uavc-icons-center uavc-icons \">\n<a class=\"aio-tooltip 6a05391f3d022\" href=\"https:\/\/www.linkedin.com\/company\/striped-giraffe-innovation-&-strategy-gmbh\/?viewAsMember=true\" target=\"_blank\" rel=\"noopener\"  data-toggle=\"tooltip\" data-placement=\"\" title=\"\"><div class=\"aio-icon  \" data-animation=\"\" data-animation-delay=\"03\" style=\"color:#ffffff;font-size:30px;margin-right:5px;\">\n\t<i class=\"Defaults-linkedin\"><\/i>\n<\/div><\/a>\n<a class=\"aio-tooltip 6a05391f3d055\" href=\"https:\/\/www.youtube.com\/@stripedgiraffe\" target=\"_blank\" rel=\"noopener\"  data-toggle=\"tooltip\" data-placement=\"\" title=\"\"><div class=\"aio-icon  \" data-animation=\"\" data-animation-delay=\"03\" style=\"color:#ffffff;font-size:30px;margin-right:5px;\">\n\t<i class=\"Defaults-youtube-play\"><\/i>\n<\/div><\/a>\n<a class=\"aio-tooltip 6a05391f3d07d\" href=\"https:\/\/www.instagram.com\/Striped_Giraffe_Insights\/\" target=\"_blank\" rel=\"noopener\"  data-toggle=\"tooltip\" data-placement=\"\" title=\"\"><div class=\"aio-icon  \" data-animation=\"\" data-animation-delay=\"03\" style=\"color:#ffffff;font-size:30px;margin-right:5px;\">\n\t<i class=\"Defaults-instagram\"><\/i>\n<\/div><\/a>\n<a class=\"aio-tooltip 6a05391f3d0a4\" href=\"https:\/\/www.facebook.com\/striped.giraffe.innovation.and.strategy\" target=\"_blank\" rel=\"noopener\"  data-toggle=\"tooltip\" data-placement=\"\" title=\"\"><div class=\"aio-icon  \" data-animation=\"\" data-animation-delay=\"03\" style=\"color:#ffffff;font-size:30px;margin-right:5px;\">\n\t<i class=\"Defaults-facebook facebook-f\"><\/i>\n<\/div><\/a><\/div>[\/vc_column][\/vc_row]<\/p>\n<\/section>","protected":false},"excerpt":{"rendered":"<p>[vc_row css=&#8221;.vc_custom_1610472954349{margin-bottom: 0px !important;}&#8221;][vc_column][vc_column_text] Legal Notice [\/vc_column_text][\/vc_column][\/vc_row][vc_row css=&#8221;.vc_custom_1610033353639{padding-top: 100px !important;padding-bottom: 100px !important;}&#8221;][vc_column][vc_column_text]Information according to \u00a7 5 TMG: Striped Giraffe Innovation [&hellip;]<\/p>\n","protected":false},"author":1,"featured_media":0,"parent":0,"menu_order":0,"comment_status":"closed","ping_status":"closed","template":"","meta":{"footnotes":""},"acf":[],"yoast_head":"<!-- This site is optimized with the Yoast SEO Premium plugin v20.5 (Yoast SEO v20.5) - https:\/\/yoast.com\/wordpress\/plugins\/seo\/ -->\n<title>Imprint - Striped Giraffe<\/title>\n<meta name=\"robots\" content=\"index, follow, max-snippet:-1, max-image-preview:large, max-video-preview:-1\" \/>\n<link rel=\"canonical\" href=\"https:\/\/www.striped-giraffe.com\/en\/legal-notice\/\" \/>\n<meta property=\"og:locale\" content=\"en_US\" \/>\n<meta property=\"og:type\" content=\"article\" \/>\n<meta property=\"og:title\" content=\"Imprint\" \/>\n<meta property=\"og:description\" content=\"[vc_row css=&#8221;.vc_custom_1610472954349{margin-bottom: 0px !important;}&#8221;][vc_column][vc_column_text] Legal Notice [\/vc_column_text][\/vc_column][\/vc_row][vc_row css=&#8221;.vc_custom_1610033353639{padding-top: 100px !important;padding-bottom: 100px !important;}&#8221;][vc_column][vc_column_text]Information according to \u00a7 5 TMG: Striped Giraffe Innovation [&hellip;]\" \/>\n<meta property=\"og:url\" content=\"https:\/\/www.striped-giraffe.com\/en\/legal-notice\/\" \/>\n<meta property=\"og:site_name\" content=\"Striped Giraffe\" \/>\n<meta property=\"article:modified_time\" content=\"2024-10-30T13:43:55+00:00\" \/>\n<meta name=\"twitter:card\" content=\"summary_large_image\" \/>\n<meta name=\"twitter:label1\" content=\"Est. reading time\" \/>\n\t<meta name=\"twitter:data1\" content=\"2 minutes\" \/>\n<script type=\"application\/ld+json\" class=\"yoast-schema-graph\">{\"@context\":\"https:\/\/schema.org\",\"@graph\":[{\"@type\":\"WebPage\",\"@id\":\"https:\/\/www.striped-giraffe.com\/en\/legal-notice\/\",\"url\":\"https:\/\/www.striped-giraffe.com\/en\/legal-notice\/\",\"name\":\"Imprint - Striped Giraffe\",\"isPartOf\":{\"@id\":\"https:\/\/www.striped-giraffe.com\/de\/#website\"},\"datePublished\":\"2021-01-12T17:22:03+00:00\",\"dateModified\":\"2024-10-30T13:43:55+00:00\",\"inLanguage\":\"en-US\",\"potentialAction\":[{\"@type\":\"ReadAction\",\"target\":[\"https:\/\/www.striped-giraffe.com\/en\/legal-notice\/\"]}]},{\"@type\":\"WebSite\",\"@id\":\"https:\/\/www.striped-giraffe.com\/de\/#website\",\"url\":\"https:\/\/www.striped-giraffe.com\/de\/\",\"name\":\"Striped Giraffe\",\"description\":\"Ihr zuverl\u00e4ssiger Anbieter f\u00fcr digitale Enterprise-L\u00f6sungen\",\"publisher\":{\"@id\":\"https:\/\/www.striped-giraffe.com\/de\/#organization\"},\"potentialAction\":[{\"@type\":\"SearchAction\",\"target\":{\"@type\":\"EntryPoint\",\"urlTemplate\":\"https:\/\/www.striped-giraffe.com\/de\/?s={search_term_string}\"},\"query-input\":\"required name=search_term_string\"}],\"inLanguage\":\"en-US\"},{\"@type\":\"Organization\",\"@id\":\"https:\/\/www.striped-giraffe.com\/de\/#organization\",\"name\":\"Striped Giraffe\",\"url\":\"https:\/\/www.striped-giraffe.com\/de\/\",\"logo\":{\"@type\":\"ImageObject\",\"inLanguage\":\"en-US\",\"@id\":\"https:\/\/www.striped-giraffe.com\/de\/#\/schema\/logo\/image\/\",\"url\":\"https:\/\/www.striped-giraffe.com\/wp-content\/uploads\/2021\/01\/giraffe_white.svg\",\"contentUrl\":\"https:\/\/www.striped-giraffe.com\/wp-content\/uploads\/2021\/01\/giraffe_white.svg\",\"caption\":\"Striped Giraffe\"},\"image\":{\"@id\":\"https:\/\/www.striped-giraffe.com\/de\/#\/schema\/logo\/image\/\"}}]}<\/script>\n<!-- \/ Yoast SEO Premium plugin. -->","yoast_head_json":{"title":"Imprint - Striped Giraffe","robots":{"index":"index","follow":"follow","max-snippet":"max-snippet:-1","max-image-preview":"max-image-preview:large","max-video-preview":"max-video-preview:-1"},"canonical":"https:\/\/www.striped-giraffe.com\/en\/legal-notice\/","og_locale":"en_US","og_type":"article","og_title":"Imprint","og_description":"[vc_row css=&#8221;.vc_custom_1610472954349{margin-bottom: 0px !important;}&#8221;][vc_column][vc_column_text] Legal Notice [\/vc_column_text][\/vc_column][\/vc_row][vc_row css=&#8221;.vc_custom_1610033353639{padding-top: 100px !important;padding-bottom: 100px !important;}&#8221;][vc_column][vc_column_text]Information according to \u00a7 5 TMG: Striped Giraffe Innovation [&hellip;]","og_url":"https:\/\/www.striped-giraffe.com\/en\/legal-notice\/","og_site_name":"Striped Giraffe","article_modified_time":"2024-10-30T13:43:55+00:00","twitter_card":"summary_large_image","twitter_misc":{"Est. reading time":"2 minutes"},"schema":{"@context":"https:\/\/schema.org","@graph":[{"@type":"WebPage","@id":"https:\/\/www.striped-giraffe.com\/en\/legal-notice\/","url":"https:\/\/www.striped-giraffe.com\/en\/legal-notice\/","name":"Imprint - Striped Giraffe","isPartOf":{"@id":"https:\/\/www.striped-giraffe.com\/de\/#website"},"datePublished":"2021-01-12T17:22:03+00:00","dateModified":"2024-10-30T13:43:55+00:00","inLanguage":"en-US","potentialAction":[{"@type":"ReadAction","target":["https:\/\/www.striped-giraffe.com\/en\/legal-notice\/"]}]},{"@type":"WebSite","@id":"https:\/\/www.striped-giraffe.com\/de\/#website","url":"https:\/\/www.striped-giraffe.com\/de\/","name":"Striped Giraffe","description":"Ihr zuverl\u00e4ssiger Anbieter f\u00fcr digitale Enterprise-L\u00f6sungen","publisher":{"@id":"https:\/\/www.striped-giraffe.com\/de\/#organization"},"potentialAction":[{"@type":"SearchAction","target":{"@type":"EntryPoint","urlTemplate":"https:\/\/www.striped-giraffe.com\/de\/?s={search_term_string}"},"query-input":"required name=search_term_string"}],"inLanguage":"en-US"},{"@type":"Organization","@id":"https:\/\/www.striped-giraffe.com\/de\/#organization","name":"Striped Giraffe","url":"https:\/\/www.striped-giraffe.com\/de\/","logo":{"@type":"ImageObject","inLanguage":"en-US","@id":"https:\/\/www.striped-giraffe.com\/de\/#\/schema\/logo\/image\/","url":"https:\/\/www.striped-giraffe.com\/wp-content\/uploads\/2021\/01\/giraffe_white.svg","contentUrl":"https:\/\/www.striped-giraffe.com\/wp-content\/uploads\/2021\/01\/giraffe_white.svg","caption":"Striped Giraffe"},"image":{"@id":"https:\/\/www.striped-giraffe.com\/de\/#\/schema\/logo\/image\/"}}]}},"_links":{"self":[{"href":"https:\/\/www.striped-giraffe.com\/en\/wp-json\/wp\/v2\/pages\/1579"}],"collection":[{"href":"https:\/\/www.striped-giraffe.com\/en\/wp-json\/wp\/v2\/pages"}],"about":[{"href":"https:\/\/www.striped-giraffe.com\/en\/wp-json\/wp\/v2\/types\/page"}],"author":[{"embeddable":true,"href":"https:\/\/www.striped-giraffe.com\/en\/wp-json\/wp\/v2\/users\/1"}],"replies":[{"embeddable":true,"href":"https:\/\/www.striped-giraffe.com\/en\/wp-json\/wp\/v2\/comments?post=1579"}],"version-history":[{"count":13,"href":"https:\/\/www.striped-giraffe.com\/en\/wp-json\/wp\/v2\/pages\/1579\/revisions"}],"predecessor-version":[{"id":38383,"href":"https:\/\/www.striped-giraffe.com\/en\/wp-json\/wp\/v2\/pages\/1579\/revisions\/38383"}],"wp:attachment":[{"href":"https:\/\/www.striped-giraffe.com\/en\/wp-json\/wp\/v2\/media?parent=1579"}],"curies":[{"name":"wp","href":"https:\/\/api.w.org\/{rel}","templated":true}]}}