{"id":19326,"date":"2021-01-06T15:54:56","date_gmt":"2021-01-06T14:54:56","guid":{"rendered":"https:\/\/relaunch.striped-giraffe.com\/consulting\/"},"modified":"2026-03-30T13:10:55","modified_gmt":"2026-03-30T11:10:55","slug":"it-consulting","status":"publish","type":"page","link":"https:\/\/www.striped-giraffe.com\/en\/services\/it-consulting\/","title":{"rendered":"IT Consulting"},"content":{"rendered":"<section class=\"wpb-content-wrapper\"><p>[vc_row full_width=&#8221;stretch_row&#8221; full_height=&#8221;yes&#8221; bg_type=&#8221;image&#8221; parallax_style=&#8221;vcpb-default&#8221; bg_image_new=&#8221;id^35431|url^https:\/\/www.striped-giraffe.com\/wp-content\/uploads\/2023\/11\/Header_IT_Consulting.jpg|caption^IT consulting|alt^IT consulting|title^Studio. Empty studio without people. Studio for podcasts or inte|description^IT consulting&#8221; css=&#8221;.vc_custom_1700648148853{background-position: center !important;background-repeat: no-repeat !important;background-size: cover !important;}&#8221;][vc_column css_animation=&#8221;slideInUp&#8221;][vc_column_text]<\/p>\n<h1 style=\"text-align: left;\"><span style=\"color: #ffffff;\">IT Consulting<\/span><\/h1>\n<p>[\/vc_column_text][\/vc_column][\/vc_row][vc_row el_class=&#8221;closetotop&#8221; css=&#8221;.vc_custom_1774869048081{padding-top: 50px !important;padding-bottom: 50px !important;background-color: #ffffff !important;}&#8221;][vc_column][vc_column_text]<\/p>\n<h3 style=\"text-align: center;\">The challenges faced by IT managers are constantly increasing. We can provide comprehensive support here.<\/h3>\n<p>[\/vc_column_text][vc_separator color=&#8221;black&#8221; border_width=&#8221;5&#8243; el_width=&#8221;10&#8243; css=&#8221;.vc_custom_1609845029454{margin-top: 50px !important;}&#8221;][\/vc_column][\/vc_row][vc_row gap=&#8221;35&#8243; css=&#8221;.vc_custom_1615373337244{margin-top: 100px !important;margin-bottom: 50px !important;}&#8221;][vc_column width=&#8221;1\/3&#8243;][vc_column_text]<\/p>\n<h2 class=\"headline_superbig\">PARTNER FOR CIOS, CTOS, CDO, IT MANAGERS<\/h2>\n<p>[\/vc_column_text][\/vc_column][vc_column width=&#8221;2\/3&#8243; css=&#8221;.vc_custom_1610983526635{padding-left: 0px !important;}&#8221;][vc_column_text]Challenging times demand adequate and flexible solutions. The range is huge. The right solution can be found or developed for every company and every problem.<\/p>\n<p>To find the right approach, we are your experienced sparring partner. Tell us your problem and we will work with you to develop several possible solutions.<\/p>\n<p>We always take into account the requirements of the business departments, your system landscape, and the know-how of your internal teams. On this basis, you will receive our recommendations.[\/vc_column_text][\/vc_column][\/vc_row][vc_row gap=&#8221;35&#8243; css=&#8221;.vc_custom_1615373326950{margin-top: 0px !important;margin-bottom: 50px !important;}&#8221;][vc_column width=&#8221;1\/3&#8243;][vc_column_text]<\/p>\n<h2 class=\"headline_superbig\">MEASURES FOR YOUR SOLUTION<\/h2>\n<p>[\/vc_column_text][\/vc_column][vc_column width=&#8221;2\/3&#8243; css=&#8221;.vc_custom_1610983526635{padding-left: 0px !important;}&#8221;][vc_column_text]What does that mean in concrete terms? Let&#8217;s talk and find out together where we can support you.<\/p>\n<h3>These would be possible approaches:<\/h3>\n<p>[\/vc_column_text][vc_empty_space][vc_column_text]<\/p>\n<ul>\n<li><strong>System architecture<\/strong><\/li>\n<\/ul>\n<p>On request, we can analyze your system architecture in terms of flexibility, compatibility and future viability.<\/p>\n<ul>\n<li><strong>Team setup<\/strong><\/li>\n<\/ul>\n<p>Do you already know how your teams should ideally be set up for the individual projects? We will be happy to support you in this and add missing resources if necessary.<\/p>\n<ul>\n<li><strong>Agile software development<\/strong><\/li>\n<\/ul>\n<p>The topic of &#8220;agile software development&#8221; is very trendy. However, it often does not lead to the desired success. Therefore, we are happy to help you choose the right frameworks, methods and tools as well as the right metrics.<\/p>\n<ul>\n<li><strong>Assessment<\/strong><\/li>\n<\/ul>\n<p>Finding the right system from this huge range is a major undertaking. An appropriate evaluation right at the start is crucial. That is why we are happy to support you.<\/p>\n<ul>\n<li><strong>Audits<\/strong><\/li>\n<\/ul>\n<p>We are your partner for auditing various systems and programs.<\/p>\n<ul>\n<li><strong>Data management<\/strong><\/li>\n<\/ul>\n<p>This is an incredibly broad field that provides the basis for everything &#8211; far beyond IT. But in IT, you lay the foundation for everything to work smoothly in the end and for the specialist departments to be able to use the data successfully. Is the data quality right? Does the data need to be cleansed (data cleaning)? Do you have data governance in place? We can provide you with specialists for all of this.<\/p>\n<ul>\n<li><strong>IT processes<\/strong><\/li>\n<\/ul>\n<p>From development to implementation and delivery to approval processes, we are at your side. We work with you to find the fastest and best, often most pragmatic way to build solutions.<\/p>\n<ul>\n<li><strong>User interfaces<\/strong><\/li>\n<\/ul>\n<p>Are the interface concepts optimally designed? Are there redundancies or more elegant ways? We will be happy to check this for you.[\/vc_column_text][\/vc_column][\/vc_row][vc_row full_width=&#8221;stretch_row&#8221; css=&#8221;.vc_custom_1705587310854{margin-bottom: 50px !important;}&#8221;][vc_column][vc_row_inner][vc_column_inner width=&#8221;1\/3&#8243;][vc_column_text]<\/p>\n<h2 class=\"headline_superbig\">Let&#8217;s talk<\/h2>\n<p>[\/vc_column_text][\/vc_column_inner][vc_column_inner width=&#8221;2\/3&#8243;][vc_column_text]<\/p>\n<h3>Do you need a <strong>specific\u00a0offer<\/strong> or a <strong>sparring partner <\/strong>to discuss ideas?<\/h3>\n<h3>Just contact us:<\/h3>\n<ul>\n<li><a href=\"mailto:experts@striped-giraffe.com\">experts@striped-giraffe.com<\/a><\/li>\n<li><span style=\"color: #ef6c00;\">+49 (0)89-416 126-667<\/span><\/li>\n<\/ul>\n<p>[\/vc_column_text]<a class=\"calendly\" href=\"\" onclick=\"Calendly.initPopupWidget({url: 'https:\/\/calendly.com\/striped-giraffe\/30min'});return false;\">Or book a meeting<\/a>[vc_column_text css=&#8221;.vc_custom_1705587124145{margin-top: 32px !important;}&#8221;]<\/p>\n<h3>We will be happy to support you.<\/h3>\n<p>[\/vc_column_text][\/vc_column_inner][\/vc_row_inner][\/vc_column][\/vc_row][vc_row][vc_column][vc_empty_space height=&#8221;100px&#8221;][\/vc_column][\/vc_row]<\/p>\n<\/section>","protected":false},"excerpt":{"rendered":"<p>[vc_row full_width=&#8221;stretch_row&#8221; full_height=&#8221;yes&#8221; bg_type=&#8221;image&#8221; parallax_style=&#8221;vcpb-default&#8221; bg_image_new=&#8221;id^35431|url^https:\/\/www.striped-giraffe.com\/wp-content\/uploads\/2023\/11\/Header_IT_Consulting.jpg|caption^IT consulting|alt^IT consulting|title^Studio. Empty studio without people. Studio for podcasts or inte|description^IT consulting&#8221; css=&#8221;.vc_custom_1700648148853{background-position: center [&hellip;]<\/p>\n","protected":false},"author":2,"featured_media":35431,"parent":19343,"menu_order":0,"comment_status":"closed","ping_status":"closed","template":"","meta":{"footnotes":""},"acf":[],"yoast_head":"<!-- This site is optimized with the Yoast SEO Premium plugin v20.5 (Yoast SEO v20.5) - https:\/\/yoast.com\/wordpress\/plugins\/seo\/ -->\n<title>Striped-Giraffe-Services-Consulting<\/title>\n<meta name=\"description\" content=\"Listening and jointly developing concepts for the future of your business \u2013 that\u2019s our approach. We are your sparring partner.\" \/>\n<meta name=\"robots\" content=\"index, follow, max-snippet:-1, max-image-preview:large, max-video-preview:-1\" \/>\n<link rel=\"canonical\" href=\"https:\/\/www.striped-giraffe.com\/en\/services\/it-consulting\/\" \/>\n<meta property=\"og:locale\" content=\"en_US\" \/>\n<meta property=\"og:type\" content=\"article\" \/>\n<meta property=\"og:title\" content=\"IT Consulting\" \/>\n<meta property=\"og:description\" content=\"Listening and jointly developing concepts for the future of your business \u2013 that\u2019s our approach. We are your sparring partner.\" \/>\n<meta property=\"og:url\" content=\"https:\/\/www.striped-giraffe.com\/en\/services\/it-consulting\/\" \/>\n<meta property=\"og:site_name\" content=\"Striped Giraffe\" \/>\n<meta property=\"article:modified_time\" content=\"2026-03-30T11:10:55+00:00\" \/>\n<meta property=\"og:image\" content=\"https:\/\/www.striped-giraffe.com\/wp-content\/uploads\/2023\/11\/Header_IT_Consulting.jpg\" \/>\n\t<meta property=\"og:image:width\" content=\"1400\" \/>\n\t<meta property=\"og:image:height\" content=\"900\" \/>\n\t<meta property=\"og:image:type\" content=\"image\/jpeg\" \/>\n<meta name=\"twitter:card\" content=\"summary_large_image\" \/>\n<meta name=\"twitter:label1\" content=\"Est. reading time\" \/>\n\t<meta name=\"twitter:data1\" content=\"3 minutes\" \/>\n<script type=\"application\/ld+json\" class=\"yoast-schema-graph\">{\"@context\":\"https:\/\/schema.org\",\"@graph\":[{\"@type\":\"WebPage\",\"@id\":\"https:\/\/www.striped-giraffe.com\/en\/services\/it-consulting\/\",\"url\":\"https:\/\/www.striped-giraffe.com\/en\/services\/it-consulting\/\",\"name\":\"Striped-Giraffe-Services-Consulting\",\"isPartOf\":{\"@id\":\"https:\/\/www.striped-giraffe.com\/de\/#website\"},\"datePublished\":\"2021-01-06T14:54:56+00:00\",\"dateModified\":\"2026-03-30T11:10:55+00:00\",\"description\":\"Listening and jointly developing concepts for the future of your business \u2013 that\u2019s our approach. We are your sparring partner.\",\"breadcrumb\":{\"@id\":\"https:\/\/www.striped-giraffe.com\/en\/services\/it-consulting\/#breadcrumb\"},\"inLanguage\":\"en-US\",\"potentialAction\":[{\"@type\":\"ReadAction\",\"target\":[\"https:\/\/www.striped-giraffe.com\/en\/services\/it-consulting\/\"]}]},{\"@type\":\"BreadcrumbList\",\"@id\":\"https:\/\/www.striped-giraffe.com\/en\/services\/it-consulting\/#breadcrumb\",\"itemListElement\":[{\"@type\":\"ListItem\",\"position\":1,\"name\":\"Services\",\"item\":\"https:\/\/www.striped-giraffe.com\/en\/services\/\"},{\"@type\":\"ListItem\",\"position\":2,\"name\":\"IT Consulting\"}]},{\"@type\":\"WebSite\",\"@id\":\"https:\/\/www.striped-giraffe.com\/de\/#website\",\"url\":\"https:\/\/www.striped-giraffe.com\/de\/\",\"name\":\"Striped Giraffe\",\"description\":\"Ihr zuverl\u00e4ssiger Anbieter f\u00fcr digitale Enterprise-L\u00f6sungen\",\"publisher\":{\"@id\":\"https:\/\/www.striped-giraffe.com\/de\/#organization\"},\"potentialAction\":[{\"@type\":\"SearchAction\",\"target\":{\"@type\":\"EntryPoint\",\"urlTemplate\":\"https:\/\/www.striped-giraffe.com\/de\/?s={search_term_string}\"},\"query-input\":\"required name=search_term_string\"}],\"inLanguage\":\"en-US\"},{\"@type\":\"Organization\",\"@id\":\"https:\/\/www.striped-giraffe.com\/de\/#organization\",\"name\":\"Striped Giraffe\",\"url\":\"https:\/\/www.striped-giraffe.com\/de\/\",\"logo\":{\"@type\":\"ImageObject\",\"inLanguage\":\"en-US\",\"@id\":\"https:\/\/www.striped-giraffe.com\/de\/#\/schema\/logo\/image\/\",\"url\":\"https:\/\/www.striped-giraffe.com\/wp-content\/uploads\/2021\/01\/giraffe_white.svg\",\"contentUrl\":\"https:\/\/www.striped-giraffe.com\/wp-content\/uploads\/2021\/01\/giraffe_white.svg\",\"caption\":\"Striped Giraffe\"},\"image\":{\"@id\":\"https:\/\/www.striped-giraffe.com\/de\/#\/schema\/logo\/image\/\"}}]}<\/script>\n<!-- \/ Yoast SEO Premium plugin. -->","yoast_head_json":{"title":"Striped-Giraffe-Services-Consulting","description":"Listening and jointly developing concepts for the future of your business \u2013 that\u2019s our approach. We are your sparring partner.","robots":{"index":"index","follow":"follow","max-snippet":"max-snippet:-1","max-image-preview":"max-image-preview:large","max-video-preview":"max-video-preview:-1"},"canonical":"https:\/\/www.striped-giraffe.com\/en\/services\/it-consulting\/","og_locale":"en_US","og_type":"article","og_title":"IT Consulting","og_description":"Listening and jointly developing concepts for the future of your business \u2013 that\u2019s our approach. We are your sparring partner.","og_url":"https:\/\/www.striped-giraffe.com\/en\/services\/it-consulting\/","og_site_name":"Striped Giraffe","article_modified_time":"2026-03-30T11:10:55+00:00","og_image":[{"width":1400,"height":900,"url":"https:\/\/www.striped-giraffe.com\/wp-content\/uploads\/2023\/11\/Header_IT_Consulting.jpg","type":"image\/jpeg"}],"twitter_card":"summary_large_image","twitter_misc":{"Est. reading time":"3 minutes"},"schema":{"@context":"https:\/\/schema.org","@graph":[{"@type":"WebPage","@id":"https:\/\/www.striped-giraffe.com\/en\/services\/it-consulting\/","url":"https:\/\/www.striped-giraffe.com\/en\/services\/it-consulting\/","name":"Striped-Giraffe-Services-Consulting","isPartOf":{"@id":"https:\/\/www.striped-giraffe.com\/de\/#website"},"datePublished":"2021-01-06T14:54:56+00:00","dateModified":"2026-03-30T11:10:55+00:00","description":"Listening and jointly developing concepts for the future of your business \u2013 that\u2019s our approach. We are your sparring partner.","breadcrumb":{"@id":"https:\/\/www.striped-giraffe.com\/en\/services\/it-consulting\/#breadcrumb"},"inLanguage":"en-US","potentialAction":[{"@type":"ReadAction","target":["https:\/\/www.striped-giraffe.com\/en\/services\/it-consulting\/"]}]},{"@type":"BreadcrumbList","@id":"https:\/\/www.striped-giraffe.com\/en\/services\/it-consulting\/#breadcrumb","itemListElement":[{"@type":"ListItem","position":1,"name":"Services","item":"https:\/\/www.striped-giraffe.com\/en\/services\/"},{"@type":"ListItem","position":2,"name":"IT Consulting"}]},{"@type":"WebSite","@id":"https:\/\/www.striped-giraffe.com\/de\/#website","url":"https:\/\/www.striped-giraffe.com\/de\/","name":"Striped Giraffe","description":"Ihr zuverl\u00e4ssiger Anbieter f\u00fcr digitale Enterprise-L\u00f6sungen","publisher":{"@id":"https:\/\/www.striped-giraffe.com\/de\/#organization"},"potentialAction":[{"@type":"SearchAction","target":{"@type":"EntryPoint","urlTemplate":"https:\/\/www.striped-giraffe.com\/de\/?s={search_term_string}"},"query-input":"required name=search_term_string"}],"inLanguage":"en-US"},{"@type":"Organization","@id":"https:\/\/www.striped-giraffe.com\/de\/#organization","name":"Striped Giraffe","url":"https:\/\/www.striped-giraffe.com\/de\/","logo":{"@type":"ImageObject","inLanguage":"en-US","@id":"https:\/\/www.striped-giraffe.com\/de\/#\/schema\/logo\/image\/","url":"https:\/\/www.striped-giraffe.com\/wp-content\/uploads\/2021\/01\/giraffe_white.svg","contentUrl":"https:\/\/www.striped-giraffe.com\/wp-content\/uploads\/2021\/01\/giraffe_white.svg","caption":"Striped Giraffe"},"image":{"@id":"https:\/\/www.striped-giraffe.com\/de\/#\/schema\/logo\/image\/"}}]}},"_links":{"self":[{"href":"https:\/\/www.striped-giraffe.com\/en\/wp-json\/wp\/v2\/pages\/19326"}],"collection":[{"href":"https:\/\/www.striped-giraffe.com\/en\/wp-json\/wp\/v2\/pages"}],"about":[{"href":"https:\/\/www.striped-giraffe.com\/en\/wp-json\/wp\/v2\/types\/page"}],"author":[{"embeddable":true,"href":"https:\/\/www.striped-giraffe.com\/en\/wp-json\/wp\/v2\/users\/2"}],"replies":[{"embeddable":true,"href":"https:\/\/www.striped-giraffe.com\/en\/wp-json\/wp\/v2\/comments?post=19326"}],"version-history":[{"count":14,"href":"https:\/\/www.striped-giraffe.com\/en\/wp-json\/wp\/v2\/pages\/19326\/revisions"}],"predecessor-version":[{"id":43126,"href":"https:\/\/www.striped-giraffe.com\/en\/wp-json\/wp\/v2\/pages\/19326\/revisions\/43126"}],"up":[{"embeddable":true,"href":"https:\/\/www.striped-giraffe.com\/en\/wp-json\/wp\/v2\/pages\/19343"}],"wp:featuredmedia":[{"embeddable":true,"href":"https:\/\/www.striped-giraffe.com\/en\/wp-json\/wp\/v2\/media\/35431"}],"wp:attachment":[{"href":"https:\/\/www.striped-giraffe.com\/en\/wp-json\/wp\/v2\/media?parent=19326"}],"curies":[{"name":"wp","href":"https:\/\/api.w.org\/{rel}","templated":true}]}}