{"id":19370,"date":"2021-01-07T08:46:45","date_gmt":"2021-01-07T07:46:45","guid":{"rendered":"https:\/\/relaunch.striped-giraffe.com\/partner\/"},"modified":"2026-03-02T09:33:44","modified_gmt":"2026-03-02T08:33:44","slug":"partner","status":"publish","type":"page","link":"https:\/\/www.striped-giraffe.com\/en\/collaboration\/partner\/","title":{"rendered":"Partner"},"content":{"rendered":"<section class=\"wpb-content-wrapper\"><p>[vc_row full_width=&#8221;stretch_row&#8221; bg_type=&#8221;image&#8221; parallax_style=&#8221;vcpb-default&#8221; bg_image_new=&#8221;id^21004|url^https:\/\/www.striped-giraffe.com\/wp-content\/uploads\/2021\/01\/Partner-1-scaled_mmd.jpg|caption^null|alt^null|title^Partner-1-scaled_mmd|description^null&#8221; bg_image_repeat=&#8221;no-repeat&#8221; css=&#8221;.vc_custom_1611056314204{margin-bottom: 0px !important;padding-top: 200px !important;padding-bottom: 200px !important;background-position: center !important;background-repeat: no-repeat !important;background-size: cover !important;}&#8221;][vc_column css_animation=&#8221;slideInUp&#8221;][vc_row_inner][vc_column_inner][vc_column_text]<\/p>\n<h1 style=\"text-align: left;\"><span style=\"color: #ffffff;\">Advanced Technologies<\/span><\/h1>\n<p>[\/vc_column_text][\/vc_column_inner][\/vc_row_inner][\/vc_column][\/vc_row][vc_row full_width=&#8221;stretch_row&#8221; bg_type=&#8221;bg_color&#8221; bg_color_value=&#8221;#000000&#8243; css=&#8221;.vc_custom_1610466034453{margin-top: 0px !important;padding-top: 100px !important;}&#8221;][vc_column][vc_row_inner css=&#8221;.vc_custom_1610010259581{margin-right: -25px !important;margin-left: -25px !important;}&#8221;][vc_column_inner width=&#8221;1\/3&#8243; css=&#8221;.vc_custom_1610010239643{padding-left: 25px !important;}&#8221;][vc_column_text css=&#8221;.vc_custom_1610636668210{padding-right: 35px !important;}&#8221;]<\/p>\n<h2 class=\"headline_superbig\"><span style=\"color: #ffffff;\">Our Partners<\/span><\/h2>\n<p><span style=\"color: #ffffff;\">We foster different partnerships to always offer the perfect solution to our customers. In addition to our global technology partners, we have a network of machine learning and UX experts as well as accomplished consultants. <\/span>[\/vc_column_text][\/vc_column_inner][vc_column_inner width=&#8221;1\/3&#8243;]<div id='' class='teaserbox  nooverlay'><div class='teaserbox_inner'><div class='teaserheadline'><h2 style='color:#ffffff;'>Informatica<\/h2><h3 style='color:#ffffff;'><\/h3><\/div><div class='teaser_logo'><figure><img src='https:\/\/www.striped-giraffe.com\/wp-content\/uploads\/2021\/01\/Informatica_Signet.png' \/><\/figure><\/div><div class='teaserlink'><a href='https:\/\/www.striped-giraffe.com\/en\/collaboration\/partner\/informatica\/' style='color:#ffffff;'>More about Informatica<\/a><\/div><div class='wpb_single_image desktop_only'><img src='https:\/\/www.striped-giraffe.com\/wp-content\/uploads\/2021\/01\/partner_kachel_864x1140-600x700.png' \/><\/div><div class='wpb_single_image mobile_only'><img src='https:\/\/www.striped-giraffe.com\/wp-content\/uploads\/2021\/01\/partner_kachel_864x1140-600x700.png' \/><\/div><\/div><\/div>[\/vc_column_inner][vc_column_inner width=&#8221;1\/3&#8243;]<div id='' class='teaserbox  nooverlay'><div class='teaserbox_inner'><div class='teaserheadline'><h2 style='color:#ffffff;'>SAP<\/h2><h3 style='color:#ffffff;'><\/h3><\/div><div class='teaser_logo'><figure><img src='https:\/\/www.striped-giraffe.com\/wp-content\/uploads\/2021\/01\/SAP-logo-1.png' \/><\/figure><\/div><div class='teaserlink'><a href='https:\/\/www.striped-giraffe.com\/en\/collaboration\/partner\/sap\/' style='color:#ffffff;'>More about SAP<\/a><\/div><div class='wpb_single_image desktop_only'><img src='https:\/\/www.striped-giraffe.com\/wp-content\/uploads\/2021\/01\/partner_kachel_864x1140-600x700.png' \/><\/div><div class='wpb_single_image mobile_only'><img src='https:\/\/www.striped-giraffe.com\/wp-content\/uploads\/2021\/01\/partner_kachel_864x1140-600x700.png' \/><\/div><\/div><\/div>[\/vc_column_inner][\/vc_row_inner][vc_row_inner css=&#8221;.vc_custom_1610010265861{margin-right: -25px !important;margin-left: -25px !important;}&#8221;][vc_column_inner width=&#8221;1\/3&#8243;]<div id='' class='teaserbox  nooverlay'><div class='teaserbox_inner'><div class='teaserheadline'><h2 style='color:#ffffff;'>Stripe<\/h2><h3 style='color:#ffffff;'><\/h3><\/div><div class='teaser_logo'><figure><img src='https:\/\/www.striped-giraffe.com\/wp-content\/uploads\/2026\/03\/Stripe-wordmark-White-Large.png' \/><\/figure><\/div><div class='teaserlink'><a href='https:\/\/www.striped-giraffe.com\/en\/collaboration\/partner\/stripe\/' style='color:#ffffff;'>More about Stripe<\/a><\/div><div class='wpb_single_image desktop_only'><img src='https:\/\/www.striped-giraffe.com\/wp-content\/uploads\/2021\/01\/partner_kachel_864x1140-600x700.png' \/><\/div><div class='wpb_single_image mobile_only'><img src='https:\/\/www.striped-giraffe.com\/wp-content\/uploads\/2021\/01\/partner_kachel_864x1140-600x700.png' \/><\/div><\/div><\/div>[\/vc_column_inner][vc_column_inner width=&#8221;1\/3&#8243;]<div id='' class='teaserbox  nooverlay'><div class='teaserbox_inner'><div class='teaserheadline'><h2 style='color:#ffffff;'>Databricks<\/h2><h3 style='color:#ffffff;'><\/h3><\/div><div class='teaser_logo'><figure><img src='https:\/\/www.striped-giraffe.com\/wp-content\/uploads\/2025\/09\/stacked-lockup-one-color-white-rgb.svg' \/><\/figure><\/div><div class='teaserlink'><a href='https:\/\/www.striped-giraffe.com\/en\/collaboration\/partner\/databricks\/' style='color:#ffffff;'>More about Databricks<\/a><\/div><div class='wpb_single_image desktop_only'><img src='https:\/\/www.striped-giraffe.com\/wp-content\/uploads\/2021\/01\/partner_kachel_864x1140-600x700.png' \/><\/div><div class='wpb_single_image mobile_only'><img src='https:\/\/www.striped-giraffe.com\/wp-content\/uploads\/2021\/01\/partner_kachel_864x1140-600x700.png' \/><\/div><\/div><\/div>[\/vc_column_inner][vc_column_inner width=&#8221;1\/3&#8243;]<div id='' class='teaserbox  nooverlay'><div class='teaserbox_inner'><div class='teaserheadline'><h2 style='color:#ffffff;'>Adobe<\/h2><h3 style='color:#ffffff;'><\/h3><\/div><div class='teaser_logo'><figure><img src='https:\/\/www.striped-giraffe.com\/wp-content\/uploads\/2021\/01\/Adobe-red-rectangle.png' \/><\/figure><\/div><div class='teaserlink'><a href='https:\/\/www.striped-giraffe.com\/en\/collaboration\/partner\/partner-adobe\/' style='color:#ffffff;'>More about Adobe<\/a><\/div><div class='wpb_single_image desktop_only'><img src='https:\/\/www.striped-giraffe.com\/wp-content\/uploads\/2021\/01\/partner_kachel_864x1140-600x700.png' \/><\/div><div class='wpb_single_image mobile_only'><img src='https:\/\/www.striped-giraffe.com\/wp-content\/uploads\/2021\/01\/partner_kachel_864x1140-600x700.png' \/><\/div><\/div><\/div>[\/vc_column_inner][\/vc_row_inner][vc_row_inner css=&#8221;.vc_custom_1610010265861{margin-right: -25px !important;margin-left: -25px !important;}&#8221;][vc_column_inner width=&#8221;1\/3&#8243;]<div id='' class='teaserbox  nooverlay'><div class='teaserbox_inner'><div class='teaserheadline'><h2 style='color:#ffffff;'>Stibo Systems<\/h2><h3 style='color:#ffffff;'><\/h3><\/div><div class='teaser_logo'><figure><img src='https:\/\/www.striped-giraffe.com\/wp-content\/uploads\/2022\/05\/Stibo_Logo_Fog_RGB.png' \/><\/figure><\/div><div class='teaserlink'><a href='https:\/\/www.striped-giraffe.com\/en\/collaboration\/partner\/stibo-systems\/' style='color:#ffffff;'>More about Stibo Systems<\/a><\/div><div class='wpb_single_image desktop_only'><img src='https:\/\/www.striped-giraffe.com\/wp-content\/uploads\/2021\/01\/partner_kachel_864x1140-600x700.png' \/><\/div><div class='wpb_single_image mobile_only'><img src='https:\/\/www.striped-giraffe.com\/wp-content\/uploads\/2021\/01\/partner_kachel_864x1140-600x700.png' \/><\/div><\/div><\/div>[\/vc_column_inner][vc_column_inner width=&#8221;1\/3&#8243;]<div id='' class='teaserbox  nooverlay'><div class='teaserbox_inner'><div class='teaserheadline'><h2 style='color:#ffffff;'>Celum<\/h2><h3 style='color:#ffffff;'><\/h3><\/div><div class='teaser_logo'><figure><img src='https:\/\/www.striped-giraffe.com\/wp-content\/uploads\/2021\/01\/Celum-logo-2.png' \/><\/figure><\/div><div class='teaserlink'><a href='https:\/\/www.striped-giraffe.com\/en\/collaboration\/partner\/celum\/' style='color:#ffffff;'>More about Celum<\/a><\/div><div class='wpb_single_image desktop_only'><img src='https:\/\/www.striped-giraffe.com\/wp-content\/uploads\/2021\/01\/partner_kachel_864x1140-600x700.png' \/><\/div><div class='wpb_single_image mobile_only'><img src='https:\/\/www.striped-giraffe.com\/wp-content\/uploads\/2021\/01\/partner_kachel_864x1140-600x700.png' \/><\/div><\/div><\/div>[\/vc_column_inner][vc_column_inner width=&#8221;1\/3&#8243;]<div id='' class='teaserbox  nooverlay'><div class='teaserbox_inner'><div class='teaserheadline'><h2 style='color:#ffffff;'>Snowflake<\/h2><h3 style='color:#ffffff;'><\/h3><\/div><div class='teaser_logo'><figure><img src='https:\/\/www.striped-giraffe.com\/wp-content\/uploads\/2022\/08\/snowflake-logo-color-rgb@2x.png' \/><\/figure><\/div><div class='teaserlink'><a href='https:\/\/www.striped-giraffe.com\/en\/collaboration\/partner\/snowflake\/' style='color:#ffffff;'>More about Snowflake<\/a><\/div><div class='wpb_single_image desktop_only'><img src='https:\/\/www.striped-giraffe.com\/wp-content\/uploads\/2021\/01\/partner_kachel_864x1140-600x700.png' \/><\/div><div class='wpb_single_image mobile_only'><img src='https:\/\/www.striped-giraffe.com\/wp-content\/uploads\/2021\/01\/partner_kachel_864x1140-600x700.png' \/><\/div><\/div><\/div>[\/vc_column_inner][\/vc_row_inner][vc_row_inner css=&#8221;.vc_custom_1610010265861{margin-right: -25px !important;margin-left: -25px !important;}&#8221;][vc_column_inner width=&#8221;1\/3&#8243;]<div id='' class='teaserbox  nooverlay'><div class='teaserbox_inner'><div class='teaserheadline'><h2 style='color:#ffffff;'>Broadleaf<\/h2><h3 style='color:#ffffff;'><\/h3><\/div><div class='teaser_logo'><figure><img src='https:\/\/www.striped-giraffe.com\/wp-content\/uploads\/2024\/07\/Broadleaf-Logo_On-Dark.png' \/><\/figure><\/div><div class='teaserlink'><a href='https:\/\/www.striped-giraffe.com\/en\/collaboration\/partner\/broadleaf\/' style='color:#ffffff;'>More about Broadleaf<\/a><\/div><div class='wpb_single_image desktop_only'><img src='https:\/\/www.striped-giraffe.com\/wp-content\/uploads\/2021\/01\/partner_kachel_864x1140-600x700.png' \/><\/div><div class='wpb_single_image mobile_only'><img src='https:\/\/www.striped-giraffe.com\/wp-content\/uploads\/2021\/01\/partner_kachel_864x1140-600x700.png' \/><\/div><\/div><\/div>[\/vc_column_inner][vc_column_inner width=&#8221;1\/3&#8243;]<div id='' class='teaserbox  nooverlay'><div class='teaserbox_inner'><div class='teaserheadline'><h2 style='color:#ffffff;'>Jitterbit<\/h2><h3 style='color:#ffffff;'><\/h3><\/div><div class='teaser_logo'><figure><img src='https:\/\/www.striped-giraffe.com\/wp-content\/uploads\/2024\/10\/Jitterbit-White-RGB.png' \/><\/figure><\/div><div class='teaserlink'><a href='https:\/\/www.striped-giraffe.com\/en\/collaboration\/partner\/jitterbit\/' style='color:#ffffff;'>More about Jitterbit<\/a><\/div><div class='wpb_single_image desktop_only'><img src='https:\/\/www.striped-giraffe.com\/wp-content\/uploads\/2021\/01\/partner_kachel_864x1140-600x700.png' \/><\/div><div class='wpb_single_image mobile_only'><img src='https:\/\/www.striped-giraffe.com\/wp-content\/uploads\/2021\/01\/partner_kachel_864x1140-600x700.png' \/><\/div><\/div><\/div>[\/vc_column_inner][vc_column_inner width=&#8221;1\/3&#8243;]<div id='' class='teaserbox  nooverlay'><div class='teaserbox_inner'><div class='teaserheadline'><h2 style='color:#ffffff;'>Quest<\/h2><h3 style='color:#ffffff;'><\/h3><\/div><div class='teaser_logo'><figure><img src='https:\/\/www.striped-giraffe.com\/wp-content\/uploads\/2025\/11\/quest_LOGO_corporate_white.png' \/><\/figure><\/div><div class='teaserlink'><a href='https:\/\/www.striped-giraffe.com\/en\/collaboration\/partner\/quest\/' style='color:#ffffff;'>More about Quest<\/a><\/div><div class='wpb_single_image desktop_only'><img src='https:\/\/www.striped-giraffe.com\/wp-content\/uploads\/2021\/01\/partner_kachel_864x1140-600x700.png' \/><\/div><div class='wpb_single_image mobile_only'><img src='https:\/\/www.striped-giraffe.com\/wp-content\/uploads\/2021\/01\/partner_kachel_864x1140-600x700.png' \/><\/div><\/div><\/div>[\/vc_column_inner][\/vc_row_inner][vc_row_inner css=&#8221;.vc_custom_1610010265861{margin-right: -25px !important;margin-left: -25px !important;}&#8221;][vc_column_inner width=&#8221;1\/3&#8243;]<div id='' class='teaserbox  nooverlay'><div class='teaserbox_inner'><div class='teaserheadline'><h2 style='color:#ffffff;'>CoreMedia<\/h2><h3 style='color:#ffffff;'><\/h3><\/div><div class='teaser_logo'><figure><img src='https:\/\/www.striped-giraffe.com\/wp-content\/uploads\/2021\/01\/CoreMedia-signet.png' \/><\/figure><\/div><div class='teaserlink'><a href='https:\/\/www.striped-giraffe.com\/en\/collaboration\/partner\/coremedia\/' style='color:#ffffff;'>More about CoreMedia<\/a><\/div><div class='wpb_single_image desktop_only'><img src='https:\/\/www.striped-giraffe.com\/wp-content\/uploads\/2021\/01\/partner_kachel_864x1140-600x700.png' \/><\/div><div class='wpb_single_image mobile_only'><img src='https:\/\/www.striped-giraffe.com\/wp-content\/uploads\/2021\/01\/partner_kachel_864x1140-600x700.png' \/><\/div><\/div><\/div>[\/vc_column_inner][vc_column_inner width=&#8221;1\/3&#8243;][\/vc_column_inner][vc_column_inner width=&#8221;1\/3&#8243;][\/vc_column_inner][\/vc_row_inner][\/vc_column][\/vc_row][vc_row full_width=&#8221;stretch_row&#8221; css=&#8221;.vc_custom_1725457444029{margin-bottom: 0px !important;padding-top: 100px !important;padding-bottom: 100px !important;background-color: #000000 !important;}&#8221; el_id=&#8221;downloadsection&#8221;][vc_column el_class=&#8221;footerform&#8221;][vc_column_text]<\/p>\n<h3 style=\"text-align: center;\"><span style=\"color: #ef6c00;\">newsletter subscription<\/span><\/h3>\n<h2 class=\"headline_superbig\" style=\"color: #fff; text-align: center;\">Stay tuned!<\/h2>\n<p>[\/vc_column_text][vc_empty_space][vc_row_inner el_id=&#8221;wpcf7_form&#8221;][vc_column_inner][vc_column_text el_id=&#8221;acnews&#8221;]<div class='_form_144'><\/div><script type='text\/javascript' src='https:\/\/striped-giraffe.activehosted.com\/f\/embed.php?static=0&id=144&69D76B52C852E&nostyles=0&preview=0'><\/script>[\/vc_column_text][\/vc_column_inner][\/vc_row_inner][\/vc_column][\/vc_row]<\/p>\n<\/section>","protected":false},"excerpt":{"rendered":"<p>[vc_row full_width=&#8221;stretch_row&#8221; bg_type=&#8221;image&#8221; parallax_style=&#8221;vcpb-default&#8221; bg_image_new=&#8221;id^21004|url^https:\/\/www.striped-giraffe.com\/wp-content\/uploads\/2021\/01\/Partner-1-scaled_mmd.jpg|caption^null|alt^null|title^Partner-1-scaled_mmd|description^null&#8221; bg_image_repeat=&#8221;no-repeat&#8221; css=&#8221;.vc_custom_1611056314204{margin-bottom: 0px !important;padding-top: 200px !important;padding-bottom: 200px !important;background-position: center !important;background-repeat: no-repeat !important;background-size: cover !important;}&#8221;][vc_column css_animation=&#8221;slideInUp&#8221;][vc_row_inner][vc_column_inner][vc_column_text] [&hellip;]<\/p>\n","protected":false},"author":1,"featured_media":0,"parent":34352,"menu_order":0,"comment_status":"closed","ping_status":"closed","template":"","meta":{"footnotes":""},"acf":[],"yoast_head":"<!-- This site is optimized with the Yoast SEO Premium plugin v20.5 (Yoast SEO v20.5) - https:\/\/yoast.com\/wordpress\/plugins\/seo\/ -->\n<title>Partner - Striped Giraffe<\/title>\n<meta name=\"robots\" content=\"index, follow, max-snippet:-1, max-image-preview:large, max-video-preview:-1\" \/>\n<link rel=\"canonical\" href=\"https:\/\/www.striped-giraffe.com\/en\/collaboration\/partner\/\" \/>\n<meta property=\"og:locale\" content=\"en_US\" \/>\n<meta property=\"og:type\" content=\"article\" \/>\n<meta property=\"og:title\" content=\"Partner\" \/>\n<meta property=\"og:description\" content=\"[vc_row full_width=&#8221;stretch_row&#8221; bg_type=&#8221;image&#8221; parallax_style=&#8221;vcpb-default&#8221; bg_image_new=&#8221;id^21004|url^https:\/\/www.striped-giraffe.com\/wp-content\/uploads\/2021\/01\/Partner-1-scaled_mmd.jpg|caption^null|alt^null|title^Partner-1-scaled_mmd|description^null&#8221; bg_image_repeat=&#8221;no-repeat&#8221; css=&#8221;.vc_custom_1611056314204{margin-bottom: 0px !important;padding-top: 200px !important;padding-bottom: 200px !important;background-position: center !important;background-repeat: no-repeat !important;background-size: cover !important;}&#8221;][vc_column css_animation=&#8221;slideInUp&#8221;][vc_row_inner][vc_column_inner][vc_column_text] [&hellip;]\" \/>\n<meta property=\"og:url\" content=\"https:\/\/www.striped-giraffe.com\/en\/collaboration\/partner\/\" \/>\n<meta property=\"og:site_name\" content=\"Striped Giraffe\" \/>\n<meta property=\"article:modified_time\" content=\"2026-03-02T08:33:44+00:00\" \/>\n<meta name=\"twitter:card\" content=\"summary_large_image\" \/>\n<meta name=\"twitter:label1\" content=\"Est. reading time\" \/>\n\t<meta name=\"twitter:data1\" content=\"2 minutes\" \/>\n<script type=\"application\/ld+json\" class=\"yoast-schema-graph\">{\"@context\":\"https:\/\/schema.org\",\"@graph\":[{\"@type\":\"WebPage\",\"@id\":\"https:\/\/www.striped-giraffe.com\/en\/collaboration\/partner\/\",\"url\":\"https:\/\/www.striped-giraffe.com\/en\/collaboration\/partner\/\",\"name\":\"Partner - Striped Giraffe\",\"isPartOf\":{\"@id\":\"https:\/\/www.striped-giraffe.com\/de\/#website\"},\"datePublished\":\"2021-01-07T07:46:45+00:00\",\"dateModified\":\"2026-03-02T08:33:44+00:00\",\"breadcrumb\":{\"@id\":\"https:\/\/www.striped-giraffe.com\/en\/collaboration\/partner\/#breadcrumb\"},\"inLanguage\":\"en-US\",\"potentialAction\":[{\"@type\":\"ReadAction\",\"target\":[\"https:\/\/www.striped-giraffe.com\/en\/collaboration\/partner\/\"]}]},{\"@type\":\"BreadcrumbList\",\"@id\":\"https:\/\/www.striped-giraffe.com\/en\/collaboration\/partner\/#breadcrumb\",\"itemListElement\":[{\"@type\":\"ListItem\",\"position\":1,\"name\":\"Collaboration\",\"item\":\"https:\/\/www.striped-giraffe.com\/en\/collaboration\/\"},{\"@type\":\"ListItem\",\"position\":2,\"name\":\"Partner\"}]},{\"@type\":\"WebSite\",\"@id\":\"https:\/\/www.striped-giraffe.com\/de\/#website\",\"url\":\"https:\/\/www.striped-giraffe.com\/de\/\",\"name\":\"Striped Giraffe\",\"description\":\"Ihr zuverl\u00e4ssiger Anbieter f\u00fcr digitale Enterprise-L\u00f6sungen\",\"publisher\":{\"@id\":\"https:\/\/www.striped-giraffe.com\/de\/#organization\"},\"potentialAction\":[{\"@type\":\"SearchAction\",\"target\":{\"@type\":\"EntryPoint\",\"urlTemplate\":\"https:\/\/www.striped-giraffe.com\/de\/?s={search_term_string}\"},\"query-input\":\"required name=search_term_string\"}],\"inLanguage\":\"en-US\"},{\"@type\":\"Organization\",\"@id\":\"https:\/\/www.striped-giraffe.com\/de\/#organization\",\"name\":\"Striped Giraffe\",\"url\":\"https:\/\/www.striped-giraffe.com\/de\/\",\"logo\":{\"@type\":\"ImageObject\",\"inLanguage\":\"en-US\",\"@id\":\"https:\/\/www.striped-giraffe.com\/de\/#\/schema\/logo\/image\/\",\"url\":\"https:\/\/www.striped-giraffe.com\/wp-content\/uploads\/2021\/01\/giraffe_white.svg\",\"contentUrl\":\"https:\/\/www.striped-giraffe.com\/wp-content\/uploads\/2021\/01\/giraffe_white.svg\",\"caption\":\"Striped Giraffe\"},\"image\":{\"@id\":\"https:\/\/www.striped-giraffe.com\/de\/#\/schema\/logo\/image\/\"}}]}<\/script>\n<!-- \/ Yoast SEO Premium plugin. -->","yoast_head_json":{"title":"Partner - Striped Giraffe","robots":{"index":"index","follow":"follow","max-snippet":"max-snippet:-1","max-image-preview":"max-image-preview:large","max-video-preview":"max-video-preview:-1"},"canonical":"https:\/\/www.striped-giraffe.com\/en\/collaboration\/partner\/","og_locale":"en_US","og_type":"article","og_title":"Partner","og_description":"[vc_row full_width=&#8221;stretch_row&#8221; bg_type=&#8221;image&#8221; parallax_style=&#8221;vcpb-default&#8221; bg_image_new=&#8221;id^21004|url^https:\/\/www.striped-giraffe.com\/wp-content\/uploads\/2021\/01\/Partner-1-scaled_mmd.jpg|caption^null|alt^null|title^Partner-1-scaled_mmd|description^null&#8221; bg_image_repeat=&#8221;no-repeat&#8221; css=&#8221;.vc_custom_1611056314204{margin-bottom: 0px !important;padding-top: 200px !important;padding-bottom: 200px !important;background-position: center !important;background-repeat: no-repeat !important;background-size: cover !important;}&#8221;][vc_column css_animation=&#8221;slideInUp&#8221;][vc_row_inner][vc_column_inner][vc_column_text] [&hellip;]","og_url":"https:\/\/www.striped-giraffe.com\/en\/collaboration\/partner\/","og_site_name":"Striped Giraffe","article_modified_time":"2026-03-02T08:33:44+00:00","twitter_card":"summary_large_image","twitter_misc":{"Est. reading time":"2 minutes"},"schema":{"@context":"https:\/\/schema.org","@graph":[{"@type":"WebPage","@id":"https:\/\/www.striped-giraffe.com\/en\/collaboration\/partner\/","url":"https:\/\/www.striped-giraffe.com\/en\/collaboration\/partner\/","name":"Partner - Striped Giraffe","isPartOf":{"@id":"https:\/\/www.striped-giraffe.com\/de\/#website"},"datePublished":"2021-01-07T07:46:45+00:00","dateModified":"2026-03-02T08:33:44+00:00","breadcrumb":{"@id":"https:\/\/www.striped-giraffe.com\/en\/collaboration\/partner\/#breadcrumb"},"inLanguage":"en-US","potentialAction":[{"@type":"ReadAction","target":["https:\/\/www.striped-giraffe.com\/en\/collaboration\/partner\/"]}]},{"@type":"BreadcrumbList","@id":"https:\/\/www.striped-giraffe.com\/en\/collaboration\/partner\/#breadcrumb","itemListElement":[{"@type":"ListItem","position":1,"name":"Collaboration","item":"https:\/\/www.striped-giraffe.com\/en\/collaboration\/"},{"@type":"ListItem","position":2,"name":"Partner"}]},{"@type":"WebSite","@id":"https:\/\/www.striped-giraffe.com\/de\/#website","url":"https:\/\/www.striped-giraffe.com\/de\/","name":"Striped Giraffe","description":"Ihr zuverl\u00e4ssiger Anbieter f\u00fcr digitale Enterprise-L\u00f6sungen","publisher":{"@id":"https:\/\/www.striped-giraffe.com\/de\/#organization"},"potentialAction":[{"@type":"SearchAction","target":{"@type":"EntryPoint","urlTemplate":"https:\/\/www.striped-giraffe.com\/de\/?s={search_term_string}"},"query-input":"required name=search_term_string"}],"inLanguage":"en-US"},{"@type":"Organization","@id":"https:\/\/www.striped-giraffe.com\/de\/#organization","name":"Striped Giraffe","url":"https:\/\/www.striped-giraffe.com\/de\/","logo":{"@type":"ImageObject","inLanguage":"en-US","@id":"https:\/\/www.striped-giraffe.com\/de\/#\/schema\/logo\/image\/","url":"https:\/\/www.striped-giraffe.com\/wp-content\/uploads\/2021\/01\/giraffe_white.svg","contentUrl":"https:\/\/www.striped-giraffe.com\/wp-content\/uploads\/2021\/01\/giraffe_white.svg","caption":"Striped Giraffe"},"image":{"@id":"https:\/\/www.striped-giraffe.com\/de\/#\/schema\/logo\/image\/"}}]}},"_links":{"self":[{"href":"https:\/\/www.striped-giraffe.com\/en\/wp-json\/wp\/v2\/pages\/19370"}],"collection":[{"href":"https:\/\/www.striped-giraffe.com\/en\/wp-json\/wp\/v2\/pages"}],"about":[{"href":"https:\/\/www.striped-giraffe.com\/en\/wp-json\/wp\/v2\/types\/page"}],"author":[{"embeddable":true,"href":"https:\/\/www.striped-giraffe.com\/en\/wp-json\/wp\/v2\/users\/1"}],"replies":[{"embeddable":true,"href":"https:\/\/www.striped-giraffe.com\/en\/wp-json\/wp\/v2\/comments?post=19370"}],"version-history":[{"count":17,"href":"https:\/\/www.striped-giraffe.com\/en\/wp-json\/wp\/v2\/pages\/19370\/revisions"}],"predecessor-version":[{"id":42785,"href":"https:\/\/www.striped-giraffe.com\/en\/wp-json\/wp\/v2\/pages\/19370\/revisions\/42785"}],"up":[{"embeddable":true,"href":"https:\/\/www.striped-giraffe.com\/en\/wp-json\/wp\/v2\/pages\/34352"}],"wp:attachment":[{"href":"https:\/\/www.striped-giraffe.com\/en\/wp-json\/wp\/v2\/media?parent=19370"}],"curies":[{"name":"wp","href":"https:\/\/api.w.org\/{rel}","templated":true}]}}