{"id":19585,"date":"2021-01-15T09:38:16","date_gmt":"2021-01-15T08:38:16","guid":{"rendered":"https:\/\/relaunch.striped-giraffe.com\/four-o-four\/"},"modified":"2021-01-20T16:59:08","modified_gmt":"2021-01-20T15:59:08","slug":"four-o-four","status":"publish","type":"page","link":"https:\/\/www.striped-giraffe.com\/en\/four-o-four\/","title":{"rendered":"404"},"content":{"rendered":"<section class=\"wpb-content-wrapper\"><p>[vc_row full_width=&#8221;stretch_row&#8221; full_height=&#8221;yes&#8221; bg_type=&#8221;image&#8221; parallax_style=&#8221;vcpb-default&#8221; bg_image_new=&#8221;id^19567|url^https:\/\/www.striped-giraffe.com\/wp-content\/uploads\/2021\/01\/four-o-four.jpg_v3.jpg|caption^null|alt^null|title^four-o-four.jpg_v3|description^null&#8221; bg_image_repeat=&#8221;no-repeat&#8221;][vc_column][vc_column_text]<\/p>\n<h1 class=\"headline_superbig\" style=\"text-align: center;\"><span style=\"color: #ffffff;\">Oh nooo, what happened?!<\/span><\/h1>\n<h1 class=\"headline_superbig\" style=\"text-align: center;\"><span style=\"color: #ffffff;\">Let&#8217;s start over.<\/span><\/h1>\n<p>[\/vc_column_text][vc_empty_space][vc_btn title=&#8221;Back to Homepage&#8221; color=&#8221;white&#8221; align=&#8221;center&#8221; link=&#8221;url:https%3A%2F%2Fwww.striped-giraffe.com%2Fen%2F|title:Homepage&#8221; css=&#8221;.vc_custom_1610726049405{margin-top: 50px !important;}&#8221;][\/vc_column][\/vc_row]<\/p>\n<\/section>","protected":false},"excerpt":{"rendered":"<p>[vc_row full_width=&#8221;stretch_row&#8221; full_height=&#8221;yes&#8221; bg_type=&#8221;image&#8221; parallax_style=&#8221;vcpb-default&#8221; bg_image_new=&#8221;id^19567|url^https:\/\/www.striped-giraffe.com\/wp-content\/uploads\/2021\/01\/four-o-four.jpg_v3.jpg|caption^null|alt^null|title^four-o-four.jpg_v3|description^null&#8221; bg_image_repeat=&#8221;no-repeat&#8221;][vc_column][vc_column_text] Oh nooo, what happened?! Let&#8217;s start over. [\/vc_column_text][vc_empty_space][vc_btn title=&#8221;Back to Homepage&#8221; color=&#8221;white&#8221; align=&#8221;center&#8221; [&hellip;]<\/p>\n","protected":false},"author":1,"featured_media":0,"parent":0,"menu_order":0,"comment_status":"closed","ping_status":"closed","template":"page-404.php","meta":{"footnotes":""},"acf":[],"yoast_head":"<!-- This site is optimized with the Yoast SEO Premium plugin v20.5 (Yoast SEO v20.5) - https:\/\/yoast.com\/wordpress\/plugins\/seo\/ -->\n<title>404 - Striped Giraffe<\/title>\n<meta name=\"robots\" content=\"index, follow, max-snippet:-1, max-image-preview:large, max-video-preview:-1\" \/>\n<link rel=\"canonical\" href=\"https:\/\/www.striped-giraffe.com\/four-o-four\/\" \/>\n<meta property=\"og:locale\" content=\"en_US\" \/>\n<meta property=\"og:type\" content=\"article\" \/>\n<meta property=\"og:title\" content=\"404\" \/>\n<meta property=\"og:description\" content=\"[vc_row full_width=&#8221;stretch_row&#8221; full_height=&#8221;yes&#8221; bg_type=&#8221;image&#8221; parallax_style=&#8221;vcpb-default&#8221; bg_image_new=&#8221;id^19567|url^https:\/\/www.striped-giraffe.com\/wp-content\/uploads\/2021\/01\/four-o-four.jpg_v3.jpg|caption^null|alt^null|title^four-o-four.jpg_v3|description^null&#8221; bg_image_repeat=&#8221;no-repeat&#8221;][vc_column][vc_column_text] Oh nooo, what happened?! Let&#8217;s start over. [\/vc_column_text][vc_empty_space][vc_btn title=&#8221;Back to Homepage&#8221; color=&#8221;white&#8221; align=&#8221;center&#8221; [&hellip;]\" \/>\n<meta property=\"og:url\" content=\"https:\/\/www.striped-giraffe.com\/four-o-four\/\" \/>\n<meta property=\"og:site_name\" content=\"Striped Giraffe\" \/>\n<meta property=\"article:modified_time\" content=\"2021-01-20T15:59:08+00:00\" \/>\n<meta name=\"twitter:card\" content=\"summary_large_image\" \/>\n<script type=\"application\/ld+json\" class=\"yoast-schema-graph\">{\"@context\":\"https:\/\/schema.org\",\"@graph\":[{\"@type\":\"WebPage\",\"@id\":\"https:\/\/www.striped-giraffe.com\/four-o-four\/\",\"url\":\"https:\/\/www.striped-giraffe.com\/four-o-four\/\",\"name\":\"404 - Striped Giraffe\",\"isPartOf\":{\"@id\":\"https:\/\/www.striped-giraffe.com\/de\/#website\"},\"datePublished\":\"2021-01-15T08:38:16+00:00\",\"dateModified\":\"2021-01-20T15:59:08+00:00\",\"inLanguage\":\"en-US\",\"potentialAction\":[{\"@type\":\"ReadAction\",\"target\":[\"https:\/\/www.striped-giraffe.com\/four-o-four\/\"]}]},{\"@type\":\"WebSite\",\"@id\":\"https:\/\/www.striped-giraffe.com\/de\/#website\",\"url\":\"https:\/\/www.striped-giraffe.com\/de\/\",\"name\":\"Striped Giraffe\",\"description\":\"Ihr zuverl\u00e4ssiger Anbieter f\u00fcr digitale Enterprise-L\u00f6sungen\",\"publisher\":{\"@id\":\"https:\/\/www.striped-giraffe.com\/de\/#organization\"},\"potentialAction\":[{\"@type\":\"SearchAction\",\"target\":{\"@type\":\"EntryPoint\",\"urlTemplate\":\"https:\/\/www.striped-giraffe.com\/de\/?s={search_term_string}\"},\"query-input\":\"required name=search_term_string\"}],\"inLanguage\":\"en-US\"},{\"@type\":\"Organization\",\"@id\":\"https:\/\/www.striped-giraffe.com\/de\/#organization\",\"name\":\"Striped Giraffe\",\"url\":\"https:\/\/www.striped-giraffe.com\/de\/\",\"logo\":{\"@type\":\"ImageObject\",\"inLanguage\":\"en-US\",\"@id\":\"https:\/\/www.striped-giraffe.com\/de\/#\/schema\/logo\/image\/\",\"url\":\"https:\/\/www.striped-giraffe.com\/wp-content\/uploads\/2021\/01\/giraffe_white.svg\",\"contentUrl\":\"https:\/\/www.striped-giraffe.com\/wp-content\/uploads\/2021\/01\/giraffe_white.svg\",\"caption\":\"Striped Giraffe\"},\"image\":{\"@id\":\"https:\/\/www.striped-giraffe.com\/de\/#\/schema\/logo\/image\/\"}}]}<\/script>\n<!-- \/ Yoast SEO Premium plugin. -->","yoast_head_json":{"title":"404 - Striped Giraffe","robots":{"index":"index","follow":"follow","max-snippet":"max-snippet:-1","max-image-preview":"max-image-preview:large","max-video-preview":"max-video-preview:-1"},"canonical":"https:\/\/www.striped-giraffe.com\/four-o-four\/","og_locale":"en_US","og_type":"article","og_title":"404","og_description":"[vc_row full_width=&#8221;stretch_row&#8221; full_height=&#8221;yes&#8221; bg_type=&#8221;image&#8221; parallax_style=&#8221;vcpb-default&#8221; bg_image_new=&#8221;id^19567|url^https:\/\/www.striped-giraffe.com\/wp-content\/uploads\/2021\/01\/four-o-four.jpg_v3.jpg|caption^null|alt^null|title^four-o-four.jpg_v3|description^null&#8221; bg_image_repeat=&#8221;no-repeat&#8221;][vc_column][vc_column_text] Oh nooo, what happened?! Let&#8217;s start over. [\/vc_column_text][vc_empty_space][vc_btn title=&#8221;Back to Homepage&#8221; color=&#8221;white&#8221; align=&#8221;center&#8221; [&hellip;]","og_url":"https:\/\/www.striped-giraffe.com\/four-o-four\/","og_site_name":"Striped Giraffe","article_modified_time":"2021-01-20T15:59:08+00:00","twitter_card":"summary_large_image","schema":{"@context":"https:\/\/schema.org","@graph":[{"@type":"WebPage","@id":"https:\/\/www.striped-giraffe.com\/four-o-four\/","url":"https:\/\/www.striped-giraffe.com\/four-o-four\/","name":"404 - Striped Giraffe","isPartOf":{"@id":"https:\/\/www.striped-giraffe.com\/de\/#website"},"datePublished":"2021-01-15T08:38:16+00:00","dateModified":"2021-01-20T15:59:08+00:00","inLanguage":"en-US","potentialAction":[{"@type":"ReadAction","target":["https:\/\/www.striped-giraffe.com\/four-o-four\/"]}]},{"@type":"WebSite","@id":"https:\/\/www.striped-giraffe.com\/de\/#website","url":"https:\/\/www.striped-giraffe.com\/de\/","name":"Striped Giraffe","description":"Ihr zuverl\u00e4ssiger Anbieter f\u00fcr digitale Enterprise-L\u00f6sungen","publisher":{"@id":"https:\/\/www.striped-giraffe.com\/de\/#organization"},"potentialAction":[{"@type":"SearchAction","target":{"@type":"EntryPoint","urlTemplate":"https:\/\/www.striped-giraffe.com\/de\/?s={search_term_string}"},"query-input":"required name=search_term_string"}],"inLanguage":"en-US"},{"@type":"Organization","@id":"https:\/\/www.striped-giraffe.com\/de\/#organization","name":"Striped Giraffe","url":"https:\/\/www.striped-giraffe.com\/de\/","logo":{"@type":"ImageObject","inLanguage":"en-US","@id":"https:\/\/www.striped-giraffe.com\/de\/#\/schema\/logo\/image\/","url":"https:\/\/www.striped-giraffe.com\/wp-content\/uploads\/2021\/01\/giraffe_white.svg","contentUrl":"https:\/\/www.striped-giraffe.com\/wp-content\/uploads\/2021\/01\/giraffe_white.svg","caption":"Striped Giraffe"},"image":{"@id":"https:\/\/www.striped-giraffe.com\/de\/#\/schema\/logo\/image\/"}}]}},"_links":{"self":[{"href":"https:\/\/www.striped-giraffe.com\/en\/wp-json\/wp\/v2\/pages\/19585"}],"collection":[{"href":"https:\/\/www.striped-giraffe.com\/en\/wp-json\/wp\/v2\/pages"}],"about":[{"href":"https:\/\/www.striped-giraffe.com\/en\/wp-json\/wp\/v2\/types\/page"}],"author":[{"embeddable":true,"href":"https:\/\/www.striped-giraffe.com\/en\/wp-json\/wp\/v2\/users\/1"}],"replies":[{"embeddable":true,"href":"https:\/\/www.striped-giraffe.com\/en\/wp-json\/wp\/v2\/comments?post=19585"}],"version-history":[{"count":6,"href":"https:\/\/www.striped-giraffe.com\/en\/wp-json\/wp\/v2\/pages\/19585\/revisions"}],"predecessor-version":[{"id":21256,"href":"https:\/\/www.striped-giraffe.com\/en\/wp-json\/wp\/v2\/pages\/19585\/revisions\/21256"}],"wp:attachment":[{"href":"https:\/\/www.striped-giraffe.com\/en\/wp-json\/wp\/v2\/media?parent=19585"}],"curies":[{"name":"wp","href":"https:\/\/api.w.org\/{rel}","templated":true}]}}