{"id":19752,"date":"2021-01-27T10:56:54","date_gmt":"2021-01-27T09:56:54","guid":{"rendered":"https:\/\/relaunch.striped-giraffe.com\/case-study-ratioform-v2\/"},"modified":"2024-09-11T14:11:45","modified_gmt":"2024-09-11T12:11:45","slug":"case-study-ratioform","status":"publish","type":"page","link":"https:\/\/www.striped-giraffe.com\/en\/case-study-ratioform\/","title":{"rendered":"Case Study ratioform"},"content":{"rendered":"<section class=\"wpb-content-wrapper\"><p>[vc_row full_width=&#8221;stretch_row&#8221; full_height=&#8221;yes&#8221; equal_height=&#8221;yes&#8221; bg_type=&#8221;image&#8221; parallax_style=&#8221;vcpb-default&#8221; bg_image_new=&#8221;id^28495|url^https:\/\/www.striped-giraffe.com\/wp-content\/uploads\/2021\/10\/Header_case_study_ratioform.jpg|caption^Corrugated cardboard as a background|alt^null|title^Corrugated cardboard|description^null&#8221; css=&#8221;.vc_custom_1635346159172{background-position: center !important;background-repeat: no-repeat !important;background-size: cover !important;}&#8221;][vc_column][vc_row_inner css=&#8221;.vc_custom_1610559808326{margin-bottom: 100px !important;padding-top: 100px !important;}&#8221;][vc_column_inner][vc_column_text]<\/p>\n<h1 style=\"text-align: center;\"><span style=\"color: #ffffff;\"><strong>Case Study <\/strong><\/span><span style=\"color: #ffffff;\"><strong>ratioform<\/strong><\/span><\/h1>\n<p>[\/vc_column_text][\/vc_column_inner][\/vc_row_inner][\/vc_column][\/vc_row][vc_row gap=&#8221;35&#8243; el_class=&#8221;closetotop&#8221; css=&#8221;.vc_custom_1610015116999{padding-top: 50px !important;background-color: #ffffff !important;}&#8221;][vc_column][vc_column_text]<\/p>\n<h2 class=\"headline_superbig\" style=\"text-align: center;\"><span style=\"color: #ef6c00;\">&#8220;Next Level Product Management<\/span><br \/>\n<span style=\"color: #000000;\">with MACHINE LEARNING&#8221;<\/span><\/h2>\n<p>[\/vc_column_text][\/vc_column][\/vc_row][vc_row gap=&#8221;35&#8243; css=&#8221;.vc_custom_1610616508897{margin-bottom: 50px !important;}&#8221;][vc_column width=&#8221;1\/2&#8243;][vc_column_text]<\/p>\n<h2 class=\"headline_superbig\">You know this as a product manager, &#8230;<\/h2>\n<p>[\/vc_column_text][\/vc_column][vc_column width=&#8221;1\/2&#8243;][vc_column_text]&#8230; you are managing an overwhelming number of products, where it is difficult to monitor performance manually.<\/p>\n<p>&#8230; there are performance fluctuations in your products, which you can only manage after they have already occurred.<\/p>\n<p>&#8230; you are facing the challenge of being able to assess the performance of your portfolio since a KPI-based classification regarding the positioning in the product life cycle is not possible with simple models due to the heterogeneity of the products.[\/vc_column_text][\/vc_column][\/vc_row][vc_row css=&#8221;.vc_custom_1610032838226{margin-bottom: 0px !important;}&#8221;][vc_column width=&#8221;1\/2&#8243;][vc_column_text]<\/p>\n<h2 class=\"headline_superbig\">INITIAL SITUATION AT KAISERKRAFT (FORMERLY RATIOFORM)<\/h2>\n<p>[\/vc_column_text][\/vc_column][vc_column width=&#8221;1\/2&#8243;][vc_column_text]The product managers of our customer kaiserkraft (formerly ratioform) have always faced similar challenges.<\/p>\n<p style=\"text-align: left;\">Obtaining meaningful information about products was a complex task, which distracted the focus from the value-adding activities of a product manager. To change this, it was necessary to analyze and evaluate all data from every system in the company.<\/p>\n<p>[\/vc_column_text][\/vc_column][\/vc_row][vc_row full_width=&#8221;stretch_row&#8221; bg_type=&#8221;bg_color&#8221; css=&#8221;.vc_custom_1610032786499{padding-top: 200px !important;padding-bottom: 200px !important;}&#8221; bg_color_value=&#8221;#ffffff&#8221;][vc_column width=&#8221;1\/5&#8243;][\/vc_column][vc_column width=&#8221;3\/5&#8243;][vc_column_text el_class=&#8221;small&#8221;]<\/p>\n<blockquote>\n<p style=\"text-align: center;\">Our diverse product portfolio has presented us with the great challenge of efficiently and purposefully supporting and managing all the products it contains. What we lacked was an automated, technology-based approach to evaluate the large number of products in the different phases of their lifecycles. The ML-based solution implemented by our partner Striped Giraffe was able to overcome this challenge. It allows us to organize our daily work more efficiently and gives us the opportunity to continuously optimize our portfolio with reliable data.<\/p>\n<\/blockquote>\n<p style=\"text-align: center;\"><span style=\"color: #000000;\"><strong>Daniela Senkbeil<\/strong>, Vice President Category Management Industrial &amp; Packaging (a Division of TAKKT AG)<\/span><\/p>\n<p>[\/vc_column_text][\/vc_column][vc_column width=&#8221;1\/5&#8243;][\/vc_column][\/vc_row][vc_row gap=&#8221;35&#8243; css=&#8221;.vc_custom_1724317649240{margin-bottom: 100px !important;}&#8221; el_id=&#8221;downloadsection&#8221;][vc_column width=&#8221;1\/3&#8243;][vc_column_text]<\/p>\n<h2 class=\"headline_superbig\">Download<\/h2>\n<p>[\/vc_column_text][vc_empty_space height=&#8221;50&#8243;][vc_single_image image=&#8221;35263&#8243; img_size=&#8221;medium&#8221;][\/vc_column][vc_column width=&#8221;2\/3&#8243;][vc_column_text]We have summarized the initial situation as well as the challenges of ratioform with a detailed description of the solution in a case study. You can download it here for free.[\/vc_column_text][vc_empty_space][vc_column_text]<div class='_form_98'><\/div><script type='text\/javascript' src='https:\/\/striped-giraffe.activehosted.com\/f\/embed.php?static=0&id=98&69F5BEA42074B&nostyles=0&preview=0'><\/script>[\/vc_column_text][\/vc_column][\/vc_row][vc_row full_width=&#8221;stretch_row&#8221; bg_type=&#8221;bg_color&#8221; bg_color_value=&#8221;#000000&#8243;][vc_column][vc_row_inner][vc_column_inner][vc_column_text css=&#8221;.vc_custom_1610725554041{margin-top: 100px !important;}&#8221;]<\/p>\n<h2 class=\"headline_introduction\"><span style=\"color: #ffffff;\">More Case Studies<\/span><\/h2>\n<p>[\/vc_column_text][\/vc_column_inner][\/vc_row_inner][\/vc_column][\/vc_row][vc_row full_width=&#8221;stretch_row&#8221; gap=&#8221;35&#8243; bg_type=&#8221;bg_color&#8221; css=&#8221;.vc_custom_1609934688295{margin-top: 0px !important;margin-bottom: 0px !important;padding-top: 100px !important;padding-bottom: 100px !important;}&#8221; bg_color_value=&#8221;#000000&#8243;][vc_column][vc_row_inner][vc_column_inner width=&#8221;1\/3&#8243; css=&#8221;.vc_custom_1610013762619{padding-right: 25px !important;}&#8221;][vc_column_text]<\/p>\n<h2><span style=\"color: #ef6c00;\">WE CREATE ADDED VALUE<\/span> <span style=\"color: #ffffff;\">FOR OUR\u00a0 CUSTOMERS.<\/span><\/h2>\n<p><span style=\"color: #ffffff;\">This leads to a long-term cooperation with our customers, which we appreciate very much. You can find even more e-books, case studies, and co. in our <a style=\"color: #ffffff;\" href=\"https:\/\/www.striped-giraffe.com\/en\/insights\/\">Insights<\/a>.<\/span>[\/vc_column_text][\/vc_column_inner][vc_column_inner width=&#8221;1\/3&#8243;]<div class=\"templatera_shortcode\"><div class=\"vc_row wpb_row vc_row-fluid teaserbox\"><div class=\"wpb_column vc_column_container vc_col-sm-12\"><div class=\"vc_column-inner\"><div class=\"wpb_wrapper\">\n\t<div class=\"wpb_text_column wpb_content_element  teaserheadline\" >\n\t\t<div class=\"wpb_wrapper\">\n\t\t\t<p><strong><span style=\"color: #ffffff;\">Case Study Hilti<\/span><\/strong><\/p>\n<p><span style=\"color: #ffffff;\">Self-service for the new global tool rental platform<\/span><\/p>\n\n\t\t<\/div>\n\t<\/div>\n\n\t<div  class=\"wpb_single_image wpb_content_element vc_align_left   teaser_logo\">\n\t\t\n\t\t<figure class=\"wpb_wrapper vc_figure\">\n\t\t\t<div class=\"vc_single_image-wrapper   vc_box_border_grey\"><img decoding=\"async\" width=\"500\" height=\"103\" src=\"https:\/\/www.striped-giraffe.com\/wp-content\/uploads\/2021\/01\/Hilti_logo.svg.png\" class=\"vc_single_image-img attachment-full\" alt=\"\" title=\"Hilti_logo.svg\" srcset=\"https:\/\/www.striped-giraffe.com\/wp-content\/uploads\/2021\/01\/Hilti_logo.svg.png 500w, https:\/\/www.striped-giraffe.com\/wp-content\/uploads\/2021\/01\/Hilti_logo.svg-300x62.png 300w\" sizes=\"(max-width: 500px) 100vw, 500px\" \/><\/div>\n\t\t<\/figure>\n\t<\/div>\n\n\t<div class=\"wpb_text_column wpb_content_element  teaserlink\" >\n\t\t<div class=\"wpb_wrapper\">\n\t\t\t<p><span style=\"color: #ffffff;\"><a style=\"color: #ffffff;\" href=\"https:\/\/www.striped-giraffe.com\/en\/hilti-case-study\/\">Case Study<\/a><\/span><\/p>\n\n\t\t<\/div>\n\t<\/div>\n\n\t<div  class=\"wpb_single_image wpb_content_element vc_align_left\">\n\t\t\n\t\t<figure class=\"wpb_wrapper vc_figure\">\n\t\t\t<div class=\"vc_single_image-wrapper   vc_box_border_grey\"><img decoding=\"async\" class=\"vc_single_image-img \" src=\"https:\/\/www.striped-giraffe.com\/wp-content\/uploads\/2021\/01\/AdobeStock_194421060-scaled_v3-600x960.jpg\" width=\"600\" height=\"960\" alt=\"AdobeStock_194421060-scaled_v3\" title=\"AdobeStock_194421060-scaled_v3\" \/><\/div>\n\t\t<\/figure>\n\t<\/div>\n<\/div><\/div><\/div><\/div><\/div>[\/vc_column_inner][vc_column_inner width=&#8221;1\/3&#8243;]<div class=\"templatera_shortcode\"><div class=\"vc_row wpb_row vc_row-fluid\"><div class=\"wpb_column vc_column_container vc_col-sm-12\"><div class=\"vc_column-inner\"><div class=\"wpb_wrapper\"><div id='' class='teaserbox  overlay'><div class='teaserbox_inner'><div class='teaserheadline'><h3 style='text-transform:uppercase;color:#ef6c00;font-family:DinWebPro Bold;'>Case Study Keller &amp; Kalmbach<\/h3><h2 style='text-transform:none;color:#000000;'>Upgrade of SAP Commerce and Migration to Microsoft Azure in 2.5 months<\/h2><\/div><div class='teasertext'><div class='wpb_wrapper'>The right service provider makes the difference. Keller &amp; Kalmbach can confirm this as well. Find all details about the ``record time project`` in this case study.<\/div><\/div><div class='teaserlink'><a href='https:\/\/www.striped-giraffe.com\/en\/case-study-keller-kalmbach\/' style='color:#000000;'>Download Case Study<\/a><\/div><div class='wpb_single_image desktop_only'><img src='https:\/\/www.striped-giraffe.com\/wp-content\/uploads\/2021\/10\/Newsteaser_Keller-and-Kalmbach-case-study-EN-cover-600x960.png' \/><\/div><div class='wpb_single_image mobile_only'><img src='https:\/\/www.striped-giraffe.com\/wp-content\/uploads\/2021\/10\/Newsteaser_Keller-and-Kalmbach-case-study-EN-cover-600x700.png' \/><\/div><\/div><\/div><\/div><\/div><\/div><\/div><\/div>[\/vc_column_inner][\/vc_row_inner][\/vc_column][\/vc_row]<\/p>\n<\/section>","protected":false},"excerpt":{"rendered":"Case Study ratioform \"Next Level Product Management with MACHINE LEARNING\" You know this as a product manager, ... ... you [...]","protected":false},"author":1,"featured_media":22444,"parent":0,"menu_order":0,"comment_status":"closed","ping_status":"closed","template":"page-sidebar.php","meta":{"footnotes":""},"acf":[],"yoast_head":"<!-- This site is optimized with the Yoast SEO Premium plugin v20.5 (Yoast SEO v20.5) - https:\/\/yoast.com\/wordpress\/plugins\/seo\/ -->\n<title>Case Study kaiserkraft (formerly ratioform)<\/title>\n<meta name=\"description\" content=\"The final solution offers kaiserkraft the possibility to predict the performance and development of a product during its lifecycle.\" \/>\n<meta name=\"robots\" content=\"index, follow, max-snippet:-1, max-image-preview:large, max-video-preview:-1\" \/>\n<link rel=\"canonical\" href=\"https:\/\/www.striped-giraffe.com\/en\/case-study-ratioform\/\" \/>\n<meta property=\"og:locale\" content=\"en_US\" \/>\n<meta property=\"og:type\" content=\"article\" \/>\n<meta property=\"og:title\" content=\"Case Study ratioform\" \/>\n<meta property=\"og:description\" content=\"The final solution offers kaiserkraft the possibility to predict the performance and development of a product during its lifecycle.\" \/>\n<meta property=\"og:url\" content=\"https:\/\/www.striped-giraffe.com\/en\/case-study-ratioform\/\" \/>\n<meta property=\"og:site_name\" content=\"Striped Giraffe\" \/>\n<meta property=\"article:modified_time\" content=\"2024-09-11T12:11:45+00:00\" \/>\n<meta property=\"og:image\" content=\"https:\/\/www.striped-giraffe.com\/wp-content\/uploads\/2021\/02\/ratioform-case-study-e-book-banner-en-social-media.png\" \/>\n\t<meta property=\"og:image:width\" content=\"1200\" \/>\n\t<meta property=\"og:image:height\" content=\"628\" \/>\n\t<meta property=\"og:image:type\" content=\"image\/png\" \/>\n<meta name=\"twitter:card\" content=\"summary_large_image\" \/>\n<meta name=\"twitter:label1\" content=\"Est. reading time\" \/>\n\t<meta name=\"twitter:data1\" content=\"3 minutes\" \/>\n<script type=\"application\/ld+json\" class=\"yoast-schema-graph\">{\"@context\":\"https:\/\/schema.org\",\"@graph\":[{\"@type\":\"WebPage\",\"@id\":\"https:\/\/www.striped-giraffe.com\/en\/case-study-ratioform\/\",\"url\":\"https:\/\/www.striped-giraffe.com\/en\/case-study-ratioform\/\",\"name\":\"Case Study kaiserkraft (formerly ratioform)\",\"isPartOf\":{\"@id\":\"https:\/\/www.striped-giraffe.com\/de\/#website\"},\"datePublished\":\"2021-01-27T09:56:54+00:00\",\"dateModified\":\"2024-09-11T12:11:45+00:00\",\"description\":\"The final solution offers kaiserkraft the possibility to predict the performance and development of a product during its lifecycle.\",\"inLanguage\":\"en-US\",\"potentialAction\":[{\"@type\":\"ReadAction\",\"target\":[\"https:\/\/www.striped-giraffe.com\/en\/case-study-ratioform\/\"]}]},{\"@type\":\"WebSite\",\"@id\":\"https:\/\/www.striped-giraffe.com\/de\/#website\",\"url\":\"https:\/\/www.striped-giraffe.com\/de\/\",\"name\":\"Striped Giraffe\",\"description\":\"Ihr zuverl\u00e4ssiger Anbieter f\u00fcr digitale Enterprise-L\u00f6sungen\",\"publisher\":{\"@id\":\"https:\/\/www.striped-giraffe.com\/de\/#organization\"},\"potentialAction\":[{\"@type\":\"SearchAction\",\"target\":{\"@type\":\"EntryPoint\",\"urlTemplate\":\"https:\/\/www.striped-giraffe.com\/de\/?s={search_term_string}\"},\"query-input\":\"required name=search_term_string\"}],\"inLanguage\":\"en-US\"},{\"@type\":\"Organization\",\"@id\":\"https:\/\/www.striped-giraffe.com\/de\/#organization\",\"name\":\"Striped Giraffe\",\"url\":\"https:\/\/www.striped-giraffe.com\/de\/\",\"logo\":{\"@type\":\"ImageObject\",\"inLanguage\":\"en-US\",\"@id\":\"https:\/\/www.striped-giraffe.com\/de\/#\/schema\/logo\/image\/\",\"url\":\"https:\/\/www.striped-giraffe.com\/wp-content\/uploads\/2021\/01\/giraffe_white.svg\",\"contentUrl\":\"https:\/\/www.striped-giraffe.com\/wp-content\/uploads\/2021\/01\/giraffe_white.svg\",\"caption\":\"Striped Giraffe\"},\"image\":{\"@id\":\"https:\/\/www.striped-giraffe.com\/de\/#\/schema\/logo\/image\/\"}}]}<\/script>\n<!-- \/ Yoast SEO Premium plugin. -->","yoast_head_json":{"title":"Case Study kaiserkraft (formerly ratioform)","description":"The final solution offers kaiserkraft the possibility to predict the performance and development of a product during its lifecycle.","robots":{"index":"index","follow":"follow","max-snippet":"max-snippet:-1","max-image-preview":"max-image-preview:large","max-video-preview":"max-video-preview:-1"},"canonical":"https:\/\/www.striped-giraffe.com\/en\/case-study-ratioform\/","og_locale":"en_US","og_type":"article","og_title":"Case Study ratioform","og_description":"The final solution offers kaiserkraft the possibility to predict the performance and development of a product during its lifecycle.","og_url":"https:\/\/www.striped-giraffe.com\/en\/case-study-ratioform\/","og_site_name":"Striped Giraffe","article_modified_time":"2024-09-11T12:11:45+00:00","og_image":[{"width":1200,"height":628,"url":"https:\/\/www.striped-giraffe.com\/wp-content\/uploads\/2021\/02\/ratioform-case-study-e-book-banner-en-social-media.png","type":"image\/png"}],"twitter_card":"summary_large_image","twitter_misc":{"Est. reading time":"3 minutes"},"schema":{"@context":"https:\/\/schema.org","@graph":[{"@type":"WebPage","@id":"https:\/\/www.striped-giraffe.com\/en\/case-study-ratioform\/","url":"https:\/\/www.striped-giraffe.com\/en\/case-study-ratioform\/","name":"Case Study kaiserkraft (formerly ratioform)","isPartOf":{"@id":"https:\/\/www.striped-giraffe.com\/de\/#website"},"datePublished":"2021-01-27T09:56:54+00:00","dateModified":"2024-09-11T12:11:45+00:00","description":"The final solution offers kaiserkraft the possibility to predict the performance and development of a product during its lifecycle.","inLanguage":"en-US","potentialAction":[{"@type":"ReadAction","target":["https:\/\/www.striped-giraffe.com\/en\/case-study-ratioform\/"]}]},{"@type":"WebSite","@id":"https:\/\/www.striped-giraffe.com\/de\/#website","url":"https:\/\/www.striped-giraffe.com\/de\/","name":"Striped Giraffe","description":"Ihr zuverl\u00e4ssiger Anbieter f\u00fcr digitale Enterprise-L\u00f6sungen","publisher":{"@id":"https:\/\/www.striped-giraffe.com\/de\/#organization"},"potentialAction":[{"@type":"SearchAction","target":{"@type":"EntryPoint","urlTemplate":"https:\/\/www.striped-giraffe.com\/de\/?s={search_term_string}"},"query-input":"required name=search_term_string"}],"inLanguage":"en-US"},{"@type":"Organization","@id":"https:\/\/www.striped-giraffe.com\/de\/#organization","name":"Striped Giraffe","url":"https:\/\/www.striped-giraffe.com\/de\/","logo":{"@type":"ImageObject","inLanguage":"en-US","@id":"https:\/\/www.striped-giraffe.com\/de\/#\/schema\/logo\/image\/","url":"https:\/\/www.striped-giraffe.com\/wp-content\/uploads\/2021\/01\/giraffe_white.svg","contentUrl":"https:\/\/www.striped-giraffe.com\/wp-content\/uploads\/2021\/01\/giraffe_white.svg","caption":"Striped Giraffe"},"image":{"@id":"https:\/\/www.striped-giraffe.com\/de\/#\/schema\/logo\/image\/"}}]}},"_links":{"self":[{"href":"https:\/\/www.striped-giraffe.com\/en\/wp-json\/wp\/v2\/pages\/19752"}],"collection":[{"href":"https:\/\/www.striped-giraffe.com\/en\/wp-json\/wp\/v2\/pages"}],"about":[{"href":"https:\/\/www.striped-giraffe.com\/en\/wp-json\/wp\/v2\/types\/page"}],"author":[{"embeddable":true,"href":"https:\/\/www.striped-giraffe.com\/en\/wp-json\/wp\/v2\/users\/1"}],"replies":[{"embeddable":true,"href":"https:\/\/www.striped-giraffe.com\/en\/wp-json\/wp\/v2\/comments?post=19752"}],"version-history":[{"count":29,"href":"https:\/\/www.striped-giraffe.com\/en\/wp-json\/wp\/v2\/pages\/19752\/revisions"}],"predecessor-version":[{"id":37688,"href":"https:\/\/www.striped-giraffe.com\/en\/wp-json\/wp\/v2\/pages\/19752\/revisions\/37688"}],"wp:featuredmedia":[{"embeddable":true,"href":"https:\/\/www.striped-giraffe.com\/en\/wp-json\/wp\/v2\/media\/22444"}],"wp:attachment":[{"href":"https:\/\/www.striped-giraffe.com\/en\/wp-json\/wp\/v2\/media?parent=19752"}],"curies":[{"name":"wp","href":"https:\/\/api.w.org\/{rel}","templated":true}]}}