{"id":20616,"date":"2020-12-15T08:05:58","date_gmt":"2020-12-15T07:05:58","guid":{"rendered":"https:\/\/relaunch.striped-giraffe.com\/kontakt\/"},"modified":"2025-04-14T09:21:17","modified_gmt":"2025-04-14T07:21:17","slug":"contact","status":"publish","type":"page","link":"https:\/\/www.striped-giraffe.com\/en\/contact\/","title":{"rendered":"Contact"},"content":{"rendered":"<section class=\"wpb-content-wrapper\"><p>[vc_row][vc_column][vc_column_text]<\/p>\n<h1>Questions.<br \/>\nRequests.<br \/>\nIdeas.<\/h1>\n<p>&nbsp;<\/p>\n<p><strong>We are looking forward to your message. Please, let us know your request and we will be happy to contact you.<\/strong>[\/vc_column_text][\/vc_column][\/vc_row][vc_row css=&#8221;.vc_custom_1608018027484{margin-top: 100px !important;padding-bottom: 60px !important;background-color: #ffffff !important;}&#8221;][vc_column][vc_column_text el_id=&#8221;acform&#8221;]<div class='_form_140'><\/div><script type='text\/javascript' src='https:\/\/striped-giraffe.activehosted.com\/f\/embed.php?static=0&id=140&6A0538FD19B88&nostyles=0&preview=0'><\/script>[\/vc_column_text][\/vc_column][\/vc_row][vc_row css=&#8221;.vc_custom_1654695247301{padding-bottom: 60px !important;background-color: #ffffff !important;}&#8221;][vc_column]<a class=\"calendly\" href=\"\" onclick=\"Calendly.initPopupWidget({url: 'https:\/\/calendly.com\/striped-giraffe\/30min'});return false;\">\ud83d\udcde Schedule a Call<\/a>[vc_empty_space][vc_column_text]<\/p>\n<div class=\"statementat\" style=\"font-size: 12px!important; color: #a4a4a4;\">By clicking you accept Calendly&#8217;s <a href=\"https:\/\/calendly.com\/privacy\" target=\"_blank\" rel=\"noopener\">privacy policy<\/a><\/div>\n<p>[\/vc_column_text][\/vc_column][\/vc_row][vc_row full_width=&#8221;stretch_row&#8221; el_class=&#8221;closetotop&#8221; css=&#8221;.vc_custom_1744615274267{margin-top: 50px !important;margin-bottom: 0px !important;padding-top: 260px !important;padding-bottom: 160px !important;background-image: url(https:\/\/www.striped-giraffe.com\/wp-content\/uploads\/2020\/12\/contact_bckgnd_dark.jpg?id=319) !important;background-position: center !important;background-repeat: no-repeat !important;background-size: cover !important;}&#8221;][vc_column][vc_column_text]<\/p>\n<h1 class=\"headline_superbig\" style=\"text-align: center;\"><span style=\"color: #ffffff;\">CONTACT US.<\/span><\/h1>\n<h3 style=\"text-align: center;\"><span style=\"color: #ffffff;\">Striped Giraffe Innovation &amp; Strategy<\/span><br \/>\n<span style=\"color: #ffffff;\">Lenbachplatz 3 | 80333 Munich | Germany<\/span><\/h3>\n<h3 style=\"text-align: center;\"><strong><span style=\"color: #ef6c00;\"><a style=\"color: #ef6c00;\" href=\"mailto:info@striped-giraffe.com\">info@striped-giraffe.com<\/a><\/span><\/strong><br \/>\n<strong><span style=\"color: #ffffff;\">+49 (0)89-416 126-660<\/span><\/strong><\/h3>\n<p>[\/vc_column_text][vc_row_inner gap=&#8221;35&#8243; css=&#8221;.vc_custom_1609932111067{margin-top: 100px !important;}&#8221;][vc_column_inner width=&#8221;1\/3&#8243;][vc_column_text]<\/p>\n<p style=\"text-align: center;\"><strong><span style=\"color: #ffffff;\">Our Business Development Team<\/span><\/strong><br \/>\n<a href=\"mailto:sales@striped-giraffe.com\"><strong><span style=\"color: #ef6c00;\">sales@striped-giraffe.com<\/span><\/strong><\/a>[\/vc_column_text][\/vc_column_inner][vc_column_inner width=&#8221;1\/3&#8243;][vc_column_text]<\/p>\n<p style=\"text-align: center;\"><strong><span style=\"color: #ffffff;\">Our Marketing Team<\/span><\/strong><br \/>\n<a href=\"mailto:marketing@striped-giraffe.com\"><strong><span style=\"color: #ef6c00;\">marketing@striped-giraffe.com<\/span><\/strong><\/a>[\/vc_column_text][\/vc_column_inner][vc_column_inner width=&#8221;1\/3&#8243;][vc_column_text]<\/p>\n<p style=\"text-align: center;\"><strong><span style=\"color: #ffffff;\">Our HR Team<\/span><\/strong><br \/>\n<a href=\"mailto:career@striped-giraffe.com\"><strong><span style=\"color: #ef6c00;\">career@striped-giraffe.com<\/span><\/strong><\/a>[\/vc_column_text][\/vc_column_inner][\/vc_row_inner][\/vc_column][\/vc_row][vc_row full_width=&#8221;stretch_row&#8221; css=&#8221;.vc_custom_1705596305925{padding-top: 100px !important;padding-bottom: 100px !important;background-color: #000000 !important;}&#8221;][vc_column][vc_column_text]<\/p>\n<h1 style=\"text-align: center;\"><span style=\"color: #ffffff;\">Follow us.<\/span><\/h1>\n<p>[\/vc_column_text]<div class=\" uavc-icons-center uavc-icons \">\n<a class=\"aio-tooltip 6a0538fd19c18\" href=\"https:\/\/www.linkedin.com\/company\/striped-giraffe-innovation-&-strategy-gmbh\/?viewAsMember=true\" target=\"_blank\" rel=\"noopener\"  data-toggle=\"tooltip\" data-placement=\"\" title=\"\"><div class=\"aio-icon  \" data-animation=\"\" data-animation-delay=\"03\" style=\"color:#ffffff;font-size:30px;margin-right:5px;\">\n\t<i class=\"Defaults-linkedin\"><\/i>\n<\/div><\/a>\n<a class=\"aio-tooltip 6a0538fd19c48\" href=\"https:\/\/www.youtube.com\/@stripedgiraffe\" target=\"_blank\" rel=\"noopener\"  data-toggle=\"tooltip\" data-placement=\"\" title=\"\"><div class=\"aio-icon  \" data-animation=\"\" data-animation-delay=\"03\" style=\"color:#ffffff;font-size:30px;margin-right:5px;\">\n\t<i class=\"Defaults-youtube-play\"><\/i>\n<\/div><\/a>\n<a class=\"aio-tooltip 6a0538fd19c70\" href=\"https:\/\/www.facebook.com\/striped.giraffe.innovation.and.strategy\/\"  data-toggle=\"tooltip\" data-placement=\"\" title=\"\"><div class=\"aio-icon  \" data-animation=\"\" data-animation-delay=\"03\" style=\"color:#ffffff;font-size:32px;margin-right:5px;\">\n\t<i class=\"Defaults-facebook facebook-f\"><\/i>\n<\/div><\/a>\n<a class=\"aio-tooltip 6a0538fd19c96\" href=\"https:\/\/www.instagram.com\/Striped_Giraffe_Insights\/\"  data-toggle=\"tooltip\" data-placement=\"\" title=\"\"><div class=\"aio-icon  \" data-animation=\"\" data-animation-delay=\"03\" style=\"color:#ffffff;font-size:32px;margin-right:5px;\">\n\t<i class=\"Defaults-instagram\"><\/i>\n<\/div><\/a><\/div>[\/vc_column][\/vc_row]<\/p>\n<\/section>","protected":false},"excerpt":{"rendered":"<p>[vc_row][vc_column][vc_column_text] Questions. Requests. Ideas. &nbsp; We are looking forward to your message. Please, let us know your request and we [&hellip;]<\/p>\n","protected":false},"author":1,"featured_media":0,"parent":0,"menu_order":0,"comment_status":"closed","ping_status":"closed","template":"","meta":{"footnotes":""},"acf":[],"yoast_head":"<!-- This site is optimized with the Yoast SEO Premium plugin v20.5 (Yoast SEO v20.5) - https:\/\/yoast.com\/wordpress\/plugins\/seo\/ -->\n<title>Contact - Striped Giraffe<\/title>\n<meta name=\"robots\" content=\"index, follow, max-snippet:-1, max-image-preview:large, max-video-preview:-1\" \/>\n<link rel=\"canonical\" href=\"https:\/\/www.striped-giraffe.com\/en\/contact\/\" \/>\n<meta property=\"og:locale\" content=\"en_US\" \/>\n<meta property=\"og:type\" content=\"article\" \/>\n<meta property=\"og:title\" content=\"Contact\" \/>\n<meta property=\"og:description\" content=\"[vc_row][vc_column][vc_column_text] Questions. Requests. Ideas. &nbsp; We are looking forward to your message. Please, let us know your request and we [&hellip;]\" \/>\n<meta property=\"og:url\" content=\"https:\/\/www.striped-giraffe.com\/en\/contact\/\" \/>\n<meta property=\"og:site_name\" content=\"Striped Giraffe\" \/>\n<meta property=\"article:modified_time\" content=\"2025-04-14T07:21:17+00:00\" \/>\n<meta name=\"twitter:card\" content=\"summary_large_image\" \/>\n<meta name=\"twitter:label1\" content=\"Est. reading time\" \/>\n\t<meta name=\"twitter:data1\" content=\"1 minute\" \/>\n<script type=\"application\/ld+json\" class=\"yoast-schema-graph\">{\"@context\":\"https:\/\/schema.org\",\"@graph\":[{\"@type\":\"WebPage\",\"@id\":\"https:\/\/www.striped-giraffe.com\/en\/contact\/\",\"url\":\"https:\/\/www.striped-giraffe.com\/en\/contact\/\",\"name\":\"Contact - Striped Giraffe\",\"isPartOf\":{\"@id\":\"https:\/\/www.striped-giraffe.com\/de\/#website\"},\"datePublished\":\"2020-12-15T07:05:58+00:00\",\"dateModified\":\"2025-04-14T07:21:17+00:00\",\"inLanguage\":\"en-US\",\"potentialAction\":[{\"@type\":\"ReadAction\",\"target\":[\"https:\/\/www.striped-giraffe.com\/en\/contact\/\"]}]},{\"@type\":\"WebSite\",\"@id\":\"https:\/\/www.striped-giraffe.com\/de\/#website\",\"url\":\"https:\/\/www.striped-giraffe.com\/de\/\",\"name\":\"Striped Giraffe\",\"description\":\"Ihr zuverl\u00e4ssiger Anbieter f\u00fcr digitale Enterprise-L\u00f6sungen\",\"publisher\":{\"@id\":\"https:\/\/www.striped-giraffe.com\/de\/#organization\"},\"potentialAction\":[{\"@type\":\"SearchAction\",\"target\":{\"@type\":\"EntryPoint\",\"urlTemplate\":\"https:\/\/www.striped-giraffe.com\/de\/?s={search_term_string}\"},\"query-input\":\"required name=search_term_string\"}],\"inLanguage\":\"en-US\"},{\"@type\":\"Organization\",\"@id\":\"https:\/\/www.striped-giraffe.com\/de\/#organization\",\"name\":\"Striped Giraffe\",\"url\":\"https:\/\/www.striped-giraffe.com\/de\/\",\"logo\":{\"@type\":\"ImageObject\",\"inLanguage\":\"en-US\",\"@id\":\"https:\/\/www.striped-giraffe.com\/de\/#\/schema\/logo\/image\/\",\"url\":\"https:\/\/www.striped-giraffe.com\/wp-content\/uploads\/2021\/01\/giraffe_white.svg\",\"contentUrl\":\"https:\/\/www.striped-giraffe.com\/wp-content\/uploads\/2021\/01\/giraffe_white.svg\",\"caption\":\"Striped Giraffe\"},\"image\":{\"@id\":\"https:\/\/www.striped-giraffe.com\/de\/#\/schema\/logo\/image\/\"}}]}<\/script>\n<!-- \/ Yoast SEO Premium plugin. -->","yoast_head_json":{"title":"Contact - Striped Giraffe","robots":{"index":"index","follow":"follow","max-snippet":"max-snippet:-1","max-image-preview":"max-image-preview:large","max-video-preview":"max-video-preview:-1"},"canonical":"https:\/\/www.striped-giraffe.com\/en\/contact\/","og_locale":"en_US","og_type":"article","og_title":"Contact","og_description":"[vc_row][vc_column][vc_column_text] Questions. Requests. Ideas. &nbsp; We are looking forward to your message. Please, let us know your request and we [&hellip;]","og_url":"https:\/\/www.striped-giraffe.com\/en\/contact\/","og_site_name":"Striped Giraffe","article_modified_time":"2025-04-14T07:21:17+00:00","twitter_card":"summary_large_image","twitter_misc":{"Est. reading time":"1 minute"},"schema":{"@context":"https:\/\/schema.org","@graph":[{"@type":"WebPage","@id":"https:\/\/www.striped-giraffe.com\/en\/contact\/","url":"https:\/\/www.striped-giraffe.com\/en\/contact\/","name":"Contact - Striped Giraffe","isPartOf":{"@id":"https:\/\/www.striped-giraffe.com\/de\/#website"},"datePublished":"2020-12-15T07:05:58+00:00","dateModified":"2025-04-14T07:21:17+00:00","inLanguage":"en-US","potentialAction":[{"@type":"ReadAction","target":["https:\/\/www.striped-giraffe.com\/en\/contact\/"]}]},{"@type":"WebSite","@id":"https:\/\/www.striped-giraffe.com\/de\/#website","url":"https:\/\/www.striped-giraffe.com\/de\/","name":"Striped Giraffe","description":"Ihr zuverl\u00e4ssiger Anbieter f\u00fcr digitale Enterprise-L\u00f6sungen","publisher":{"@id":"https:\/\/www.striped-giraffe.com\/de\/#organization"},"potentialAction":[{"@type":"SearchAction","target":{"@type":"EntryPoint","urlTemplate":"https:\/\/www.striped-giraffe.com\/de\/?s={search_term_string}"},"query-input":"required name=search_term_string"}],"inLanguage":"en-US"},{"@type":"Organization","@id":"https:\/\/www.striped-giraffe.com\/de\/#organization","name":"Striped Giraffe","url":"https:\/\/www.striped-giraffe.com\/de\/","logo":{"@type":"ImageObject","inLanguage":"en-US","@id":"https:\/\/www.striped-giraffe.com\/de\/#\/schema\/logo\/image\/","url":"https:\/\/www.striped-giraffe.com\/wp-content\/uploads\/2021\/01\/giraffe_white.svg","contentUrl":"https:\/\/www.striped-giraffe.com\/wp-content\/uploads\/2021\/01\/giraffe_white.svg","caption":"Striped Giraffe"},"image":{"@id":"https:\/\/www.striped-giraffe.com\/de\/#\/schema\/logo\/image\/"}}]}},"_links":{"self":[{"href":"https:\/\/www.striped-giraffe.com\/en\/wp-json\/wp\/v2\/pages\/20616"}],"collection":[{"href":"https:\/\/www.striped-giraffe.com\/en\/wp-json\/wp\/v2\/pages"}],"about":[{"href":"https:\/\/www.striped-giraffe.com\/en\/wp-json\/wp\/v2\/types\/page"}],"author":[{"embeddable":true,"href":"https:\/\/www.striped-giraffe.com\/en\/wp-json\/wp\/v2\/users\/1"}],"replies":[{"embeddable":true,"href":"https:\/\/www.striped-giraffe.com\/en\/wp-json\/wp\/v2\/comments?post=20616"}],"version-history":[{"count":24,"href":"https:\/\/www.striped-giraffe.com\/en\/wp-json\/wp\/v2\/pages\/20616\/revisions"}],"predecessor-version":[{"id":39695,"href":"https:\/\/www.striped-giraffe.com\/en\/wp-json\/wp\/v2\/pages\/20616\/revisions\/39695"}],"wp:attachment":[{"href":"https:\/\/www.striped-giraffe.com\/en\/wp-json\/wp\/v2\/media?parent=20616"}],"curies":[{"name":"wp","href":"https:\/\/api.w.org\/{rel}","templated":true}]}}