{"id":23389,"date":"2021-01-12T09:00:41","date_gmt":"2021-01-12T08:00:41","guid":{"rendered":"https:\/\/www.striped-giraffe.com\/about-us\/stellenanzeigen\/"},"modified":"2026-02-26T15:43:59","modified_gmt":"2026-02-26T14:43:59","slug":"jobs","status":"publish","type":"page","link":"https:\/\/www.striped-giraffe.com\/en\/about-us\/career\/jobs\/","title":{"rendered":"Jobs"},"content":{"rendered":"<section class=\"wpb-content-wrapper\"><p>[vc_row full_width=&#8221;stretch_row&#8221; full_height=&#8221;yes&#8221; parallax=&#8221;content-moving&#8221; parallax_image=&#8221;495&#8243; css=&#8221;.vc_custom_1609860498031{background-position: center;background-repeat: no-repeat !important;background-size: cover !important;}&#8221;][vc_column css=&#8221;.vc_custom_1609860591051{padding-left: 50px !important;}&#8221;][vc_column_text]<\/p>\n<h1 class=\"headline_superbig\" style=\"text-align: left;\"><span style=\"color: #ef6c00;\"><span style=\"color: #ffffff;\">Your Aspiration.<\/span><\/span><\/h1>\n<h1 class=\"headline_superbig\" style=\"text-align: left;\"><span style=\"color: #ef6c00;\">Your Job.<\/span><\/h1>\n<p>[\/vc_column_text][\/vc_column][\/vc_row][vc_row el_class=&#8221;closetotop&#8221; css=&#8221;.vc_custom_1610459685282{margin-bottom: 100px !important;padding-top: 50px !important;background-color: #ffffff !important;}&#8221;][vc_column][vc_column_text]<\/p>\n<h2 class=\"headline_introduction\" style=\"text-align: center;\">In the following, you will find our job offers.<\/h2>\n<h2 class=\"headline_introduction\" style=\"text-align: center;\">If you are interested, we look forward to receiving your application.<\/h2>\n<p>[\/vc_column_text][vc_separator color=&#8221;black&#8221; border_width=&#8221;5&#8243; el_width=&#8221;10&#8243; css=&#8221;.vc_custom_1609932438645{margin-top: 50px !important;}&#8221;][\/vc_column][\/vc_row][vc_row gap=&#8221;35&#8243; css=&#8221;.vc_custom_1610459713453{margin-top: 50px !important;margin-bottom: 100px !important;}&#8221;][vc_column width=&#8221;1\/3&#8243;][vc_column_text]<\/p>\n<h2>For our<br \/>\nMunich office<br \/>\nwe are looking for<\/h2>\n<p>[\/vc_column_text][\/vc_column][vc_column width=&#8221;2\/3&#8243; css=&#8221;.vc_custom_1609846990086{padding-left: 25px !important;}&#8221;][vc_column_text]<\/p>\n<h3><strong><span style=\"color: #ef6c00;\">Didn&#8217;t find the right role?<\/span><\/strong><\/h3>\n<p><strong><span style=\"color: #ef6c00;\">We are always on the lookout for great talent. Feel free to send us a speculative application \u2013 especially if your expertise lies in one of the following areas:<\/span><\/strong><\/p>\n<ul>\n<li><a href=\"https:\/\/www.striped-giraffe.com\/en\/about-us\/career\/business-analyst\/\">Business Analyst (m\/f\/d)<\/a><\/li>\n<li><a href=\"https:\/\/www.striped-giraffe.com\/en\/about-us\/career\/java-developer\/\">Java Developer (m\/f\/d)<\/a><\/li>\n<\/ul>\n<p>[\/vc_column_text][\/vc_column][\/vc_row][vc_row gap=&#8221;35&#8243; css=&#8221;.vc_custom_1610459713453{margin-top: 50px !important;margin-bottom: 100px !important;}&#8221;][vc_column width=&#8221;1\/3&#8243;][vc_column_text]<\/p>\n<h2>For our<br \/>\nKatowice office<br \/>\nwe are looking for<\/h2>\n<p>[\/vc_column_text][\/vc_column][vc_column width=&#8221;2\/3&#8243; css=&#8221;.vc_custom_1609846990086{padding-left: 25px !important;}&#8221;][vc_column_text]<\/p>\n<ul>\n<li><a href=\"https:\/\/www.striped-giraffe.com\/en\/about-us\/career\/bussines-analyst-katowice-2022-01\/\">Business Analyst (m\/f\/d)<\/a><\/li>\n<li><a href=\"https:\/\/www.striped-giraffe.com\/en\/about-us\/career\/java-hybris-developer-katowice-2021-09\/\">Java Developer (m\/f\/d)<\/a>\n<ul><!--\n \t\n\n<li><a href=\"https:\/\/www.striped-giraffe.com\/en\/about-us\/career\/architect-katowice-2022-01\/\">Architect (m\/f\/d)<\/a><\/li>\n\n\n--><\/ul>\n<\/li>\n<\/ul>\n<p>[\/vc_column_text][\/vc_column][\/vc_row][vc_row el_class=&#8221;closetotop&#8221; css=&#8221;.vc_custom_1614006814390{margin-top: 50px !important;margin-bottom: 100px !important;padding-top: 50px !important;background-color: #ffffff !important;}&#8221;][vc_column width=&#8221;1\/4&#8243;][\/vc_column][vc_column width=&#8221;1\/2&#8243;][vc_column_text]<\/p>\n<h3 style=\"text-align: center;\">Do you have any questions or would you like to apply directly?<\/h3>\n<p style=\"text-align: center;\">Then please contact us or send us your detailed application documents with information about the possible starting date and your salary expectations:<\/p>\n<p style=\"text-align: center;\"><strong>Juliane Bauch<\/strong><\/p>\n<p style=\"text-align: center;\"><a href=\"mailto:career@striped-giraffe.com\"><strong>career@striped-giraffe.com<\/strong><\/a><\/p>\n<p>&nbsp;<\/p>\n<p style=\"text-align: center;\">If you are interested in applying for a position in our Katowice office, please contact:<\/p>\n<p style=\"text-align: center;\"><strong>Katarzyna Bloch<\/strong><\/p>\n<p style=\"text-align: center;\"><a href=\"mailto:career.katowice@striped-giraffe.com\"><strong>career.katowice@striped-giraffe.com<\/strong><\/a><\/p>\n<p>[\/vc_column_text][\/vc_column][vc_column width=&#8221;1\/4&#8243;][\/vc_column][\/vc_row]<\/p>\n<\/section>","protected":false},"excerpt":{"rendered":"<p>[vc_row full_width=&#8221;stretch_row&#8221; full_height=&#8221;yes&#8221; parallax=&#8221;content-moving&#8221; parallax_image=&#8221;495&#8243; css=&#8221;.vc_custom_1609860498031{background-position: center;background-repeat: no-repeat !important;background-size: cover !important;}&#8221;][vc_column css=&#8221;.vc_custom_1609860591051{padding-left: 50px !important;}&#8221;][vc_column_text] Your Aspiration. Your Job. [\/vc_column_text][\/vc_column][\/vc_row][vc_row el_class=&#8221;closetotop&#8221; [&hellip;]<\/p>\n","protected":false},"author":1,"featured_media":0,"parent":19308,"menu_order":0,"comment_status":"closed","ping_status":"closed","template":"","meta":{"footnotes":""},"acf":[],"yoast_head":"<!-- This site is optimized with the Yoast SEO Premium plugin v20.5 (Yoast SEO v20.5) - https:\/\/yoast.com\/wordpress\/plugins\/seo\/ -->\n<title>Jobs - Striped Giraffe<\/title>\n<meta name=\"robots\" content=\"index, follow, max-snippet:-1, max-image-preview:large, max-video-preview:-1\" \/>\n<link rel=\"canonical\" href=\"https:\/\/www.striped-giraffe.com\/en\/about-us\/career\/jobs\/\" \/>\n<meta property=\"og:locale\" content=\"en_US\" \/>\n<meta property=\"og:type\" content=\"article\" \/>\n<meta property=\"og:title\" content=\"Jobs\" \/>\n<meta property=\"og:description\" content=\"[vc_row full_width=&#8221;stretch_row&#8221; full_height=&#8221;yes&#8221; parallax=&#8221;content-moving&#8221; parallax_image=&#8221;495&#8243; css=&#8221;.vc_custom_1609860498031{background-position: center;background-repeat: no-repeat !important;background-size: cover !important;}&#8221;][vc_column css=&#8221;.vc_custom_1609860591051{padding-left: 50px !important;}&#8221;][vc_column_text] Your Aspiration. Your Job. [\/vc_column_text][\/vc_column][\/vc_row][vc_row el_class=&#8221;closetotop&#8221; [&hellip;]\" \/>\n<meta property=\"og:url\" content=\"https:\/\/www.striped-giraffe.com\/en\/about-us\/career\/jobs\/\" \/>\n<meta property=\"og:site_name\" content=\"Striped Giraffe\" \/>\n<meta property=\"article:modified_time\" content=\"2026-02-26T14:43:59+00:00\" \/>\n<meta name=\"twitter:card\" content=\"summary_large_image\" \/>\n<meta name=\"twitter:label1\" content=\"Est. reading time\" \/>\n\t<meta name=\"twitter:data1\" content=\"2 minutes\" \/>\n<script type=\"application\/ld+json\" class=\"yoast-schema-graph\">{\"@context\":\"https:\/\/schema.org\",\"@graph\":[{\"@type\":\"WebPage\",\"@id\":\"https:\/\/www.striped-giraffe.com\/en\/about-us\/career\/jobs\/\",\"url\":\"https:\/\/www.striped-giraffe.com\/en\/about-us\/career\/jobs\/\",\"name\":\"Jobs - Striped Giraffe\",\"isPartOf\":{\"@id\":\"https:\/\/www.striped-giraffe.com\/de\/#website\"},\"datePublished\":\"2021-01-12T08:00:41+00:00\",\"dateModified\":\"2026-02-26T14:43:59+00:00\",\"breadcrumb\":{\"@id\":\"https:\/\/www.striped-giraffe.com\/en\/about-us\/career\/jobs\/#breadcrumb\"},\"inLanguage\":\"en-US\",\"potentialAction\":[{\"@type\":\"ReadAction\",\"target\":[\"https:\/\/www.striped-giraffe.com\/en\/about-us\/career\/jobs\/\"]}]},{\"@type\":\"BreadcrumbList\",\"@id\":\"https:\/\/www.striped-giraffe.com\/en\/about-us\/career\/jobs\/#breadcrumb\",\"itemListElement\":[{\"@type\":\"ListItem\",\"position\":1,\"name\":\"About us\",\"item\":\"https:\/\/www.striped-giraffe.com\/en\/about-us\/\"},{\"@type\":\"ListItem\",\"position\":2,\"name\":\"Career\",\"item\":\"https:\/\/www.striped-giraffe.com\/en\/about-us\/career\/\"},{\"@type\":\"ListItem\",\"position\":3,\"name\":\"Jobs\"}]},{\"@type\":\"WebSite\",\"@id\":\"https:\/\/www.striped-giraffe.com\/de\/#website\",\"url\":\"https:\/\/www.striped-giraffe.com\/de\/\",\"name\":\"Striped Giraffe\",\"description\":\"Ihr zuverl\u00e4ssiger Anbieter f\u00fcr digitale Enterprise-L\u00f6sungen\",\"publisher\":{\"@id\":\"https:\/\/www.striped-giraffe.com\/de\/#organization\"},\"potentialAction\":[{\"@type\":\"SearchAction\",\"target\":{\"@type\":\"EntryPoint\",\"urlTemplate\":\"https:\/\/www.striped-giraffe.com\/de\/?s={search_term_string}\"},\"query-input\":\"required name=search_term_string\"}],\"inLanguage\":\"en-US\"},{\"@type\":\"Organization\",\"@id\":\"https:\/\/www.striped-giraffe.com\/de\/#organization\",\"name\":\"Striped Giraffe\",\"url\":\"https:\/\/www.striped-giraffe.com\/de\/\",\"logo\":{\"@type\":\"ImageObject\",\"inLanguage\":\"en-US\",\"@id\":\"https:\/\/www.striped-giraffe.com\/de\/#\/schema\/logo\/image\/\",\"url\":\"https:\/\/www.striped-giraffe.com\/wp-content\/uploads\/2021\/01\/giraffe_white.svg\",\"contentUrl\":\"https:\/\/www.striped-giraffe.com\/wp-content\/uploads\/2021\/01\/giraffe_white.svg\",\"caption\":\"Striped Giraffe\"},\"image\":{\"@id\":\"https:\/\/www.striped-giraffe.com\/de\/#\/schema\/logo\/image\/\"}}]}<\/script>\n<!-- \/ Yoast SEO Premium plugin. -->","yoast_head_json":{"title":"Jobs - Striped Giraffe","robots":{"index":"index","follow":"follow","max-snippet":"max-snippet:-1","max-image-preview":"max-image-preview:large","max-video-preview":"max-video-preview:-1"},"canonical":"https:\/\/www.striped-giraffe.com\/en\/about-us\/career\/jobs\/","og_locale":"en_US","og_type":"article","og_title":"Jobs","og_description":"[vc_row full_width=&#8221;stretch_row&#8221; full_height=&#8221;yes&#8221; parallax=&#8221;content-moving&#8221; parallax_image=&#8221;495&#8243; css=&#8221;.vc_custom_1609860498031{background-position: center;background-repeat: no-repeat !important;background-size: cover !important;}&#8221;][vc_column css=&#8221;.vc_custom_1609860591051{padding-left: 50px !important;}&#8221;][vc_column_text] Your Aspiration. Your Job. [\/vc_column_text][\/vc_column][\/vc_row][vc_row el_class=&#8221;closetotop&#8221; [&hellip;]","og_url":"https:\/\/www.striped-giraffe.com\/en\/about-us\/career\/jobs\/","og_site_name":"Striped Giraffe","article_modified_time":"2026-02-26T14:43:59+00:00","twitter_card":"summary_large_image","twitter_misc":{"Est. reading time":"2 minutes"},"schema":{"@context":"https:\/\/schema.org","@graph":[{"@type":"WebPage","@id":"https:\/\/www.striped-giraffe.com\/en\/about-us\/career\/jobs\/","url":"https:\/\/www.striped-giraffe.com\/en\/about-us\/career\/jobs\/","name":"Jobs - Striped Giraffe","isPartOf":{"@id":"https:\/\/www.striped-giraffe.com\/de\/#website"},"datePublished":"2021-01-12T08:00:41+00:00","dateModified":"2026-02-26T14:43:59+00:00","breadcrumb":{"@id":"https:\/\/www.striped-giraffe.com\/en\/about-us\/career\/jobs\/#breadcrumb"},"inLanguage":"en-US","potentialAction":[{"@type":"ReadAction","target":["https:\/\/www.striped-giraffe.com\/en\/about-us\/career\/jobs\/"]}]},{"@type":"BreadcrumbList","@id":"https:\/\/www.striped-giraffe.com\/en\/about-us\/career\/jobs\/#breadcrumb","itemListElement":[{"@type":"ListItem","position":1,"name":"About us","item":"https:\/\/www.striped-giraffe.com\/en\/about-us\/"},{"@type":"ListItem","position":2,"name":"Career","item":"https:\/\/www.striped-giraffe.com\/en\/about-us\/career\/"},{"@type":"ListItem","position":3,"name":"Jobs"}]},{"@type":"WebSite","@id":"https:\/\/www.striped-giraffe.com\/de\/#website","url":"https:\/\/www.striped-giraffe.com\/de\/","name":"Striped Giraffe","description":"Ihr zuverl\u00e4ssiger Anbieter f\u00fcr digitale Enterprise-L\u00f6sungen","publisher":{"@id":"https:\/\/www.striped-giraffe.com\/de\/#organization"},"potentialAction":[{"@type":"SearchAction","target":{"@type":"EntryPoint","urlTemplate":"https:\/\/www.striped-giraffe.com\/de\/?s={search_term_string}"},"query-input":"required name=search_term_string"}],"inLanguage":"en-US"},{"@type":"Organization","@id":"https:\/\/www.striped-giraffe.com\/de\/#organization","name":"Striped Giraffe","url":"https:\/\/www.striped-giraffe.com\/de\/","logo":{"@type":"ImageObject","inLanguage":"en-US","@id":"https:\/\/www.striped-giraffe.com\/de\/#\/schema\/logo\/image\/","url":"https:\/\/www.striped-giraffe.com\/wp-content\/uploads\/2021\/01\/giraffe_white.svg","contentUrl":"https:\/\/www.striped-giraffe.com\/wp-content\/uploads\/2021\/01\/giraffe_white.svg","caption":"Striped Giraffe"},"image":{"@id":"https:\/\/www.striped-giraffe.com\/de\/#\/schema\/logo\/image\/"}}]}},"_links":{"self":[{"href":"https:\/\/www.striped-giraffe.com\/en\/wp-json\/wp\/v2\/pages\/23389"}],"collection":[{"href":"https:\/\/www.striped-giraffe.com\/en\/wp-json\/wp\/v2\/pages"}],"about":[{"href":"https:\/\/www.striped-giraffe.com\/en\/wp-json\/wp\/v2\/types\/page"}],"author":[{"embeddable":true,"href":"https:\/\/www.striped-giraffe.com\/en\/wp-json\/wp\/v2\/users\/1"}],"replies":[{"embeddable":true,"href":"https:\/\/www.striped-giraffe.com\/en\/wp-json\/wp\/v2\/comments?post=23389"}],"version-history":[{"count":39,"href":"https:\/\/www.striped-giraffe.com\/en\/wp-json\/wp\/v2\/pages\/23389\/revisions"}],"predecessor-version":[{"id":42779,"href":"https:\/\/www.striped-giraffe.com\/en\/wp-json\/wp\/v2\/pages\/23389\/revisions\/42779"}],"up":[{"embeddable":true,"href":"https:\/\/www.striped-giraffe.com\/en\/wp-json\/wp\/v2\/pages\/19308"}],"wp:attachment":[{"href":"https:\/\/www.striped-giraffe.com\/en\/wp-json\/wp\/v2\/media?parent=23389"}],"curies":[{"name":"wp","href":"https:\/\/api.w.org\/{rel}","templated":true}]}}