{"id":27421,"date":"2021-08-30T11:34:33","date_gmt":"2021-08-30T09:34:33","guid":{"rendered":"https:\/\/www.striped-giraffe.com\/about-us\/career\/inside-sales-copy\/"},"modified":"2022-01-19T10:23:52","modified_gmt":"2022-01-19T09:23:52","slug":"devops-engineer-katowice-2021-09","status":"publish","type":"page","link":"https:\/\/www.striped-giraffe.com\/en\/about-us\/career\/devops-engineer-katowice-2021-09\/","title":{"rendered":"Jobs: DevOps Engineer (Katowice)"},"content":{"rendered":"<section class=\"wpb-content-wrapper\"><p>[vc_row full_width=&#8221;stretch_row&#8221; full_height=&#8221;yes&#8221; parallax=&#8221;content-moving&#8221; parallax_image=&#8221;495&#8243; css=&#8221;.vc_custom_1609860498031{background-position: center;background-repeat: no-repeat !important;background-size: cover !important;}&#8221;][vc_column css=&#8221;.vc_custom_1609860591051{padding-left: 50px !important;}&#8221;][vc_column_text]<\/p>\n<h1 class=\"headline_superbig\" style=\"text-align: left;\"><span style=\"color: #ef6c00;\"><span style=\"color: #ffffff;\">Join us.<\/span><\/span><\/h1>\n<p>[\/vc_column_text][\/vc_column][\/vc_row][vc_row el_class=&#8221;closetotop&#8221; css=&#8221;.vc_custom_1609844996078{padding-top: 50px !important;background-color: #ffffff !important;}&#8221;][vc_column][vc_column_text]<\/p>\n<h2 class=\"headline_introduction\" style=\"text-align: center; margin-bottom: 1.5rem;\">Become a Striped Giraffe Team Member!<\/h2>\n<h2 class=\"headline_introduction\" style=\"text-align: center;\">We are looking for an ambitious<span style=\"color: #ef6c00;\"> <strong>DevOps Engineer<\/strong><\/span> (m\/f\/d) for our office in Katowice (Poland).<\/h2>\n<p>[\/vc_column_text][vc_separator color=&#8221;black&#8221; border_width=&#8221;5&#8243; el_width=&#8221;10&#8243; css=&#8221;.vc_custom_1609932438645{margin-top: 50px !important;}&#8221;][\/vc_column][\/vc_row][vc_row css=&#8221;.vc_custom_1610022897543{margin-bottom: 100px !important;background-color: #ffffff !important;}&#8221;][vc_column][vc_column_text]We value employees who enjoy mastering challenges. No one can move the world alone, but always as part of a team. We give every employee the chance to prove and develop his or her individual skills.[\/vc_column_text][\/vc_column][\/vc_row][vc_row css=&#8221;.vc_custom_1630437953793{margin-top: 50px !important;margin-bottom: 50px !important;background-color: #ffffff !important;}&#8221;][vc_column][vc_column_text]<\/p>\n<h1 style=\"text-align: center; margin-bottom: 10px; font-size: 3.5rem;\"><span style=\"color: #ef6c00;\"><strong>DevOps Engineer<\/strong><\/span> <span style=\"font-size: 2rem;\">(m\/f\/d)<\/span><\/h1>\n<h2 style=\"text-align: center; margin-top: 0px; font-size: 1.5rem;\">Location: Katowice, Poland<\/h2>\n<p>[\/vc_column_text][\/vc_column][\/vc_row][vc_row css=&#8221;.vc_custom_1630438067984{margin-bottom: 100px !important;background-color: #ffffff !important;}&#8221;][vc_column][vc_column_text]We are looking for candidates characterized by independence, self-organization and ability to work in an international team, ready for long-term cooperation, open to new technologies, with great curiosity about the world and a good dose of humor.[\/vc_column_text][\/vc_column][\/vc_row][vc_row gap=&#8221;35&#8243; css=&#8221;.vc_custom_1609933465159{margin-top: 50px !important;}&#8221;][vc_column width=&#8221;1\/3&#8243;][vc_column_text]<\/p>\n<h2>Your tasks<\/h2>\n<p>[\/vc_column_text][\/vc_column][vc_column width=&#8221;2\/3&#8243; css=&#8221;.vc_custom_1609846990086{padding-left: 25px !important;}&#8221;][vc_column_text]<\/p>\n<ul>\n<li>As a member of our internal IT team, you will be responsible for setting up, maintaining and configuring:\n<ul style=\"list-style-type: none;\" type=\"none\">\n<li style=\"list-style-type: none;\" type=\"none\">Jira and Confluence<\/li>\n<li style=\"list-style-type: none;\" type=\"none\">Unifi Network<\/li>\n<li style=\"list-style-type: none;\" type=\"none\">pfSense<\/li>\n<li style=\"list-style-type: none;\" type=\"none\">Docker containers<\/li>\n<li style=\"list-style-type: none;\" type=\"none\">Apache2\/NginX<\/li>\n<li style=\"list-style-type: none;\" type=\"none\">Active Directory, LDAP, permissions<\/li>\n<li style=\"list-style-type: none;\" type=\"none\">GitLab<\/li>\n<li style=\"list-style-type: none;\" type=\"none\">Debian\/CentOS\/Windows Servers<\/li>\n<li style=\"list-style-type: none;\" type=\"none\">Exchange<\/li>\n<li style=\"list-style-type: none;\" type=\"none\">Icinga 2<\/li>\n<li style=\"list-style-type: none;\" type=\"none\">Proxmox<\/li>\n<li style=\"list-style-type: none;\" type=\"none\">VLAN<\/li>\n<li style=\"list-style-type: none;\" type=\"none\">Employee hardware (laptops)<\/li>\n<\/ul>\n<\/li>\n<\/ul>\n<p>[\/vc_column_text][\/vc_column][\/vc_row][vc_row gap=&#8221;35&#8243; css=&#8221;.vc_custom_1630331545232{margin-top: 50px !important;}&#8221;][vc_column width=&#8221;1\/3&#8243;][vc_column_text]<\/p>\n<h2>Your profile<\/h2>\n<p>[\/vc_column_text][\/vc_column][vc_column width=&#8221;2\/3&#8243; css=&#8221;.vc_custom_1609846990086{padding-left: 25px !important;}&#8221;][vc_column_text css_animation=&#8221;none&#8221;]<\/p>\n<ul>\n<li>Environment \u2014 Office, Windows Server\/Clients, Linux Debian\/CentOS, Jira, Confluence, Nextcloud<\/li>\n<li>Coding \u2014 code development and review: Bash, Python, Groovy, PowerShell<\/li>\n<li>Building, testing, packaging \u2014 code repository and pipelines: GIT, Jenkins, Kubernetes, Azure<\/li>\n<li>Releasing \u2014 change management, release approvals, release automation: Cloud Technologies (AWS, Azure), container technologies (Kubernetes, Docker, Openshift, Azure, Helm)<\/li>\n<li>Configuring \u2014 infrastructure configuration and management, infrastructure as code tools:\n<ul style=\"list-style-type: none;\" type=\"none\">\n<li style=\"list-style-type: none;\" type=\"none\">Operating Systems \u2014 Linux\/Windows<\/li>\n<li style=\"list-style-type: none;\" type=\"none\">Virtualization \u2014 Virtualbox, Proxmox, VMWare<\/li>\n<li style=\"list-style-type: none;\" type=\"none\">Hardware \u2014 ability to resolve hardware related problems<\/li>\n<li style=\"list-style-type: none;\" type=\"none\">Software \u2014 setup, configuration and maintenance of workstations, servers, network appliances<\/li>\n<li style=\"list-style-type: none;\" type=\"none\">Networking \u2014 IPTables, VLAN, VPN Layer 2 and 3, DNS, CARP<\/li>\n<li style=\"list-style-type: none;\" type=\"none\">Databases \u2014 MySQL, MariaDB, Galera replication, MSSQL, Postgres<\/li>\n<li style=\"list-style-type: none;\" type=\"none\">Monitoring \u2014 applications performance monitoring, end-user experience: Icinga 2, Zabbix<\/li>\n<\/ul>\n<\/li>\n<li>Fluent English<\/li>\n<\/ul>\n<p>[\/vc_column_text][\/vc_column][\/vc_row][vc_row gap=&#8221;35&#8243; css=&#8221;.vc_custom_1614006787340{margin-top: 50px !important;margin-bottom: 100px !important;}&#8221;][vc_column width=&#8221;1\/3&#8243;][vc_column_text]<\/p>\n<h2>What we offer<\/h2>\n<p>[\/vc_column_text][\/vc_column][vc_column width=&#8221;2\/3&#8243; css=&#8221;.vc_custom_1609846990086{padding-left: 25px !important;}&#8221;][vc_column_text]<\/p>\n<ul>\n<li>A diversified and challenging task in an innovative environment<\/li>\n<li>High-quality office in the heart of Katowice, Poland<\/li>\n<li>Participation in innovative projects<\/li>\n<li>International, friendly and uncomplicated team<\/li>\n<li>Attractive salary<\/li>\n<li>Flexible working hours<\/li>\n<li>Insights into the latest technologies<\/li>\n<li>Top customers<\/li>\n<li>Opportunities for further development<\/li>\n<li>Social events<\/li>\n<\/ul>\n<p>[\/vc_column_text][\/vc_column][\/vc_row][vc_row el_class=&#8221;closetotop&#8221; css=&#8221;.vc_custom_1614006814390{margin-top: 50px !important;margin-bottom: 100px !important;padding-top: 50px !important;background-color: #ffffff !important;}&#8221;][vc_column width=&#8221;1\/4&#8243;][\/vc_column][vc_column width=&#8221;1\/2&#8243;][vc_column_text]<\/p>\n<h3 style=\"text-align: center;\">Do you have any questions or would you like to apply directly?<\/h3>\n<p style=\"text-align: center;\">Then please contact us or send us your detailed application documents with information about the possible starting date and your salary expectations:<\/p>\n<p style=\"text-align: center;\"><strong>Katarzyna Bloch<\/strong><\/p>\n<h2 style=\"text-align: center;\"><span style=\"color: #ef6c00;\"><a style=\"color: #ef6c00;\" href=\"mailto:career.katowice@striped-giraffe.com\">career.katowice@striped-giraffe.com<\/a><\/span><\/h2>\n<p>[\/vc_column_text][\/vc_column][vc_column width=&#8221;1\/4&#8243;][\/vc_column][\/vc_row]<\/p>\n<\/section>","protected":false},"excerpt":{"rendered":"<p>[vc_row full_width=&#8221;stretch_row&#8221; full_height=&#8221;yes&#8221; parallax=&#8221;content-moving&#8221; parallax_image=&#8221;495&#8243; css=&#8221;.vc_custom_1609860498031{background-position: center;background-repeat: no-repeat !important;background-size: cover !important;}&#8221;][vc_column css=&#8221;.vc_custom_1609860591051{padding-left: 50px !important;}&#8221;][vc_column_text] Join us. [\/vc_column_text][\/vc_column][\/vc_row][vc_row el_class=&#8221;closetotop&#8221; css=&#8221;.vc_custom_1609844996078{padding-top: 50px [&hellip;]<\/p>\n","protected":false},"author":1,"featured_media":0,"parent":19308,"menu_order":0,"comment_status":"closed","ping_status":"closed","template":"","meta":{"footnotes":""},"acf":[],"yoast_head":"<!-- This site is optimized with the Yoast SEO Premium plugin v20.5 (Yoast SEO v20.5) - https:\/\/yoast.com\/wordpress\/plugins\/seo\/ -->\n<title>Jobs: DevOps Engineer (Katowice) - Striped Giraffe<\/title>\n<meta name=\"description\" content=\"Become a Striped Giraffe Team Member. We are looking for an ambitious DevOps Engineer (m\/f\/d) for our office in Katowice (Poland).\" \/>\n<meta name=\"robots\" content=\"index, follow, max-snippet:-1, max-image-preview:large, max-video-preview:-1\" \/>\n<link rel=\"canonical\" href=\"https:\/\/www.striped-giraffe.com\/en\/about-us\/career\/devops-engineer-katowice-2021-09\/\" \/>\n<meta property=\"og:locale\" content=\"en_US\" \/>\n<meta property=\"og:type\" content=\"article\" \/>\n<meta property=\"og:title\" content=\"Jobs: DevOps Engineer (Katowice)\" \/>\n<meta property=\"og:description\" content=\"Become a Striped Giraffe Team Member. We are looking for an ambitious DevOps Engineer (m\/f\/d) for our office in Katowice (Poland).\" \/>\n<meta property=\"og:url\" content=\"https:\/\/www.striped-giraffe.com\/en\/about-us\/career\/devops-engineer-katowice-2021-09\/\" \/>\n<meta property=\"og:site_name\" content=\"Striped Giraffe\" \/>\n<meta property=\"article:modified_time\" content=\"2022-01-19T09:23:52+00:00\" \/>\n<meta name=\"twitter:card\" content=\"summary_large_image\" \/>\n<meta name=\"twitter:label1\" content=\"Est. reading time\" \/>\n\t<meta name=\"twitter:data1\" content=\"2 minutes\" \/>\n<script type=\"application\/ld+json\" class=\"yoast-schema-graph\">{\"@context\":\"https:\/\/schema.org\",\"@graph\":[{\"@type\":\"WebPage\",\"@id\":\"https:\/\/www.striped-giraffe.com\/en\/about-us\/career\/devops-engineer-katowice-2021-09\/\",\"url\":\"https:\/\/www.striped-giraffe.com\/en\/about-us\/career\/devops-engineer-katowice-2021-09\/\",\"name\":\"Jobs: DevOps Engineer (Katowice) - Striped Giraffe\",\"isPartOf\":{\"@id\":\"https:\/\/www.striped-giraffe.com\/de\/#website\"},\"datePublished\":\"2021-08-30T09:34:33+00:00\",\"dateModified\":\"2022-01-19T09:23:52+00:00\",\"description\":\"Become a Striped Giraffe Team Member. We are looking for an ambitious DevOps Engineer (m\/f\/d) for our office in Katowice (Poland).\",\"breadcrumb\":{\"@id\":\"https:\/\/www.striped-giraffe.com\/en\/about-us\/career\/devops-engineer-katowice-2021-09\/#breadcrumb\"},\"inLanguage\":\"en-US\",\"potentialAction\":[{\"@type\":\"ReadAction\",\"target\":[\"https:\/\/www.striped-giraffe.com\/en\/about-us\/career\/devops-engineer-katowice-2021-09\/\"]}]},{\"@type\":\"BreadcrumbList\",\"@id\":\"https:\/\/www.striped-giraffe.com\/en\/about-us\/career\/devops-engineer-katowice-2021-09\/#breadcrumb\",\"itemListElement\":[{\"@type\":\"ListItem\",\"position\":1,\"name\":\"About us\",\"item\":\"https:\/\/www.striped-giraffe.com\/en\/about-us\/\"},{\"@type\":\"ListItem\",\"position\":2,\"name\":\"Career\",\"item\":\"https:\/\/www.striped-giraffe.com\/en\/about-us\/career\/\"},{\"@type\":\"ListItem\",\"position\":3,\"name\":\"Jobs: DevOps Engineer (Katowice)\"}]},{\"@type\":\"WebSite\",\"@id\":\"https:\/\/www.striped-giraffe.com\/de\/#website\",\"url\":\"https:\/\/www.striped-giraffe.com\/de\/\",\"name\":\"Striped Giraffe\",\"description\":\"Ihr zuverl\u00e4ssiger Anbieter f\u00fcr digitale Enterprise-L\u00f6sungen\",\"publisher\":{\"@id\":\"https:\/\/www.striped-giraffe.com\/de\/#organization\"},\"potentialAction\":[{\"@type\":\"SearchAction\",\"target\":{\"@type\":\"EntryPoint\",\"urlTemplate\":\"https:\/\/www.striped-giraffe.com\/de\/?s={search_term_string}\"},\"query-input\":\"required name=search_term_string\"}],\"inLanguage\":\"en-US\"},{\"@type\":\"Organization\",\"@id\":\"https:\/\/www.striped-giraffe.com\/de\/#organization\",\"name\":\"Striped Giraffe\",\"url\":\"https:\/\/www.striped-giraffe.com\/de\/\",\"logo\":{\"@type\":\"ImageObject\",\"inLanguage\":\"en-US\",\"@id\":\"https:\/\/www.striped-giraffe.com\/de\/#\/schema\/logo\/image\/\",\"url\":\"https:\/\/www.striped-giraffe.com\/wp-content\/uploads\/2021\/01\/giraffe_white.svg\",\"contentUrl\":\"https:\/\/www.striped-giraffe.com\/wp-content\/uploads\/2021\/01\/giraffe_white.svg\",\"caption\":\"Striped Giraffe\"},\"image\":{\"@id\":\"https:\/\/www.striped-giraffe.com\/de\/#\/schema\/logo\/image\/\"}}]}<\/script>\n<!-- \/ Yoast SEO Premium plugin. -->","yoast_head_json":{"title":"Jobs: DevOps Engineer (Katowice) - Striped Giraffe","description":"Become a Striped Giraffe Team Member. We are looking for an ambitious DevOps Engineer (m\/f\/d) for our office in Katowice (Poland).","robots":{"index":"index","follow":"follow","max-snippet":"max-snippet:-1","max-image-preview":"max-image-preview:large","max-video-preview":"max-video-preview:-1"},"canonical":"https:\/\/www.striped-giraffe.com\/en\/about-us\/career\/devops-engineer-katowice-2021-09\/","og_locale":"en_US","og_type":"article","og_title":"Jobs: DevOps Engineer (Katowice)","og_description":"Become a Striped Giraffe Team Member. We are looking for an ambitious DevOps Engineer (m\/f\/d) for our office in Katowice (Poland).","og_url":"https:\/\/www.striped-giraffe.com\/en\/about-us\/career\/devops-engineer-katowice-2021-09\/","og_site_name":"Striped Giraffe","article_modified_time":"2022-01-19T09:23:52+00:00","twitter_card":"summary_large_image","twitter_misc":{"Est. reading time":"2 minutes"},"schema":{"@context":"https:\/\/schema.org","@graph":[{"@type":"WebPage","@id":"https:\/\/www.striped-giraffe.com\/en\/about-us\/career\/devops-engineer-katowice-2021-09\/","url":"https:\/\/www.striped-giraffe.com\/en\/about-us\/career\/devops-engineer-katowice-2021-09\/","name":"Jobs: DevOps Engineer (Katowice) - Striped Giraffe","isPartOf":{"@id":"https:\/\/www.striped-giraffe.com\/de\/#website"},"datePublished":"2021-08-30T09:34:33+00:00","dateModified":"2022-01-19T09:23:52+00:00","description":"Become a Striped Giraffe Team Member. We are looking for an ambitious DevOps Engineer (m\/f\/d) for our office in Katowice (Poland).","breadcrumb":{"@id":"https:\/\/www.striped-giraffe.com\/en\/about-us\/career\/devops-engineer-katowice-2021-09\/#breadcrumb"},"inLanguage":"en-US","potentialAction":[{"@type":"ReadAction","target":["https:\/\/www.striped-giraffe.com\/en\/about-us\/career\/devops-engineer-katowice-2021-09\/"]}]},{"@type":"BreadcrumbList","@id":"https:\/\/www.striped-giraffe.com\/en\/about-us\/career\/devops-engineer-katowice-2021-09\/#breadcrumb","itemListElement":[{"@type":"ListItem","position":1,"name":"About us","item":"https:\/\/www.striped-giraffe.com\/en\/about-us\/"},{"@type":"ListItem","position":2,"name":"Career","item":"https:\/\/www.striped-giraffe.com\/en\/about-us\/career\/"},{"@type":"ListItem","position":3,"name":"Jobs: DevOps Engineer (Katowice)"}]},{"@type":"WebSite","@id":"https:\/\/www.striped-giraffe.com\/de\/#website","url":"https:\/\/www.striped-giraffe.com\/de\/","name":"Striped Giraffe","description":"Ihr zuverl\u00e4ssiger Anbieter f\u00fcr digitale Enterprise-L\u00f6sungen","publisher":{"@id":"https:\/\/www.striped-giraffe.com\/de\/#organization"},"potentialAction":[{"@type":"SearchAction","target":{"@type":"EntryPoint","urlTemplate":"https:\/\/www.striped-giraffe.com\/de\/?s={search_term_string}"},"query-input":"required name=search_term_string"}],"inLanguage":"en-US"},{"@type":"Organization","@id":"https:\/\/www.striped-giraffe.com\/de\/#organization","name":"Striped Giraffe","url":"https:\/\/www.striped-giraffe.com\/de\/","logo":{"@type":"ImageObject","inLanguage":"en-US","@id":"https:\/\/www.striped-giraffe.com\/de\/#\/schema\/logo\/image\/","url":"https:\/\/www.striped-giraffe.com\/wp-content\/uploads\/2021\/01\/giraffe_white.svg","contentUrl":"https:\/\/www.striped-giraffe.com\/wp-content\/uploads\/2021\/01\/giraffe_white.svg","caption":"Striped Giraffe"},"image":{"@id":"https:\/\/www.striped-giraffe.com\/de\/#\/schema\/logo\/image\/"}}]}},"_links":{"self":[{"href":"https:\/\/www.striped-giraffe.com\/en\/wp-json\/wp\/v2\/pages\/27421"}],"collection":[{"href":"https:\/\/www.striped-giraffe.com\/en\/wp-json\/wp\/v2\/pages"}],"about":[{"href":"https:\/\/www.striped-giraffe.com\/en\/wp-json\/wp\/v2\/types\/page"}],"author":[{"embeddable":true,"href":"https:\/\/www.striped-giraffe.com\/en\/wp-json\/wp\/v2\/users\/1"}],"replies":[{"embeddable":true,"href":"https:\/\/www.striped-giraffe.com\/en\/wp-json\/wp\/v2\/comments?post=27421"}],"version-history":[{"count":25,"href":"https:\/\/www.striped-giraffe.com\/en\/wp-json\/wp\/v2\/pages\/27421\/revisions"}],"predecessor-version":[{"id":29012,"href":"https:\/\/www.striped-giraffe.com\/en\/wp-json\/wp\/v2\/pages\/27421\/revisions\/29012"}],"up":[{"embeddable":true,"href":"https:\/\/www.striped-giraffe.com\/en\/wp-json\/wp\/v2\/pages\/19308"}],"wp:attachment":[{"href":"https:\/\/www.striped-giraffe.com\/en\/wp-json\/wp\/v2\/media?parent=27421"}],"curies":[{"name":"wp","href":"https:\/\/api.w.org\/{rel}","templated":true}]}}