{"id":30275,"date":"2022-03-28T13:55:36","date_gmt":"2022-03-28T11:55:36","guid":{"rendered":"https:\/\/www.striped-giraffe.com\/ecommerce-evaluationsleitfaden-01\/"},"modified":"2026-03-05T10:43:18","modified_gmt":"2026-03-05T09:43:18","slug":"ecommerce-evaluation-guide-01","status":"publish","type":"page","link":"https:\/\/www.striped-giraffe.com\/en\/ecommerce-evaluation-guide-01\/","title":{"rendered":"E-Commerce Guide Part 01"},"content":{"rendered":"<section class=\"wpb-content-wrapper\"><p>[vc_row full_width=&#8221;stretch_row&#8221; full_height=&#8221;yes&#8221; equal_height=&#8221;yes&#8221; disable_element=&#8221;yes&#8221; bg_type=&#8221;image&#8221; parallax_style=&#8221;vcpb-default&#8221; bg_image_new=&#8221;id^30191|url^https:\/\/www.striped-giraffe.com\/wp-content\/uploads\/2022\/03\/Evaluation_Guide_01-3-scaled.jpg|caption^Find the perfect e-commerce solution|alt^evaluation guide|title^e-commerce evaluation guide|description^null&#8221; ult_hide_row=&#8221;ult_hide_row_value&#8221; ult_hide_row_large_screen=&#8221;large_screen&#8221; ult_hide_row_desktop=&#8221;desktop&#8221; ult_hide_row_tablet=&#8221;tablet&#8221; ult_hide_row_tablet_small=&#8221;xs_tablet&#8221; ult_hide_row_mobile=&#8221;mobile&#8221; ult_hide_row_mobile_large=&#8221;xl_mobile&#8221; css=&#8221;.vc_custom_1655131405751{background-position: center !important;background-repeat: no-repeat !important;background-size: cover !important;}&#8221;][vc_column][vc_row_inner css=&#8221;.vc_custom_1648545821236{margin-top: 100px !important;margin-bottom: 100px !important;padding-top: 50px !important;padding-bottom: 50px !important;}&#8221;][vc_column_inner][vc_column_text]<\/p>\n<h2 style=\"text-align: center;\"><span style=\"color: #ffffff;\">Download<\/span><\/h2>\n<h1 class=\"headline_superbig\" style=\"text-align: center;\"><span style=\"color: #ef6c00;\">E-Commerce Solution Selection Guide<\/span><\/h1>\n<h2 style=\"text-align: center;\"><span style=\"color: #ef6c00;\"><span style=\"color: #ffffff;\">&#8211; Part 1 &#8211;<\/span><\/span><\/h2>\n<p>[\/vc_column_text][vc_empty_space height=&#8221;50px&#8221;][vc_btn title=&#8221;View Part 2&#8243; color=&#8221;white&#8221; align=&#8221;center&#8221; link=&#8221;url:https%3A%2F%2Fwww.striped-giraffe.com%2Fen%2Fecommerce-solution-guide-02%2F|title:E-Commerce%20Guide%20Part%2002&#8243;][\/vc_column_inner][\/vc_row_inner][\/vc_column][\/vc_row][vc_row][vc_column][vc_column_text]<\/p>\n<h2 class=\"headline_introduction\">DOWNLOAD<\/h2>\n<p>[\/vc_column_text][vc_column_text]<\/p>\n<h1 class=\"headline_superbig\" style=\"text-align: left;\"><span style=\"color: #ef6c00;\">Guide 1: Technology Overview and Evaluation Process<\/span><\/h1>\n<p>[\/vc_column_text][\/vc_column][\/vc_row][vc_row gap=&#8221;35&#8243; css=&#8221;.vc_custom_1655130081974{margin-top: 50px !important;margin-bottom: 50px !important;}&#8221;][vc_column width=&#8221;5\/6&#8243;][vc_column_text]<\/p>\n<h3>In the first of our two guides on the topic of &#8220;E-Commerce Solution Selection&#8221;, we give you an overview of the most important technologies on the market and how you can approach the topic in the best possible way.<\/h3>\n<p>[\/vc_column_text][\/vc_column][vc_column width=&#8221;1\/6&#8243;][\/vc_column][\/vc_row][vc_row gap=&#8221;35&#8243; css=&#8221;.vc_custom_1655130081974{margin-top: 50px !important;margin-bottom: 50px !important;}&#8221;][vc_column width=&#8221;1\/3&#8243;][vc_column_text]<\/p>\n<h2 class=\"headline_superbig\">Table of Content<\/h2>\n<p>[\/vc_column_text][\/vc_column][vc_column width=&#8221;2\/3&#8243;][vc_column_text]<\/p>\n<ul>\n<li>Why? How? What?<\/li>\n<li>Planning and selection<\/li>\n<li>Realization<\/li>\n<li>Technological solutions\n<ul>\n<li>Platform<\/li>\n<li>Greenfield<\/li>\n<li>SaaS<\/li>\n<li>Microservices<\/li>\n<\/ul>\n<\/li>\n<li>Drivers of the project<\/li>\n<li>Requirements management<\/li>\n<\/ul>\n<p>[\/vc_column_text][\/vc_column][\/vc_row][vc_row gap=&#8221;35&#8243; css=&#8221;.vc_custom_1724317649240{margin-bottom: 100px !important;}&#8221; el_id=&#8221;downloadsection&#8221;][vc_column width=&#8221;1\/3&#8243;][vc_column_text]<\/p>\n<h2 class=\"headline_superbig\">Download<\/h2>\n<p>[\/vc_column_text][vc_empty_space height=&#8221;50&#8243;][vc_single_image image=&#8221;29492&#8243; img_size=&#8221;medium&#8221;][\/vc_column][vc_column width=&#8221;2\/3&#8243;][vc_column_text]Please fill in the requested information for a free download.[\/vc_column_text][vc_empty_space height=&#8221;50&#8243;][vc_column_text]<div class='_form_116'><\/div><script type='text\/javascript' src='https:\/\/striped-giraffe.activehosted.com\/f\/embed.php?static=0&id=116&6A07FAFC642DF&nostyles=0&preview=0'><\/script>[\/vc_column_text][\/vc_column][\/vc_row][vc_row css=&#8221;.vc_custom_1655130563603{margin-bottom: 50px !important;}&#8221;][vc_column][vc_btn title=&#8221;Check out GUIDE 2&#8243; style=&#8221;custom&#8221; custom_background=&#8221;#7f7f7f&#8221; custom_text=&#8221;#ffffff&#8221; shape=&#8221;square&#8221; i_icon_fontawesome=&#8221;fas fa-file-download&#8221; add_icon=&#8221;true&#8221; link=&#8221;url:https%3A%2F%2Fwww.striped-giraffe.com%2Fen%2Fecommerce-solution-guide-02%2F|title:E-Commerce%20Guide%20Part%2002&#8243;][\/vc_column][\/vc_row][vc_row css=&#8221;.vc_custom_1654695247301{padding-bottom: 60px !important;background-color: #ffffff !important;}&#8221;][vc_column]<a class=\"calendly\" href=\"\" onclick=\"Calendly.initPopupWidget({url: 'https:\/\/calendly.com\/striped-giraffe\/30min'});return false;\">\ud83d\udcde Schedule a Call<\/a>[\/vc_column][\/vc_row][vc_row full_width=&#8221;stretch_row&#8221; bg_type=&#8221;bg_color&#8221; bg_color_value=&#8221;#000000&#8243; css=&#8221;.vc_custom_1655131524581{background-color: #000000 !important;}&#8221;][vc_column][vc_row_inner][vc_column_inner][vc_column_text css=&#8221;.vc_custom_1648540122271{margin-top: 100px !important;}&#8221;]<\/p>\n<h2 class=\"headline_superbig\"><span style=\"color: #ffffff;\">More e-books<\/span><\/h2>\n<p>[\/vc_column_text][\/vc_column_inner][\/vc_row_inner][\/vc_column][\/vc_row][vc_row full_width=&#8221;stretch_row&#8221; gap=&#8221;35&#8243; bg_type=&#8221;bg_color&#8221; css=&#8221;.vc_custom_1655131535676{margin-top: 0px !important;margin-bottom: 0px !important;padding-top: 100px !important;padding-bottom: 100px !important;background-color: #000000 !important;}&#8221; bg_color_value=&#8221;#000000&#8243;][vc_column][vc_row_inner][vc_column_inner width=&#8221;1\/3&#8243; css=&#8221;.vc_custom_1610013762619{padding-right: 25px !important;}&#8221;][vc_column_text]<\/p>\n<h2><span style=\"color: #ef6c00;\">WE CREATE ADDED VALUE<\/span> <span style=\"color: #ffffff;\">FOR OUR\u00a0 CUSTOMERS.<\/span><\/h2>\n<p><span style=\"color: #ffffff;\">This leads to a long-term cooperation with our customers, which we appreciate very much. You can find even more e-books, case studies, and co. in our <a style=\"color: #ffffff;\" href=\"https:\/\/www.striped-giraffe.com\/en\/insights\/\">Insights<\/a>.<\/span>[\/vc_column_text][\/vc_column_inner][vc_column_inner width=&#8221;1\/3&#8243;]<div class=\"templatera_shortcode\"><div class=\"vc_row wpb_row vc_row-fluid\"><div class=\"wpb_column vc_column_container vc_col-sm-12\"><div class=\"vc_column-inner\"><div class=\"wpb_wrapper\"><div id='' class='teaserbox  overlay'><div class='teaserbox_inner'><div class='teaserheadline'><h2 style='color:#ef6c00;font-family:DinWebPro Bold;'>B2B Commerce <\/h2><h3 style='color:#ffffff;'>More than just an online shop<\/h3><\/div><div class='teasertext'><div class='wpb_wrapper'>To meet the expectations of business customers, B2B platforms should include multiple functionalities and capabilities that cannot be found in online retail stores.<\/div><\/div><div class='teaserlink'><a href='https:\/\/www.striped-giraffe.com\/en\/ebook-b2b-commerce\/' style='color:#ffffff;'>Download<\/a><\/div><div class='wpb_single_image desktop_only'><img src='https:\/\/www.striped-giraffe.com\/wp-content\/uploads\/2022\/03\/Teaser_E-Book_B2B-Commerce.jpg' \/><\/div><div class='wpb_single_image mobile_only'><img src='https:\/\/www.striped-giraffe.com\/wp-content\/uploads\/2022\/03\/Teaser_E-Book_B2B-Commerce-600x700.jpg' \/><\/div><\/div><\/div><\/div><\/div><\/div><\/div><\/div>[\/vc_column_inner][vc_column_inner width=&#8221;1\/3&#8243;]<div class=\"templatera_shortcode\"><div class=\"vc_row wpb_row vc_row-fluid\"><div class=\"wpb_column vc_column_container vc_col-sm-12\"><div class=\"vc_column-inner\"><div class=\"wpb_wrapper\"><div id='' class='teaserbox  nooverlay'><div class='teaserbox_inner'><div class='teaserheadline'><h2 style='color:#ef6c00;font-family:DinWebPro Bold;'>Evaluation Criteria<\/h2><h3 style='color:#ffffff;'>E-Commerce Solution Selection Guide 02<\/h3><\/div><div class='teaserlink'><a href='https:\/\/www.striped-giraffe.com\/en\/ecommerce-solution-guide-02\/' style='color:#ffffff;'>Download<\/a><\/div><div class='wpb_single_image desktop_only'><img src='https:\/\/www.striped-giraffe.com\/wp-content\/uploads\/2022\/03\/Evaluation_Guide_02_Teaser-1-600x960.jpg' \/><\/div><div class='wpb_single_image mobile_only'><img src='https:\/\/www.striped-giraffe.com\/wp-content\/uploads\/2022\/03\/Evaluation_Guide_02_Teaser-1-600x700.jpg' \/><\/div><\/div><\/div><\/div><\/div><\/div><\/div><\/div>[\/vc_column_inner][\/vc_row_inner][\/vc_column][\/vc_row]<\/p>\n<\/section>","protected":false},"excerpt":{"rendered":"DOWNLOAD Guide 1: Technology Overview and Evaluation Process In the first of our two guides on the topic of \"E-Commerce [...]","protected":false},"author":2,"featured_media":29492,"parent":0,"menu_order":0,"comment_status":"closed","ping_status":"closed","template":"page-sidebar.php","meta":{"footnotes":""},"acf":[],"yoast_head":"<!-- This site is optimized with the Yoast SEO Premium plugin v20.5 (Yoast SEO v20.5) - https:\/\/yoast.com\/wordpress\/plugins\/seo\/ -->\n<title>E-Commerce Guide Part 01 : Auswahl des passenden Systems<\/title>\n<meta name=\"description\" content=\"Unsere Leitf\u00e4den erkl\u00e4ren, wie Sie das Thema systematisch angehen, was zu beachten ist und wie Sie Ihre ideale E-Commerce-L\u00f6sung finden.\" \/>\n<meta name=\"robots\" content=\"index, follow, max-snippet:-1, max-image-preview:large, max-video-preview:-1\" \/>\n<link rel=\"canonical\" href=\"https:\/\/www.striped-giraffe.com\/en\/ecommerce-evaluation-guide-01\/\" \/>\n<meta property=\"og:locale\" content=\"en_US\" \/>\n<meta property=\"og:type\" content=\"article\" \/>\n<meta property=\"og:title\" content=\"E-Commerce Guide Part 01\" \/>\n<meta property=\"og:description\" content=\"Unsere Leitf\u00e4den erkl\u00e4ren, wie Sie das Thema systematisch angehen, was zu beachten ist und wie Sie Ihre ideale E-Commerce-L\u00f6sung finden.\" \/>\n<meta property=\"og:url\" content=\"https:\/\/www.striped-giraffe.com\/en\/ecommerce-evaluation-guide-01\/\" \/>\n<meta property=\"og:site_name\" content=\"Striped Giraffe\" \/>\n<meta property=\"article:modified_time\" content=\"2026-03-05T09:43:18+00:00\" \/>\n<meta property=\"og:image\" content=\"https:\/\/www.striped-giraffe.com\/wp-content\/uploads\/2022\/02\/e-commerce-solution-selection-EN-cover-ebook.jpg\" \/>\n\t<meta property=\"og:image:width\" content=\"1200\" \/>\n\t<meta property=\"og:image:height\" content=\"931\" \/>\n\t<meta property=\"og:image:type\" content=\"image\/jpeg\" \/>\n<meta name=\"twitter:card\" content=\"summary_large_image\" \/>\n<meta name=\"twitter:label1\" content=\"Est. reading time\" \/>\n\t<meta name=\"twitter:data1\" content=\"2 minutes\" \/>\n<script type=\"application\/ld+json\" class=\"yoast-schema-graph\">{\"@context\":\"https:\/\/schema.org\",\"@graph\":[{\"@type\":\"WebPage\",\"@id\":\"https:\/\/www.striped-giraffe.com\/en\/ecommerce-evaluation-guide-01\/\",\"url\":\"https:\/\/www.striped-giraffe.com\/en\/ecommerce-evaluation-guide-01\/\",\"name\":\"E-Commerce Guide Part 01 : Auswahl des passenden Systems\",\"isPartOf\":{\"@id\":\"https:\/\/www.striped-giraffe.com\/de\/#website\"},\"datePublished\":\"2022-03-28T11:55:36+00:00\",\"dateModified\":\"2026-03-05T09:43:18+00:00\",\"description\":\"Unsere Leitf\u00e4den erkl\u00e4ren, wie Sie das Thema systematisch angehen, was zu beachten ist und wie Sie Ihre ideale E-Commerce-L\u00f6sung finden.\",\"inLanguage\":\"en-US\",\"potentialAction\":[{\"@type\":\"ReadAction\",\"target\":[\"https:\/\/www.striped-giraffe.com\/en\/ecommerce-evaluation-guide-01\/\"]}]},{\"@type\":\"WebSite\",\"@id\":\"https:\/\/www.striped-giraffe.com\/de\/#website\",\"url\":\"https:\/\/www.striped-giraffe.com\/de\/\",\"name\":\"Striped Giraffe\",\"description\":\"Ihr zuverl\u00e4ssiger Anbieter f\u00fcr digitale Enterprise-L\u00f6sungen\",\"publisher\":{\"@id\":\"https:\/\/www.striped-giraffe.com\/de\/#organization\"},\"potentialAction\":[{\"@type\":\"SearchAction\",\"target\":{\"@type\":\"EntryPoint\",\"urlTemplate\":\"https:\/\/www.striped-giraffe.com\/de\/?s={search_term_string}\"},\"query-input\":\"required name=search_term_string\"}],\"inLanguage\":\"en-US\"},{\"@type\":\"Organization\",\"@id\":\"https:\/\/www.striped-giraffe.com\/de\/#organization\",\"name\":\"Striped Giraffe\",\"url\":\"https:\/\/www.striped-giraffe.com\/de\/\",\"logo\":{\"@type\":\"ImageObject\",\"inLanguage\":\"en-US\",\"@id\":\"https:\/\/www.striped-giraffe.com\/de\/#\/schema\/logo\/image\/\",\"url\":\"https:\/\/www.striped-giraffe.com\/wp-content\/uploads\/2021\/01\/giraffe_white.svg\",\"contentUrl\":\"https:\/\/www.striped-giraffe.com\/wp-content\/uploads\/2021\/01\/giraffe_white.svg\",\"caption\":\"Striped Giraffe\"},\"image\":{\"@id\":\"https:\/\/www.striped-giraffe.com\/de\/#\/schema\/logo\/image\/\"}}]}<\/script>\n<!-- \/ Yoast SEO Premium plugin. -->","yoast_head_json":{"title":"E-Commerce Guide Part 01 : Auswahl des passenden Systems","description":"Unsere Leitf\u00e4den erkl\u00e4ren, wie Sie das Thema systematisch angehen, was zu beachten ist und wie Sie Ihre ideale E-Commerce-L\u00f6sung finden.","robots":{"index":"index","follow":"follow","max-snippet":"max-snippet:-1","max-image-preview":"max-image-preview:large","max-video-preview":"max-video-preview:-1"},"canonical":"https:\/\/www.striped-giraffe.com\/en\/ecommerce-evaluation-guide-01\/","og_locale":"en_US","og_type":"article","og_title":"E-Commerce Guide Part 01","og_description":"Unsere Leitf\u00e4den erkl\u00e4ren, wie Sie das Thema systematisch angehen, was zu beachten ist und wie Sie Ihre ideale E-Commerce-L\u00f6sung finden.","og_url":"https:\/\/www.striped-giraffe.com\/en\/ecommerce-evaluation-guide-01\/","og_site_name":"Striped Giraffe","article_modified_time":"2026-03-05T09:43:18+00:00","og_image":[{"width":1200,"height":931,"url":"https:\/\/www.striped-giraffe.com\/wp-content\/uploads\/2022\/02\/e-commerce-solution-selection-EN-cover-ebook.jpg","type":"image\/jpeg"}],"twitter_card":"summary_large_image","twitter_misc":{"Est. reading time":"2 minutes"},"schema":{"@context":"https:\/\/schema.org","@graph":[{"@type":"WebPage","@id":"https:\/\/www.striped-giraffe.com\/en\/ecommerce-evaluation-guide-01\/","url":"https:\/\/www.striped-giraffe.com\/en\/ecommerce-evaluation-guide-01\/","name":"E-Commerce Guide Part 01 : Auswahl des passenden Systems","isPartOf":{"@id":"https:\/\/www.striped-giraffe.com\/de\/#website"},"datePublished":"2022-03-28T11:55:36+00:00","dateModified":"2026-03-05T09:43:18+00:00","description":"Unsere Leitf\u00e4den erkl\u00e4ren, wie Sie das Thema systematisch angehen, was zu beachten ist und wie Sie Ihre ideale E-Commerce-L\u00f6sung finden.","inLanguage":"en-US","potentialAction":[{"@type":"ReadAction","target":["https:\/\/www.striped-giraffe.com\/en\/ecommerce-evaluation-guide-01\/"]}]},{"@type":"WebSite","@id":"https:\/\/www.striped-giraffe.com\/de\/#website","url":"https:\/\/www.striped-giraffe.com\/de\/","name":"Striped Giraffe","description":"Ihr zuverl\u00e4ssiger Anbieter f\u00fcr digitale Enterprise-L\u00f6sungen","publisher":{"@id":"https:\/\/www.striped-giraffe.com\/de\/#organization"},"potentialAction":[{"@type":"SearchAction","target":{"@type":"EntryPoint","urlTemplate":"https:\/\/www.striped-giraffe.com\/de\/?s={search_term_string}"},"query-input":"required name=search_term_string"}],"inLanguage":"en-US"},{"@type":"Organization","@id":"https:\/\/www.striped-giraffe.com\/de\/#organization","name":"Striped Giraffe","url":"https:\/\/www.striped-giraffe.com\/de\/","logo":{"@type":"ImageObject","inLanguage":"en-US","@id":"https:\/\/www.striped-giraffe.com\/de\/#\/schema\/logo\/image\/","url":"https:\/\/www.striped-giraffe.com\/wp-content\/uploads\/2021\/01\/giraffe_white.svg","contentUrl":"https:\/\/www.striped-giraffe.com\/wp-content\/uploads\/2021\/01\/giraffe_white.svg","caption":"Striped Giraffe"},"image":{"@id":"https:\/\/www.striped-giraffe.com\/de\/#\/schema\/logo\/image\/"}}]}},"_links":{"self":[{"href":"https:\/\/www.striped-giraffe.com\/en\/wp-json\/wp\/v2\/pages\/30275"}],"collection":[{"href":"https:\/\/www.striped-giraffe.com\/en\/wp-json\/wp\/v2\/pages"}],"about":[{"href":"https:\/\/www.striped-giraffe.com\/en\/wp-json\/wp\/v2\/types\/page"}],"author":[{"embeddable":true,"href":"https:\/\/www.striped-giraffe.com\/en\/wp-json\/wp\/v2\/users\/2"}],"replies":[{"embeddable":true,"href":"https:\/\/www.striped-giraffe.com\/en\/wp-json\/wp\/v2\/comments?post=30275"}],"version-history":[{"count":22,"href":"https:\/\/www.striped-giraffe.com\/en\/wp-json\/wp\/v2\/pages\/30275\/revisions"}],"predecessor-version":[{"id":42845,"href":"https:\/\/www.striped-giraffe.com\/en\/wp-json\/wp\/v2\/pages\/30275\/revisions\/42845"}],"wp:featuredmedia":[{"embeddable":true,"href":"https:\/\/www.striped-giraffe.com\/en\/wp-json\/wp\/v2\/media\/29492"}],"wp:attachment":[{"href":"https:\/\/www.striped-giraffe.com\/en\/wp-json\/wp\/v2\/media?parent=30275"}],"curies":[{"name":"wp","href":"https:\/\/api.w.org\/{rel}","templated":true}]}}