{"id":32373,"date":"2022-11-02T13:32:52","date_gmt":"2022-11-02T12:32:52","guid":{"rendered":"https:\/\/www.striped-giraffe.com\/?page_id=32373"},"modified":"2024-01-18T16:55:12","modified_gmt":"2024-01-18T15:55:12","slug":"mdm","status":"publish","type":"page","link":"https:\/\/www.striped-giraffe.com\/en\/expertise\/data-management\/mdm\/","title":{"rendered":"MDM"},"content":{"rendered":"<section class=\"wpb-content-wrapper\"><p>[vc_row full_width=&#8221;stretch_row&#8221; full_height=&#8221;yes&#8221; bg_type=&#8221;image&#8221; parallax_style=&#8221;vcpb-default&#8221; bg_image_new=&#8221;id^32391|url^https:\/\/www.striped-giraffe.com\/wp-content\/uploads\/2022\/11\/MDM.jpg|caption^Master Data Management (MDM)|alt^mdm|title^Master Data Management|description^Master Data Management (MDM)&#8221; css=&#8221;.vc_custom_1667404489382{background-position: center !important;background-repeat: no-repeat !important;background-size: cover !important;}&#8221;][vc_column][vc_column_text]<\/p>\n<h1 style=\"text-align: center;\"><span style=\"color: #ffffff;\">Master Data Management (MDM)<\/span><\/h1>\n<p>[\/vc_column_text][\/vc_column][\/vc_row][vc_row el_class=&#8221;closetotop&#8221; css=&#8221;.vc_custom_1609844996078{padding-top: 50px !important;background-color: #ffffff !important;}&#8221;][vc_column][vc_column_text]<\/p>\n<h2 class=\"headline_introduction\" style=\"text-align: center;\">An MDM brings together your master data from different sources in one place, creating a golden record for the efficient use of your data.<\/h2>\n<p>[\/vc_column_text][vc_separator color=&#8221;black&#8221; border_width=&#8221;5&#8243; el_width=&#8221;10&#8243; css=&#8221;.vc_custom_1609845029454{margin-top: 50px !important;}&#8221;][\/vc_column][\/vc_row][vc_row gap=&#8221;35&#8243; css=&#8221;.vc_custom_1610526496545{margin-top: 50px !important;margin-bottom: 100px !important;}&#8221;][vc_column width=&#8221;1\/3&#8243;][vc_column_text]<\/p>\n<h2 class=\"headline_superbig\">Optimal data preparation<\/h2>\n<p>[\/vc_column_text][\/vc_column][vc_column width=&#8221;2\/3&#8243;][vc_column_text]Data silos and poor data quality mean that many companies are unable to use their data efficiently or, in some cases, not at all. Master Data Management (MDM) remedies this by consolidating all company-relevant data and preparing it for various applications.[\/vc_column_text][\/vc_column][\/vc_row][vc_row gap=&#8221;35&#8243; css=&#8221;.vc_custom_1667402401511{margin-bottom: 100px !important;}&#8221;][vc_column width=&#8221;1\/3&#8243;][vc_column_text]<\/p>\n<h2 class=\"headline_superbig\">What MDM can do for your company<\/h2>\n<p>[\/vc_column_text][\/vc_column][vc_column width=&#8221;2\/3&#8243;][vc_column_text]In general, MDM offers many advantages that increase the efficiency of processes and systems in companies and thus reduce costs. These include the following in particular:<\/p>\n<ul>\n<li><strong>Increase in data quality<\/strong><br \/>\nMDM consolidates data from all systems, thus avoiding duplicates.<\/li>\n<li><strong>Basis for KYC<br \/>\n<\/strong>When complying with KYC regulations, companies need high-quality master data to be able to reconcile internal information in the process with each other or with data from external sources.<\/li>\n<li><strong>MDM as the basis for AI and BI applications.<br \/>\n<\/strong>Perfectly prepared data is ideal for advanced analytics and business intelligence applications.<\/li>\n<li><strong>Cost reduction<\/strong><br \/>\nYou save resources by eliminating sources of data error.<\/li>\n<li><strong>Ensure compliance<br \/>\n<\/strong>Regulatory requirements can be easily met with the help of Golden Records.<\/li>\n<li><strong>Process optimization<\/strong><br \/>\nConsolidating high-quality data enables stakeholders to collaborate more effectively, reducing resources and eliminating error-prone processes.<\/li>\n<li><strong>Increase business agility<\/strong><br \/>\nMDM is designed to handle large volumes of data and multiple systems, enabling flexible scaling and rapid response to market changes.<\/li>\n<li><strong>360\u00b0 customer view<\/strong><br \/>\nBy consolidating all master data, MDM creates a 360\u00b0 customer view, enabling personalized customer experiences.<\/li>\n<\/ul>\n<p>[\/vc_column_text][vc_empty_space][vc_column_text]In addition, MDM offers specific benefits for individual departments. A rough overview is provided by the following diagram:[\/vc_column_text][vc_empty_space][vc_single_image image=&#8221;32427&#8243; img_size=&#8221;large&#8221;][\/vc_column][\/vc_row][vc_row gap=&#8221;35&#8243; css=&#8221;.vc_custom_1667406061370{margin-bottom: 100px !important;}&#8221;][vc_column width=&#8221;1\/3&#8243;][vc_column_text]<\/p>\n<h2 class=\"headline_superbig\">Our approach<\/h2>\n<p>[\/vc_column_text][\/vc_column][vc_column width=&#8221;2\/3&#8243;][vc_column_text]Of course, MDM per se is not the right choice for every company. That&#8217;s why we consult with our customers in advance to determine if MDM is the right solution for them.<\/p>\n<p>If this is the case, our approach starts with the involvement of all stakeholders. After all, MDM is not a technical topic, but rather concerns the business departments first and foremost. MDM can do something different for each department and that needs to be clarified from the beginning. Next, we create a roadmap. In doing so, we basically take an iterative approach. We help ensure that their architecture is ready for the onboarding of the MDM system and that all interfaces are defined. In addition, data governance must be taken into account. If none is in place yet, we can help with that, too. Because without data governance, there can be significant problems with collaboration between the various teams and a lack of user acceptance.[\/vc_column_text][\/vc_column][\/vc_row][vc_row full_width=&#8221;stretch_row&#8221; css=&#8221;.vc_custom_1705587310854{margin-bottom: 50px !important;}&#8221;][vc_column][vc_row_inner][vc_column_inner width=&#8221;1\/3&#8243;][vc_column_text]<\/p>\n<h2 class=\"headline_superbig\">Let&#8217;s talk<\/h2>\n<p>[\/vc_column_text][\/vc_column_inner][vc_column_inner width=&#8221;2\/3&#8243;][vc_column_text]<\/p>\n<h3>Do you need a <strong>specific\u00a0offer<\/strong> or a <strong>sparring partner <\/strong>to discuss ideas?<\/h3>\n<h3>Just contact us:<\/h3>\n<ul>\n<li><a href=\"mailto:experts@striped-giraffe.com\">experts@striped-giraffe.com<\/a><\/li>\n<li><span style=\"color: #ef6c00;\">+49 (0)89-416 126-667<\/span><\/li>\n<\/ul>\n<p>[\/vc_column_text]<a class=\"calendly\" href=\"\" onclick=\"Calendly.initPopupWidget({url: 'https:\/\/calendly.com\/striped-giraffe\/30min'});return false;\">Or book a meeting<\/a>[vc_column_text css=&#8221;.vc_custom_1705587124145{margin-top: 32px !important;}&#8221;]<\/p>\n<h3>We will be happy to support you.<\/h3>\n<p>[\/vc_column_text][\/vc_column_inner][\/vc_row_inner][\/vc_column][\/vc_row][vc_row full_width=&#8221;stretch_row&#8221; gap=&#8221;35&#8243; bg_type=&#8221;bg_color&#8221; css=&#8221;.vc_custom_1620398258602{margin-top: 100px !important;margin-bottom: 0px !important;padding-top: 100px !important;}&#8221; bg_color_value=&#8221;#000000&#8243;][vc_column width=&#8221;1\/3&#8243;][vc_column_text]<\/p>\n<h2 class=\"headline_superbig\"><span style=\"color: #ffffff;\">FULL-SERVICE FOR YOUR DIGITAL CHALLENGE<\/span><\/h2>\n<p><span style=\"color: #ffffff;\">No matter what digital challenge you are facing, we will support you. With various specialists in our team and our network of experts, we find the right solution for every problem.<\/span>[\/vc_column_text][\/vc_column][vc_column width=&#8221;2\/3&#8243;][vc_row_inner][vc_column_inner width=&#8221;1\/2&#8243;]<div class=\"templatera_shortcode\"><div class=\"vc_row wpb_row vc_row-fluid\"><div class=\"wpb_column vc_column_container vc_col-sm-12\"><div class=\"vc_column-inner\"><div class=\"wpb_wrapper\"><div id='' class='teaserbox  overlay'><div class='teaserbox_inner'><div class='teaserheadline'><h2 style='color:#ffffff;font-family:DinWebPro Bold;'>IT Consulting<\/h2><h3 style='color:#ffffff;'>Fresh ideas and in-depth know-how for your business<\/h3><\/div><div class='teasertext'><div class='wpb_wrapper'>Challenging times demand adequate and flexible solutions. The range is huge. The right solution can be found or developed for every company and every problem.<\/div><\/div><div class='teaserlink'><a href='https:\/\/www.striped-giraffe.com\/en\/services\/it-consulting\/' style='color:#ffffff;'>IT Consulting<\/a><\/div><div class='wpb_single_image desktop_only'><img src='https:\/\/www.striped-giraffe.com\/wp-content\/uploads\/2021\/01\/Teaser_IT_Consulting.jpg' \/><\/div><div class='wpb_single_image mobile_only'><img src='https:\/\/www.striped-giraffe.com\/wp-content\/uploads\/2021\/01\/Teaser_IT_Consulting-600x700.jpg' \/><\/div><\/div><\/div><\/div><\/div><\/div><\/div><\/div>[\/vc_column_inner][vc_column_inner width=&#8221;1\/2&#8243;]<div class=\"templatera_shortcode\"><div class=\"vc_row wpb_row vc_row-fluid\"><div class=\"wpb_column vc_column_container vc_col-sm-12\"><div class=\"vc_column-inner\"><div class=\"wpb_wrapper\"><div id='' class='teaserbox  overlay'><div class='teaserbox_inner'><div class='teaserheadline'><h2 style='color:#ffffff;font-family:DinWebPro Bold;'>PROJECT MANAGEMENT<\/h2><h3 style='color:#ffffff;'>Digital solutions that meet all requirements<\/h3><\/div><div class='teasertext'><div class='wpb_wrapper'>Our project managers stand for the optimal fulfillment of the requirements from the areas of business, user, and technology.<\/div><\/div><div class='teaserlink'><a href='https:\/\/www.striped-giraffe.com\/en\/services\/project-management\/' style='color:#ffffff;'>Project Management<\/a><\/div><div class='wpb_single_image desktop_only'><img src='https:\/\/www.striped-giraffe.com\/wp-content\/uploads\/2021\/01\/Projectmanagement_Teaser-600x960.jpg' \/><\/div><div class='wpb_single_image mobile_only'><img src='https:\/\/www.striped-giraffe.com\/wp-content\/uploads\/2021\/01\/Projectmanagement_Teaser-600x700.jpg' \/><\/div><\/div><\/div><\/div><\/div><\/div><\/div><\/div>[\/vc_column_inner][\/vc_row_inner][vc_row_inner][vc_column_inner width=&#8221;1\/2&#8243;]<div class=\"templatera_shortcode\"><div class=\"vc_row wpb_row vc_row-fluid\"><div class=\"wpb_column vc_column_container vc_col-sm-12\"><div class=\"vc_column-inner\"><div class=\"wpb_wrapper\"><div id='' class='teaserbox  overlay'><div class='teaserbox_inner'><div class='teaserheadline'><h2 style='color:#000000;font-family:DinWebPro Bold;'>Development<\/h2><h3 style='color:#000000;'>We develop innovative solutions<\/h3><\/div><div class='teasertext'><div class='wpb_wrapper'>We provide complete development teams on our own responsibility or complement existing teams with our expertise.<\/div><\/div><div class='teaserlink'><a href='https:\/\/www.striped-giraffe.com\/en\/services\/development\/' style='color:#ffffff;'>Development<\/a><\/div><div class='wpb_single_image desktop_only'><img src='https:\/\/www.striped-giraffe.com\/wp-content\/uploads\/2021\/01\/Teaser_Development.jpg' \/><\/div><div class='wpb_single_image mobile_only'><img src='https:\/\/www.striped-giraffe.com\/wp-content\/uploads\/2021\/01\/Teaser_Development-600x700.jpg' \/><\/div><\/div><\/div><\/div><\/div><\/div><\/div><\/div>[\/vc_column_inner][vc_column_inner width=&#8221;1\/2&#8243;]<div class=\"templatera_shortcode\"><div class=\"vc_row wpb_row vc_row-fluid\"><div class=\"wpb_column vc_column_container vc_col-sm-12\"><div class=\"vc_column-inner\"><div class=\"wpb_wrapper\"><div id='' class='teaserbox  overlay'><div class='teaserbox_inner'><div class='teaserheadline'><h2 style='color:#ffffff;font-family:DinWebPro Bold;'>User Experience<\/h2><h3 style='color:#ffffff;'>We create customer experiences that inspire<\/h3><\/div><div class='teasertext'><div class='wpb_wrapper'>We focus on the user in order to create a stunning customer experience.<\/div><\/div><div class='teaserlink'><a href='https:\/\/www.striped-giraffe.com\/en\/services\/user-experience\/' style='color:#ffffff;'>User Experience<\/a><\/div><div class='wpb_single_image desktop_only'><img src='https:\/\/www.striped-giraffe.com\/wp-content\/uploads\/2021\/01\/UX_UI_Teaser-2-600x960.jpg' \/><\/div><div class='wpb_single_image mobile_only'><img src='https:\/\/www.striped-giraffe.com\/wp-content\/uploads\/2021\/01\/UX_UI_Teaser-2-600x700.jpg' \/><\/div><\/div><\/div><\/div><\/div><\/div><\/div><\/div>[\/vc_column_inner][\/vc_row_inner][\/vc_column][\/vc_row]<\/p>\n<\/section>","protected":false},"excerpt":{"rendered":"Master Data Management (MDM) An MDM brings together your master data from different sources in one place, creating a golden [...]","protected":false},"author":1,"featured_media":0,"parent":19720,"menu_order":0,"comment_status":"closed","ping_status":"closed","template":"","meta":{"footnotes":""},"acf":[],"yoast_head":"<!-- This site is optimized with the Yoast SEO Premium plugin v20.5 (Yoast SEO v20.5) - https:\/\/yoast.com\/wordpress\/plugins\/seo\/ -->\n<title>MDM - Striped Giraffe<\/title>\n<meta name=\"robots\" content=\"index, follow, max-snippet:-1, max-image-preview:large, max-video-preview:-1\" \/>\n<link rel=\"canonical\" href=\"https:\/\/www.striped-giraffe.com\/en\/expertise\/data-management\/mdm\/\" \/>\n<meta property=\"og:locale\" content=\"en_US\" \/>\n<meta property=\"og:type\" content=\"article\" \/>\n<meta property=\"og:title\" content=\"MDM\" \/>\n<meta property=\"og:url\" content=\"https:\/\/www.striped-giraffe.com\/en\/expertise\/data-management\/mdm\/\" \/>\n<meta property=\"og:site_name\" content=\"Striped Giraffe\" \/>\n<meta property=\"article:modified_time\" content=\"2024-01-18T15:55:12+00:00\" \/>\n<meta name=\"twitter:card\" content=\"summary_large_image\" \/>\n<meta name=\"twitter:label1\" content=\"Est. reading time\" \/>\n\t<meta name=\"twitter:data1\" content=\"4 minutes\" \/>\n<script type=\"application\/ld+json\" class=\"yoast-schema-graph\">{\"@context\":\"https:\/\/schema.org\",\"@graph\":[{\"@type\":\"WebPage\",\"@id\":\"https:\/\/www.striped-giraffe.com\/en\/expertise\/data-management\/mdm\/\",\"url\":\"https:\/\/www.striped-giraffe.com\/en\/expertise\/data-management\/mdm\/\",\"name\":\"MDM - Striped Giraffe\",\"isPartOf\":{\"@id\":\"https:\/\/www.striped-giraffe.com\/de\/#website\"},\"datePublished\":\"2022-11-02T12:32:52+00:00\",\"dateModified\":\"2024-01-18T15:55:12+00:00\",\"breadcrumb\":{\"@id\":\"https:\/\/www.striped-giraffe.com\/en\/expertise\/data-management\/mdm\/#breadcrumb\"},\"inLanguage\":\"en-US\",\"potentialAction\":[{\"@type\":\"ReadAction\",\"target\":[\"https:\/\/www.striped-giraffe.com\/en\/expertise\/data-management\/mdm\/\"]}]},{\"@type\":\"BreadcrumbList\",\"@id\":\"https:\/\/www.striped-giraffe.com\/en\/expertise\/data-management\/mdm\/#breadcrumb\",\"itemListElement\":[{\"@type\":\"ListItem\",\"position\":1,\"name\":\"Expertise\",\"item\":\"https:\/\/www.striped-giraffe.com\/en\/expertise\/\"},{\"@type\":\"ListItem\",\"position\":2,\"name\":\"Data management\",\"item\":\"https:\/\/www.striped-giraffe.com\/en\/expertise\/data-management\/\"},{\"@type\":\"ListItem\",\"position\":3,\"name\":\"MDM\"}]},{\"@type\":\"WebSite\",\"@id\":\"https:\/\/www.striped-giraffe.com\/de\/#website\",\"url\":\"https:\/\/www.striped-giraffe.com\/de\/\",\"name\":\"Striped Giraffe\",\"description\":\"Ihr zuverl\u00e4ssiger Anbieter f\u00fcr digitale Enterprise-L\u00f6sungen\",\"publisher\":{\"@id\":\"https:\/\/www.striped-giraffe.com\/de\/#organization\"},\"potentialAction\":[{\"@type\":\"SearchAction\",\"target\":{\"@type\":\"EntryPoint\",\"urlTemplate\":\"https:\/\/www.striped-giraffe.com\/de\/?s={search_term_string}\"},\"query-input\":\"required name=search_term_string\"}],\"inLanguage\":\"en-US\"},{\"@type\":\"Organization\",\"@id\":\"https:\/\/www.striped-giraffe.com\/de\/#organization\",\"name\":\"Striped Giraffe\",\"url\":\"https:\/\/www.striped-giraffe.com\/de\/\",\"logo\":{\"@type\":\"ImageObject\",\"inLanguage\":\"en-US\",\"@id\":\"https:\/\/www.striped-giraffe.com\/de\/#\/schema\/logo\/image\/\",\"url\":\"https:\/\/www.striped-giraffe.com\/wp-content\/uploads\/2021\/01\/giraffe_white.svg\",\"contentUrl\":\"https:\/\/www.striped-giraffe.com\/wp-content\/uploads\/2021\/01\/giraffe_white.svg\",\"caption\":\"Striped Giraffe\"},\"image\":{\"@id\":\"https:\/\/www.striped-giraffe.com\/de\/#\/schema\/logo\/image\/\"}}]}<\/script>\n<!-- \/ Yoast SEO Premium plugin. -->","yoast_head_json":{"title":"MDM - Striped Giraffe","robots":{"index":"index","follow":"follow","max-snippet":"max-snippet:-1","max-image-preview":"max-image-preview:large","max-video-preview":"max-video-preview:-1"},"canonical":"https:\/\/www.striped-giraffe.com\/en\/expertise\/data-management\/mdm\/","og_locale":"en_US","og_type":"article","og_title":"MDM","og_url":"https:\/\/www.striped-giraffe.com\/en\/expertise\/data-management\/mdm\/","og_site_name":"Striped Giraffe","article_modified_time":"2024-01-18T15:55:12+00:00","twitter_card":"summary_large_image","twitter_misc":{"Est. reading time":"4 minutes"},"schema":{"@context":"https:\/\/schema.org","@graph":[{"@type":"WebPage","@id":"https:\/\/www.striped-giraffe.com\/en\/expertise\/data-management\/mdm\/","url":"https:\/\/www.striped-giraffe.com\/en\/expertise\/data-management\/mdm\/","name":"MDM - Striped Giraffe","isPartOf":{"@id":"https:\/\/www.striped-giraffe.com\/de\/#website"},"datePublished":"2022-11-02T12:32:52+00:00","dateModified":"2024-01-18T15:55:12+00:00","breadcrumb":{"@id":"https:\/\/www.striped-giraffe.com\/en\/expertise\/data-management\/mdm\/#breadcrumb"},"inLanguage":"en-US","potentialAction":[{"@type":"ReadAction","target":["https:\/\/www.striped-giraffe.com\/en\/expertise\/data-management\/mdm\/"]}]},{"@type":"BreadcrumbList","@id":"https:\/\/www.striped-giraffe.com\/en\/expertise\/data-management\/mdm\/#breadcrumb","itemListElement":[{"@type":"ListItem","position":1,"name":"Expertise","item":"https:\/\/www.striped-giraffe.com\/en\/expertise\/"},{"@type":"ListItem","position":2,"name":"Data management","item":"https:\/\/www.striped-giraffe.com\/en\/expertise\/data-management\/"},{"@type":"ListItem","position":3,"name":"MDM"}]},{"@type":"WebSite","@id":"https:\/\/www.striped-giraffe.com\/de\/#website","url":"https:\/\/www.striped-giraffe.com\/de\/","name":"Striped Giraffe","description":"Ihr zuverl\u00e4ssiger Anbieter f\u00fcr digitale Enterprise-L\u00f6sungen","publisher":{"@id":"https:\/\/www.striped-giraffe.com\/de\/#organization"},"potentialAction":[{"@type":"SearchAction","target":{"@type":"EntryPoint","urlTemplate":"https:\/\/www.striped-giraffe.com\/de\/?s={search_term_string}"},"query-input":"required name=search_term_string"}],"inLanguage":"en-US"},{"@type":"Organization","@id":"https:\/\/www.striped-giraffe.com\/de\/#organization","name":"Striped Giraffe","url":"https:\/\/www.striped-giraffe.com\/de\/","logo":{"@type":"ImageObject","inLanguage":"en-US","@id":"https:\/\/www.striped-giraffe.com\/de\/#\/schema\/logo\/image\/","url":"https:\/\/www.striped-giraffe.com\/wp-content\/uploads\/2021\/01\/giraffe_white.svg","contentUrl":"https:\/\/www.striped-giraffe.com\/wp-content\/uploads\/2021\/01\/giraffe_white.svg","caption":"Striped Giraffe"},"image":{"@id":"https:\/\/www.striped-giraffe.com\/de\/#\/schema\/logo\/image\/"}}]}},"_links":{"self":[{"href":"https:\/\/www.striped-giraffe.com\/en\/wp-json\/wp\/v2\/pages\/32373"}],"collection":[{"href":"https:\/\/www.striped-giraffe.com\/en\/wp-json\/wp\/v2\/pages"}],"about":[{"href":"https:\/\/www.striped-giraffe.com\/en\/wp-json\/wp\/v2\/types\/page"}],"author":[{"embeddable":true,"href":"https:\/\/www.striped-giraffe.com\/en\/wp-json\/wp\/v2\/users\/1"}],"replies":[{"embeddable":true,"href":"https:\/\/www.striped-giraffe.com\/en\/wp-json\/wp\/v2\/comments?post=32373"}],"version-history":[{"count":8,"href":"https:\/\/www.striped-giraffe.com\/en\/wp-json\/wp\/v2\/pages\/32373\/revisions"}],"predecessor-version":[{"id":35729,"href":"https:\/\/www.striped-giraffe.com\/en\/wp-json\/wp\/v2\/pages\/32373\/revisions\/35729"}],"up":[{"embeddable":true,"href":"https:\/\/www.striped-giraffe.com\/en\/wp-json\/wp\/v2\/pages\/19720"}],"wp:attachment":[{"href":"https:\/\/www.striped-giraffe.com\/en\/wp-json\/wp\/v2\/media?parent=32373"}],"curies":[{"name":"wp","href":"https:\/\/api.w.org\/{rel}","templated":true}]}}