{"id":32958,"date":"2022-12-07T13:05:55","date_gmt":"2022-12-07T12:05:55","guid":{"rendered":"https:\/\/www.striped-giraffe.com\/data-governance-packages-copy\/"},"modified":"2023-02-07T17:46:28","modified_gmt":"2023-02-07T16:46:28","slug":"informatica-snowflake","status":"publish","type":"page","link":"https:\/\/www.striped-giraffe.com\/en\/informatica-snowflake\/","title":{"rendered":"Landingpage Snowflake-Informatica"},"content":{"rendered":"<section class=\"wpb-content-wrapper\"><p>[vc_row][vc_column width=&#8221;2\/3&#8243;][vc_column_text]<\/p>\n<h1 class=\"headline_superbig\">Your License to grow<\/h1>\n<p>[\/vc_column_text][\/vc_column][vc_column width=&#8221;1\/3&#8243;][\/vc_column][\/vc_row][vc_row gap=&#8221;35&#8243;][vc_column][vc_column_text]<strong>Combining <span style=\"color: #ef6c00;\">Snowflake<\/span> Cloud DWH or Data Lake with <span style=\"color: #ef6c00;\">Informatica<\/span> Intelligent Data Management Cloud (IDMC) is the ideal setup for optimized process automation and better information services for a rapidly growing business. With these two Gartner-designated leaders, you are on the safe side.<\/strong>[\/vc_column_text][\/vc_column][\/vc_row][vc_row gap=&#8221;35&#8243; css=&#8221;.vc_custom_1673949226838{margin-bottom: 50px !important;}&#8221;][vc_column][vc_column_text]As a data management expert, <span style=\"color: #ef6c00;\">Striped Giraffe<\/span> is always looking for the most efficient solutions on the market to meet enterprises\u2019 demands. If you are not limited to a specific system, you should look into Informatica IDMC and Snowflake DWH\/Data Lake.[\/vc_column_text][\/vc_column][\/vc_row][vc_row gap=&#8221;35&#8243;][vc_column width=&#8221;2\/3&#8243;][vc_column_text]<\/p>\n<h2 class=\"headline_introduction\">Combining forces<\/h2>\n<p>[\/vc_column_text][\/vc_column][vc_column width=&#8221;1\/3&#8243;][\/vc_column][\/vc_row][vc_row gap=&#8221;35&#8243; css=&#8221;.vc_custom_1675244424841{margin-bottom: 100px !important;}&#8221;][vc_column width=&#8221;1\/3&#8243;][vc_single_image image=&#8221;20638&#8243; img_size=&#8221;large&#8221; css=&#8221;.vc_custom_1673949012150{margin-top: 50px !important;}&#8221;][\/vc_column][vc_column width=&#8221;1\/3&#8243;][vc_single_image image=&#8221;33231&#8243; img_size=&#8221;medium&#8221; css=&#8221;.vc_custom_1673949019456{margin-top: 50px !important;}&#8221;][\/vc_column][vc_column width=&#8221;1\/3&#8243; css=&#8221;.vc_custom_1673949042824{margin-top: 0px !important;margin-right: 0px !important;margin-bottom: 0px !important;margin-left: 0px !important;}&#8221;][vc_single_image image=&#8221;33242&#8243; img_size=&#8221;full&#8221; css=&#8221;.vc_custom_1673949102784{margin-top: 20px !important;margin-right: 50px !important;margin-left: 50px !important;border-bottom-width: 0px !important;padding-bottom: 0px !important;}&#8221;][\/vc_column][\/vc_row][vc_row css=&#8221;.vc_custom_1675244855384{margin-bottom: 100px !important;padding-bottom: 60px !important;background-color: #ffffff !important;}&#8221;][vc_column width=&#8221;1\/2&#8243;][vc_column_text]<\/p>\n<h2 class=\"headline_introduction\">Benefits:<\/h2>\n<ul>\n<li>Simplifying architecture with integrated data platforms<\/li>\n<li>Running on every cloud<\/li>\n<li>Saving time by reducing pipeline complexity<\/li>\n<li>Unifying data governance<\/li>\n<li>Modern governance through a centralized approach<\/li>\n<li>Fast, reliable performance every time with no tuning or contention<\/li>\n<li>Instantly and cost-effective scale to any number of users, jobs, data<\/li>\n<li>Built-in high-availability data protection and data retention<\/li>\n<\/ul>\n<p>[\/vc_column_text][\/vc_column][vc_column width=&#8221;1\/2&#8243;][vc_single_image image=&#8221;33280&#8243; img_size=&#8221;medium&#8221; alignment=&#8221;right&#8221; onclick=&#8221;img_link_large&#8221;][\/vc_column][\/vc_row][vc_row gap=&#8221;35&#8243; css=&#8221;.vc_custom_1674655575976{margin-bottom: 50px !important;}&#8221; el_id=&#8221;downloadsection&#8221;][vc_column width=&#8221;2\/3&#8243;][vc_column_text]<\/p>\n<h2 class=\"headline_superbig\">Download<\/h2>\n<p>[\/vc_column_text][vc_empty_space height=&#8221;50&#8243;][vc_row_inner el_id=&#8221;wpcf7_form&#8221;][vc_column_inner][vc_column_text]Please fill in the requested information for a free download.[\/vc_column_text][vc_empty_space height=&#8221;50&#8243;]<div class=\"wpcf7 no-js\" id=\"wpcf7-f33268-o1\" lang=\"de-DE\" dir=\"ltr\">\n<div class=\"screen-reader-response\"><p role=\"status\" aria-live=\"polite\" aria-atomic=\"true\"><\/p> <ul><\/ul><\/div>\n<form action=\"\/en\/wp-json\/wp\/v2\/pages\/32958#wpcf7-f33268-o1\" method=\"post\" class=\"wpcf7-form init\" aria-label=\"Kontaktformular\" novalidate=\"novalidate\" data-status=\"init\">\n<div style=\"display: none;\">\n<input type=\"hidden\" name=\"_wpcf7\" value=\"33268\" \/>\n<input type=\"hidden\" name=\"_wpcf7_version\" value=\"5.7.1\" \/>\n<input type=\"hidden\" name=\"_wpcf7_locale\" value=\"de_DE_formal\" \/>\n<input type=\"hidden\" name=\"_wpcf7_unit_tag\" value=\"wpcf7-f33268-o1\" \/>\n<input type=\"hidden\" name=\"_wpcf7_container_post\" value=\"0\" \/>\n<input type=\"hidden\" name=\"_wpcf7_posted_data_hash\" value=\"\" \/>\n<input type=\"hidden\" name=\"_wpcf7_recaptcha_response\" value=\"\" \/>\n<\/div>\n<div class=\"formcol left\">\n\t<p><label><span class=\"wpcf7-form-control-wrap\" data-name=\"your-firstname\"><input size=\"40\" class=\"wpcf7-form-control wpcf7-text wpcf7-validates-as-required\" aria-required=\"true\" aria-invalid=\"false\" placeholder=\"First Name*\" value=\"\" type=\"text\" name=\"your-firstname\" \/><\/span><\/label>\n\t<\/p>\n<\/div>\n<div class=\"formcol right\">\n\t<p><label><span class=\"wpcf7-form-control-wrap\" data-name=\"your-lastname\"><input size=\"40\" class=\"wpcf7-form-control wpcf7-text wpcf7-validates-as-required\" aria-required=\"true\" aria-invalid=\"false\" placeholder=\"Last Name*\" value=\"\" type=\"text\" name=\"your-lastname\" \/><\/span><\/label>\n\t<\/p>\n<\/div>\n<div class=\"clear\">\n<\/div>\n<div class=\"formcol left\">\n\t<p><label><span class=\"wpcf7-form-control-wrap\" data-name=\"your-email\"><input size=\"40\" class=\"wpcf7-form-control wpcf7-text wpcf7-email wpcf7-validates-as-required wpcf7-validates-as-email\" aria-required=\"true\" aria-invalid=\"false\" placeholder=\"Business E-Mail-Address*\" value=\"\" type=\"email\" name=\"your-email\" \/><\/span><\/label>\n\t<\/p>\n<\/div>\n<div class=\"formcol right\">\n\t<p><label><span class=\"wpcf7-form-control-wrap\" data-name=\"your-company\"><input size=\"40\" class=\"wpcf7-form-control wpcf7-text wpcf7-validates-as-required\" aria-required=\"true\" aria-invalid=\"false\" placeholder=\"Company*\" value=\"\" type=\"text\" name=\"your-company\" \/><\/span><\/label>\n\t<\/p>\n<\/div>\n<div class=\"clear\">\n<\/div>\n<p><span id=\"wpcf7-69f5d16b08339-wrapper\" class=\"wpcf7-form-control-wrap weitere-infos-wrap\" ><label for=\"wpcf7-69f5d16b08339-field\" class=\"hp-message\">Bitte lassen Sie dieses Feld leer.<\/label><input id=\"wpcf7-69f5d16b08339-field\"  class=\"wpcf7-form-control wpcf7-text\" type=\"text\" name=\"weitere-infos\" value=\"\" size=\"40\" tabindex=\"-1\" autocomplete=\"off\" \/><\/span>\n<\/p>\n<p><span class=\"wpcf7-form-control-wrap\" data-name=\"checkbox-newsletter\"><span class=\"wpcf7-form-control wpcf7-checkbox\"><span class=\"wpcf7-list-item first last\"><label><input type=\"checkbox\" name=\"checkbox-newsletter[]\" value=\"I agree to be contacted by Striped Giraffe Innovation &amp; Strategy GmbH and to be informed occasionally about industry news, news about our services and events. The data will be treated confidentially and will not be passed on to third parties. I can revoke my consent at any time by sending an e-mail to unsubscribe@striped-giraffe.com.\" tabindex=\"\" \/><span class=\"wpcf7-list-item-label\">I agree to be contacted by Striped Giraffe Innovation &amp; Strategy GmbH and to be informed occasionally about industry news, news about our services and events. The data will be treated confidentially and will not be passed on to third parties. I can revoke my consent at any time by sending an e-mail to unsubscribe@striped-giraffe.com.<\/span><\/label><\/span><\/span><\/span>\n<\/p>\n<p><span class=\"wpcf7-form-control-wrap\" data-name=\"checkbox-dsgvo\"><span class=\"wpcf7-form-control wpcf7-checkbox wpcf7-validates-as-required\"><span class=\"wpcf7-list-item first last\"><label><input type=\"checkbox\" name=\"checkbox-dsgvo[]\" value=\"I agree to the privacy policy*\" tabindex=\"\" \/><span class=\"wpcf7-list-item-label\">I agree to the privacy policy*<\/span><\/label><\/span><\/span><\/span>\n<\/p>\n<p><small>* required fields <\/small>\n<\/p>\n<p><input type=\"hidden\" name=\"field_referer\" value=\"\/en\/wp-json\/wp\/v2\/pages\/32958\" \/><input type=\"hidden\" name=\"form_language\" value=\"en\" \/><input type=\"hidden\" name=\"ext_referer\" value=\"\" \/>\n<\/p>\n<p><input class=\"wpcf7-form-control has-spinner wpcf7-submit\" type=\"submit\" value=\"Send\" \/>\n<\/p><input type='hidden' class='wpcf7-pum' value='{\"closepopup\":false,\"closedelay\":0,\"openpopup\":false,\"openpopup_id\":0}' \/><div class=\"wpcf7-response-output\" aria-hidden=\"true\"><\/div><\/form><\/div>[\/vc_column_inner][\/vc_row_inner][vc_row_inner el_id=&#8221;wpcf7_optin&#8221;][vc_column_inner el_id=&#8221;before_optin&#8221;][vc_column_text]<strong>One click is missing to download&#8230;<\/strong><\/p>\n<p>We have sent you an e-mail for data protection reasons.<\/p>\n<p>Please open this e-mail in your mailbox<\/p>\n<p>Click on the link in our email to confirm your email address. We will then provide you with the link on our site.[\/vc_column_text][\/vc_column_inner][\/vc_row_inner][vc_row_inner el_id=&#8221;wpcf7_after_optin&#8221;][vc_column_inner][vc_column_text]<strong>Thank you for your interest.\u00a0<\/strong><\/p>\n<p>Thank you for your confirmation. Please, click on the following link.<\/p>\n<p class=\"p1\"><\/p>\n<p>[\/vc_column_text][\/vc_column_inner][\/vc_row_inner][\/vc_column][vc_column width=&#8221;1\/3&#8243;][vc_single_image image=&#8221;33264&#8243; img_size=&#8221;medium&#8221;][\/vc_column][\/vc_row][vc_row css=&#8221;.vc_custom_1674734248272{margin-top: 150px !important;padding-bottom: 60px !important;background-color: #ffffff !important;}&#8221;][vc_column][vc_column_text]<\/p>\n<h3>ABOUT SNOWFLAKE<\/h3>\n<p>Snowflake delivers the Data Cloud\u2014a global network where thousands of organizations mobilize data with near-unlimited scale, concurrency, and performance. Inside the Data Cloud, organizations unite their siloed data, easily discover and securely share governed data, and execute diverse analytic workloads. Wherever data or users live, Snowflake delivers a single and seamless experience across multiple public clouds. Join Snowflake customers, partners, and data providers already taking their businesses to new frontiers in the Data Cloud.<\/p>\n<p><a href=\"https:\/\/www.snowflake.com\/en\/\" target=\"_blank\" rel=\"noopener\">Snowflake.com<\/a>.[\/vc_column_text][vc_empty_space][vc_empty_space][vc_column_text]<\/p>\n<h3>ABOUT INFORMATICA<\/h3>\n<p>At Informatica (NYSE: INFA), we believe data is the soul of business transformation. As the Enterprise Cloud Data Management leader, we empower businesses to realize the transformative power of data. We have pioneered a new category of software, the Informatica Intelligent Data Management Cloud\u2122, powered by AI and a cloud-first, cloud-native, end-to-end data management platform that connects, manages and unifies data across any multi-cloud, hybrid system, empowering enterprises to modernize and advance their data strategies.\u202fCustomers in 84 of the Fortune 100 rely on Informatica to\u202fdrive\u202fdata-led digital transformation. Connect with us on <a href=\"https:\/\/www.linkedin.com\/company\/informatica\/\">LinkedIn<\/a>,\u202f<a href=\"http:\/\/twitter.com\/Informatica\">Twitter<\/a>, and <a href=\"https:\/\/www.facebook.com\/InformaticaLLC\">Facebook<\/a>. <strong>Informatica. Cloud First. Data Always\u2122.<\/strong><\/p>\n<p><a href=\"https:\/\/www.informatica.com\/\" target=\"_blank\" rel=\"noopener\">Informatica.com<\/a>.[\/vc_column_text][vc_empty_space][vc_empty_space][vc_column_text]<\/p>\n<h3>About Striped Giraffe<\/h3>\n<p>Striped Giraffe is a provider of digital enterprise solutions. The focus is on e-commerce and data management. The Munich-based company attaches great importance to the highest quality in all its services, including consulting, project management, development, and UX\/UI. In addition to relevant partner systems such as SAP, Informatica, or Adobe, the technology offering also includes a high level of expertise in the areas of AI, Augmented Reality, and IoT. Due to its reliability and high quality, customers such as Hilti, Ratioform, and Merck appreciate the long-term cooperation with Striped Giraffe.<\/p>\n<p><a href=\"https:\/\/www.striped-giraffe.com\/en\/\" target=\"_blank\" rel=\"noopener\">striped-giraffe.com<\/a>[\/vc_column_text][\/vc_column][\/vc_row][vc_row full_width=&#8221;stretch_row&#8221; bg_type=&#8221;bg_color&#8221; bg_color_value=&#8221;#000000&#8243; css=&#8221;.vc_custom_1655133022851{background-color: #000000 !important;}&#8221;][vc_column][vc_row_inner][vc_column_inner][vc_column_text css=&#8221;.vc_custom_1648541828955{margin-top: 100px !important;}&#8221;]<\/p>\n<h2 class=\"headline_superbig\"><span style=\"color: #ffffff;\">Good to know<\/span><\/h2>\n<p>[\/vc_column_text][\/vc_column_inner][\/vc_row_inner][\/vc_column][\/vc_row][vc_row full_width=&#8221;stretch_row&#8221; gap=&#8221;35&#8243; disable_element=&#8221;yes&#8221; bg_type=&#8221;bg_color&#8221; ult_hide_row=&#8221;ult_hide_row_value&#8221; ult_hide_row_large_screen=&#8221;large_screen&#8221; ult_hide_row_desktop=&#8221;desktop&#8221; ult_hide_row_tablet=&#8221;tablet&#8221; ult_hide_row_tablet_small=&#8221;xs_tablet&#8221; ult_hide_row_mobile=&#8221;mobile&#8221; ult_hide_row_mobile_large=&#8221;xl_mobile&#8221; css=&#8221;.vc_custom_1674734744348{margin-top: 0px !important;margin-bottom: 0px !important;padding-top: 50px !important;padding-bottom: 50px !important;background-color: #000000 !important;}&#8221; bg_color_value=&#8221;#000000&#8243;][vc_column][vc_row_inner][vc_column_inner width=&#8221;1\/3&#8243; css=&#8221;.vc_custom_1610013762619{padding-right: 25px !important;}&#8221;][vc_column_text]<\/p>\n<h2><span style=\"color: #ef6c00;\">WE CREATE ADDED VALUE<\/span> <span style=\"color: #ffffff;\">FOR OUR\u00a0 CUSTOMERS.<\/span><\/h2>\n<p><span style=\"color: #ffffff;\">This leads to a long-term cooperation with our customers, which we appreciate very much. You can find even more e-books, case studies, and co. in our <a style=\"color: #ffffff;\" href=\"https:\/\/www.striped-giraffe.com\/en\/insights\/\">Insights<\/a>.<\/span>[\/vc_column_text][\/vc_column_inner][vc_column_inner width=&#8221;1\/3&#8243;]<div class=\"templatera_shortcode\"><div class=\"vc_row wpb_row vc_row-fluid\"><div class=\"wpb_column vc_column_container vc_col-sm-12\"><div class=\"vc_column-inner\"><div class=\"wpb_wrapper\"><div id='' class='teaserbox  nooverlay'><div class='teaserbox_inner'><div class='teaserheadline'><h2 style='color:#ef6c00;font-family:DinWebPro Bold;'>Technology Overview &amp; Evaluation Process<\/h2><h3 style='color:#ffffff;'>E-Commerce Solution Selection Guide 01<\/h3><\/div><div class='teaserlink'><a href='https:\/\/www.striped-giraffe.com\/en\/ecommerce-evaluation-guide-01\/' style='color:#ffffff;'>Download<\/a><\/div><div class='wpb_single_image desktop_only'><img src='https:\/\/www.striped-giraffe.com\/wp-content\/uploads\/2022\/03\/Evaluation_Guide_01_Teaser_b-600x960.jpg' \/><\/div><div class='wpb_single_image mobile_only'><img src='https:\/\/www.striped-giraffe.com\/wp-content\/uploads\/2022\/03\/Evaluation_Guide_01_Teaser_b-600x700.jpg' \/><\/div><\/div><\/div><\/div><\/div><\/div><\/div><\/div>[\/vc_column_inner][vc_column_inner width=&#8221;1\/3&#8243;]<div class=\"templatera_shortcode\"><div class=\"vc_row wpb_row vc_row-fluid\"><div class=\"wpb_column vc_column_container vc_col-sm-12\"><div class=\"vc_column-inner\"><div class=\"wpb_wrapper\"><div id='' class='teaserbox  nooverlay'><div class='teaserbox_inner'><div class='teaserheadline'><h3 style='text-transform:uppercase;color:#ef6c00;font-family:DinWebPro Bold;'>INSIGHTS<\/h3><h2 style='text-transform:none;color:#ffffff;'>Check out our latest e-books, case studies, and blog articles.<\/h2><\/div><div class='teaserlink'><a href='https:\/\/www.striped-giraffe.com\/en\/insights\/' style='color:#ffffff;'>Insights<\/a><\/div><div class='wpb_single_image desktop_only'><img src='https:\/\/www.striped-giraffe.com\/wp-content\/uploads\/2021\/01\/Insights-600x960.jpg' \/><\/div><div class='wpb_single_image mobile_only'><img src='https:\/\/www.striped-giraffe.com\/wp-content\/uploads\/2021\/01\/Insights-600x700.jpg' \/><\/div><\/div><\/div><\/div><\/div><\/div><\/div><\/div>[\/vc_column_inner][\/vc_row_inner][\/vc_column][\/vc_row]<\/p>\n<\/section>","protected":false},"excerpt":{"rendered":"Your License to grow Combining Snowflake Cloud DWH or Data Lake with Informatica Intelligent Data Management Cloud (IDMC) is the [...]","protected":false},"author":2,"featured_media":33251,"parent":0,"menu_order":0,"comment_status":"closed","ping_status":"closed","template":"page-sidebar.php","meta":{"footnotes":""},"acf":[],"yoast_head":"<!-- This site is optimized with the Yoast SEO Premium plugin v20.5 (Yoast SEO v20.5) - https:\/\/yoast.com\/wordpress\/plugins\/seo\/ -->\n<title>IDMC meets Snowflake: Unser Angebot f\u00fcr Sie<\/title>\n<meta name=\"description\" content=\"Combining Snowflake Cloud DWH or Data Lake with Informatica IDMC for optimized process automation and better information services.\" \/>\n<meta name=\"robots\" content=\"index, follow, max-snippet:-1, max-image-preview:large, max-video-preview:-1\" \/>\n<link rel=\"canonical\" href=\"https:\/\/www.striped-giraffe.com\/en\/informatica-snowflake\/\" \/>\n<meta property=\"og:locale\" content=\"en_US\" \/>\n<meta property=\"og:type\" content=\"article\" \/>\n<meta property=\"og:title\" content=\"Landingpage Snowflake-Informatica\" \/>\n<meta property=\"og:description\" content=\"Combining Snowflake Cloud DWH or Data Lake with Informatica IDMC for optimized process automation and better information services.\" \/>\n<meta property=\"og:url\" content=\"https:\/\/www.striped-giraffe.com\/en\/informatica-snowflake\/\" \/>\n<meta property=\"og:site_name\" content=\"Striped Giraffe\" \/>\n<meta property=\"article:modified_time\" content=\"2023-02-07T16:46:28+00:00\" \/>\n<meta property=\"og:image\" content=\"https:\/\/www.striped-giraffe.com\/wp-content\/uploads\/2023\/01\/Striped_Giraffe_Snowflake_IDMC_package-cover.jpg\" \/>\n\t<meta property=\"og:image:width\" content=\"1200\" \/>\n\t<meta property=\"og:image:height\" content=\"931\" \/>\n\t<meta property=\"og:image:type\" content=\"image\/jpeg\" \/>\n<meta name=\"twitter:card\" content=\"summary_large_image\" \/>\n<meta name=\"twitter:label1\" content=\"Est. reading time\" \/>\n\t<meta name=\"twitter:data1\" content=\"4 minutes\" \/>\n<script type=\"application\/ld+json\" class=\"yoast-schema-graph\">{\"@context\":\"https:\/\/schema.org\",\"@graph\":[{\"@type\":\"WebPage\",\"@id\":\"https:\/\/www.striped-giraffe.com\/en\/informatica-snowflake\/\",\"url\":\"https:\/\/www.striped-giraffe.com\/en\/informatica-snowflake\/\",\"name\":\"IDMC meets Snowflake: Unser Angebot f\u00fcr Sie\",\"isPartOf\":{\"@id\":\"https:\/\/www.striped-giraffe.com\/de\/#website\"},\"datePublished\":\"2022-12-07T12:05:55+00:00\",\"dateModified\":\"2023-02-07T16:46:28+00:00\",\"description\":\"Combining Snowflake Cloud DWH or Data Lake with Informatica IDMC for optimized process automation and better information services.\",\"inLanguage\":\"en-US\",\"potentialAction\":[{\"@type\":\"ReadAction\",\"target\":[\"https:\/\/www.striped-giraffe.com\/en\/informatica-snowflake\/\"]}]},{\"@type\":\"WebSite\",\"@id\":\"https:\/\/www.striped-giraffe.com\/de\/#website\",\"url\":\"https:\/\/www.striped-giraffe.com\/de\/\",\"name\":\"Striped Giraffe\",\"description\":\"Ihr zuverl\u00e4ssiger Anbieter f\u00fcr digitale Enterprise-L\u00f6sungen\",\"publisher\":{\"@id\":\"https:\/\/www.striped-giraffe.com\/de\/#organization\"},\"potentialAction\":[{\"@type\":\"SearchAction\",\"target\":{\"@type\":\"EntryPoint\",\"urlTemplate\":\"https:\/\/www.striped-giraffe.com\/de\/?s={search_term_string}\"},\"query-input\":\"required name=search_term_string\"}],\"inLanguage\":\"en-US\"},{\"@type\":\"Organization\",\"@id\":\"https:\/\/www.striped-giraffe.com\/de\/#organization\",\"name\":\"Striped Giraffe\",\"url\":\"https:\/\/www.striped-giraffe.com\/de\/\",\"logo\":{\"@type\":\"ImageObject\",\"inLanguage\":\"en-US\",\"@id\":\"https:\/\/www.striped-giraffe.com\/de\/#\/schema\/logo\/image\/\",\"url\":\"https:\/\/www.striped-giraffe.com\/wp-content\/uploads\/2021\/01\/giraffe_white.svg\",\"contentUrl\":\"https:\/\/www.striped-giraffe.com\/wp-content\/uploads\/2021\/01\/giraffe_white.svg\",\"caption\":\"Striped Giraffe\"},\"image\":{\"@id\":\"https:\/\/www.striped-giraffe.com\/de\/#\/schema\/logo\/image\/\"}}]}<\/script>\n<!-- \/ Yoast SEO Premium plugin. -->","yoast_head_json":{"title":"IDMC meets Snowflake: Unser Angebot f\u00fcr Sie","description":"Combining Snowflake Cloud DWH or Data Lake with Informatica IDMC for optimized process automation and better information services.","robots":{"index":"index","follow":"follow","max-snippet":"max-snippet:-1","max-image-preview":"max-image-preview:large","max-video-preview":"max-video-preview:-1"},"canonical":"https:\/\/www.striped-giraffe.com\/en\/informatica-snowflake\/","og_locale":"en_US","og_type":"article","og_title":"Landingpage Snowflake-Informatica","og_description":"Combining Snowflake Cloud DWH or Data Lake with Informatica IDMC for optimized process automation and better information services.","og_url":"https:\/\/www.striped-giraffe.com\/en\/informatica-snowflake\/","og_site_name":"Striped Giraffe","article_modified_time":"2023-02-07T16:46:28+00:00","og_image":[{"width":1200,"height":931,"url":"https:\/\/www.striped-giraffe.com\/wp-content\/uploads\/2023\/01\/Striped_Giraffe_Snowflake_IDMC_package-cover.jpg","type":"image\/jpeg"}],"twitter_card":"summary_large_image","twitter_misc":{"Est. reading time":"4 minutes"},"schema":{"@context":"https:\/\/schema.org","@graph":[{"@type":"WebPage","@id":"https:\/\/www.striped-giraffe.com\/en\/informatica-snowflake\/","url":"https:\/\/www.striped-giraffe.com\/en\/informatica-snowflake\/","name":"IDMC meets Snowflake: Unser Angebot f\u00fcr Sie","isPartOf":{"@id":"https:\/\/www.striped-giraffe.com\/de\/#website"},"datePublished":"2022-12-07T12:05:55+00:00","dateModified":"2023-02-07T16:46:28+00:00","description":"Combining Snowflake Cloud DWH or Data Lake with Informatica IDMC for optimized process automation and better information services.","inLanguage":"en-US","potentialAction":[{"@type":"ReadAction","target":["https:\/\/www.striped-giraffe.com\/en\/informatica-snowflake\/"]}]},{"@type":"WebSite","@id":"https:\/\/www.striped-giraffe.com\/de\/#website","url":"https:\/\/www.striped-giraffe.com\/de\/","name":"Striped Giraffe","description":"Ihr zuverl\u00e4ssiger Anbieter f\u00fcr digitale Enterprise-L\u00f6sungen","publisher":{"@id":"https:\/\/www.striped-giraffe.com\/de\/#organization"},"potentialAction":[{"@type":"SearchAction","target":{"@type":"EntryPoint","urlTemplate":"https:\/\/www.striped-giraffe.com\/de\/?s={search_term_string}"},"query-input":"required name=search_term_string"}],"inLanguage":"en-US"},{"@type":"Organization","@id":"https:\/\/www.striped-giraffe.com\/de\/#organization","name":"Striped Giraffe","url":"https:\/\/www.striped-giraffe.com\/de\/","logo":{"@type":"ImageObject","inLanguage":"en-US","@id":"https:\/\/www.striped-giraffe.com\/de\/#\/schema\/logo\/image\/","url":"https:\/\/www.striped-giraffe.com\/wp-content\/uploads\/2021\/01\/giraffe_white.svg","contentUrl":"https:\/\/www.striped-giraffe.com\/wp-content\/uploads\/2021\/01\/giraffe_white.svg","caption":"Striped Giraffe"},"image":{"@id":"https:\/\/www.striped-giraffe.com\/de\/#\/schema\/logo\/image\/"}}]}},"_links":{"self":[{"href":"https:\/\/www.striped-giraffe.com\/en\/wp-json\/wp\/v2\/pages\/32958"}],"collection":[{"href":"https:\/\/www.striped-giraffe.com\/en\/wp-json\/wp\/v2\/pages"}],"about":[{"href":"https:\/\/www.striped-giraffe.com\/en\/wp-json\/wp\/v2\/types\/page"}],"author":[{"embeddable":true,"href":"https:\/\/www.striped-giraffe.com\/en\/wp-json\/wp\/v2\/users\/2"}],"replies":[{"embeddable":true,"href":"https:\/\/www.striped-giraffe.com\/en\/wp-json\/wp\/v2\/comments?post=32958"}],"version-history":[{"count":23,"href":"https:\/\/www.striped-giraffe.com\/en\/wp-json\/wp\/v2\/pages\/32958\/revisions"}],"predecessor-version":[{"id":33283,"href":"https:\/\/www.striped-giraffe.com\/en\/wp-json\/wp\/v2\/pages\/32958\/revisions\/33283"}],"wp:featuredmedia":[{"embeddable":true,"href":"https:\/\/www.striped-giraffe.com\/en\/wp-json\/wp\/v2\/media\/33251"}],"wp:attachment":[{"href":"https:\/\/www.striped-giraffe.com\/en\/wp-json\/wp\/v2\/media?parent=32958"}],"curies":[{"name":"wp","href":"https:\/\/api.w.org\/{rel}","templated":true}]}}