{"id":34400,"date":"2023-05-30T12:30:58","date_gmt":"2023-05-30T10:30:58","guid":{"rendered":"https:\/\/www.striped-giraffe.com\/expertise\/digital-self-services\/"},"modified":"2024-09-11T12:24:31","modified_gmt":"2024-09-11T10:24:31","slug":"digital-self-services","status":"publish","type":"page","link":"https:\/\/www.striped-giraffe.com\/en\/expertise\/digital-self-services\/","title":{"rendered":"Digital Self-Services"},"content":{"rendered":"<section class=\"wpb-content-wrapper\"><p>[vc_row full_width=&#8221;stretch_row&#8221; full_height=&#8221;yes&#8221; css_animation=&#8221;none&#8221; bg_type=&#8221;image&#8221; parallax_style=&#8221;vcpb-default&#8221; bg_image_new=&#8221;id^34330|url^https:\/\/www.striped-giraffe.com\/wp-content\/uploads\/2023\/05\/Header_Digital_self-services.jpg|caption^digital self-services|alt^digital self-services|title^digital self-services|description^digital self-services&#8221; css=&#8221;.vc_custom_1685443538283{margin-bottom: 100px !important;background-position: center !important;background-repeat: no-repeat !important;background-size: cover !important;}&#8221;][vc_column css_animation=&#8221;slideInUp&#8221;][vc_column_text]<\/p>\n<h1 style=\"text-align: center;\"><span style=\"color: #ffffff;\">Digital Self-Services<\/span><\/h1>\n<p>[\/vc_column_text][\/vc_column][\/vc_row][vc_row el_class=&#8221;closetotop&#8221; css=&#8221;.vc_custom_1705590296656{margin-top: -220px !important;margin-bottom: 50px !important;padding-top: 50px !important;padding-bottom: 50px !important;background-color: #ffffff !important;}&#8221;][vc_column][vc_column_text css=&#8221;.vc_custom_1685541008219{padding-bottom: 50px !important;}&#8221;]<\/p>\n<h2 class=\"headline_introduction\" style=\"text-align: center;\">Digital self-services will be vital in the future. And they should not be neglected, because they bring many advantages for all parties involved.<\/h2>\n<p>[\/vc_column_text][vc_separator color=&#8221;black&#8221; border_width=&#8221;5&#8243; el_width=&#8221;10&#8243;][\/vc_column][\/vc_row][vc_row gap=&#8221;35&#8243; css=&#8221;.vc_custom_1705590375686{margin-top: 50px !important;margin-bottom: 50px !important;margin-left: 0px !important;}&#8221; el_class=&#8221;closetotop&#8221;][vc_column width=&#8221;1\/3&#8243;][vc_column_text]<\/p>\n<h2 class=\"headline_superbig\">Benefits<\/h2>\n<p>[\/vc_column_text][\/vc_column][vc_column width=&#8221;2\/3&#8243; css=&#8221;.vc_custom_1611249278937{padding-left: 0px !important;}&#8221;][vc_column_text]Whether B2B or B2C &#8211; <span style=\"color: #ef6c00;\">customers today expect digital self-services from an online platform<\/span>. They form a central element of the user experience. So customers can order or process products and services in your customer portal wherever and whenever they want. And they receive all the information they need at the touch of a button, without having to interpose a company employee. This inevitably leads to a high level of customer satisfaction and thus to strengthened customer loyalty.<\/p>\n<p><span style=\"color: #ef6c00;\">Suppliers also want to benefit from the advantages of digital self-services.<\/span> After all, the independence of time and location is becoming increasingly relevant. Nowadays, flexibility is one of the decisive competitive advantages.<\/p>\n<p><span style=\"color: #ef6c00;\">Even employees use digital self-services<\/span>, for example, in the form of online access to salary documents or vacation requests, and much more.<\/p>\n<p>Employees are relieved by the use of self-services and can concentrate on other productive tasks. This in turn increases efficiency in companies and saves immense costs. In addition, self-services can be monitored precisely and generate automated reports. This, in turn, can be used to optimize processes, products, etc.<\/p>\n<p>The list of benefits for all stakeholders is long and will continue to evolve in the future.<\/p>\n<p>We have observed that with all the possibilities of self-services, the user&#8217;s added value should be the first and foremost consideration. Cost reduction and process optimization should not be the sole drivers; they arise automatically.<\/p>\n<p>Unfortunately, many digital self-services are still well hidden and not intuitive for the user. In this context, a good user experience is also essential.[\/vc_column_text][\/vc_column][\/vc_row][vc_row gap=&#8221;35&#8243; css=&#8221;.vc_custom_1705590283172{margin-bottom: 100px !important;}&#8221;][vc_column width=&#8221;1\/3&#8243;][vc_column_text]<\/p>\n<h2 class=\"headline_superbig\">Our approach<\/h2>\n<p>[\/vc_column_text][\/vc_column][vc_column width=&#8221;2\/3&#8243; css=&#8221;.vc_custom_1611249278937{padding-left: 0px !important;}&#8221;][vc_column_text]We assist in identifying and advising on digital self-services in all areas. With a wealth of experience across many verticals, we can bring this expertise to bear and be an ideal sparring partner for our clients. The same applies to very specific requirements, where we can always provide feedback on the technical implications.<\/p>\n<p>In the end, we stand by our customers as an implementation partner. Services can be integrated into existing software solutions or implemented as stand-alone applications. This means that the individual services can be developed in an agile manner within a short period of time, regardless of the technology. And this applies to any company size.[\/vc_column_text][\/vc_column][\/vc_row][vc_row gap=&#8221;35&#8243; css=&#8221;.vc_custom_1724317649240{margin-bottom: 100px !important;}&#8221; el_id=&#8221;downloadsection&#8221;][vc_column width=&#8221;1\/3&#8243;][vc_column_text]<\/p>\n<h2 class=\"headline_superbig\">Download<\/h2>\n<p>[\/vc_column_text][vc_empty_space height=&#8221;50&#8243;][vc_single_image image=&#8221;34649&#8243; img_size=&#8221;medium&#8221; style=&#8221;vc_box_shadow&#8221;][\/vc_column][vc_column width=&#8221;2\/3&#8243;][vc_column_text]<span style=\"color: #ef6c00;\">Digital self-services in a nutshell: Benefits, challenges, trends, use cases, etc. in one booklet.<\/span>[\/vc_column_text][vc_empty_space height=&#8221;50&#8243;][vc_column_text]<div class='_form_92'><\/div><script type='text\/javascript' src='https:\/\/striped-giraffe.activehosted.com\/f\/embed.php?static=0&id=92&69FE14E6BF879&nostyles=0&preview=0'><\/script>[\/vc_column_text][\/vc_column][\/vc_row][vc_row full_width=&#8221;stretch_row&#8221; css=&#8221;.vc_custom_1705590398011{margin-bottom: 100px !important;}&#8221;][vc_column][vc_row_inner][vc_column_inner width=&#8221;1\/3&#8243;][vc_column_text]<\/p>\n<h2 class=\"headline_superbig\">Let&#8217;s talk<\/h2>\n<p>[\/vc_column_text][\/vc_column_inner][vc_column_inner width=&#8221;2\/3&#8243;][vc_column_text]<\/p>\n<h3>Do you need a <strong>specific\u00a0offer<\/strong> or a <strong>sparring partner <\/strong>to discuss ideas?<\/h3>\n<h3>Just contact us:<\/h3>\n<ul>\n<li><a href=\"mailto:experts@striped-giraffe.com\">experts@striped-giraffe.com<\/a><\/li>\n<li><span style=\"color: #ef6c00;\">+49 (0)89-416 126-667<\/span><\/li>\n<\/ul>\n<p>[\/vc_column_text]<a class=\"calendly\" href=\"\" onclick=\"Calendly.initPopupWidget({url: 'https:\/\/calendly.com\/striped-giraffe\/30min'});return false;\">Or book a meeting<\/a>[vc_column_text css=&#8221;.vc_custom_1705587124145{margin-top: 32px !important;}&#8221;]<\/p>\n<h3>We will be happy to support you.<\/h3>\n<p>[\/vc_column_text][\/vc_column_inner][\/vc_row_inner][\/vc_column][\/vc_row][vc_row full_width=&#8221;stretch_row&#8221; bg_type=&#8221;bg_color&#8221; bg_color_value=&#8221;#000000&#8243; css=&#8221;.vc_custom_1659959893324{padding-top: 100px !important;}&#8221;][vc_column][vc_row_inner][vc_column_inner width=&#8221;1\/3&#8243; css=&#8221;.vc_custom_1611218644223{padding-right: 35px !important;}&#8221;][vc_column_text]<\/p>\n<h2 class=\"headline_superbig\"><span style=\"color: #ffffff;\">FULL-SERVICE FOR YOUR DIGITAL CHALLENGE<\/span><\/h2>\n<p><span style=\"color: #ffffff;\">No matter what digital challenge you are facing, we will support you. With various specialists in our team and our network of experts, we find the right solution for every problem.<\/span>[\/vc_column_text][vc_empty_space][\/vc_column_inner][vc_column_inner width=&#8221;1\/3&#8243;]<div class=\"templatera_shortcode\"><div class=\"vc_row wpb_row vc_row-fluid\"><div class=\"wpb_column vc_column_container vc_col-sm-12\"><div class=\"vc_column-inner\"><div class=\"wpb_wrapper\"><div id='' class='teaserbox  overlay'><div class='teaserbox_inner'><div class='teaserheadline'><h2 style='color:#ffffff;font-family:DinWebPro Bold;'>IT Consulting<\/h2><h3 style='color:#ffffff;'>Fresh ideas and in-depth know-how for your business<\/h3><\/div><div class='teasertext'><div class='wpb_wrapper'>Challenging times demand adequate and flexible solutions. The range is huge. The right solution can be found or developed for every company and every problem.<\/div><\/div><div class='teaserlink'><a href='https:\/\/www.striped-giraffe.com\/en\/services\/it-consulting\/' style='color:#ffffff;'>IT Consulting<\/a><\/div><div class='wpb_single_image desktop_only'><img src='https:\/\/www.striped-giraffe.com\/wp-content\/uploads\/2021\/01\/Teaser_IT_Consulting.jpg' \/><\/div><div class='wpb_single_image mobile_only'><img src='https:\/\/www.striped-giraffe.com\/wp-content\/uploads\/2021\/01\/Teaser_IT_Consulting-600x700.jpg' \/><\/div><\/div><\/div><\/div><\/div><\/div><\/div><\/div>[\/vc_column_inner][vc_column_inner width=&#8221;1\/3&#8243;]<div class=\"templatera_shortcode\"><div class=\"vc_row wpb_row vc_row-fluid\"><div class=\"wpb_column vc_column_container vc_col-sm-12\"><div class=\"vc_column-inner\"><div class=\"wpb_wrapper\"><div id='' class='teaserbox  overlay'><div class='teaserbox_inner'><div class='teaserheadline'><h2 style='color:#ffffff;font-family:DinWebPro Bold;'>PROJECT MANAGEMENT<\/h2><h3 style='color:#ffffff;'>Digital solutions that meet all requirements<\/h3><\/div><div class='teasertext'><div class='wpb_wrapper'>Our project managers stand for the optimal fulfillment of the requirements from the areas of business, user, and technology.<\/div><\/div><div class='teaserlink'><a href='https:\/\/www.striped-giraffe.com\/en\/services\/project-management\/' style='color:#ffffff;'>Project Management<\/a><\/div><div class='wpb_single_image desktop_only'><img src='https:\/\/www.striped-giraffe.com\/wp-content\/uploads\/2021\/01\/Projectmanagement_Teaser-600x960.jpg' \/><\/div><div class='wpb_single_image mobile_only'><img src='https:\/\/www.striped-giraffe.com\/wp-content\/uploads\/2021\/01\/Projectmanagement_Teaser-600x700.jpg' \/><\/div><\/div><\/div><\/div><\/div><\/div><\/div><\/div>[\/vc_column_inner][\/vc_row_inner][vc_row_inner][vc_column_inner width=&#8221;1\/3&#8243;]<div class=\"templatera_shortcode\"><div class=\"vc_row wpb_row vc_row-fluid\"><div class=\"wpb_column vc_column_container vc_col-sm-12\"><div class=\"vc_column-inner\"><div class=\"wpb_wrapper\"><div id='' class='teaserbox  overlay'><div class='teaserbox_inner'><div class='teaserheadline'><h2 style='color:#ffffff;font-family:DinWebPro Bold;'>User Experience<\/h2><h3 style='color:#ffffff;'>We create customer experiences that inspire<\/h3><\/div><div class='teasertext'><div class='wpb_wrapper'>We focus on the user in order to create a stunning customer experience.<\/div><\/div><div class='teaserlink'><a href='https:\/\/www.striped-giraffe.com\/en\/services\/user-experience\/' style='color:#ffffff;'>User Experience<\/a><\/div><div class='wpb_single_image desktop_only'><img src='https:\/\/www.striped-giraffe.com\/wp-content\/uploads\/2021\/01\/UX_UI_Teaser-2-600x960.jpg' \/><\/div><div class='wpb_single_image mobile_only'><img src='https:\/\/www.striped-giraffe.com\/wp-content\/uploads\/2021\/01\/UX_UI_Teaser-2-600x700.jpg' \/><\/div><\/div><\/div><\/div><\/div><\/div><\/div><\/div>[\/vc_column_inner][vc_column_inner width=&#8221;1\/3&#8243;]<div class=\"templatera_shortcode\"><div class=\"vc_row wpb_row vc_row-fluid\"><div class=\"wpb_column vc_column_container vc_col-sm-12\"><div class=\"vc_column-inner\"><div class=\"wpb_wrapper\"><div id='' class='teaserbox  overlay'><div class='teaserbox_inner'><div class='teaserheadline'><h2 style='color:#000000;font-family:DinWebPro Bold;'>Development<\/h2><h3 style='color:#000000;'>We develop innovative solutions<\/h3><\/div><div class='teasertext'><div class='wpb_wrapper'>We provide complete development teams on our own responsibility or complement existing teams with our expertise.<\/div><\/div><div class='teaserlink'><a href='https:\/\/www.striped-giraffe.com\/en\/services\/development\/' style='color:#ffffff;'>Development<\/a><\/div><div class='wpb_single_image desktop_only'><img src='https:\/\/www.striped-giraffe.com\/wp-content\/uploads\/2021\/01\/Teaser_Development.jpg' \/><\/div><div class='wpb_single_image mobile_only'><img src='https:\/\/www.striped-giraffe.com\/wp-content\/uploads\/2021\/01\/Teaser_Development-600x700.jpg' \/><\/div><\/div><\/div><\/div><\/div><\/div><\/div><\/div>[\/vc_column_inner][vc_column_inner width=&#8221;1\/3&#8243;]<div class=\"templatera_shortcode\"><div class=\"vc_row wpb_row vc_row-fluid\"><div class=\"wpb_column vc_column_container vc_col-sm-12\"><div class=\"vc_column-inner\"><div class=\"wpb_wrapper\"><div id='' class='teaserbox  overlay'><div class='teaserbox_inner'><div class='teaserheadline'><h2 style='color:#ffffff;font-family:DinWebPro Bold;'>Quality Assurance<\/h2><h3 style='color:#ffffff;'>Ensuring your software quality<\/h3><\/div><div class='teasertext'><div class='wpb_wrapper'>Our testing services ensure first-class quality assurance, which boosts the success of your products and increases their value.<\/div><\/div><div class='teaserlink'><a href='https:\/\/www.striped-giraffe.com\/en\/services\/quality_assurance\/' style='color:#ffffff;'>Entwicklung<\/a><\/div><div class='wpb_single_image desktop_only'><img src='https:\/\/www.striped-giraffe.com\/wp-content\/uploads\/2024\/05\/Teaser_QA.jpg' \/><\/div><div class='wpb_single_image mobile_only'><img src='https:\/\/www.striped-giraffe.com\/wp-content\/uploads\/2024\/05\/Teaser_QA-600x700.jpg' \/><\/div><\/div><\/div><\/div><\/div><\/div><\/div><\/div>[\/vc_column_inner][\/vc_row_inner][\/vc_column][\/vc_row]<\/p>\n<\/section>","protected":false},"excerpt":{"rendered":"Digital Self-Services Digital self-services will be vital in the future. And they should not be neglected, because they bring many [...]","protected":false},"author":2,"featured_media":0,"parent":19549,"menu_order":0,"comment_status":"closed","ping_status":"closed","template":"","meta":{"footnotes":""},"acf":[],"yoast_head":"<!-- This site is optimized with the Yoast SEO Premium plugin v20.5 (Yoast SEO v20.5) - https:\/\/yoast.com\/wordpress\/plugins\/seo\/ -->\n<title>Digital Self-Services in B2B und B2C<\/title>\n<meta name=\"description\" content=\"Ohne digitale Self-Services wird es zuk\u00fcnftig nicht mehr gehen. Das sollte es auch nicht, denn sie bringen allen Beteiligten viele Vorteile.\" \/>\n<meta name=\"robots\" content=\"index, follow, max-snippet:-1, max-image-preview:large, max-video-preview:-1\" \/>\n<link rel=\"canonical\" href=\"https:\/\/www.striped-giraffe.com\/en\/expertise\/digital-self-services\/\" \/>\n<meta property=\"og:locale\" content=\"en_US\" \/>\n<meta property=\"og:type\" content=\"article\" \/>\n<meta property=\"og:title\" content=\"Digital Self-Services\" \/>\n<meta property=\"og:description\" content=\"Ohne digitale Self-Services wird es zuk\u00fcnftig nicht mehr gehen. Das sollte es auch nicht, denn sie bringen allen Beteiligten viele Vorteile.\" \/>\n<meta property=\"og:url\" content=\"https:\/\/www.striped-giraffe.com\/en\/expertise\/digital-self-services\/\" \/>\n<meta property=\"og:site_name\" content=\"Striped Giraffe\" \/>\n<meta property=\"article:modified_time\" content=\"2024-09-11T10:24:31+00:00\" \/>\n<meta name=\"twitter:card\" content=\"summary_large_image\" \/>\n<meta name=\"twitter:label1\" content=\"Est. reading time\" \/>\n\t<meta name=\"twitter:data1\" content=\"4 minutes\" \/>\n<script type=\"application\/ld+json\" class=\"yoast-schema-graph\">{\"@context\":\"https:\/\/schema.org\",\"@graph\":[{\"@type\":\"WebPage\",\"@id\":\"https:\/\/www.striped-giraffe.com\/en\/expertise\/digital-self-services\/\",\"url\":\"https:\/\/www.striped-giraffe.com\/en\/expertise\/digital-self-services\/\",\"name\":\"Digital Self-Services in B2B und B2C\",\"isPartOf\":{\"@id\":\"https:\/\/www.striped-giraffe.com\/de\/#website\"},\"datePublished\":\"2023-05-30T10:30:58+00:00\",\"dateModified\":\"2024-09-11T10:24:31+00:00\",\"description\":\"Ohne digitale Self-Services wird es zuk\u00fcnftig nicht mehr gehen. Das sollte es auch nicht, denn sie bringen allen Beteiligten viele Vorteile.\",\"breadcrumb\":{\"@id\":\"https:\/\/www.striped-giraffe.com\/en\/expertise\/digital-self-services\/#breadcrumb\"},\"inLanguage\":\"en-US\",\"potentialAction\":[{\"@type\":\"ReadAction\",\"target\":[\"https:\/\/www.striped-giraffe.com\/en\/expertise\/digital-self-services\/\"]}]},{\"@type\":\"BreadcrumbList\",\"@id\":\"https:\/\/www.striped-giraffe.com\/en\/expertise\/digital-self-services\/#breadcrumb\",\"itemListElement\":[{\"@type\":\"ListItem\",\"position\":1,\"name\":\"Expertise\",\"item\":\"https:\/\/www.striped-giraffe.com\/en\/expertise\/\"},{\"@type\":\"ListItem\",\"position\":2,\"name\":\"Digital Self-Services\"}]},{\"@type\":\"WebSite\",\"@id\":\"https:\/\/www.striped-giraffe.com\/de\/#website\",\"url\":\"https:\/\/www.striped-giraffe.com\/de\/\",\"name\":\"Striped Giraffe\",\"description\":\"Ihr zuverl\u00e4ssiger Anbieter f\u00fcr digitale Enterprise-L\u00f6sungen\",\"publisher\":{\"@id\":\"https:\/\/www.striped-giraffe.com\/de\/#organization\"},\"potentialAction\":[{\"@type\":\"SearchAction\",\"target\":{\"@type\":\"EntryPoint\",\"urlTemplate\":\"https:\/\/www.striped-giraffe.com\/de\/?s={search_term_string}\"},\"query-input\":\"required name=search_term_string\"}],\"inLanguage\":\"en-US\"},{\"@type\":\"Organization\",\"@id\":\"https:\/\/www.striped-giraffe.com\/de\/#organization\",\"name\":\"Striped Giraffe\",\"url\":\"https:\/\/www.striped-giraffe.com\/de\/\",\"logo\":{\"@type\":\"ImageObject\",\"inLanguage\":\"en-US\",\"@id\":\"https:\/\/www.striped-giraffe.com\/de\/#\/schema\/logo\/image\/\",\"url\":\"https:\/\/www.striped-giraffe.com\/wp-content\/uploads\/2021\/01\/giraffe_white.svg\",\"contentUrl\":\"https:\/\/www.striped-giraffe.com\/wp-content\/uploads\/2021\/01\/giraffe_white.svg\",\"caption\":\"Striped Giraffe\"},\"image\":{\"@id\":\"https:\/\/www.striped-giraffe.com\/de\/#\/schema\/logo\/image\/\"}}]}<\/script>\n<!-- \/ Yoast SEO Premium plugin. -->","yoast_head_json":{"title":"Digital Self-Services in B2B und B2C","description":"Ohne digitale Self-Services wird es zuk\u00fcnftig nicht mehr gehen. Das sollte es auch nicht, denn sie bringen allen Beteiligten viele Vorteile.","robots":{"index":"index","follow":"follow","max-snippet":"max-snippet:-1","max-image-preview":"max-image-preview:large","max-video-preview":"max-video-preview:-1"},"canonical":"https:\/\/www.striped-giraffe.com\/en\/expertise\/digital-self-services\/","og_locale":"en_US","og_type":"article","og_title":"Digital Self-Services","og_description":"Ohne digitale Self-Services wird es zuk\u00fcnftig nicht mehr gehen. Das sollte es auch nicht, denn sie bringen allen Beteiligten viele Vorteile.","og_url":"https:\/\/www.striped-giraffe.com\/en\/expertise\/digital-self-services\/","og_site_name":"Striped Giraffe","article_modified_time":"2024-09-11T10:24:31+00:00","twitter_card":"summary_large_image","twitter_misc":{"Est. reading time":"4 minutes"},"schema":{"@context":"https:\/\/schema.org","@graph":[{"@type":"WebPage","@id":"https:\/\/www.striped-giraffe.com\/en\/expertise\/digital-self-services\/","url":"https:\/\/www.striped-giraffe.com\/en\/expertise\/digital-self-services\/","name":"Digital Self-Services in B2B und B2C","isPartOf":{"@id":"https:\/\/www.striped-giraffe.com\/de\/#website"},"datePublished":"2023-05-30T10:30:58+00:00","dateModified":"2024-09-11T10:24:31+00:00","description":"Ohne digitale Self-Services wird es zuk\u00fcnftig nicht mehr gehen. Das sollte es auch nicht, denn sie bringen allen Beteiligten viele Vorteile.","breadcrumb":{"@id":"https:\/\/www.striped-giraffe.com\/en\/expertise\/digital-self-services\/#breadcrumb"},"inLanguage":"en-US","potentialAction":[{"@type":"ReadAction","target":["https:\/\/www.striped-giraffe.com\/en\/expertise\/digital-self-services\/"]}]},{"@type":"BreadcrumbList","@id":"https:\/\/www.striped-giraffe.com\/en\/expertise\/digital-self-services\/#breadcrumb","itemListElement":[{"@type":"ListItem","position":1,"name":"Expertise","item":"https:\/\/www.striped-giraffe.com\/en\/expertise\/"},{"@type":"ListItem","position":2,"name":"Digital Self-Services"}]},{"@type":"WebSite","@id":"https:\/\/www.striped-giraffe.com\/de\/#website","url":"https:\/\/www.striped-giraffe.com\/de\/","name":"Striped Giraffe","description":"Ihr zuverl\u00e4ssiger Anbieter f\u00fcr digitale Enterprise-L\u00f6sungen","publisher":{"@id":"https:\/\/www.striped-giraffe.com\/de\/#organization"},"potentialAction":[{"@type":"SearchAction","target":{"@type":"EntryPoint","urlTemplate":"https:\/\/www.striped-giraffe.com\/de\/?s={search_term_string}"},"query-input":"required name=search_term_string"}],"inLanguage":"en-US"},{"@type":"Organization","@id":"https:\/\/www.striped-giraffe.com\/de\/#organization","name":"Striped Giraffe","url":"https:\/\/www.striped-giraffe.com\/de\/","logo":{"@type":"ImageObject","inLanguage":"en-US","@id":"https:\/\/www.striped-giraffe.com\/de\/#\/schema\/logo\/image\/","url":"https:\/\/www.striped-giraffe.com\/wp-content\/uploads\/2021\/01\/giraffe_white.svg","contentUrl":"https:\/\/www.striped-giraffe.com\/wp-content\/uploads\/2021\/01\/giraffe_white.svg","caption":"Striped Giraffe"},"image":{"@id":"https:\/\/www.striped-giraffe.com\/de\/#\/schema\/logo\/image\/"}}]}},"_links":{"self":[{"href":"https:\/\/www.striped-giraffe.com\/en\/wp-json\/wp\/v2\/pages\/34400"}],"collection":[{"href":"https:\/\/www.striped-giraffe.com\/en\/wp-json\/wp\/v2\/pages"}],"about":[{"href":"https:\/\/www.striped-giraffe.com\/en\/wp-json\/wp\/v2\/types\/page"}],"author":[{"embeddable":true,"href":"https:\/\/www.striped-giraffe.com\/en\/wp-json\/wp\/v2\/users\/2"}],"replies":[{"embeddable":true,"href":"https:\/\/www.striped-giraffe.com\/en\/wp-json\/wp\/v2\/comments?post=34400"}],"version-history":[{"count":8,"href":"https:\/\/www.striped-giraffe.com\/en\/wp-json\/wp\/v2\/pages\/34400\/revisions"}],"predecessor-version":[{"id":37680,"href":"https:\/\/www.striped-giraffe.com\/en\/wp-json\/wp\/v2\/pages\/34400\/revisions\/37680"}],"up":[{"embeddable":true,"href":"https:\/\/www.striped-giraffe.com\/en\/wp-json\/wp\/v2\/pages\/19549"}],"wp:attachment":[{"href":"https:\/\/www.striped-giraffe.com\/en\/wp-json\/wp\/v2\/media?parent=34400"}],"curies":[{"name":"wp","href":"https:\/\/api.w.org\/{rel}","templated":true}]}}