{"id":35146,"date":"2023-09-13T12:33:14","date_gmt":"2023-09-13T10:33:14","guid":{"rendered":"https:\/\/www.striped-giraffe.com\/?page_id=35146"},"modified":"2024-09-11T11:47:01","modified_gmt":"2024-09-11T09:47:01","slug":"ai-pharma-healthcare","status":"publish","type":"page","link":"https:\/\/www.striped-giraffe.com\/en\/ai-pharma-healthcare\/","title":{"rendered":"AI in Pharma- and Healthcare"},"content":{"rendered":"<section class=\"wpb-content-wrapper\"><p>[vc_row full_width=&#8221;stretch_row&#8221; full_height=&#8221;yes&#8221; bg_type=&#8221;image&#8221; parallax_style=&#8221;vcpb-default&#8221; bg_image_new=&#8221;id^35055|url^https:\/\/www.striped-giraffe.com\/wp-content\/uploads\/2023\/09\/Header_KI_Healthcare.jpg|caption^AI in Healthcare and Pharma|alt^AI in Healthcare and Pharma|title^AI in Healthcare and Pharma|description^AI in Healthcare and Pharma&#8221; css=&#8221;.vc_custom_1694602064284{margin-bottom: 50px !important;}&#8221;][vc_column][vc_column_text]<\/p>\n<h1><span style=\"color: #ef6c00;\">Artificial Intelligence<\/span><\/h1>\n<h2 class=\"headline_superbig\"><span style=\"color: #ffffff;\">in Pharma and Healthcare<\/span><\/h2>\n<p>[\/vc_column_text][\/vc_column][\/vc_row][vc_row bg_type=&#8221;bg_color&#8221; el_class=&#8221;closetotop&#8221; bg_color_value=&#8221;#ffffff&#8221; css=&#8221;.vc_custom_1694425571245{padding-top: 50px !important;padding-bottom: 50px !important;}&#8221;][vc_column][vc_column_text]<\/p>\n<h2 class=\"headline_introduction\" style=\"text-align: center;\">Drug development, flawless legal documents, and faster diagnoses<\/h2>\n<p>[\/vc_column_text][\/vc_column][\/vc_row][vc_row gap=&#8221;35&#8243; css=&#8221;.vc_custom_1694428222887{margin-bottom: 50px !important;}&#8221;][vc_column width=&#8221;1\/3&#8243;][vc_column_text]<\/p>\n<h2 class=\"headline_superbig\">Use Cases<\/h2>\n<p>[\/vc_column_text][\/vc_column][vc_column width=&#8221;2\/3&#8243;][vc_column_text]The healthcare and pharmaceutical industry benefits in countless areas through the use of artificial intelligence.<\/p>\n<p>For example, AI can simulate the chemical interactions used to evaluate a drug&#8217;s efficacy. This allows for quick and accurate identification of vaccines against viral infections.<\/p>\n<p>AI can evaluate medical records, understand potential interventions based on specific criteria, and fully automate review processes, eliminating many overhead and repetitive tasks.[\/vc_column_text][vc_empty_space][vc_column_text]<strong><a href=\"#downloadsectionbookletpharma\">You will find many fascinating use cases in our booklet.<\/a><\/strong>[\/vc_column_text][\/vc_column][\/vc_row][vc_row gap=&#8221;35&#8243; css=&#8221;.vc_custom_1694427451986{margin-bottom: 100px !important;}&#8221;][vc_column width=&#8221;1\/3&#8243;][vc_column_text]<\/p>\n<h2 class=\"headline_superbig\">Benefits of AI<\/h2>\n<p>[\/vc_column_text][\/vc_column][vc_column width=&#8221;2\/3&#8243;][vc_column_text]The global healthcare AI market size was estimated at $15.1 billion in 2022 and is expected to reach nearly $188 billion by 2030, growing at an impressive CAGR of 37% during the forecast period 2022 to 2030.<\/p>\n<p>In contrast, estimates for the global AI market in the pharmaceutical sector are much lower. In 2022, it was estimated at $1,170.28 million. It is expected to level off at $9,241.34 million by 2030, at a CAGR of 29.5%.[\/vc_column_text][vc_empty_space height=&#8221;50px&#8221;][vc_column_text]<\/p>\n<h2>AI applications can make a big difference in the healthcare and pharma industry<\/h2>\n<p>[\/vc_column_text][vc_empty_space][vc_single_image image=&#8221;35144&#8243; img_size=&#8221;full&#8221;][\/vc_column][\/vc_row][vc_row gap=&#8221;35&#8243; css=&#8221;.vc_custom_1695639344093{margin-bottom: 100px !important;}&#8221;][vc_column width=&#8221;1\/3&#8243;][vc_column_text]<\/p>\n<h2 class=\"headline_superbig\">More Information<\/h2>\n<p>[\/vc_column_text][\/vc_column][vc_column width=&#8221;2\/3&#8243;][vc_column_text]We have been serving leading companies in the pharmaceutical and healthcare industry for many years. All of them deal with the topic of AI.<\/p>\n<p>Therefore, we have compiled a booklet with interesting use cases, benefits, and market data for you, which you can download here for free.[\/vc_column_text][\/vc_column][\/vc_row][vc_row el_id=&#8221;downloadsectionbookletpharma&#8221;][vc_column][\/vc_column][\/vc_row][vc_row gap=&#8221;35&#8243; css=&#8221;.vc_custom_1724317649240{margin-bottom: 100px !important;}&#8221; el_id=&#8221;downloadsection&#8221;][vc_column width=&#8221;1\/3&#8243;][vc_column_text]<\/p>\n<h2 class=\"headline_superbig\">Download<\/h2>\n<p>[\/vc_column_text][vc_empty_space height=&#8221;50&#8243;][vc_single_image image=&#8221;35120&#8243; img_size=&#8221;full&#8221;][\/vc_column][vc_column width=&#8221;2\/3&#8243;][vc_column_text]<div class='_form_90'><\/div><script type='text\/javascript' src='https:\/\/striped-giraffe.activehosted.com\/f\/embed.php?static=0&id=90&69F5B5A061BCA&nostyles=0&preview=0'><\/script>[\/vc_column_text][\/vc_column][\/vc_row][vc_row gap=&#8221;35&#8243; css=&#8221;.vc_custom_1652087562859{margin-bottom: 100px !important;}&#8221;][vc_column width=&#8221;1\/3&#8243;][\/vc_column][vc_column width=&#8221;2\/3&#8243;][vc_column_text]<\/p>\n<h3>Are you interested in exchanging ideas on this topic?<\/h3>\n<p>Then contact us at <a href=\"mailto:experts@striped-giraffe.com\">experts@striped-giraffe.com<\/a>.[\/vc_column_text][vc_empty_space]<a class=\"calendly\" href=\"\" onclick=\"Calendly.initPopupWidget({url: 'https:\/\/calendly.com\/striped-giraffe\/30min'});return false;\">Schedule a meeting<\/a>[\/vc_column][\/vc_row][vc_row full_width=&#8221;stretch_row&#8221; gap=&#8221;35&#8243; bg_type=&#8221;bg_color&#8221; css=&#8221;.vc_custom_1655133037485{margin-top: 0px !important;margin-bottom: 0px !important;padding-top: 100px !important;padding-bottom: 100px !important;background-color: #000000 !important;}&#8221; bg_color_value=&#8221;#000000&#8243;][vc_column][vc_row_inner][vc_column_inner width=&#8221;1\/3&#8243; css=&#8221;.vc_custom_1610013762619{padding-right: 25px !important;}&#8221;][vc_column_text]<\/p>\n<h2><span style=\"color: #ef6c00;\">WE CREATE ADDED VALUE<\/span> <span style=\"color: #ffffff;\">FOR OUR\u00a0 CUSTOMERS.<\/span><\/h2>\n<p><span style=\"color: #ffffff;\">This leads to a long-term cooperation with our customers, which we appreciate very much. You can find even more e-books, case studies, and co. in our <a style=\"color: #ffffff;\" href=\"https:\/\/www.striped-giraffe.com\/en\/insights\/\">Insights<\/a>.<\/span>[\/vc_column_text][\/vc_column_inner][vc_column_inner width=&#8221;1\/3&#8243;]<div class=\"templatera_shortcode\"><div class=\"vc_row wpb_row vc_row-fluid\"><div class=\"wpb_column vc_column_container vc_col-sm-12\"><div class=\"vc_column-inner\"><div class=\"wpb_wrapper\"><div id='' class='teaserbox  overlay'><div class='teaserbox_inner'><div class='teaserheadline'><h3 style='text-transform:uppercase;color:#000000;font-family:DinWebPro Bold;'>Study - Part 2<\/h3><h2 style='text-transform:none;color:#ffffff;'>B2B Commerce \u2013 caught between economic stress test and digital efficiency<\/h2><\/div><div class='teasertext'><div class='wpb_wrapper'>In a joint study with ECC K\u00d6LN, B2B manufacturers and wholesalers were interviewed on various topics regarding their digitization undertakings - plans, challenges, and experiences.<\/div><\/div><div class='teaserlink'><a href='https:\/\/www.striped-giraffe.com\/en\/download-study-b2b-commerce-2\/' style='color:#000000;'>Download<\/a><\/div><div class='wpb_single_image desktop_only'><img src='https:\/\/www.striped-giraffe.com\/wp-content\/uploads\/2023\/04\/Teaser_b2b_study_2_DE-600x960.jpg' \/><\/div><div class='wpb_single_image mobile_only'><img src='https:\/\/www.striped-giraffe.com\/wp-content\/uploads\/2023\/04\/Teaser_b2b_study_2_DE-600x700.jpg' \/><\/div><\/div><\/div><\/div><\/div><\/div><\/div><\/div>[\/vc_column_inner][vc_column_inner width=&#8221;1\/3&#8243;]<div class=\"templatera_shortcode\"><div class=\"vc_row wpb_row vc_row-fluid\"><div class=\"wpb_column vc_column_container vc_col-sm-12\"><div class=\"vc_column-inner\"><div class=\"wpb_wrapper\"><div id='' class='teaserbox  overlay'><div class='teaserbox_inner'><div class='teaserheadline'><h3 style='text-transform:uppercase;color:#ef6c00;font-family:DinWebPro Bold;'>News from our blog<\/h3><h2 style='text-transform:none;color:#ffffff;'>Advanced Analytics - This is where the magic happens<\/h2><\/div><div class='teasertext'><div class='wpb_wrapper'>Advanced Analytics refers to a collection of various tools for analyzing structured and unstructured data that allows prediction on future events.<\/div><\/div><div class='teaserlink'><a href='https:\/\/www.striped-giraffe.com\/en\/blog\/advanced-analytics\/' style='color:#ffffff;'>News from our blog<\/a><\/div><div class='wpb_single_image desktop_only'><img src='https:\/\/www.striped-giraffe.com\/wp-content\/uploads\/2021\/06\/Advanced_Analytics_Striped_Giraffe-1.jpg' \/><\/div><div class='wpb_single_image mobile_only'><img src='https:\/\/www.striped-giraffe.com\/wp-content\/uploads\/2021\/06\/Advanced_Analytics_Striped_Giraffe-1.jpg' \/><\/div><\/div><\/div><\/div><\/div><\/div><\/div><\/div>[\/vc_column_inner][\/vc_row_inner][\/vc_column][\/vc_row]<\/p>\n<\/section>","protected":false},"excerpt":{"rendered":"Artificial Intelligence in Pharma and Healthcare Drug development, flawless legal documents, and faster diagnoses Use Cases The healthcare and pharmaceutical [...]","protected":false},"author":2,"featured_media":35120,"parent":0,"menu_order":0,"comment_status":"closed","ping_status":"closed","template":"","meta":{"footnotes":""},"acf":[],"yoast_head":"<!-- This site is optimized with the Yoast SEO Premium plugin v20.5 (Yoast SEO v20.5) - https:\/\/yoast.com\/wordpress\/plugins\/seo\/ -->\n<title>AI in Pharma- and Healthcare - Striped Giraffe<\/title>\n<meta name=\"description\" content=\"AI in pharma and healthcare can make a big difference. E.g. AI can simulate the chemical interactions used to evaluate a drug\u2019s efficacy.\" \/>\n<meta name=\"robots\" content=\"index, follow, max-snippet:-1, max-image-preview:large, max-video-preview:-1\" \/>\n<link rel=\"canonical\" href=\"https:\/\/www.striped-giraffe.com\/en\/ai-pharma-healthcare\/\" \/>\n<meta property=\"og:locale\" content=\"en_US\" \/>\n<meta property=\"og:type\" content=\"article\" \/>\n<meta property=\"og:title\" content=\"AI in Pharma- and Healthcare\" \/>\n<meta property=\"og:description\" content=\"AI in pharma and healthcare can make a big difference. E.g. AI can simulate the chemical interactions used to evaluate a drug\u2019s efficacy.\" \/>\n<meta property=\"og:url\" content=\"https:\/\/www.striped-giraffe.com\/en\/ai-pharma-healthcare\/\" \/>\n<meta property=\"og:site_name\" content=\"Striped Giraffe\" \/>\n<meta property=\"article:modified_time\" content=\"2024-09-11T09:47:01+00:00\" \/>\n<meta property=\"og:image\" content=\"https:\/\/www.striped-giraffe.com\/wp-content\/uploads\/2023\/09\/artificial-intelligence-in-healthcare-and-pharmaceutical-industries-booklet-cover.jpg\" \/>\n\t<meta property=\"og:image:width\" content=\"1101\" \/>\n\t<meta property=\"og:image:height\" content=\"901\" \/>\n\t<meta property=\"og:image:type\" content=\"image\/jpeg\" \/>\n<meta name=\"twitter:card\" content=\"summary_large_image\" \/>\n<meta name=\"twitter:label1\" content=\"Est. reading time\" \/>\n\t<meta name=\"twitter:data1\" content=\"3 minutes\" \/>\n<script type=\"application\/ld+json\" class=\"yoast-schema-graph\">{\"@context\":\"https:\/\/schema.org\",\"@graph\":[{\"@type\":\"WebPage\",\"@id\":\"https:\/\/www.striped-giraffe.com\/en\/ai-pharma-healthcare\/\",\"url\":\"https:\/\/www.striped-giraffe.com\/en\/ai-pharma-healthcare\/\",\"name\":\"AI in Pharma- and Healthcare - Striped Giraffe\",\"isPartOf\":{\"@id\":\"https:\/\/www.striped-giraffe.com\/de\/#website\"},\"datePublished\":\"2023-09-13T10:33:14+00:00\",\"dateModified\":\"2024-09-11T09:47:01+00:00\",\"description\":\"AI in pharma and healthcare can make a big difference. E.g. AI can simulate the chemical interactions used to evaluate a drug\u2019s efficacy.\",\"inLanguage\":\"en-US\",\"potentialAction\":[{\"@type\":\"ReadAction\",\"target\":[\"https:\/\/www.striped-giraffe.com\/en\/ai-pharma-healthcare\/\"]}]},{\"@type\":\"WebSite\",\"@id\":\"https:\/\/www.striped-giraffe.com\/de\/#website\",\"url\":\"https:\/\/www.striped-giraffe.com\/de\/\",\"name\":\"Striped Giraffe\",\"description\":\"Ihr zuverl\u00e4ssiger Anbieter f\u00fcr digitale Enterprise-L\u00f6sungen\",\"publisher\":{\"@id\":\"https:\/\/www.striped-giraffe.com\/de\/#organization\"},\"potentialAction\":[{\"@type\":\"SearchAction\",\"target\":{\"@type\":\"EntryPoint\",\"urlTemplate\":\"https:\/\/www.striped-giraffe.com\/de\/?s={search_term_string}\"},\"query-input\":\"required name=search_term_string\"}],\"inLanguage\":\"en-US\"},{\"@type\":\"Organization\",\"@id\":\"https:\/\/www.striped-giraffe.com\/de\/#organization\",\"name\":\"Striped Giraffe\",\"url\":\"https:\/\/www.striped-giraffe.com\/de\/\",\"logo\":{\"@type\":\"ImageObject\",\"inLanguage\":\"en-US\",\"@id\":\"https:\/\/www.striped-giraffe.com\/de\/#\/schema\/logo\/image\/\",\"url\":\"https:\/\/www.striped-giraffe.com\/wp-content\/uploads\/2021\/01\/giraffe_white.svg\",\"contentUrl\":\"https:\/\/www.striped-giraffe.com\/wp-content\/uploads\/2021\/01\/giraffe_white.svg\",\"caption\":\"Striped Giraffe\"},\"image\":{\"@id\":\"https:\/\/www.striped-giraffe.com\/de\/#\/schema\/logo\/image\/\"}}]}<\/script>\n<!-- \/ Yoast SEO Premium plugin. -->","yoast_head_json":{"title":"AI in Pharma- and Healthcare - Striped Giraffe","description":"AI in pharma and healthcare can make a big difference. E.g. AI can simulate the chemical interactions used to evaluate a drug\u2019s efficacy.","robots":{"index":"index","follow":"follow","max-snippet":"max-snippet:-1","max-image-preview":"max-image-preview:large","max-video-preview":"max-video-preview:-1"},"canonical":"https:\/\/www.striped-giraffe.com\/en\/ai-pharma-healthcare\/","og_locale":"en_US","og_type":"article","og_title":"AI in Pharma- and Healthcare","og_description":"AI in pharma and healthcare can make a big difference. E.g. AI can simulate the chemical interactions used to evaluate a drug\u2019s efficacy.","og_url":"https:\/\/www.striped-giraffe.com\/en\/ai-pharma-healthcare\/","og_site_name":"Striped Giraffe","article_modified_time":"2024-09-11T09:47:01+00:00","og_image":[{"width":1101,"height":901,"url":"https:\/\/www.striped-giraffe.com\/wp-content\/uploads\/2023\/09\/artificial-intelligence-in-healthcare-and-pharmaceutical-industries-booklet-cover.jpg","type":"image\/jpeg"}],"twitter_card":"summary_large_image","twitter_misc":{"Est. reading time":"3 minutes"},"schema":{"@context":"https:\/\/schema.org","@graph":[{"@type":"WebPage","@id":"https:\/\/www.striped-giraffe.com\/en\/ai-pharma-healthcare\/","url":"https:\/\/www.striped-giraffe.com\/en\/ai-pharma-healthcare\/","name":"AI in Pharma- and Healthcare - Striped Giraffe","isPartOf":{"@id":"https:\/\/www.striped-giraffe.com\/de\/#website"},"datePublished":"2023-09-13T10:33:14+00:00","dateModified":"2024-09-11T09:47:01+00:00","description":"AI in pharma and healthcare can make a big difference. E.g. AI can simulate the chemical interactions used to evaluate a drug\u2019s efficacy.","inLanguage":"en-US","potentialAction":[{"@type":"ReadAction","target":["https:\/\/www.striped-giraffe.com\/en\/ai-pharma-healthcare\/"]}]},{"@type":"WebSite","@id":"https:\/\/www.striped-giraffe.com\/de\/#website","url":"https:\/\/www.striped-giraffe.com\/de\/","name":"Striped Giraffe","description":"Ihr zuverl\u00e4ssiger Anbieter f\u00fcr digitale Enterprise-L\u00f6sungen","publisher":{"@id":"https:\/\/www.striped-giraffe.com\/de\/#organization"},"potentialAction":[{"@type":"SearchAction","target":{"@type":"EntryPoint","urlTemplate":"https:\/\/www.striped-giraffe.com\/de\/?s={search_term_string}"},"query-input":"required name=search_term_string"}],"inLanguage":"en-US"},{"@type":"Organization","@id":"https:\/\/www.striped-giraffe.com\/de\/#organization","name":"Striped Giraffe","url":"https:\/\/www.striped-giraffe.com\/de\/","logo":{"@type":"ImageObject","inLanguage":"en-US","@id":"https:\/\/www.striped-giraffe.com\/de\/#\/schema\/logo\/image\/","url":"https:\/\/www.striped-giraffe.com\/wp-content\/uploads\/2021\/01\/giraffe_white.svg","contentUrl":"https:\/\/www.striped-giraffe.com\/wp-content\/uploads\/2021\/01\/giraffe_white.svg","caption":"Striped Giraffe"},"image":{"@id":"https:\/\/www.striped-giraffe.com\/de\/#\/schema\/logo\/image\/"}}]}},"_links":{"self":[{"href":"https:\/\/www.striped-giraffe.com\/en\/wp-json\/wp\/v2\/pages\/35146"}],"collection":[{"href":"https:\/\/www.striped-giraffe.com\/en\/wp-json\/wp\/v2\/pages"}],"about":[{"href":"https:\/\/www.striped-giraffe.com\/en\/wp-json\/wp\/v2\/types\/page"}],"author":[{"embeddable":true,"href":"https:\/\/www.striped-giraffe.com\/en\/wp-json\/wp\/v2\/users\/2"}],"replies":[{"embeddable":true,"href":"https:\/\/www.striped-giraffe.com\/en\/wp-json\/wp\/v2\/comments?post=35146"}],"version-history":[{"count":6,"href":"https:\/\/www.striped-giraffe.com\/en\/wp-json\/wp\/v2\/pages\/35146\/revisions"}],"predecessor-version":[{"id":37678,"href":"https:\/\/www.striped-giraffe.com\/en\/wp-json\/wp\/v2\/pages\/35146\/revisions\/37678"}],"wp:featuredmedia":[{"embeddable":true,"href":"https:\/\/www.striped-giraffe.com\/en\/wp-json\/wp\/v2\/media\/35120"}],"wp:attachment":[{"href":"https:\/\/www.striped-giraffe.com\/en\/wp-json\/wp\/v2\/media?parent=35146"}],"curies":[{"name":"wp","href":"https:\/\/api.w.org\/{rel}","templated":true}]}}