{"id":35160,"date":"2023-09-14T14:23:58","date_gmt":"2023-09-14T12:23:58","guid":{"rendered":"https:\/\/www.striped-giraffe.com\/?page_id=35160"},"modified":"2024-09-11T11:41:56","modified_gmt":"2024-09-11T09:41:56","slug":"ai-in-ecommerce","status":"publish","type":"page","link":"https:\/\/www.striped-giraffe.com\/en\/ai-in-ecommerce\/","title":{"rendered":"AI in E-Commerce"},"content":{"rendered":"<section class=\"wpb-content-wrapper\"><p>[vc_row full_width=&#8221;stretch_row&#8221; full_height=&#8221;yes&#8221; bg_type=&#8221;image&#8221; parallax_style=&#8221;vcpb-default&#8221; bg_image_new=&#8221;id^35068|url^https:\/\/www.striped-giraffe.com\/wp-content\/uploads\/2023\/09\/AI_E-Commerce.jpg|caption^AI in e-commerce|alt^AI in e-commerce|title^AI_E-Commerce|description^AI in e-commerce&#8221; css=&#8221;.vc_custom_1694694594518{margin-bottom: 50px !important;}&#8221;][vc_column][vc_column_text]<\/p>\n<h1><span style=\"color: #ffffff;\">Artificial Intelligence<\/span><\/h1>\n<h2 class=\"headline_superbig\"><span style=\"color: #ef6c00;\">in E-Commerce<\/span><\/h2>\n<p>[\/vc_column_text][\/vc_column][\/vc_row][vc_row bg_type=&#8221;bg_color&#8221; el_class=&#8221;closetotop&#8221; bg_color_value=&#8221;#ffffff&#8221; css=&#8221;.vc_custom_1694425571245{padding-top: 50px !important;padding-bottom: 50px !important;}&#8221;][vc_column][vc_column_text]<\/p>\n<h2 class=\"headline_introduction\" style=\"text-align: center;\">Efficient automation, counterfeit detection and visual product search with AI<\/h2>\n<p>[\/vc_column_text][\/vc_column][\/vc_row][vc_row gap=&#8221;35&#8243; css=&#8221;.vc_custom_1694428222887{margin-bottom: 50px !important;}&#8221;][vc_column width=&#8221;1\/3&#8243;][vc_column_text]<\/p>\n<h2 class=\"headline_superbig\">Use Cases<\/h2>\n<p>[\/vc_column_text][\/vc_column][vc_column width=&#8221;2\/3&#8243;][vc_column_text]We already know that artificial intelligence can do wonders for the customer experience. New applications are constantly being added. It starts with personalization optimization and improved search and continues with voice commerce and virtual assistants. But the development is far from stopping there.[\/vc_column_text][vc_empty_space height=&#8221;100px&#8221;][vc_column_text]<\/p>\n<h2>TOP AI use cases in e-commerce<\/h2>\n<p>[\/vc_column_text][vc_single_image image=&#8221;35157&#8243; img_size=&#8221;full&#8221;][\/vc_column][\/vc_row][vc_row gap=&#8221;35&#8243; css=&#8221;.vc_custom_1694427451986{margin-bottom: 100px !important;}&#8221;][vc_column width=&#8221;1\/3&#8243;][vc_column_text]<\/p>\n<h2 class=\"headline_superbig\">Benefits of AI<\/h2>\n<p>[\/vc_column_text][\/vc_column][vc_column width=&#8221;2\/3&#8243;][vc_column_text]Artificial intelligence is the technology expected to have the greatest impact in e-commerce worldwide in the coming years. This is no coincidence, as it improves many applications that are in high demand among customers. For example, AI is used in personalization, filtering out false reviews, or intelligent product search.<\/p>\n<p>Research shows that personalization leads to a 10% to 15% increase in sales in most cases. However, one in three customers (35%) feels that companies do not meet their expectations for personalization. AI can make a difference here by analyzing customer and product data in real-time to deliver exceptional experiences and recommendations tailored to customers&#8217; needs.<\/p>\n<p>It also serves e-commerce operators well, such as with supply chain management optimization or dynamic price optimization.[\/vc_column_text][vc_empty_space height=&#8221;50px&#8221;][vc_column_text]<strong><a href=\"#downloadsectionbookletecommerce\">You will find many fascinating use cases in our booklet.<\/a><\/strong>[\/vc_column_text][\/vc_column][\/vc_row][vc_row gap=&#8221;35&#8243; css=&#8221;.vc_custom_1695648372141{margin-bottom: 100px !important;}&#8221;][vc_column width=&#8221;1\/3&#8243;][vc_column_text]<\/p>\n<h2 class=\"headline_superbig\">More Information<\/h2>\n<p>[\/vc_column_text][\/vc_column][vc_column width=&#8221;2\/3&#8243;][vc_column_text]Due to our years of experience in e-commerce (B2B, D2C and B2C), we naturally deal with all relevant technologies. There is still a lot of potential for optimization in most e-commerce companies. Artificial intelligence is one of the technologies that can make a big difference here. For a first overview with current statistics and specific use cases, we recommend you to download our booklet for free.[\/vc_column_text][\/vc_column][\/vc_row][vc_row el_id=&#8221;downloadsectionbookletecommerce&#8221;][vc_column][\/vc_column][\/vc_row][vc_row gap=&#8221;35&#8243; css=&#8221;.vc_custom_1724317649240{margin-bottom: 100px !important;}&#8221; el_id=&#8221;downloadsection&#8221;][vc_column width=&#8221;1\/3&#8243;][vc_column_text]<\/p>\n<h2 class=\"headline_superbig\">Download<\/h2>\n<p>[\/vc_column_text][vc_empty_space height=&#8221;50&#8243;][vc_single_image image=&#8221;35124&#8243; img_size=&#8221;full&#8221;][\/vc_column][vc_column width=&#8221;2\/3&#8243;][vc_column_text]<div class='_form_88'><\/div><script type='text\/javascript' src='https:\/\/striped-giraffe.activehosted.com\/f\/embed.php?static=0&id=88&69D7699DD15A0&nostyles=0&preview=0'><\/script>[\/vc_column_text][\/vc_column][\/vc_row][vc_row gap=&#8221;35&#8243; css=&#8221;.vc_custom_1652087562859{margin-bottom: 100px !important;}&#8221;][vc_column width=&#8221;1\/3&#8243;][\/vc_column][vc_column width=&#8221;2\/3&#8243;][vc_column_text]<\/p>\n<h3 style=\"text-align: left;\">Are you interested in exchanging ideas on this topic?<\/h3>\n<p style=\"text-align: left;\">Then contact us at <a href=\"mailto:experts@striped-giraffe.com\">experts@striped-giraffe.com<\/a>.<\/p>\n<p>[\/vc_column_text][vc_empty_space]<a class=\"calendly\" href=\"\" onclick=\"Calendly.initPopupWidget({url: 'https:\/\/calendly.com\/striped-giraffe\/30min'});return false;\">Schedule a meeting<\/a>[\/vc_column][\/vc_row][vc_row full_width=&#8221;stretch_row&#8221; gap=&#8221;35&#8243; bg_type=&#8221;bg_color&#8221; css=&#8221;.vc_custom_1655133037485{margin-top: 0px !important;margin-bottom: 0px !important;padding-top: 100px !important;padding-bottom: 100px !important;background-color: #000000 !important;}&#8221; bg_color_value=&#8221;#000000&#8243;][vc_column][vc_row_inner][vc_column_inner width=&#8221;1\/3&#8243; css=&#8221;.vc_custom_1610013762619{padding-right: 25px !important;}&#8221;][vc_column_text]<\/p>\n<h2><span style=\"color: #ef6c00;\">WE CREATE ADDED VALUE<\/span> <span style=\"color: #ffffff;\">FOR OUR\u00a0 CUSTOMERS.<\/span><\/h2>\n<p><span style=\"color: #ffffff;\">This leads to a long-term cooperation with our customers, which we appreciate very much. You can find even more e-books, case studies, and co. in our <a style=\"color: #ffffff;\" href=\"https:\/\/www.striped-giraffe.com\/en\/insights\/\">Insights<\/a>.<\/span>[\/vc_column_text][\/vc_column_inner][vc_column_inner width=&#8221;1\/3&#8243;]<div class=\"templatera_shortcode\"><div class=\"vc_row wpb_row vc_row-fluid\"><div class=\"wpb_column vc_column_container vc_col-sm-12\"><div class=\"vc_column-inner\"><div class=\"wpb_wrapper\"><div id='' class='teaserbox  overlay'><div class='teaserbox_inner'><div class='teaserheadline'><h3 style='text-transform:uppercase;color:#000000;font-family:DinWebPro Bold;'>Study - Part 2<\/h3><h2 style='text-transform:none;color:#ffffff;'>B2B Commerce \u2013 caught between economic stress test and digital efficiency<\/h2><\/div><div class='teasertext'><div class='wpb_wrapper'>In a joint study with ECC K\u00d6LN, B2B manufacturers and wholesalers were interviewed on various topics regarding their digitization undertakings - plans, challenges, and experiences.<\/div><\/div><div class='teaserlink'><a href='https:\/\/www.striped-giraffe.com\/en\/download-study-b2b-commerce-2\/' style='color:#000000;'>Download<\/a><\/div><div class='wpb_single_image desktop_only'><img src='https:\/\/www.striped-giraffe.com\/wp-content\/uploads\/2023\/04\/Teaser_b2b_study_2_DE-600x960.jpg' \/><\/div><div class='wpb_single_image mobile_only'><img src='https:\/\/www.striped-giraffe.com\/wp-content\/uploads\/2023\/04\/Teaser_b2b_study_2_DE-600x700.jpg' \/><\/div><\/div><\/div><\/div><\/div><\/div><\/div><\/div>[\/vc_column_inner][vc_column_inner width=&#8221;1\/3&#8243;]<div class=\"templatera_shortcode\"><div class=\"vc_row wpb_row vc_row-fluid\"><div class=\"wpb_column vc_column_container vc_col-sm-12\"><div class=\"vc_column-inner\"><div class=\"wpb_wrapper\"><div id='' class='teaserbox  overlay'><div class='teaserbox_inner'><div class='teaserheadline'><h3 style='text-transform:uppercase;color:#ef6c00;font-family:DinWebPro Bold;'>News from our blog<\/h3><h2 style='text-transform:none;color:#ffffff;'>Advanced Analytics - This is where the magic happens<\/h2><\/div><div class='teasertext'><div class='wpb_wrapper'>Advanced Analytics refers to a collection of various tools for analyzing structured and unstructured data that allows prediction on future events.<\/div><\/div><div class='teaserlink'><a href='https:\/\/www.striped-giraffe.com\/en\/blog\/advanced-analytics\/' style='color:#ffffff;'>News from our blog<\/a><\/div><div class='wpb_single_image desktop_only'><img src='https:\/\/www.striped-giraffe.com\/wp-content\/uploads\/2021\/06\/Advanced_Analytics_Striped_Giraffe-1.jpg' \/><\/div><div class='wpb_single_image mobile_only'><img src='https:\/\/www.striped-giraffe.com\/wp-content\/uploads\/2021\/06\/Advanced_Analytics_Striped_Giraffe-1.jpg' \/><\/div><\/div><\/div><\/div><\/div><\/div><\/div><\/div>[\/vc_column_inner][\/vc_row_inner][\/vc_column][\/vc_row]<\/p>\n<\/section>","protected":false},"excerpt":{"rendered":"Artificial Intelligence in E-Commerce Efficient automation, counterfeit detection and visual product search with AI Use Cases We already know that [...]","protected":false},"author":2,"featured_media":35124,"parent":0,"menu_order":0,"comment_status":"closed","ping_status":"closed","template":"","meta":{"footnotes":""},"acf":[],"yoast_head":"<!-- This site is optimized with the Yoast SEO Premium plugin v20.5 (Yoast SEO v20.5) - https:\/\/yoast.com\/wordpress\/plugins\/seo\/ -->\n<title>AI in E-Commerce - Striped Giraffe<\/title>\n<meta name=\"robots\" content=\"index, follow, max-snippet:-1, max-image-preview:large, max-video-preview:-1\" \/>\n<link rel=\"canonical\" href=\"https:\/\/www.striped-giraffe.com\/en\/ai-in-ecommerce\/\" \/>\n<meta property=\"og:locale\" content=\"en_US\" \/>\n<meta property=\"og:type\" content=\"article\" \/>\n<meta property=\"og:title\" content=\"AI in E-Commerce\" \/>\n<meta property=\"og:url\" content=\"https:\/\/www.striped-giraffe.com\/en\/ai-in-ecommerce\/\" \/>\n<meta property=\"og:site_name\" content=\"Striped Giraffe\" \/>\n<meta property=\"article:modified_time\" content=\"2024-09-11T09:41:56+00:00\" \/>\n<meta property=\"og:image\" content=\"https:\/\/www.striped-giraffe.com\/wp-content\/uploads\/2023\/09\/artificial-intelligence-in-e-commerce-industry-booklet-cover.jpg\" \/>\n\t<meta property=\"og:image:width\" content=\"1101\" \/>\n\t<meta property=\"og:image:height\" content=\"901\" \/>\n\t<meta property=\"og:image:type\" content=\"image\/jpeg\" \/>\n<meta name=\"twitter:card\" content=\"summary_large_image\" \/>\n<meta name=\"twitter:label1\" content=\"Est. reading time\" \/>\n\t<meta name=\"twitter:data1\" content=\"3 minutes\" \/>\n<script type=\"application\/ld+json\" class=\"yoast-schema-graph\">{\"@context\":\"https:\/\/schema.org\",\"@graph\":[{\"@type\":\"WebPage\",\"@id\":\"https:\/\/www.striped-giraffe.com\/en\/ai-in-ecommerce\/\",\"url\":\"https:\/\/www.striped-giraffe.com\/en\/ai-in-ecommerce\/\",\"name\":\"AI in E-Commerce - Striped Giraffe\",\"isPartOf\":{\"@id\":\"https:\/\/www.striped-giraffe.com\/de\/#website\"},\"datePublished\":\"2023-09-14T12:23:58+00:00\",\"dateModified\":\"2024-09-11T09:41:56+00:00\",\"inLanguage\":\"en-US\",\"potentialAction\":[{\"@type\":\"ReadAction\",\"target\":[\"https:\/\/www.striped-giraffe.com\/en\/ai-in-ecommerce\/\"]}]},{\"@type\":\"WebSite\",\"@id\":\"https:\/\/www.striped-giraffe.com\/de\/#website\",\"url\":\"https:\/\/www.striped-giraffe.com\/de\/\",\"name\":\"Striped Giraffe\",\"description\":\"Ihr zuverl\u00e4ssiger Anbieter f\u00fcr digitale Enterprise-L\u00f6sungen\",\"publisher\":{\"@id\":\"https:\/\/www.striped-giraffe.com\/de\/#organization\"},\"potentialAction\":[{\"@type\":\"SearchAction\",\"target\":{\"@type\":\"EntryPoint\",\"urlTemplate\":\"https:\/\/www.striped-giraffe.com\/de\/?s={search_term_string}\"},\"query-input\":\"required name=search_term_string\"}],\"inLanguage\":\"en-US\"},{\"@type\":\"Organization\",\"@id\":\"https:\/\/www.striped-giraffe.com\/de\/#organization\",\"name\":\"Striped Giraffe\",\"url\":\"https:\/\/www.striped-giraffe.com\/de\/\",\"logo\":{\"@type\":\"ImageObject\",\"inLanguage\":\"en-US\",\"@id\":\"https:\/\/www.striped-giraffe.com\/de\/#\/schema\/logo\/image\/\",\"url\":\"https:\/\/www.striped-giraffe.com\/wp-content\/uploads\/2021\/01\/giraffe_white.svg\",\"contentUrl\":\"https:\/\/www.striped-giraffe.com\/wp-content\/uploads\/2021\/01\/giraffe_white.svg\",\"caption\":\"Striped Giraffe\"},\"image\":{\"@id\":\"https:\/\/www.striped-giraffe.com\/de\/#\/schema\/logo\/image\/\"}}]}<\/script>\n<!-- \/ Yoast SEO Premium plugin. -->","yoast_head_json":{"title":"AI in E-Commerce - Striped Giraffe","robots":{"index":"index","follow":"follow","max-snippet":"max-snippet:-1","max-image-preview":"max-image-preview:large","max-video-preview":"max-video-preview:-1"},"canonical":"https:\/\/www.striped-giraffe.com\/en\/ai-in-ecommerce\/","og_locale":"en_US","og_type":"article","og_title":"AI in E-Commerce","og_url":"https:\/\/www.striped-giraffe.com\/en\/ai-in-ecommerce\/","og_site_name":"Striped Giraffe","article_modified_time":"2024-09-11T09:41:56+00:00","og_image":[{"width":1101,"height":901,"url":"https:\/\/www.striped-giraffe.com\/wp-content\/uploads\/2023\/09\/artificial-intelligence-in-e-commerce-industry-booklet-cover.jpg","type":"image\/jpeg"}],"twitter_card":"summary_large_image","twitter_misc":{"Est. reading time":"3 minutes"},"schema":{"@context":"https:\/\/schema.org","@graph":[{"@type":"WebPage","@id":"https:\/\/www.striped-giraffe.com\/en\/ai-in-ecommerce\/","url":"https:\/\/www.striped-giraffe.com\/en\/ai-in-ecommerce\/","name":"AI in E-Commerce - Striped Giraffe","isPartOf":{"@id":"https:\/\/www.striped-giraffe.com\/de\/#website"},"datePublished":"2023-09-14T12:23:58+00:00","dateModified":"2024-09-11T09:41:56+00:00","inLanguage":"en-US","potentialAction":[{"@type":"ReadAction","target":["https:\/\/www.striped-giraffe.com\/en\/ai-in-ecommerce\/"]}]},{"@type":"WebSite","@id":"https:\/\/www.striped-giraffe.com\/de\/#website","url":"https:\/\/www.striped-giraffe.com\/de\/","name":"Striped Giraffe","description":"Ihr zuverl\u00e4ssiger Anbieter f\u00fcr digitale Enterprise-L\u00f6sungen","publisher":{"@id":"https:\/\/www.striped-giraffe.com\/de\/#organization"},"potentialAction":[{"@type":"SearchAction","target":{"@type":"EntryPoint","urlTemplate":"https:\/\/www.striped-giraffe.com\/de\/?s={search_term_string}"},"query-input":"required name=search_term_string"}],"inLanguage":"en-US"},{"@type":"Organization","@id":"https:\/\/www.striped-giraffe.com\/de\/#organization","name":"Striped Giraffe","url":"https:\/\/www.striped-giraffe.com\/de\/","logo":{"@type":"ImageObject","inLanguage":"en-US","@id":"https:\/\/www.striped-giraffe.com\/de\/#\/schema\/logo\/image\/","url":"https:\/\/www.striped-giraffe.com\/wp-content\/uploads\/2021\/01\/giraffe_white.svg","contentUrl":"https:\/\/www.striped-giraffe.com\/wp-content\/uploads\/2021\/01\/giraffe_white.svg","caption":"Striped Giraffe"},"image":{"@id":"https:\/\/www.striped-giraffe.com\/de\/#\/schema\/logo\/image\/"}}]}},"_links":{"self":[{"href":"https:\/\/www.striped-giraffe.com\/en\/wp-json\/wp\/v2\/pages\/35160"}],"collection":[{"href":"https:\/\/www.striped-giraffe.com\/en\/wp-json\/wp\/v2\/pages"}],"about":[{"href":"https:\/\/www.striped-giraffe.com\/en\/wp-json\/wp\/v2\/types\/page"}],"author":[{"embeddable":true,"href":"https:\/\/www.striped-giraffe.com\/en\/wp-json\/wp\/v2\/users\/2"}],"replies":[{"embeddable":true,"href":"https:\/\/www.striped-giraffe.com\/en\/wp-json\/wp\/v2\/comments?post=35160"}],"version-history":[{"count":11,"href":"https:\/\/www.striped-giraffe.com\/en\/wp-json\/wp\/v2\/pages\/35160\/revisions"}],"predecessor-version":[{"id":37675,"href":"https:\/\/www.striped-giraffe.com\/en\/wp-json\/wp\/v2\/pages\/35160\/revisions\/37675"}],"wp:featuredmedia":[{"embeddable":true,"href":"https:\/\/www.striped-giraffe.com\/en\/wp-json\/wp\/v2\/media\/35124"}],"wp:attachment":[{"href":"https:\/\/www.striped-giraffe.com\/en\/wp-json\/wp\/v2\/media?parent=35160"}],"curies":[{"name":"wp","href":"https:\/\/api.w.org\/{rel}","templated":true}]}}