{"id":35233,"date":"2023-09-28T14:14:48","date_gmt":"2023-09-28T12:14:48","guid":{"rendered":"https:\/\/www.striped-giraffe.com\/expertise\/data-management\/kuenstliche-intelligenz\/"},"modified":"2025-08-04T14:25:54","modified_gmt":"2025-08-04T12:25:54","slug":"artificial-intelligence","status":"publish","type":"page","link":"https:\/\/www.striped-giraffe.com\/en\/expertise\/data-management\/artificial-intelligence\/","title":{"rendered":"Artificial Intelligence"},"content":{"rendered":"<section class=\"wpb-content-wrapper\"><p>[vc_row full_width=&#8221;stretch_row&#8221; full_height=&#8221;yes&#8221; bg_type=&#8221;image&#8221; parallax_style=&#8221;vcpb-default&#8221; bg_image_new=&#8221;id^35225|url^https:\/\/www.striped-giraffe.com\/wp-content\/uploads\/2023\/09\/Header_AI.jpg|caption^Artificial Intelligence|alt^Artificial Intelligence|title^Artificial Intelligence|description^Artificial Intelligence&#8221; css=&#8221;.vc_custom_1695906110196{background-position: center !important;background-repeat: no-repeat !important;background-size: cover !important;}&#8221;][vc_column css_animation=&#8221;slideInUp&#8221;][vc_column_text]<\/p>\n<h1 style=\"text-align: left;\"><span style=\"color: #ffffff;\">Artificial <\/span><\/h1>\n<h1 style=\"text-align: left;\"><span style=\"color: #ffffff;\">Intelligence<\/span><\/h1>\n<p>[\/vc_column_text][\/vc_column][\/vc_row][vc_row el_class=&#8221;closetotop&#8221; css=&#8221;.vc_custom_1609844996078{padding-top: 50px !important;background-color: #ffffff !important;}&#8221;][vc_column][vc_column_text]<\/p>\n<h2 class=\"headline_introduction\" style=\"text-align: center;\">AI optimizes many processes, frees up resources, and adds real value to R&amp;D, marketing, sales, production, legal, and more.<\/h2>\n<p>[\/vc_column_text][vc_separator color=&#8221;black&#8221; border_width=&#8221;5&#8243; el_width=&#8221;10&#8243; css=&#8221;.vc_custom_1609845029454{margin-top: 50px !important;}&#8221;][\/vc_column][\/vc_row][vc_row gap=&#8221;35&#8243; css=&#8221;.vc_custom_1696255018222{margin-bottom: 50px !important;}&#8221;][vc_column width=&#8221;1\/3&#8243;][vc_column_text]<\/p>\n<h2 class=\"headline_superbig\">Significant Benefits<\/h2>\n<p>[\/vc_column_text][\/vc_column][vc_column width=&#8221;2\/3&#8243;][vc_column_text]There seems to be hardly any digital challenge that cannot be solved by an AI application. New tools are constantly coming onto the market. And the market volume of artificial intelligence knows only one path &#8211; upward.<\/p>\n<p>There are many examples of use cases that are revolutionizing entire industries. We have taken a closer look at some of them and summarized them for you in industry-specific booklets.[\/vc_column_text][\/vc_column][\/vc_row][vc_row css=&#8221;.vc_custom_1695906240859{margin-bottom: 100px !important;}&#8221;][vc_column width=&#8221;2\/6&#8243;][\/vc_column][vc_column width=&#8221;2\/6&#8243;]<div class=\"templatera_shortcode\"><div class=\"vc_row wpb_row vc_row-fluid\"><div class=\"wpb_column vc_column_container vc_col-sm-12\"><div class=\"vc_column-inner\"><div class=\"wpb_wrapper\"><div id='' class='teaserbox  overlay'><div class='teaserbox_inner'><div class='teaserheadline'><h2 style='color:#ffffff;font-family:DinWebPro Bold;'>AI in E-Commerce<\/h2><h3 style='color:#000000;'><\/h3><\/div><div class='teasertext'><div class='wpb_wrapper'>Globally, artificial intelligence is the technology that is expected to have the biggest impact on e-commerce in the coming years.<\/div><\/div><div class='teaserlink'><a href='https:\/\/www.striped-giraffe.com\/en\/ai-in-ecommerce\/' style='color:#ffffff;'>More details<\/a><\/div><div class='wpb_single_image desktop_only'><img src='https:\/\/www.striped-giraffe.com\/wp-content\/uploads\/2023\/09\/AI_E-Commerce-600x700.jpg' \/><\/div><div class='wpb_single_image mobile_only'><img src='https:\/\/www.striped-giraffe.com\/wp-content\/uploads\/2023\/09\/AI_E-Commerce-600x700.jpg' \/><\/div><\/div><\/div><\/div><\/div><\/div><\/div><\/div><div class=\"templatera_shortcode\"><div class=\"vc_row wpb_row vc_row-fluid\"><div class=\"wpb_column vc_column_container vc_col-sm-12\"><div class=\"vc_column-inner\"><div class=\"wpb_wrapper\"><div id='' class='teaserbox  overlay'><div class='teaserbox_inner'><div class='teaserheadline'><h2 style='color:#ffffff;font-family:DinWebPro Bold;'>AI in Finance and Insurance<\/h2><h3 style='color:#000000;'><\/h3><\/div><div class='teasertext'><div class='wpb_wrapper'>Especially in critical topics such as risk management or legal issues, but also in commercial areas such as sales and marketing, AI applications can provide the decisive competitive advantage.<\/div><\/div><div class='teaserlink'><a href='https:\/\/www.striped-giraffe.com\/en\/ai-finance-insurance\/' style='color:#ffffff;'>More details<\/a><\/div><div class='wpb_single_image desktop_only'><img src='https:\/\/www.striped-giraffe.com\/wp-content\/uploads\/2023\/09\/AI_Finance_Insurance-600x700.jpg' \/><\/div><div class='wpb_single_image mobile_only'><img src='https:\/\/www.striped-giraffe.com\/wp-content\/uploads\/2023\/09\/AI_Finance_Insurance-600x700.jpg' \/><\/div><\/div><\/div><\/div><\/div><\/div><\/div><\/div><div class=\"templatera_shortcode\"><div class=\"vc_row wpb_row vc_row-fluid\"><div class=\"wpb_column vc_column_container vc_col-sm-12\"><div class=\"vc_column-inner\"><div class=\"wpb_wrapper\"><div id='' class='teaserbox  overlay'><div class='teaserbox_inner'><div class='teaserheadline'><h2 style='color:#ffffff;font-family:DinWebPro Bold;'>AI in construction<\/h2><h3 style='color:#000000;'><\/h3><\/div><div class='teasertext'><div class='wpb_wrapper'>AI opens up enormous potential for the construction industry to reduce costs, accelerate processes, and minimize risks.<\/div><\/div><div class='teaserlink'><a href='https:\/\/www.striped-giraffe.com\/en\/ai-construction\/' style='color:#ffffff;'>More details<\/a><\/div><div class='wpb_single_image desktop_only'><img src='https:\/\/www.striped-giraffe.com\/wp-content\/uploads\/2025\/07\/Contentteaser_AI_construction.jpg' \/><\/div><div class='wpb_single_image mobile_only'><img src='https:\/\/www.striped-giraffe.com\/wp-content\/uploads\/2025\/07\/Contentteaser_AI_construction.jpg' \/><\/div><\/div><\/div><\/div><\/div><\/div><\/div><\/div>[\/vc_column][vc_column width=&#8221;2\/6&#8243;]<div class=\"templatera_shortcode\"><div class=\"vc_row wpb_row vc_row-fluid\"><div class=\"wpb_column vc_column_container vc_col-sm-12\"><div class=\"vc_column-inner\"><div class=\"wpb_wrapper\"><div id='' class='teaserbox  overlay'><div class='teaserbox_inner'><div class='teaserheadline'><h2 style='color:#ffffff;font-family:DinWebPro Bold;'>AI in Pharma and Healthcare<\/h2><h3 style='color:#000000;'><\/h3><\/div><div class='teasertext'><div class='wpb_wrapper'>For example, AI can simulate the chemical interactions used to evaluate a drug&#039;s efficacy.<\/div><\/div><div class='teaserlink'><a href='https:\/\/www.striped-giraffe.com\/en\/ai-pharma-healthcare\/' style='color:#ffffff;'>More details<\/a><\/div><div class='wpb_single_image desktop_only'><img src='https:\/\/www.striped-giraffe.com\/wp-content\/uploads\/2023\/09\/Header_KI_Healthcare-600x700.jpg' \/><\/div><div class='wpb_single_image mobile_only'><img src='https:\/\/www.striped-giraffe.com\/wp-content\/uploads\/2023\/09\/Header_KI_Healthcare-600x700.jpg' \/><\/div><\/div><\/div><\/div><\/div><\/div><\/div><\/div><div class=\"templatera_shortcode\"><div class=\"vc_row wpb_row vc_row-fluid\"><div class=\"wpb_column vc_column_container vc_col-sm-12\"><div class=\"vc_column-inner\"><div class=\"wpb_wrapper\"><div id='' class='teaserbox  overlay'><div class='teaserbox_inner'><div class='teaserheadline'><h2 style='color:#ffffff;font-family:DinWebPro Bold;'>AI in Automotive<\/h2><h3 style='color:#000000;'><\/h3><\/div><div class='teasertext'><div class='wpb_wrapper'>Generative AI can make a significant contribution to productivity gains.<\/div><\/div><div class='teaserlink'><a href='https:\/\/www.striped-giraffe.com\/en\/ai-in-automotive\/' style='color:#ffffff;'>More details<\/a><\/div><div class='wpb_single_image desktop_only'><img src='https:\/\/www.striped-giraffe.com\/wp-content\/uploads\/2023\/09\/Header_KI_Automotive-600x700.jpg' \/><\/div><div class='wpb_single_image mobile_only'><img src='https:\/\/www.striped-giraffe.com\/wp-content\/uploads\/2023\/09\/Header_KI_Automotive-600x700.jpg' \/><\/div><\/div><\/div><\/div><\/div><\/div><\/div><\/div><div class=\"templatera_shortcode\"><div class=\"vc_row wpb_row vc_row-fluid\"><div class=\"wpb_column vc_column_container vc_col-sm-12\"><div class=\"vc_column-inner\"><div class=\"wpb_wrapper\"><div id='' class='teaserbox  overlay'><div class='teaserbox_inner'><div class='teaserheadline'><h2 style='color:#ffffff;font-family:DinWebPro Bold;'>AI in B2B E-Commerce<\/h2><h3 style='color:#000000;'><\/h3><\/div><div class='teasertext'><div class='wpb_wrapper'>Many companies have already been able to increase their conversion rates or improve personalization with AI.<\/div><\/div><div class='teaserlink'><a href='https:\/\/www.striped-giraffe.com\/en\/expertise\/e-commerce\/b2b-ecommerce\/' style='color:#ffffff;'>More details<\/a><\/div><div class='wpb_single_image desktop_only'><img src='https:\/\/www.striped-giraffe.com\/wp-content\/uploads\/2025\/08\/Teaser_AI_B2B_e-commerce.jpg' \/><\/div><div class='wpb_single_image mobile_only'><img src='https:\/\/www.striped-giraffe.com\/wp-content\/uploads\/2025\/08\/Teaser_AI_B2B_e-commerce.jpg' \/><\/div><\/div><\/div><\/div><\/div><\/div><\/div><\/div>[\/vc_column][\/vc_row][vc_row gap=&#8221;35&#8243; css=&#8221;.vc_custom_1696255029177{margin-top: 50px !important;margin-bottom: 50px !important;}&#8221;][vc_column width=&#8221;1\/3&#8243;][vc_column_text]<\/p>\n<h2 class=\"headline_superbig\">Our approach<\/h2>\n<p>[\/vc_column_text][\/vc_column][vc_column width=&#8221;2\/3&#8243; css=&#8221;.vc_custom_1612279521428{padding-left: 0px !important;}&#8221;][vc_column_text]We have shared a fascination for artificial intelligence for many years. However, we also warn our customers not to use AI just because others are doing it. For pretty much every company, there are areas in which AI can be used profitably. We can elicit these together with you.<\/p>\n<p>In the second step, we can then work with you to find or develop a suitable solution.<\/p>\n<p>Usually, we discuss this in advance with all stakeholders involved in order to both highlight the benefits and ensure later acceptance.<\/p>\n<p>It is particularly important that the data basis is correct. After all, AI applications can only be used meaningfully if the data is of the right <a href=\"https:\/\/www.striped-giraffe.com\/en\/expertise\/data-management\/data-quality\/\">quality<\/a> and is <a href=\"https:\/\/www.striped-giraffe.com\/en\/expertise\/data-management\/data-governance\/\">managed optimally<\/a>.[\/vc_column_text][\/vc_column][\/vc_row][vc_row full_width=&#8221;stretch_row&#8221; css=&#8221;.vc_custom_1705587310854{margin-bottom: 50px !important;}&#8221;][vc_column][vc_row_inner][vc_column_inner width=&#8221;1\/3&#8243;][vc_column_text]<\/p>\n<h2 class=\"headline_superbig\">Let&#8217;s talk<\/h2>\n<p>[\/vc_column_text][\/vc_column_inner][vc_column_inner width=&#8221;2\/3&#8243;][vc_column_text]<\/p>\n<h3>Do you need a <strong>specific\u00a0offer<\/strong> or a <strong>sparring partner <\/strong>to discuss ideas?<\/h3>\n<h3>Just contact us:<\/h3>\n<ul>\n<li><a href=\"mailto:experts@striped-giraffe.com\">experts@striped-giraffe.com<\/a><\/li>\n<li><span style=\"color: #ef6c00;\">+49 (0)89-416 126-667<\/span><\/li>\n<\/ul>\n<p>[\/vc_column_text]<a class=\"calendly\" href=\"\" onclick=\"Calendly.initPopupWidget({url: 'https:\/\/calendly.com\/striped-giraffe\/30min'});return false;\">Or book a meeting<\/a>[vc_column_text css=&#8221;.vc_custom_1705587124145{margin-top: 32px !important;}&#8221;]<\/p>\n<h3>We will be happy to support you.<\/h3>\n<p>[\/vc_column_text][\/vc_column_inner][\/vc_row_inner][\/vc_column][\/vc_row][vc_row full_width=&#8221;stretch_row&#8221; gap=&#8221;35&#8243; bg_type=&#8221;bg_color&#8221; css=&#8221;.vc_custom_1655133037485{margin-top: 0px !important;margin-bottom: 0px !important;padding-top: 100px !important;padding-bottom: 100px !important;background-color: #000000 !important;}&#8221; bg_color_value=&#8221;#000000&#8243;][vc_column][vc_row_inner][vc_column_inner width=&#8221;1\/3&#8243; css=&#8221;.vc_custom_1610013762619{padding-right: 25px !important;}&#8221;][vc_column_text]<\/p>\n<h2><span style=\"color: #ef6c00;\">WE CREATE ADDED VALUE<\/span> <span style=\"color: #ffffff;\">FOR OUR\u00a0 CUSTOMERS.<\/span><\/h2>\n<p><span style=\"color: #ffffff;\">This leads to a long-term cooperation with our customers, which we appreciate very much. You can find even more e-books, case studies, and co. in our <a style=\"color: #ffffff;\" href=\"https:\/\/www.striped-giraffe.com\/en\/insights\/\">Insights<\/a>.<\/span>[\/vc_column_text][\/vc_column_inner][vc_column_inner width=&#8221;1\/3&#8243;]<div class=\"templatera_shortcode\"><div class=\"vc_row wpb_row vc_row-fluid\"><div class=\"wpb_column vc_column_container vc_col-sm-12\"><div class=\"vc_column-inner\"><div class=\"wpb_wrapper\"><div id='' class='teaserbox  overlay'><div class='teaserbox_inner'><div class='teaserheadline'><h3 style='text-transform:uppercase;color:#000000;font-family:DinWebPro Bold;'>Study - Part 2<\/h3><h2 style='text-transform:none;color:#ffffff;'>B2B Commerce \u2013 caught between economic stress test and digital efficiency<\/h2><\/div><div class='teasertext'><div class='wpb_wrapper'>In a joint study with ECC K\u00d6LN, B2B manufacturers and wholesalers were interviewed on various topics regarding their digitization undertakings - plans, challenges, and experiences.<\/div><\/div><div class='teaserlink'><a href='https:\/\/www.striped-giraffe.com\/en\/download-study-b2b-commerce-2\/' style='color:#000000;'>Download<\/a><\/div><div class='wpb_single_image desktop_only'><img src='https:\/\/www.striped-giraffe.com\/wp-content\/uploads\/2023\/04\/Teaser_b2b_study_2_DE-600x960.jpg' \/><\/div><div class='wpb_single_image mobile_only'><img src='https:\/\/www.striped-giraffe.com\/wp-content\/uploads\/2023\/04\/Teaser_b2b_study_2_DE-600x700.jpg' \/><\/div><\/div><\/div><\/div><\/div><\/div><\/div><\/div>[\/vc_column_inner][vc_column_inner width=&#8221;1\/3&#8243;]<div class=\"templatera_shortcode\"><div class=\"vc_row wpb_row vc_row-fluid\"><div class=\"wpb_column vc_column_container vc_col-sm-12\"><div class=\"vc_column-inner\"><div class=\"wpb_wrapper\"><div id='' class='teaserbox  overlay'><div class='teaserbox_inner'><div class='teaserheadline'><h3 style='text-transform:uppercase;color:#ffffff;font-family:DinWebPro Bold;'>IT Report<\/h3><h2 style='text-transform:none;color:#ef6c00;'>DIGITIZATION PROJECTS<\/h2><\/div><div class='teasertext'><div class='wpb_wrapper'>In order to achieve digital transformation, companies need to implement various digitalization projects. But how do you ensure that they are successful?<\/div><\/div><div class='teaserlink'><a href='https:\/\/www.striped-giraffe.com\/en\/it-report-digitization-projects\/' style='color:#ffffff;'>More details<\/a><\/div><div class='wpb_single_image desktop_only'><img src='https:\/\/www.striped-giraffe.com\/wp-content\/uploads\/2023\/11\/IT-Report-2023-600x960.jpg' \/><\/div><div class='wpb_single_image mobile_only'><img src='https:\/\/www.striped-giraffe.com\/wp-content\/uploads\/2023\/11\/IT-Report-2023-600x700.jpg' \/><\/div><\/div><\/div><\/div><\/div><\/div><\/div><\/div>[\/vc_column_inner][\/vc_row_inner][\/vc_column][\/vc_row]<\/p>\n<\/section>","protected":false},"excerpt":{"rendered":"Artificial Intelligence AI optimizes many processes, frees up resources, and adds real value to R&amp;D, marketing, sales, production, legal, and [...]","protected":false},"author":2,"featured_media":35226,"parent":19720,"menu_order":0,"comment_status":"closed","ping_status":"closed","template":"","meta":{"footnotes":""},"acf":[],"yoast_head":"<!-- This site is optimized with the Yoast SEO Premium plugin v20.5 (Yoast SEO v20.5) - https:\/\/yoast.com\/wordpress\/plugins\/seo\/ -->\n<title>AI optimizes many processes, frees up resources and more<\/title>\n<meta name=\"description\" content=\"Artificial Intelligence optimizes many processes, frees up resources, and adds real value to R&amp;D, marketing, sales, legal, and more.\" \/>\n<meta name=\"robots\" content=\"index, follow, max-snippet:-1, max-image-preview:large, max-video-preview:-1\" \/>\n<link rel=\"canonical\" href=\"https:\/\/www.striped-giraffe.com\/en\/expertise\/data-management\/artificial-intelligence\/\" \/>\n<meta property=\"og:locale\" content=\"en_US\" \/>\n<meta property=\"og:type\" content=\"article\" \/>\n<meta property=\"og:title\" content=\"Artificial Intelligence\" \/>\n<meta property=\"og:description\" content=\"Artificial Intelligence optimizes many processes, frees up resources, and adds real value to R&amp;D, marketing, sales, legal, and more.\" \/>\n<meta property=\"og:url\" content=\"https:\/\/www.striped-giraffe.com\/en\/expertise\/data-management\/artificial-intelligence\/\" \/>\n<meta property=\"og:site_name\" content=\"Striped Giraffe\" \/>\n<meta property=\"article:modified_time\" content=\"2025-08-04T12:25:54+00:00\" \/>\n<meta property=\"og:image\" content=\"https:\/\/www.striped-giraffe.com\/wp-content\/uploads\/2023\/09\/Header_AI.jpg\" \/>\n\t<meta property=\"og:image:width\" content=\"1400\" \/>\n\t<meta property=\"og:image:height\" content=\"900\" \/>\n\t<meta property=\"og:image:type\" content=\"image\/jpeg\" \/>\n<meta name=\"twitter:card\" content=\"summary_large_image\" \/>\n<meta name=\"twitter:label1\" content=\"Est. reading time\" \/>\n\t<meta name=\"twitter:data1\" content=\"3 minutes\" \/>\n<script type=\"application\/ld+json\" class=\"yoast-schema-graph\">{\"@context\":\"https:\/\/schema.org\",\"@graph\":[{\"@type\":\"WebPage\",\"@id\":\"https:\/\/www.striped-giraffe.com\/en\/expertise\/data-management\/artificial-intelligence\/\",\"url\":\"https:\/\/www.striped-giraffe.com\/en\/expertise\/data-management\/artificial-intelligence\/\",\"name\":\"AI optimizes many processes, frees up resources and more\",\"isPartOf\":{\"@id\":\"https:\/\/www.striped-giraffe.com\/de\/#website\"},\"datePublished\":\"2023-09-28T12:14:48+00:00\",\"dateModified\":\"2025-08-04T12:25:54+00:00\",\"description\":\"Artificial Intelligence optimizes many processes, frees up resources, and adds real value to R&D, marketing, sales, legal, and more.\",\"breadcrumb\":{\"@id\":\"https:\/\/www.striped-giraffe.com\/en\/expertise\/data-management\/artificial-intelligence\/#breadcrumb\"},\"inLanguage\":\"en-US\",\"potentialAction\":[{\"@type\":\"ReadAction\",\"target\":[\"https:\/\/www.striped-giraffe.com\/en\/expertise\/data-management\/artificial-intelligence\/\"]}]},{\"@type\":\"BreadcrumbList\",\"@id\":\"https:\/\/www.striped-giraffe.com\/en\/expertise\/data-management\/artificial-intelligence\/#breadcrumb\",\"itemListElement\":[{\"@type\":\"ListItem\",\"position\":1,\"name\":\"Expertise\",\"item\":\"https:\/\/www.striped-giraffe.com\/en\/expertise\/\"},{\"@type\":\"ListItem\",\"position\":2,\"name\":\"Data management\",\"item\":\"https:\/\/www.striped-giraffe.com\/en\/expertise\/data-management\/\"},{\"@type\":\"ListItem\",\"position\":3,\"name\":\"Artificial Intelligence\"}]},{\"@type\":\"WebSite\",\"@id\":\"https:\/\/www.striped-giraffe.com\/de\/#website\",\"url\":\"https:\/\/www.striped-giraffe.com\/de\/\",\"name\":\"Striped Giraffe\",\"description\":\"Ihr zuverl\u00e4ssiger Anbieter f\u00fcr digitale Enterprise-L\u00f6sungen\",\"publisher\":{\"@id\":\"https:\/\/www.striped-giraffe.com\/de\/#organization\"},\"potentialAction\":[{\"@type\":\"SearchAction\",\"target\":{\"@type\":\"EntryPoint\",\"urlTemplate\":\"https:\/\/www.striped-giraffe.com\/de\/?s={search_term_string}\"},\"query-input\":\"required name=search_term_string\"}],\"inLanguage\":\"en-US\"},{\"@type\":\"Organization\",\"@id\":\"https:\/\/www.striped-giraffe.com\/de\/#organization\",\"name\":\"Striped Giraffe\",\"url\":\"https:\/\/www.striped-giraffe.com\/de\/\",\"logo\":{\"@type\":\"ImageObject\",\"inLanguage\":\"en-US\",\"@id\":\"https:\/\/www.striped-giraffe.com\/de\/#\/schema\/logo\/image\/\",\"url\":\"https:\/\/www.striped-giraffe.com\/wp-content\/uploads\/2021\/01\/giraffe_white.svg\",\"contentUrl\":\"https:\/\/www.striped-giraffe.com\/wp-content\/uploads\/2021\/01\/giraffe_white.svg\",\"caption\":\"Striped Giraffe\"},\"image\":{\"@id\":\"https:\/\/www.striped-giraffe.com\/de\/#\/schema\/logo\/image\/\"}}]}<\/script>\n<!-- \/ Yoast SEO Premium plugin. -->","yoast_head_json":{"title":"AI optimizes many processes, frees up resources and more","description":"Artificial Intelligence optimizes many processes, frees up resources, and adds real value to R&D, marketing, sales, legal, and more.","robots":{"index":"index","follow":"follow","max-snippet":"max-snippet:-1","max-image-preview":"max-image-preview:large","max-video-preview":"max-video-preview:-1"},"canonical":"https:\/\/www.striped-giraffe.com\/en\/expertise\/data-management\/artificial-intelligence\/","og_locale":"en_US","og_type":"article","og_title":"Artificial Intelligence","og_description":"Artificial Intelligence optimizes many processes, frees up resources, and adds real value to R&D, marketing, sales, legal, and more.","og_url":"https:\/\/www.striped-giraffe.com\/en\/expertise\/data-management\/artificial-intelligence\/","og_site_name":"Striped Giraffe","article_modified_time":"2025-08-04T12:25:54+00:00","og_image":[{"width":1400,"height":900,"url":"https:\/\/www.striped-giraffe.com\/wp-content\/uploads\/2023\/09\/Header_AI.jpg","type":"image\/jpeg"}],"twitter_card":"summary_large_image","twitter_misc":{"Est. reading time":"3 minutes"},"schema":{"@context":"https:\/\/schema.org","@graph":[{"@type":"WebPage","@id":"https:\/\/www.striped-giraffe.com\/en\/expertise\/data-management\/artificial-intelligence\/","url":"https:\/\/www.striped-giraffe.com\/en\/expertise\/data-management\/artificial-intelligence\/","name":"AI optimizes many processes, frees up resources and more","isPartOf":{"@id":"https:\/\/www.striped-giraffe.com\/de\/#website"},"datePublished":"2023-09-28T12:14:48+00:00","dateModified":"2025-08-04T12:25:54+00:00","description":"Artificial Intelligence optimizes many processes, frees up resources, and adds real value to R&D, marketing, sales, legal, and more.","breadcrumb":{"@id":"https:\/\/www.striped-giraffe.com\/en\/expertise\/data-management\/artificial-intelligence\/#breadcrumb"},"inLanguage":"en-US","potentialAction":[{"@type":"ReadAction","target":["https:\/\/www.striped-giraffe.com\/en\/expertise\/data-management\/artificial-intelligence\/"]}]},{"@type":"BreadcrumbList","@id":"https:\/\/www.striped-giraffe.com\/en\/expertise\/data-management\/artificial-intelligence\/#breadcrumb","itemListElement":[{"@type":"ListItem","position":1,"name":"Expertise","item":"https:\/\/www.striped-giraffe.com\/en\/expertise\/"},{"@type":"ListItem","position":2,"name":"Data management","item":"https:\/\/www.striped-giraffe.com\/en\/expertise\/data-management\/"},{"@type":"ListItem","position":3,"name":"Artificial Intelligence"}]},{"@type":"WebSite","@id":"https:\/\/www.striped-giraffe.com\/de\/#website","url":"https:\/\/www.striped-giraffe.com\/de\/","name":"Striped Giraffe","description":"Ihr zuverl\u00e4ssiger Anbieter f\u00fcr digitale Enterprise-L\u00f6sungen","publisher":{"@id":"https:\/\/www.striped-giraffe.com\/de\/#organization"},"potentialAction":[{"@type":"SearchAction","target":{"@type":"EntryPoint","urlTemplate":"https:\/\/www.striped-giraffe.com\/de\/?s={search_term_string}"},"query-input":"required name=search_term_string"}],"inLanguage":"en-US"},{"@type":"Organization","@id":"https:\/\/www.striped-giraffe.com\/de\/#organization","name":"Striped Giraffe","url":"https:\/\/www.striped-giraffe.com\/de\/","logo":{"@type":"ImageObject","inLanguage":"en-US","@id":"https:\/\/www.striped-giraffe.com\/de\/#\/schema\/logo\/image\/","url":"https:\/\/www.striped-giraffe.com\/wp-content\/uploads\/2021\/01\/giraffe_white.svg","contentUrl":"https:\/\/www.striped-giraffe.com\/wp-content\/uploads\/2021\/01\/giraffe_white.svg","caption":"Striped Giraffe"},"image":{"@id":"https:\/\/www.striped-giraffe.com\/de\/#\/schema\/logo\/image\/"}}]}},"_links":{"self":[{"href":"https:\/\/www.striped-giraffe.com\/en\/wp-json\/wp\/v2\/pages\/35233"}],"collection":[{"href":"https:\/\/www.striped-giraffe.com\/en\/wp-json\/wp\/v2\/pages"}],"about":[{"href":"https:\/\/www.striped-giraffe.com\/en\/wp-json\/wp\/v2\/types\/page"}],"author":[{"embeddable":true,"href":"https:\/\/www.striped-giraffe.com\/en\/wp-json\/wp\/v2\/users\/2"}],"replies":[{"embeddable":true,"href":"https:\/\/www.striped-giraffe.com\/en\/wp-json\/wp\/v2\/comments?post=35233"}],"version-history":[{"count":8,"href":"https:\/\/www.striped-giraffe.com\/en\/wp-json\/wp\/v2\/pages\/35233\/revisions"}],"predecessor-version":[{"id":35730,"href":"https:\/\/www.striped-giraffe.com\/en\/wp-json\/wp\/v2\/pages\/35233\/revisions\/35730"}],"up":[{"embeddable":true,"href":"https:\/\/www.striped-giraffe.com\/en\/wp-json\/wp\/v2\/pages\/19720"}],"wp:featuredmedia":[{"embeddable":true,"href":"https:\/\/www.striped-giraffe.com\/en\/wp-json\/wp\/v2\/media\/35226"}],"wp:attachment":[{"href":"https:\/\/www.striped-giraffe.com\/en\/wp-json\/wp\/v2\/media?parent=35233"}],"curies":[{"name":"wp","href":"https:\/\/api.w.org\/{rel}","templated":true}]}}