{"id":35403,"date":"2023-11-02T14:24:44","date_gmt":"2023-11-02T13:24:44","guid":{"rendered":"https:\/\/www.striped-giraffe.com\/?page_id=35403"},"modified":"2024-09-19T18:03:23","modified_gmt":"2024-09-19T16:03:23","slug":"it-report-digitization-projects","status":"publish","type":"page","link":"https:\/\/www.striped-giraffe.com\/en\/it-report-digitization-projects\/","title":{"rendered":"IT Report 2023: Digitization projects \u2014 6 key findings on challenges and experiences with recommendations"},"content":{"rendered":"<section class=\"wpb-content-wrapper\"><p>[vc_row full_width=&#8221;stretch_row&#8221; full_height=&#8221;yes&#8221; bg_type=&#8221;image&#8221; parallax_style=&#8221;vcpb-default&#8221; bg_image_new=&#8221;id^35392|url^https:\/\/www.striped-giraffe.com\/wp-content\/uploads\/2023\/11\/Header_IT-Report-1.jpg|caption^IT report on digitization projects|alt^IT report on digitization projects|title^Header_IT-Report|description^IT report on digitization projects&#8221; css=&#8221;.vc_custom_1701094366627{margin-bottom: 50px !important;}&#8221;][vc_column][vc_column_text]<\/p>\n<h2 class=\"headline_superbig\"><span style=\"color: #ef6c00;\">IT Report<\/span><\/h2>\n<h1><span style=\"color: #ffffff;\">Digitization<br \/>\nprojects<\/span><\/h1>\n<p>[\/vc_column_text][\/vc_column][\/vc_row][vc_row bg_type=&#8221;bg_color&#8221; el_class=&#8221;closetotop&#8221; bg_color_value=&#8221;#ffffff&#8221; css=&#8221;.vc_custom_1698932693077{padding-top: 50px !important;padding-bottom: 50px !important;}&#8221;][vc_column][vc_column_text]<\/p>\n<h2 class=\"headline_introduction\" style=\"text-align: center;\">6 key findings on challenges and experiences with recommendations<\/h2>\n<p>[\/vc_column_text][\/vc_column][\/vc_row][vc_row gap=&#8221;35&#8243; css=&#8221;.vc_custom_1694428222887{margin-bottom: 50px !important;}&#8221;][vc_column width=&#8221;1\/3&#8243;][vc_column_text]<\/p>\n<h2 class=\"headline_superbig\">Content of the IT report<\/h2>\n<p>[\/vc_column_text][\/vc_column][vc_column width=&#8221;2\/3&#8243;][vc_column_text]In order to realize the digital transformation, companies have to implement various digitization projects. However, not every completed project is successful.<\/p>\n<ul>\n<li>What are the decision criteria for digitization projects? How to prioritize them? After all, not everything can be realized at once.<\/li>\n<li>What data basis is used for decision-making? Are your decisions based on data at all?<\/li>\n<li>Do you measure the success of your projects and, if so, with which KPIs?<\/li>\n<\/ul>\n<p>We got to the bottom of these and other questions.[\/vc_column_text][vc_empty_space][vc_btn title=&#8221;Download&#8221; align=&#8221;center&#8221; link=&#8221;url:%23downloadsectionitbericht&#8221;][vc_empty_space height=&#8221;100px&#8221;][vc_column_text]<\/p>\n<h2 class=\"headline_superbig\">Study results<\/h2>\n<p>[\/vc_column_text][vc_empty_space][vc_column_text]The results in this IT report are taken from the <a href=\"https:\/\/www.striped-giraffe.com\/en\/download-study-b2b-commerce-2\/\">study<\/a> <span style=\"font-weight: 400;\">\u201cB2B Commerce \u2014 caught between economic stress test and digital efficiency\u201d<\/span>, which we published at the beginning of 2023 together with <a href=\"https:\/\/www.ifhkoeln.de\/ecc-koeln\/\">ECC K\u00d6LN<\/a>. From all the information collected, we have summarized the most concise insights in this IT report and examined them in more detail.[\/vc_column_text][vc_empty_space height=&#8221;32&#8243;][vc_single_image image=&#8221;34260&#8243; img_size=&#8221;medium&#8221; alignment=&#8221;center&#8221;][vc_empty_space height=&#8221;32&#8243;][vc_btn title=&#8221;Read complete study&#8221; align=&#8221;center&#8221; link=&#8221;url:https%3A%2F%2Fwww.striped-giraffe.com%2Fen%2Fdownload-study-b2b-commerce-2%2F|title:Read%20complete%20study|target:_blank&#8221;][\/vc_column][\/vc_row][vc_row gap=&#8221;35&#8243; css=&#8221;.vc_custom_1695798300699{margin-bottom: 100px !important;}&#8221;][vc_column width=&#8221;1\/3&#8243;][vc_column_text]<\/p>\n<h2 class=\"headline_superbig\">Decision criteria<\/h2>\n<p>[\/vc_column_text][\/vc_column][vc_column width=&#8221;2\/3&#8243;][vc_column_text]This image shows the ranking of factors that play a key role for IT managers when deciding on digitization projects. If you want to know what these are, we recommend our free IT report.[\/vc_column_text][vc_empty_space][vc_single_image image=&#8221;35371&#8243; img_size=&#8221;full&#8221;][\/vc_column][\/vc_row][vc_row el_id=&#8221;downloadsectionitbericht&#8221;][vc_column][\/vc_column][\/vc_row][vc_row gap=&#8221;35&#8243; css=&#8221;.vc_custom_1724317649240{margin-bottom: 100px !important;}&#8221; el_id=&#8221;downloadsection&#8221;][vc_column width=&#8221;1\/3&#8243;][vc_column_text]<\/p>\n<h2 class=\"headline_superbig\">Download<\/h2>\n<p>[\/vc_column_text][vc_empty_space height=&#8221;50&#8243;][vc_single_image image=&#8221;35377&#8243; img_size=&#8221;full&#8221;][\/vc_column][vc_column width=&#8221;2\/3&#8243;][vc_column_text]Please download our IT report for free.[\/vc_column_text][vc_empty_space height=&#8221;32&#8243;][vc_column_text]<div class='_form_82'><\/div><script type='text\/javascript' src='https:\/\/striped-giraffe.activehosted.com\/f\/embed.php?static=0&id=82&69F73A215EA0D&nostyles=0&preview=0'><\/script>[\/vc_column_text][\/vc_column][\/vc_row][vc_row gap=&#8221;35&#8243; css=&#8221;.vc_custom_1652087562859{margin-bottom: 100px !important;}&#8221;][vc_column width=&#8221;1\/3&#8243;][vc_column_text]<\/p>\n<h2 class=\"headline_superbig\">Let&#8217;s talk<\/h2>\n<p>[\/vc_column_text][\/vc_column][vc_column width=&#8221;2\/3&#8243; css=&#8221;.vc_custom_1652089948269{margin-left: 50px !important;}&#8221;][vc_column_text]<\/p>\n<h3>Are you interested in exchanging ideas on this topic?<\/h3>\n<p>Then contact us at <a href=\"mailto:experts@striped-giraffe.com\">experts@striped-giraffe.com<\/a>.[\/vc_column_text][vc_empty_space]<a class=\"calendly\" href=\"\" onclick=\"Calendly.initPopupWidget({url: 'https:\/\/calendly.com\/striped-giraffe\/30min'});return false;\">Schedule a meeting<\/a>[\/vc_column][\/vc_row][vc_row full_width=&#8221;stretch_row&#8221; bg_type=&#8221;bg_color&#8221; bg_color_value=&#8221;#000000&#8243;][vc_column][vc_row_inner][vc_column_inner][vc_column_text css=&#8221;.vc_custom_1681306236377{margin-top: 100px !important;}&#8221;]<\/p>\n<h2 class=\"headline_introduction\"><span style=\"color: #ffffff;\">More Insights<\/span><\/h2>\n<p>[\/vc_column_text][\/vc_column_inner][\/vc_row_inner][\/vc_column][\/vc_row][vc_row full_width=&#8221;stretch_row&#8221; gap=&#8221;35&#8243; bg_type=&#8221;bg_color&#8221; css=&#8221;.vc_custom_1699539155160{margin-top: 0px !important;margin-bottom: 0px !important;padding-top: 50px !important;padding-bottom: 100px !important;background-color: #000000 !important;}&#8221; bg_color_value=&#8221;#000000&#8243;][vc_column][vc_row_inner][vc_column_inner width=&#8221;1\/3&#8243; css=&#8221;.vc_custom_1610013762619{padding-right: 25px !important;}&#8221;][vc_column_text]<\/p>\n<h2><span style=\"color: #ef6c00;\">WE CREATE ADDED VALUE<\/span> <span style=\"color: #ffffff;\">FOR OUR\u00a0 CUSTOMERS.<\/span><\/h2>\n<p><span style=\"color: #ffffff;\">This leads to a long-term cooperation with our customers, which we appreciate very much. You can find even more e-books, case studies, and co. in our <a style=\"color: #ffffff;\" href=\"https:\/\/www.striped-giraffe.com\/en\/insights\/\">Insights<\/a>.<\/span>[\/vc_column_text][\/vc_column_inner][vc_column_inner width=&#8221;1\/3&#8243;]<div class=\"templatera_shortcode\"><div class=\"vc_row wpb_row vc_row-fluid\"><div class=\"wpb_column vc_column_container vc_col-sm-12\"><div class=\"vc_column-inner\"><div class=\"wpb_wrapper\"><div id='' class='teaserbox  overlay'><div class='teaserbox_inner'><div class='teaserheadline'><h3 style='text-transform:uppercase;color:#000000;font-family:DinWebPro Bold;'>Study - Part 2<\/h3><h2 style='text-transform:none;color:#ffffff;'>B2B Commerce \u2013 caught between economic stress test and digital efficiency<\/h2><\/div><div class='teasertext'><div class='wpb_wrapper'>In a joint study with ECC K\u00d6LN, B2B manufacturers and wholesalers were interviewed on various topics regarding their digitization undertakings - plans, challenges, and experiences.<\/div><\/div><div class='teaserlink'><a href='https:\/\/www.striped-giraffe.com\/en\/download-study-b2b-commerce-2\/' style='color:#000000;'>Download<\/a><\/div><div class='wpb_single_image desktop_only'><img src='https:\/\/www.striped-giraffe.com\/wp-content\/uploads\/2023\/04\/Teaser_b2b_study_2_DE-600x960.jpg' \/><\/div><div class='wpb_single_image mobile_only'><img src='https:\/\/www.striped-giraffe.com\/wp-content\/uploads\/2023\/04\/Teaser_b2b_study_2_DE-600x700.jpg' \/><\/div><\/div><\/div><\/div><\/div><\/div><\/div><\/div>[\/vc_column_inner][vc_column_inner width=&#8221;1\/3&#8243;]<div class=\"templatera_shortcode\"><div class=\"vc_row wpb_row vc_row-fluid\"><div class=\"wpb_column vc_column_container vc_col-sm-12\"><div class=\"vc_column-inner\"><div class=\"wpb_wrapper\"><div id='' class='teaserbox  overlay'><div class='teaserbox_inner'><div class='teaserheadline'><h2 style='color:#ffffff;font-family:DinWebPro Bold;'>AI in Pharma and Healthcare<\/h2><h3 style='color:#000000;'><\/h3><\/div><div class='teasertext'><div class='wpb_wrapper'>For example, AI can simulate the chemical interactions used to evaluate a drug&#039;s efficacy.<\/div><\/div><div class='teaserlink'><a href='https:\/\/www.striped-giraffe.com\/en\/ai-pharma-healthcare\/' style='color:#ffffff;'>More details<\/a><\/div><div class='wpb_single_image desktop_only'><img src='https:\/\/www.striped-giraffe.com\/wp-content\/uploads\/2023\/09\/Header_KI_Healthcare-600x700.jpg' \/><\/div><div class='wpb_single_image mobile_only'><img src='https:\/\/www.striped-giraffe.com\/wp-content\/uploads\/2023\/09\/Header_KI_Healthcare-600x700.jpg' \/><\/div><\/div><\/div><\/div><\/div><\/div><\/div><\/div>[\/vc_column_inner][\/vc_row_inner][\/vc_column][\/vc_row]<\/p>\n<\/section>","protected":false},"excerpt":{"rendered":"IT Report Digitization projects 6 key findings on challenges and experiences with recommendations Content of the IT report In order [...]","protected":false},"author":2,"featured_media":35547,"parent":0,"menu_order":0,"comment_status":"closed","ping_status":"closed","template":"page-sidebar.php","meta":{"footnotes":""},"acf":[],"yoast_head":"<!-- This site is optimized with the Yoast SEO Premium plugin v20.5 (Yoast SEO v20.5) - https:\/\/yoast.com\/wordpress\/plugins\/seo\/ -->\n<title>IT report: Digitization projects - challenges, and practical hints<\/title>\n<meta name=\"description\" content=\"IT report about digitization projects: 6 key findings on challenges and experiences with recommendations \ud83c\udf93\" \/>\n<meta name=\"robots\" content=\"index, follow, max-snippet:-1, max-image-preview:large, max-video-preview:-1\" \/>\n<link rel=\"canonical\" href=\"https:\/\/www.striped-giraffe.com\/en\/it-report-digitization-projects\/\" \/>\n<meta property=\"og:locale\" content=\"en_US\" \/>\n<meta property=\"og:type\" content=\"article\" \/>\n<meta property=\"og:title\" content=\"IT Report 2023: Digitization projects \u2014 6 key findings on challenges and experiences with recommendations\" \/>\n<meta property=\"og:description\" content=\"IT report about digitization projects: 6 key findings on challenges and experiences with recommendations \ud83c\udf93\" \/>\n<meta property=\"og:url\" content=\"https:\/\/www.striped-giraffe.com\/en\/it-report-digitization-projects\/\" \/>\n<meta property=\"og:site_name\" content=\"Striped Giraffe\" \/>\n<meta property=\"article:modified_time\" content=\"2024-09-19T16:03:23+00:00\" \/>\n<meta property=\"og:image\" content=\"https:\/\/www.striped-giraffe.com\/wp-content\/uploads\/2023\/11\/2023-11-29-IT-Report-2023-2.jpg\" \/>\n\t<meta property=\"og:image:width\" content=\"1920\" \/>\n\t<meta property=\"og:image:height\" content=\"1006\" \/>\n\t<meta property=\"og:image:type\" content=\"image\/jpeg\" \/>\n<meta name=\"twitter:card\" content=\"summary_large_image\" \/>\n<meta name=\"twitter:label1\" content=\"Est. reading time\" \/>\n\t<meta name=\"twitter:data1\" content=\"3 minutes\" \/>\n<script type=\"application\/ld+json\" class=\"yoast-schema-graph\">{\"@context\":\"https:\/\/schema.org\",\"@graph\":[{\"@type\":\"WebPage\",\"@id\":\"https:\/\/www.striped-giraffe.com\/en\/it-report-digitization-projects\/\",\"url\":\"https:\/\/www.striped-giraffe.com\/en\/it-report-digitization-projects\/\",\"name\":\"IT report: Digitization projects - challenges, and practical hints\",\"isPartOf\":{\"@id\":\"https:\/\/www.striped-giraffe.com\/de\/#website\"},\"datePublished\":\"2023-11-02T13:24:44+00:00\",\"dateModified\":\"2024-09-19T16:03:23+00:00\",\"description\":\"IT report about digitization projects: 6 key findings on challenges and experiences with recommendations \ud83c\udf93\",\"inLanguage\":\"en-US\",\"potentialAction\":[{\"@type\":\"ReadAction\",\"target\":[\"https:\/\/www.striped-giraffe.com\/en\/it-report-digitization-projects\/\"]}]},{\"@type\":\"WebSite\",\"@id\":\"https:\/\/www.striped-giraffe.com\/de\/#website\",\"url\":\"https:\/\/www.striped-giraffe.com\/de\/\",\"name\":\"Striped Giraffe\",\"description\":\"Ihr zuverl\u00e4ssiger Anbieter f\u00fcr digitale Enterprise-L\u00f6sungen\",\"publisher\":{\"@id\":\"https:\/\/www.striped-giraffe.com\/de\/#organization\"},\"potentialAction\":[{\"@type\":\"SearchAction\",\"target\":{\"@type\":\"EntryPoint\",\"urlTemplate\":\"https:\/\/www.striped-giraffe.com\/de\/?s={search_term_string}\"},\"query-input\":\"required name=search_term_string\"}],\"inLanguage\":\"en-US\"},{\"@type\":\"Organization\",\"@id\":\"https:\/\/www.striped-giraffe.com\/de\/#organization\",\"name\":\"Striped Giraffe\",\"url\":\"https:\/\/www.striped-giraffe.com\/de\/\",\"logo\":{\"@type\":\"ImageObject\",\"inLanguage\":\"en-US\",\"@id\":\"https:\/\/www.striped-giraffe.com\/de\/#\/schema\/logo\/image\/\",\"url\":\"https:\/\/www.striped-giraffe.com\/wp-content\/uploads\/2021\/01\/giraffe_white.svg\",\"contentUrl\":\"https:\/\/www.striped-giraffe.com\/wp-content\/uploads\/2021\/01\/giraffe_white.svg\",\"caption\":\"Striped Giraffe\"},\"image\":{\"@id\":\"https:\/\/www.striped-giraffe.com\/de\/#\/schema\/logo\/image\/\"}}]}<\/script>\n<!-- \/ Yoast SEO Premium plugin. -->","yoast_head_json":{"title":"IT report: Digitization projects - challenges, and practical hints","description":"IT report about digitization projects: 6 key findings on challenges and experiences with recommendations \ud83c\udf93","robots":{"index":"index","follow":"follow","max-snippet":"max-snippet:-1","max-image-preview":"max-image-preview:large","max-video-preview":"max-video-preview:-1"},"canonical":"https:\/\/www.striped-giraffe.com\/en\/it-report-digitization-projects\/","og_locale":"en_US","og_type":"article","og_title":"IT Report 2023: Digitization projects \u2014 6 key findings on challenges and experiences with recommendations","og_description":"IT report about digitization projects: 6 key findings on challenges and experiences with recommendations \ud83c\udf93","og_url":"https:\/\/www.striped-giraffe.com\/en\/it-report-digitization-projects\/","og_site_name":"Striped Giraffe","article_modified_time":"2024-09-19T16:03:23+00:00","og_image":[{"width":1920,"height":1006,"url":"https:\/\/www.striped-giraffe.com\/wp-content\/uploads\/2023\/11\/2023-11-29-IT-Report-2023-2.jpg","type":"image\/jpeg"}],"twitter_card":"summary_large_image","twitter_misc":{"Est. reading time":"3 minutes"},"schema":{"@context":"https:\/\/schema.org","@graph":[{"@type":"WebPage","@id":"https:\/\/www.striped-giraffe.com\/en\/it-report-digitization-projects\/","url":"https:\/\/www.striped-giraffe.com\/en\/it-report-digitization-projects\/","name":"IT report: Digitization projects - challenges, and practical hints","isPartOf":{"@id":"https:\/\/www.striped-giraffe.com\/de\/#website"},"datePublished":"2023-11-02T13:24:44+00:00","dateModified":"2024-09-19T16:03:23+00:00","description":"IT report about digitization projects: 6 key findings on challenges and experiences with recommendations \ud83c\udf93","inLanguage":"en-US","potentialAction":[{"@type":"ReadAction","target":["https:\/\/www.striped-giraffe.com\/en\/it-report-digitization-projects\/"]}]},{"@type":"WebSite","@id":"https:\/\/www.striped-giraffe.com\/de\/#website","url":"https:\/\/www.striped-giraffe.com\/de\/","name":"Striped Giraffe","description":"Ihr zuverl\u00e4ssiger Anbieter f\u00fcr digitale Enterprise-L\u00f6sungen","publisher":{"@id":"https:\/\/www.striped-giraffe.com\/de\/#organization"},"potentialAction":[{"@type":"SearchAction","target":{"@type":"EntryPoint","urlTemplate":"https:\/\/www.striped-giraffe.com\/de\/?s={search_term_string}"},"query-input":"required name=search_term_string"}],"inLanguage":"en-US"},{"@type":"Organization","@id":"https:\/\/www.striped-giraffe.com\/de\/#organization","name":"Striped Giraffe","url":"https:\/\/www.striped-giraffe.com\/de\/","logo":{"@type":"ImageObject","inLanguage":"en-US","@id":"https:\/\/www.striped-giraffe.com\/de\/#\/schema\/logo\/image\/","url":"https:\/\/www.striped-giraffe.com\/wp-content\/uploads\/2021\/01\/giraffe_white.svg","contentUrl":"https:\/\/www.striped-giraffe.com\/wp-content\/uploads\/2021\/01\/giraffe_white.svg","caption":"Striped Giraffe"},"image":{"@id":"https:\/\/www.striped-giraffe.com\/de\/#\/schema\/logo\/image\/"}}]}},"_links":{"self":[{"href":"https:\/\/www.striped-giraffe.com\/en\/wp-json\/wp\/v2\/pages\/35403"}],"collection":[{"href":"https:\/\/www.striped-giraffe.com\/en\/wp-json\/wp\/v2\/pages"}],"about":[{"href":"https:\/\/www.striped-giraffe.com\/en\/wp-json\/wp\/v2\/types\/page"}],"author":[{"embeddable":true,"href":"https:\/\/www.striped-giraffe.com\/en\/wp-json\/wp\/v2\/users\/2"}],"replies":[{"embeddable":true,"href":"https:\/\/www.striped-giraffe.com\/en\/wp-json\/wp\/v2\/comments?post=35403"}],"version-history":[{"count":22,"href":"https:\/\/www.striped-giraffe.com\/en\/wp-json\/wp\/v2\/pages\/35403\/revisions"}],"predecessor-version":[{"id":37783,"href":"https:\/\/www.striped-giraffe.com\/en\/wp-json\/wp\/v2\/pages\/35403\/revisions\/37783"}],"wp:featuredmedia":[{"embeddable":true,"href":"https:\/\/www.striped-giraffe.com\/en\/wp-json\/wp\/v2\/media\/35547"}],"wp:attachment":[{"href":"https:\/\/www.striped-giraffe.com\/en\/wp-json\/wp\/v2\/media?parent=35403"}],"curies":[{"name":"wp","href":"https:\/\/api.w.org\/{rel}","templated":true}]}}