{"id":35491,"date":"2023-11-23T09:45:17","date_gmt":"2023-11-23T08:45:17","guid":{"rendered":"https:\/\/www.striped-giraffe.com\/?page_id=35491"},"modified":"2024-09-11T11:07:25","modified_gmt":"2024-09-11T09:07:25","slug":"software-delivery-optimization","status":"publish","type":"page","link":"https:\/\/www.striped-giraffe.com\/en\/software-delivery-optimization\/","title":{"rendered":"OFFER: Software Delivery Optimization"},"content":{"rendered":"<section class=\"wpb-content-wrapper\"><p>[vc_row full_width=&#8221;stretch_row&#8221; full_height=&#8221;yes&#8221; bg_type=&#8221;image&#8221; parallax_style=&#8221;vcpb-default&#8221; bg_image_new=&#8221;id^35475|url^https:\/\/www.striped-giraffe.com\/wp-content\/uploads\/2023\/11\/Header_Software_Delivery.jpg|caption^Special offer: Software Delivery Optimization|alt^Software Delivery Optimization,SDLC|title^Software Delivery Optimization|description^Special offer: Software Delivery Optimization&#8221; css=&#8221;.vc_custom_1701094767889{margin-bottom: 50px !important;}&#8221;][vc_column][vc_column_text]<\/p>\n<h2><span style=\"color: #ef6c00;\">Special Offer<\/span><\/h2>\n<h1><span style=\"color: #ffffff;\">Optimizing your<br \/>\nSoftware Delivery <\/span><\/h1>\n<p>[\/vc_column_text][\/vc_column][\/vc_row][vc_row bg_type=&#8221;bg_color&#8221; el_class=&#8221;closetotop&#8221; bg_color_value=&#8221;#ffffff&#8221; css=&#8221;.vc_custom_1698932693077{padding-top: 50px !important;padding-bottom: 50px !important;}&#8221;][vc_column][vc_column_text]<\/p>\n<h2 class=\"headline_introduction\" style=\"text-align: center;\">In today&#8217;s fast-paced digital world, the efficient delivery of software products is crucial.<\/h2>\n<p>[\/vc_column_text][\/vc_column][\/vc_row][vc_row gap=&#8221;35&#8243; css=&#8221;.vc_custom_1694428222887{margin-bottom: 50px !important;}&#8221;][vc_column width=&#8221;1\/3&#8243;][vc_column_text]<\/p>\n<h2 class=\"headline_superbig\"><span style=\"color: #ef6c00;\">Challenges<\/span> of software delivery<\/h2>\n<p>[\/vc_column_text][\/vc_column][vc_column width=&#8221;2\/3&#8243;][vc_column_text]<\/p>\n<ul>\n<li><strong>Frequent Production Deployment Failures<\/strong><br \/>\nA constant struggle with hotfixes can hinder progress.<\/li>\n<li><strong>Unstable Environments<\/strong><br \/>\nInconsistent environments can disrupt your workflow.<\/li>\n<li><strong>Protracted Onboarding of IT staff<\/strong><br \/>\nLengthy onboarding processes for new IT professionals can hinder productivity.<\/li>\n<li><strong>Prolonged Time-to-Market<\/strong><br \/>\nDelays can cost you market opportunities and customer satisfaction.<\/li>\n<li><strong>Excessive Feature Costs<\/strong><br \/>\nHigh feature costs can impede your profitability.<\/li>\n<li><strong>Lack of End-to-End Testing<\/strong><br \/>\nThe inability to thoroughly test before production can lead to unexpected bugs and costly setbacks.<\/li>\n<\/ul>\n<p>[\/vc_column_text][vc_empty_space][vc_btn title=&#8221;Download&#8221; align=&#8221;center&#8221; link=&#8221;url:%23downloadsectionoffer&#8221;][\/vc_column][\/vc_row][vc_row gap=&#8221;35&#8243; css=&#8221;.vc_custom_1695798300699{margin-bottom: 100px !important;}&#8221;][vc_column width=&#8221;1\/3&#8243;][vc_column_text]<\/p>\n<h2 class=\"headline_superbig\">Our Offer<\/h2>\n<p>[\/vc_column_text][\/vc_column][vc_column width=&#8221;2\/3&#8243;][vc_column_text]Together with you, we identify the areas in the SDLC that need to be optimized. For this purpose, we have compiled a specific offer for you.[\/vc_column_text][vc_empty_space][vc_column_text]<\/p>\n<ul>\n<li><strong>Step 1 \u2013 Workshop for symptom identification<\/strong><\/li>\n<li><strong>Step 2 \u2013 Deep dive expert interviews<\/strong><\/li>\n<li><strong>Step 3 \u2013 Solution design<\/strong><\/li>\n<li><strong>Step 4 \u2013 Solution feasibility workshop<\/strong><\/li>\n<li><strong>Step 5 \u2013 Summary Session<\/strong><\/li>\n<\/ul>\n<p>[\/vc_column_text][vc_empty_space][vc_column_text]Details of our 5-step program, your price, and other options for optimizing your software delivery can be found in our exclusive offer. Download it now for free. If you have any questions or would like to customize the offer, please do not hesitate to get in touch. Simply contact us at <a href=\"mailto:experts@striped-giraffe.com\">experts@striped-giraffe.com<\/a>.[\/vc_column_text][\/vc_column][\/vc_row][vc_row el_id=&#8221;downloadsectionoffer&#8221;][vc_column][\/vc_column][\/vc_row][vc_row gap=&#8221;35&#8243; css=&#8221;.vc_custom_1724317649240{margin-bottom: 100px !important;}&#8221; el_id=&#8221;downloadsection&#8221;][vc_column width=&#8221;1\/3&#8243;][vc_column_text]<\/p>\n<h2 class=\"headline_superbig\">Our offer<\/h2>\n<p>[\/vc_column_text][vc_empty_space height=&#8221;50&#8243;][vc_single_image image=&#8221;35537&#8243; img_size=&#8221;full&#8221;][\/vc_column][vc_column width=&#8221;2\/3&#8243;][vc_column_text]<\/p>\n<h2 class=\"headline_superbig\"><span style=\"color: #ef6c00;\">Special offer<\/span> for optimizing your software delivery<\/h2>\n<p>[\/vc_column_text][vc_empty_space height=&#8221;32&#8243;][vc_column_text]Download our exclusive offer to optimize your software delivery here for free.[\/vc_column_text][vc_empty_space height=&#8221;32&#8243;][vc_column_text]<div class='_form_110'><\/div><script type='text\/javascript' src='https:\/\/striped-giraffe.activehosted.com\/f\/embed.php?static=0&id=110&6A01221EC0E17&nostyles=0&preview=0'><\/script>[\/vc_column_text][\/vc_column][\/vc_row][vc_row full_width=&#8221;stretch_row&#8221; gap=&#8221;35&#8243; bg_type=&#8221;bg_color&#8221; css=&#8221;.vc_custom_1655133037485{margin-top: 0px !important;margin-bottom: 0px !important;padding-top: 100px !important;padding-bottom: 100px !important;background-color: #000000 !important;}&#8221; bg_color_value=&#8221;#000000&#8243;][vc_column][vc_row_inner][vc_column_inner width=&#8221;1\/3&#8243; css=&#8221;.vc_custom_1610013762619{padding-right: 25px !important;}&#8221;][vc_column_text]<\/p>\n<h2><span style=\"color: #ef6c00;\">WE CREATE ADDED VALUE<\/span> <span style=\"color: #ffffff;\">FOR OUR\u00a0 CUSTOMERS.<\/span><\/h2>\n<p><span style=\"color: #ffffff;\">This leads to a long-term cooperation with our customers, which we appreciate very much. You can find even more e-books, case studies, and co. in our <a style=\"color: #ffffff;\" href=\"https:\/\/www.striped-giraffe.com\/en\/insights\/\">Insights<\/a>.<\/span>[\/vc_column_text][\/vc_column_inner][vc_column_inner width=&#8221;1\/3&#8243;]<div class=\"templatera_shortcode\"><div class=\"vc_row wpb_row vc_row-fluid\"><div class=\"wpb_column vc_column_container vc_col-sm-12\"><div class=\"vc_column-inner\"><div class=\"wpb_wrapper\"><div id='' class='teaserbox  overlay'><div class='teaserbox_inner'><div class='teaserheadline'><h3 style='text-transform:uppercase;color:#ffffff;font-family:DinWebPro Bold;'>IT Report<\/h3><h2 style='text-transform:none;color:#ef6c00;'>DIGITIZATION PROJECTS<\/h2><\/div><div class='teasertext'><div class='wpb_wrapper'>In order to achieve digital transformation, companies need to implement various digitalization projects. But how do you ensure that they are successful?<\/div><\/div><div class='teaserlink'><a href='https:\/\/www.striped-giraffe.com\/en\/it-report-digitization-projects\/' style='color:#ffffff;'>More details<\/a><\/div><div class='wpb_single_image desktop_only'><img src='https:\/\/www.striped-giraffe.com\/wp-content\/uploads\/2023\/11\/IT-Report-2023-600x960.jpg' \/><\/div><div class='wpb_single_image mobile_only'><img src='https:\/\/www.striped-giraffe.com\/wp-content\/uploads\/2023\/11\/IT-Report-2023-600x700.jpg' \/><\/div><\/div><\/div><\/div><\/div><\/div><\/div><\/div>[\/vc_column_inner][vc_column_inner width=&#8221;1\/3&#8243;]<div class=\"templatera_shortcode\"><div class=\"vc_row wpb_row vc_row-fluid\"><div class=\"wpb_column vc_column_container vc_col-sm-12\"><div class=\"vc_column-inner\"><div class=\"wpb_wrapper\"><div id='' class='teaserbox  overlay'><div class='teaserbox_inner'><div class='teaserheadline'><h3 style='text-transform:uppercase;color:#ef6c00;font-family:DinWebPro Bold;'>New Video<\/h3><h2 style='text-transform:none;color:#000000;'><\/h2><\/div><div class='teasertext'><div class='wpb_wrapper'>We have produced a video for you that presents the AGILE myth in a snappy way. What do you think? Let&#039;s discuss.<\/div><\/div><div class='teaserlink'><a href='https:\/\/youtu.be\/Bez7wmAsxjE' style='color:#ffffff;'>Watch video (YouTube)<\/a><\/div><div class='wpb_single_image desktop_only'><img src='https:\/\/www.striped-giraffe.com\/wp-content\/uploads\/2023\/08\/Agile_Paradoxon_video-1-600x960.jpg' \/><\/div><div class='wpb_single_image mobile_only'><img src='https:\/\/www.striped-giraffe.com\/wp-content\/uploads\/2023\/08\/Agile_Paradoxon_video-1-600x700.jpg' \/><\/div><\/div><\/div><\/div><\/div><\/div><\/div><\/div>[\/vc_column_inner][\/vc_row_inner][\/vc_column][\/vc_row]<\/p>\n<\/section>","protected":false},"excerpt":{"rendered":"Special Offer Optimizing your Software Delivery In today's fast-paced digital world, the efficient delivery of software products is crucial. Challenges [...]","protected":false},"author":2,"featured_media":35537,"parent":0,"menu_order":0,"comment_status":"closed","ping_status":"closed","template":"","meta":{"footnotes":""},"acf":[],"yoast_head":"<!-- This site is optimized with the Yoast SEO Premium plugin v20.5 (Yoast SEO v20.5) - https:\/\/yoast.com\/wordpress\/plugins\/seo\/ -->\n<title>OFFER: Software Delivery Optimization - Striped Giraffe<\/title>\n<meta name=\"description\" content=\"Together with you, we identify the areas in the SDLC that need to be optimized. For this purpose, we have compiled a specific offer for you.\" \/>\n<meta name=\"robots\" content=\"index, follow, max-snippet:-1, max-image-preview:large, max-video-preview:-1\" \/>\n<link rel=\"canonical\" href=\"https:\/\/www.striped-giraffe.com\/en\/software-delivery-optimization\/\" \/>\n<meta property=\"og:locale\" content=\"en_US\" \/>\n<meta property=\"og:type\" content=\"article\" \/>\n<meta property=\"og:title\" content=\"OFFER: Software Delivery Optimization\" \/>\n<meta property=\"og:description\" content=\"Together with you, we identify the areas in the SDLC that need to be optimized. For this purpose, we have compiled a specific offer for you.\" \/>\n<meta property=\"og:url\" content=\"https:\/\/www.striped-giraffe.com\/en\/software-delivery-optimization\/\" \/>\n<meta property=\"og:site_name\" content=\"Striped Giraffe\" \/>\n<meta property=\"article:modified_time\" content=\"2024-09-11T09:07:25+00:00\" \/>\n<meta property=\"og:image\" content=\"https:\/\/www.striped-giraffe.com\/wp-content\/uploads\/2023\/11\/Offer_Software_Delivery_Optimization_EN_cover.jpg\" \/>\n\t<meta property=\"og:image:width\" content=\"1200\" \/>\n\t<meta property=\"og:image:height\" content=\"931\" \/>\n\t<meta property=\"og:image:type\" content=\"image\/jpeg\" \/>\n<meta name=\"twitter:card\" content=\"summary_large_image\" \/>\n<meta name=\"twitter:label1\" content=\"Est. reading time\" \/>\n\t<meta name=\"twitter:data1\" content=\"2 minutes\" \/>\n<script type=\"application\/ld+json\" class=\"yoast-schema-graph\">{\"@context\":\"https:\/\/schema.org\",\"@graph\":[{\"@type\":\"WebPage\",\"@id\":\"https:\/\/www.striped-giraffe.com\/en\/software-delivery-optimization\/\",\"url\":\"https:\/\/www.striped-giraffe.com\/en\/software-delivery-optimization\/\",\"name\":\"OFFER: Software Delivery Optimization - Striped Giraffe\",\"isPartOf\":{\"@id\":\"https:\/\/www.striped-giraffe.com\/de\/#website\"},\"datePublished\":\"2023-11-23T08:45:17+00:00\",\"dateModified\":\"2024-09-11T09:07:25+00:00\",\"description\":\"Together with you, we identify the areas in the SDLC that need to be optimized. For this purpose, we have compiled a specific offer for you.\",\"inLanguage\":\"en-US\",\"potentialAction\":[{\"@type\":\"ReadAction\",\"target\":[\"https:\/\/www.striped-giraffe.com\/en\/software-delivery-optimization\/\"]}]},{\"@type\":\"WebSite\",\"@id\":\"https:\/\/www.striped-giraffe.com\/de\/#website\",\"url\":\"https:\/\/www.striped-giraffe.com\/de\/\",\"name\":\"Striped Giraffe\",\"description\":\"Ihr zuverl\u00e4ssiger Anbieter f\u00fcr digitale Enterprise-L\u00f6sungen\",\"publisher\":{\"@id\":\"https:\/\/www.striped-giraffe.com\/de\/#organization\"},\"potentialAction\":[{\"@type\":\"SearchAction\",\"target\":{\"@type\":\"EntryPoint\",\"urlTemplate\":\"https:\/\/www.striped-giraffe.com\/de\/?s={search_term_string}\"},\"query-input\":\"required name=search_term_string\"}],\"inLanguage\":\"en-US\"},{\"@type\":\"Organization\",\"@id\":\"https:\/\/www.striped-giraffe.com\/de\/#organization\",\"name\":\"Striped Giraffe\",\"url\":\"https:\/\/www.striped-giraffe.com\/de\/\",\"logo\":{\"@type\":\"ImageObject\",\"inLanguage\":\"en-US\",\"@id\":\"https:\/\/www.striped-giraffe.com\/de\/#\/schema\/logo\/image\/\",\"url\":\"https:\/\/www.striped-giraffe.com\/wp-content\/uploads\/2021\/01\/giraffe_white.svg\",\"contentUrl\":\"https:\/\/www.striped-giraffe.com\/wp-content\/uploads\/2021\/01\/giraffe_white.svg\",\"caption\":\"Striped Giraffe\"},\"image\":{\"@id\":\"https:\/\/www.striped-giraffe.com\/de\/#\/schema\/logo\/image\/\"}}]}<\/script>\n<!-- \/ Yoast SEO Premium plugin. -->","yoast_head_json":{"title":"OFFER: Software Delivery Optimization - Striped Giraffe","description":"Together with you, we identify the areas in the SDLC that need to be optimized. For this purpose, we have compiled a specific offer for you.","robots":{"index":"index","follow":"follow","max-snippet":"max-snippet:-1","max-image-preview":"max-image-preview:large","max-video-preview":"max-video-preview:-1"},"canonical":"https:\/\/www.striped-giraffe.com\/en\/software-delivery-optimization\/","og_locale":"en_US","og_type":"article","og_title":"OFFER: Software Delivery Optimization","og_description":"Together with you, we identify the areas in the SDLC that need to be optimized. For this purpose, we have compiled a specific offer for you.","og_url":"https:\/\/www.striped-giraffe.com\/en\/software-delivery-optimization\/","og_site_name":"Striped Giraffe","article_modified_time":"2024-09-11T09:07:25+00:00","og_image":[{"width":1200,"height":931,"url":"https:\/\/www.striped-giraffe.com\/wp-content\/uploads\/2023\/11\/Offer_Software_Delivery_Optimization_EN_cover.jpg","type":"image\/jpeg"}],"twitter_card":"summary_large_image","twitter_misc":{"Est. reading time":"2 minutes"},"schema":{"@context":"https:\/\/schema.org","@graph":[{"@type":"WebPage","@id":"https:\/\/www.striped-giraffe.com\/en\/software-delivery-optimization\/","url":"https:\/\/www.striped-giraffe.com\/en\/software-delivery-optimization\/","name":"OFFER: Software Delivery Optimization - Striped Giraffe","isPartOf":{"@id":"https:\/\/www.striped-giraffe.com\/de\/#website"},"datePublished":"2023-11-23T08:45:17+00:00","dateModified":"2024-09-11T09:07:25+00:00","description":"Together with you, we identify the areas in the SDLC that need to be optimized. For this purpose, we have compiled a specific offer for you.","inLanguage":"en-US","potentialAction":[{"@type":"ReadAction","target":["https:\/\/www.striped-giraffe.com\/en\/software-delivery-optimization\/"]}]},{"@type":"WebSite","@id":"https:\/\/www.striped-giraffe.com\/de\/#website","url":"https:\/\/www.striped-giraffe.com\/de\/","name":"Striped Giraffe","description":"Ihr zuverl\u00e4ssiger Anbieter f\u00fcr digitale Enterprise-L\u00f6sungen","publisher":{"@id":"https:\/\/www.striped-giraffe.com\/de\/#organization"},"potentialAction":[{"@type":"SearchAction","target":{"@type":"EntryPoint","urlTemplate":"https:\/\/www.striped-giraffe.com\/de\/?s={search_term_string}"},"query-input":"required name=search_term_string"}],"inLanguage":"en-US"},{"@type":"Organization","@id":"https:\/\/www.striped-giraffe.com\/de\/#organization","name":"Striped Giraffe","url":"https:\/\/www.striped-giraffe.com\/de\/","logo":{"@type":"ImageObject","inLanguage":"en-US","@id":"https:\/\/www.striped-giraffe.com\/de\/#\/schema\/logo\/image\/","url":"https:\/\/www.striped-giraffe.com\/wp-content\/uploads\/2021\/01\/giraffe_white.svg","contentUrl":"https:\/\/www.striped-giraffe.com\/wp-content\/uploads\/2021\/01\/giraffe_white.svg","caption":"Striped Giraffe"},"image":{"@id":"https:\/\/www.striped-giraffe.com\/de\/#\/schema\/logo\/image\/"}}]}},"_links":{"self":[{"href":"https:\/\/www.striped-giraffe.com\/en\/wp-json\/wp\/v2\/pages\/35491"}],"collection":[{"href":"https:\/\/www.striped-giraffe.com\/en\/wp-json\/wp\/v2\/pages"}],"about":[{"href":"https:\/\/www.striped-giraffe.com\/en\/wp-json\/wp\/v2\/types\/page"}],"author":[{"embeddable":true,"href":"https:\/\/www.striped-giraffe.com\/en\/wp-json\/wp\/v2\/users\/2"}],"replies":[{"embeddable":true,"href":"https:\/\/www.striped-giraffe.com\/en\/wp-json\/wp\/v2\/comments?post=35491"}],"version-history":[{"count":10,"href":"https:\/\/www.striped-giraffe.com\/en\/wp-json\/wp\/v2\/pages\/35491\/revisions"}],"predecessor-version":[{"id":37662,"href":"https:\/\/www.striped-giraffe.com\/en\/wp-json\/wp\/v2\/pages\/35491\/revisions\/37662"}],"wp:featuredmedia":[{"embeddable":true,"href":"https:\/\/www.striped-giraffe.com\/en\/wp-json\/wp\/v2\/media\/35537"}],"wp:attachment":[{"href":"https:\/\/www.striped-giraffe.com\/en\/wp-json\/wp\/v2\/media?parent=35491"}],"curies":[{"name":"wp","href":"https:\/\/api.w.org\/{rel}","templated":true}]}}