{"id":35863,"date":"2024-01-31T10:45:45","date_gmt":"2024-01-31T09:45:45","guid":{"rendered":"https:\/\/www.striped-giraffe.com\/the-agile-report\/"},"modified":"2024-09-19T17:49:20","modified_gmt":"2024-09-19T15:49:20","slug":"the-agile-report","status":"publish","type":"page","link":"https:\/\/www.striped-giraffe.com\/en\/the-agile-report\/","title":{"rendered":"THE AGILE REPORT"},"content":{"rendered":"<section class=\"wpb-content-wrapper\"><p>[vc_row full_width=&#8221;stretch_row&#8221; full_height=&#8221;yes&#8221; bg_type=&#8221;image&#8221; parallax_style=&#8221;vcpb-default&#8221; bg_image_new=&#8221;id^35846|url^https:\/\/www.striped-giraffe.com\/wp-content\/uploads\/2024\/01\/Header_The_Agile_Report.jpg|caption^Study: THE AGILE REPORT|alt^Study: THE AGILE REPORT|title^Header_The_Agile_Report|description^Study: THE AGILE REPORT&#8221; css=&#8221;.vc_custom_1706694989948{margin-bottom: 50px !important;padding-left: 100px !important;}&#8221;][vc_column][vc_column_text]<\/p>\n<h2 class=\"headline_introduction\"><span style=\"color: #ef6c00;\">Study<\/span><\/h2>\n<h1><span style=\"color: #ffffff;\">THE AGILE<br \/>\nREPORT<\/span><\/h1>\n<p>[\/vc_column_text][\/vc_column][\/vc_row][vc_row bg_type=&#8221;bg_color&#8221; el_class=&#8221;closetotop&#8221; bg_color_value=&#8221;#ffffff&#8221; css=&#8221;.vc_custom_1698932693077{padding-top: 50px !important;padding-bottom: 50px !important;}&#8221;][vc_column][vc_column_text]<\/p>\n<h2 class=\"headline_introduction\" style=\"text-align: center;\">This study examines the most important topics in agile software development &#8211; and <span style=\"color: #ef6c00;\">how it is practiced<\/span>.<\/h2>\n<p>[\/vc_column_text][\/vc_column][\/vc_row][vc_row gap=&#8221;35&#8243; css=&#8221;.vc_custom_1706782126986{margin-bottom: 100px !important;}&#8221;][vc_column width=&#8221;1\/3&#8243;][vc_column_text]<\/p>\n<h2 class=\"headline_superbig\">Topics of the agile report<\/h2>\n<p>[\/vc_column_text][\/vc_column][vc_column width=&#8221;2\/3&#8243;][vc_column_text]In our study, we asked agile experts about the following topics:<\/p>\n<ul>\n<li>Agile frameworks and methods<\/li>\n<li>Agile tools and practices<\/li>\n<li>Is your work measured?<\/li>\n<li>Do you prefer story points or time?<\/li>\n<li>What do agile professionals think about meetings?<\/li>\n<li>Importance of the Scrum Master<\/li>\n<li>How does collaboration with less qualified team members, with business and product owners work?<\/li>\n<li>Bottom-up versus top-down<\/li>\n<li>What improvements have been achieved with agile software development?<\/li>\n<li>And how does it work in companies of different sizes or various industries?<\/li>\n<\/ul>\n<p>You can find the answers to these and other questions in our comprehensive AGILE REPORT.[\/vc_column_text][vc_empty_space][vc_btn title=&#8221;Download&#8221; align=&#8221;center&#8221; link=&#8221;url:%23downloadsectionagilereport&#8221;][\/vc_column][\/vc_row][vc_row css=&#8221;.vc_custom_1706782136861{margin-bottom: 100px !important;}&#8221;][vc_column width=&#8221;1\/3&#8243;][vc_column_text]<\/p>\n<h2 class=\"headline_superbig\">We asked<\/h2>\n<p>[\/vc_column_text][\/vc_column][vc_column width=&#8221;2\/3&#8243;][vc_single_image image=&#8221;35866&#8243; img_size=&#8221;full&#8221;][\/vc_column][\/vc_row][vc_row gap=&#8221;35&#8243; css=&#8221;.vc_custom_1695798300699{margin-bottom: 100px !important;}&#8221;][vc_column width=&#8221;1\/3&#8243;][vc_column_text]<\/p>\n<h2 class=\"headline_superbig\">Exciting Insights<\/h2>\n<p>[\/vc_column_text][\/vc_column][vc_column width=&#8221;2\/3&#8243;][vc_column_text]Many responses, some of which deviate massively from the basic rules once established, surprised us less, some more. <strong>Ultimately, every company should apply agile development methods in a way that suits their specific needs.<\/strong> Because in the end, it is the result that counts. We also asked what improvements have been achieved with <a href=\"https:\/\/www.striped-giraffe.com\/en\/collaboration\/agile\/\" target=\"_blank\" rel=\"noopener\">agile<\/a>. Read the answers in our AGILE REPORT.<\/p>\n<p>If you need support with the introduction or optimization of agile, please contact us at <a href=\"mailto:experts@striped-giraffe.com\">experts@striped-giraffe.com<\/a>.[\/vc_column_text][\/vc_column][\/vc_row][vc_row el_id=&#8221;downloadsectionagilereport&#8221;][vc_column][\/vc_column][\/vc_row][vc_row gap=&#8221;35&#8243; css=&#8221;.vc_custom_1724317649240{margin-bottom: 100px !important;}&#8221; el_id=&#8221;downloadsection&#8221;][vc_column width=&#8221;1\/3&#8243;][vc_column_text]<\/p>\n<h2 class=\"headline_superbig\">Download<\/h2>\n<p>[\/vc_column_text][vc_empty_space height=&#8221;50&#8243;][vc_single_image image=&#8221;35822&#8243; img_size=&#8221;full&#8221;][\/vc_column][vc_column width=&#8221;2\/3&#8243;][vc_column_text]<div class='_form_80'><\/div><script type='text\/javascript' src='https:\/\/striped-giraffe.activehosted.com\/f\/embed.php?static=0&id=80&69F53A75627D5&nostyles=0&preview=0'><\/script>[\/vc_column_text][\/vc_column][\/vc_row][vc_row full_width=&#8221;stretch_row&#8221; css=&#8221;.vc_custom_1707311005012{margin-top: 50px !important;margin-bottom: 50px !important;}&#8221;][vc_column][vc_row_inner][vc_column_inner][vc_column_text]<\/p>\n<h3>Do you need a <strong>specific\u00a0offer<\/strong> or a <strong>sparring partner <\/strong>to discuss ideas?<\/h3>\n<h3>Just contact us:<\/h3>\n<ul>\n<li><a href=\"mailto:experts@striped-giraffe.com\">experts@striped-giraffe.com<\/a><\/li>\n<li><span style=\"color: #ef6c00;\">+49 (0)89-416 126-667<\/span><\/li>\n<\/ul>\n<p>[\/vc_column_text]<a class=\"calendly\" href=\"\" onclick=\"Calendly.initPopupWidget({url: 'https:\/\/calendly.com\/striped-giraffe\/30min'});return false;\">Or book a meeting<\/a>[vc_column_text css=&#8221;.vc_custom_1705587124145{margin-top: 32px !important;}&#8221;]<\/p>\n<h3>We will be happy to support you.<\/h3>\n<p>[\/vc_column_text][\/vc_column_inner][\/vc_row_inner][\/vc_column][\/vc_row][vc_row full_width=&#8221;stretch_row&#8221; gap=&#8221;35&#8243; bg_type=&#8221;bg_color&#8221; css=&#8221;.vc_custom_1699539155160{margin-top: 0px !important;margin-bottom: 0px !important;padding-top: 50px !important;padding-bottom: 100px !important;background-color: #000000 !important;}&#8221; bg_color_value=&#8221;#000000&#8243;][vc_column][vc_row_inner][vc_column_inner width=&#8221;1\/3&#8243; css=&#8221;.vc_custom_1610013762619{padding-right: 25px !important;}&#8221;][vc_column_text]<\/p>\n<h2><span style=\"color: #ef6c00;\">WE CREATE ADDED VALUE<\/span> <span style=\"color: #ffffff;\">FOR OUR\u00a0 CUSTOMERS.<\/span><\/h2>\n<p><span style=\"color: #ffffff;\">This leads to a long-term cooperation with our customers, which we appreciate very much. You can find even more e-books, case studies, and co. in our <a style=\"color: #ffffff;\" href=\"https:\/\/www.striped-giraffe.com\/en\/insights\/\">Insights<\/a>.<\/span>[\/vc_column_text][\/vc_column_inner][vc_column_inner width=&#8221;1\/3&#8243;]<div class=\"templatera_shortcode\"><div class=\"vc_row wpb_row vc_row-fluid\"><div class=\"wpb_column vc_column_container vc_col-sm-12\"><div class=\"vc_column-inner\"><div class=\"wpb_wrapper\"><div id='' class='teaserbox  overlay'><div class='teaserbox_inner'><div class='teaserheadline'><h3 style='text-transform:uppercase;color:#ffffff;font-family:DinWebPro Bold;'>IT Report<\/h3><h2 style='text-transform:none;color:#ef6c00;'>DIGITIZATION PROJECTS<\/h2><\/div><div class='teasertext'><div class='wpb_wrapper'>In order to achieve digital transformation, companies need to implement various digitalization projects. But how do you ensure that they are successful?<\/div><\/div><div class='teaserlink'><a href='https:\/\/www.striped-giraffe.com\/en\/it-report-digitization-projects\/' style='color:#ffffff;'>More details<\/a><\/div><div class='wpb_single_image desktop_only'><img src='https:\/\/www.striped-giraffe.com\/wp-content\/uploads\/2023\/11\/IT-Report-2023-600x960.jpg' \/><\/div><div class='wpb_single_image mobile_only'><img src='https:\/\/www.striped-giraffe.com\/wp-content\/uploads\/2023\/11\/IT-Report-2023-600x700.jpg' \/><\/div><\/div><\/div><\/div><\/div><\/div><\/div><\/div>[\/vc_column_inner][vc_column_inner width=&#8221;1\/3&#8243;]<div class=\"templatera_shortcode\"><div class=\"vc_row wpb_row vc_row-fluid\"><div class=\"wpb_column vc_column_container vc_col-sm-12\"><div class=\"vc_column-inner\"><div class=\"wpb_wrapper\"><div id='' class='teaserbox  overlay'><div class='teaserbox_inner'><div class='teaserheadline'><h3 style='text-transform:uppercase;color:#ef6c00;font-family:DinWebPro Bold;'>New Video<\/h3><h2 style='text-transform:none;color:#000000;'><\/h2><\/div><div class='teasertext'><div class='wpb_wrapper'>We have produced a video for you that presents the AGILE myth in a snappy way. What do you think? Let&#039;s discuss.<\/div><\/div><div class='teaserlink'><a href='https:\/\/youtu.be\/Bez7wmAsxjE' style='color:#ffffff;'>Watch video (YouTube)<\/a><\/div><div class='wpb_single_image desktop_only'><img src='https:\/\/www.striped-giraffe.com\/wp-content\/uploads\/2023\/08\/Agile_Paradoxon_video-1-600x960.jpg' \/><\/div><div class='wpb_single_image mobile_only'><img src='https:\/\/www.striped-giraffe.com\/wp-content\/uploads\/2023\/08\/Agile_Paradoxon_video-1-600x700.jpg' \/><\/div><\/div><\/div><\/div><\/div><\/div><\/div><\/div>[\/vc_column_inner][\/vc_row_inner][\/vc_column][\/vc_row]<\/p>\n<\/section>","protected":false},"excerpt":{"rendered":"Study THE AGILE REPORT This study examines the most important topics in agile software development - and how it is [...]","protected":false},"author":2,"featured_media":35822,"parent":0,"menu_order":0,"comment_status":"closed","ping_status":"closed","template":"page-sidebar.php","meta":{"footnotes":""},"acf":[],"yoast_head":"<!-- This site is optimized with the Yoast SEO Premium plugin v20.5 (Yoast SEO v20.5) - https:\/\/yoast.com\/wordpress\/plugins\/seo\/ -->\n<title>THE AGILE REPORT - Striped Giraffe<\/title>\n<meta name=\"description\" content=\"This study \ud83c\udf93 examines the most important topics in agile software development - and how it is actually practiced.\" \/>\n<meta name=\"robots\" content=\"index, follow, max-snippet:-1, max-image-preview:large, max-video-preview:-1\" \/>\n<link rel=\"canonical\" href=\"https:\/\/www.striped-giraffe.com\/en\/the-agile-report\/\" \/>\n<meta property=\"og:locale\" content=\"en_US\" \/>\n<meta property=\"og:type\" content=\"article\" \/>\n<meta property=\"og:title\" content=\"THE AGILE REPORT\" \/>\n<meta property=\"og:description\" content=\"This study \ud83c\udf93 examines the most important topics in agile software development - and how it is actually practiced.\" \/>\n<meta property=\"og:url\" content=\"https:\/\/www.striped-giraffe.com\/en\/the-agile-report\/\" \/>\n<meta property=\"og:site_name\" content=\"Striped Giraffe\" \/>\n<meta property=\"article:modified_time\" content=\"2024-09-19T15:49:20+00:00\" \/>\n<meta property=\"og:image\" content=\"https:\/\/www.striped-giraffe.com\/wp-content\/uploads\/2024\/01\/Striped_Giraffe_Agile_Report_2024_en_ebook.jpg\" \/>\n\t<meta property=\"og:image:width\" content=\"1200\" \/>\n\t<meta property=\"og:image:height\" content=\"930\" \/>\n\t<meta property=\"og:image:type\" content=\"image\/jpeg\" \/>\n<meta name=\"twitter:card\" content=\"summary_large_image\" \/>\n<meta name=\"twitter:label1\" content=\"Est. reading time\" \/>\n\t<meta name=\"twitter:data1\" content=\"3 minutes\" \/>\n<script type=\"application\/ld+json\" class=\"yoast-schema-graph\">{\"@context\":\"https:\/\/schema.org\",\"@graph\":[{\"@type\":\"WebPage\",\"@id\":\"https:\/\/www.striped-giraffe.com\/en\/the-agile-report\/\",\"url\":\"https:\/\/www.striped-giraffe.com\/en\/the-agile-report\/\",\"name\":\"THE AGILE REPORT - Striped Giraffe\",\"isPartOf\":{\"@id\":\"https:\/\/www.striped-giraffe.com\/de\/#website\"},\"datePublished\":\"2024-01-31T09:45:45+00:00\",\"dateModified\":\"2024-09-19T15:49:20+00:00\",\"description\":\"This study \ud83c\udf93 examines the most important topics in agile software development - and how it is actually practiced.\",\"inLanguage\":\"en-US\",\"potentialAction\":[{\"@type\":\"ReadAction\",\"target\":[\"https:\/\/www.striped-giraffe.com\/en\/the-agile-report\/\"]}]},{\"@type\":\"WebSite\",\"@id\":\"https:\/\/www.striped-giraffe.com\/de\/#website\",\"url\":\"https:\/\/www.striped-giraffe.com\/de\/\",\"name\":\"Striped Giraffe\",\"description\":\"Ihr zuverl\u00e4ssiger Anbieter f\u00fcr digitale Enterprise-L\u00f6sungen\",\"publisher\":{\"@id\":\"https:\/\/www.striped-giraffe.com\/de\/#organization\"},\"potentialAction\":[{\"@type\":\"SearchAction\",\"target\":{\"@type\":\"EntryPoint\",\"urlTemplate\":\"https:\/\/www.striped-giraffe.com\/de\/?s={search_term_string}\"},\"query-input\":\"required name=search_term_string\"}],\"inLanguage\":\"en-US\"},{\"@type\":\"Organization\",\"@id\":\"https:\/\/www.striped-giraffe.com\/de\/#organization\",\"name\":\"Striped Giraffe\",\"url\":\"https:\/\/www.striped-giraffe.com\/de\/\",\"logo\":{\"@type\":\"ImageObject\",\"inLanguage\":\"en-US\",\"@id\":\"https:\/\/www.striped-giraffe.com\/de\/#\/schema\/logo\/image\/\",\"url\":\"https:\/\/www.striped-giraffe.com\/wp-content\/uploads\/2021\/01\/giraffe_white.svg\",\"contentUrl\":\"https:\/\/www.striped-giraffe.com\/wp-content\/uploads\/2021\/01\/giraffe_white.svg\",\"caption\":\"Striped Giraffe\"},\"image\":{\"@id\":\"https:\/\/www.striped-giraffe.com\/de\/#\/schema\/logo\/image\/\"}}]}<\/script>\n<!-- \/ Yoast SEO Premium plugin. -->","yoast_head_json":{"title":"THE AGILE REPORT - Striped Giraffe","description":"This study \ud83c\udf93 examines the most important topics in agile software development - and how it is actually practiced.","robots":{"index":"index","follow":"follow","max-snippet":"max-snippet:-1","max-image-preview":"max-image-preview:large","max-video-preview":"max-video-preview:-1"},"canonical":"https:\/\/www.striped-giraffe.com\/en\/the-agile-report\/","og_locale":"en_US","og_type":"article","og_title":"THE AGILE REPORT","og_description":"This study \ud83c\udf93 examines the most important topics in agile software development - and how it is actually practiced.","og_url":"https:\/\/www.striped-giraffe.com\/en\/the-agile-report\/","og_site_name":"Striped Giraffe","article_modified_time":"2024-09-19T15:49:20+00:00","og_image":[{"width":1200,"height":930,"url":"https:\/\/www.striped-giraffe.com\/wp-content\/uploads\/2024\/01\/Striped_Giraffe_Agile_Report_2024_en_ebook.jpg","type":"image\/jpeg"}],"twitter_card":"summary_large_image","twitter_misc":{"Est. reading time":"3 minutes"},"schema":{"@context":"https:\/\/schema.org","@graph":[{"@type":"WebPage","@id":"https:\/\/www.striped-giraffe.com\/en\/the-agile-report\/","url":"https:\/\/www.striped-giraffe.com\/en\/the-agile-report\/","name":"THE AGILE REPORT - Striped Giraffe","isPartOf":{"@id":"https:\/\/www.striped-giraffe.com\/de\/#website"},"datePublished":"2024-01-31T09:45:45+00:00","dateModified":"2024-09-19T15:49:20+00:00","description":"This study \ud83c\udf93 examines the most important topics in agile software development - and how it is actually practiced.","inLanguage":"en-US","potentialAction":[{"@type":"ReadAction","target":["https:\/\/www.striped-giraffe.com\/en\/the-agile-report\/"]}]},{"@type":"WebSite","@id":"https:\/\/www.striped-giraffe.com\/de\/#website","url":"https:\/\/www.striped-giraffe.com\/de\/","name":"Striped Giraffe","description":"Ihr zuverl\u00e4ssiger Anbieter f\u00fcr digitale Enterprise-L\u00f6sungen","publisher":{"@id":"https:\/\/www.striped-giraffe.com\/de\/#organization"},"potentialAction":[{"@type":"SearchAction","target":{"@type":"EntryPoint","urlTemplate":"https:\/\/www.striped-giraffe.com\/de\/?s={search_term_string}"},"query-input":"required name=search_term_string"}],"inLanguage":"en-US"},{"@type":"Organization","@id":"https:\/\/www.striped-giraffe.com\/de\/#organization","name":"Striped Giraffe","url":"https:\/\/www.striped-giraffe.com\/de\/","logo":{"@type":"ImageObject","inLanguage":"en-US","@id":"https:\/\/www.striped-giraffe.com\/de\/#\/schema\/logo\/image\/","url":"https:\/\/www.striped-giraffe.com\/wp-content\/uploads\/2021\/01\/giraffe_white.svg","contentUrl":"https:\/\/www.striped-giraffe.com\/wp-content\/uploads\/2021\/01\/giraffe_white.svg","caption":"Striped Giraffe"},"image":{"@id":"https:\/\/www.striped-giraffe.com\/de\/#\/schema\/logo\/image\/"}}]}},"_links":{"self":[{"href":"https:\/\/www.striped-giraffe.com\/en\/wp-json\/wp\/v2\/pages\/35863"}],"collection":[{"href":"https:\/\/www.striped-giraffe.com\/en\/wp-json\/wp\/v2\/pages"}],"about":[{"href":"https:\/\/www.striped-giraffe.com\/en\/wp-json\/wp\/v2\/types\/page"}],"author":[{"embeddable":true,"href":"https:\/\/www.striped-giraffe.com\/en\/wp-json\/wp\/v2\/users\/2"}],"replies":[{"embeddable":true,"href":"https:\/\/www.striped-giraffe.com\/en\/wp-json\/wp\/v2\/comments?post=35863"}],"version-history":[{"count":18,"href":"https:\/\/www.striped-giraffe.com\/en\/wp-json\/wp\/v2\/pages\/35863\/revisions"}],"predecessor-version":[{"id":37779,"href":"https:\/\/www.striped-giraffe.com\/en\/wp-json\/wp\/v2\/pages\/35863\/revisions\/37779"}],"wp:featuredmedia":[{"embeddable":true,"href":"https:\/\/www.striped-giraffe.com\/en\/wp-json\/wp\/v2\/media\/35822"}],"wp:attachment":[{"href":"https:\/\/www.striped-giraffe.com\/en\/wp-json\/wp\/v2\/media?parent=35863"}],"curies":[{"name":"wp","href":"https:\/\/api.w.org\/{rel}","templated":true}]}}