{"id":36884,"date":"2024-05-13T12:17:21","date_gmt":"2024-05-13T10:17:21","guid":{"rendered":"https:\/\/www.striped-giraffe.com\/expertise\/e-commerce\/ecommerce-architektur\/"},"modified":"2025-09-01T17:02:17","modified_gmt":"2025-09-01T15:02:17","slug":"ecommerce-architecture","status":"publish","type":"page","link":"https:\/\/www.striped-giraffe.com\/en\/expertise\/it-architecture\/ecommerce-architecture\/","title":{"rendered":"E-Commerce Architecture"},"content":{"rendered":"<section class=\"wpb-content-wrapper\"><p>[vc_row full_width=&#8221;stretch_row&#8221; full_height=&#8221;yes&#8221; bg_type=&#8221;image&#8221; parallax_style=&#8221;vcpb-default&#8221; bg_image_new=&#8221;id^36862|url^https:\/\/www.striped-giraffe.com\/wp-content\/uploads\/2024\/05\/E-Commerce-Architecture.jpg|caption^E-Commerce Architecture|alt^E-Commerce Architecture|title^E-Commerce Architecture|description^E-Commerce Architecture<br \/>\nFlexibility first&#8221; css=&#8221;.vc_custom_1716448277823{margin-bottom: 50px !important;}&#8221;][vc_column][vc_column_text]<\/p>\n<h1><span style=\"color: #ffffff;\">E-Commerce<\/span><\/h1>\n<h1><span style=\"color: #ffffff;\">Architecture<\/span><\/h1>\n<p>[\/vc_column_text][\/vc_column][\/vc_row][vc_row bg_type=&#8221;bg_color&#8221; el_class=&#8221;closetotop&#8221; bg_color_value=&#8221;#ffffff&#8221; css=&#8221;.vc_custom_1698932693077{padding-top: 50px !important;padding-bottom: 50px !important;}&#8221;][vc_column][vc_column_text]<\/p>\n<h3>E-commerce architectures are the backbone of any successful online retail platform. They ensure that all components &#8211; from user interface to backend systems &#8211; work seamlessly together.<\/h3>\n<p>[\/vc_column_text][\/vc_column][\/vc_row][vc_row gap=&#8221;35&#8243; css=&#8221;.vc_custom_1694428222887{margin-bottom: 50px !important;}&#8221;][vc_column width=&#8221;1\/3&#8243;][vc_column_text]<\/p>\n<h2 class=\"headline_superbig\">THAT&#8217;S WHAT<br \/>\nMATTERS<\/h2>\n<p>[\/vc_column_text][\/vc_column][vc_column width=&#8221;2\/3&#8243;][vc_column_text]A well-designed e-commerce architecture offers scalability, flexibility, and security to meet the market&#8217;s growing demands.<\/p>\n<p>There are several factors to consider:<\/p>\n<ul>\n<li>the selection of the right technology stacks<\/li>\n<li>integration with existing systems<\/li>\n<li>user-friendliness<\/li>\n<li>and ensuring a smooth customer experience<\/li>\n<\/ul>\n<p>Companies should also focus on a <strong>modular architecture<\/strong> that allows them to react quickly to market changes and implement new functions without major disruptions.<\/p>\n<p>Another important aspect is <strong>data security<\/strong> to ensure the protection of sensitive customer information and to comply with legal regulations.[\/vc_column_text][\/vc_column][\/vc_row][vc_row gap=&#8221;35&#8243; css=&#8221;.vc_custom_1716450492658{margin-bottom: 50px !important;}&#8221;][vc_column width=&#8221;1\/3&#8243;][vc_column_text]<\/p>\n<h2 class=\"headline_superbig\">Flexibility<\/h2>\n<p>[\/vc_column_text][\/vc_column][vc_column width=&#8221;2\/3&#8243;][vc_column_text]Flexibility in an e-commerce architecture is crucial in order to be able to react quickly to market changes and customer requirements. It enables companies to add new functions and integrations without major interruptions, which strengthens competitiveness. In addition, a flexible architecture reduces long-term operating costs by making adjustments and scaling more efficiently.[\/vc_column_text][\/vc_column][\/vc_row][vc_row gap=&#8221;35&#8243; css=&#8221;.vc_custom_1716450505499{margin-bottom: 50px !important;}&#8221;][vc_column width=&#8221;1\/3&#8243;][vc_column_text]<\/p>\n<h2 class=\"headline_superbig\">Future<br \/>\nviability<\/h2>\n<p>[\/vc_column_text][\/vc_column][vc_column width=&#8221;2\/3&#8243;][vc_column_text]MACH architectures and &#8220;composable&#8221; approaches are very popular at the moment. However, this does not mean that they are the right solution for every company. Alternatively, platforms can also be used to connect a headless front end via APIs.<\/p>\n<p>This would not necessarily be cloud-native (but perhaps solutions in the cloud or on-prem). In any case, the question arises as to whether it always has to be cloud-native, if only because of the dependency on providers. But one thing is certain: Headless and API-based architectures create modern approaches in any case and enable flexible options for the future.<\/p>\n<p>When it comes to implementation, it often makes more sense to carry out gradual transitions using existing solutions rather than changing everything at once in a &#8220;big bang&#8221; approach. Another approach is the &#8220;Strangler&#8221; pattern, with which the old solution is gradually infiltrated and replaced during ongoing operations.<\/p>\n<p>In the end, it is clear that customers need flexible solutions today in order to be able to make adjustments tomorrow. The days of a completely new implementation, as we have seen over the last 25 years, are definitely coming to an end.[\/vc_column_text][\/vc_column][\/vc_row][vc_row gap=&#8221;35&#8243; css=&#8221;.vc_custom_1716450514780{margin-bottom: 50px !important;}&#8221;][vc_column width=&#8221;1\/3&#8243;][vc_column_text]<\/p>\n<h2 class=\"headline_superbig\">Our approach<\/h2>\n<p>[\/vc_column_text][\/vc_column][vc_column width=&#8221;2\/3&#8243;][vc_column_text]In our view, there is no one-size-fits-all &#8220;best solution&#8221;. It depends on a variety of factors for each individual company. However, it should be flexible. But this is not just a question of technology. Flexibility relates to the entire company, its strategies, approach, general conditions, and much more.<\/p>\n<p>When we advise our customers on e-commerce architecture, we pay attention to the following aspects, among others:<\/p>\n<ul>\n<li>Time-to-market (delivery\/releases)<\/li>\n<li>User-friendliness<\/li>\n<li>Scalability and agility<\/li>\n<li>Integration capability<\/li>\n<li>Security and compliance<\/li>\n<li>Reusability<\/li>\n<li>Flexibility and future-proofing<\/li>\n<li>Implementation and maintenance costs<\/li>\n<li>Support and maintenance<\/li>\n<\/ul>\n<p>In addition, we have compiled helpful information on various <a href=\"https:\/\/www.striped-giraffe.com\/en\/expertise\/e-commerce\/technology\/\">e-commerce technologies<\/a><\/p>\n<p>We advise on and implement all the main components of an e-commerce architecture:<\/p>\n<ul>\n<li>Frontend<\/li>\n<li>Backend<\/li>\n<li>Database<\/li>\n<li>Integration layer<\/li>\n<li>Security layer<\/li>\n<li>Content management systems<\/li>\n<li>Search and navigation<\/li>\n<li>Analytics and reporting<\/li>\n<li>DevOps and monitoring<\/li>\n<\/ul>\n<p>[\/vc_column_text][\/vc_column][\/vc_row][vc_row el_id=&#8221;downloadsectionoffer&#8221;][vc_column][\/vc_column][\/vc_row][vc_row gap=&#8221;35&#8243; css=&#8221;.vc_custom_1724317649240{margin-bottom: 100px !important;}&#8221; el_id=&#8221;downloadsection&#8221;][vc_column width=&#8221;1\/3&#8243;][vc_column_text]<\/p>\n<h2 class=\"headline_superbig\">Our offer<\/h2>\n<p>[\/vc_column_text][vc_empty_space][vc_single_image image=&#8221;36881&#8243; img_size=&#8221;full&#8221; alignment=&#8221;center&#8221;][\/vc_column][vc_column width=&#8221;2\/3&#8243;][vc_column_text]<\/p>\n<h2 class=\"headline_superbig\"><span style=\"color: #ef6c00;\">Special Offer<\/span> to optimize your<br \/>\ne-commerce architecture<\/h2>\n<p>[\/vc_column_text][vc_empty_space][vc_column_text]If you want to optimize your e-commerce architecture or switch to a headless architecture, then take a look at our starter package. Here you will find all the details on how we can optimize your e-commerce architecture <strong>in 5 steps<\/strong>.[\/vc_column_text][vc_empty_space height=&#8221;32&#8243;][vc_column_text]<div class='_form_108'><\/div><script type='text\/javascript' src='https:\/\/striped-giraffe.activehosted.com\/f\/embed.php?static=0&id=108&69E4DA347C7DA&nostyles=0&preview=0'><\/script>[\/vc_column_text][\/vc_column][\/vc_row][vc_row full_width=&#8221;stretch_row&#8221; gap=&#8221;35&#8243; bg_type=&#8221;bg_color&#8221; css=&#8221;.vc_custom_1609934688295{margin-top: 0px !important;margin-bottom: 0px !important;padding-top: 100px !important;padding-bottom: 100px !important;}&#8221; bg_color_value=&#8221;#000000&#8243;][vc_column][vc_row_inner][vc_column_inner width=&#8221;1\/3&#8243; css=&#8221;.vc_custom_1610013762619{padding-right: 25px !important;}&#8221;][vc_column_text]<\/p>\n<h2><span style=\"color: #ef6c00;\">WE CREATE ADDED VALUE<\/span> <span style=\"color: #ffffff;\">FOR OUR\u00a0 CUSTOMERS.<\/span><\/h2>\n<p><span style=\"color: #ffffff;\">This leads to a long-term cooperation with our customers, which we appreciate very much. You can find even more e-books, case studies, and co. in our <a style=\"color: #ffffff;\" href=\"https:\/\/www.striped-giraffe.com\/en\/insights\/\">Insights<\/a>.<\/span>[\/vc_column_text][\/vc_column_inner][vc_column_inner width=&#8221;1\/3&#8243;]<div class=\"templatera_shortcode\"><div class=\"vc_row wpb_row vc_row-fluid\"><div class=\"wpb_column vc_column_container vc_col-sm-12\"><div class=\"vc_column-inner\"><div class=\"wpb_wrapper\"><div id='' class='teaserbox  overlay'><div class='teaserbox_inner'><div class='teaserheadline'><h3 style='text-transform:uppercase;color:#000000;font-family:DinWebPro Bold;'>New Study<\/h3><h2 style='text-transform:none;color:#ef6c00;'>THE AGILE REPORT<\/h2><\/div><div class='teasertext'><div class='wpb_wrapper'>Agile experts report on their experiences, views, and the effects of agile software development on the organization.<\/div><\/div><div class='teaserlink'><a href='https:\/\/www.striped-giraffe.com\/en\/the-agile-report\/' style='color:#000000;'>Download<\/a><\/div><div class='wpb_single_image desktop_only'><img src='https:\/\/www.striped-giraffe.com\/wp-content\/uploads\/2024\/02\/Teaser_THE_AGILE_REPORT_2024.jpg' \/><\/div><div class='wpb_single_image mobile_only'><img src='https:\/\/www.striped-giraffe.com\/wp-content\/uploads\/2024\/02\/Teaser_THE_AGILE_REPORT_2024-600x700.jpg' \/><\/div><\/div><\/div><\/div><\/div><\/div><\/div><\/div>[\/vc_column_inner][vc_column_inner width=&#8221;1\/3&#8243;]<div class=\"templatera_shortcode\"><div class=\"vc_row wpb_row vc_row-fluid\"><div class=\"wpb_column vc_column_container vc_col-sm-12\"><div class=\"vc_column-inner\"><div class=\"wpb_wrapper\"><div id='' class='teaserbox  overlay'><div class='teaserbox_inner'><div class='teaserheadline'><h3 style='text-transform:uppercase;color:#ffffff;font-family:DinWebPro Bold;'>IT Report<\/h3><h2 style='text-transform:none;color:#ef6c00;'>DIGITIZATION PROJECTS<\/h2><\/div><div class='teasertext'><div class='wpb_wrapper'>In order to achieve digital transformation, companies need to implement various digitalization projects. But how do you ensure that they are successful?<\/div><\/div><div class='teaserlink'><a href='https:\/\/www.striped-giraffe.com\/en\/it-report-digitization-projects\/' style='color:#ffffff;'>More details<\/a><\/div><div class='wpb_single_image desktop_only'><img src='https:\/\/www.striped-giraffe.com\/wp-content\/uploads\/2023\/11\/IT-Report-2023-600x960.jpg' \/><\/div><div class='wpb_single_image mobile_only'><img src='https:\/\/www.striped-giraffe.com\/wp-content\/uploads\/2023\/11\/IT-Report-2023-600x700.jpg' \/><\/div><\/div><\/div><\/div><\/div><\/div><\/div><\/div>[\/vc_column_inner][\/vc_row_inner][\/vc_column][\/vc_row]<\/p>\n<\/section>","protected":false},"excerpt":{"rendered":"E-Commerce Architecture E-commerce architectures are the backbone of any successful online retail platform. They ensure that all components - from [...]","protected":false},"author":2,"featured_media":36881,"parent":40504,"menu_order":0,"comment_status":"closed","ping_status":"closed","template":"","meta":{"footnotes":""},"acf":[],"yoast_head":"<!-- This site is optimized with the Yoast SEO Premium plugin v20.5 (Yoast SEO v20.5) - https:\/\/yoast.com\/wordpress\/plugins\/seo\/ -->\n<title>E-Commerce Architecture - Striped Giraffe<\/title>\n<meta name=\"description\" content=\"E-commerce architectures are the backbone of any successful online retail platform. They ensure that all components work seamlessly together.\" \/>\n<meta name=\"robots\" content=\"index, follow, max-snippet:-1, max-image-preview:large, max-video-preview:-1\" \/>\n<link rel=\"canonical\" href=\"https:\/\/www.striped-giraffe.com\/en\/expertise\/it-architecture\/ecommerce-architecture\/\" \/>\n<meta property=\"og:locale\" content=\"en_US\" \/>\n<meta property=\"og:type\" content=\"article\" \/>\n<meta property=\"og:title\" content=\"E-Commerce Architecture\" \/>\n<meta property=\"og:description\" content=\"E-commerce architectures are the backbone of any successful online retail platform. They ensure that all components work seamlessly together.\" \/>\n<meta property=\"og:url\" content=\"https:\/\/www.striped-giraffe.com\/en\/expertise\/it-architecture\/ecommerce-architecture\/\" \/>\n<meta property=\"og:site_name\" content=\"Striped Giraffe\" \/>\n<meta property=\"article:modified_time\" content=\"2025-09-01T15:02:17+00:00\" \/>\n<meta property=\"og:image\" content=\"https:\/\/www.striped-giraffe.com\/wp-content\/uploads\/2024\/05\/Optimizing_e-commerce_architecture_package_ebook_cover.jpg\" \/>\n\t<meta property=\"og:image:width\" content=\"1200\" \/>\n\t<meta property=\"og:image:height\" content=\"930\" \/>\n\t<meta property=\"og:image:type\" content=\"image\/jpeg\" \/>\n<meta name=\"twitter:card\" content=\"summary_large_image\" \/>\n<meta name=\"twitter:label1\" content=\"Est. reading time\" \/>\n\t<meta name=\"twitter:data1\" content=\"4 minutes\" \/>\n<script type=\"application\/ld+json\" class=\"yoast-schema-graph\">{\"@context\":\"https:\/\/schema.org\",\"@graph\":[{\"@type\":\"WebPage\",\"@id\":\"https:\/\/www.striped-giraffe.com\/en\/expertise\/it-architecture\/ecommerce-architecture\/\",\"url\":\"https:\/\/www.striped-giraffe.com\/en\/expertise\/it-architecture\/ecommerce-architecture\/\",\"name\":\"E-Commerce Architecture - Striped Giraffe\",\"isPartOf\":{\"@id\":\"https:\/\/www.striped-giraffe.com\/de\/#website\"},\"datePublished\":\"2024-05-13T10:17:21+00:00\",\"dateModified\":\"2025-09-01T15:02:17+00:00\",\"description\":\"E-commerce architectures are the backbone of any successful online retail platform. They ensure that all components work seamlessly together.\",\"breadcrumb\":{\"@id\":\"https:\/\/www.striped-giraffe.com\/en\/expertise\/it-architecture\/ecommerce-architecture\/#breadcrumb\"},\"inLanguage\":\"en-US\",\"potentialAction\":[{\"@type\":\"ReadAction\",\"target\":[\"https:\/\/www.striped-giraffe.com\/en\/expertise\/it-architecture\/ecommerce-architecture\/\"]}]},{\"@type\":\"BreadcrumbList\",\"@id\":\"https:\/\/www.striped-giraffe.com\/en\/expertise\/it-architecture\/ecommerce-architecture\/#breadcrumb\",\"itemListElement\":[{\"@type\":\"ListItem\",\"position\":1,\"name\":\"Expertise\",\"item\":\"https:\/\/www.striped-giraffe.com\/en\/expertise\/\"},{\"@type\":\"ListItem\",\"position\":2,\"name\":\"IT Architecture\",\"item\":\"https:\/\/www.striped-giraffe.com\/en\/expertise\/it-architecture\/\"},{\"@type\":\"ListItem\",\"position\":3,\"name\":\"E-Commerce Architecture\"}]},{\"@type\":\"WebSite\",\"@id\":\"https:\/\/www.striped-giraffe.com\/de\/#website\",\"url\":\"https:\/\/www.striped-giraffe.com\/de\/\",\"name\":\"Striped Giraffe\",\"description\":\"Ihr zuverl\u00e4ssiger Anbieter f\u00fcr digitale Enterprise-L\u00f6sungen\",\"publisher\":{\"@id\":\"https:\/\/www.striped-giraffe.com\/de\/#organization\"},\"potentialAction\":[{\"@type\":\"SearchAction\",\"target\":{\"@type\":\"EntryPoint\",\"urlTemplate\":\"https:\/\/www.striped-giraffe.com\/de\/?s={search_term_string}\"},\"query-input\":\"required name=search_term_string\"}],\"inLanguage\":\"en-US\"},{\"@type\":\"Organization\",\"@id\":\"https:\/\/www.striped-giraffe.com\/de\/#organization\",\"name\":\"Striped Giraffe\",\"url\":\"https:\/\/www.striped-giraffe.com\/de\/\",\"logo\":{\"@type\":\"ImageObject\",\"inLanguage\":\"en-US\",\"@id\":\"https:\/\/www.striped-giraffe.com\/de\/#\/schema\/logo\/image\/\",\"url\":\"https:\/\/www.striped-giraffe.com\/wp-content\/uploads\/2021\/01\/giraffe_white.svg\",\"contentUrl\":\"https:\/\/www.striped-giraffe.com\/wp-content\/uploads\/2021\/01\/giraffe_white.svg\",\"caption\":\"Striped Giraffe\"},\"image\":{\"@id\":\"https:\/\/www.striped-giraffe.com\/de\/#\/schema\/logo\/image\/\"}}]}<\/script>\n<!-- \/ Yoast SEO Premium plugin. -->","yoast_head_json":{"title":"E-Commerce Architecture - Striped Giraffe","description":"E-commerce architectures are the backbone of any successful online retail platform. They ensure that all components work seamlessly together.","robots":{"index":"index","follow":"follow","max-snippet":"max-snippet:-1","max-image-preview":"max-image-preview:large","max-video-preview":"max-video-preview:-1"},"canonical":"https:\/\/www.striped-giraffe.com\/en\/expertise\/it-architecture\/ecommerce-architecture\/","og_locale":"en_US","og_type":"article","og_title":"E-Commerce Architecture","og_description":"E-commerce architectures are the backbone of any successful online retail platform. They ensure that all components work seamlessly together.","og_url":"https:\/\/www.striped-giraffe.com\/en\/expertise\/it-architecture\/ecommerce-architecture\/","og_site_name":"Striped Giraffe","article_modified_time":"2025-09-01T15:02:17+00:00","og_image":[{"width":1200,"height":930,"url":"https:\/\/www.striped-giraffe.com\/wp-content\/uploads\/2024\/05\/Optimizing_e-commerce_architecture_package_ebook_cover.jpg","type":"image\/jpeg"}],"twitter_card":"summary_large_image","twitter_misc":{"Est. reading time":"4 minutes"},"schema":{"@context":"https:\/\/schema.org","@graph":[{"@type":"WebPage","@id":"https:\/\/www.striped-giraffe.com\/en\/expertise\/it-architecture\/ecommerce-architecture\/","url":"https:\/\/www.striped-giraffe.com\/en\/expertise\/it-architecture\/ecommerce-architecture\/","name":"E-Commerce Architecture - Striped Giraffe","isPartOf":{"@id":"https:\/\/www.striped-giraffe.com\/de\/#website"},"datePublished":"2024-05-13T10:17:21+00:00","dateModified":"2025-09-01T15:02:17+00:00","description":"E-commerce architectures are the backbone of any successful online retail platform. They ensure that all components work seamlessly together.","breadcrumb":{"@id":"https:\/\/www.striped-giraffe.com\/en\/expertise\/it-architecture\/ecommerce-architecture\/#breadcrumb"},"inLanguage":"en-US","potentialAction":[{"@type":"ReadAction","target":["https:\/\/www.striped-giraffe.com\/en\/expertise\/it-architecture\/ecommerce-architecture\/"]}]},{"@type":"BreadcrumbList","@id":"https:\/\/www.striped-giraffe.com\/en\/expertise\/it-architecture\/ecommerce-architecture\/#breadcrumb","itemListElement":[{"@type":"ListItem","position":1,"name":"Expertise","item":"https:\/\/www.striped-giraffe.com\/en\/expertise\/"},{"@type":"ListItem","position":2,"name":"IT Architecture","item":"https:\/\/www.striped-giraffe.com\/en\/expertise\/it-architecture\/"},{"@type":"ListItem","position":3,"name":"E-Commerce Architecture"}]},{"@type":"WebSite","@id":"https:\/\/www.striped-giraffe.com\/de\/#website","url":"https:\/\/www.striped-giraffe.com\/de\/","name":"Striped Giraffe","description":"Ihr zuverl\u00e4ssiger Anbieter f\u00fcr digitale Enterprise-L\u00f6sungen","publisher":{"@id":"https:\/\/www.striped-giraffe.com\/de\/#organization"},"potentialAction":[{"@type":"SearchAction","target":{"@type":"EntryPoint","urlTemplate":"https:\/\/www.striped-giraffe.com\/de\/?s={search_term_string}"},"query-input":"required name=search_term_string"}],"inLanguage":"en-US"},{"@type":"Organization","@id":"https:\/\/www.striped-giraffe.com\/de\/#organization","name":"Striped Giraffe","url":"https:\/\/www.striped-giraffe.com\/de\/","logo":{"@type":"ImageObject","inLanguage":"en-US","@id":"https:\/\/www.striped-giraffe.com\/de\/#\/schema\/logo\/image\/","url":"https:\/\/www.striped-giraffe.com\/wp-content\/uploads\/2021\/01\/giraffe_white.svg","contentUrl":"https:\/\/www.striped-giraffe.com\/wp-content\/uploads\/2021\/01\/giraffe_white.svg","caption":"Striped Giraffe"},"image":{"@id":"https:\/\/www.striped-giraffe.com\/de\/#\/schema\/logo\/image\/"}}]}},"_links":{"self":[{"href":"https:\/\/www.striped-giraffe.com\/en\/wp-json\/wp\/v2\/pages\/36884"}],"collection":[{"href":"https:\/\/www.striped-giraffe.com\/en\/wp-json\/wp\/v2\/pages"}],"about":[{"href":"https:\/\/www.striped-giraffe.com\/en\/wp-json\/wp\/v2\/types\/page"}],"author":[{"embeddable":true,"href":"https:\/\/www.striped-giraffe.com\/en\/wp-json\/wp\/v2\/users\/2"}],"replies":[{"embeddable":true,"href":"https:\/\/www.striped-giraffe.com\/en\/wp-json\/wp\/v2\/comments?post=36884"}],"version-history":[{"count":9,"href":"https:\/\/www.striped-giraffe.com\/en\/wp-json\/wp\/v2\/pages\/36884\/revisions"}],"predecessor-version":[{"id":37658,"href":"https:\/\/www.striped-giraffe.com\/en\/wp-json\/wp\/v2\/pages\/36884\/revisions\/37658"}],"up":[{"embeddable":true,"href":"https:\/\/www.striped-giraffe.com\/en\/wp-json\/wp\/v2\/pages\/40504"}],"wp:featuredmedia":[{"embeddable":true,"href":"https:\/\/www.striped-giraffe.com\/en\/wp-json\/wp\/v2\/media\/36881"}],"wp:attachment":[{"href":"https:\/\/www.striped-giraffe.com\/en\/wp-json\/wp\/v2\/media?parent=36884"}],"curies":[{"name":"wp","href":"https:\/\/api.w.org\/{rel}","templated":true}]}}