{"id":37131,"date":"2024-06-10T11:57:51","date_gmt":"2024-06-10T09:57:51","guid":{"rendered":"https:\/\/www.striped-giraffe.com\/data-governance-packages-edc-migration-danke\/"},"modified":"2024-06-10T14:11:24","modified_gmt":"2024-06-10T12:11:24","slug":"data-governance-packages-edc-migration-thankyou","status":"publish","type":"page","link":"https:\/\/www.striped-giraffe.com\/en\/data-governance-packages-edc-migration-thankyou\/","title":{"rendered":"Download Data Governance Package &#8220;EDC Migration&#8221; THANKYOU"},"content":{"rendered":"<section class=\"wpb-content-wrapper\"><p>[vc_row full_height=&#8221;yes&#8221;][vc_column][vc_column_text]<\/p>\n<h2 class=\"headline_introduction\">Our offer for you<\/h2>\n<p>[\/vc_column_text][vc_column_text]<\/p>\n<h1 class=\"headline_superbig\" style=\"text-align: left;\"><span style=\"color: #ef6c00;\">Data Governance EDC Migration<\/span><\/h1>\n<p>[\/vc_column_text][\/vc_column][\/vc_row][vc_row gap=&#8221;35&#8243; css=&#8221;.vc_custom_1718021340995{margin-bottom: 100px !important;}&#8221; el_class=&#8221;closetotop&#8221;][vc_column][vc_column_text el_class=&#8221;closetotop&#8221;]<\/p>\n<h2 class=\"headline_introduction\">Workshop Migration to new EDC Version <span style=\"color: #ef6c00;\">\u2022<\/span> Execution of Migration to most actual EDC Version <span style=\"color: #ef6c00;\">\u2022<\/span> Configuration on the migrated environment <span style=\"color: #ef6c00;\">\u2022<\/span> and more <span style=\"color: #ef6c00;\">\u2022<\/span> Additionally: Migration to CGDC<\/h2>\n<p>[\/vc_column_text][\/vc_column][\/vc_row][vc_row css=&#8221;.vc_custom_1714989945201{margin-bottom: 100px !important;padding-top: 0px !important;background-color: #ffffff !important;}&#8221;][vc_column width=&#8221;2\/3&#8243;][vc_row_inner el_id=&#8221;active_optin&#8221;][vc_column_inner el_id=&#8221;before_optin&#8221;][vc_column_text]<\/p>\n<h2>Thank you for your interest!<\/h2>\n<p>We have sent you an e-mail for data protection reasons.<\/p>\n<p>Please open this e-mail in your mailbox.<\/p>\n<p>Click on the link in our e-mail to confirm your e-mail address. We will then make the link available to you on our website.[\/vc_column_text][\/vc_column_inner][\/vc_row_inner][vc_row_inner el_id=&#8221;active_after_optin&#8221;][vc_column_inner][vc_column_text]<\/p>\n<h2>Thank you for the confirmation.<\/h2>\n<p class=\"p1\">Your download will start in a few seconds.<br \/>\nIf the download does not start automatically, please click on the following link:<\/p>\n<p class=\"p1\"><\/p>\n<p>[\/vc_column_text][\/vc_column_inner][\/vc_row_inner][\/vc_column][vc_column width=&#8221;1\/3&#8243;][\/vc_column][\/vc_row][vc_row gap=&#8221;35&#8243; css=&#8221;.vc_custom_1718014663017{margin-bottom: 50px !important;}&#8221;][vc_column][vc_column_text]<\/p>\n<h2 class=\"headline_superbig\">Further offers on the topic of data governance<\/h2>\n<p>[\/vc_column_text][\/vc_column][\/vc_row][vc_row gap=&#8221;35&#8243;][vc_column width=&#8221;1\/3&#8243;]<div class=\"templatera_shortcode\"><div class=\"vc_row wpb_row vc_row-fluid\"><div class=\"wpb_column vc_column_container vc_col-sm-12\"><div class=\"vc_column-inner\"><div class=\"wpb_wrapper\"><div id='' class='teaserbox  overlay'><div class='teaserbox_inner'><div class='teaserheadline'><h2 style='color:#ffffff;font-family:DinWebPro Bold;'>Data Governance Introduction<\/h2><h3 style='color:#ffffff;'><\/h3><\/div><div class='teasertext'><div class='wpb_wrapper'>Initiative introduction \u2022 Governance board framework intro \u2022 Data Governance implementation intro<\/div><\/div><div class='teaserlink'><a href='https:\/\/www.striped-giraffe.com\/en\/data-governance-packages-introduction\/' style='color:#ffffff;'>Choose<\/a><\/div><div class='wpb_single_image desktop_only'><img src='https:\/\/www.striped-giraffe.com\/wp-content\/uploads\/2022\/11\/Newsteaser_Data_Governance-600x700.jpg' \/><\/div><div class='wpb_single_image mobile_only'><img src='https:\/\/www.striped-giraffe.com\/wp-content\/uploads\/2022\/11\/Newsteaser_Data_Governance-600x700.jpg' \/><\/div><\/div><\/div><\/div><\/div><\/div><\/div><\/div>[\/vc_column][vc_column width=&#8221;1\/3&#8243;]<div class=\"templatera_shortcode\"><div class=\"vc_row wpb_row vc_row-fluid\"><div class=\"wpb_column vc_column_container vc_col-sm-12\"><div class=\"vc_column-inner\"><div class=\"wpb_wrapper\"><div id='' class='teaserbox  overlay'><div class='teaserbox_inner'><div class='teaserheadline'><h2 style='color:#ffffff;font-family:DinWebPro Bold;'>Data Governance EDC Implementation<\/h2><h3 style='color:#ffffff;'><\/h3><\/div><div class='teasertext'><div class='wpb_wrapper'>Workshops \u2022 Installation \u2022 Configuration \u2022 and more<\/div><\/div><div class='teaserlink'><a href='https:\/\/www.striped-giraffe.com\/en\/data-governance-packages-edc-implementation\/' style='color:#ffffff;'>Choose<\/a><\/div><div class='wpb_single_image desktop_only'><img src='https:\/\/www.striped-giraffe.com\/wp-content\/uploads\/2022\/11\/Newsteaser_Data_Governance-600x700.jpg' \/><\/div><div class='wpb_single_image mobile_only'><img src='https:\/\/www.striped-giraffe.com\/wp-content\/uploads\/2022\/11\/Newsteaser_Data_Governance-600x700.jpg' \/><\/div><\/div><\/div><\/div><\/div><\/div><\/div><\/div>[\/vc_column][vc_column width=&#8221;1\/3&#8243;]<div class=\"templatera_shortcode\"><div class=\"vc_row wpb_row vc_row-fluid\"><div class=\"wpb_column vc_column_container vc_col-sm-12\"><div class=\"vc_column-inner\"><div class=\"wpb_wrapper\"><div id='' class='teaserbox  overlay'><div class='teaserbox_inner'><div class='teaserheadline'><h2 style='color:#ffffff;font-family:DinWebPro Bold;'>Data Governance CDGC Implementation<\/h2><h3 style='color:#ffffff;'><\/h3><\/div><div class='teasertext'><div class='wpb_wrapper'>Workshops \u2022 Installation of secure agent \u2022 Configuration \u2022 and more<\/div><\/div><div class='teaserlink'><a href='https:\/\/www.striped-giraffe.com\/en\/data-governance-packages-cdgc-implementation\/' style='color:#ffffff;'>Choose<\/a><\/div><div class='wpb_single_image desktop_only'><img src='https:\/\/www.striped-giraffe.com\/wp-content\/uploads\/2022\/11\/Newsteaser_Data_Governance-600x700.jpg' \/><\/div><div class='wpb_single_image mobile_only'><img src='https:\/\/www.striped-giraffe.com\/wp-content\/uploads\/2022\/11\/Newsteaser_Data_Governance-600x700.jpg' \/><\/div><\/div><\/div><\/div><\/div><\/div><\/div><\/div>[\/vc_column][\/vc_row][vc_row css=&#8221;.vc_custom_1718021037748{margin-top: 100px !important;margin-bottom: 50px !important;}&#8221;][vc_column][vc_column_text]<\/p>\n<h2>Let&#8217;s talk<\/h2>\n<p>[\/vc_column_text][\/vc_column][\/vc_row][vc_row css=&#8221;.vc_custom_1718021043087{margin-bottom: 50px !important;}&#8221;][vc_column width=&#8221;2\/3&#8243;][vc_column_text]<\/p>\n<h3>Do you need a <strong>specific\u00a0offer<\/strong> or a <strong>sparring partner <\/strong>to discuss ideas?<\/h3>\n<h3>Just contact us:<\/h3>\n<ul>\n<li><a href=\"mailto:experts@striped-giraffe.com\">experts@striped-giraffe.com<\/a><\/li>\n<li><span style=\"color: #ef6c00;\">+49 (0)89-416 126-667<\/span><\/li>\n<\/ul>\n<p>[\/vc_column_text]<a class=\"calendly\" href=\"\" onclick=\"Calendly.initPopupWidget({url: 'https:\/\/calendly.com\/striped-giraffe\/30min'});return false;\">Or book a meeting<\/a>[vc_column_text css=&#8221;.vc_custom_1705587124145{margin-top: 32px !important;}&#8221;]<\/p>\n<h3>We will be happy to support you.<\/h3>\n<p>[\/vc_column_text][\/vc_column][vc_column width=&#8221;1\/3&#8243;][\/vc_column][\/vc_row][vc_row full_width=&#8221;stretch_row&#8221; gap=&#8221;35&#8243; bg_type=&#8221;bg_color&#8221; css=&#8221;.vc_custom_1699539155160{margin-top: 0px !important;margin-bottom: 0px !important;padding-top: 50px !important;padding-bottom: 100px !important;background-color: #000000 !important;}&#8221; bg_color_value=&#8221;#000000&#8243;][vc_column][vc_row_inner][vc_column_inner width=&#8221;1\/3&#8243; css=&#8221;.vc_custom_1610013762619{padding-right: 25px !important;}&#8221;][vc_column_text]<\/p>\n<h2><span style=\"color: #ef6c00;\">WE CREATE ADDED VALUE<\/span> <span style=\"color: #ffffff;\">FOR OUR\u00a0 CUSTOMERS.<\/span><\/h2>\n<p><span style=\"color: #ffffff;\">This leads to a long-term cooperation with our customers, which we appreciate very much. You can find even more e-books, case studies, and co. in our <a style=\"color: #ffffff;\" href=\"https:\/\/www.striped-giraffe.com\/en\/insights\/\">Insights<\/a>.<\/span>[\/vc_column_text][\/vc_column_inner][vc_column_inner width=&#8221;1\/3&#8243;]<div class=\"templatera_shortcode\"><div class=\"vc_row wpb_row vc_row-fluid\"><div class=\"wpb_column vc_column_container vc_col-sm-12\"><div class=\"vc_column-inner\"><div class=\"wpb_wrapper\"><div id='' class='teaserbox  overlay'><div class='teaserbox_inner'><div class='teaserheadline'><h3 style='text-transform:uppercase;color:#ffffff;font-family:DinWebPro Bold;'>IT Report<\/h3><h2 style='text-transform:none;color:#ef6c00;'>DIGITIZATION PROJECTS<\/h2><\/div><div class='teasertext'><div class='wpb_wrapper'>In order to achieve digital transformation, companies need to implement various digitalization projects. But how do you ensure that they are successful?<\/div><\/div><div class='teaserlink'><a href='https:\/\/www.striped-giraffe.com\/en\/it-report-digitization-projects\/' style='color:#ffffff;'>More details<\/a><\/div><div class='wpb_single_image desktop_only'><img src='https:\/\/www.striped-giraffe.com\/wp-content\/uploads\/2023\/11\/IT-Report-2023-600x960.jpg' \/><\/div><div class='wpb_single_image mobile_only'><img src='https:\/\/www.striped-giraffe.com\/wp-content\/uploads\/2023\/11\/IT-Report-2023-600x700.jpg' \/><\/div><\/div><\/div><\/div><\/div><\/div><\/div><\/div>[\/vc_column_inner][vc_column_inner width=&#8221;1\/3&#8243;]<div class=\"templatera_shortcode\"><div class=\"vc_row wpb_row vc_row-fluid\"><div class=\"wpb_column vc_column_container vc_col-sm-12\"><div class=\"vc_column-inner\"><div class=\"wpb_wrapper\"><div id='' class='teaserbox  overlay'><div class='teaserbox_inner'><div class='teaserheadline'><h3 style='text-transform:uppercase;color:#000000;font-family:DinWebPro Bold;'>New Study<\/h3><h2 style='text-transform:none;color:#ef6c00;'>THE AGILE REPORT<\/h2><\/div><div class='teasertext'><div class='wpb_wrapper'>Agile experts report on their experiences, views, and the effects of agile software development on the organization.<\/div><\/div><div class='teaserlink'><a href='https:\/\/www.striped-giraffe.com\/en\/the-agile-report\/' style='color:#000000;'>Download<\/a><\/div><div class='wpb_single_image desktop_only'><img src='https:\/\/www.striped-giraffe.com\/wp-content\/uploads\/2024\/02\/Teaser_THE_AGILE_REPORT_2024.jpg' \/><\/div><div class='wpb_single_image mobile_only'><img src='https:\/\/www.striped-giraffe.com\/wp-content\/uploads\/2024\/02\/Teaser_THE_AGILE_REPORT_2024-600x700.jpg' \/><\/div><\/div><\/div><\/div><\/div><\/div><\/div><\/div>[\/vc_column_inner][\/vc_row_inner][\/vc_column][\/vc_row]<\/p>\n<\/section>","protected":false},"excerpt":{"rendered":"Our offer for you Data Governance EDC Migration Workshop Migration to new EDC Version \u2022 Execution of Migration to most [...]","protected":false},"author":2,"featured_media":25798,"parent":0,"menu_order":0,"comment_status":"closed","ping_status":"closed","template":"page-sidebar.php","meta":{"footnotes":""},"acf":[],"yoast_head":"<!-- This site is optimized with the Yoast SEO Premium plugin v20.5 (Yoast SEO v20.5) - https:\/\/yoast.com\/wordpress\/plugins\/seo\/ -->\n<title>Download Data Governance Package &quot;EDC Migration&quot; THANKYOU: Unser Angebot f\u00fcr Sie<\/title>\n<meta name=\"description\" content=\"Wir haben 4 unterschiedliche Pakete f\u00fcr Sie zusammengestellt, die Sie dort abholen, wo Sie sich gerade im Data Governance-Prozess befinden.\" \/>\n<meta name=\"robots\" content=\"noindex, nofollow\" \/>\n<meta property=\"og:locale\" content=\"en_US\" \/>\n<meta property=\"og:type\" content=\"article\" \/>\n<meta property=\"og:title\" content=\"Download Data Governance Package &quot;EDC Migration&quot; THANKYOU\" \/>\n<meta property=\"og:description\" content=\"Wir haben 4 unterschiedliche Pakete f\u00fcr Sie zusammengestellt, die Sie dort abholen, wo Sie sich gerade im Data Governance-Prozess befinden.\" \/>\n<meta property=\"og:url\" content=\"https:\/\/www.striped-giraffe.com\/en\/data-governance-packages-edc-migration-thankyou\/\" \/>\n<meta property=\"og:site_name\" content=\"Striped Giraffe\" \/>\n<meta property=\"article:modified_time\" content=\"2024-06-10T12:11:24+00:00\" \/>\n<meta property=\"og:image\" content=\"https:\/\/www.striped-giraffe.com\/wp-content\/uploads\/2021\/05\/Striped-Giraffe_Data_Governance_Packages_EN-flyer-cover.png\" \/>\n\t<meta property=\"og:image:width\" content=\"1585\" \/>\n\t<meta property=\"og:image:height\" content=\"1230\" \/>\n\t<meta property=\"og:image:type\" content=\"image\/png\" \/>\n<meta name=\"twitter:card\" content=\"summary_large_image\" \/>\n<meta name=\"twitter:label1\" content=\"Est. reading time\" \/>\n\t<meta name=\"twitter:data1\" content=\"2 minutes\" \/>\n<script type=\"application\/ld+json\" class=\"yoast-schema-graph\">{\"@context\":\"https:\/\/schema.org\",\"@graph\":[{\"@type\":\"WebPage\",\"@id\":\"https:\/\/www.striped-giraffe.com\/en\/data-governance-packages-edc-migration-thankyou\/\",\"url\":\"https:\/\/www.striped-giraffe.com\/en\/data-governance-packages-edc-migration-thankyou\/\",\"name\":\"Download Data Governance Package \\\"EDC Migration\\\" THANKYOU: Unser Angebot f\u00fcr Sie\",\"isPartOf\":{\"@id\":\"https:\/\/www.striped-giraffe.com\/de\/#website\"},\"datePublished\":\"2024-06-10T09:57:51+00:00\",\"dateModified\":\"2024-06-10T12:11:24+00:00\",\"description\":\"Wir haben 4 unterschiedliche Pakete f\u00fcr Sie zusammengestellt, die Sie dort abholen, wo Sie sich gerade im Data Governance-Prozess befinden.\",\"inLanguage\":\"en-US\",\"potentialAction\":[{\"@type\":\"ReadAction\",\"target\":[\"https:\/\/www.striped-giraffe.com\/en\/data-governance-packages-edc-migration-thankyou\/\"]}]},{\"@type\":\"WebSite\",\"@id\":\"https:\/\/www.striped-giraffe.com\/de\/#website\",\"url\":\"https:\/\/www.striped-giraffe.com\/de\/\",\"name\":\"Striped Giraffe\",\"description\":\"Ihr zuverl\u00e4ssiger Anbieter f\u00fcr digitale Enterprise-L\u00f6sungen\",\"publisher\":{\"@id\":\"https:\/\/www.striped-giraffe.com\/de\/#organization\"},\"potentialAction\":[{\"@type\":\"SearchAction\",\"target\":{\"@type\":\"EntryPoint\",\"urlTemplate\":\"https:\/\/www.striped-giraffe.com\/de\/?s={search_term_string}\"},\"query-input\":\"required name=search_term_string\"}],\"inLanguage\":\"en-US\"},{\"@type\":\"Organization\",\"@id\":\"https:\/\/www.striped-giraffe.com\/de\/#organization\",\"name\":\"Striped Giraffe\",\"url\":\"https:\/\/www.striped-giraffe.com\/de\/\",\"logo\":{\"@type\":\"ImageObject\",\"inLanguage\":\"en-US\",\"@id\":\"https:\/\/www.striped-giraffe.com\/de\/#\/schema\/logo\/image\/\",\"url\":\"https:\/\/www.striped-giraffe.com\/wp-content\/uploads\/2021\/01\/giraffe_white.svg\",\"contentUrl\":\"https:\/\/www.striped-giraffe.com\/wp-content\/uploads\/2021\/01\/giraffe_white.svg\",\"caption\":\"Striped Giraffe\"},\"image\":{\"@id\":\"https:\/\/www.striped-giraffe.com\/de\/#\/schema\/logo\/image\/\"}}]}<\/script>\n<!-- \/ Yoast SEO Premium plugin. -->","yoast_head_json":{"title":"Download Data Governance Package \"EDC Migration\" THANKYOU: Unser Angebot f\u00fcr Sie","description":"Wir haben 4 unterschiedliche Pakete f\u00fcr Sie zusammengestellt, die Sie dort abholen, wo Sie sich gerade im Data Governance-Prozess befinden.","robots":{"index":"noindex","follow":"nofollow"},"og_locale":"en_US","og_type":"article","og_title":"Download Data Governance Package \"EDC Migration\" THANKYOU","og_description":"Wir haben 4 unterschiedliche Pakete f\u00fcr Sie zusammengestellt, die Sie dort abholen, wo Sie sich gerade im Data Governance-Prozess befinden.","og_url":"https:\/\/www.striped-giraffe.com\/en\/data-governance-packages-edc-migration-thankyou\/","og_site_name":"Striped Giraffe","article_modified_time":"2024-06-10T12:11:24+00:00","og_image":[{"width":1585,"height":1230,"url":"https:\/\/www.striped-giraffe.com\/wp-content\/uploads\/2021\/05\/Striped-Giraffe_Data_Governance_Packages_EN-flyer-cover.png","type":"image\/png"}],"twitter_card":"summary_large_image","twitter_misc":{"Est. reading time":"2 minutes"},"schema":{"@context":"https:\/\/schema.org","@graph":[{"@type":"WebPage","@id":"https:\/\/www.striped-giraffe.com\/en\/data-governance-packages-edc-migration-thankyou\/","url":"https:\/\/www.striped-giraffe.com\/en\/data-governance-packages-edc-migration-thankyou\/","name":"Download Data Governance Package \"EDC Migration\" THANKYOU: Unser Angebot f\u00fcr Sie","isPartOf":{"@id":"https:\/\/www.striped-giraffe.com\/de\/#website"},"datePublished":"2024-06-10T09:57:51+00:00","dateModified":"2024-06-10T12:11:24+00:00","description":"Wir haben 4 unterschiedliche Pakete f\u00fcr Sie zusammengestellt, die Sie dort abholen, wo Sie sich gerade im Data Governance-Prozess befinden.","inLanguage":"en-US","potentialAction":[{"@type":"ReadAction","target":["https:\/\/www.striped-giraffe.com\/en\/data-governance-packages-edc-migration-thankyou\/"]}]},{"@type":"WebSite","@id":"https:\/\/www.striped-giraffe.com\/de\/#website","url":"https:\/\/www.striped-giraffe.com\/de\/","name":"Striped Giraffe","description":"Ihr zuverl\u00e4ssiger Anbieter f\u00fcr digitale Enterprise-L\u00f6sungen","publisher":{"@id":"https:\/\/www.striped-giraffe.com\/de\/#organization"},"potentialAction":[{"@type":"SearchAction","target":{"@type":"EntryPoint","urlTemplate":"https:\/\/www.striped-giraffe.com\/de\/?s={search_term_string}"},"query-input":"required name=search_term_string"}],"inLanguage":"en-US"},{"@type":"Organization","@id":"https:\/\/www.striped-giraffe.com\/de\/#organization","name":"Striped Giraffe","url":"https:\/\/www.striped-giraffe.com\/de\/","logo":{"@type":"ImageObject","inLanguage":"en-US","@id":"https:\/\/www.striped-giraffe.com\/de\/#\/schema\/logo\/image\/","url":"https:\/\/www.striped-giraffe.com\/wp-content\/uploads\/2021\/01\/giraffe_white.svg","contentUrl":"https:\/\/www.striped-giraffe.com\/wp-content\/uploads\/2021\/01\/giraffe_white.svg","caption":"Striped Giraffe"},"image":{"@id":"https:\/\/www.striped-giraffe.com\/de\/#\/schema\/logo\/image\/"}}]}},"_links":{"self":[{"href":"https:\/\/www.striped-giraffe.com\/en\/wp-json\/wp\/v2\/pages\/37131"}],"collection":[{"href":"https:\/\/www.striped-giraffe.com\/en\/wp-json\/wp\/v2\/pages"}],"about":[{"href":"https:\/\/www.striped-giraffe.com\/en\/wp-json\/wp\/v2\/types\/page"}],"author":[{"embeddable":true,"href":"https:\/\/www.striped-giraffe.com\/en\/wp-json\/wp\/v2\/users\/2"}],"replies":[{"embeddable":true,"href":"https:\/\/www.striped-giraffe.com\/en\/wp-json\/wp\/v2\/comments?post=37131"}],"version-history":[{"count":3,"href":"https:\/\/www.striped-giraffe.com\/en\/wp-json\/wp\/v2\/pages\/37131\/revisions"}],"predecessor-version":[{"id":37141,"href":"https:\/\/www.striped-giraffe.com\/en\/wp-json\/wp\/v2\/pages\/37131\/revisions\/37141"}],"wp:featuredmedia":[{"embeddable":true,"href":"https:\/\/www.striped-giraffe.com\/en\/wp-json\/wp\/v2\/media\/25798"}],"wp:attachment":[{"href":"https:\/\/www.striped-giraffe.com\/en\/wp-json\/wp\/v2\/media?parent=37131"}],"curies":[{"name":"wp","href":"https:\/\/api.w.org\/{rel}","templated":true}]}}