{"id":37250,"date":"2024-07-01T16:27:21","date_gmt":"2024-07-01T14:27:21","guid":{"rendered":"https:\/\/www.striped-giraffe.com\/collaboration\/partner\/broadleaf\/"},"modified":"2024-07-01T17:12:56","modified_gmt":"2024-07-01T15:12:56","slug":"broadleaf","status":"publish","type":"page","link":"https:\/\/www.striped-giraffe.com\/en\/collaboration\/partner\/broadleaf\/","title":{"rendered":"Broadleaf"},"content":{"rendered":"<section class=\"wpb-content-wrapper\"><p>[vc_row full_width=&#8221;stretch_row&#8221; bg_type=&#8221;image&#8221; parallax_style=&#8221;vcpb-default&#8221; bg_image_new=&#8221;id^1652|url^https:\/\/www.striped-giraffe.com\/wp-content\/uploads\/2021\/01\/Partner-1-scaled.jpg|caption^Embossed mesh representing internet connections in cloud computing. 3d image and dot link.|alt^null|title^Embossed mesh representing internet connections in cloud computi|description^null&#8221; css=&#8221;.vc_custom_1610545193071{padding-top: 200px !important;padding-bottom: 200px !important;background-position: center !important;background-repeat: no-repeat !important;background-size: cover !important;}&#8221;][vc_column][\/vc_column][\/vc_row][vc_row gap=&#8221;35&#8243; el_class=&#8221;closetotop&#8221; css=&#8221;.vc_custom_1609952195412{padding-top: 50px !important;background-color: #ffffff !important;}&#8221;][vc_column width=&#8221;1\/3&#8243;][vc_single_image image=&#8221;37247&#8243; img_size=&#8221;full&#8221;][\/vc_column][vc_column width=&#8221;2\/3&#8243;][vc_column_text]One of the e-commerce solutions on the market that impressed us is Broadleaf. It offers a maximum of freedom.[\/vc_column_text][\/vc_column][\/vc_row][vc_row gap=&#8221;35&#8243; css=&#8221;.vc_custom_1719845249864{margin-top: 100px !important;margin-bottom: 50px !important;background-color: #ffffff !important;}&#8221;][vc_column width=&#8221;1\/3&#8243;][vc_column_text]<\/p>\n<h2 class=\"headline_superbig\">High Flexibility<\/h2>\n<p>[\/vc_column_text][\/vc_column][vc_column width=&#8221;2\/3&#8243;][vc_column_text]Truly Composable Commerce with the freedom to build your way. Broadleaf Commerce software manages e-commerce complexity, providing enterprise organizations with a flexible, scalable, and highly customizable modular platform. Our MACH-based platform supports various configurations, including Unified, Multi-brand, B2B2X, and Marketplace setups, hosted on Broadleaf Cloud or your own infrastructure.[\/vc_column_text][\/vc_column][\/vc_row][vc_row gap=&#8221;35&#8243; el_class=&#8221;small&#8221; css=&#8221;.vc_custom_1719845245141{margin-top: 100px !important;margin-bottom: 100px !important;background-color: #ffffff !important;}&#8221;][vc_column width=&#8221;1\/3&#8243;][vc_column_text]<\/p>\n<h2 class=\"headline_superbig\">About Broadleaf<\/h2>\n<p>[\/vc_column_text][\/vc_column][vc_column width=&#8221;2\/3&#8243;][vc_column_text]Broadleaf Commerce empowers businesses to build scalable, adaptable applications with speed, on your preferred cloud. Our cloud-native architecture supports seamless deployment across different infrastructures, enabling efficient management of complex catalogs, advanced merchandising, and high-volume transactions. With Broadleaf&#8217;s modern, microservice architecture, you gain the power to build unique e-commerce experiences that seamlessly adapt to your evolving business needs and customer demands.[\/vc_column_text][vc_empty_space height=&#8221;100px&#8221;][vc_column_text]<\/p>\n<blockquote>\n<p style=\"text-align: center;\">Design, innovate, and scale without the constraints of outdated technology.<\/p>\n<\/blockquote>\n<p>[\/vc_column_text][\/vc_column][\/vc_row][vc_row gap=&#8221;35&#8243; css=&#8221;.vc_custom_1719846703706{margin-bottom: 100px !important;}&#8221;][vc_column width=&#8221;1\/3&#8243;][vc_column_text]<\/p>\n<h2 class=\"headline_superbig\">Contact<\/h2>\n<p>[\/vc_column_text][\/vc_column][vc_column width=&#8221;2\/3&#8243;][vc_column_text]If you would like to find out more about our partners or are interested in a partnership, please contact our Business Development Team.<\/p>\n<p><a href=\"mailto:sales@striped-giraffe.com\">sales@striped-giraffe.com<\/a><\/p>\n<p>+49 (0)89-416 126-667[\/vc_column_text][\/vc_column][\/vc_row][vc_row][vc_column width=&#8221;1\/3&#8243;][\/vc_column][vc_column width=&#8221;2\/3&#8243;][vc_btn title=&#8221;PARTNER OVERVIEW&#8221; align=&#8221;left&#8221; link=&#8221;url:https%3A%2F%2Fwww.striped-giraffe.com%2Fen%2Fcollaboration%2Fpartner%2F|title:Partner&#8221;][\/vc_column][\/vc_row][vc_row][vc_column][vc_empty_space height=&#8221;100px&#8221;][\/vc_column][\/vc_row]<\/p>\n<\/section>","protected":false},"excerpt":{"rendered":"<p>[vc_row full_width=&#8221;stretch_row&#8221; bg_type=&#8221;image&#8221; parallax_style=&#8221;vcpb-default&#8221; bg_image_new=&#8221;id^1652|url^https:\/\/www.striped-giraffe.com\/wp-content\/uploads\/2021\/01\/Partner-1-scaled.jpg|caption^Embossed mesh representing internet connections in cloud computing. 3d image and dot link.|alt^null|title^Embossed mesh representing internet [&hellip;]<\/p>\n","protected":false},"author":2,"featured_media":0,"parent":19370,"menu_order":0,"comment_status":"closed","ping_status":"closed","template":"","meta":{"footnotes":""},"acf":[],"yoast_head":"<!-- This site is optimized with the Yoast SEO Premium plugin v20.5 (Yoast SEO v20.5) - https:\/\/yoast.com\/wordpress\/plugins\/seo\/ -->\n<title>Broadleaf - Striped Giraffe<\/title>\n<meta name=\"description\" content=\"One of the e-commerce solutions on the market that impressed us is Broadleaf. It offers a maximum of freedom.\" \/>\n<meta name=\"robots\" content=\"index, follow, max-snippet:-1, max-image-preview:large, max-video-preview:-1\" \/>\n<link rel=\"canonical\" href=\"https:\/\/www.striped-giraffe.com\/en\/collaboration\/partner\/broadleaf\/\" \/>\n<meta property=\"og:locale\" content=\"en_US\" \/>\n<meta property=\"og:type\" content=\"article\" \/>\n<meta property=\"og:title\" content=\"Broadleaf\" \/>\n<meta property=\"og:description\" content=\"One of the e-commerce solutions on the market that impressed us is Broadleaf. It offers a maximum of freedom.\" \/>\n<meta property=\"og:url\" content=\"https:\/\/www.striped-giraffe.com\/en\/collaboration\/partner\/broadleaf\/\" \/>\n<meta property=\"og:site_name\" content=\"Striped Giraffe\" \/>\n<meta property=\"article:modified_time\" content=\"2024-07-01T15:12:56+00:00\" \/>\n<meta name=\"twitter:card\" content=\"summary_large_image\" \/>\n<meta name=\"twitter:label1\" content=\"Est. reading time\" \/>\n\t<meta name=\"twitter:data1\" content=\"2 minutes\" \/>\n<script type=\"application\/ld+json\" class=\"yoast-schema-graph\">{\"@context\":\"https:\/\/schema.org\",\"@graph\":[{\"@type\":\"WebPage\",\"@id\":\"https:\/\/www.striped-giraffe.com\/en\/collaboration\/partner\/broadleaf\/\",\"url\":\"https:\/\/www.striped-giraffe.com\/en\/collaboration\/partner\/broadleaf\/\",\"name\":\"Broadleaf - Striped Giraffe\",\"isPartOf\":{\"@id\":\"https:\/\/www.striped-giraffe.com\/de\/#website\"},\"datePublished\":\"2024-07-01T14:27:21+00:00\",\"dateModified\":\"2024-07-01T15:12:56+00:00\",\"description\":\"One of the e-commerce solutions on the market that impressed us is Broadleaf. It offers a maximum of freedom.\",\"breadcrumb\":{\"@id\":\"https:\/\/www.striped-giraffe.com\/en\/collaboration\/partner\/broadleaf\/#breadcrumb\"},\"inLanguage\":\"en-US\",\"potentialAction\":[{\"@type\":\"ReadAction\",\"target\":[\"https:\/\/www.striped-giraffe.com\/en\/collaboration\/partner\/broadleaf\/\"]}]},{\"@type\":\"BreadcrumbList\",\"@id\":\"https:\/\/www.striped-giraffe.com\/en\/collaboration\/partner\/broadleaf\/#breadcrumb\",\"itemListElement\":[{\"@type\":\"ListItem\",\"position\":1,\"name\":\"Collaboration\",\"item\":\"https:\/\/www.striped-giraffe.com\/en\/collaboration\/\"},{\"@type\":\"ListItem\",\"position\":2,\"name\":\"Partner\",\"item\":\"https:\/\/www.striped-giraffe.com\/en\/collaboration\/partner\/\"},{\"@type\":\"ListItem\",\"position\":3,\"name\":\"Broadleaf\"}]},{\"@type\":\"WebSite\",\"@id\":\"https:\/\/www.striped-giraffe.com\/de\/#website\",\"url\":\"https:\/\/www.striped-giraffe.com\/de\/\",\"name\":\"Striped Giraffe\",\"description\":\"Ihr zuverl\u00e4ssiger Anbieter f\u00fcr digitale Enterprise-L\u00f6sungen\",\"publisher\":{\"@id\":\"https:\/\/www.striped-giraffe.com\/de\/#organization\"},\"potentialAction\":[{\"@type\":\"SearchAction\",\"target\":{\"@type\":\"EntryPoint\",\"urlTemplate\":\"https:\/\/www.striped-giraffe.com\/de\/?s={search_term_string}\"},\"query-input\":\"required name=search_term_string\"}],\"inLanguage\":\"en-US\"},{\"@type\":\"Organization\",\"@id\":\"https:\/\/www.striped-giraffe.com\/de\/#organization\",\"name\":\"Striped Giraffe\",\"url\":\"https:\/\/www.striped-giraffe.com\/de\/\",\"logo\":{\"@type\":\"ImageObject\",\"inLanguage\":\"en-US\",\"@id\":\"https:\/\/www.striped-giraffe.com\/de\/#\/schema\/logo\/image\/\",\"url\":\"https:\/\/www.striped-giraffe.com\/wp-content\/uploads\/2021\/01\/giraffe_white.svg\",\"contentUrl\":\"https:\/\/www.striped-giraffe.com\/wp-content\/uploads\/2021\/01\/giraffe_white.svg\",\"caption\":\"Striped Giraffe\"},\"image\":{\"@id\":\"https:\/\/www.striped-giraffe.com\/de\/#\/schema\/logo\/image\/\"}}]}<\/script>\n<!-- \/ Yoast SEO Premium plugin. -->","yoast_head_json":{"title":"Broadleaf - Striped Giraffe","description":"One of the e-commerce solutions on the market that impressed us is Broadleaf. It offers a maximum of freedom.","robots":{"index":"index","follow":"follow","max-snippet":"max-snippet:-1","max-image-preview":"max-image-preview:large","max-video-preview":"max-video-preview:-1"},"canonical":"https:\/\/www.striped-giraffe.com\/en\/collaboration\/partner\/broadleaf\/","og_locale":"en_US","og_type":"article","og_title":"Broadleaf","og_description":"One of the e-commerce solutions on the market that impressed us is Broadleaf. It offers a maximum of freedom.","og_url":"https:\/\/www.striped-giraffe.com\/en\/collaboration\/partner\/broadleaf\/","og_site_name":"Striped Giraffe","article_modified_time":"2024-07-01T15:12:56+00:00","twitter_card":"summary_large_image","twitter_misc":{"Est. reading time":"2 minutes"},"schema":{"@context":"https:\/\/schema.org","@graph":[{"@type":"WebPage","@id":"https:\/\/www.striped-giraffe.com\/en\/collaboration\/partner\/broadleaf\/","url":"https:\/\/www.striped-giraffe.com\/en\/collaboration\/partner\/broadleaf\/","name":"Broadleaf - Striped Giraffe","isPartOf":{"@id":"https:\/\/www.striped-giraffe.com\/de\/#website"},"datePublished":"2024-07-01T14:27:21+00:00","dateModified":"2024-07-01T15:12:56+00:00","description":"One of the e-commerce solutions on the market that impressed us is Broadleaf. It offers a maximum of freedom.","breadcrumb":{"@id":"https:\/\/www.striped-giraffe.com\/en\/collaboration\/partner\/broadleaf\/#breadcrumb"},"inLanguage":"en-US","potentialAction":[{"@type":"ReadAction","target":["https:\/\/www.striped-giraffe.com\/en\/collaboration\/partner\/broadleaf\/"]}]},{"@type":"BreadcrumbList","@id":"https:\/\/www.striped-giraffe.com\/en\/collaboration\/partner\/broadleaf\/#breadcrumb","itemListElement":[{"@type":"ListItem","position":1,"name":"Collaboration","item":"https:\/\/www.striped-giraffe.com\/en\/collaboration\/"},{"@type":"ListItem","position":2,"name":"Partner","item":"https:\/\/www.striped-giraffe.com\/en\/collaboration\/partner\/"},{"@type":"ListItem","position":3,"name":"Broadleaf"}]},{"@type":"WebSite","@id":"https:\/\/www.striped-giraffe.com\/de\/#website","url":"https:\/\/www.striped-giraffe.com\/de\/","name":"Striped Giraffe","description":"Ihr zuverl\u00e4ssiger Anbieter f\u00fcr digitale Enterprise-L\u00f6sungen","publisher":{"@id":"https:\/\/www.striped-giraffe.com\/de\/#organization"},"potentialAction":[{"@type":"SearchAction","target":{"@type":"EntryPoint","urlTemplate":"https:\/\/www.striped-giraffe.com\/de\/?s={search_term_string}"},"query-input":"required name=search_term_string"}],"inLanguage":"en-US"},{"@type":"Organization","@id":"https:\/\/www.striped-giraffe.com\/de\/#organization","name":"Striped Giraffe","url":"https:\/\/www.striped-giraffe.com\/de\/","logo":{"@type":"ImageObject","inLanguage":"en-US","@id":"https:\/\/www.striped-giraffe.com\/de\/#\/schema\/logo\/image\/","url":"https:\/\/www.striped-giraffe.com\/wp-content\/uploads\/2021\/01\/giraffe_white.svg","contentUrl":"https:\/\/www.striped-giraffe.com\/wp-content\/uploads\/2021\/01\/giraffe_white.svg","caption":"Striped Giraffe"},"image":{"@id":"https:\/\/www.striped-giraffe.com\/de\/#\/schema\/logo\/image\/"}}]}},"_links":{"self":[{"href":"https:\/\/www.striped-giraffe.com\/en\/wp-json\/wp\/v2\/pages\/37250"}],"collection":[{"href":"https:\/\/www.striped-giraffe.com\/en\/wp-json\/wp\/v2\/pages"}],"about":[{"href":"https:\/\/www.striped-giraffe.com\/en\/wp-json\/wp\/v2\/types\/page"}],"author":[{"embeddable":true,"href":"https:\/\/www.striped-giraffe.com\/en\/wp-json\/wp\/v2\/users\/2"}],"replies":[{"embeddable":true,"href":"https:\/\/www.striped-giraffe.com\/en\/wp-json\/wp\/v2\/comments?post=37250"}],"version-history":[{"count":5,"href":"https:\/\/www.striped-giraffe.com\/en\/wp-json\/wp\/v2\/pages\/37250\/revisions"}],"predecessor-version":[{"id":37257,"href":"https:\/\/www.striped-giraffe.com\/en\/wp-json\/wp\/v2\/pages\/37250\/revisions\/37257"}],"up":[{"embeddable":true,"href":"https:\/\/www.striped-giraffe.com\/en\/wp-json\/wp\/v2\/pages\/19370"}],"wp:attachment":[{"href":"https:\/\/www.striped-giraffe.com\/en\/wp-json\/wp\/v2\/media?parent=37250"}],"curies":[{"name":"wp","href":"https:\/\/api.w.org\/{rel}","templated":true}]}}