{"id":37927,"date":"2024-10-01T14:05:26","date_gmt":"2024-10-01T12:05:26","guid":{"rendered":"https:\/\/www.striped-giraffe.com\/?page_id=37927"},"modified":"2024-10-01T14:05:26","modified_gmt":"2024-10-01T12:05:26","slug":"menu-testseite","status":"publish","type":"page","link":"https:\/\/www.striped-giraffe.com\/en\/menu-testseite\/","title":{"rendered":"Menu Testseite"},"content":{"rendered":"<section class=\"wpb-content-wrapper\"><p>[vc_row][vc_column css=&#8221;.vc_custom_1710937308301{margin-top: 300px !important;}&#8221;][vc_column_text]I am text block. Click edit button to change this text. Lorem ipsum dolor sit amet, consectetur adipiscing elit. Ut elit tellus, luctus nec ullamcorper mattis, pulvinar dapibus leo.[\/vc_column_text][\/vc_column][\/vc_row][vc_row][vc_column][vc_column_text]Veniam in adipiscing, veniam ad officia. Veniam, ad officia elit. Elit fugiat aute excepteur esse nulla. Aute excepteur esse nulla ipsum lorem. Esse nulla ipsum lorem, cillum commodo ex id. Lorem cillum commodo, ex id. Ex id dolore quis, velit aute sunt. Quis velit aute sunt ipsum, aliqua in laboris.<\/p>\n<p>Enim, quis do excepteur aute nostrud nulla. Excepteur, aute nostrud nulla. Nulla pariatur fugiat incididunt, culpa. Incididunt culpa sunt commodo irure. Sunt commodo irure deserunt anim do non aliqua. Irure deserunt anim do non, aliqua ullamco. Do non aliqua ullamco fugiat nisi. Aliqua ullamco fugiat nisi nisi ut qui.<\/p>\n<p>Quis do excepteur aute nostrud nulla pariatur. Excepteur, aute nostrud nulla. Nulla pariatur fugiat incididunt, culpa. Incididunt culpa sunt commodo irure. Sunt commodo irure deserunt anim do non aliqua. Irure deserunt anim do non, aliqua ullamco. Do non aliqua ullamco fugiat nisi.<\/p>\n<p>Do excepteur aute nostrud. Aute nostrud nulla pariatur, fugiat. Pariatur fugiat incididunt culpa, sunt. Culpa sunt commodo irure deserunt. Commodo irure, deserunt anim. Anim do non aliqua ullamco fugiat nisi nisi. Non aliqua ullamco fugiat nisi nisi ut qui. Ullamco fugiat nisi nisi, ut.<\/p>\n<p>Excepteur, aute nostrud nulla. Nulla pariatur fugiat incididunt, culpa. Incididunt culpa sunt commodo irure. Sunt commodo irure deserunt anim do non aliqua. Irure deserunt anim do non, aliqua ullamco.<\/p>\n<p>Aute nostrud nulla pariatur, fugiat. Pariatur fugiat incididunt culpa, sunt. Culpa sunt commodo irure deserunt. Commodo irure, deserunt anim. Anim do non aliqua ullamco fugiat nisi nisi. Non aliqua ullamco fugiat nisi nisi ut qui. Ullamco fugiat nisi nisi, ut.<\/p>\n<p>Nostrud nulla pariatur fugiat, incididunt culpa sunt commodo. Fugiat incididunt culpa, sunt commodo irure deserunt. Sunt commodo irure deserunt anim do non aliqua. Irure deserunt anim do non, aliqua ullamco. Do non aliqua ullamco fugiat nisi. Aliqua ullamco fugiat nisi nisi ut qui. Fugiat, nisi nisi ut qui nisi est veniam. Ut qui, nisi est veniam incididunt velit sint.<\/p>\n<p>Nulla pariatur fugiat incididunt, culpa. Incididunt culpa sunt commodo irure. Sunt commodo irure deserunt anim do non aliqua. Irure deserunt anim do non, aliqua ullamco. Do non aliqua ullamco fugiat nisi. Aliqua ullamco fugiat nisi nisi ut qui. Fugiat, nisi nisi ut qui nisi est veniam. Ut qui, nisi est veniam incididunt velit sint.<\/p>\n<p>Pariatur fugiat incididunt culpa, sunt. Culpa sunt commodo irure deserunt. Commodo irure, deserunt anim. Anim do non aliqua ullamco fugiat nisi nisi. Non aliqua ullamco fugiat nisi nisi ut qui. Ullamco fugiat nisi nisi, ut. Nisi ut qui, nisi. Nisi est veniam, incididunt velit sint. Incididunt velit sint, ad consectetur. Ad consectetur laboris mollit ut aliquip.<\/p>\n<p>Fugiat incididunt culpa, sunt commodo irure deserunt. Sunt commodo irure deserunt anim do non aliqua. Irure deserunt anim do non, aliqua ullamco. Do non aliqua ullamco fugiat nisi. Aliqua ullamco fugiat nisi nisi ut qui. Fugiat, nisi nisi ut qui nisi est veniam. Ut qui, nisi est veniam incididunt velit sint. Est veniam, incididunt velit sint ad consectetur.<\/p>\n<p>Incididunt culpa sunt commodo irure. Sunt commodo irure deserunt anim do non aliqua. Irure deserunt anim do non, aliqua ullamco. Do non aliqua ullamco fugiat nisi. Aliqua ullamco fugiat nisi nisi ut qui. Fugiat, nisi nisi ut qui nisi est veniam. Ut qui, nisi est veniam incididunt velit sint. Est veniam, incididunt velit sint ad consectetur.<\/p>\n<p>Culpa sunt commodo irure deserunt. Commodo irure, deserunt anim. Anim do non aliqua ullamco fugiat nisi nisi. Non aliqua ullamco fugiat nisi nisi ut qui. Ullamco fugiat nisi nisi, ut. Nisi ut qui, nisi. Nisi est veniam, incididunt velit sint. Incididunt velit sint, ad consectetur. Ad consectetur laboris mollit ut aliquip. Laboris, mollit ut aliquip consectetur eiusmod.<\/p>\n<p>Sunt commodo irure deserunt anim do non aliqua. Irure deserunt anim do non, aliqua ullamco. Do non aliqua ullamco fugiat nisi. Aliqua ullamco fugiat nisi nisi ut qui. Fugiat, nisi nisi ut qui nisi est veniam. Ut qui, nisi est veniam incididunt velit sint. Est veniam, incididunt velit sint ad consectetur.<\/p>\n<p>Commodo irure, deserunt anim. Anim do non aliqua ullamco fugiat nisi nisi. Non aliqua ullamco fugiat nisi nisi ut qui. Ullamco fugiat nisi nisi, ut. Nisi ut qui, nisi. Nisi est veniam, incididunt velit sint. Incididunt velit sint, ad consectetur.<\/p>\n<p>Irure deserunt anim do non, aliqua ullamco. Do non aliqua ullamco fugiat nisi. Aliqua ullamco fugiat nisi nisi ut qui. Fugiat, nisi nisi ut qui nisi est veniam. Ut qui, nisi est veniam incididunt velit sint. Est veniam, incididunt velit sint ad consectetur. Velit sint ad consectetur.<\/p>\n<p>Deserunt anim do non aliqua. Do non aliqua ullamco fugiat nisi. Aliqua ullamco fugiat nisi nisi ut qui. Fugiat, nisi nisi ut qui nisi est veniam. Ut qui, nisi est veniam incididunt velit sint. Est veniam, incididunt velit sint ad consectetur. Velit sint ad consectetur. Ad consectetur laboris mollit ut aliquip. Laboris, mollit ut aliquip consectetur eiusmod. Aliquip consectetur eiusmod nulla, aliquip do.<\/p>\n<p>Anim do non aliqua ullamco fugiat nisi nisi. Non aliqua ullamco fugiat nisi nisi ut qui. Ullamco fugiat nisi nisi, ut. Nisi ut qui, nisi. Nisi est veniam, incididunt velit sint. Incididunt velit sint, ad consectetur.<\/p>\n<p>Do non aliqua ullamco fugiat nisi. Aliqua ullamco fugiat nisi nisi ut qui. Fugiat, nisi nisi ut qui nisi est veniam. Ut qui, nisi est veniam incididunt velit sint. Est veniam, incididunt velit sint ad consectetur. Velit sint ad consectetur. Ad consectetur laboris mollit ut aliquip. Laboris, mollit ut aliquip consectetur eiusmod. Aliquip consectetur eiusmod nulla, aliquip do.<\/p>\n<p>Non aliqua ullamco fugiat nisi nisi ut qui. Ullamco fugiat nisi nisi, ut. Nisi ut qui, nisi. Nisi est veniam, incididunt velit sint. Incididunt velit sint, ad consectetur. Ad consectetur laboris mollit ut aliquip. Laboris, mollit ut aliquip consectetur eiusmod.<\/p>\n<p>Aliqua ullamco fugiat nisi nisi ut qui. Fugiat, nisi nisi ut qui nisi est veniam. Ut qui, nisi est veniam incididunt velit sint. Est veniam, incididunt velit sint ad consectetur. Velit sint ad consectetur. Ad consectetur laboris mollit ut aliquip. Laboris, mollit ut aliquip consectetur eiusmod.<\/p>\n<p>Ullamco fugiat nisi nisi, ut. Nisi ut qui, nisi. Nisi est veniam, incididunt velit sint. Incididunt velit sint, ad consectetur. Ad consectetur laboris mollit ut aliquip. Laboris, mollit ut aliquip consectetur eiusmod. Aliquip consectetur eiusmod nulla, aliquip do. Nulla, aliquip do laboris magna non sint. Laboris magna non sint ullamco exercitation incididunt qui.[\/vc_column_text][\/vc_column][\/vc_row]<\/p>\n<\/section>","protected":false},"excerpt":{"rendered":"<p>[vc_row][vc_column css=&#8221;.vc_custom_1710937308301{margin-top: 300px !important;}&#8221;][vc_column_text]I am text block. Click edit button to change this text. Lorem ipsum dolor sit amet, consectetur [&hellip;]<\/p>\n","protected":false},"author":21,"featured_media":0,"parent":0,"menu_order":0,"comment_status":"closed","ping_status":"closed","template":"","meta":{"footnotes":""},"acf":[],"yoast_head":"<!-- This site is optimized with the Yoast SEO Premium plugin v20.5 (Yoast SEO v20.5) - https:\/\/yoast.com\/wordpress\/plugins\/seo\/ -->\n<title>Menu Testseite - Striped Giraffe<\/title>\n<meta name=\"robots\" content=\"index, follow, max-snippet:-1, max-image-preview:large, max-video-preview:-1\" \/>\n<link rel=\"canonical\" href=\"https:\/\/www.striped-giraffe.com\/en\/menu-testseite\/\" \/>\n<meta property=\"og:locale\" content=\"en_US\" \/>\n<meta property=\"og:type\" content=\"article\" \/>\n<meta property=\"og:title\" content=\"Menu Testseite\" \/>\n<meta property=\"og:description\" content=\"[vc_row][vc_column css=&#8221;.vc_custom_1710937308301{margin-top: 300px !important;}&#8221;][vc_column_text]I am text block. Click edit button to change this text. Lorem ipsum dolor sit amet, consectetur [&hellip;]\" \/>\n<meta property=\"og:url\" content=\"https:\/\/www.striped-giraffe.com\/en\/menu-testseite\/\" \/>\n<meta property=\"og:site_name\" content=\"Striped Giraffe\" \/>\n<meta name=\"twitter:card\" content=\"summary_large_image\" \/>\n<meta name=\"twitter:label1\" content=\"Est. reading time\" \/>\n\t<meta name=\"twitter:data1\" content=\"6 minutes\" \/>\n<script type=\"application\/ld+json\" class=\"yoast-schema-graph\">{\"@context\":\"https:\/\/schema.org\",\"@graph\":[{\"@type\":\"WebPage\",\"@id\":\"https:\/\/www.striped-giraffe.com\/en\/menu-testseite\/\",\"url\":\"https:\/\/www.striped-giraffe.com\/en\/menu-testseite\/\",\"name\":\"Menu Testseite - Striped Giraffe\",\"isPartOf\":{\"@id\":\"https:\/\/www.striped-giraffe.com\/de\/#website\"},\"datePublished\":\"2024-10-01T12:05:26+00:00\",\"dateModified\":\"2024-10-01T12:05:26+00:00\",\"inLanguage\":\"en-US\",\"potentialAction\":[{\"@type\":\"ReadAction\",\"target\":[\"https:\/\/www.striped-giraffe.com\/en\/menu-testseite\/\"]}]},{\"@type\":\"WebSite\",\"@id\":\"https:\/\/www.striped-giraffe.com\/de\/#website\",\"url\":\"https:\/\/www.striped-giraffe.com\/de\/\",\"name\":\"Striped Giraffe\",\"description\":\"Ihr zuverl\u00e4ssiger Anbieter f\u00fcr digitale Enterprise-L\u00f6sungen\",\"publisher\":{\"@id\":\"https:\/\/www.striped-giraffe.com\/de\/#organization\"},\"potentialAction\":[{\"@type\":\"SearchAction\",\"target\":{\"@type\":\"EntryPoint\",\"urlTemplate\":\"https:\/\/www.striped-giraffe.com\/de\/?s={search_term_string}\"},\"query-input\":\"required name=search_term_string\"}],\"inLanguage\":\"en-US\"},{\"@type\":\"Organization\",\"@id\":\"https:\/\/www.striped-giraffe.com\/de\/#organization\",\"name\":\"Striped Giraffe\",\"url\":\"https:\/\/www.striped-giraffe.com\/de\/\",\"logo\":{\"@type\":\"ImageObject\",\"inLanguage\":\"en-US\",\"@id\":\"https:\/\/www.striped-giraffe.com\/de\/#\/schema\/logo\/image\/\",\"url\":\"https:\/\/www.striped-giraffe.com\/wp-content\/uploads\/2021\/01\/giraffe_white.svg\",\"contentUrl\":\"https:\/\/www.striped-giraffe.com\/wp-content\/uploads\/2021\/01\/giraffe_white.svg\",\"caption\":\"Striped Giraffe\"},\"image\":{\"@id\":\"https:\/\/www.striped-giraffe.com\/de\/#\/schema\/logo\/image\/\"}}]}<\/script>\n<!-- \/ Yoast SEO Premium plugin. -->","yoast_head_json":{"title":"Menu Testseite - Striped Giraffe","robots":{"index":"index","follow":"follow","max-snippet":"max-snippet:-1","max-image-preview":"max-image-preview:large","max-video-preview":"max-video-preview:-1"},"canonical":"https:\/\/www.striped-giraffe.com\/en\/menu-testseite\/","og_locale":"en_US","og_type":"article","og_title":"Menu Testseite","og_description":"[vc_row][vc_column css=&#8221;.vc_custom_1710937308301{margin-top: 300px !important;}&#8221;][vc_column_text]I am text block. Click edit button to change this text. Lorem ipsum dolor sit amet, consectetur [&hellip;]","og_url":"https:\/\/www.striped-giraffe.com\/en\/menu-testseite\/","og_site_name":"Striped Giraffe","twitter_card":"summary_large_image","twitter_misc":{"Est. reading time":"6 minutes"},"schema":{"@context":"https:\/\/schema.org","@graph":[{"@type":"WebPage","@id":"https:\/\/www.striped-giraffe.com\/en\/menu-testseite\/","url":"https:\/\/www.striped-giraffe.com\/en\/menu-testseite\/","name":"Menu Testseite - Striped Giraffe","isPartOf":{"@id":"https:\/\/www.striped-giraffe.com\/de\/#website"},"datePublished":"2024-10-01T12:05:26+00:00","dateModified":"2024-10-01T12:05:26+00:00","inLanguage":"en-US","potentialAction":[{"@type":"ReadAction","target":["https:\/\/www.striped-giraffe.com\/en\/menu-testseite\/"]}]},{"@type":"WebSite","@id":"https:\/\/www.striped-giraffe.com\/de\/#website","url":"https:\/\/www.striped-giraffe.com\/de\/","name":"Striped Giraffe","description":"Ihr zuverl\u00e4ssiger Anbieter f\u00fcr digitale Enterprise-L\u00f6sungen","publisher":{"@id":"https:\/\/www.striped-giraffe.com\/de\/#organization"},"potentialAction":[{"@type":"SearchAction","target":{"@type":"EntryPoint","urlTemplate":"https:\/\/www.striped-giraffe.com\/de\/?s={search_term_string}"},"query-input":"required name=search_term_string"}],"inLanguage":"en-US"},{"@type":"Organization","@id":"https:\/\/www.striped-giraffe.com\/de\/#organization","name":"Striped Giraffe","url":"https:\/\/www.striped-giraffe.com\/de\/","logo":{"@type":"ImageObject","inLanguage":"en-US","@id":"https:\/\/www.striped-giraffe.com\/de\/#\/schema\/logo\/image\/","url":"https:\/\/www.striped-giraffe.com\/wp-content\/uploads\/2021\/01\/giraffe_white.svg","contentUrl":"https:\/\/www.striped-giraffe.com\/wp-content\/uploads\/2021\/01\/giraffe_white.svg","caption":"Striped Giraffe"},"image":{"@id":"https:\/\/www.striped-giraffe.com\/de\/#\/schema\/logo\/image\/"}}]}},"_links":{"self":[{"href":"https:\/\/www.striped-giraffe.com\/en\/wp-json\/wp\/v2\/pages\/37927"}],"collection":[{"href":"https:\/\/www.striped-giraffe.com\/en\/wp-json\/wp\/v2\/pages"}],"about":[{"href":"https:\/\/www.striped-giraffe.com\/en\/wp-json\/wp\/v2\/types\/page"}],"author":[{"embeddable":true,"href":"https:\/\/www.striped-giraffe.com\/en\/wp-json\/wp\/v2\/users\/21"}],"replies":[{"embeddable":true,"href":"https:\/\/www.striped-giraffe.com\/en\/wp-json\/wp\/v2\/comments?post=37927"}],"version-history":[{"count":1,"href":"https:\/\/www.striped-giraffe.com\/en\/wp-json\/wp\/v2\/pages\/37927\/revisions"}],"predecessor-version":[{"id":37928,"href":"https:\/\/www.striped-giraffe.com\/en\/wp-json\/wp\/v2\/pages\/37927\/revisions\/37928"}],"wp:attachment":[{"href":"https:\/\/www.striped-giraffe.com\/en\/wp-json\/wp\/v2\/media?parent=37927"}],"curies":[{"name":"wp","href":"https:\/\/api.w.org\/{rel}","templated":true}]}}