{"id":38408,"date":"2024-10-10T16:41:29","date_gmt":"2024-10-10T14:41:29","guid":{"rendered":"https:\/\/www.striped-giraffe.com\/data-processing\/"},"modified":"2025-03-17T09:07:56","modified_gmt":"2025-03-17T08:07:56","slug":"data-processing","status":"publish","type":"page","link":"https:\/\/www.striped-giraffe.com\/en\/technologies\/data-processing\/","title":{"rendered":"Data Processing"},"content":{"rendered":"<section class=\"wpb-content-wrapper\"><p>[vc_row full_width=&#8221;stretch_row&#8221; bg_type=&#8221;image&#8221; parallax_style=&#8221;vcpb-default&#8221; bg_image_new=&#8221;id^38046|url^https:\/\/www.striped-giraffe.com\/wp-content\/uploads\/2024\/10\/Header_Data_Processing.jpg|caption^Data Processing|alt^Data Processing|title^Data Integration in CRM: Interconnected Gears Concept|description^Data Processing<br \/>\nconnected workflows&#8221; css=&#8221;.vc_custom_1728893187593{padding-top: 200px !important;padding-bottom: 200px !important;background-position: center !important;background-repeat: no-repeat !important;background-size: cover !important;}&#8221;][vc_column][vc_column_text]<\/p>\n<h1><span style=\"color: #ef6c00;\">Data Processing<\/span><\/h1>\n<h1><\/h1>\n<p>[\/vc_column_text][\/vc_column][\/vc_row][vc_row gap=&#8221;35&#8243; el_class=&#8221;closetotop&#8221; css=&#8221;.vc_custom_1727357514292{padding-top: 50px !important;padding-bottom: 50px !important;background-color: #ffffff !important;}&#8221;][vc_column][vc_column_text]<\/p>\n<h2 class=\"headline_introduction\" style=\"text-align: center;\">Data is the heart of modern companies \u2013 but only intelligent data processing turns raw information into valuable knowledge.<\/h2>\n<p>[\/vc_column_text][\/vc_column][\/vc_row][vc_row gap=&#8221;35&#8243; css=&#8221;.vc_custom_1727365832572{margin-bottom: 50px !important;background-color: #ffffff !important;}&#8221;][vc_column width=&#8221;1\/3&#8243;][vc_column_text]<\/p>\n<h2 class=\"headline_superbig\">What we<br \/>\noffer<\/h2>\n<p>[\/vc_column_text][\/vc_column][vc_column width=&#8221;2\/3&#8243;][vc_column_text]We offer comprehensive solutions to efficiently process and analyze your data streams and make them available for informed decision-making. Our approach covers the entire data processing chain, from data modeling and ETL processes to orchestration and the integration of API and IoT systems.[\/vc_column_text][\/vc_column][\/vc_row][vc_row gap=&#8221;35&#8243; css=&#8221;.vc_custom_1728903751240{background-color: #ffffff !important;}&#8221;][vc_column width=&#8221;1\/3&#8243;][vc_column_text]<\/p>\n<h2 class=\"headline_superbig\">Our<br \/>\nTechnologies<\/h2>\n<p>[\/vc_column_text][\/vc_column][vc_column width=&#8221;2\/3&#8243;][vc_column_text]<\/p>\n<h2>Data Modeling<\/h2>\n<p>Structure and model your data for maximum efficiency and scalability. We can help you optimize your data landscape and make it available for <a href=\"https:\/\/www.striped-giraffe.com\/en\/expertise\/data-management\/business_intelligence\/\">analysis<\/a>.[\/vc_column_text][\/vc_column][\/vc_row][vc_row gap=&#8221;35&#8243; css=&#8221;.vc_custom_1728903728437{background-color: #ffffff !important;}&#8221;][vc_column width=&#8221;2\/6&#8243;][\/vc_column][vc_column width=&#8221;1\/6&#8243;][vc_single_image image=&#8221;38066&#8243; img_size=&#8221;medium&#8221; alignment=&#8221;center&#8221;][\/vc_column][vc_column width=&#8221;1\/6&#8243;][vc_single_image image=&#8221;38083&#8243; img_size=&#8221;medium&#8221; alignment=&#8221;center&#8221;][\/vc_column][vc_column width=&#8221;1\/6&#8243;][vc_single_image image=&#8221;38076&#8243; img_size=&#8221;medium&#8221; alignment=&#8221;center&#8221;][\/vc_column][vc_column width=&#8221;1\/6&#8243;][vc_single_image image=&#8221;38080&#8243; img_size=&#8221;medium&#8221; alignment=&#8221;center&#8221;][\/vc_column][\/vc_row][vc_row gap=&#8221;35&#8243; css=&#8221;.vc_custom_1728903736326{margin-bottom: 100px !important;background-color: #ffffff !important;}&#8221;][vc_column width=&#8221;2\/6&#8243;][\/vc_column][vc_column width=&#8221;1\/6&#8243;][vc_single_image image=&#8221;38089&#8243; img_size=&#8221;medium&#8221; alignment=&#8221;center&#8221;][\/vc_column][vc_column width=&#8221;1\/6&#8243;][vc_single_image image=&#8221;38092&#8243; img_size=&#8221;medium&#8221; alignment=&#8221;center&#8221;][\/vc_column][vc_column width=&#8221;1\/6&#8243;][vc_single_image image=&#8221;38086&#8243; img_size=&#8221;medium&#8221; alignment=&#8221;center&#8221;][\/vc_column][vc_column width=&#8221;1\/6&#8243;][\/vc_column][\/vc_row][vc_row][vc_column width=&#8221;1\/3&#8243;][\/vc_column][vc_column width=&#8221;2\/3&#8243;][vc_column_text]<\/p>\n<h2>ETL (Extract, Transform, Load)<\/h2>\n<p>With customized ETL processes, we ensure that your data is extracted securely and consistently from different sources, transformed, and loaded into your target systems. We guarantee high data quality and performance.[\/vc_column_text][\/vc_column][\/vc_row][vc_row gap=&#8221;35&#8243; css=&#8221;.vc_custom_1728903728437{background-color: #ffffff !important;}&#8221;][vc_column width=&#8221;2\/6&#8243;][\/vc_column][vc_column width=&#8221;1\/6&#8243;][vc_single_image image=&#8221;38098&#8243; img_size=&#8221;medium&#8221; alignment=&#8221;center&#8221;][\/vc_column][vc_column width=&#8221;1\/6&#8243;][vc_single_image image=&#8221;38100&#8243; img_size=&#8221;medium&#8221; alignment=&#8221;center&#8221;][\/vc_column][vc_column width=&#8221;1\/6&#8243;][vc_single_image image=&#8221;38104&#8243; img_size=&#8221;medium&#8221; alignment=&#8221;center&#8221;][\/vc_column][vc_column width=&#8221;1\/6&#8243;][vc_single_image image=&#8221;38107&#8243; img_size=&#8221;medium&#8221; alignment=&#8221;center&#8221;][\/vc_column][\/vc_row][vc_row gap=&#8221;35&#8243; css=&#8221;.vc_custom_1728903728437{background-color: #ffffff !important;}&#8221;][vc_column width=&#8221;2\/6&#8243;][\/vc_column][vc_column width=&#8221;1\/6&#8243;][vc_single_image image=&#8221;38118&#8243; img_size=&#8221;medium&#8221; alignment=&#8221;center&#8221;][\/vc_column][vc_column width=&#8221;1\/6&#8243;][vc_single_image image=&#8221;38115&#8243; img_size=&#8221;medium&#8221; alignment=&#8221;center&#8221;][\/vc_column][vc_column width=&#8221;1\/6&#8243;][vc_single_image image=&#8221;38110&#8243; img_size=&#8221;medium&#8221; alignment=&#8221;center&#8221;][\/vc_column][vc_column width=&#8221;1\/6&#8243;][vc_single_image image=&#8221;38123&#8243; img_size=&#8221;medium&#8221; alignment=&#8221;center&#8221;][\/vc_column][\/vc_row][vc_row gap=&#8221;35&#8243; css=&#8221;.vc_custom_1728921733345{margin-bottom: 100px !important;background-color: #ffffff !important;}&#8221;][vc_column width=&#8221;2\/6&#8243;][\/vc_column][vc_column width=&#8221;1\/6&#8243;][vc_single_image image=&#8221;38213&#8243; img_size=&#8221;medium&#8221; alignment=&#8221;center&#8221;][\/vc_column][vc_column width=&#8221;1\/6&#8243;][vc_single_image image=&#8221;38126&#8243; img_size=&#8221;medium&#8221; alignment=&#8221;center&#8221;][\/vc_column][vc_column width=&#8221;1\/6&#8243;][vc_single_image image=&#8221;38225&#8243; img_size=&#8221;medium&#8221; alignment=&#8221;center&#8221;][\/vc_column][vc_column width=&#8221;1\/6&#8243;][vc_single_image image=&#8221;38905&#8243; img_size=&#8221;medium&#8221; alignment=&#8221;center&#8221;][\/vc_column][\/vc_row][vc_row][vc_column width=&#8221;1\/3&#8243;][\/vc_column][vc_column width=&#8221;2\/3&#8243;][vc_column_text]<\/p>\n<h2>Orchestration<\/h2>\n<p>By integrating powerful orchestration tools, we ensure smooth, automated data processing that connects different workflows and systems.[\/vc_column_text][\/vc_column][\/vc_row][vc_row gap=&#8221;35&#8243; css=&#8221;.vc_custom_1729502067788{margin-bottom: 100px !important;background-color: #ffffff !important;}&#8221;][vc_column width=&#8221;2\/6&#8243;][\/vc_column][vc_column width=&#8221;1\/6&#8243;][vc_single_image image=&#8221;38228&#8243; img_size=&#8221;medium&#8221;][\/vc_column][vc_column width=&#8221;1\/6&#8243;][vc_single_image image=&#8221;38230&#8243; img_size=&#8221;medium&#8221;][\/vc_column][vc_column width=&#8221;1\/6&#8243;][\/vc_column][vc_column width=&#8221;1\/6&#8243;][\/vc_column][\/vc_row][vc_row][vc_column width=&#8221;1\/3&#8243;][\/vc_column][vc_column width=&#8221;2\/3&#8243;][vc_column_text]<\/p>\n<h2>API-Integration<\/h2>\n<p>Our API solutions enable data to be exchanged seamlessly between different applications and systems, thus efficiently connecting your digital infrastructure.[\/vc_column_text][\/vc_column][\/vc_row][vc_row gap=&#8221;35&#8243; css=&#8221;.vc_custom_1729502491456{margin-bottom: 100px !important;background-color: #ffffff !important;}&#8221;][vc_column width=&#8221;2\/6&#8243;][\/vc_column][vc_column width=&#8221;1\/6&#8243;][vc_single_image image=&#8221;38234&#8243; img_size=&#8221;medium&#8221;][\/vc_column][vc_column width=&#8221;1\/6&#8243;][vc_single_image image=&#8221;38236&#8243; img_size=&#8221;medium&#8221;][\/vc_column][vc_column width=&#8221;1\/6&#8243;][\/vc_column][vc_column width=&#8221;1\/6&#8243;][\/vc_column][\/vc_row][vc_row][vc_column width=&#8221;1\/3&#8243;][\/vc_column][vc_column width=&#8221;2\/3&#8243;][vc_column_text]<\/p>\n<h2>IoT Data processing<\/h2>\n<p>In an increasingly connected world, data from Internet of Things (IoT) systems is gaining in importance. We offer customized solutions to collect data from IoT devices, process it, and make it accessible to your applications in real-time.[\/vc_column_text][\/vc_column][\/vc_row][vc_row gap=&#8221;35&#8243; css=&#8221;.vc_custom_1729503493525{margin-bottom: 50px !important;background-color: #ffffff !important;}&#8221;][vc_column width=&#8221;2\/6&#8243;][\/vc_column][vc_column width=&#8221;1\/6&#8243;][vc_single_image image=&#8221;38239&#8243; img_size=&#8221;medium&#8221;][\/vc_column][vc_column width=&#8221;1\/6&#8243;][vc_single_image image=&#8221;38241&#8243; img_size=&#8221;medium&#8221;][\/vc_column][vc_column width=&#8221;1\/6&#8243;][\/vc_column][vc_column width=&#8221;1\/6&#8243;][\/vc_column][\/vc_row][vc_row full_width=&#8221;stretch_row&#8221; gap=&#8221;35&#8243; bg_type=&#8221;bg_color&#8221; css=&#8221;.vc_custom_1729503505109{margin-bottom: 50px !important;padding-top: 50px !important;padding-bottom: 50px !important;background-color: #ffffff !important;}&#8221; bg_color_value=&#8221;#000000&#8243;][vc_column width=&#8221;1\/3&#8243;][\/vc_column][vc_column width=&#8221;2\/3&#8243;][vc_column_text]<span style=\"color: #ffffff;\">Our data processing solutions ensure that your data is not only available but can also be used optimally \u2013 for a real competitive advantage in the digital economy.<\/span><\/p>\n<p><span style=\"color: #ffffff;\">Can&#8217;t find your solution? Contact us and we will work with you to determine who from our company or our network of experts can help you.<\/span>[\/vc_column_text][\/vc_column][\/vc_row][vc_row full_width=&#8221;stretch_row&#8221; css=&#8221;.vc_custom_1705587310854{margin-bottom: 50px !important;}&#8221;][vc_column][vc_row_inner][vc_column_inner width=&#8221;1\/3&#8243;][vc_column_text]<\/p>\n<h2 class=\"headline_superbig\">Let&#8217;s talk<\/h2>\n<p>[\/vc_column_text][\/vc_column_inner][vc_column_inner width=&#8221;2\/3&#8243;][vc_column_text]<\/p>\n<h3>Do you need a <strong>specific\u00a0offer<\/strong> or a <strong>sparring partner <\/strong>to discuss ideas?<\/h3>\n<h3>Just contact us:<\/h3>\n<ul>\n<li><a href=\"mailto:experts@striped-giraffe.com\">experts@striped-giraffe.com<\/a><\/li>\n<li><span style=\"color: #ef6c00;\">+49 (0)89-416 126-667<\/span><\/li>\n<\/ul>\n<p>[\/vc_column_text]<a class=\"calendly\" href=\"\" onclick=\"Calendly.initPopupWidget({url: 'https:\/\/calendly.com\/striped-giraffe\/30min'});return false;\">Or book a meeting<\/a>[vc_column_text css=&#8221;.vc_custom_1705587124145{margin-top: 32px !important;}&#8221;]<\/p>\n<h3>We will be happy to support you.<\/h3>\n<p>[\/vc_column_text][\/vc_column_inner][\/vc_row_inner][\/vc_column][\/vc_row][vc_row][vc_column][vc_empty_space height=&#8221;100px&#8221;][\/vc_column][\/vc_row]<\/p>\n<\/section>","protected":false},"excerpt":{"rendered":"<p>[vc_row full_width=&#8221;stretch_row&#8221; bg_type=&#8221;image&#8221; parallax_style=&#8221;vcpb-default&#8221; bg_image_new=&#8221;id^38046|url^https:\/\/www.striped-giraffe.com\/wp-content\/uploads\/2024\/10\/Header_Data_Processing.jpg|caption^Data Processing|alt^Data Processing|title^Data Integration in CRM: Interconnected Gears Concept|description^Data Processing connected workflows&#8221; css=&#8221;.vc_custom_1728893187593{padding-top: 200px !important;padding-bottom: 200px [&hellip;]<\/p>\n","protected":false},"author":2,"featured_media":38047,"parent":38537,"menu_order":0,"comment_status":"closed","ping_status":"closed","template":"","meta":{"footnotes":""},"acf":[],"yoast_head":"<!-- This site is optimized with the Yoast SEO Premium plugin v20.5 (Yoast SEO v20.5) - https:\/\/yoast.com\/wordpress\/plugins\/seo\/ -->\n<title>Data Processing - Striped Giraffe<\/title>\n<meta name=\"description\" content=\"Our approach to data processing covers the entire data processing chain, from data modeling to the integration of API and IoT systems.\" \/>\n<meta name=\"robots\" content=\"index, follow, max-snippet:-1, max-image-preview:large, max-video-preview:-1\" \/>\n<link rel=\"canonical\" href=\"https:\/\/www.striped-giraffe.com\/en\/technologies\/data-processing\/\" \/>\n<meta property=\"og:locale\" content=\"en_US\" \/>\n<meta property=\"og:type\" content=\"article\" \/>\n<meta property=\"og:title\" content=\"Data Processing\" \/>\n<meta property=\"og:description\" content=\"Our approach to data processing covers the entire data processing chain, from data modeling to the integration of API and IoT systems.\" \/>\n<meta property=\"og:url\" content=\"https:\/\/www.striped-giraffe.com\/en\/technologies\/data-processing\/\" \/>\n<meta property=\"og:site_name\" content=\"Striped Giraffe\" \/>\n<meta property=\"article:modified_time\" content=\"2025-03-17T08:07:56+00:00\" \/>\n<meta property=\"og:image\" content=\"https:\/\/www.striped-giraffe.com\/wp-content\/uploads\/2024\/10\/Header_Data_Processing.jpg\" \/>\n\t<meta property=\"og:image:width\" content=\"1400\" \/>\n\t<meta property=\"og:image:height\" content=\"900\" \/>\n\t<meta property=\"og:image:type\" content=\"image\/jpeg\" \/>\n<meta name=\"twitter:card\" content=\"summary_large_image\" \/>\n<meta name=\"twitter:label1\" content=\"Est. reading time\" \/>\n\t<meta name=\"twitter:data1\" content=\"3 minutes\" \/>\n<script type=\"application\/ld+json\" class=\"yoast-schema-graph\">{\"@context\":\"https:\/\/schema.org\",\"@graph\":[{\"@type\":\"WebPage\",\"@id\":\"https:\/\/www.striped-giraffe.com\/en\/technologies\/data-processing\/\",\"url\":\"https:\/\/www.striped-giraffe.com\/en\/technologies\/data-processing\/\",\"name\":\"Data Processing - Striped Giraffe\",\"isPartOf\":{\"@id\":\"https:\/\/www.striped-giraffe.com\/de\/#website\"},\"datePublished\":\"2024-10-10T14:41:29+00:00\",\"dateModified\":\"2025-03-17T08:07:56+00:00\",\"description\":\"Our approach to data processing covers the entire data processing chain, from data modeling to the integration of API and IoT systems.\",\"breadcrumb\":{\"@id\":\"https:\/\/www.striped-giraffe.com\/en\/technologies\/data-processing\/#breadcrumb\"},\"inLanguage\":\"en-US\",\"potentialAction\":[{\"@type\":\"ReadAction\",\"target\":[\"https:\/\/www.striped-giraffe.com\/en\/technologies\/data-processing\/\"]}]},{\"@type\":\"BreadcrumbList\",\"@id\":\"https:\/\/www.striped-giraffe.com\/en\/technologies\/data-processing\/#breadcrumb\",\"itemListElement\":[{\"@type\":\"ListItem\",\"position\":1,\"name\":\"Technologies\",\"item\":\"https:\/\/www.striped-giraffe.com\/en\/technologies\/\"},{\"@type\":\"ListItem\",\"position\":2,\"name\":\"Data Processing\"}]},{\"@type\":\"WebSite\",\"@id\":\"https:\/\/www.striped-giraffe.com\/de\/#website\",\"url\":\"https:\/\/www.striped-giraffe.com\/de\/\",\"name\":\"Striped Giraffe\",\"description\":\"Ihr zuverl\u00e4ssiger Anbieter f\u00fcr digitale Enterprise-L\u00f6sungen\",\"publisher\":{\"@id\":\"https:\/\/www.striped-giraffe.com\/de\/#organization\"},\"potentialAction\":[{\"@type\":\"SearchAction\",\"target\":{\"@type\":\"EntryPoint\",\"urlTemplate\":\"https:\/\/www.striped-giraffe.com\/de\/?s={search_term_string}\"},\"query-input\":\"required name=search_term_string\"}],\"inLanguage\":\"en-US\"},{\"@type\":\"Organization\",\"@id\":\"https:\/\/www.striped-giraffe.com\/de\/#organization\",\"name\":\"Striped Giraffe\",\"url\":\"https:\/\/www.striped-giraffe.com\/de\/\",\"logo\":{\"@type\":\"ImageObject\",\"inLanguage\":\"en-US\",\"@id\":\"https:\/\/www.striped-giraffe.com\/de\/#\/schema\/logo\/image\/\",\"url\":\"https:\/\/www.striped-giraffe.com\/wp-content\/uploads\/2021\/01\/giraffe_white.svg\",\"contentUrl\":\"https:\/\/www.striped-giraffe.com\/wp-content\/uploads\/2021\/01\/giraffe_white.svg\",\"caption\":\"Striped Giraffe\"},\"image\":{\"@id\":\"https:\/\/www.striped-giraffe.com\/de\/#\/schema\/logo\/image\/\"}}]}<\/script>\n<!-- \/ Yoast SEO Premium plugin. -->","yoast_head_json":{"title":"Data Processing - Striped Giraffe","description":"Our approach to data processing covers the entire data processing chain, from data modeling to the integration of API and IoT systems.","robots":{"index":"index","follow":"follow","max-snippet":"max-snippet:-1","max-image-preview":"max-image-preview:large","max-video-preview":"max-video-preview:-1"},"canonical":"https:\/\/www.striped-giraffe.com\/en\/technologies\/data-processing\/","og_locale":"en_US","og_type":"article","og_title":"Data Processing","og_description":"Our approach to data processing covers the entire data processing chain, from data modeling to the integration of API and IoT systems.","og_url":"https:\/\/www.striped-giraffe.com\/en\/technologies\/data-processing\/","og_site_name":"Striped Giraffe","article_modified_time":"2025-03-17T08:07:56+00:00","og_image":[{"width":1400,"height":900,"url":"https:\/\/www.striped-giraffe.com\/wp-content\/uploads\/2024\/10\/Header_Data_Processing.jpg","type":"image\/jpeg"}],"twitter_card":"summary_large_image","twitter_misc":{"Est. reading time":"3 minutes"},"schema":{"@context":"https:\/\/schema.org","@graph":[{"@type":"WebPage","@id":"https:\/\/www.striped-giraffe.com\/en\/technologies\/data-processing\/","url":"https:\/\/www.striped-giraffe.com\/en\/technologies\/data-processing\/","name":"Data Processing - Striped Giraffe","isPartOf":{"@id":"https:\/\/www.striped-giraffe.com\/de\/#website"},"datePublished":"2024-10-10T14:41:29+00:00","dateModified":"2025-03-17T08:07:56+00:00","description":"Our approach to data processing covers the entire data processing chain, from data modeling to the integration of API and IoT systems.","breadcrumb":{"@id":"https:\/\/www.striped-giraffe.com\/en\/technologies\/data-processing\/#breadcrumb"},"inLanguage":"en-US","potentialAction":[{"@type":"ReadAction","target":["https:\/\/www.striped-giraffe.com\/en\/technologies\/data-processing\/"]}]},{"@type":"BreadcrumbList","@id":"https:\/\/www.striped-giraffe.com\/en\/technologies\/data-processing\/#breadcrumb","itemListElement":[{"@type":"ListItem","position":1,"name":"Technologies","item":"https:\/\/www.striped-giraffe.com\/en\/technologies\/"},{"@type":"ListItem","position":2,"name":"Data Processing"}]},{"@type":"WebSite","@id":"https:\/\/www.striped-giraffe.com\/de\/#website","url":"https:\/\/www.striped-giraffe.com\/de\/","name":"Striped Giraffe","description":"Ihr zuverl\u00e4ssiger Anbieter f\u00fcr digitale Enterprise-L\u00f6sungen","publisher":{"@id":"https:\/\/www.striped-giraffe.com\/de\/#organization"},"potentialAction":[{"@type":"SearchAction","target":{"@type":"EntryPoint","urlTemplate":"https:\/\/www.striped-giraffe.com\/de\/?s={search_term_string}"},"query-input":"required name=search_term_string"}],"inLanguage":"en-US"},{"@type":"Organization","@id":"https:\/\/www.striped-giraffe.com\/de\/#organization","name":"Striped Giraffe","url":"https:\/\/www.striped-giraffe.com\/de\/","logo":{"@type":"ImageObject","inLanguage":"en-US","@id":"https:\/\/www.striped-giraffe.com\/de\/#\/schema\/logo\/image\/","url":"https:\/\/www.striped-giraffe.com\/wp-content\/uploads\/2021\/01\/giraffe_white.svg","contentUrl":"https:\/\/www.striped-giraffe.com\/wp-content\/uploads\/2021\/01\/giraffe_white.svg","caption":"Striped Giraffe"},"image":{"@id":"https:\/\/www.striped-giraffe.com\/de\/#\/schema\/logo\/image\/"}}]}},"_links":{"self":[{"href":"https:\/\/www.striped-giraffe.com\/en\/wp-json\/wp\/v2\/pages\/38408"}],"collection":[{"href":"https:\/\/www.striped-giraffe.com\/en\/wp-json\/wp\/v2\/pages"}],"about":[{"href":"https:\/\/www.striped-giraffe.com\/en\/wp-json\/wp\/v2\/types\/page"}],"author":[{"embeddable":true,"href":"https:\/\/www.striped-giraffe.com\/en\/wp-json\/wp\/v2\/users\/2"}],"replies":[{"embeddable":true,"href":"https:\/\/www.striped-giraffe.com\/en\/wp-json\/wp\/v2\/comments?post=38408"}],"version-history":[{"count":5,"href":"https:\/\/www.striped-giraffe.com\/en\/wp-json\/wp\/v2\/pages\/38408\/revisions"}],"predecessor-version":[{"id":39586,"href":"https:\/\/www.striped-giraffe.com\/en\/wp-json\/wp\/v2\/pages\/38408\/revisions\/39586"}],"up":[{"embeddable":true,"href":"https:\/\/www.striped-giraffe.com\/en\/wp-json\/wp\/v2\/pages\/38537"}],"wp:featuredmedia":[{"embeddable":true,"href":"https:\/\/www.striped-giraffe.com\/en\/wp-json\/wp\/v2\/media\/38047"}],"wp:attachment":[{"href":"https:\/\/www.striped-giraffe.com\/en\/wp-json\/wp\/v2\/media?parent=38408"}],"curies":[{"name":"wp","href":"https:\/\/api.w.org\/{rel}","templated":true}]}}