{"id":38525,"date":"2024-11-07T09:04:17","date_gmt":"2024-11-07T08:04:17","guid":{"rendered":"https:\/\/www.striped-giraffe.com\/expertise\/integration\/"},"modified":"2024-12-02T14:04:55","modified_gmt":"2024-12-02T13:04:55","slug":"integration","status":"publish","type":"page","link":"https:\/\/www.striped-giraffe.com\/en\/expertise\/data-management\/integration\/","title":{"rendered":"Integration"},"content":{"rendered":"<section class=\"wpb-content-wrapper\"><p>[vc_row full_width=&#8221;stretch_row&#8221; full_height=&#8221;yes&#8221; bg_type=&#8221;image&#8221; parallax_style=&#8221;vcpb-default&#8221; bg_image_new=&#8221;id^38520|url^https:\/\/www.striped-giraffe.com\/wp-content\/uploads\/2024\/11\/Header_Expertise_Integration.jpg|caption^data integration|alt^data integration|title^data integration|description^data integration&#8221; css=&#8221;.vc_custom_1730967996341{margin-bottom: 50px !important;}&#8221;][vc_column][vc_column_text]<\/p>\n<h1><span style=\"color: #ffffff;\">Integration<\/span><\/h1>\n<p>[\/vc_column_text][\/vc_column][\/vc_row][vc_row bg_type=&#8221;bg_color&#8221; el_class=&#8221;closetotop&#8221; bg_color_value=&#8221;#ffffff&#8221; css=&#8221;.vc_custom_1698932693077{padding-top: 50px !important;padding-bottom: 50px !important;}&#8221;][vc_column][vc_column_text]<\/p>\n<h2 class=\"headline_introduction\" style=\"text-align: center;\">In today&#8217;s interconnected business world, seamless integration of your systems and efficient data flows are essential.<\/h2>\n<p>[\/vc_column_text][\/vc_column][\/vc_row][vc_row gap=&#8221;35&#8243; css=&#8221;.vc_custom_1694428222887{margin-bottom: 50px !important;}&#8221;][vc_column width=&#8221;1\/3&#8243;][vc_column_text]<\/p>\n<h2 class=\"headline_superbig\">Data<br \/>\nIntegration<\/h2>\n<p>[\/vc_column_text][\/vc_column][vc_column width=&#8221;2\/3&#8243;][vc_column_text]For our customers, a data journey usually begins with a reliable and, at the same time, highly agile data integration. The biggest challenge here is that many companies still keep their data in silos. These have usually grown over time. The major disadvantage of such data silos is that they prevent a holistic view of the data. As a result, many companies have no idea what data they actually have, or find it difficult or impossible to recognize important connections.<\/p>\n<p>A solid data integration solves this problem.[\/vc_column_text][\/vc_column][\/vc_row][vc_row full_width=&#8221;stretch_row&#8221; gap=&#8221;35&#8243; css=&#8221;.vc_custom_1730968214488{margin-bottom: 50px !important;padding-top: 50px !important;padding-bottom: 50px !important;}&#8221;][vc_column width=&#8221;1\/3&#8243;][\/vc_column][vc_column width=&#8221;2\/3&#8243;][vc_column_text]<\/p>\n<blockquote>\n<p style=\"text-align: center;\">Data integration is now faster and more cost-effective than ever \u2013 eliminating data silos and enabling informed decisions in real-time.<\/p>\n<\/blockquote>\n<p style=\"text-align: center;\"><strong>Martina Deffner<\/strong>, CEO at Striped Giraffe<\/p>\n<p>[\/vc_column_text][\/vc_column][\/vc_row][vc_row gap=&#8221;35&#8243; css=&#8221;.vc_custom_1730969561381{margin-bottom: 50px !important;}&#8221;][vc_column width=&#8221;1\/3&#8243;][vc_column_text]<\/p>\n<h2 class=\"headline_superbig\">API<\/h2>\n<p>[\/vc_column_text][\/vc_column][vc_column width=&#8221;2\/3&#8243;][vc_column_text]We develop and integrate custom APIs that enable your systems to communicate seamlessly with each other and access data securely. With our API gateways, we ensure that all API calls are controlled and monitored to maximize performance and security.[\/vc_column_text][\/vc_column][\/vc_row][vc_row gap=&#8221;35&#8243; css=&#8221;.vc_custom_1728295521525{margin-bottom: 50px !important;}&#8221;][vc_column width=&#8221;1\/3&#8243;][vc_column_text]<\/p>\n<h2 class=\"headline_superbig\">Integration<br \/>\nplatforms<\/h2>\n<p>[\/vc_column_text][\/vc_column][vc_column width=&#8221;2\/3&#8243;][vc_column_text]<span style=\"font-family: 'DIN Pro';\">Enterprises are increasingly dealing with various digital transformation initiatives in parallel. Traditional methods of using legacy data integration solutions may not be adaptable enough to meet the demands of connecting multiple endpoints hosted on-premises or in the cloud.<\/span><\/p>\n<p><span style=\"font-family: 'DIN Pro';\">We implement leading integration platforms (iPaaS) to provide you with a centralized solution for managing all your data flows. Our experts optimize the flow of data between your cloud and on-premise applications to ensure a flexible and scalable architecture.<\/span><\/p>\n<p><span style=\"font-family: 'DIN Pro';\">We maintain various partnerships with best-in-class software providers and can therefore draw on extensive expertise in world-leading enterprise solutions to provide you with a holistic view of your data landscape today and in the future.<\/span><\/p>\n<p><span style=\"font-family: 'DIN Pro';\">Here, too, we act independently of software manufacturers and are happy to take unconventional approaches, for example by combining tools from different manufacturers to ensure maximum customer benefit and a seamless user experience.<\/span>[\/vc_column_text][\/vc_column][\/vc_row][vc_row gap=&#8221;35&#8243; css=&#8221;.vc_custom_1728295521525{margin-bottom: 50px !important;}&#8221;][vc_column width=&#8221;1\/3&#8243;][vc_column_text]<\/p>\n<h2 class=\"headline_superbig\">ETL<br \/>\nprocesses<\/h2>\n<p>[\/vc_column_text][\/vc_column][vc_column width=&#8221;2\/3&#8243;][vc_column_text]Based on good data integration, many further steps are possible that offer you a variety of competitive advantages.<\/p>\n<p>The data integration process is not just the process of extracting, transforming and loading (ETL) data from various sources into the legacy data warehouse. Data integration is a complex of different technologies in which the ETL process plays the key role. Nowadays, it includes a variety of functions such as profiling, cleansing, standardizing, validating, enriching, deduplicating and consolidating data, processing big data, and also helps to manage data.<\/p>\n<p>Furthermore, it is crucial that the data meets predefined data quality standards. The entire process of integrating data, enriched with advanced data quality functionalities, plays a key role in creating a reliable, single source of truth.<\/p>\n<p>Properly integrated data that meets the relevant quality standards enables complex analyses using <a href=\"https:\/\/www.striped-giraffe.com\/en\/expertise\/data-management\/business_intelligence\/\">BI solutions<\/a>. In addition, it opens up completely new possibilities in the area of 360\u00b0 views of different data objects, such as products or customers.[\/vc_column_text][\/vc_column][\/vc_row][vc_row full_width=&#8221;stretch_row&#8221; gap=&#8221;35&#8243; bg_type=&#8221;bg_color&#8221; css=&#8221;.vc_custom_1730968514599{margin-bottom: 50px !important;padding-top: 50px !important;padding-bottom: 50px !important;}&#8221; bg_color_value=&#8221;#000000&#8243;][vc_column width=&#8221;1\/3&#8243;][\/vc_column][vc_column width=&#8221;2\/3&#8243;][vc_column_text]<\/p>\n<h3><span style=\"color: #ffffff;\">Together with our colleagues from the <a style=\"color: #ffffff;\" href=\"https:\/\/www.striped-giraffe.com\/en\/expertise\/e-commerce\/\">e-commerce<\/a> sector, we can support you throughout the entire data life cycle.<\/span><\/h3>\n<p>[\/vc_column_text][\/vc_column][\/vc_row][vc_row full_width=&#8221;stretch_row&#8221; css=&#8221;.vc_custom_1705587310854{margin-bottom: 50px !important;}&#8221;][vc_column][vc_row_inner][vc_column_inner width=&#8221;1\/3&#8243;][vc_column_text]<\/p>\n<h2 class=\"headline_superbig\">Let&#8217;s talk<\/h2>\n<p>[\/vc_column_text][\/vc_column_inner][vc_column_inner width=&#8221;2\/3&#8243;][vc_column_text]<\/p>\n<h3>Do you need a <strong>specific\u00a0offer<\/strong> or a <strong>sparring partner <\/strong>to discuss ideas?<\/h3>\n<h3>Just contact us:<\/h3>\n<ul>\n<li><a href=\"mailto:experts@striped-giraffe.com\">experts@striped-giraffe.com<\/a><\/li>\n<li><span style=\"color: #ef6c00;\">+49 (0)89-416 126-667<\/span><\/li>\n<\/ul>\n<p>[\/vc_column_text]<a class=\"calendly\" href=\"\" onclick=\"Calendly.initPopupWidget({url: 'https:\/\/calendly.com\/striped-giraffe\/30min'});return false;\">Or book a meeting<\/a>[vc_column_text css=&#8221;.vc_custom_1705587124145{margin-top: 32px !important;}&#8221;]<\/p>\n<h3>We will be happy to support you.<\/h3>\n<p>[\/vc_column_text][\/vc_column_inner][\/vc_row_inner][\/vc_column][\/vc_row][vc_row full_width=&#8221;stretch_row&#8221; gap=&#8221;35&#8243; bg_type=&#8221;bg_color&#8221; css=&#8221;.vc_custom_1731503845538{margin-top: 0px !important;margin-bottom: 0px !important;padding-top: 100px !important;padding-bottom: 50px !important;}&#8221; bg_color_value=&#8221;#000000&#8243;][vc_column][vc_row_inner][vc_column_inner width=&#8221;1\/3&#8243; css=&#8221;.vc_custom_1610013762619{padding-right: 25px !important;}&#8221;][vc_column_text]<\/p>\n<h2><span style=\"color: #ef6c00;\">WE CREATE ADDED VALUE<\/span> <span style=\"color: #ffffff;\">FOR OUR\u00a0 CUSTOMERS.<\/span><\/h2>\n<p><span style=\"color: #ffffff;\">This leads to a long-term cooperation with our customers, which we appreciate very much. You can find even more e-books, case studies, and co. in our <a style=\"color: #ffffff;\" href=\"https:\/\/www.striped-giraffe.com\/en\/insights\/\">Insights<\/a>.<\/span>[\/vc_column_text][\/vc_column_inner][vc_column_inner width=&#8221;1\/3&#8243;]<div class=\"templatera_shortcode\"><div class=\"vc_row wpb_row vc_row-fluid\"><div class=\"wpb_column vc_column_container vc_col-sm-12\"><div class=\"vc_column-inner\"><div class=\"wpb_wrapper\"><div id='' class='teaserbox  overlay'><div class='teaserbox_inner'><div class='teaserheadline'><h3 style='text-transform:uppercase;color:#ef6c00;font-family:DinWebPro Bold;'>News from our blog<\/h3><h2 style='text-transform:none;color:#ffffff;'>Data sharing \u2014 Challenges and Opportunities<\/h2><\/div><div class='teasertext'><div class='wpb_wrapper'>It is predicted that the ability to exchange data within value creation networks will be one of the key factors for the growth and success of companies.<\/div><\/div><div class='teaserlink'><a href='https:\/\/www.striped-giraffe.com\/en\/blog\/data-sharing-challenges-and-opportunities\/' style='color:#ffffff;'>Read more<\/a><\/div><div class='wpb_single_image desktop_only'><img src='https:\/\/www.striped-giraffe.com\/wp-content\/uploads\/2024\/03\/Teaser_blog_Data_Sharing.jpg' \/><\/div><div class='wpb_single_image mobile_only'><img src='https:\/\/www.striped-giraffe.com\/wp-content\/uploads\/2024\/03\/Teaser_blog_Data_Sharing-600x700.jpg' \/><\/div><\/div><\/div><\/div><\/div><\/div><\/div><\/div>[\/vc_column_inner][vc_column_inner width=&#8221;1\/3&#8243;]<div class=\"templatera_shortcode\"><div class=\"vc_row wpb_row vc_row-fluid\"><div class=\"wpb_column vc_column_container vc_col-sm-12\"><div class=\"vc_column-inner\"><div class=\"wpb_wrapper\"><div id='' class='teaserbox  overlay'><div class='teaserbox_inner'><div class='teaserheadline'><h3 style='text-transform:uppercase;color:#ffffff;font-family:DinWebPro Bold;'>IT Report<\/h3><h2 style='text-transform:none;color:#ef6c00;'>DIGITIZATION PROJECTS<\/h2><\/div><div class='teasertext'><div class='wpb_wrapper'>In order to achieve digital transformation, companies need to implement various digitalization projects. But how do you ensure that they are successful?<\/div><\/div><div class='teaserlink'><a href='https:\/\/www.striped-giraffe.com\/en\/it-report-digitization-projects\/' style='color:#ffffff;'>More details<\/a><\/div><div class='wpb_single_image desktop_only'><img src='https:\/\/www.striped-giraffe.com\/wp-content\/uploads\/2023\/11\/IT-Report-2023-600x960.jpg' \/><\/div><div class='wpb_single_image mobile_only'><img src='https:\/\/www.striped-giraffe.com\/wp-content\/uploads\/2023\/11\/IT-Report-2023-600x700.jpg' \/><\/div><\/div><\/div><\/div><\/div><\/div><\/div><\/div>[\/vc_column_inner][\/vc_row_inner][\/vc_column][\/vc_row][vc_row full_width=&#8221;stretch_row&#8221; css=&#8221;.vc_custom_1725457444029{margin-bottom: 0px !important;padding-top: 100px !important;padding-bottom: 100px !important;background-color: #000000 !important;}&#8221; el_id=&#8221;downloadsection&#8221;][vc_column el_class=&#8221;footerform&#8221;][vc_column_text]<\/p>\n<h3 style=\"text-align: center;\"><span style=\"color: #ef6c00;\">newsletter subscription<\/span><\/h3>\n<h2 class=\"headline_superbig\" style=\"color: #fff; text-align: center;\">Stay tuned!<\/h2>\n<p>[\/vc_column_text][vc_empty_space][vc_row_inner el_id=&#8221;wpcf7_form&#8221;][vc_column_inner][vc_column_text el_id=&#8221;acnews&#8221;]<div class='_form_144'><\/div><script type='text\/javascript' src='https:\/\/striped-giraffe.activehosted.com\/f\/embed.php?static=0&id=144&69D76B9AA2726&nostyles=0&preview=0'><\/script>[\/vc_column_text][\/vc_column_inner][\/vc_row_inner][\/vc_column][\/vc_row]<\/p>\n<\/section>","protected":false},"excerpt":{"rendered":"Integration In today's interconnected business world, seamless integration of your systems and efficient data flows are essential. Data Integration For [...]","protected":false},"author":2,"featured_media":0,"parent":19720,"menu_order":0,"comment_status":"closed","ping_status":"closed","template":"","meta":{"footnotes":""},"acf":[],"yoast_head":"<!-- This site is optimized with the Yoast SEO Premium plugin v20.5 (Yoast SEO v20.5) - https:\/\/yoast.com\/wordpress\/plugins\/seo\/ -->\n<title>Integration - Striped Giraffe<\/title>\n<meta name=\"description\" content=\"In today&#039;s interconnected business world, seamless integration of your systems and efficient data flows are essential.\" \/>\n<meta name=\"robots\" content=\"index, follow, max-snippet:-1, max-image-preview:large, max-video-preview:-1\" \/>\n<link rel=\"canonical\" href=\"https:\/\/www.striped-giraffe.com\/en\/expertise\/data-management\/integration\/\" \/>\n<meta property=\"og:locale\" content=\"en_US\" \/>\n<meta property=\"og:type\" content=\"article\" \/>\n<meta property=\"og:title\" content=\"Integration\" \/>\n<meta property=\"og:description\" content=\"In today&#039;s interconnected business world, seamless integration of your systems and efficient data flows are essential.\" \/>\n<meta property=\"og:url\" content=\"https:\/\/www.striped-giraffe.com\/en\/expertise\/data-management\/integration\/\" \/>\n<meta property=\"og:site_name\" content=\"Striped Giraffe\" \/>\n<meta property=\"article:modified_time\" content=\"2024-12-02T13:04:55+00:00\" \/>\n<meta name=\"twitter:card\" content=\"summary_large_image\" \/>\n<meta name=\"twitter:label1\" content=\"Est. reading time\" \/>\n\t<meta name=\"twitter:data1\" content=\"4 minutes\" \/>\n<script type=\"application\/ld+json\" class=\"yoast-schema-graph\">{\"@context\":\"https:\/\/schema.org\",\"@graph\":[{\"@type\":\"WebPage\",\"@id\":\"https:\/\/www.striped-giraffe.com\/en\/expertise\/data-management\/integration\/\",\"url\":\"https:\/\/www.striped-giraffe.com\/en\/expertise\/data-management\/integration\/\",\"name\":\"Integration - Striped Giraffe\",\"isPartOf\":{\"@id\":\"https:\/\/www.striped-giraffe.com\/de\/#website\"},\"datePublished\":\"2024-11-07T08:04:17+00:00\",\"dateModified\":\"2024-12-02T13:04:55+00:00\",\"description\":\"In today's interconnected business world, seamless integration of your systems and efficient data flows are essential.\",\"breadcrumb\":{\"@id\":\"https:\/\/www.striped-giraffe.com\/en\/expertise\/data-management\/integration\/#breadcrumb\"},\"inLanguage\":\"en-US\",\"potentialAction\":[{\"@type\":\"ReadAction\",\"target\":[\"https:\/\/www.striped-giraffe.com\/en\/expertise\/data-management\/integration\/\"]}]},{\"@type\":\"BreadcrumbList\",\"@id\":\"https:\/\/www.striped-giraffe.com\/en\/expertise\/data-management\/integration\/#breadcrumb\",\"itemListElement\":[{\"@type\":\"ListItem\",\"position\":1,\"name\":\"Expertise\",\"item\":\"https:\/\/www.striped-giraffe.com\/en\/expertise\/\"},{\"@type\":\"ListItem\",\"position\":2,\"name\":\"Data management\",\"item\":\"https:\/\/www.striped-giraffe.com\/en\/expertise\/data-management\/\"},{\"@type\":\"ListItem\",\"position\":3,\"name\":\"Integration\"}]},{\"@type\":\"WebSite\",\"@id\":\"https:\/\/www.striped-giraffe.com\/de\/#website\",\"url\":\"https:\/\/www.striped-giraffe.com\/de\/\",\"name\":\"Striped Giraffe\",\"description\":\"Ihr zuverl\u00e4ssiger Anbieter f\u00fcr digitale Enterprise-L\u00f6sungen\",\"publisher\":{\"@id\":\"https:\/\/www.striped-giraffe.com\/de\/#organization\"},\"potentialAction\":[{\"@type\":\"SearchAction\",\"target\":{\"@type\":\"EntryPoint\",\"urlTemplate\":\"https:\/\/www.striped-giraffe.com\/de\/?s={search_term_string}\"},\"query-input\":\"required name=search_term_string\"}],\"inLanguage\":\"en-US\"},{\"@type\":\"Organization\",\"@id\":\"https:\/\/www.striped-giraffe.com\/de\/#organization\",\"name\":\"Striped Giraffe\",\"url\":\"https:\/\/www.striped-giraffe.com\/de\/\",\"logo\":{\"@type\":\"ImageObject\",\"inLanguage\":\"en-US\",\"@id\":\"https:\/\/www.striped-giraffe.com\/de\/#\/schema\/logo\/image\/\",\"url\":\"https:\/\/www.striped-giraffe.com\/wp-content\/uploads\/2021\/01\/giraffe_white.svg\",\"contentUrl\":\"https:\/\/www.striped-giraffe.com\/wp-content\/uploads\/2021\/01\/giraffe_white.svg\",\"caption\":\"Striped Giraffe\"},\"image\":{\"@id\":\"https:\/\/www.striped-giraffe.com\/de\/#\/schema\/logo\/image\/\"}}]}<\/script>\n<!-- \/ Yoast SEO Premium plugin. -->","yoast_head_json":{"title":"Integration - Striped Giraffe","description":"In today's interconnected business world, seamless integration of your systems and efficient data flows are essential.","robots":{"index":"index","follow":"follow","max-snippet":"max-snippet:-1","max-image-preview":"max-image-preview:large","max-video-preview":"max-video-preview:-1"},"canonical":"https:\/\/www.striped-giraffe.com\/en\/expertise\/data-management\/integration\/","og_locale":"en_US","og_type":"article","og_title":"Integration","og_description":"In today's interconnected business world, seamless integration of your systems and efficient data flows are essential.","og_url":"https:\/\/www.striped-giraffe.com\/en\/expertise\/data-management\/integration\/","og_site_name":"Striped Giraffe","article_modified_time":"2024-12-02T13:04:55+00:00","twitter_card":"summary_large_image","twitter_misc":{"Est. reading time":"4 minutes"},"schema":{"@context":"https:\/\/schema.org","@graph":[{"@type":"WebPage","@id":"https:\/\/www.striped-giraffe.com\/en\/expertise\/data-management\/integration\/","url":"https:\/\/www.striped-giraffe.com\/en\/expertise\/data-management\/integration\/","name":"Integration - Striped Giraffe","isPartOf":{"@id":"https:\/\/www.striped-giraffe.com\/de\/#website"},"datePublished":"2024-11-07T08:04:17+00:00","dateModified":"2024-12-02T13:04:55+00:00","description":"In today's interconnected business world, seamless integration of your systems and efficient data flows are essential.","breadcrumb":{"@id":"https:\/\/www.striped-giraffe.com\/en\/expertise\/data-management\/integration\/#breadcrumb"},"inLanguage":"en-US","potentialAction":[{"@type":"ReadAction","target":["https:\/\/www.striped-giraffe.com\/en\/expertise\/data-management\/integration\/"]}]},{"@type":"BreadcrumbList","@id":"https:\/\/www.striped-giraffe.com\/en\/expertise\/data-management\/integration\/#breadcrumb","itemListElement":[{"@type":"ListItem","position":1,"name":"Expertise","item":"https:\/\/www.striped-giraffe.com\/en\/expertise\/"},{"@type":"ListItem","position":2,"name":"Data management","item":"https:\/\/www.striped-giraffe.com\/en\/expertise\/data-management\/"},{"@type":"ListItem","position":3,"name":"Integration"}]},{"@type":"WebSite","@id":"https:\/\/www.striped-giraffe.com\/de\/#website","url":"https:\/\/www.striped-giraffe.com\/de\/","name":"Striped Giraffe","description":"Ihr zuverl\u00e4ssiger Anbieter f\u00fcr digitale Enterprise-L\u00f6sungen","publisher":{"@id":"https:\/\/www.striped-giraffe.com\/de\/#organization"},"potentialAction":[{"@type":"SearchAction","target":{"@type":"EntryPoint","urlTemplate":"https:\/\/www.striped-giraffe.com\/de\/?s={search_term_string}"},"query-input":"required name=search_term_string"}],"inLanguage":"en-US"},{"@type":"Organization","@id":"https:\/\/www.striped-giraffe.com\/de\/#organization","name":"Striped Giraffe","url":"https:\/\/www.striped-giraffe.com\/de\/","logo":{"@type":"ImageObject","inLanguage":"en-US","@id":"https:\/\/www.striped-giraffe.com\/de\/#\/schema\/logo\/image\/","url":"https:\/\/www.striped-giraffe.com\/wp-content\/uploads\/2021\/01\/giraffe_white.svg","contentUrl":"https:\/\/www.striped-giraffe.com\/wp-content\/uploads\/2021\/01\/giraffe_white.svg","caption":"Striped Giraffe"},"image":{"@id":"https:\/\/www.striped-giraffe.com\/de\/#\/schema\/logo\/image\/"}}]}},"_links":{"self":[{"href":"https:\/\/www.striped-giraffe.com\/en\/wp-json\/wp\/v2\/pages\/38525"}],"collection":[{"href":"https:\/\/www.striped-giraffe.com\/en\/wp-json\/wp\/v2\/pages"}],"about":[{"href":"https:\/\/www.striped-giraffe.com\/en\/wp-json\/wp\/v2\/types\/page"}],"author":[{"embeddable":true,"href":"https:\/\/www.striped-giraffe.com\/en\/wp-json\/wp\/v2\/users\/2"}],"replies":[{"embeddable":true,"href":"https:\/\/www.striped-giraffe.com\/en\/wp-json\/wp\/v2\/comments?post=38525"}],"version-history":[{"count":4,"href":"https:\/\/www.striped-giraffe.com\/en\/wp-json\/wp\/v2\/pages\/38525\/revisions"}],"predecessor-version":[{"id":38634,"href":"https:\/\/www.striped-giraffe.com\/en\/wp-json\/wp\/v2\/pages\/38525\/revisions\/38634"}],"up":[{"embeddable":true,"href":"https:\/\/www.striped-giraffe.com\/en\/wp-json\/wp\/v2\/pages\/19720"}],"wp:attachment":[{"href":"https:\/\/www.striped-giraffe.com\/en\/wp-json\/wp\/v2\/media?parent=38525"}],"curies":[{"name":"wp","href":"https:\/\/api.w.org\/{rel}","templated":true}]}}