{"id":38637,"date":"2024-11-11T15:22:06","date_gmt":"2024-11-11T14:22:06","guid":{"rendered":"https:\/\/www.striped-giraffe.com\/technologies\/ecommerce-technologies\/broadleaf-commerce\/"},"modified":"2024-11-28T11:05:56","modified_gmt":"2024-11-28T10:05:56","slug":"broadleaf-commerce","status":"publish","type":"page","link":"https:\/\/www.striped-giraffe.com\/en\/technologies\/ecommerce-systems\/broadleaf-commerce\/","title":{"rendered":"Broadleaf Commerce &#8211; Details"},"content":{"rendered":"<section class=\"wpb-content-wrapper\"><p>[vc_row full_width=&#8221;stretch_row&#8221; bg_type=&#8221;image&#8221; parallax_style=&#8221;vcpb-default&#8221; bg_image_new=&#8221;id^38480|url^https:\/\/www.striped-giraffe.com\/wp-content\/uploads\/2024\/11\/Header_Technologies_E-Commerce-1.jpg|caption^e-commerce technologies, PIM\/PCM, marketplaces, payment, omnichannel|alt^e-commerce technologies|title^Image of data processing with credit card and smartphone over li|description^e-commerce technologies, PIM\/PCM, marketplaces, payment, omnichannel&#8221; css=&#8221;.vc_custom_1731333594874{padding-top: 200px !important;padding-bottom: 200px !important;background-position: center !important;background-repeat: no-repeat !important;background-size: cover !important;}&#8221;][vc_column][vc_column_text]<\/p>\n<h3><span style=\"color: #ef6c00;\">E-Commerce Systems<\/span><\/h3>\n<h1><span style=\"color: #ffffff;\">Broadleaf Commerce<\/span><\/h1>\n<p>[\/vc_column_text][\/vc_column][\/vc_row][vc_row gap=&#8221;35&#8243; el_class=&#8221;closetotop&#8221; css=&#8221;.vc_custom_1731491533556{padding-bottom: 50px !important;background-color: #ffffff !important;}&#8221;][vc_column width=&#8221;1\/3&#8243;][vc_single_image image=&#8221;38466&#8243; img_size=&#8221;medium&#8221;][\/vc_column][vc_column width=&#8221;2\/3&#8243; css=&#8221;.vc_custom_1731491551035{padding-top: 50px !important;}&#8221;][vc_column_text]<\/p>\n<h3 style=\"text-align: center;\">Broadleaf Commerce meets the unique e-commerce needs of large organizations<\/h3>\n<p>[\/vc_column_text][\/vc_column][\/vc_row][vc_row gap=&#8221;35&#8243; css=&#8221;.vc_custom_1731334060703{margin-bottom: 50px !important;background-color: #ffffff !important;}&#8221;][vc_column width=&#8221;1\/3&#8243;][vc_column_text]<\/p>\n<h2 class=\"headline_superbig\">Product<br \/>\ndetails<\/h2>\n<p>[\/vc_column_text][\/vc_column][vc_column width=&#8221;1\/3&#8243;][vc_column_text]<span style=\"color: #ef6c00;\"><strong>Technology<br \/>\n<\/strong><\/span>Java-based enterprise solution \u2013 <strong>on-prem<\/strong> or in the <strong>cloud<\/strong><\/p>\n<p><span style=\"color: #ef6c00;\"><strong>Cost model<br \/>\n<\/strong><\/span>Free open-source version and licensed enterprise edition<\/p>\n<p><span style=\"color: #ef6c00;\"><strong>Business model<br \/>\n<\/strong><\/span>B2B and B2C<\/p>\n<p><span style=\"color: #ef6c00;\"><strong>Flexibility<br \/>\n<\/strong><\/span><strong>High<\/strong> due to open architecture and customizable source code and the option to implement microservices<\/p>\n<p><span style=\"color: #ef6c00;\"><strong>Future-proof<br \/>\n<\/strong><\/span><strong>Relatively high<\/strong> due to support for headless and composable commerce<\/p>\n<p><span style=\"color: #ef6c00;\"><strong>Features\/functions<\/strong><\/span><\/p>\n<ul>\n<li>Dynamic pricing, promotion engine, personalized customer approach, and segmentation<\/li>\n<li>Extensive catalog, inventory, order, and customer data management and configuration options<\/li>\n<li>Integrated multi-tenancy for companies with multiple locations or brands<\/li>\n<li>Omnichannel integration and support for digital and physical channels<\/li>\n<\/ul>\n<p><span style=\"color: #ef6c00;\"><strong>More characteristics<br \/>\n<\/strong><\/span>Strong community support and numerous tutorials, integration of analysis and reporting tools[\/vc_column_text][\/vc_column][vc_column width=&#8221;1\/3&#8243;][vc_column_text]<span style=\"color: #ef6c00;\"><b>Key aspects of operation<\/b><\/span><\/p>\n<ul>\n<li>Comprehensive but technically sophisticated admin interface for detailed configuration<\/li>\n<li>High customizability, which requires in-depth technical knowledge<\/li>\n<li>Developer tooling and APIs enable extensive customizations but require an experienced development team<\/li>\n<\/ul>\n<p><span style=\"color: #ef6c00;\"><b>Estimated effort for implementation<\/b><\/span><\/p>\n<ul>\n<li><b>Medium to high<\/b>, depending on the complexity and customization requirements<\/li>\n<li>Implementation time is usually measured in months, especially for individual customizations and integrations<\/li>\n<li>Initial outlay, as technical and developer resources are required<\/li>\n<\/ul>\n<p><span style=\"color: #ef6c00;\"><b>Estimated operating costs<\/b><\/span><\/p>\n<ul>\n<li><b>Medium<\/b>, with a good set-up and DevOps automation<\/li>\n<li>Ongoing maintenance and updates by developers required; can become extensive, especially for larger system landscapes<\/li>\n<li>Additional outlay for performance optimization and scaling in cloud environments<\/li>\n<\/ul>\n<p>[\/vc_column_text][\/vc_column][\/vc_row][vc_row full_width=&#8221;stretch_row&#8221; bg_type=&#8221;bg_color&#8221; css=&#8221;.vc_custom_1731337382048{margin-bottom: 50px !important;margin-left: 70px !important;padding-top: 75px !important;padding-bottom: 75px !important;background-color: #ffffff !important;}&#8221; bg_color_value=&#8221;#000000&#8243;][vc_column width=&#8221;1\/3&#8243;][vc_column_text]<\/p>\n<h2 class=\"headline_superbig\"><span style=\"color: #ffffff;\">Best fit<\/span><\/h2>\n<p>[\/vc_column_text][\/vc_column][vc_column width=&#8221;2\/3&#8243;][vc_column_text]<\/p>\n<h3><span style=\"color: #ffffff;\">Broadleaf Commerce is particularly suitable for companies:<\/span><\/h3>\n<p>&nbsp;<\/p>\n<ul>\n<li><span style=\"color: #ffffff;\">with <span style=\"color: #ef6c00;\">complex business models<\/span>, such as B2B, B2C, or multi-channel, and want to combine them into one platform<\/span><\/li>\n<li><span style=\"color: #ffffff;\">that require <span style=\"color: #ef6c00;\">highly customizable e-commerce solutions<\/span>, e.g. with special catalogs, prices, or workflows<\/span><\/li>\n<li><span style=\"color: #ffffff;\">that have <span style=\"color: #ef6c00;\">internal developer resources<\/span> and technical expertise to expand and maintain the open-source platform<\/span><\/li>\n<li><span style=\"color: #ffffff;\">are looking for <span style=\"color: #ef6c00;\">scalable and flexible architecture<\/span> that can grow with the business, especially for <span style=\"color: #ef6c00;\">large<\/span> and <span style=\"color: #ef6c00;\">medium-sized enterprises<\/span><\/span><\/li>\n<li><span style=\"color: #ffffff;\">want to implement <span style=\"color: #ef6c00;\">omnichannel strategies<\/span> and need a solution for online and offline integration<\/span><\/li>\n<li><span style=\"color: #ffffff;\">want to create a <span style=\"color: #ef6c00;\">personalized commerce experience<\/span> for customers, e.g. with personalized offers and dynamic pricing<\/span><\/li>\n<li><span style=\"color: #ffffff;\">want to <span style=\"color: #ef6c00;\">centrally manage brands or locations<\/span> with multi-tenancy features<\/span><\/li>\n<\/ul>\n<p>[\/vc_column_text][\/vc_column][\/vc_row][vc_row css=&#8221;.vc_custom_1731596358383{margin-bottom: 100px !important;}&#8221;][vc_column width=&#8221;1\/3&#8243;][\/vc_column][vc_column width=&#8221;2\/3&#8243;][vc_btn title=&#8221;ALL E-COMMERCE SYSTEMS&#8221; align=&#8221;left&#8221; i_icon_fontawesome=&#8221;fas fa-caret-right&#8221; add_icon=&#8221;true&#8221; link=&#8221;url:https%3A%2F%2Fwww.striped-giraffe.com%2Fen%2Ftechnologies%2Fecommerce-systems%2F|title:E-Commerce-Technologies&#8221;][\/vc_column][\/vc_row][vc_row css=&#8221;.vc_custom_1731596366114{margin-bottom: 100px !important;}&#8221;][vc_column][vc_separator border_width=&#8221;3&#8243;][\/vc_column][\/vc_row][vc_row full_width=&#8221;stretch_row&#8221; css=&#8221;.vc_custom_1705587310854{margin-bottom: 50px !important;}&#8221;][vc_column][vc_row_inner][vc_column_inner width=&#8221;1\/3&#8243;][vc_column_text]<\/p>\n<h2 class=\"headline_superbig\">Let&#8217;s talk<\/h2>\n<p>[\/vc_column_text][\/vc_column_inner][vc_column_inner width=&#8221;2\/3&#8243;][vc_column_text]<\/p>\n<h3>Do you need a <strong>specific\u00a0offer<\/strong> or a <strong>sparring partner <\/strong>to discuss ideas?<\/h3>\n<h3>Just contact us:<\/h3>\n<ul>\n<li><a href=\"mailto:experts@striped-giraffe.com\">experts@striped-giraffe.com<\/a><\/li>\n<li><span style=\"color: #ef6c00;\">+49 (0)89-416 126-667<\/span><\/li>\n<\/ul>\n<p>[\/vc_column_text]<a class=\"calendly\" href=\"\" onclick=\"Calendly.initPopupWidget({url: 'https:\/\/calendly.com\/striped-giraffe\/30min'});return false;\">Or book a meeting<\/a>[vc_column_text css=&#8221;.vc_custom_1705587124145{margin-top: 32px !important;}&#8221;]<\/p>\n<h3>We will be happy to support you.<\/h3>\n<p>[\/vc_column_text][\/vc_column_inner][\/vc_row_inner][\/vc_column][\/vc_row][vc_row full_width=&#8221;stretch_row&#8221; css=&#8221;.vc_custom_1731596387487{margin-bottom: 0px !important;padding-top: 50px !important;padding-bottom: 100px !important;background-color: #000000 !important;}&#8221; el_id=&#8221;downloadsection&#8221;][vc_column el_class=&#8221;footerform&#8221;][vc_column_text]<\/p>\n<h3 style=\"text-align: center;\"><span style=\"color: #ef6c00;\">newsletter subscription<\/span><\/h3>\n<h2 class=\"headline_superbig\" style=\"color: #fff; text-align: center;\">Stay tuned!<\/h2>\n<p>[\/vc_column_text][vc_empty_space][vc_row_inner el_id=&#8221;wpcf7_form&#8221;][vc_column_inner][vc_column_text el_id=&#8221;acnews&#8221;]<div class='_form_144'><\/div><script type='text\/javascript' src='https:\/\/striped-giraffe.activehosted.com\/f\/embed.php?static=0&id=144&6A01E3933EEEE&nostyles=0&preview=0'><\/script>[\/vc_column_text][\/vc_column_inner][\/vc_row_inner][\/vc_column][\/vc_row]<\/p>\n<\/section>","protected":false},"excerpt":{"rendered":"<p>[vc_row full_width=&#8221;stretch_row&#8221; bg_type=&#8221;image&#8221; parallax_style=&#8221;vcpb-default&#8221; bg_image_new=&#8221;id^38480|url^https:\/\/www.striped-giraffe.com\/wp-content\/uploads\/2024\/11\/Header_Technologies_E-Commerce-1.jpg|caption^e-commerce technologies, PIM\/PCM, marketplaces, payment, omnichannel|alt^e-commerce technologies|title^Image of data processing with credit card and smartphone over [&hellip;]<\/p>\n","protected":false},"author":2,"featured_media":0,"parent":38542,"menu_order":0,"comment_status":"closed","ping_status":"closed","template":"","meta":{"footnotes":""},"acf":[],"yoast_head":"<!-- This site is optimized with the Yoast SEO Premium plugin v20.5 (Yoast SEO v20.5) - https:\/\/yoast.com\/wordpress\/plugins\/seo\/ -->\n<title>Broadleaf Commerce - Details - Striped Giraffe<\/title>\n<meta name=\"description\" content=\"Eine der E-Commerce-L\u00f6sungen am Markt, die uns beeindruckt hat, ist Broadleaf. Sie bietet maximale Freiheit.\" \/>\n<meta name=\"robots\" content=\"index, follow, max-snippet:-1, max-image-preview:large, max-video-preview:-1\" \/>\n<link rel=\"canonical\" href=\"https:\/\/www.striped-giraffe.com\/en\/technologies\/ecommerce-systems\/broadleaf-commerce\/\" \/>\n<meta property=\"og:locale\" content=\"en_US\" \/>\n<meta property=\"og:type\" content=\"article\" \/>\n<meta property=\"og:title\" content=\"Broadleaf Commerce - Details\" \/>\n<meta property=\"og:description\" content=\"Eine der E-Commerce-L\u00f6sungen am Markt, die uns beeindruckt hat, ist Broadleaf. Sie bietet maximale Freiheit.\" \/>\n<meta property=\"og:url\" content=\"https:\/\/www.striped-giraffe.com\/en\/technologies\/ecommerce-systems\/broadleaf-commerce\/\" \/>\n<meta property=\"og:site_name\" content=\"Striped Giraffe\" \/>\n<meta property=\"article:modified_time\" content=\"2024-11-28T10:05:56+00:00\" \/>\n<meta name=\"twitter:card\" content=\"summary_large_image\" \/>\n<meta name=\"twitter:label1\" content=\"Est. reading time\" \/>\n\t<meta name=\"twitter:data1\" content=\"3 minutes\" \/>\n<script type=\"application\/ld+json\" class=\"yoast-schema-graph\">{\"@context\":\"https:\/\/schema.org\",\"@graph\":[{\"@type\":\"WebPage\",\"@id\":\"https:\/\/www.striped-giraffe.com\/en\/technologies\/ecommerce-systems\/broadleaf-commerce\/\",\"url\":\"https:\/\/www.striped-giraffe.com\/en\/technologies\/ecommerce-systems\/broadleaf-commerce\/\",\"name\":\"Broadleaf Commerce - Details - Striped Giraffe\",\"isPartOf\":{\"@id\":\"https:\/\/www.striped-giraffe.com\/de\/#website\"},\"datePublished\":\"2024-11-11T14:22:06+00:00\",\"dateModified\":\"2024-11-28T10:05:56+00:00\",\"description\":\"Eine der E-Commerce-L\u00f6sungen am Markt, die uns beeindruckt hat, ist Broadleaf. Sie bietet maximale Freiheit.\",\"breadcrumb\":{\"@id\":\"https:\/\/www.striped-giraffe.com\/en\/technologies\/ecommerce-systems\/broadleaf-commerce\/#breadcrumb\"},\"inLanguage\":\"en-US\",\"potentialAction\":[{\"@type\":\"ReadAction\",\"target\":[\"https:\/\/www.striped-giraffe.com\/en\/technologies\/ecommerce-systems\/broadleaf-commerce\/\"]}]},{\"@type\":\"BreadcrumbList\",\"@id\":\"https:\/\/www.striped-giraffe.com\/en\/technologies\/ecommerce-systems\/broadleaf-commerce\/#breadcrumb\",\"itemListElement\":[{\"@type\":\"ListItem\",\"position\":1,\"name\":\"Technologies\",\"item\":\"https:\/\/www.striped-giraffe.com\/en\/technologies\/\"},{\"@type\":\"ListItem\",\"position\":2,\"name\":\"E-Commerce Systems\",\"item\":\"https:\/\/www.striped-giraffe.com\/en\/technologies\/ecommerce-systems\/\"},{\"@type\":\"ListItem\",\"position\":3,\"name\":\"Broadleaf Commerce &#8211; Details\"}]},{\"@type\":\"WebSite\",\"@id\":\"https:\/\/www.striped-giraffe.com\/de\/#website\",\"url\":\"https:\/\/www.striped-giraffe.com\/de\/\",\"name\":\"Striped Giraffe\",\"description\":\"Ihr zuverl\u00e4ssiger Anbieter f\u00fcr digitale Enterprise-L\u00f6sungen\",\"publisher\":{\"@id\":\"https:\/\/www.striped-giraffe.com\/de\/#organization\"},\"potentialAction\":[{\"@type\":\"SearchAction\",\"target\":{\"@type\":\"EntryPoint\",\"urlTemplate\":\"https:\/\/www.striped-giraffe.com\/de\/?s={search_term_string}\"},\"query-input\":\"required name=search_term_string\"}],\"inLanguage\":\"en-US\"},{\"@type\":\"Organization\",\"@id\":\"https:\/\/www.striped-giraffe.com\/de\/#organization\",\"name\":\"Striped Giraffe\",\"url\":\"https:\/\/www.striped-giraffe.com\/de\/\",\"logo\":{\"@type\":\"ImageObject\",\"inLanguage\":\"en-US\",\"@id\":\"https:\/\/www.striped-giraffe.com\/de\/#\/schema\/logo\/image\/\",\"url\":\"https:\/\/www.striped-giraffe.com\/wp-content\/uploads\/2021\/01\/giraffe_white.svg\",\"contentUrl\":\"https:\/\/www.striped-giraffe.com\/wp-content\/uploads\/2021\/01\/giraffe_white.svg\",\"caption\":\"Striped Giraffe\"},\"image\":{\"@id\":\"https:\/\/www.striped-giraffe.com\/de\/#\/schema\/logo\/image\/\"}}]}<\/script>\n<!-- \/ Yoast SEO Premium plugin. -->","yoast_head_json":{"title":"Broadleaf Commerce - Details - Striped Giraffe","description":"Eine der E-Commerce-L\u00f6sungen am Markt, die uns beeindruckt hat, ist Broadleaf. Sie bietet maximale Freiheit.","robots":{"index":"index","follow":"follow","max-snippet":"max-snippet:-1","max-image-preview":"max-image-preview:large","max-video-preview":"max-video-preview:-1"},"canonical":"https:\/\/www.striped-giraffe.com\/en\/technologies\/ecommerce-systems\/broadleaf-commerce\/","og_locale":"en_US","og_type":"article","og_title":"Broadleaf Commerce - Details","og_description":"Eine der E-Commerce-L\u00f6sungen am Markt, die uns beeindruckt hat, ist Broadleaf. Sie bietet maximale Freiheit.","og_url":"https:\/\/www.striped-giraffe.com\/en\/technologies\/ecommerce-systems\/broadleaf-commerce\/","og_site_name":"Striped Giraffe","article_modified_time":"2024-11-28T10:05:56+00:00","twitter_card":"summary_large_image","twitter_misc":{"Est. reading time":"3 minutes"},"schema":{"@context":"https:\/\/schema.org","@graph":[{"@type":"WebPage","@id":"https:\/\/www.striped-giraffe.com\/en\/technologies\/ecommerce-systems\/broadleaf-commerce\/","url":"https:\/\/www.striped-giraffe.com\/en\/technologies\/ecommerce-systems\/broadleaf-commerce\/","name":"Broadleaf Commerce - Details - Striped Giraffe","isPartOf":{"@id":"https:\/\/www.striped-giraffe.com\/de\/#website"},"datePublished":"2024-11-11T14:22:06+00:00","dateModified":"2024-11-28T10:05:56+00:00","description":"Eine der E-Commerce-L\u00f6sungen am Markt, die uns beeindruckt hat, ist Broadleaf. Sie bietet maximale Freiheit.","breadcrumb":{"@id":"https:\/\/www.striped-giraffe.com\/en\/technologies\/ecommerce-systems\/broadleaf-commerce\/#breadcrumb"},"inLanguage":"en-US","potentialAction":[{"@type":"ReadAction","target":["https:\/\/www.striped-giraffe.com\/en\/technologies\/ecommerce-systems\/broadleaf-commerce\/"]}]},{"@type":"BreadcrumbList","@id":"https:\/\/www.striped-giraffe.com\/en\/technologies\/ecommerce-systems\/broadleaf-commerce\/#breadcrumb","itemListElement":[{"@type":"ListItem","position":1,"name":"Technologies","item":"https:\/\/www.striped-giraffe.com\/en\/technologies\/"},{"@type":"ListItem","position":2,"name":"E-Commerce Systems","item":"https:\/\/www.striped-giraffe.com\/en\/technologies\/ecommerce-systems\/"},{"@type":"ListItem","position":3,"name":"Broadleaf Commerce &#8211; Details"}]},{"@type":"WebSite","@id":"https:\/\/www.striped-giraffe.com\/de\/#website","url":"https:\/\/www.striped-giraffe.com\/de\/","name":"Striped Giraffe","description":"Ihr zuverl\u00e4ssiger Anbieter f\u00fcr digitale Enterprise-L\u00f6sungen","publisher":{"@id":"https:\/\/www.striped-giraffe.com\/de\/#organization"},"potentialAction":[{"@type":"SearchAction","target":{"@type":"EntryPoint","urlTemplate":"https:\/\/www.striped-giraffe.com\/de\/?s={search_term_string}"},"query-input":"required name=search_term_string"}],"inLanguage":"en-US"},{"@type":"Organization","@id":"https:\/\/www.striped-giraffe.com\/de\/#organization","name":"Striped Giraffe","url":"https:\/\/www.striped-giraffe.com\/de\/","logo":{"@type":"ImageObject","inLanguage":"en-US","@id":"https:\/\/www.striped-giraffe.com\/de\/#\/schema\/logo\/image\/","url":"https:\/\/www.striped-giraffe.com\/wp-content\/uploads\/2021\/01\/giraffe_white.svg","contentUrl":"https:\/\/www.striped-giraffe.com\/wp-content\/uploads\/2021\/01\/giraffe_white.svg","caption":"Striped Giraffe"},"image":{"@id":"https:\/\/www.striped-giraffe.com\/de\/#\/schema\/logo\/image\/"}}]}},"_links":{"self":[{"href":"https:\/\/www.striped-giraffe.com\/en\/wp-json\/wp\/v2\/pages\/38637"}],"collection":[{"href":"https:\/\/www.striped-giraffe.com\/en\/wp-json\/wp\/v2\/pages"}],"about":[{"href":"https:\/\/www.striped-giraffe.com\/en\/wp-json\/wp\/v2\/types\/page"}],"author":[{"embeddable":true,"href":"https:\/\/www.striped-giraffe.com\/en\/wp-json\/wp\/v2\/users\/2"}],"replies":[{"embeddable":true,"href":"https:\/\/www.striped-giraffe.com\/en\/wp-json\/wp\/v2\/comments?post=38637"}],"version-history":[{"count":8,"href":"https:\/\/www.striped-giraffe.com\/en\/wp-json\/wp\/v2\/pages\/38637\/revisions"}],"predecessor-version":[{"id":38937,"href":"https:\/\/www.striped-giraffe.com\/en\/wp-json\/wp\/v2\/pages\/38637\/revisions\/38937"}],"up":[{"embeddable":true,"href":"https:\/\/www.striped-giraffe.com\/en\/wp-json\/wp\/v2\/pages\/38542"}],"wp:attachment":[{"href":"https:\/\/www.striped-giraffe.com\/en\/wp-json\/wp\/v2\/media?parent=38637"}],"curies":[{"name":"wp","href":"https:\/\/api.w.org\/{rel}","templated":true}]}}