{"id":38652,"date":"2024-09-26T15:27:30","date_gmt":"2024-09-26T13:27:30","guid":{"rendered":"https:\/\/www.striped-giraffe.com\/technologies\/ecommerce-technologies\/sap-commerce-cloud\/"},"modified":"2024-11-28T11:10:19","modified_gmt":"2024-11-28T10:10:19","slug":"sap-commerce-cloud","status":"publish","type":"page","link":"https:\/\/www.striped-giraffe.com\/en\/technologies\/ecommerce-systems\/sap-commerce-cloud\/","title":{"rendered":"SAP Commerce Cloud &#8211; Details"},"content":{"rendered":"<section class=\"wpb-content-wrapper\"><p>[vc_row full_width=&#8221;stretch_row&#8221; bg_type=&#8221;image&#8221; parallax_style=&#8221;vcpb-default&#8221; bg_image_new=&#8221;id^38480|url^https:\/\/www.striped-giraffe.com\/wp-content\/uploads\/2024\/11\/Header_Technologies_E-Commerce-1.jpg|caption^e-commerce technologies, PIM\/PCM, marketplaces, payment, omnichannel|alt^e-commerce technologies|title^Image of data processing with credit card and smartphone over li|description^e-commerce technologies, PIM\/PCM, marketplaces, payment, omnichannel&#8221; css=&#8221;.vc_custom_1731333594874{padding-top: 200px !important;padding-bottom: 200px !important;background-position: center !important;background-repeat: no-repeat !important;background-size: cover !important;}&#8221;][vc_column][vc_column_text]<\/p>\n<h3><span style=\"color: #ef6c00;\">E-Commerce Systems<\/span><\/h3>\n<h1><span style=\"color: #ffffff;\">SAP Commerce Cloud<\/span><\/h1>\n<p>[\/vc_column_text][\/vc_column][\/vc_row][vc_row gap=&#8221;35&#8243; el_class=&#8221;closetotop&#8221; css=&#8221;.vc_custom_1731491586458{padding-bottom: 50px !important;background-color: #ffffff !important;}&#8221;][vc_column width=&#8221;1\/3&#8243;][vc_single_image image=&#8221;20636&#8243; img_size=&#8221;medium&#8221;][\/vc_column][vc_column width=&#8221;2\/3&#8243; css=&#8221;.vc_custom_1731491592852{padding-top: 50px !important;}&#8221;][vc_column_text]<\/p>\n<h3 style=\"text-align: center;\">SAP Commerce Cloud is aimed primarily at large and complex organizations that require a high level of business process integration<\/h3>\n<p>[\/vc_column_text][\/vc_column][\/vc_row][vc_row gap=&#8221;35&#8243; css=&#8221;.vc_custom_1731334060703{margin-bottom: 50px !important;background-color: #ffffff !important;}&#8221;][vc_column width=&#8221;1\/3&#8243;][vc_column_text]<\/p>\n<h2 class=\"headline_superbig\">Product<br \/>\ndetails<\/h2>\n<p>[\/vc_column_text][\/vc_column][vc_column width=&#8221;1\/3&#8243;][vc_column_text]<b><span style=\"color: #ef6c00;\">Technology<\/span><br \/>\n<\/b><strong>Cloud<\/strong>-based platform<\/p>\n<p><span style=\"color: #ef6c00;\"><b>Cost model<br \/>\n<\/b><\/span>Subscription<\/p>\n<p><span style=\"color: #ef6c00;\"><b>Business model<br \/>\n<\/b><\/span>B2B, B2C and D2C<\/p>\n<p><span style=\"color: #ef6c00;\"><b>Flexibility<br \/>\n<\/b><\/span><strong>High<\/strong> due to modular architecture and the use of microservices<\/p>\n<p><span style=\"color: #ef6c00;\"><b>Future-proof<br \/>\n<\/b><\/span><strong>Relatively high<\/strong> due to high flexibility, depth of integration, and innovative strength<\/p>\n<p><span style=\"color: #ef6c00;\"><b>Features\/functions<\/b><\/span><\/p>\n<ul>\n<li>Omnichannel capabilities<\/li>\n<li>Real-time personalization and contextual control<\/li>\n<li>Flexible data model for complex product catalogs and customized pricing strategies<\/li>\n<\/ul>\n<p><span style=\"color: #ef6c00;\"><strong>More characteristics<br \/>\n<\/strong><\/span>High-performance scalability, self-service portals, microservices, and APIs for quick adjustments and extensions[\/vc_column_text][\/vc_column][vc_column width=&#8221;1\/3&#8243;][vc_column_text]<span style=\"color: #ef6c00;\"><b>Key aspects of operation<\/b><\/span><br \/>\nUser-friendly operation with intuitive dashboards and flexible tools that allow both business users and developers to easily customize, configure, and scale without requiring in-depth technical knowledge.<\/p>\n<p><span style=\"color: #ef6c00;\"><b>Estimated effort for implementation<br \/>\n<\/b><\/span>Smaller implementations with standard features and minimal customization can be completed in 3 to 6 months. However, for larger, more complex projects with highly customized features, extensive integrations with existing IT systems, and comprehensive customizations, the time required can be up to 12 months or more.<\/p>\n<p><span style=\"color: #ef6c00;\"><b>Estimated effort for operation<br \/>\n<\/b><\/span><\/p>\n<ul>\n<li><strong>Moderate to high<\/strong> for larger businesses with customizations, as they will need dedicated resources for content, integrations, and support.<\/li>\n<li>For smaller, less complex implementations, SAP Commerce Cloud\u2019s managed services can keep operational needs at a <strong>moderate<\/strong> level, with reduced infrastructure overhead.<\/li>\n<\/ul>\n<p>[\/vc_column_text][\/vc_column][\/vc_row][vc_row full_width=&#8221;stretch_row&#8221; bg_type=&#8221;bg_color&#8221; css=&#8221;.vc_custom_1731333428000{margin-bottom: 50px !important;margin-left: 70px !important;padding-top: 50px !important;padding-bottom: 50px !important;background-color: #ffffff !important;}&#8221; bg_color_value=&#8221;#000000&#8243;][vc_column width=&#8221;1\/3&#8243;][vc_column_text]<\/p>\n<h2 class=\"headline_superbig\"><span style=\"color: #ffffff;\">Best fit<\/span><\/h2>\n<p>[\/vc_column_text][\/vc_column][vc_column width=&#8221;2\/3&#8243;][vc_column_text]<\/p>\n<h3><span style=\"color: #ffffff;\">SAP Commerce Cloud is particularly suitable:<\/span><\/h3>\n<p>&nbsp;<\/p>\n<ul>\n<li><span style=\"color: #ffffff;\">for companies with a <span style=\"color: #ef6c00;\">high volume of customer interactions<\/span> and multi-channel sales models (B2C)<\/span><\/li>\n<li><span style=\"color: #ffffff;\">for sectors such as engineering and manufacturing that focus on <span style=\"color: #ef6c00;\">complex ordering processes<\/span> and specific customer requirements (B2B)<\/span><\/li>\n<li><span style=\"color: #ffffff;\">for companies with <span style=\"color: #ef6c00;\">significant deviations<\/span> from the standard<\/span><\/li>\n<li><span style=\"color: #ffffff;\">for companies that use <span style=\"color: #ef6c00;\">other SAP products<\/span> and want to integrate them with their e-commerce system<\/span><\/li>\n<li><span style=\"color: #ffffff;\">for companies that need to manage <span style=\"color: #ef6c00;\">complex product structures<\/span> and <span style=\"color: #ef6c00;\">extensive spare parts catalogs<\/span>, such as automotive manufacturers<\/span><\/li>\n<li><span style=\"color: #ffffff;\">for highly <span style=\"color: #ef6c00;\">regulated industries<\/span> such as pharmaceuticals or healthcare, as special customer and supply chain processes are supported<\/span><\/li>\n<li><span style=\"color: #ffffff;\">for companies that <span style=\"color: #ef6c00;\">sell directly to end customers<\/span> (D2C) thanks to the flexible omnichannel strategy<\/span><\/li>\n<\/ul>\n<p>[\/vc_column_text][\/vc_column][\/vc_row][vc_row css=&#8221;.vc_custom_1731597141900{margin-bottom: 100px !important;}&#8221;][vc_column width=&#8221;1\/3&#8243;][\/vc_column][vc_column width=&#8221;2\/3&#8243;][vc_btn title=&#8221;ALL E-COMMERCE SYSTEMS&#8221; align=&#8221;left&#8221; i_icon_fontawesome=&#8221;fas fa-caret-right&#8221; add_icon=&#8221;true&#8221; link=&#8221;url:https%3A%2F%2Fwww.striped-giraffe.com%2Fen%2Ftechnologies%2Fecommerce-systems%2F|title:E-Commerce%20Systems&#8221;][\/vc_column][\/vc_row][vc_row css=&#8221;.vc_custom_1731597141900{margin-bottom: 100px !important;}&#8221;][vc_column][vc_separator border_width=&#8221;3&#8243;][\/vc_column][\/vc_row][vc_row full_width=&#8221;stretch_row&#8221; css=&#8221;.vc_custom_1705587310854{margin-bottom: 50px !important;}&#8221;][vc_column][vc_row_inner][vc_column_inner width=&#8221;1\/3&#8243;][vc_column_text]<\/p>\n<h2 class=\"headline_superbig\">Let&#8217;s talk<\/h2>\n<p>[\/vc_column_text][\/vc_column_inner][vc_column_inner width=&#8221;2\/3&#8243;][vc_column_text]<\/p>\n<h3>Do you need a <strong>specific\u00a0offer<\/strong> or a <strong>sparring partner <\/strong>to discuss ideas?<\/h3>\n<h3>Just contact us:<\/h3>\n<ul>\n<li><a href=\"mailto:experts@striped-giraffe.com\">experts@striped-giraffe.com<\/a><\/li>\n<li><span style=\"color: #ef6c00;\">+49 (0)89-416 126-667<\/span><\/li>\n<\/ul>\n<p>[\/vc_column_text]<a class=\"calendly\" href=\"\" onclick=\"Calendly.initPopupWidget({url: 'https:\/\/calendly.com\/striped-giraffe\/30min'});return false;\">Or book a meeting<\/a>[vc_column_text css=&#8221;.vc_custom_1705587124145{margin-top: 32px !important;}&#8221;]<\/p>\n<h3>We will be happy to support you.<\/h3>\n<p>[\/vc_column_text][\/vc_column_inner][\/vc_row_inner][\/vc_column][\/vc_row][vc_row full_width=&#8221;stretch_row&#8221; css=&#8221;.vc_custom_1731597167718{margin-bottom: 0px !important;padding-top: 50px !important;padding-bottom: 100px !important;background-color: #000000 !important;}&#8221; el_id=&#8221;downloadsection&#8221;][vc_column el_class=&#8221;footerform&#8221;][vc_column_text]<\/p>\n<h3 style=\"text-align: center;\"><span style=\"color: #ef6c00;\">newsletter subscription<\/span><\/h3>\n<h2 class=\"headline_superbig\" style=\"color: #fff; text-align: center;\">Stay tuned!<\/h2>\n<p>[\/vc_column_text][vc_empty_space][vc_row_inner el_id=&#8221;wpcf7_form&#8221;][vc_column_inner][vc_column_text el_id=&#8221;acnews&#8221;]<div class='_form_144'><\/div><script type='text\/javascript' src='https:\/\/striped-giraffe.activehosted.com\/f\/embed.php?static=0&id=144&69E2114D3627A&nostyles=0&preview=0'><\/script>[\/vc_column_text][\/vc_column_inner][\/vc_row_inner][\/vc_column][\/vc_row]<\/p>\n<\/section>","protected":false},"excerpt":{"rendered":"<p>[vc_row full_width=&#8221;stretch_row&#8221; bg_type=&#8221;image&#8221; parallax_style=&#8221;vcpb-default&#8221; bg_image_new=&#8221;id^38480|url^https:\/\/www.striped-giraffe.com\/wp-content\/uploads\/2024\/11\/Header_Technologies_E-Commerce-1.jpg|caption^e-commerce technologies, PIM\/PCM, marketplaces, payment, omnichannel|alt^e-commerce technologies|title^Image of data processing with credit card and smartphone over [&hellip;]<\/p>\n","protected":false},"author":2,"featured_media":38481,"parent":38542,"menu_order":0,"comment_status":"closed","ping_status":"closed","template":"","meta":{"footnotes":""},"acf":[],"yoast_head":"<!-- This site is optimized with the Yoast SEO Premium plugin v20.5 (Yoast SEO v20.5) - https:\/\/yoast.com\/wordpress\/plugins\/seo\/ -->\n<title>SAP Commerce Cloud - Details - Striped Giraffe<\/title>\n<meta name=\"description\" content=\"SAP Commerce Cloud is aimed primarily at large and complex organizations that require a high level of business process integration.\" \/>\n<meta name=\"robots\" content=\"index, follow, max-snippet:-1, max-image-preview:large, max-video-preview:-1\" \/>\n<link rel=\"canonical\" href=\"https:\/\/www.striped-giraffe.com\/en\/technologies\/ecommerce-systems\/sap-commerce-cloud\/\" \/>\n<meta property=\"og:locale\" content=\"en_US\" \/>\n<meta property=\"og:type\" content=\"article\" \/>\n<meta property=\"og:title\" content=\"SAP Commerce Cloud - Details\" \/>\n<meta property=\"og:description\" content=\"SAP Commerce Cloud is aimed primarily at large and complex organizations that require a high level of business process integration.\" \/>\n<meta property=\"og:url\" content=\"https:\/\/www.striped-giraffe.com\/en\/technologies\/ecommerce-systems\/sap-commerce-cloud\/\" \/>\n<meta property=\"og:site_name\" content=\"Striped Giraffe\" \/>\n<meta property=\"article:modified_time\" content=\"2024-11-28T10:10:19+00:00\" \/>\n<meta property=\"og:image\" content=\"https:\/\/www.striped-giraffe.com\/wp-content\/uploads\/2024\/11\/Header_Technologies_E-Commerce-1.jpg\" \/>\n\t<meta property=\"og:image:width\" content=\"1400\" \/>\n\t<meta property=\"og:image:height\" content=\"900\" \/>\n\t<meta property=\"og:image:type\" content=\"image\/jpeg\" \/>\n<meta name=\"twitter:card\" content=\"summary_large_image\" \/>\n<meta name=\"twitter:label1\" content=\"Est. reading time\" \/>\n\t<meta name=\"twitter:data1\" content=\"3 minutes\" \/>\n<script type=\"application\/ld+json\" class=\"yoast-schema-graph\">{\"@context\":\"https:\/\/schema.org\",\"@graph\":[{\"@type\":\"WebPage\",\"@id\":\"https:\/\/www.striped-giraffe.com\/en\/technologies\/ecommerce-systems\/sap-commerce-cloud\/\",\"url\":\"https:\/\/www.striped-giraffe.com\/en\/technologies\/ecommerce-systems\/sap-commerce-cloud\/\",\"name\":\"SAP Commerce Cloud - Details - Striped Giraffe\",\"isPartOf\":{\"@id\":\"https:\/\/www.striped-giraffe.com\/de\/#website\"},\"datePublished\":\"2024-09-26T13:27:30+00:00\",\"dateModified\":\"2024-11-28T10:10:19+00:00\",\"description\":\"SAP Commerce Cloud is aimed primarily at large and complex organizations that require a high level of business process integration.\",\"breadcrumb\":{\"@id\":\"https:\/\/www.striped-giraffe.com\/en\/technologies\/ecommerce-systems\/sap-commerce-cloud\/#breadcrumb\"},\"inLanguage\":\"en-US\",\"potentialAction\":[{\"@type\":\"ReadAction\",\"target\":[\"https:\/\/www.striped-giraffe.com\/en\/technologies\/ecommerce-systems\/sap-commerce-cloud\/\"]}]},{\"@type\":\"BreadcrumbList\",\"@id\":\"https:\/\/www.striped-giraffe.com\/en\/technologies\/ecommerce-systems\/sap-commerce-cloud\/#breadcrumb\",\"itemListElement\":[{\"@type\":\"ListItem\",\"position\":1,\"name\":\"Technologies\",\"item\":\"https:\/\/www.striped-giraffe.com\/en\/technologies\/\"},{\"@type\":\"ListItem\",\"position\":2,\"name\":\"E-Commerce Systems\",\"item\":\"https:\/\/www.striped-giraffe.com\/en\/technologies\/ecommerce-systems\/\"},{\"@type\":\"ListItem\",\"position\":3,\"name\":\"SAP Commerce Cloud &#8211; Details\"}]},{\"@type\":\"WebSite\",\"@id\":\"https:\/\/www.striped-giraffe.com\/de\/#website\",\"url\":\"https:\/\/www.striped-giraffe.com\/de\/\",\"name\":\"Striped Giraffe\",\"description\":\"Ihr zuverl\u00e4ssiger Anbieter f\u00fcr digitale Enterprise-L\u00f6sungen\",\"publisher\":{\"@id\":\"https:\/\/www.striped-giraffe.com\/de\/#organization\"},\"potentialAction\":[{\"@type\":\"SearchAction\",\"target\":{\"@type\":\"EntryPoint\",\"urlTemplate\":\"https:\/\/www.striped-giraffe.com\/de\/?s={search_term_string}\"},\"query-input\":\"required name=search_term_string\"}],\"inLanguage\":\"en-US\"},{\"@type\":\"Organization\",\"@id\":\"https:\/\/www.striped-giraffe.com\/de\/#organization\",\"name\":\"Striped Giraffe\",\"url\":\"https:\/\/www.striped-giraffe.com\/de\/\",\"logo\":{\"@type\":\"ImageObject\",\"inLanguage\":\"en-US\",\"@id\":\"https:\/\/www.striped-giraffe.com\/de\/#\/schema\/logo\/image\/\",\"url\":\"https:\/\/www.striped-giraffe.com\/wp-content\/uploads\/2021\/01\/giraffe_white.svg\",\"contentUrl\":\"https:\/\/www.striped-giraffe.com\/wp-content\/uploads\/2021\/01\/giraffe_white.svg\",\"caption\":\"Striped Giraffe\"},\"image\":{\"@id\":\"https:\/\/www.striped-giraffe.com\/de\/#\/schema\/logo\/image\/\"}}]}<\/script>\n<!-- \/ Yoast SEO Premium plugin. -->","yoast_head_json":{"title":"SAP Commerce Cloud - Details - Striped Giraffe","description":"SAP Commerce Cloud is aimed primarily at large and complex organizations that require a high level of business process integration.","robots":{"index":"index","follow":"follow","max-snippet":"max-snippet:-1","max-image-preview":"max-image-preview:large","max-video-preview":"max-video-preview:-1"},"canonical":"https:\/\/www.striped-giraffe.com\/en\/technologies\/ecommerce-systems\/sap-commerce-cloud\/","og_locale":"en_US","og_type":"article","og_title":"SAP Commerce Cloud - Details","og_description":"SAP Commerce Cloud is aimed primarily at large and complex organizations that require a high level of business process integration.","og_url":"https:\/\/www.striped-giraffe.com\/en\/technologies\/ecommerce-systems\/sap-commerce-cloud\/","og_site_name":"Striped Giraffe","article_modified_time":"2024-11-28T10:10:19+00:00","og_image":[{"width":1400,"height":900,"url":"https:\/\/www.striped-giraffe.com\/wp-content\/uploads\/2024\/11\/Header_Technologies_E-Commerce-1.jpg","type":"image\/jpeg"}],"twitter_card":"summary_large_image","twitter_misc":{"Est. reading time":"3 minutes"},"schema":{"@context":"https:\/\/schema.org","@graph":[{"@type":"WebPage","@id":"https:\/\/www.striped-giraffe.com\/en\/technologies\/ecommerce-systems\/sap-commerce-cloud\/","url":"https:\/\/www.striped-giraffe.com\/en\/technologies\/ecommerce-systems\/sap-commerce-cloud\/","name":"SAP Commerce Cloud - Details - Striped Giraffe","isPartOf":{"@id":"https:\/\/www.striped-giraffe.com\/de\/#website"},"datePublished":"2024-09-26T13:27:30+00:00","dateModified":"2024-11-28T10:10:19+00:00","description":"SAP Commerce Cloud is aimed primarily at large and complex organizations that require a high level of business process integration.","breadcrumb":{"@id":"https:\/\/www.striped-giraffe.com\/en\/technologies\/ecommerce-systems\/sap-commerce-cloud\/#breadcrumb"},"inLanguage":"en-US","potentialAction":[{"@type":"ReadAction","target":["https:\/\/www.striped-giraffe.com\/en\/technologies\/ecommerce-systems\/sap-commerce-cloud\/"]}]},{"@type":"BreadcrumbList","@id":"https:\/\/www.striped-giraffe.com\/en\/technologies\/ecommerce-systems\/sap-commerce-cloud\/#breadcrumb","itemListElement":[{"@type":"ListItem","position":1,"name":"Technologies","item":"https:\/\/www.striped-giraffe.com\/en\/technologies\/"},{"@type":"ListItem","position":2,"name":"E-Commerce Systems","item":"https:\/\/www.striped-giraffe.com\/en\/technologies\/ecommerce-systems\/"},{"@type":"ListItem","position":3,"name":"SAP Commerce Cloud &#8211; Details"}]},{"@type":"WebSite","@id":"https:\/\/www.striped-giraffe.com\/de\/#website","url":"https:\/\/www.striped-giraffe.com\/de\/","name":"Striped Giraffe","description":"Ihr zuverl\u00e4ssiger Anbieter f\u00fcr digitale Enterprise-L\u00f6sungen","publisher":{"@id":"https:\/\/www.striped-giraffe.com\/de\/#organization"},"potentialAction":[{"@type":"SearchAction","target":{"@type":"EntryPoint","urlTemplate":"https:\/\/www.striped-giraffe.com\/de\/?s={search_term_string}"},"query-input":"required name=search_term_string"}],"inLanguage":"en-US"},{"@type":"Organization","@id":"https:\/\/www.striped-giraffe.com\/de\/#organization","name":"Striped Giraffe","url":"https:\/\/www.striped-giraffe.com\/de\/","logo":{"@type":"ImageObject","inLanguage":"en-US","@id":"https:\/\/www.striped-giraffe.com\/de\/#\/schema\/logo\/image\/","url":"https:\/\/www.striped-giraffe.com\/wp-content\/uploads\/2021\/01\/giraffe_white.svg","contentUrl":"https:\/\/www.striped-giraffe.com\/wp-content\/uploads\/2021\/01\/giraffe_white.svg","caption":"Striped Giraffe"},"image":{"@id":"https:\/\/www.striped-giraffe.com\/de\/#\/schema\/logo\/image\/"}}]}},"_links":{"self":[{"href":"https:\/\/www.striped-giraffe.com\/en\/wp-json\/wp\/v2\/pages\/38652"}],"collection":[{"href":"https:\/\/www.striped-giraffe.com\/en\/wp-json\/wp\/v2\/pages"}],"about":[{"href":"https:\/\/www.striped-giraffe.com\/en\/wp-json\/wp\/v2\/types\/page"}],"author":[{"embeddable":true,"href":"https:\/\/www.striped-giraffe.com\/en\/wp-json\/wp\/v2\/users\/2"}],"replies":[{"embeddable":true,"href":"https:\/\/www.striped-giraffe.com\/en\/wp-json\/wp\/v2\/comments?post=38652"}],"version-history":[{"count":4,"href":"https:\/\/www.striped-giraffe.com\/en\/wp-json\/wp\/v2\/pages\/38652\/revisions"}],"predecessor-version":[{"id":38941,"href":"https:\/\/www.striped-giraffe.com\/en\/wp-json\/wp\/v2\/pages\/38652\/revisions\/38941"}],"up":[{"embeddable":true,"href":"https:\/\/www.striped-giraffe.com\/en\/wp-json\/wp\/v2\/pages\/38542"}],"wp:featuredmedia":[{"embeddable":true,"href":"https:\/\/www.striped-giraffe.com\/en\/wp-json\/wp\/v2\/media\/38481"}],"wp:attachment":[{"href":"https:\/\/www.striped-giraffe.com\/en\/wp-json\/wp\/v2\/media?parent=38652"}],"curies":[{"name":"wp","href":"https:\/\/api.w.org\/{rel}","templated":true}]}}