{"id":38658,"date":"2024-11-06T13:41:09","date_gmt":"2024-11-06T12:41:09","guid":{"rendered":"https:\/\/www.striped-giraffe.com\/technologies\/cms\/"},"modified":"2024-11-14T13:59:15","modified_gmt":"2024-11-14T12:59:15","slug":"cms","status":"publish","type":"page","link":"https:\/\/www.striped-giraffe.com\/en\/technologies\/cms\/","title":{"rendered":"Content Management Systems"},"content":{"rendered":"<section class=\"wpb-content-wrapper\"><p>[vc_row full_width=&#8221;stretch_row&#8221; bg_type=&#8221;image&#8221; parallax_style=&#8221;vcpb-default&#8221; bg_image_new=&#8221;id^38510|url^https:\/\/www.striped-giraffe.com\/wp-content\/uploads\/2024\/11\/Header_Technologies_CMS-1.jpg|caption^enterprise content management systems|alt^CMS, ECMS|title^content management systems|description^enterprise content management systems&#8221; css=&#8221;.vc_custom_1730900835184{margin-bottom: 50px !important;padding-top: 200px !important;padding-bottom: 200px !important;background-position: center !important;background-repeat: no-repeat !important;background-size: cover !important;}&#8221;][vc_column][vc_column_text]<\/p>\n<h1><span style=\"color: #ef6c00;\">(Enterprise)<br \/>\nContent Management Systems<\/span><\/h1>\n<h1><\/h1>\n<p>[\/vc_column_text][\/vc_column][\/vc_row][vc_row gap=&#8221;35&#8243; el_class=&#8221;closetotop&#8221; css=&#8221;.vc_custom_1727357514292{padding-top: 50px !important;padding-bottom: 50px !important;background-color: #ffffff !important;}&#8221;][vc_column][vc_column_text]<\/p>\n<h2 style=\"text-align: center;\">Technical support of your content strategy for a sustainable, optimal customer experience.<\/h2>\n<p>[\/vc_column_text][\/vc_column][\/vc_row][vc_row gap=&#8221;35&#8243; css=&#8221;.vc_custom_1727365832572{margin-bottom: 50px !important;background-color: #ffffff !important;}&#8221;][vc_column width=&#8221;1\/3&#8243;][vc_column_text]<\/p>\n<h2 class=\"headline_superbig\">What we<br \/>\noffer<\/h2>\n<p>[\/vc_column_text][\/vc_column][vc_column width=&#8221;2\/3&#8243;][vc_column_text]We implement high-performance content management systems (CMS). This supports your digital business goals and helps you to manage high-quality content efficiently, provide it consistently, and optimize it sustainably.<\/p>\n<p>Our expertise covers the entire CMS implementation: from strategy and planning to seamless integration, comprehensive testing, employee training and continuous customization.[\/vc_column_text][\/vc_column][\/vc_row][vc_row gap=&#8221;35&#8243; css=&#8221;.vc_custom_1730715120127{background-color: #ffffff !important;}&#8221;][vc_column width=&#8221;1\/3&#8243;][vc_column_text]<\/p>\n<h2 class=\"headline_superbig\">Our<br \/>\nTechnologies<\/h2>\n<p>[\/vc_column_text][\/vc_column][vc_column width=&#8221;2\/3&#8243;][vc_column_text]Our CMS solutions are specially tailored to companies that expect a high degree of flexibility, scalability, and user-friendliness. Whether it is providing dynamic web content, managing complex content for an omnichannel experience, or seamlessly integrating CRM and e-commerce systems, we have the right solution for your individual requirements.[\/vc_column_text][\/vc_column][\/vc_row][vc_row gap=&#8221;35&#8243; css=&#8221;.vc_custom_1730715081286{margin-bottom: 100px !important;background-color: #ffffff !important;}&#8221;][vc_column width=&#8221;2\/6&#8243;][\/vc_column][vc_column width=&#8221;1\/6&#8243;][vc_single_image image=&#8221;38509&#8243; img_size=&#8221;medium&#8221; alignment=&#8221;center&#8221;][\/vc_column][vc_column width=&#8221;1\/6&#8243;][vc_single_image image=&#8221;38507&#8243; img_size=&#8221;medium&#8221; alignment=&#8221;center&#8221;][\/vc_column][vc_column width=&#8221;1\/6&#8243;][vc_single_image image=&#8221;38505&#8243; img_size=&#8221;medium&#8221; alignment=&#8221;center&#8221;][\/vc_column][vc_column width=&#8221;1\/6&#8243;][\/vc_column][\/vc_row][vc_row full_width=&#8221;stretch_row&#8221; gap=&#8221;35&#8243; bg_type=&#8221;bg_color&#8221; css=&#8221;.vc_custom_1729503505109{margin-bottom: 50px !important;padding-top: 50px !important;padding-bottom: 50px !important;background-color: #ffffff !important;}&#8221; bg_color_value=&#8221;#000000&#8243;][vc_column width=&#8221;1\/3&#8243;][\/vc_column][vc_column width=&#8221;2\/3&#8243; css=&#8221;.vc_custom_1731589143107{margin-left: 20px !important;}&#8221;][vc_column_text]<\/p>\n<h3><span style=\"color: #ffffff;\">Is your solution not listed? Contact us and let&#8217;s find out together who in our company or our network of experts can help you.<\/span><\/h3>\n<p>[\/vc_column_text][\/vc_column][\/vc_row][vc_row full_width=&#8221;stretch_row&#8221; css=&#8221;.vc_custom_1705587310854{margin-bottom: 50px !important;}&#8221;][vc_column][vc_row_inner][vc_column_inner width=&#8221;1\/3&#8243;][vc_column_text]<\/p>\n<h2 class=\"headline_superbig\">Let&#8217;s talk<\/h2>\n<p>[\/vc_column_text][\/vc_column_inner][vc_column_inner width=&#8221;2\/3&#8243;][vc_column_text]<\/p>\n<h3>Do you need a <strong>specific\u00a0offer<\/strong> or a <strong>sparring partner <\/strong>to discuss ideas?<\/h3>\n<h3>Just contact us:<\/h3>\n<ul>\n<li><a href=\"mailto:experts@striped-giraffe.com\">experts@striped-giraffe.com<\/a><\/li>\n<li><span style=\"color: #ef6c00;\">+49 (0)89-416 126-667<\/span><\/li>\n<\/ul>\n<p>[\/vc_column_text]<a class=\"calendly\" href=\"\" onclick=\"Calendly.initPopupWidget({url: 'https:\/\/calendly.com\/striped-giraffe\/30min'});return false;\">Or book a meeting<\/a>[vc_column_text css=&#8221;.vc_custom_1705587124145{margin-top: 32px !important;}&#8221;]<\/p>\n<h3>We will be happy to support you.<\/h3>\n<p>[\/vc_column_text][\/vc_column_inner][\/vc_row_inner][\/vc_column][\/vc_row][vc_row full_width=&#8221;stretch_row&#8221; css=&#8221;.vc_custom_1725457444029{margin-bottom: 0px !important;padding-top: 100px !important;padding-bottom: 100px !important;background-color: #000000 !important;}&#8221; el_id=&#8221;downloadsection&#8221;][vc_column el_class=&#8221;footerform&#8221;][vc_column_text]<\/p>\n<h3 style=\"text-align: center;\"><span style=\"color: #ef6c00;\">newsletter subscription<\/span><\/h3>\n<h2 class=\"headline_superbig\" style=\"color: #fff; text-align: center;\">Stay tuned!<\/h2>\n<p>[\/vc_column_text][vc_empty_space][vc_row_inner el_id=&#8221;wpcf7_form&#8221;][vc_column_inner][vc_column_text el_id=&#8221;acnews&#8221;]<div class='_form_144'><\/div><script type='text\/javascript' src='https:\/\/striped-giraffe.activehosted.com\/f\/embed.php?static=0&id=144&69D76B9C66981&nostyles=0&preview=0'><\/script>[\/vc_column_text][\/vc_column_inner][\/vc_row_inner][\/vc_column][\/vc_row]<\/p>\n<\/section>","protected":false},"excerpt":{"rendered":"<p>[vc_row full_width=&#8221;stretch_row&#8221; bg_type=&#8221;image&#8221; parallax_style=&#8221;vcpb-default&#8221; bg_image_new=&#8221;id^38510|url^https:\/\/www.striped-giraffe.com\/wp-content\/uploads\/2024\/11\/Header_Technologies_CMS-1.jpg|caption^enterprise content management systems|alt^CMS, ECMS|title^content management systems|description^enterprise content management systems&#8221; css=&#8221;.vc_custom_1730900835184{margin-bottom: 50px !important;padding-top: 200px !important;padding-bottom: 200px [&hellip;]<\/p>\n","protected":false},"author":2,"featured_media":38481,"parent":38537,"menu_order":0,"comment_status":"closed","ping_status":"closed","template":"","meta":{"footnotes":""},"acf":[],"yoast_head":"<!-- This site is optimized with the Yoast SEO Premium plugin v20.5 (Yoast SEO v20.5) - https:\/\/yoast.com\/wordpress\/plugins\/seo\/ -->\n<title>Content Management Systems - Striped Giraffe<\/title>\n<meta name=\"description\" content=\"We offer technical support for your content strategy for a sustainable, and optimal customer experience....\" \/>\n<meta name=\"robots\" content=\"noindex, nofollow\" \/>\n<meta property=\"og:locale\" content=\"en_US\" \/>\n<meta property=\"og:type\" content=\"article\" \/>\n<meta property=\"og:title\" content=\"Content Management Systems\" \/>\n<meta property=\"og:description\" content=\"We offer technical support for your content strategy for a sustainable, and optimal customer experience....\" \/>\n<meta property=\"og:url\" content=\"https:\/\/www.striped-giraffe.com\/en\/technologies\/cms\/\" \/>\n<meta property=\"og:site_name\" content=\"Striped Giraffe\" \/>\n<meta property=\"article:modified_time\" content=\"2024-11-14T12:59:15+00:00\" \/>\n<meta property=\"og:image\" content=\"https:\/\/www.striped-giraffe.com\/wp-content\/uploads\/2024\/11\/Header_Technologies_E-Commerce-1.jpg\" \/>\n\t<meta property=\"og:image:width\" content=\"1400\" \/>\n\t<meta property=\"og:image:height\" content=\"900\" \/>\n\t<meta property=\"og:image:type\" content=\"image\/jpeg\" \/>\n<meta name=\"twitter:card\" content=\"summary_large_image\" \/>\n<meta name=\"twitter:label1\" content=\"Est. reading time\" \/>\n\t<meta name=\"twitter:data1\" content=\"2 minutes\" \/>\n<script type=\"application\/ld+json\" class=\"yoast-schema-graph\">{\"@context\":\"https:\/\/schema.org\",\"@graph\":[{\"@type\":\"WebPage\",\"@id\":\"https:\/\/www.striped-giraffe.com\/en\/technologies\/cms\/\",\"url\":\"https:\/\/www.striped-giraffe.com\/en\/technologies\/cms\/\",\"name\":\"Content Management Systems - Striped Giraffe\",\"isPartOf\":{\"@id\":\"https:\/\/www.striped-giraffe.com\/de\/#website\"},\"datePublished\":\"2024-11-06T12:41:09+00:00\",\"dateModified\":\"2024-11-14T12:59:15+00:00\",\"description\":\"We offer technical support for your content strategy for a sustainable, and optimal customer experience....\",\"breadcrumb\":{\"@id\":\"https:\/\/www.striped-giraffe.com\/en\/technologies\/cms\/#breadcrumb\"},\"inLanguage\":\"en-US\",\"potentialAction\":[{\"@type\":\"ReadAction\",\"target\":[\"https:\/\/www.striped-giraffe.com\/en\/technologies\/cms\/\"]}]},{\"@type\":\"BreadcrumbList\",\"@id\":\"https:\/\/www.striped-giraffe.com\/en\/technologies\/cms\/#breadcrumb\",\"itemListElement\":[{\"@type\":\"ListItem\",\"position\":1,\"name\":\"Technologies\",\"item\":\"https:\/\/www.striped-giraffe.com\/en\/technologies\/\"},{\"@type\":\"ListItem\",\"position\":2,\"name\":\"Content Management Systems\"}]},{\"@type\":\"WebSite\",\"@id\":\"https:\/\/www.striped-giraffe.com\/de\/#website\",\"url\":\"https:\/\/www.striped-giraffe.com\/de\/\",\"name\":\"Striped Giraffe\",\"description\":\"Ihr zuverl\u00e4ssiger Anbieter f\u00fcr digitale Enterprise-L\u00f6sungen\",\"publisher\":{\"@id\":\"https:\/\/www.striped-giraffe.com\/de\/#organization\"},\"potentialAction\":[{\"@type\":\"SearchAction\",\"target\":{\"@type\":\"EntryPoint\",\"urlTemplate\":\"https:\/\/www.striped-giraffe.com\/de\/?s={search_term_string}\"},\"query-input\":\"required name=search_term_string\"}],\"inLanguage\":\"en-US\"},{\"@type\":\"Organization\",\"@id\":\"https:\/\/www.striped-giraffe.com\/de\/#organization\",\"name\":\"Striped Giraffe\",\"url\":\"https:\/\/www.striped-giraffe.com\/de\/\",\"logo\":{\"@type\":\"ImageObject\",\"inLanguage\":\"en-US\",\"@id\":\"https:\/\/www.striped-giraffe.com\/de\/#\/schema\/logo\/image\/\",\"url\":\"https:\/\/www.striped-giraffe.com\/wp-content\/uploads\/2021\/01\/giraffe_white.svg\",\"contentUrl\":\"https:\/\/www.striped-giraffe.com\/wp-content\/uploads\/2021\/01\/giraffe_white.svg\",\"caption\":\"Striped Giraffe\"},\"image\":{\"@id\":\"https:\/\/www.striped-giraffe.com\/de\/#\/schema\/logo\/image\/\"}}]}<\/script>\n<!-- \/ Yoast SEO Premium plugin. -->","yoast_head_json":{"title":"Content Management Systems - Striped Giraffe","description":"We offer technical support for your content strategy for a sustainable, and optimal customer experience....","robots":{"index":"noindex","follow":"nofollow"},"og_locale":"en_US","og_type":"article","og_title":"Content Management Systems","og_description":"We offer technical support for your content strategy for a sustainable, and optimal customer experience....","og_url":"https:\/\/www.striped-giraffe.com\/en\/technologies\/cms\/","og_site_name":"Striped Giraffe","article_modified_time":"2024-11-14T12:59:15+00:00","og_image":[{"width":1400,"height":900,"url":"https:\/\/www.striped-giraffe.com\/wp-content\/uploads\/2024\/11\/Header_Technologies_E-Commerce-1.jpg","type":"image\/jpeg"}],"twitter_card":"summary_large_image","twitter_misc":{"Est. reading time":"2 minutes"},"schema":{"@context":"https:\/\/schema.org","@graph":[{"@type":"WebPage","@id":"https:\/\/www.striped-giraffe.com\/en\/technologies\/cms\/","url":"https:\/\/www.striped-giraffe.com\/en\/technologies\/cms\/","name":"Content Management Systems - Striped Giraffe","isPartOf":{"@id":"https:\/\/www.striped-giraffe.com\/de\/#website"},"datePublished":"2024-11-06T12:41:09+00:00","dateModified":"2024-11-14T12:59:15+00:00","description":"We offer technical support for your content strategy for a sustainable, and optimal customer experience....","breadcrumb":{"@id":"https:\/\/www.striped-giraffe.com\/en\/technologies\/cms\/#breadcrumb"},"inLanguage":"en-US","potentialAction":[{"@type":"ReadAction","target":["https:\/\/www.striped-giraffe.com\/en\/technologies\/cms\/"]}]},{"@type":"BreadcrumbList","@id":"https:\/\/www.striped-giraffe.com\/en\/technologies\/cms\/#breadcrumb","itemListElement":[{"@type":"ListItem","position":1,"name":"Technologies","item":"https:\/\/www.striped-giraffe.com\/en\/technologies\/"},{"@type":"ListItem","position":2,"name":"Content Management Systems"}]},{"@type":"WebSite","@id":"https:\/\/www.striped-giraffe.com\/de\/#website","url":"https:\/\/www.striped-giraffe.com\/de\/","name":"Striped Giraffe","description":"Ihr zuverl\u00e4ssiger Anbieter f\u00fcr digitale Enterprise-L\u00f6sungen","publisher":{"@id":"https:\/\/www.striped-giraffe.com\/de\/#organization"},"potentialAction":[{"@type":"SearchAction","target":{"@type":"EntryPoint","urlTemplate":"https:\/\/www.striped-giraffe.com\/de\/?s={search_term_string}"},"query-input":"required name=search_term_string"}],"inLanguage":"en-US"},{"@type":"Organization","@id":"https:\/\/www.striped-giraffe.com\/de\/#organization","name":"Striped Giraffe","url":"https:\/\/www.striped-giraffe.com\/de\/","logo":{"@type":"ImageObject","inLanguage":"en-US","@id":"https:\/\/www.striped-giraffe.com\/de\/#\/schema\/logo\/image\/","url":"https:\/\/www.striped-giraffe.com\/wp-content\/uploads\/2021\/01\/giraffe_white.svg","contentUrl":"https:\/\/www.striped-giraffe.com\/wp-content\/uploads\/2021\/01\/giraffe_white.svg","caption":"Striped Giraffe"},"image":{"@id":"https:\/\/www.striped-giraffe.com\/de\/#\/schema\/logo\/image\/"}}]}},"_links":{"self":[{"href":"https:\/\/www.striped-giraffe.com\/en\/wp-json\/wp\/v2\/pages\/38658"}],"collection":[{"href":"https:\/\/www.striped-giraffe.com\/en\/wp-json\/wp\/v2\/pages"}],"about":[{"href":"https:\/\/www.striped-giraffe.com\/en\/wp-json\/wp\/v2\/types\/page"}],"author":[{"embeddable":true,"href":"https:\/\/www.striped-giraffe.com\/en\/wp-json\/wp\/v2\/users\/2"}],"replies":[{"embeddable":true,"href":"https:\/\/www.striped-giraffe.com\/en\/wp-json\/wp\/v2\/comments?post=38658"}],"version-history":[{"count":4,"href":"https:\/\/www.striped-giraffe.com\/en\/wp-json\/wp\/v2\/pages\/38658\/revisions"}],"predecessor-version":[{"id":38695,"href":"https:\/\/www.striped-giraffe.com\/en\/wp-json\/wp\/v2\/pages\/38658\/revisions\/38695"}],"up":[{"embeddable":true,"href":"https:\/\/www.striped-giraffe.com\/en\/wp-json\/wp\/v2\/pages\/38537"}],"wp:featuredmedia":[{"embeddable":true,"href":"https:\/\/www.striped-giraffe.com\/en\/wp-json\/wp\/v2\/media\/38481"}],"wp:attachment":[{"href":"https:\/\/www.striped-giraffe.com\/en\/wp-json\/wp\/v2\/media?parent=38658"}],"curies":[{"name":"wp","href":"https:\/\/api.w.org\/{rel}","templated":true}]}}