{"id":38689,"date":"2024-11-14T10:58:31","date_gmt":"2024-11-14T09:58:31","guid":{"rendered":"https:\/\/www.striped-giraffe.com\/technologies\/cms\/coremedia\/"},"modified":"2024-11-14T16:14:09","modified_gmt":"2024-11-14T15:14:09","slug":"coremedia","status":"publish","type":"page","link":"https:\/\/www.striped-giraffe.com\/en\/technologies\/cms\/coremedia\/","title":{"rendered":"CoreMedia &#8211; Details"},"content":{"rendered":"<section class=\"wpb-content-wrapper\"><p>[vc_row full_width=&#8221;stretch_row&#8221; bg_type=&#8221;image&#8221; parallax_style=&#8221;vcpb-default&#8221; bg_image_new=&#8221;id^38510|url^https:\/\/www.striped-giraffe.com\/wp-content\/uploads\/2024\/11\/Header_Technologies_CMS-1.jpg|caption^enterprise content management systems|alt^CMS|title^content management systems|description^enterprise content management systems&#8221; css=&#8221;.vc_custom_1731572221624{padding-top: 200px !important;padding-bottom: 200px !important;background-position: center !important;background-repeat: no-repeat !important;background-size: cover !important;}&#8221;][vc_column][vc_column_text]<\/p>\n<h3><span style=\"color: #ef6c00;\">Content Management Technologies<\/span><\/h3>\n<h1><span style=\"color: #ffffff;\">Coremedia<\/span><\/h1>\n<p>[\/vc_column_text][\/vc_column][\/vc_row][vc_row gap=&#8221;35&#8243; el_class=&#8221;closetotop&#8221; css=&#8221;.vc_custom_1731573101639{padding-bottom: 50px !important;background-color: #ffffff !important;}&#8221;][vc_column width=&#8221;1\/3&#8243;][vc_single_image image=&#8221;38507&#8243; img_size=&#8221;medium&#8221; alignment=&#8221;center&#8221;][\/vc_column][vc_column width=&#8221;2\/3&#8243; css=&#8221;.vc_custom_1731573109443{padding-top: 50px !important;}&#8221;][vc_column_text]<\/p>\n<div class=\"flex max-w-full flex-col flex-grow\">\n<div class=\"min-h-8 text-message flex w-full flex-col items-end gap-2 whitespace-normal break-words [.text-message+&amp;]:mt-5\" dir=\"auto\" data-message-author-role=\"assistant\" data-message-id=\"499a3e0e-86a5-4791-9849-10dfcbfc571f\" data-message-model-slug=\"gpt-4o-mini\">\n<div class=\"flex w-full flex-col gap-1 empty:hidden first:pt-[3px]\">\n<div class=\"markdown prose w-full break-words dark:prose-invert light\">\n<h3 style=\"text-align: center;\">CoreMedia is particularly relevant for companies that require content management and personalization in complex environments<\/h3>\n<\/div>\n<\/div>\n<\/div>\n<\/div>\n<div class=\"mb-2 flex gap-3 empty:hidden -ml-2\">\n<div class=\"items-center justify-start rounded-xl p-1 flex\">\n<div class=\"flex items-center\">\n<div class=\"flex items-center pb-0\"><\/div>\n<\/div>\n<\/div>\n<\/div>\n<p>[\/vc_column_text][\/vc_column][\/vc_row][vc_row gap=&#8221;35&#8243; css=&#8221;.vc_custom_1731334060703{margin-bottom: 50px !important;background-color: #ffffff !important;}&#8221;][vc_column width=&#8221;1\/3&#8243;][vc_column_text]<\/p>\n<h2 class=\"headline_superbig\">Product<br \/>\ndetails<\/h2>\n<p>[\/vc_column_text][\/vc_column][vc_column width=&#8221;1\/3&#8243;][vc_column_text]<span style=\"color: #ef6c00;\"><strong>Technology<br \/>\n<\/strong><\/span>Java-based, <strong>cloud<\/strong> or <strong>on-premise<\/strong> options<\/p>\n<p><span style=\"color: #ef6c00;\"><strong>Cost model<br \/>\n<\/strong><\/span>License costs based on company size and scope of use<\/p>\n<p><span style=\"color: #ef6c00;\"><b>Business model<br \/>\n<\/b><\/span>Both B2B and B2C<\/p>\n<p><span style=\"color: #ef6c00;\"><strong>Flexibility<br \/>\n<\/strong><\/span><strong>Highly adaptable<\/strong> thanks to headless architecture and API-first approach; enables individual frontends and deep integrations<\/p>\n<p><span style=\"color: #ef6c00;\"><strong>Future-proof<br \/>\n<\/strong><\/span><strong>High<\/strong> thanks to regular updates, modern architecture for composable commerce and continuous further development; strong partner integrations<\/p>\n<p><span style=\"color: #ef6c00;\"><strong>Features\/functions<br \/>\n<\/strong><\/span>Personalized experiences, digital asset management, content personalization, workflow management, multisite and multilingual support<\/p>\n<p><span style=\"color: #ef6c00;\"><strong>More characteristics<br \/>\n<\/strong><\/span>High performance and stability, fast time-to-market; particularly popular in the retail and media sectors[\/vc_column_text][\/vc_column][vc_column width=&#8221;1\/3&#8243;][vc_column_text]<span style=\"color: #ef6c00;\"><b>Key aspects of operation<\/b><\/span><\/p>\n<ul>\n<li>User-friendly interface for content editors with drag-and-drop function and WYSIWYG editor; intuitive tools to create and maintain content efficiently<\/li>\n<li>Real-time preview and instant editing capabilities to manage and customize cross-channel content<\/li>\n<li>Integrated workflows for content planning and collaboration between teams, simplifying the approval and publishing process<\/li>\n<\/ul>\n<p><span style=\"color: #ef6c00;\"><strong>Estimated effort for implementation<\/strong><\/span><\/p>\n<ul>\n<li><strong>Medium to high<\/strong> &#8211; Implementing CoreMedia requires careful planning, especially when integrating with existing systems and customizing to specific requirements. Implementation can take several months, depending on the scope of the project and the depth of integration.<\/li>\n<li>Requires initial training for editors and developers to get the most out of the system and fully utilize its features<\/li>\n<\/ul>\n<p><span style=\"color: #ef6c00;\"><strong>Estimated effort for operation<\/strong><\/span><\/p>\n<ul>\n<li><strong>Medium<\/strong> &#8211; CoreMedia is relatively scalable and easy to maintain thanks to its flexible architecture and the use of cloud or on-premise options.<\/li>\n<li>Regular updates and maintenance are required to ensure performance and security; however, the system can be operated relatively cost-effectively as it is well-designed to meet the needs of large content teams.<\/li>\n<\/ul>\n<p>[\/vc_column_text][\/vc_column][\/vc_row][vc_row full_width=&#8221;stretch_row&#8221; bg_type=&#8221;bg_color&#8221; css=&#8221;.vc_custom_1731337382048{margin-bottom: 50px !important;margin-left: 70px !important;padding-top: 75px !important;padding-bottom: 75px !important;background-color: #ffffff !important;}&#8221; bg_color_value=&#8221;#000000&#8243;][vc_column width=&#8221;1\/3&#8243;][vc_column_text]<\/p>\n<h2 class=\"headline_superbig\"><span style=\"color: #ffffff;\">Best fit<\/span><\/h2>\n<p>[\/vc_column_text][\/vc_column][vc_column width=&#8221;2\/3&#8243;][vc_column_text]<\/p>\n<h3><span style=\"color: #ffffff;\">CoreMedia is particularly suitable for companies that:<\/span><\/h3>\n<p>&nbsp;<\/p>\n<ul>\n<li><span style=\"color: #ffffff;\">want to create <span style=\"color: #ef6c00;\">consistent, personalized content<\/span> experiences across multiple channels and platforms.<\/span><\/li>\n<li><span style=\"color: #ffffff;\">have complex content management requirements and need to <span style=\"color: #ef6c00;\">centrally manage multiple websites, brands or languages<\/span>.<\/span><\/li>\n<li><span style=\"color: #ffffff;\">need <span style=\"color: #ef6c00;\">fast time-to-market<\/span> and agility in content creation and adaptation.<\/span><\/li>\n<li><span style=\"color: #ffffff;\">pursue <span style=\"color: #ef6c00;\">omnichannel strategies<\/span> and want to seamlessly deliver content to web, mobile, social media and other channels.<\/span><\/li>\n<li><span style=\"color: #ffffff;\">have high requirements for <span style=\"color: #ef6c00;\">integrations with existing systems<\/span> such as e-commerce, CRM and marketing automation.<\/span><\/li>\n<li><span style=\"color: #ffffff;\">want to use data-driven personalization and <span style=\"color: #ef6c00;\">segmentation for targeted audience engagement<\/span> and conversion optimization.<\/span><\/li>\n<\/ul>\n<p>[\/vc_column_text][\/vc_column][\/vc_row][vc_row css=&#8221;.vc_custom_1731595154851{margin-bottom: 100px !important;}&#8221;][vc_column width=&#8221;1\/3&#8243;][\/vc_column][vc_column width=&#8221;2\/3&#8243;][vc_btn title=&#8221;ALL CONTENT MANAGEMENT TECHNOLOGIES&#8221; align=&#8221;left&#8221; i_icon_fontawesome=&#8221;fas fa-caret-right&#8221; add_icon=&#8221;true&#8221; link=&#8221;url:https%3A%2F%2Fwww.striped-giraffe.com%2Fen%2Ftechnologies%2Fcms%2F|title:E-Commerce-Technologien&#8221;][\/vc_column][\/vc_row][vc_row css=&#8221;.vc_custom_1731595162028{margin-bottom: 100px !important;}&#8221;][vc_column][vc_separator border_width=&#8221;3&#8243;][\/vc_column][\/vc_row][vc_row full_width=&#8221;stretch_row&#8221; css=&#8221;.vc_custom_1705587310854{margin-bottom: 50px !important;}&#8221;][vc_column][vc_row_inner][vc_column_inner width=&#8221;1\/3&#8243;][vc_column_text]<\/p>\n<h2 class=\"headline_superbig\">Let&#8217;s talk<\/h2>\n<p>[\/vc_column_text][\/vc_column_inner][vc_column_inner width=&#8221;2\/3&#8243;][vc_column_text]<\/p>\n<h3>Do you need a <strong>specific\u00a0offer<\/strong> or a <strong>sparring partner <\/strong>to discuss ideas?<\/h3>\n<h3>Just contact us:<\/h3>\n<ul>\n<li><a href=\"mailto:experts@striped-giraffe.com\">experts@striped-giraffe.com<\/a><\/li>\n<li><span style=\"color: #ef6c00;\">+49 (0)89-416 126-667<\/span><\/li>\n<\/ul>\n<p>[\/vc_column_text]<a class=\"calendly\" href=\"\" onclick=\"Calendly.initPopupWidget({url: 'https:\/\/calendly.com\/striped-giraffe\/30min'});return false;\">Or book a meeting<\/a>[vc_column_text css=&#8221;.vc_custom_1705587124145{margin-top: 32px !important;}&#8221;]<\/p>\n<h3>We will be happy to support you.<\/h3>\n<p>[\/vc_column_text][\/vc_column_inner][\/vc_row_inner][\/vc_column][\/vc_row][vc_row full_width=&#8221;stretch_row&#8221; css=&#8221;.vc_custom_1731595173290{margin-bottom: 0px !important;padding-top: 50px !important;padding-bottom: 100px !important;background-color: #000000 !important;}&#8221; el_id=&#8221;downloadsection&#8221;][vc_column el_class=&#8221;footerform&#8221;][vc_column_text]<\/p>\n<h3 style=\"text-align: center;\"><span style=\"color: #ef6c00;\">newsletter subscription<\/span><\/h3>\n<h2 class=\"headline_superbig\" style=\"color: #fff; text-align: center;\">Stay tuned!<\/h2>\n<p>[\/vc_column_text][vc_empty_space][vc_row_inner el_id=&#8221;wpcf7_form&#8221;][vc_column_inner][vc_column_text el_id=&#8221;acnews&#8221;]<div class='_form_144'><\/div><script type='text\/javascript' src='https:\/\/striped-giraffe.activehosted.com\/f\/embed.php?static=0&id=144&69D76B508A537&nostyles=0&preview=0'><\/script>[\/vc_column_text][\/vc_column_inner][\/vc_row_inner][\/vc_column][\/vc_row]<\/p>\n<\/section>","protected":false},"excerpt":{"rendered":"<p>[vc_row full_width=&#8221;stretch_row&#8221; bg_type=&#8221;image&#8221; parallax_style=&#8221;vcpb-default&#8221; bg_image_new=&#8221;id^38510|url^https:\/\/www.striped-giraffe.com\/wp-content\/uploads\/2024\/11\/Header_Technologies_CMS-1.jpg|caption^enterprise content management systems|alt^CMS|title^content management systems|description^enterprise content management systems&#8221; css=&#8221;.vc_custom_1731572221624{padding-top: 200px !important;padding-bottom: 200px !important;background-position: center !important;background-repeat: [&hellip;]<\/p>\n","protected":false},"author":2,"featured_media":38511,"parent":38658,"menu_order":0,"comment_status":"closed","ping_status":"closed","template":"","meta":{"footnotes":""},"acf":[],"yoast_head":"<!-- This site is optimized with the Yoast SEO Premium plugin v20.5 (Yoast SEO v20.5) - https:\/\/yoast.com\/wordpress\/plugins\/seo\/ -->\n<title>CoreMedia - Striped Giraffe<\/title>\n<meta name=\"description\" content=\"CoreMedia is particularly relevant for companies that require content management and personalization in complex environments.\" \/>\n<meta name=\"robots\" content=\"noindex, nofollow\" \/>\n<meta property=\"og:locale\" content=\"en_US\" \/>\n<meta property=\"og:type\" content=\"article\" \/>\n<meta property=\"og:title\" content=\"CoreMedia - Details\" \/>\n<meta property=\"og:description\" content=\"CoreMedia is particularly relevant for companies that require content management and personalization in complex environments.\" \/>\n<meta property=\"og:url\" content=\"https:\/\/www.striped-giraffe.com\/en\/technologies\/cms\/coremedia\/\" \/>\n<meta property=\"og:site_name\" content=\"Striped Giraffe\" \/>\n<meta property=\"article:modified_time\" content=\"2024-11-14T15:14:09+00:00\" \/>\n<meta property=\"og:image\" content=\"https:\/\/www.striped-giraffe.com\/wp-content\/uploads\/2024\/11\/Header_Technologies_CMS-1.jpg\" \/>\n\t<meta property=\"og:image:width\" content=\"1400\" \/>\n\t<meta property=\"og:image:height\" content=\"900\" \/>\n\t<meta property=\"og:image:type\" content=\"image\/jpeg\" \/>\n<meta name=\"twitter:card\" content=\"summary_large_image\" \/>\n<meta name=\"twitter:label1\" content=\"Est. reading time\" \/>\n\t<meta name=\"twitter:data1\" content=\"3 minutes\" \/>\n<script type=\"application\/ld+json\" class=\"yoast-schema-graph\">{\"@context\":\"https:\/\/schema.org\",\"@graph\":[{\"@type\":\"WebPage\",\"@id\":\"https:\/\/www.striped-giraffe.com\/en\/technologies\/cms\/coremedia\/\",\"url\":\"https:\/\/www.striped-giraffe.com\/en\/technologies\/cms\/coremedia\/\",\"name\":\"CoreMedia - Striped Giraffe\",\"isPartOf\":{\"@id\":\"https:\/\/www.striped-giraffe.com\/de\/#website\"},\"datePublished\":\"2024-11-14T09:58:31+00:00\",\"dateModified\":\"2024-11-14T15:14:09+00:00\",\"description\":\"CoreMedia is particularly relevant for companies that require content management and personalization in complex environments.\",\"breadcrumb\":{\"@id\":\"https:\/\/www.striped-giraffe.com\/en\/technologies\/cms\/coremedia\/#breadcrumb\"},\"inLanguage\":\"en-US\",\"potentialAction\":[{\"@type\":\"ReadAction\",\"target\":[\"https:\/\/www.striped-giraffe.com\/en\/technologies\/cms\/coremedia\/\"]}]},{\"@type\":\"BreadcrumbList\",\"@id\":\"https:\/\/www.striped-giraffe.com\/en\/technologies\/cms\/coremedia\/#breadcrumb\",\"itemListElement\":[{\"@type\":\"ListItem\",\"position\":1,\"name\":\"Technologies\",\"item\":\"https:\/\/www.striped-giraffe.com\/en\/technologies\/\"},{\"@type\":\"ListItem\",\"position\":2,\"name\":\"Content Management Systems\",\"item\":\"https:\/\/www.striped-giraffe.com\/en\/technologies\/cms\/\"},{\"@type\":\"ListItem\",\"position\":3,\"name\":\"CoreMedia &#8211; Details\"}]},{\"@type\":\"WebSite\",\"@id\":\"https:\/\/www.striped-giraffe.com\/de\/#website\",\"url\":\"https:\/\/www.striped-giraffe.com\/de\/\",\"name\":\"Striped Giraffe\",\"description\":\"Ihr zuverl\u00e4ssiger Anbieter f\u00fcr digitale Enterprise-L\u00f6sungen\",\"publisher\":{\"@id\":\"https:\/\/www.striped-giraffe.com\/de\/#organization\"},\"potentialAction\":[{\"@type\":\"SearchAction\",\"target\":{\"@type\":\"EntryPoint\",\"urlTemplate\":\"https:\/\/www.striped-giraffe.com\/de\/?s={search_term_string}\"},\"query-input\":\"required name=search_term_string\"}],\"inLanguage\":\"en-US\"},{\"@type\":\"Organization\",\"@id\":\"https:\/\/www.striped-giraffe.com\/de\/#organization\",\"name\":\"Striped Giraffe\",\"url\":\"https:\/\/www.striped-giraffe.com\/de\/\",\"logo\":{\"@type\":\"ImageObject\",\"inLanguage\":\"en-US\",\"@id\":\"https:\/\/www.striped-giraffe.com\/de\/#\/schema\/logo\/image\/\",\"url\":\"https:\/\/www.striped-giraffe.com\/wp-content\/uploads\/2021\/01\/giraffe_white.svg\",\"contentUrl\":\"https:\/\/www.striped-giraffe.com\/wp-content\/uploads\/2021\/01\/giraffe_white.svg\",\"caption\":\"Striped Giraffe\"},\"image\":{\"@id\":\"https:\/\/www.striped-giraffe.com\/de\/#\/schema\/logo\/image\/\"}}]}<\/script>\n<!-- \/ Yoast SEO Premium plugin. -->","yoast_head_json":{"title":"CoreMedia - Striped Giraffe","description":"CoreMedia is particularly relevant for companies that require content management and personalization in complex environments.","robots":{"index":"noindex","follow":"nofollow"},"og_locale":"en_US","og_type":"article","og_title":"CoreMedia - Details","og_description":"CoreMedia is particularly relevant for companies that require content management and personalization in complex environments.","og_url":"https:\/\/www.striped-giraffe.com\/en\/technologies\/cms\/coremedia\/","og_site_name":"Striped Giraffe","article_modified_time":"2024-11-14T15:14:09+00:00","og_image":[{"width":1400,"height":900,"url":"https:\/\/www.striped-giraffe.com\/wp-content\/uploads\/2024\/11\/Header_Technologies_CMS-1.jpg","type":"image\/jpeg"}],"twitter_card":"summary_large_image","twitter_misc":{"Est. reading time":"3 minutes"},"schema":{"@context":"https:\/\/schema.org","@graph":[{"@type":"WebPage","@id":"https:\/\/www.striped-giraffe.com\/en\/technologies\/cms\/coremedia\/","url":"https:\/\/www.striped-giraffe.com\/en\/technologies\/cms\/coremedia\/","name":"CoreMedia - Striped Giraffe","isPartOf":{"@id":"https:\/\/www.striped-giraffe.com\/de\/#website"},"datePublished":"2024-11-14T09:58:31+00:00","dateModified":"2024-11-14T15:14:09+00:00","description":"CoreMedia is particularly relevant for companies that require content management and personalization in complex environments.","breadcrumb":{"@id":"https:\/\/www.striped-giraffe.com\/en\/technologies\/cms\/coremedia\/#breadcrumb"},"inLanguage":"en-US","potentialAction":[{"@type":"ReadAction","target":["https:\/\/www.striped-giraffe.com\/en\/technologies\/cms\/coremedia\/"]}]},{"@type":"BreadcrumbList","@id":"https:\/\/www.striped-giraffe.com\/en\/technologies\/cms\/coremedia\/#breadcrumb","itemListElement":[{"@type":"ListItem","position":1,"name":"Technologies","item":"https:\/\/www.striped-giraffe.com\/en\/technologies\/"},{"@type":"ListItem","position":2,"name":"Content Management Systems","item":"https:\/\/www.striped-giraffe.com\/en\/technologies\/cms\/"},{"@type":"ListItem","position":3,"name":"CoreMedia &#8211; Details"}]},{"@type":"WebSite","@id":"https:\/\/www.striped-giraffe.com\/de\/#website","url":"https:\/\/www.striped-giraffe.com\/de\/","name":"Striped Giraffe","description":"Ihr zuverl\u00e4ssiger Anbieter f\u00fcr digitale Enterprise-L\u00f6sungen","publisher":{"@id":"https:\/\/www.striped-giraffe.com\/de\/#organization"},"potentialAction":[{"@type":"SearchAction","target":{"@type":"EntryPoint","urlTemplate":"https:\/\/www.striped-giraffe.com\/de\/?s={search_term_string}"},"query-input":"required name=search_term_string"}],"inLanguage":"en-US"},{"@type":"Organization","@id":"https:\/\/www.striped-giraffe.com\/de\/#organization","name":"Striped Giraffe","url":"https:\/\/www.striped-giraffe.com\/de\/","logo":{"@type":"ImageObject","inLanguage":"en-US","@id":"https:\/\/www.striped-giraffe.com\/de\/#\/schema\/logo\/image\/","url":"https:\/\/www.striped-giraffe.com\/wp-content\/uploads\/2021\/01\/giraffe_white.svg","contentUrl":"https:\/\/www.striped-giraffe.com\/wp-content\/uploads\/2021\/01\/giraffe_white.svg","caption":"Striped Giraffe"},"image":{"@id":"https:\/\/www.striped-giraffe.com\/de\/#\/schema\/logo\/image\/"}}]}},"_links":{"self":[{"href":"https:\/\/www.striped-giraffe.com\/en\/wp-json\/wp\/v2\/pages\/38689"}],"collection":[{"href":"https:\/\/www.striped-giraffe.com\/en\/wp-json\/wp\/v2\/pages"}],"about":[{"href":"https:\/\/www.striped-giraffe.com\/en\/wp-json\/wp\/v2\/types\/page"}],"author":[{"embeddable":true,"href":"https:\/\/www.striped-giraffe.com\/en\/wp-json\/wp\/v2\/users\/2"}],"replies":[{"embeddable":true,"href":"https:\/\/www.striped-giraffe.com\/en\/wp-json\/wp\/v2\/comments?post=38689"}],"version-history":[{"count":7,"href":"https:\/\/www.striped-giraffe.com\/en\/wp-json\/wp\/v2\/pages\/38689\/revisions"}],"predecessor-version":[{"id":38691,"href":"https:\/\/www.striped-giraffe.com\/en\/wp-json\/wp\/v2\/pages\/38689\/revisions\/38691"}],"up":[{"embeddable":true,"href":"https:\/\/www.striped-giraffe.com\/en\/wp-json\/wp\/v2\/pages\/38658"}],"wp:featuredmedia":[{"embeddable":true,"href":"https:\/\/www.striped-giraffe.com\/en\/wp-json\/wp\/v2\/media\/38511"}],"wp:attachment":[{"href":"https:\/\/www.striped-giraffe.com\/en\/wp-json\/wp\/v2\/media?parent=38689"}],"curies":[{"name":"wp","href":"https:\/\/api.w.org\/{rel}","templated":true}]}}