{"id":39444,"date":"2025-02-10T10:06:34","date_gmt":"2025-02-10T09:06:34","guid":{"rendered":"https:\/\/www.striped-giraffe.com\/?page_id=39444"},"modified":"2025-03-06T09:40:16","modified_gmt":"2025-03-06T08:40:16","slug":"e-book-data-management-in-pharma-healthcare","status":"publish","type":"page","link":"https:\/\/www.striped-giraffe.com\/en\/e-book-data-management-in-pharma-healthcare\/","title":{"rendered":"Download E-Book Data management in Pharma &#038; Healthcare"},"content":{"rendered":"<section class=\"wpb-content-wrapper\"><p>[vc_row full_width=&#8221;stretch_row&#8221; full_height=&#8221;yes&#8221; equal_height=&#8221;yes&#8221; bg_type=&#8221;image&#8221; parallax_style=&#8221;vcpb-default&#8221; bg_image_new=&#8221;id^39418|url^https:\/\/www.striped-giraffe.com\/wp-content\/uploads\/2025\/02\/Header_E-Book_Data_Pharma-2.jpg|caption^E-Book: Efficient data management in pharma &amp; healthcare|alt^E-Book: Efficient data management in pharma &amp; healthcare|title^Header_E-Book_Data_Pharma|description^E-Book: Efficient data management in pharma &amp; healthcare&#8221; css=&#8221;.vc_custom_1739793668866{margin-top: 0px !important;}&#8221;][vc_column css=&#8221;.vc_custom_1739793386789{padding-left: 50px !important;}&#8221;][vc_column_text]<\/p>\n<h2 class=\"headline_introduction\" style=\"text-align: left;\"><strong>E-Book\u00a0<\/strong><\/h2>\n<p>[\/vc_column_text][vc_column_text]<\/p>\n<h1 style=\"text-align: left;\"><span style=\"color: #ef6c00;\">Efficient<br \/>\nData management<\/span><\/h1>\n<h2 class=\"headline_superbig\" style=\"text-align: left;\">in Pharma &amp; Healthcare<\/h2>\n<p>[\/vc_column_text][vc_empty_space][vc_btn title=&#8221;Download&#8221; link=&#8221;url:%23downloadsection&#8221;][vc_empty_space][\/vc_column][\/vc_row][vc_row full_width=&#8221;stretch_row&#8221; gap=&#8221;35&#8243; bg_type=&#8221;bg_color&#8221; css=&#8221;.vc_custom_1739793496219{margin-bottom: 50px !important;padding-top: 50px !important;padding-bottom: 50px !important;padding-left: 50px !important;}&#8221; bg_color_value=&#8221;#000000&#8243;][vc_column width=&#8221;1\/3&#8243;][vc_column_text]<\/p>\n<h2 class=\"headline_superbig\"><span style=\"color: #ffffff;\">Content<\/span><\/h2>\n<p>[\/vc_column_text][\/vc_column][vc_column width=&#8221;2\/3&#8243;][vc_column_text]<span style=\"color: #ffffff;\">Data is at the heart of modern pharmaceutical companies. It drives innovation, optimizes processes, and improves patient care. From accelerating clinical trials to ensuring regulatory compliance, effective data management is critical to succeeding in a highly regulated and competitive industry.<\/span><\/p>\n<p><span style=\"color: #ffffff;\">This e-book illustrates how modern technologies and best practices can increase efficiency, security, and flexibility in data management.<\/span>[\/vc_column_text][vc_empty_space][vc_column_text]<\/p>\n<h3><span style=\"color: #ffffff;\">What this e-book is about:<\/span><\/h3>\n<ul>\n<li><span style=\"color: #ffffff;\"><strong>The importance of data in the pharmaceutical and healthcare industries<\/strong><\/span><\/li>\n<li><span style=\"color: #ffffff;\"><strong>Data management in a regulatory context<br \/>\n<\/strong>IDMP, SPOR, GDPR, FDA 21 CFR Part 11, HL7, HIPAA, GxP<\/span><\/li>\n<li><span style=\"color: #ffffff;\"><strong>Best practices for efficient data management<br \/>\n<\/strong>With solutions from leading pharmaceutical companies<\/span><\/li>\n<li><span style=\"color: #ffffff;\"><strong>Technology trends<br \/>\n<\/strong>From digital twin to blockchain<\/span><\/li>\n<\/ul>\n<p>[\/vc_column_text][\/vc_column][\/vc_row][vc_row css=&#8221;.vc_custom_1739809918996{margin-bottom: 50px !important;}&#8221; el_id=&#8221;downloadsection&#8221;][vc_column][\/vc_column][\/vc_row][vc_row gap=&#8221;35&#8243; css=&#8221;.vc_custom_1739809909199{margin-bottom: 100px !important;}&#8221;][vc_column width=&#8221;1\/3&#8243;][vc_column_text]<\/p>\n<h2 class=\"headline_superbig\">Download<\/h2>\n<p>[\/vc_column_text][vc_empty_space][vc_single_image image=&#8221;39436&#8243; img_size=&#8221;medium&#8221; css=&#8221;.vc_custom_1739809354392{padding-left: -200px !important;}&#8221;][\/vc_column][vc_column width=&#8221;2\/3&#8243;][vc_column_text]<div class='_form_161'><\/div><script type='text\/javascript' src='https:\/\/striped-giraffe.activehosted.com\/f\/embed.php?static=0&id=161&69F8BFFC945FD&nostyles=0&preview=0'><\/script>[\/vc_column_text][\/vc_column][\/vc_row][vc_row full_width=&#8221;stretch_row&#8221; css=&#8221;.vc_custom_1724756414783{margin-bottom: 150px !important;}&#8221;][vc_column][vc_row_inner][vc_column_inner width=&#8221;1\/3&#8243;][vc_column_text]<\/p>\n<h2 class=\"headline_superbig\">Let&#8217;s talk<\/h2>\n<p>[\/vc_column_text][\/vc_column_inner][vc_column_inner width=&#8221;2\/3&#8243;][vc_column_text]<\/p>\n<h3>Do you need a <strong>specific\u00a0offer<\/strong> or a <strong>sparring partner <\/strong>to discuss ideas?<\/h3>\n<h3>Just contact us:<\/h3>\n<ul>\n<li><a href=\"mailto:experts@striped-giraffe.com\">experts@striped-giraffe.com<\/a><\/li>\n<li><span style=\"color: #ef6c00;\">+49 (0)89-416 126-667<\/span><\/li>\n<\/ul>\n<p>[\/vc_column_text]<a class=\"calendly\" href=\"\" onclick=\"Calendly.initPopupWidget({url: 'https:\/\/calendly.com\/striped-giraffe\/30min'});return false;\">Or book a meeting<\/a>[vc_column_text css=&#8221;.vc_custom_1705587124145{margin-top: 32px !important;}&#8221;]<\/p>\n<h3>We will be happy to support you.<\/h3>\n<p>[\/vc_column_text][\/vc_column_inner][\/vc_row_inner][\/vc_column][\/vc_row][vc_row full_width=&#8221;stretch_row&#8221; gap=&#8221;35&#8243; bg_type=&#8221;bg_color&#8221; css=&#8221;.vc_custom_1609934688295{margin-top: 0px !important;margin-bottom: 0px !important;padding-top: 100px !important;padding-bottom: 100px !important;}&#8221; bg_color_value=&#8221;#000000&#8243;][vc_column][vc_row_inner][vc_column_inner width=&#8221;1\/3&#8243; css=&#8221;.vc_custom_1610013762619{padding-right: 25px !important;}&#8221;][vc_column_text]<\/p>\n<h2><span style=\"color: #ef6c00;\">WE CREATE ADDED VALUE<\/span> <span style=\"color: #ffffff;\">FOR OUR\u00a0 CUSTOMERS.<\/span><\/h2>\n<p><span style=\"color: #ffffff;\">This leads to a long-term cooperation with our customers, which we appreciate very much. You can find even more e-books, case studies, and co. in our <a style=\"color: #ffffff;\" href=\"https:\/\/www.striped-giraffe.com\/en\/insights\/\">Insights<\/a>.<\/span>[\/vc_column_text][\/vc_column_inner][vc_column_inner width=&#8221;1\/3&#8243;]<div class=\"templatera_shortcode\"><div class=\"vc_row wpb_row vc_row-fluid\"><div class=\"wpb_column vc_column_container vc_col-sm-12\"><div class=\"vc_column-inner\"><div class=\"wpb_wrapper\"><div id='' class='teaserbox  overlay'><div class='teaserbox_inner'><div class='teaserheadline'><h3 style='text-transform:uppercase;color:#ef6c00;font-family:DinWebPro Bold;'>E-BOOK<\/h3><h2 style='text-transform:none;color:#ffffff;'>Challenges and opportunities of digitalization in the financial sector<\/h2><\/div><div class='teasertext'><div class='wpb_wrapper'>Financial companies and insurance companies keep countless data on their customers as well as statistical evaluations. If these are analyzed and processed optimally, they can ensure the long-term success of the company&#039;s business.<\/div><\/div><div class='teaserlink'><a href='https:\/\/www.striped-giraffe.com\/en\/download-e-book-digitization-finance-insurance\/' style='color:#000000;'>Download<\/a><\/div><div class='wpb_single_image desktop_only'><img src='https:\/\/www.striped-giraffe.com\/wp-content\/uploads\/2023\/04\/Teaser_E-book_finance_en-600x960.jpg' \/><\/div><div class='wpb_single_image mobile_only'><img src='https:\/\/www.striped-giraffe.com\/wp-content\/uploads\/2023\/04\/Teaser_E-book_finance_en-600x700.jpg' \/><\/div><\/div><\/div><\/div><\/div><\/div><\/div><\/div>[\/vc_column_inner][vc_column_inner width=&#8221;1\/3&#8243;]<div class=\"templatera_shortcode\"><div class=\"vc_row wpb_row vc_row-fluid\"><div class=\"wpb_column vc_column_container vc_col-sm-12\"><div class=\"vc_column-inner\"><div class=\"wpb_wrapper\"><div id='' class='teaserbox  overlay'><div class='teaserbox_inner'><div class='teaserheadline'><h3 style='text-transform:uppercase;color:#ffffff;font-family:DinWebPro Bold;'>Data Integration<\/h3><h2 style='text-transform:none;color:#ffffff;'>For best Business Insights<\/h2><\/div><div class='teasertext'><div class='wpb_wrapper'>The biggest challenge is merging data silos to gain a holistic view.<\/div><\/div><div class='teaserlink'><a href='https:\/\/www.striped-giraffe.com\/en\/expertise\/data-management\/data-integration\/' style='color:#ffffff;'>More Details<\/a><\/div><div class='wpb_single_image desktop_only'><img src='https:\/\/www.striped-giraffe.com\/wp-content\/uploads\/2021\/02\/Data_Integration_Teaser-600x960.jpg' \/><\/div><div class='wpb_single_image mobile_only'><img src='https:\/\/www.striped-giraffe.com\/wp-content\/uploads\/2021\/02\/Data_Integration_Teaser-600x700.jpg' \/><\/div><\/div><\/div><\/div><\/div><\/div><\/div><\/div>[\/vc_column_inner][\/vc_row_inner][\/vc_column][\/vc_row]<\/p>\n<\/section>","protected":false},"excerpt":{"rendered":"E-Book\u00a0 Efficient Data management in Pharma &amp; Healthcare Download Content Data is at the heart of modern pharmaceutical companies. It [...]","protected":false},"author":2,"featured_media":39436,"parent":0,"menu_order":0,"comment_status":"closed","ping_status":"closed","template":"page-sidebar.php","meta":{"footnotes":""},"acf":[],"yoast_head":"<!-- This site is optimized with the Yoast SEO Premium plugin v20.5 (Yoast SEO v20.5) - https:\/\/yoast.com\/wordpress\/plugins\/seo\/ -->\n<title>E-Book: Datenmanagement in Pharma &amp; Healthcare<\/title>\n<meta name=\"description\" content=\"So k\u00f6nnen Pharmaunternehmen mit moderne Technologien und Best Practices die Effizienz und Sicherheit in der Datenverwaltung steigern.\" \/>\n<meta name=\"robots\" content=\"index, follow, max-snippet:-1, max-image-preview:large, max-video-preview:-1\" \/>\n<link rel=\"canonical\" href=\"https:\/\/www.striped-giraffe.com\/en\/e-book-data-management-in-pharma-healthcare\/\" \/>\n<meta property=\"og:locale\" content=\"en_US\" \/>\n<meta property=\"og:type\" content=\"article\" \/>\n<meta property=\"og:title\" content=\"Download E-Book Data management in Pharma &amp; Healthcare\" \/>\n<meta property=\"og:description\" content=\"So k\u00f6nnen Pharmaunternehmen mit moderne Technologien und Best Practices die Effizienz und Sicherheit in der Datenverwaltung steigern.\" \/>\n<meta property=\"og:url\" content=\"https:\/\/www.striped-giraffe.com\/en\/e-book-data-management-in-pharma-healthcare\/\" \/>\n<meta property=\"og:site_name\" content=\"Striped Giraffe\" \/>\n<meta property=\"article:modified_time\" content=\"2025-03-06T08:40:16+00:00\" \/>\n<meta property=\"og:image\" content=\"https:\/\/www.striped-giraffe.com\/wp-content\/uploads\/2025\/02\/STG-Effizientes-Datenmanagement-Pharma-Healthcare-03-1.jpg\" \/>\n\t<meta property=\"og:image:width\" content=\"1703\" \/>\n\t<meta property=\"og:image:height\" content=\"1920\" \/>\n\t<meta property=\"og:image:type\" content=\"image\/jpeg\" \/>\n<meta name=\"twitter:card\" content=\"summary_large_image\" \/>\n<meta name=\"twitter:label1\" content=\"Est. reading time\" \/>\n\t<meta name=\"twitter:data1\" content=\"2 minutes\" \/>\n<script type=\"application\/ld+json\" class=\"yoast-schema-graph\">{\"@context\":\"https:\/\/schema.org\",\"@graph\":[{\"@type\":\"WebPage\",\"@id\":\"https:\/\/www.striped-giraffe.com\/en\/e-book-data-management-in-pharma-healthcare\/\",\"url\":\"https:\/\/www.striped-giraffe.com\/en\/e-book-data-management-in-pharma-healthcare\/\",\"name\":\"E-Book: Datenmanagement in Pharma & Healthcare\",\"isPartOf\":{\"@id\":\"https:\/\/www.striped-giraffe.com\/de\/#website\"},\"datePublished\":\"2025-02-10T09:06:34+00:00\",\"dateModified\":\"2025-03-06T08:40:16+00:00\",\"description\":\"So k\u00f6nnen Pharmaunternehmen mit moderne Technologien und Best Practices die Effizienz und Sicherheit in der Datenverwaltung steigern.\",\"inLanguage\":\"en-US\",\"potentialAction\":[{\"@type\":\"ReadAction\",\"target\":[\"https:\/\/www.striped-giraffe.com\/en\/e-book-data-management-in-pharma-healthcare\/\"]}]},{\"@type\":\"WebSite\",\"@id\":\"https:\/\/www.striped-giraffe.com\/de\/#website\",\"url\":\"https:\/\/www.striped-giraffe.com\/de\/\",\"name\":\"Striped Giraffe\",\"description\":\"Ihr zuverl\u00e4ssiger Anbieter f\u00fcr digitale Enterprise-L\u00f6sungen\",\"publisher\":{\"@id\":\"https:\/\/www.striped-giraffe.com\/de\/#organization\"},\"potentialAction\":[{\"@type\":\"SearchAction\",\"target\":{\"@type\":\"EntryPoint\",\"urlTemplate\":\"https:\/\/www.striped-giraffe.com\/de\/?s={search_term_string}\"},\"query-input\":\"required name=search_term_string\"}],\"inLanguage\":\"en-US\"},{\"@type\":\"Organization\",\"@id\":\"https:\/\/www.striped-giraffe.com\/de\/#organization\",\"name\":\"Striped Giraffe\",\"url\":\"https:\/\/www.striped-giraffe.com\/de\/\",\"logo\":{\"@type\":\"ImageObject\",\"inLanguage\":\"en-US\",\"@id\":\"https:\/\/www.striped-giraffe.com\/de\/#\/schema\/logo\/image\/\",\"url\":\"https:\/\/www.striped-giraffe.com\/wp-content\/uploads\/2021\/01\/giraffe_white.svg\",\"contentUrl\":\"https:\/\/www.striped-giraffe.com\/wp-content\/uploads\/2021\/01\/giraffe_white.svg\",\"caption\":\"Striped Giraffe\"},\"image\":{\"@id\":\"https:\/\/www.striped-giraffe.com\/de\/#\/schema\/logo\/image\/\"}}]}<\/script>\n<!-- \/ Yoast SEO Premium plugin. -->","yoast_head_json":{"title":"E-Book: Datenmanagement in Pharma & Healthcare","description":"So k\u00f6nnen Pharmaunternehmen mit moderne Technologien und Best Practices die Effizienz und Sicherheit in der Datenverwaltung steigern.","robots":{"index":"index","follow":"follow","max-snippet":"max-snippet:-1","max-image-preview":"max-image-preview:large","max-video-preview":"max-video-preview:-1"},"canonical":"https:\/\/www.striped-giraffe.com\/en\/e-book-data-management-in-pharma-healthcare\/","og_locale":"en_US","og_type":"article","og_title":"Download E-Book Data management in Pharma & Healthcare","og_description":"So k\u00f6nnen Pharmaunternehmen mit moderne Technologien und Best Practices die Effizienz und Sicherheit in der Datenverwaltung steigern.","og_url":"https:\/\/www.striped-giraffe.com\/en\/e-book-data-management-in-pharma-healthcare\/","og_site_name":"Striped Giraffe","article_modified_time":"2025-03-06T08:40:16+00:00","og_image":[{"width":1703,"height":1920,"url":"https:\/\/www.striped-giraffe.com\/wp-content\/uploads\/2025\/02\/STG-Effizientes-Datenmanagement-Pharma-Healthcare-03-1.jpg","type":"image\/jpeg"}],"twitter_card":"summary_large_image","twitter_misc":{"Est. reading time":"2 minutes"},"schema":{"@context":"https:\/\/schema.org","@graph":[{"@type":"WebPage","@id":"https:\/\/www.striped-giraffe.com\/en\/e-book-data-management-in-pharma-healthcare\/","url":"https:\/\/www.striped-giraffe.com\/en\/e-book-data-management-in-pharma-healthcare\/","name":"E-Book: Datenmanagement in Pharma & Healthcare","isPartOf":{"@id":"https:\/\/www.striped-giraffe.com\/de\/#website"},"datePublished":"2025-02-10T09:06:34+00:00","dateModified":"2025-03-06T08:40:16+00:00","description":"So k\u00f6nnen Pharmaunternehmen mit moderne Technologien und Best Practices die Effizienz und Sicherheit in der Datenverwaltung steigern.","inLanguage":"en-US","potentialAction":[{"@type":"ReadAction","target":["https:\/\/www.striped-giraffe.com\/en\/e-book-data-management-in-pharma-healthcare\/"]}]},{"@type":"WebSite","@id":"https:\/\/www.striped-giraffe.com\/de\/#website","url":"https:\/\/www.striped-giraffe.com\/de\/","name":"Striped Giraffe","description":"Ihr zuverl\u00e4ssiger Anbieter f\u00fcr digitale Enterprise-L\u00f6sungen","publisher":{"@id":"https:\/\/www.striped-giraffe.com\/de\/#organization"},"potentialAction":[{"@type":"SearchAction","target":{"@type":"EntryPoint","urlTemplate":"https:\/\/www.striped-giraffe.com\/de\/?s={search_term_string}"},"query-input":"required name=search_term_string"}],"inLanguage":"en-US"},{"@type":"Organization","@id":"https:\/\/www.striped-giraffe.com\/de\/#organization","name":"Striped Giraffe","url":"https:\/\/www.striped-giraffe.com\/de\/","logo":{"@type":"ImageObject","inLanguage":"en-US","@id":"https:\/\/www.striped-giraffe.com\/de\/#\/schema\/logo\/image\/","url":"https:\/\/www.striped-giraffe.com\/wp-content\/uploads\/2021\/01\/giraffe_white.svg","contentUrl":"https:\/\/www.striped-giraffe.com\/wp-content\/uploads\/2021\/01\/giraffe_white.svg","caption":"Striped Giraffe"},"image":{"@id":"https:\/\/www.striped-giraffe.com\/de\/#\/schema\/logo\/image\/"}}]}},"_links":{"self":[{"href":"https:\/\/www.striped-giraffe.com\/en\/wp-json\/wp\/v2\/pages\/39444"}],"collection":[{"href":"https:\/\/www.striped-giraffe.com\/en\/wp-json\/wp\/v2\/pages"}],"about":[{"href":"https:\/\/www.striped-giraffe.com\/en\/wp-json\/wp\/v2\/types\/page"}],"author":[{"embeddable":true,"href":"https:\/\/www.striped-giraffe.com\/en\/wp-json\/wp\/v2\/users\/2"}],"replies":[{"embeddable":true,"href":"https:\/\/www.striped-giraffe.com\/en\/wp-json\/wp\/v2\/comments?post=39444"}],"version-history":[{"count":15,"href":"https:\/\/www.striped-giraffe.com\/en\/wp-json\/wp\/v2\/pages\/39444\/revisions"}],"predecessor-version":[{"id":39502,"href":"https:\/\/www.striped-giraffe.com\/en\/wp-json\/wp\/v2\/pages\/39444\/revisions\/39502"}],"wp:featuredmedia":[{"embeddable":true,"href":"https:\/\/www.striped-giraffe.com\/en\/wp-json\/wp\/v2\/media\/39436"}],"wp:attachment":[{"href":"https:\/\/www.striped-giraffe.com\/en\/wp-json\/wp\/v2\/media?parent=39444"}],"curies":[{"name":"wp","href":"https:\/\/api.w.org\/{rel}","templated":true}]}}