{"id":39858,"date":"2025-04-24T16:08:09","date_gmt":"2025-04-24T14:08:09","guid":{"rendered":"https:\/\/www.striped-giraffe.com\/technologies\/ecommerce-systems\/alokai\/"},"modified":"2025-04-28T17:50:19","modified_gmt":"2025-04-28T15:50:19","slug":"alokai","status":"publish","type":"page","link":"https:\/\/www.striped-giraffe.com\/en\/technologies\/ecommerce-systems\/alokai\/","title":{"rendered":"Alokai &#8211; Details"},"content":{"rendered":"<section class=\"wpb-content-wrapper\"><p>[vc_row full_width=&#8221;stretch_row&#8221; bg_type=&#8221;image&#8221; parallax_style=&#8221;vcpb-default&#8221; bg_image_new=&#8221;id^38480|url^https:\/\/www.striped-giraffe.com\/wp-content\/uploads\/2024\/11\/Header_Technologies_E-Commerce-1.jpg|caption^e-commerce technologies, PIM\/PCM, marketplaces, payment, omnichannel|alt^e-commerce technologies|title^Image of data processing with credit card and smartphone over li|description^e-commerce technologies, PIM\/PCM, marketplaces, payment, omnichannel&#8221; css=&#8221;.vc_custom_1731333594874{padding-top: 200px !important;padding-bottom: 200px !important;background-position: center !important;background-repeat: no-repeat !important;background-size: cover !important;}&#8221;][vc_column][vc_column_text]<\/p>\n<h3><span style=\"color: #ef6c00;\">E-Commerce Systems<\/span><\/h3>\n<h1><span style=\"color: #ffffff;\">Alokai<\/span><\/h1>\n<p>[\/vc_column_text][\/vc_column][\/vc_row][vc_row gap=&#8221;35&#8243; el_class=&#8221;closetotop&#8221; css=&#8221;.vc_custom_1731491533556{padding-bottom: 50px !important;background-color: #ffffff !important;}&#8221;][vc_column width=&#8221;1\/3&#8243;][vc_single_image image=&#8221;39854&#8243; img_size=&#8221;medium&#8221;][\/vc_column][vc_column width=&#8221;2\/3&#8243; css=&#8221;.vc_custom_1731491551035{padding-top: 50px !important;}&#8221;][vc_column_text]<\/p>\n<h3 style=\"text-align: center;\"><span style=\"font-weight: 400;\">Alokai connects all the technologies needed to build and deploy fast &amp; scalable ecommerce frontends<\/span><\/h3>\n<p>[\/vc_column_text][\/vc_column][\/vc_row][vc_row gap=&#8221;35&#8243; css=&#8221;.vc_custom_1731334060703{margin-bottom: 50px !important;background-color: #ffffff !important;}&#8221;][vc_column width=&#8221;1\/3&#8243;][vc_column_text]<\/p>\n<h2 class=\"headline_superbig\">Product<br \/>\ndetails<\/h2>\n<p>[\/vc_column_text][\/vc_column][vc_column width=&#8221;1\/3&#8243;][vc_column_text]<span style=\"font-weight: 400;\"><strong><span style=\"color: #ef6c00;\">Technology<\/span><\/strong><br \/>\n<\/span><span style=\"font-weight: 400;\">An end-to-end frontend platform with a design system, production-ready storefront, unified integration layer, cloud platform, and analytics.\u00a0<\/span><\/p>\n<p><strong><span style=\"color: #ef6c00;\">Cost model<br \/>\n<\/span><\/strong><span style=\"font-weight: 400;\">License-based pricing<\/span><\/p>\n<p><strong><span style=\"color: #ef6c00;\">Business model<br \/>\n<\/span><\/strong><span style=\"font-weight: 400;\">B2C, B2B, B2B2C\u00a0<\/span><\/p>\n<p><span style=\"font-weight: 400;\"><strong><span style=\"color: #ef6c00;\">Flexibility<\/span><\/strong>\u00a0<\/span><\/p>\n<ul>\n<li style=\"font-weight: 400;\" aria-level=\"1\"><span style=\"font-weight: 400;\">Composable architecture for complete or partial customization<\/span><\/li>\n<li style=\"font-weight: 400;\" aria-level=\"1\"><span style=\"font-weight: 400;\">Ecosystem of pre-built integrations for headless CMS, payment, search, e-commerce backend solutions<\/span><\/li>\n<\/ul>\n<p><strong><span style=\"color: #ef6c00;\">Future-proof<br \/>\n<\/span><\/strong><span style=\"font-weight: 400;\">Scale step by step, replacing or adding components when you need to<\/span><\/p>\n<p><strong><span style=\"color: #ef6c00;\">Features\/functions<\/span><\/strong><\/p>\n<ul>\n<li style=\"font-weight: 400;\" aria-level=\"1\"><a href=\"https:\/\/docs.alokai.com\/storefront\" target=\"_blank\" rel=\"noopener\"><span style=\"font-weight: 400;\">Alokai Storefront<\/span><\/a><span style=\"font-weight: 400;\"> \u2013 a production-ready, customizable storefront;<\/span><\/li>\n<li style=\"font-weight: 400;\" aria-level=\"1\"><a href=\"https:\/\/alokai.com\/product\/connect\" target=\"_blank\" rel=\"noopener\"><span style=\"font-weight: 400;\">Alokai Connect<\/span><\/a><span style=\"font-weight: 400;\"> \u2013 an integration layer for simple data orchestration;<\/span><\/li>\n<li style=\"font-weight: 400;\" aria-level=\"1\"><span style=\"font-weight: 400;\">Unified Data Layer &#8211; an abstraction layer for integrations, decoupling them from the storefront<\/span><\/li>\n<li style=\"font-weight: 400;\" aria-level=\"1\"><a href=\"https:\/\/alokai.com\/product\/cloud\" target=\"_blank\" rel=\"noopener\"><span style=\"font-weight: 400;\">Alokai Cloud<\/span><\/a><span style=\"font-weight: 400;\"> \u2013 a Cloud infrastructure with built-in auto-scaling and 99.9% SLA;<\/span><\/li>\n<li style=\"font-weight: 400;\" aria-level=\"1\"><a href=\"https:\/\/alokai.com\/product\/console\" target=\"_blank\" rel=\"noopener\"><span style=\"font-weight: 400;\">Alokai Console<\/span><\/a><span style=\"font-weight: 400;\"> \u2013 a performance monitoring and reporting tool.\u00a0\u00a0<\/span><\/li>\n<li style=\"font-weight: 400;\" aria-level=\"1\"><span style=\"font-weight: 400;\">Commerce Intelligence &#8211; an analytics solution for identifying revenue-impacting opportunities in your storefront<\/span><\/li>\n<\/ul>\n<p><strong><span style=\"color: #ef6c00;\">More characteristics<br \/>\n<\/span><\/strong><span style=\"font-weight: 400;\">Accelerated implementation\u00a0<\/span>[\/vc_column_text][\/vc_column][vc_column width=&#8221;1\/3&#8243;][vc_column_text]<strong><span style=\"color: #ef6c00;\">Key aspects of operation<\/span><\/strong><\/p>\n<ul>\n<li style=\"font-weight: 400;\" aria-level=\"1\"><span style=\"font-weight: 400;\">The component library enables simple implementation of key UI elements for e-commerce stores and scalability<\/span><\/li>\n<li style=\"font-weight: 400;\" aria-level=\"1\"><span style=\"font-weight: 400;\">Cloud platform reduces the deployment time, improves website performance, and ensures reliable operation under any circumstances<\/span><\/li>\n<li style=\"font-weight: 400;\" aria-level=\"1\"><span style=\"font-weight: 400;\">Ongoing product support and close collaboration with Alokai\u2019s team during the launch ensure successful implementation<\/span><\/li>\n<\/ul>\n<p><strong><span style=\"color: #ef6c00;\">Estimated effort for implementation<\/span><\/strong><\/p>\n<ul>\n<li style=\"font-weight: 400;\" aria-level=\"1\"><span style=\"font-weight: 400;\">Medium, given the development team\u2019s familiarity with <\/span><a href=\"http:\/\/vue.js\/React\" target=\"_blank\" rel=\"noopener\">Vue.js\/React<\/a><span style=\"font-weight: 400;\"> frameworks\u00a0<\/span><\/li>\n<li style=\"font-weight: 400;\" aria-level=\"1\"><span style=\"font-weight: 400;\">3-6 months for initial implementation<\/span><\/li>\n<li style=\"font-weight: 400;\" aria-level=\"1\"><span style=\"font-weight: 400;\">Increased operational efficiency thanks to pre-built components and ready-made integrations<\/span><\/li>\n<li style=\"font-weight: 400;\" aria-level=\"1\"><span style=\"font-weight: 400;\">Low-effort implementation of all additional components after the initial deployment\u00a0<\/span><\/li>\n<\/ul>\n<p><strong><span style=\"color: #ef6c00;\">Estimated operating costs<br \/>\n<\/span><\/strong><span style=\"font-weight: 400;\"><strong>Medium<\/strong> to <strong>high<\/strong> upfront investment that results in reduced overall operating costs compared to custom-made solutions in the long term\u00a0<\/span>[\/vc_column_text][\/vc_column][\/vc_row][vc_row full_width=&#8221;stretch_row&#8221; bg_type=&#8221;bg_color&#8221; css=&#8221;.vc_custom_1731337382048{margin-bottom: 50px !important;margin-left: 70px !important;padding-top: 75px !important;padding-bottom: 75px !important;background-color: #ffffff !important;}&#8221; bg_color_value=&#8221;#000000&#8243;][vc_column width=&#8221;1\/3&#8243;][vc_column_text]<\/p>\n<h2 class=\"headline_superbig\"><span style=\"color: #ffffff;\">Best Fit<\/span><\/h2>\n<p>[\/vc_column_text][\/vc_column][vc_column width=&#8221;2\/3&#8243;][vc_column_text]<\/p>\n<h3><strong><span style=\"color: #ffffff;\">Alokai will be the perfect solution for e-commerce companies that:<\/span><\/strong><\/h3>\n<ul>\n<li><span style=\"color: #ffffff;\">aim to scale their business <span style=\"color: #ef6c00;\">gradually over time<\/span> with best-of-breed technologies<\/span><\/li>\n<li><span style=\"color: #ffffff;\">operate across <span style=\"color: #ef6c00;\">multiple brands and\/or regions<\/span> and need a simple and scalable technology<\/span><\/li>\n<li><span style=\"color: #ffffff;\">seek omnichannel <span style=\"color: #ef6c00;\">personalized solutions<\/span> for the best customer experience<\/span><\/li>\n<li><span style=\"color: #ffffff;\">don\u2019t want to lock themselves within the <span style=\"color: #ef6c00;\">constraints of a monolithic architecture<\/span>\u00a0<\/span><\/li>\n<li><span style=\"color: #ffffff;\">want to <span style=\"color: #ef6c00;\">reduce IT dependencies<\/span> and accelerate time to market\u00a0<\/span><\/li>\n<\/ul>\n<p>[\/vc_column_text][\/vc_column][\/vc_row][vc_row css=&#8221;.vc_custom_1731599555305{margin-bottom: 100px !important;}&#8221;][vc_column width=&#8221;1\/3&#8243;][\/vc_column][vc_column width=&#8221;2\/3&#8243;][vc_btn title=&#8221;ALL E-COMMERCE SYSTEMS&#8221; align=&#8221;left&#8221; i_icon_fontawesome=&#8221;fas fa-caret-right&#8221; add_icon=&#8221;true&#8221; link=&#8221;url:https%3A%2F%2Fwww.striped-giraffe.com%2Fen%2Ftechnologies%2Fecommerce-systems%2F|title:E-Commerce-Systeme&#8221;][\/vc_column][\/vc_row][vc_row css=&#8221;.vc_custom_1731599555305{margin-bottom: 100px !important;}&#8221;][vc_column][vc_separator border_width=&#8221;3&#8243;][\/vc_column][\/vc_row][vc_row full_width=&#8221;stretch_row&#8221; css=&#8221;.vc_custom_1705587310854{margin-bottom: 50px !important;}&#8221;][vc_column][vc_row_inner][vc_column_inner width=&#8221;1\/3&#8243;][vc_column_text]<\/p>\n<h2 class=\"headline_superbig\">Let&#8217;s talk<\/h2>\n<p>[\/vc_column_text][\/vc_column_inner][vc_column_inner width=&#8221;2\/3&#8243;][vc_column_text]<\/p>\n<h3>Do you need a <strong>specific\u00a0offer<\/strong> or a <strong>sparring partner <\/strong>to discuss ideas?<\/h3>\n<h3>Just contact us:<\/h3>\n<ul>\n<li><a href=\"mailto:experts@striped-giraffe.com\">experts@striped-giraffe.com<\/a><\/li>\n<li><span style=\"color: #ef6c00;\">+49 (0)89-416 126-667<\/span><\/li>\n<\/ul>\n<p>[\/vc_column_text]<a class=\"calendly\" href=\"\" onclick=\"Calendly.initPopupWidget({url: 'https:\/\/calendly.com\/striped-giraffe\/30min'});return false;\">Or book a meeting<\/a>[vc_column_text css=&#8221;.vc_custom_1705587124145{margin-top: 32px !important;}&#8221;]<\/p>\n<h3>We will be happy to support you.<\/h3>\n<p>[\/vc_column_text][\/vc_column_inner][\/vc_row_inner][\/vc_column][\/vc_row][vc_row full_width=&#8221;stretch_row&#8221; css=&#8221;.vc_custom_1731596387487{margin-bottom: 0px !important;padding-top: 50px !important;padding-bottom: 100px !important;background-color: #000000 !important;}&#8221; el_id=&#8221;downloadsection&#8221;][vc_column el_class=&#8221;footerform&#8221;][vc_column_text]<\/p>\n<h3 style=\"text-align: center;\"><span style=\"color: #ef6c00;\">newsletter subscription<\/span><\/h3>\n<h2 class=\"headline_superbig\" style=\"color: #fff; text-align: center;\">Stay tuned!<\/h2>\n<p>[\/vc_column_text][vc_empty_space][vc_row_inner el_id=&#8221;wpcf7_form&#8221;][vc_column_inner][vc_column_text el_id=&#8221;acnews&#8221;]<div class='_form_144'><\/div><script type='text\/javascript' src='https:\/\/striped-giraffe.activehosted.com\/f\/embed.php?static=0&id=144&69E211A8607CE&nostyles=0&preview=0'><\/script>[\/vc_column_text][\/vc_column_inner][\/vc_row_inner][\/vc_column][\/vc_row]<\/p>\n<\/section>","protected":false},"excerpt":{"rendered":"<p>[vc_row full_width=&#8221;stretch_row&#8221; bg_type=&#8221;image&#8221; parallax_style=&#8221;vcpb-default&#8221; bg_image_new=&#8221;id^38480|url^https:\/\/www.striped-giraffe.com\/wp-content\/uploads\/2024\/11\/Header_Technologies_E-Commerce-1.jpg|caption^e-commerce technologies, PIM\/PCM, marketplaces, payment, omnichannel|alt^e-commerce technologies|title^Image of data processing with credit card and smartphone over [&hellip;]<\/p>\n","protected":false},"author":2,"featured_media":0,"parent":38542,"menu_order":0,"comment_status":"closed","ping_status":"closed","template":"","meta":{"footnotes":""},"acf":[],"yoast_head":"<!-- This site is optimized with the Yoast SEO Premium plugin v20.5 (Yoast SEO v20.5) - https:\/\/yoast.com\/wordpress\/plugins\/seo\/ -->\n<title>Alokai - Details - Striped Giraffe<\/title>\n<meta name=\"description\" content=\"Alokai (middle layer) connects all the technologies needed to build and deploy fast &amp; scalable ecommerce frontends.\" \/>\n<meta name=\"robots\" content=\"index, follow, max-snippet:-1, max-image-preview:large, max-video-preview:-1\" \/>\n<link rel=\"canonical\" href=\"https:\/\/www.striped-giraffe.com\/en\/technologies\/ecommerce-systems\/alokai\/\" \/>\n<meta property=\"og:locale\" content=\"en_US\" \/>\n<meta property=\"og:type\" content=\"article\" \/>\n<meta property=\"og:title\" content=\"Alokai - Details\" \/>\n<meta property=\"og:description\" content=\"Alokai (middle layer) connects all the technologies needed to build and deploy fast &amp; scalable ecommerce frontends.\" \/>\n<meta property=\"og:url\" content=\"https:\/\/www.striped-giraffe.com\/en\/technologies\/ecommerce-systems\/alokai\/\" \/>\n<meta property=\"og:site_name\" content=\"Striped Giraffe\" \/>\n<meta property=\"article:modified_time\" content=\"2025-04-28T15:50:19+00:00\" \/>\n<meta name=\"twitter:card\" content=\"summary_large_image\" \/>\n<meta name=\"twitter:label1\" content=\"Est. reading time\" \/>\n\t<meta name=\"twitter:data1\" content=\"3 minutes\" \/>\n<script type=\"application\/ld+json\" class=\"yoast-schema-graph\">{\"@context\":\"https:\/\/schema.org\",\"@graph\":[{\"@type\":\"WebPage\",\"@id\":\"https:\/\/www.striped-giraffe.com\/en\/technologies\/ecommerce-systems\/alokai\/\",\"url\":\"https:\/\/www.striped-giraffe.com\/en\/technologies\/ecommerce-systems\/alokai\/\",\"name\":\"Alokai - Details - Striped Giraffe\",\"isPartOf\":{\"@id\":\"https:\/\/www.striped-giraffe.com\/de\/#website\"},\"datePublished\":\"2025-04-24T14:08:09+00:00\",\"dateModified\":\"2025-04-28T15:50:19+00:00\",\"description\":\"Alokai (middle layer) connects all the technologies needed to build and deploy fast & scalable ecommerce frontends.\",\"breadcrumb\":{\"@id\":\"https:\/\/www.striped-giraffe.com\/en\/technologies\/ecommerce-systems\/alokai\/#breadcrumb\"},\"inLanguage\":\"en-US\",\"potentialAction\":[{\"@type\":\"ReadAction\",\"target\":[\"https:\/\/www.striped-giraffe.com\/en\/technologies\/ecommerce-systems\/alokai\/\"]}]},{\"@type\":\"BreadcrumbList\",\"@id\":\"https:\/\/www.striped-giraffe.com\/en\/technologies\/ecommerce-systems\/alokai\/#breadcrumb\",\"itemListElement\":[{\"@type\":\"ListItem\",\"position\":1,\"name\":\"Technologies\",\"item\":\"https:\/\/www.striped-giraffe.com\/en\/technologies\/\"},{\"@type\":\"ListItem\",\"position\":2,\"name\":\"E-Commerce Systems\",\"item\":\"https:\/\/www.striped-giraffe.com\/en\/technologies\/ecommerce-systems\/\"},{\"@type\":\"ListItem\",\"position\":3,\"name\":\"Alokai &#8211; Details\"}]},{\"@type\":\"WebSite\",\"@id\":\"https:\/\/www.striped-giraffe.com\/de\/#website\",\"url\":\"https:\/\/www.striped-giraffe.com\/de\/\",\"name\":\"Striped Giraffe\",\"description\":\"Ihr zuverl\u00e4ssiger Anbieter f\u00fcr digitale Enterprise-L\u00f6sungen\",\"publisher\":{\"@id\":\"https:\/\/www.striped-giraffe.com\/de\/#organization\"},\"potentialAction\":[{\"@type\":\"SearchAction\",\"target\":{\"@type\":\"EntryPoint\",\"urlTemplate\":\"https:\/\/www.striped-giraffe.com\/de\/?s={search_term_string}\"},\"query-input\":\"required name=search_term_string\"}],\"inLanguage\":\"en-US\"},{\"@type\":\"Organization\",\"@id\":\"https:\/\/www.striped-giraffe.com\/de\/#organization\",\"name\":\"Striped Giraffe\",\"url\":\"https:\/\/www.striped-giraffe.com\/de\/\",\"logo\":{\"@type\":\"ImageObject\",\"inLanguage\":\"en-US\",\"@id\":\"https:\/\/www.striped-giraffe.com\/de\/#\/schema\/logo\/image\/\",\"url\":\"https:\/\/www.striped-giraffe.com\/wp-content\/uploads\/2021\/01\/giraffe_white.svg\",\"contentUrl\":\"https:\/\/www.striped-giraffe.com\/wp-content\/uploads\/2021\/01\/giraffe_white.svg\",\"caption\":\"Striped Giraffe\"},\"image\":{\"@id\":\"https:\/\/www.striped-giraffe.com\/de\/#\/schema\/logo\/image\/\"}}]}<\/script>\n<!-- \/ Yoast SEO Premium plugin. -->","yoast_head_json":{"title":"Alokai - Details - Striped Giraffe","description":"Alokai (middle layer) connects all the technologies needed to build and deploy fast & scalable ecommerce frontends.","robots":{"index":"index","follow":"follow","max-snippet":"max-snippet:-1","max-image-preview":"max-image-preview:large","max-video-preview":"max-video-preview:-1"},"canonical":"https:\/\/www.striped-giraffe.com\/en\/technologies\/ecommerce-systems\/alokai\/","og_locale":"en_US","og_type":"article","og_title":"Alokai - Details","og_description":"Alokai (middle layer) connects all the technologies needed to build and deploy fast & scalable ecommerce frontends.","og_url":"https:\/\/www.striped-giraffe.com\/en\/technologies\/ecommerce-systems\/alokai\/","og_site_name":"Striped Giraffe","article_modified_time":"2025-04-28T15:50:19+00:00","twitter_card":"summary_large_image","twitter_misc":{"Est. reading time":"3 minutes"},"schema":{"@context":"https:\/\/schema.org","@graph":[{"@type":"WebPage","@id":"https:\/\/www.striped-giraffe.com\/en\/technologies\/ecommerce-systems\/alokai\/","url":"https:\/\/www.striped-giraffe.com\/en\/technologies\/ecommerce-systems\/alokai\/","name":"Alokai - Details - Striped Giraffe","isPartOf":{"@id":"https:\/\/www.striped-giraffe.com\/de\/#website"},"datePublished":"2025-04-24T14:08:09+00:00","dateModified":"2025-04-28T15:50:19+00:00","description":"Alokai (middle layer) connects all the technologies needed to build and deploy fast & scalable ecommerce frontends.","breadcrumb":{"@id":"https:\/\/www.striped-giraffe.com\/en\/technologies\/ecommerce-systems\/alokai\/#breadcrumb"},"inLanguage":"en-US","potentialAction":[{"@type":"ReadAction","target":["https:\/\/www.striped-giraffe.com\/en\/technologies\/ecommerce-systems\/alokai\/"]}]},{"@type":"BreadcrumbList","@id":"https:\/\/www.striped-giraffe.com\/en\/technologies\/ecommerce-systems\/alokai\/#breadcrumb","itemListElement":[{"@type":"ListItem","position":1,"name":"Technologies","item":"https:\/\/www.striped-giraffe.com\/en\/technologies\/"},{"@type":"ListItem","position":2,"name":"E-Commerce Systems","item":"https:\/\/www.striped-giraffe.com\/en\/technologies\/ecommerce-systems\/"},{"@type":"ListItem","position":3,"name":"Alokai &#8211; Details"}]},{"@type":"WebSite","@id":"https:\/\/www.striped-giraffe.com\/de\/#website","url":"https:\/\/www.striped-giraffe.com\/de\/","name":"Striped Giraffe","description":"Ihr zuverl\u00e4ssiger Anbieter f\u00fcr digitale Enterprise-L\u00f6sungen","publisher":{"@id":"https:\/\/www.striped-giraffe.com\/de\/#organization"},"potentialAction":[{"@type":"SearchAction","target":{"@type":"EntryPoint","urlTemplate":"https:\/\/www.striped-giraffe.com\/de\/?s={search_term_string}"},"query-input":"required name=search_term_string"}],"inLanguage":"en-US"},{"@type":"Organization","@id":"https:\/\/www.striped-giraffe.com\/de\/#organization","name":"Striped Giraffe","url":"https:\/\/www.striped-giraffe.com\/de\/","logo":{"@type":"ImageObject","inLanguage":"en-US","@id":"https:\/\/www.striped-giraffe.com\/de\/#\/schema\/logo\/image\/","url":"https:\/\/www.striped-giraffe.com\/wp-content\/uploads\/2021\/01\/giraffe_white.svg","contentUrl":"https:\/\/www.striped-giraffe.com\/wp-content\/uploads\/2021\/01\/giraffe_white.svg","caption":"Striped Giraffe"},"image":{"@id":"https:\/\/www.striped-giraffe.com\/de\/#\/schema\/logo\/image\/"}}]}},"_links":{"self":[{"href":"https:\/\/www.striped-giraffe.com\/en\/wp-json\/wp\/v2\/pages\/39858"}],"collection":[{"href":"https:\/\/www.striped-giraffe.com\/en\/wp-json\/wp\/v2\/pages"}],"about":[{"href":"https:\/\/www.striped-giraffe.com\/en\/wp-json\/wp\/v2\/types\/page"}],"author":[{"embeddable":true,"href":"https:\/\/www.striped-giraffe.com\/en\/wp-json\/wp\/v2\/users\/2"}],"replies":[{"embeddable":true,"href":"https:\/\/www.striped-giraffe.com\/en\/wp-json\/wp\/v2\/comments?post=39858"}],"version-history":[{"count":5,"href":"https:\/\/www.striped-giraffe.com\/en\/wp-json\/wp\/v2\/pages\/39858\/revisions"}],"predecessor-version":[{"id":39866,"href":"https:\/\/www.striped-giraffe.com\/en\/wp-json\/wp\/v2\/pages\/39858\/revisions\/39866"}],"up":[{"embeddable":true,"href":"https:\/\/www.striped-giraffe.com\/en\/wp-json\/wp\/v2\/pages\/38542"}],"wp:attachment":[{"href":"https:\/\/www.striped-giraffe.com\/en\/wp-json\/wp\/v2\/media?parent=39858"}],"curies":[{"name":"wp","href":"https:\/\/api.w.org\/{rel}","templated":true}]}}