{"id":40121,"date":"2025-06-12T10:07:35","date_gmt":"2025-06-12T08:07:35","guid":{"rendered":"https:\/\/www.striped-giraffe.com\/collaboration\/partner\/sap\/sap-btp\/"},"modified":"2025-07-21T12:03:54","modified_gmt":"2025-07-21T10:03:54","slug":"sap-btp","status":"publish","type":"page","link":"https:\/\/www.striped-giraffe.com\/en\/collaboration\/partner\/sap\/sap-btp\/","title":{"rendered":"SAP BTP"},"content":{"rendered":"<section class=\"wpb-content-wrapper\"><p>[vc_row full_width=&#8221;stretch_row&#8221; bg_type=&#8221;image&#8221; parallax_style=&#8221;vcpb-default&#8221; bg_image_new=&#8221;id^39980|url^https:\/\/www.striped-giraffe.com\/wp-content\/uploads\/2025\/06\/Header_SAP_BTP.jpg|caption^\u202fSAP Business Technology Platform (BTP)|alt^SAP BTP|title^\u202fSAP Business Technology Platform (BTP)|description^\u202fSAP Business Technology Platform (BTP)&#8221; css=&#8221;.vc_custom_1749719774405{margin-bottom: 100px !important;padding-top: 200px !important;padding-bottom: 200px !important;background-position: center !important;background-repeat: no-repeat !important;background-size: cover !important;}&#8221;][vc_column][vc_column_text css_animation=&#8221;fadeInUp&#8221;]<\/p>\n<h1><span style=\"color: #ffffff;\"><strong>\u202fSAP Business Technology<br \/>\nPlatform &#8211; BTP<\/strong><\/span><\/h1>\n<p>[\/vc_column_text][\/vc_column][\/vc_row][vc_row gap=&#8221;35&#8243; el_class=&#8221;closetotop&#8221; css=&#8221;.vc_custom_1609952195412{padding-top: 50px !important;background-color: #ffffff !important;}&#8221;][vc_column][vc_column_text]<\/p>\n<h2>Innovation meets integration \u2013 the platform for your digital transformation<\/h2>\n<p>[\/vc_column_text][\/vc_column][\/vc_row][vc_row gap=&#8221;35&#8243; css=&#8221;.vc_custom_1749720850447{margin-top: 100px !important;margin-bottom: 100px !important;background-color: #ffffff !important;}&#8221;][vc_column width=&#8221;1\/3&#8243;][vc_column_text]<\/p>\n<h2 class=\"headline_superbig\">About SAP<br \/>\n<span style=\"color: #ef6c00;\">BTP<\/span><\/h2>\n<p>[\/vc_column_text][\/vc_column][vc_column width=&#8221;2\/3&#8243;][vc_column_text]The <b>SAP Business Technology Platform (BTP)<\/b> is the technological backbone of modern, intelligent companies. As a central platform for data, analytics, integration, and extensibility, BTP enables existing SAP and non-SAP systems to be flexibly connected and customized applications to be developed on a secure cloud infrastructure.[\/vc_column_text][vc_empty_space height=&#8221;50px&#8221;][vc_column_text]With BTP, SAP is pushing ahead with the <b>Clean Core<\/b> and <b>Composable<\/b> approach:<\/p>\n<p>Instead of a monolithic commerce system, companies should combine <b>modularized services on the BTP<\/b> \u2013 e.g.<\/p>\n<ul>\n<li>Spartacus \/ Composable Storefront (headless front end)<\/li>\n<li>SAP Context-Driven Services (personalization)<\/li>\n<li>SAP Customer Data Platform and MDG<\/li>\n<li>Individual extensions via BTP (Kyma, CAP, etc.)<\/li>\n<\/ul>\n<p>BTP thus forms a <b>strategic development and integration framework<\/b> on which commerce applications can also be built in a future-proof, flexible, and cloud-native manner.[\/vc_column_text][vc_empty_space height=&#8221;50px&#8221;][vc_column_text]<\/p>\n<h3>What sets SAP BTP apart:<\/h3>\n<ul>\n<li><b>Seamless integration<\/b> of data and processes from different system landscapes<\/li>\n<li><b>Low-code\/no-code tools<\/b> for rapid development of customized solutions<\/li>\n<li><b>Central access to AI functionalities<\/b>, data management, analytics, and automation<\/li>\n<li><b>Full extensibility<\/b> of existing SAP solutions such as S\/4HANA, SuccessFactors, and Ariba<\/li>\n<li><b>Multi-cloud support<\/b> and open standards for maximum flexibility<\/li>\n<\/ul>\n<p>[\/vc_column_text][\/vc_column][\/vc_row][vc_row gap=&#8221;35&#8243; css=&#8221;.vc_custom_1749720855700{margin-top: 50px !important;margin-bottom: 100px !important;background-color: #ffffff !important;}&#8221;][vc_column width=&#8221;1\/3&#8243;][vc_column_text]<\/p>\n<h2 class=\"headline_superbig\">Our<br \/>\nservices<\/h2>\n<p>[\/vc_column_text][\/vc_column][vc_column width=&#8221;2\/3&#8243;][vc_column_text]As an experienced partner, we help companies leverage the potential of <a href=\"https:\/\/www.sap.com\/germany\/products\/technology-platform.html\">SAP BTP<\/a> in a targeted manner \u2013 from conception and implementation to application development. We combine technical expertise with a deep understanding of business processes.<\/p>\n<p><span style=\"color: #ef6c00;\">Together, we lay the foundation for a future-proof, scalable, and data-driven IT architecture. Talk to our experts about introducing and using BTP.<\/span>[\/vc_column_text][\/vc_column][\/vc_row][vc_row gap=&#8221;35&#8243; css=&#8221;.vc_custom_1740059973483{margin-bottom: 50px !important;}&#8221;][vc_column width=&#8221;1\/3&#8243;][vc_column_text]<\/p>\n<h2 class=\"headline_superbig\">Let&#8217;s talk<\/h2>\n<p>[\/vc_column_text][\/vc_column][vc_column width=&#8221;2\/3&#8243;][vc_column_text]<\/p>\n<h3>Do you need a <strong>specific\u00a0offer<\/strong> or a <strong>sparring partner <\/strong>to discuss ideas?<\/h3>\n<h3>Just contact us:<\/h3>\n<ul>\n<li><a href=\"mailto:experts@striped-giraffe.com\">experts@striped-giraffe.com<\/a><\/li>\n<li><span style=\"color: #ef6c00;\">+49 (0)89-416 126-667<\/span><\/li>\n<\/ul>\n<p>[\/vc_column_text]<a class=\"calendly\" href=\"\" onclick=\"Calendly.initPopupWidget({url: 'https:\/\/calendly.com\/striped-giraffe\/30min'});return false;\">Or book a meeting<\/a>[vc_column_text css=&#8221;.vc_custom_1705587124145{margin-top: 32px !important;}&#8221;]<\/p>\n<h3>We will be happy to support you.<\/h3>\n<p>[\/vc_column_text][\/vc_column][\/vc_row][vc_row full_width=&#8221;stretch_row&#8221; gap=&#8221;35&#8243; bg_type=&#8221;bg_color&#8221; css=&#8221;.vc_custom_1609934688295{margin-top: 0px !important;margin-bottom: 0px !important;padding-top: 100px !important;padding-bottom: 100px !important;}&#8221; bg_color_value=&#8221;#000000&#8243;][vc_column][vc_row_inner][vc_column_inner width=&#8221;1\/3&#8243; css=&#8221;.vc_custom_1610013762619{padding-right: 25px !important;}&#8221;][vc_column_text]<\/p>\n<h2><span style=\"color: #ef6c00;\">WE CREATE ADDED VALUE<\/span> <span style=\"color: #ffffff;\">FOR OUR\u00a0 CUSTOMERS.<\/span><\/h2>\n<p><span style=\"color: #ffffff;\">This leads to a long-term cooperation with our customers, which we appreciate very much. You can find even more e-books, case studies, and co. in our <a style=\"color: #ffffff;\" href=\"https:\/\/www.striped-giraffe.com\/en\/insights\/\">Insights<\/a>.<\/span>[\/vc_column_text][\/vc_column_inner][vc_column_inner width=&#8221;1\/3&#8243;]<div class=\"templatera_shortcode\"><div class=\"vc_row wpb_row vc_row-fluid\"><div class=\"wpb_column vc_column_container vc_col-sm-12\"><div class=\"vc_column-inner\"><div class=\"wpb_wrapper\"><div id='' class='teaserbox  nooverlay'><div class='teaserbox_inner'><div class='teaserheadline'><h2 style='color:#ef6c00;font-family:DinWebPro Bold;'>Technology Overview &amp; Evaluation Process<\/h2><h3 style='color:#ffffff;'>E-Commerce Solution Selection Guide 01<\/h3><\/div><div class='teaserlink'><a href='https:\/\/www.striped-giraffe.com\/en\/ecommerce-evaluation-guide-01\/' style='color:#ffffff;'>Download<\/a><\/div><div class='wpb_single_image desktop_only'><img src='https:\/\/www.striped-giraffe.com\/wp-content\/uploads\/2022\/03\/Evaluation_Guide_01_Teaser_b-600x960.jpg' \/><\/div><div class='wpb_single_image mobile_only'><img src='https:\/\/www.striped-giraffe.com\/wp-content\/uploads\/2022\/03\/Evaluation_Guide_01_Teaser_b-600x700.jpg' \/><\/div><\/div><\/div><\/div><\/div><\/div><\/div><\/div>[\/vc_column_inner][vc_column_inner width=&#8221;1\/3&#8243;]<div class=\"templatera_shortcode\"><div class=\"vc_row wpb_row vc_row-fluid\"><div class=\"wpb_column vc_column_container vc_col-sm-12\"><div class=\"vc_column-inner\"><div class=\"wpb_wrapper\"><div id='' class='teaserbox  overlay'><div class='teaserbox_inner'><div class='teaserheadline'><h3 style='text-transform:uppercase;color:#ffffff;font-family:DinWebPro Bold;'>IT Report<\/h3><h2 style='text-transform:none;color:#ef6c00;'>DIGITIZATION PROJECTS<\/h2><\/div><div class='teasertext'><div class='wpb_wrapper'>In order to achieve digital transformation, companies need to implement various digitalization projects. But how do you ensure that they are successful?<\/div><\/div><div class='teaserlink'><a href='https:\/\/www.striped-giraffe.com\/en\/it-report-digitization-projects\/' style='color:#ffffff;'>More details<\/a><\/div><div class='wpb_single_image desktop_only'><img src='https:\/\/www.striped-giraffe.com\/wp-content\/uploads\/2023\/11\/IT-Report-2023-600x960.jpg' \/><\/div><div class='wpb_single_image mobile_only'><img src='https:\/\/www.striped-giraffe.com\/wp-content\/uploads\/2023\/11\/IT-Report-2023-600x700.jpg' \/><\/div><\/div><\/div><\/div><\/div><\/div><\/div><\/div>[\/vc_column_inner][\/vc_row_inner][\/vc_column][\/vc_row][vc_row][vc_column][vc_empty_space height=&#8221;100px&#8221;][\/vc_column][\/vc_row]<\/p>\n<\/section>","protected":false},"excerpt":{"rendered":"\u202fSAP Business Technology Platform - BTP Innovation meets integration \u2013 the platform for your digital transformation About SAP BTP The [...]","protected":false},"author":2,"featured_media":0,"parent":19408,"menu_order":0,"comment_status":"closed","ping_status":"closed","template":"","meta":{"footnotes":""},"acf":[],"yoast_head":"<!-- This site is optimized with the Yoast SEO Premium plugin v20.5 (Yoast SEO v20.5) - https:\/\/yoast.com\/wordpress\/plugins\/seo\/ -->\n<title>SAP BTP - Striped Giraffe<\/title>\n<meta name=\"description\" content=\"As an experienced partner, we help companies leverage the potential of SAP BTP in a targeted manner \u2013 from conception to implementation.\" \/>\n<meta name=\"robots\" content=\"index, follow, max-snippet:-1, max-image-preview:large, max-video-preview:-1\" \/>\n<link rel=\"canonical\" href=\"https:\/\/www.striped-giraffe.com\/en\/collaboration\/partner\/sap\/sap-btp\/\" \/>\n<meta property=\"og:locale\" content=\"en_US\" \/>\n<meta property=\"og:type\" content=\"article\" \/>\n<meta property=\"og:title\" content=\"SAP BTP\" \/>\n<meta property=\"og:description\" content=\"As an experienced partner, we help companies leverage the potential of SAP BTP in a targeted manner \u2013 from conception to implementation.\" \/>\n<meta property=\"og:url\" content=\"https:\/\/www.striped-giraffe.com\/en\/collaboration\/partner\/sap\/sap-btp\/\" \/>\n<meta property=\"og:site_name\" content=\"Striped Giraffe\" \/>\n<meta property=\"article:modified_time\" content=\"2025-07-21T10:03:54+00:00\" \/>\n<meta name=\"twitter:card\" content=\"summary_large_image\" \/>\n<meta name=\"twitter:label1\" content=\"Est. reading time\" \/>\n\t<meta name=\"twitter:data1\" content=\"3 minutes\" \/>\n<script type=\"application\/ld+json\" class=\"yoast-schema-graph\">{\"@context\":\"https:\/\/schema.org\",\"@graph\":[{\"@type\":\"WebPage\",\"@id\":\"https:\/\/www.striped-giraffe.com\/en\/collaboration\/partner\/sap\/sap-btp\/\",\"url\":\"https:\/\/www.striped-giraffe.com\/en\/collaboration\/partner\/sap\/sap-btp\/\",\"name\":\"SAP BTP - Striped Giraffe\",\"isPartOf\":{\"@id\":\"https:\/\/www.striped-giraffe.com\/de\/#website\"},\"datePublished\":\"2025-06-12T08:07:35+00:00\",\"dateModified\":\"2025-07-21T10:03:54+00:00\",\"description\":\"As an experienced partner, we help companies leverage the potential of SAP BTP in a targeted manner \u2013 from conception to implementation.\",\"breadcrumb\":{\"@id\":\"https:\/\/www.striped-giraffe.com\/en\/collaboration\/partner\/sap\/sap-btp\/#breadcrumb\"},\"inLanguage\":\"en-US\",\"potentialAction\":[{\"@type\":\"ReadAction\",\"target\":[\"https:\/\/www.striped-giraffe.com\/en\/collaboration\/partner\/sap\/sap-btp\/\"]}]},{\"@type\":\"BreadcrumbList\",\"@id\":\"https:\/\/www.striped-giraffe.com\/en\/collaboration\/partner\/sap\/sap-btp\/#breadcrumb\",\"itemListElement\":[{\"@type\":\"ListItem\",\"position\":1,\"name\":\"Collaboration\",\"item\":\"https:\/\/www.striped-giraffe.com\/en\/collaboration\/\"},{\"@type\":\"ListItem\",\"position\":2,\"name\":\"Partner\",\"item\":\"https:\/\/www.striped-giraffe.com\/en\/collaboration\/partner\/\"},{\"@type\":\"ListItem\",\"position\":3,\"name\":\"SAP\",\"item\":\"https:\/\/www.striped-giraffe.com\/en\/collaboration\/partner\/sap\/\"},{\"@type\":\"ListItem\",\"position\":4,\"name\":\"SAP BTP\"}]},{\"@type\":\"WebSite\",\"@id\":\"https:\/\/www.striped-giraffe.com\/de\/#website\",\"url\":\"https:\/\/www.striped-giraffe.com\/de\/\",\"name\":\"Striped Giraffe\",\"description\":\"Ihr zuverl\u00e4ssiger Anbieter f\u00fcr digitale Enterprise-L\u00f6sungen\",\"publisher\":{\"@id\":\"https:\/\/www.striped-giraffe.com\/de\/#organization\"},\"potentialAction\":[{\"@type\":\"SearchAction\",\"target\":{\"@type\":\"EntryPoint\",\"urlTemplate\":\"https:\/\/www.striped-giraffe.com\/de\/?s={search_term_string}\"},\"query-input\":\"required name=search_term_string\"}],\"inLanguage\":\"en-US\"},{\"@type\":\"Organization\",\"@id\":\"https:\/\/www.striped-giraffe.com\/de\/#organization\",\"name\":\"Striped Giraffe\",\"url\":\"https:\/\/www.striped-giraffe.com\/de\/\",\"logo\":{\"@type\":\"ImageObject\",\"inLanguage\":\"en-US\",\"@id\":\"https:\/\/www.striped-giraffe.com\/de\/#\/schema\/logo\/image\/\",\"url\":\"https:\/\/www.striped-giraffe.com\/wp-content\/uploads\/2021\/01\/giraffe_white.svg\",\"contentUrl\":\"https:\/\/www.striped-giraffe.com\/wp-content\/uploads\/2021\/01\/giraffe_white.svg\",\"caption\":\"Striped Giraffe\"},\"image\":{\"@id\":\"https:\/\/www.striped-giraffe.com\/de\/#\/schema\/logo\/image\/\"}}]}<\/script>\n<!-- \/ Yoast SEO Premium plugin. -->","yoast_head_json":{"title":"SAP BTP - Striped Giraffe","description":"As an experienced partner, we help companies leverage the potential of SAP BTP in a targeted manner \u2013 from conception to implementation.","robots":{"index":"index","follow":"follow","max-snippet":"max-snippet:-1","max-image-preview":"max-image-preview:large","max-video-preview":"max-video-preview:-1"},"canonical":"https:\/\/www.striped-giraffe.com\/en\/collaboration\/partner\/sap\/sap-btp\/","og_locale":"en_US","og_type":"article","og_title":"SAP BTP","og_description":"As an experienced partner, we help companies leverage the potential of SAP BTP in a targeted manner \u2013 from conception to implementation.","og_url":"https:\/\/www.striped-giraffe.com\/en\/collaboration\/partner\/sap\/sap-btp\/","og_site_name":"Striped Giraffe","article_modified_time":"2025-07-21T10:03:54+00:00","twitter_card":"summary_large_image","twitter_misc":{"Est. reading time":"3 minutes"},"schema":{"@context":"https:\/\/schema.org","@graph":[{"@type":"WebPage","@id":"https:\/\/www.striped-giraffe.com\/en\/collaboration\/partner\/sap\/sap-btp\/","url":"https:\/\/www.striped-giraffe.com\/en\/collaboration\/partner\/sap\/sap-btp\/","name":"SAP BTP - Striped Giraffe","isPartOf":{"@id":"https:\/\/www.striped-giraffe.com\/de\/#website"},"datePublished":"2025-06-12T08:07:35+00:00","dateModified":"2025-07-21T10:03:54+00:00","description":"As an experienced partner, we help companies leverage the potential of SAP BTP in a targeted manner \u2013 from conception to implementation.","breadcrumb":{"@id":"https:\/\/www.striped-giraffe.com\/en\/collaboration\/partner\/sap\/sap-btp\/#breadcrumb"},"inLanguage":"en-US","potentialAction":[{"@type":"ReadAction","target":["https:\/\/www.striped-giraffe.com\/en\/collaboration\/partner\/sap\/sap-btp\/"]}]},{"@type":"BreadcrumbList","@id":"https:\/\/www.striped-giraffe.com\/en\/collaboration\/partner\/sap\/sap-btp\/#breadcrumb","itemListElement":[{"@type":"ListItem","position":1,"name":"Collaboration","item":"https:\/\/www.striped-giraffe.com\/en\/collaboration\/"},{"@type":"ListItem","position":2,"name":"Partner","item":"https:\/\/www.striped-giraffe.com\/en\/collaboration\/partner\/"},{"@type":"ListItem","position":3,"name":"SAP","item":"https:\/\/www.striped-giraffe.com\/en\/collaboration\/partner\/sap\/"},{"@type":"ListItem","position":4,"name":"SAP BTP"}]},{"@type":"WebSite","@id":"https:\/\/www.striped-giraffe.com\/de\/#website","url":"https:\/\/www.striped-giraffe.com\/de\/","name":"Striped Giraffe","description":"Ihr zuverl\u00e4ssiger Anbieter f\u00fcr digitale Enterprise-L\u00f6sungen","publisher":{"@id":"https:\/\/www.striped-giraffe.com\/de\/#organization"},"potentialAction":[{"@type":"SearchAction","target":{"@type":"EntryPoint","urlTemplate":"https:\/\/www.striped-giraffe.com\/de\/?s={search_term_string}"},"query-input":"required name=search_term_string"}],"inLanguage":"en-US"},{"@type":"Organization","@id":"https:\/\/www.striped-giraffe.com\/de\/#organization","name":"Striped Giraffe","url":"https:\/\/www.striped-giraffe.com\/de\/","logo":{"@type":"ImageObject","inLanguage":"en-US","@id":"https:\/\/www.striped-giraffe.com\/de\/#\/schema\/logo\/image\/","url":"https:\/\/www.striped-giraffe.com\/wp-content\/uploads\/2021\/01\/giraffe_white.svg","contentUrl":"https:\/\/www.striped-giraffe.com\/wp-content\/uploads\/2021\/01\/giraffe_white.svg","caption":"Striped Giraffe"},"image":{"@id":"https:\/\/www.striped-giraffe.com\/de\/#\/schema\/logo\/image\/"}}]}},"_links":{"self":[{"href":"https:\/\/www.striped-giraffe.com\/en\/wp-json\/wp\/v2\/pages\/40121"}],"collection":[{"href":"https:\/\/www.striped-giraffe.com\/en\/wp-json\/wp\/v2\/pages"}],"about":[{"href":"https:\/\/www.striped-giraffe.com\/en\/wp-json\/wp\/v2\/types\/page"}],"author":[{"embeddable":true,"href":"https:\/\/www.striped-giraffe.com\/en\/wp-json\/wp\/v2\/users\/2"}],"replies":[{"embeddable":true,"href":"https:\/\/www.striped-giraffe.com\/en\/wp-json\/wp\/v2\/comments?post=40121"}],"version-history":[{"count":2,"href":"https:\/\/www.striped-giraffe.com\/en\/wp-json\/wp\/v2\/pages\/40121\/revisions"}],"predecessor-version":[{"id":40122,"href":"https:\/\/www.striped-giraffe.com\/en\/wp-json\/wp\/v2\/pages\/40121\/revisions\/40122"}],"up":[{"embeddable":true,"href":"https:\/\/www.striped-giraffe.com\/en\/wp-json\/wp\/v2\/pages\/19408"}],"wp:attachment":[{"href":"https:\/\/www.striped-giraffe.com\/en\/wp-json\/wp\/v2\/media?parent=40121"}],"curies":[{"name":"wp","href":"https:\/\/api.w.org\/{rel}","templated":true}]}}