{"id":40794,"date":"2025-09-15T10:56:36","date_gmt":"2025-09-15T08:56:36","guid":{"rendered":"https:\/\/www.striped-giraffe.com\/collaboration\/partner\/databricks\/"},"modified":"2025-09-15T12:20:44","modified_gmt":"2025-09-15T10:20:44","slug":"databricks","status":"publish","type":"page","link":"https:\/\/www.striped-giraffe.com\/en\/collaboration\/partner\/databricks\/","title":{"rendered":"databricks"},"content":{"rendered":"<section class=\"wpb-content-wrapper\"><p>[vc_row full_width=&#8221;stretch_row&#8221; bg_type=&#8221;image&#8221; parallax_style=&#8221;vcpb-default&#8221; bg_image_new=&#8221;id^1652|url^https:\/\/www.striped-giraffe.com\/wp-content\/uploads\/2021\/01\/Partner-1-scaled.jpg|caption^Embossed mesh representing internet connections in cloud computing. 3d image and dot link.|alt^null|title^Embossed mesh representing internet connections in cloud computi|description^null&#8221; css=&#8221;.vc_custom_1610545193071{padding-top: 200px !important;padding-bottom: 200px !important;background-position: center !important;background-repeat: no-repeat !important;background-size: cover !important;}&#8221;][vc_column][\/vc_column][\/vc_row][vc_row gap=&#8221;35&#8243; el_class=&#8221;closetotop&#8221; css=&#8221;.vc_custom_1757931633849{padding-top: 50px !important;padding-bottom: 50px !important;background-color: #ffffff !important;}&#8221;][vc_column width=&#8221;1\/3&#8243;][vc_single_image image=&#8221;40799&#8243; img_size=&#8221;medium&#8221;][\/vc_column][vc_column width=&#8221;2\/3&#8243;][vc_column_text]Databricks is one of the leading cloud platforms to successfully leverage data analytics and artificial intelligence in enterprises.[\/vc_column_text][\/vc_column][\/vc_row][vc_row gap=&#8221;35&#8243; css=&#8221;.vc_custom_1610016767419{margin-top: 100px !important;margin-bottom: 100px !important;background-color: #ffffff !important;}&#8221;][vc_column width=&#8221;1\/3&#8243;][vc_column_text]<\/p>\n<h2 class=\"headline_superbig\">About Databricks<\/h2>\n<p>[\/vc_column_text][\/vc_column][vc_column width=&#8221;2\/3&#8243;][vc_column_text]<\/p>\n<p data-start=\"140\" data-end=\"672\">Built on <strong data-start=\"274\" data-end=\"290\">Apache Spark<\/strong>, Databricks unifies data engineering, data science, and business intelligence in one environment. With its innovative <strong data-start=\"409\" data-end=\"431\">Lakehouse approach<\/strong>, the platform combines the strengths of data lakes and data warehouses: companies can use their data securely, at scale, and cost-effectively \u2013 enabling precise analytics, powerful machine learning models, and intelligent AI applications.<\/p>\n<p data-start=\"674\" data-end=\"945\">As an IT service provider, we support you in the <strong data-start=\"723\" data-end=\"765\">adoption and integration of Databricks<\/strong>. From <strong data-start=\"772\" data-end=\"796\">strategic consulting<\/strong> and <strong data-start=\"801\" data-end=\"825\">architectural design<\/strong> to <strong data-start=\"829\" data-end=\"857\">technical implementation<\/strong>, we ensure your data platform becomes a driver of innovation, efficiency, and growth.<\/p>\n<p>[\/vc_column_text][\/vc_column][\/vc_row][vc_row css=&#8221;.vc_custom_1610006958559{margin-bottom: 100px !important;}&#8221;][vc_column width=&#8221;1\/3&#8243;][vc_column_text]<\/p>\n<h2 class=\"headline_superbig\">Interested?<\/h2>\n<p>[\/vc_column_text][\/vc_column][vc_column width=&#8221;2\/3&#8243;][vc_column_text]If you would like to learn more about our partners or are interested in a partnership, please contact our Business Development Team.<\/p>\n<p><a href=\"mailto:sales@striped-giraffe.com\">sales@striped-giraffe.com<\/a><\/p>\n<p>+49 (0)89-416 126-667[\/vc_column_text][\/vc_column][\/vc_row][vc_row][vc_column width=&#8221;1\/3&#8243;][\/vc_column][vc_column width=&#8221;2\/3&#8243;][vc_btn title=&#8221;OVERVIEW OF ALL PARTNERS&#8221; align=&#8221;left&#8221; link=&#8221;url:https%3A%2F%2Fwww.striped-giraffe.com%2Fen%2Fcollaboration%2Fpartner%2F|title:Partner&#8221;][\/vc_column][\/vc_row][vc_row][vc_column][vc_empty_space height=&#8221;100px&#8221;][\/vc_column][\/vc_row]<\/p>\n<\/section>","protected":false},"excerpt":{"rendered":"<p>[vc_row full_width=&#8221;stretch_row&#8221; bg_type=&#8221;image&#8221; parallax_style=&#8221;vcpb-default&#8221; bg_image_new=&#8221;id^1652|url^https:\/\/www.striped-giraffe.com\/wp-content\/uploads\/2021\/01\/Partner-1-scaled.jpg|caption^Embossed mesh representing internet connections in cloud computing. 3d image and dot link.|alt^null|title^Embossed mesh representing internet [&hellip;]<\/p>\n","protected":false},"author":2,"featured_media":0,"parent":19370,"menu_order":0,"comment_status":"closed","ping_status":"closed","template":"","meta":{"footnotes":""},"acf":[],"yoast_head":"<!-- This site is optimized with the Yoast SEO Premium plugin v20.5 (Yoast SEO v20.5) - https:\/\/yoast.com\/wordpress\/plugins\/seo\/ -->\n<title>databricks - Striped Giraffe<\/title>\n<meta name=\"description\" content=\"As experienced data management experts, we support you in the introduction and integration of Databricks.\" \/>\n<meta name=\"robots\" content=\"index, follow, max-snippet:-1, max-image-preview:large, max-video-preview:-1\" \/>\n<link rel=\"canonical\" href=\"https:\/\/www.striped-giraffe.com\/en\/collaboration\/partner\/databricks\/\" \/>\n<meta property=\"og:locale\" content=\"en_US\" \/>\n<meta property=\"og:type\" content=\"article\" \/>\n<meta property=\"og:title\" content=\"databricks\" \/>\n<meta property=\"og:description\" content=\"As experienced data management experts, we support you in the introduction and integration of Databricks.\" \/>\n<meta property=\"og:url\" content=\"https:\/\/www.striped-giraffe.com\/en\/collaboration\/partner\/databricks\/\" \/>\n<meta property=\"og:site_name\" content=\"Striped Giraffe\" \/>\n<meta property=\"article:modified_time\" content=\"2025-09-15T10:20:44+00:00\" \/>\n<meta name=\"twitter:card\" content=\"summary_large_image\" \/>\n<meta name=\"twitter:label1\" content=\"Est. reading time\" \/>\n\t<meta name=\"twitter:data1\" content=\"2 minutes\" \/>\n<script type=\"application\/ld+json\" class=\"yoast-schema-graph\">{\"@context\":\"https:\/\/schema.org\",\"@graph\":[{\"@type\":\"WebPage\",\"@id\":\"https:\/\/www.striped-giraffe.com\/en\/collaboration\/partner\/databricks\/\",\"url\":\"https:\/\/www.striped-giraffe.com\/en\/collaboration\/partner\/databricks\/\",\"name\":\"databricks - Striped Giraffe\",\"isPartOf\":{\"@id\":\"https:\/\/www.striped-giraffe.com\/de\/#website\"},\"datePublished\":\"2025-09-15T08:56:36+00:00\",\"dateModified\":\"2025-09-15T10:20:44+00:00\",\"description\":\"As experienced data management experts, we support you in the introduction and integration of Databricks.\",\"breadcrumb\":{\"@id\":\"https:\/\/www.striped-giraffe.com\/en\/collaboration\/partner\/databricks\/#breadcrumb\"},\"inLanguage\":\"en-US\",\"potentialAction\":[{\"@type\":\"ReadAction\",\"target\":[\"https:\/\/www.striped-giraffe.com\/en\/collaboration\/partner\/databricks\/\"]}]},{\"@type\":\"BreadcrumbList\",\"@id\":\"https:\/\/www.striped-giraffe.com\/en\/collaboration\/partner\/databricks\/#breadcrumb\",\"itemListElement\":[{\"@type\":\"ListItem\",\"position\":1,\"name\":\"Collaboration\",\"item\":\"https:\/\/www.striped-giraffe.com\/en\/collaboration\/\"},{\"@type\":\"ListItem\",\"position\":2,\"name\":\"Partner\",\"item\":\"https:\/\/www.striped-giraffe.com\/en\/collaboration\/partner\/\"},{\"@type\":\"ListItem\",\"position\":3,\"name\":\"databricks\"}]},{\"@type\":\"WebSite\",\"@id\":\"https:\/\/www.striped-giraffe.com\/de\/#website\",\"url\":\"https:\/\/www.striped-giraffe.com\/de\/\",\"name\":\"Striped Giraffe\",\"description\":\"Ihr zuverl\u00e4ssiger Anbieter f\u00fcr digitale Enterprise-L\u00f6sungen\",\"publisher\":{\"@id\":\"https:\/\/www.striped-giraffe.com\/de\/#organization\"},\"potentialAction\":[{\"@type\":\"SearchAction\",\"target\":{\"@type\":\"EntryPoint\",\"urlTemplate\":\"https:\/\/www.striped-giraffe.com\/de\/?s={search_term_string}\"},\"query-input\":\"required name=search_term_string\"}],\"inLanguage\":\"en-US\"},{\"@type\":\"Organization\",\"@id\":\"https:\/\/www.striped-giraffe.com\/de\/#organization\",\"name\":\"Striped Giraffe\",\"url\":\"https:\/\/www.striped-giraffe.com\/de\/\",\"logo\":{\"@type\":\"ImageObject\",\"inLanguage\":\"en-US\",\"@id\":\"https:\/\/www.striped-giraffe.com\/de\/#\/schema\/logo\/image\/\",\"url\":\"https:\/\/www.striped-giraffe.com\/wp-content\/uploads\/2021\/01\/giraffe_white.svg\",\"contentUrl\":\"https:\/\/www.striped-giraffe.com\/wp-content\/uploads\/2021\/01\/giraffe_white.svg\",\"caption\":\"Striped Giraffe\"},\"image\":{\"@id\":\"https:\/\/www.striped-giraffe.com\/de\/#\/schema\/logo\/image\/\"}}]}<\/script>\n<!-- \/ Yoast SEO Premium plugin. -->","yoast_head_json":{"title":"databricks - Striped Giraffe","description":"As experienced data management experts, we support you in the introduction and integration of Databricks.","robots":{"index":"index","follow":"follow","max-snippet":"max-snippet:-1","max-image-preview":"max-image-preview:large","max-video-preview":"max-video-preview:-1"},"canonical":"https:\/\/www.striped-giraffe.com\/en\/collaboration\/partner\/databricks\/","og_locale":"en_US","og_type":"article","og_title":"databricks","og_description":"As experienced data management experts, we support you in the introduction and integration of Databricks.","og_url":"https:\/\/www.striped-giraffe.com\/en\/collaboration\/partner\/databricks\/","og_site_name":"Striped Giraffe","article_modified_time":"2025-09-15T10:20:44+00:00","twitter_card":"summary_large_image","twitter_misc":{"Est. reading time":"2 minutes"},"schema":{"@context":"https:\/\/schema.org","@graph":[{"@type":"WebPage","@id":"https:\/\/www.striped-giraffe.com\/en\/collaboration\/partner\/databricks\/","url":"https:\/\/www.striped-giraffe.com\/en\/collaboration\/partner\/databricks\/","name":"databricks - Striped Giraffe","isPartOf":{"@id":"https:\/\/www.striped-giraffe.com\/de\/#website"},"datePublished":"2025-09-15T08:56:36+00:00","dateModified":"2025-09-15T10:20:44+00:00","description":"As experienced data management experts, we support you in the introduction and integration of Databricks.","breadcrumb":{"@id":"https:\/\/www.striped-giraffe.com\/en\/collaboration\/partner\/databricks\/#breadcrumb"},"inLanguage":"en-US","potentialAction":[{"@type":"ReadAction","target":["https:\/\/www.striped-giraffe.com\/en\/collaboration\/partner\/databricks\/"]}]},{"@type":"BreadcrumbList","@id":"https:\/\/www.striped-giraffe.com\/en\/collaboration\/partner\/databricks\/#breadcrumb","itemListElement":[{"@type":"ListItem","position":1,"name":"Collaboration","item":"https:\/\/www.striped-giraffe.com\/en\/collaboration\/"},{"@type":"ListItem","position":2,"name":"Partner","item":"https:\/\/www.striped-giraffe.com\/en\/collaboration\/partner\/"},{"@type":"ListItem","position":3,"name":"databricks"}]},{"@type":"WebSite","@id":"https:\/\/www.striped-giraffe.com\/de\/#website","url":"https:\/\/www.striped-giraffe.com\/de\/","name":"Striped Giraffe","description":"Ihr zuverl\u00e4ssiger Anbieter f\u00fcr digitale Enterprise-L\u00f6sungen","publisher":{"@id":"https:\/\/www.striped-giraffe.com\/de\/#organization"},"potentialAction":[{"@type":"SearchAction","target":{"@type":"EntryPoint","urlTemplate":"https:\/\/www.striped-giraffe.com\/de\/?s={search_term_string}"},"query-input":"required name=search_term_string"}],"inLanguage":"en-US"},{"@type":"Organization","@id":"https:\/\/www.striped-giraffe.com\/de\/#organization","name":"Striped Giraffe","url":"https:\/\/www.striped-giraffe.com\/de\/","logo":{"@type":"ImageObject","inLanguage":"en-US","@id":"https:\/\/www.striped-giraffe.com\/de\/#\/schema\/logo\/image\/","url":"https:\/\/www.striped-giraffe.com\/wp-content\/uploads\/2021\/01\/giraffe_white.svg","contentUrl":"https:\/\/www.striped-giraffe.com\/wp-content\/uploads\/2021\/01\/giraffe_white.svg","caption":"Striped Giraffe"},"image":{"@id":"https:\/\/www.striped-giraffe.com\/de\/#\/schema\/logo\/image\/"}}]}},"_links":{"self":[{"href":"https:\/\/www.striped-giraffe.com\/en\/wp-json\/wp\/v2\/pages\/40794"}],"collection":[{"href":"https:\/\/www.striped-giraffe.com\/en\/wp-json\/wp\/v2\/pages"}],"about":[{"href":"https:\/\/www.striped-giraffe.com\/en\/wp-json\/wp\/v2\/types\/page"}],"author":[{"embeddable":true,"href":"https:\/\/www.striped-giraffe.com\/en\/wp-json\/wp\/v2\/users\/2"}],"replies":[{"embeddable":true,"href":"https:\/\/www.striped-giraffe.com\/en\/wp-json\/wp\/v2\/comments?post=40794"}],"version-history":[{"count":5,"href":"https:\/\/www.striped-giraffe.com\/en\/wp-json\/wp\/v2\/pages\/40794\/revisions"}],"predecessor-version":[{"id":40801,"href":"https:\/\/www.striped-giraffe.com\/en\/wp-json\/wp\/v2\/pages\/40794\/revisions\/40801"}],"up":[{"embeddable":true,"href":"https:\/\/www.striped-giraffe.com\/en\/wp-json\/wp\/v2\/pages\/19370"}],"wp:attachment":[{"href":"https:\/\/www.striped-giraffe.com\/en\/wp-json\/wp\/v2\/media?parent=40794"}],"curies":[{"name":"wp","href":"https:\/\/api.w.org\/{rel}","templated":true}]}}